{"id":43035,"date":"2023-08-10T18:53:29","date_gmt":"2023-08-10T22:53:29","guid":{"rendered":"https:\/\/www.sisinternational.com\/?page_id=43035"},"modified":"2026-01-27T16:38:50","modified_gmt":"2026-01-27T21:38:50","slug":"que-es-la-consultoria-estrategica","status":"publish","type":"page","link":"https:\/\/www.sisinternational.com\/es\/soluciones\/consultoria-estrategica\/que-es-la-consultoria-estrategica\/","title":{"rendered":"\u00bfQu\u00e9 es la consultor\u00eda estrat\u00e9gica?"},"content":{"rendered":"<h1 class=\"wp-block-heading\">\u00bfQu\u00e9 es la consultor\u00eda estrat\u00e9gica?<\/h1>\n\n\n\n<figure class=\"gb-block-image gb-block-image-0f87a777\"><img loading=\"lazy\" decoding=\"async\" width=\"1456\" height=\"816\" class=\"gb-image gb-image-0f87a777\" src=\"https:\/\/www.sisinternational.com\/wp-content\/uploads\/2025\/10\/Strategy-consulting-1.jpg\" alt=\"Investigaci\u00f3n y estrategia de mercado internacional de SIS\" title=\"Strategy consulting (1)\" srcset=\"https:\/\/www.sisinternational.com\/wp-content\/uploads\/2025\/10\/Strategy-consulting-1.jpg 1456w, https:\/\/www.sisinternational.com\/wp-content\/uploads\/2025\/10\/Strategy-consulting-1-300x168.jpg 300w, https:\/\/www.sisinternational.com\/wp-content\/uploads\/2025\/10\/Strategy-consulting-1-1024x574.jpg 1024w, https:\/\/www.sisinternational.com\/wp-content\/uploads\/2025\/10\/Strategy-consulting-1-768x430.jpg 768w, https:\/\/www.sisinternational.com\/wp-content\/uploads\/2025\/10\/Strategy-consulting-1-18x10.jpg 18w\" sizes=\"auto, (max-width: 1456px) 100vw, 1456px\"><\/figure>\n\n\n\n<p><\/p>\n\n\n\n<p>La consultor\u00eda estrat\u00e9gica ayuda a las organizaciones a dise\u00f1ar e implementar estrategias s\u00f3lidas que agilicen las operaciones, mejoren el rendimiento y alcancen los objetivos comerciales.<\/p>\n\n\n\n<p>Se destaca en la industria de la consultor\u00eda por su enfoque espec\u00edfico en ayudar a las empresas con procesos de toma de decisiones de alto nivel que definen su trayectoria en el mercado y las ayudan a superar todos los desaf\u00edos que puedan enfrentar durante su crecimiento, especialmente en tiempos de recesi\u00f3n econ\u00f3mica e inestabilidad. mercados.<\/p>\n\n\n\n<h2 class=\"wp-block-heading\">Comprender la consultor\u00eda estrat\u00e9gica<\/h2>\n\n\n\n<p>La consultor\u00eda estrat\u00e9gica es un servicio profesional para ayudar a las organizaciones a tomar decisiones estrat\u00e9gicas de alto nivel.<\/p>\n\n\n\n<p>These decisions often involve defining the company&#8217;s direction, identifying potential growth opportunities, understanding market dynamics, and aligning business operations with strategic goals. In corporate strategy, for instance, <a href=\"https:\/\/www.sisinternational.com\/es\/pericia\/industrias\/empresa-consultora-de-investigacion-de-mercado-de-franquicias\/\" title=\"Empresa de consultor\u00eda e investigaci\u00f3n de mercado de franquicias\"  data-wpil-monitor-id=\"9793\">consultants might help a company<\/a> determine which markets to enter or how to allocate resources effectively. In digital strategy, they might guide a firm on how to leverage technology for growth or optimize its digital presence.<\/p>\n\n\n\n<p>Lo que distingue a la consultor\u00eda estrat\u00e9gica de otras formas de consultor\u00eda es su enfoque en la planificaci\u00f3n de alto nivel y a largo plazo. En lugar de abordar cuestiones funcionales espec\u00edficas o desaf\u00edos inmediatos, los consultores estrat\u00e9gicos se concentran en el panorama m\u00e1s amplio, desarrollando estrategias que pueden dar forma al futuro de una empresa.<\/p>\n\n\n\n<h2 class=\"wp-block-heading\">El papel clave de un consultor estrat\u00e9gico<\/h2>\n\n\n\n<p>A <a href=\"https:\/\/www.sisinternational.com\/es\/soluciones\/investigacion-de-consultoria-estrategica-fintech\/consultoria-de-estrategia-de-investigacion-de-mercado-de-seguros-de-interrupcion-de-negocios\/\" title=\"Investigaci\u00f3n de Mercado y Consultor\u00eda Estrat\u00e9gica de Seguros de Interrupci\u00f3n de Negocios\"  data-wpil-monitor-id=\"9788\">strategy consultant<\/a> assists organizations in analyzing their business models, identifying areas for improvement, and formulating strategies that align with their objectives and market dynamics.<\/p>\n\n\n\n<p>Realizan an\u00e1lisis exhaustivos de diversos factores, como las estrategias actuales de la empresa, la posici\u00f3n en el mercado, la competencia y las tendencias de la industria. Esto implica recopilar y examinar datos, entrevistar al personal de la empresa y posiblemente interactuar con clientes o proveedores.<\/p>\n\n\n\n<p>Once they have a comprehensive understanding of the client&#8217;s business, <a href=\"https:\/\/www.sisinternational.com\/es\/soluciones\/consultoria-estrategica\/planificacion-de-escenarios\/\" title=\"Consultor\u00eda de estrategia de planificaci\u00f3n de escenarios\"  data-wpil-monitor-id=\"7096\">strategy consultants formulate strategic plans<\/a> designed to achieve specific goals, such as market penetration, cost reduction, revenue growth, or digital transformation.<\/p>\n\n\n\n<h2 class=\"wp-block-heading\">Las habilidades de un consultor estrat\u00e9gico<\/h2>\n\n\n\n<figure class=\"gb-block-image gb-block-image-1b02ca92\"><img loading=\"lazy\" decoding=\"async\" width=\"1456\" height=\"816\" class=\"gb-image gb-image-1b02ca92\" src=\"https:\/\/www.sisinternational.com\/wp-content\/uploads\/2025\/08\/Strategy-consulting-6.jpg\" alt=\"Investigaci\u00f3n y estrategia de mercado internacional de SIS\" title=\"Strategy consulting (6)\" srcset=\"https:\/\/www.sisinternational.com\/wp-content\/uploads\/2025\/08\/Strategy-consulting-6.jpg 1456w, https:\/\/www.sisinternational.com\/wp-content\/uploads\/2025\/08\/Strategy-consulting-6-300x168.jpg 300w, https:\/\/www.sisinternational.com\/wp-content\/uploads\/2025\/08\/Strategy-consulting-6-1024x574.jpg 1024w, https:\/\/www.sisinternational.com\/wp-content\/uploads\/2025\/08\/Strategy-consulting-6-768x430.jpg 768w, https:\/\/www.sisinternational.com\/wp-content\/uploads\/2025\/08\/Strategy-consulting-6-18x10.jpg 18w\" sizes=\"auto, (max-width: 1456px) 100vw, 1456px\"><\/figure>\n\n\n\n<p><\/p>\n\n\n\n<p>Un consultor de estrategia exitoso necesita un s\u00f3lido conjunto de habilidades, que incluyen pensamiento anal\u00edtico, resoluci\u00f3n de problemas, excelente comunicaci\u00f3n y una profunda comprensi\u00f3n de la din\u00e1mica empresarial y del mercado, entre otras habilidades.<\/p>\n\n\n\n<p>Algunas de las habilidades m\u00e1s importantes de un consultor estrat\u00e9gico son:<\/p>\n\n\n\n<ul class=\"wp-block-list\">\n<li><strong>Gesti\u00f3n de los interesados:<\/strong> Capacidad para interactuar y gestionar relaciones en diferentes niveles de una organizaci\u00f3n, desde ejecutivos de alto nivel hasta equipos operativos.<\/li>\n\n\n\n<li><strong>Gesti\u00f3n de proyectos:<\/strong> Coordinar varios aspectos de un proyecto de estrategia, asegurando que se cumplan los cronogramas y que los recursos se utilicen de manera efectiva.<\/li>\n\n\n\n<li><strong>Habilidades interpersonales:<\/strong> Capacidad para trabajar en equipos diversos, comprender diferentes perspectivas y motivar a los miembros del equipo.<\/li>\n\n\n\n<li><strong>Adaptabilidad y flexibilidad:<\/strong> Dada la naturaleza r\u00e1pida y din\u00e1mica de las empresas, la capacidad de adaptarse a las condiciones cambiantes y modificar las estrategias en consecuencia es crucial.<\/li>\n\n\n\n<li><strong>Juicio \u00c9tico e Integridad:<\/strong> Ofrecer recomendaciones imparciales que se alineen tanto con los objetivos del cliente como con las consideraciones \u00e9ticas.<\/li>\n\n\n\n<li><strong>Perspicacia financiera:<\/strong> Comprender los estados financieros, realizar modelos financieros e interpretar indicadores financieros para guiar las decisiones estrat\u00e9gicas.<\/li>\n\n\n\n<li><strong>Competencia Tecnol\u00f3gica:<\/strong> Familiaridad con las \u00faltimas herramientas, software y plataformas anal\u00edticas que ayudan en la recopilaci\u00f3n, el an\u00e1lisis y la presentaci\u00f3n de datos.<\/li>\n\n\n\n<li><strong>Aprendizaje continuo:<\/strong> Mant\u00e9ngase actualizado con las \u00faltimas tendencias de la industria, cambios del mercado y tecnolog\u00edas emergentes para brindar recomendaciones informadas.<\/li>\n\n\n\n<li><strong>Habilidades de negociaci\u00f3n:<\/strong> Capacidad para navegar desacuerdos o conflictos y alcanzar resoluciones mutuamente beneficiosas.<\/li>\n\n\n\n<li><strong>Creatividad e innovaci\u00f3n:<\/strong> M\u00e1s all\u00e1 de analizar los datos y los procesos existentes, los consultores estrat\u00e9gicos a menudo necesitan pensar de manera innovadora para identificar soluciones novedosas o v\u00edas de crecimiento.<\/li>\n\n\n\n<li><strong>Conciencia cultural:<\/strong> Para los consultores que trabajan con clientes internacionales o en entornos diversos, comprender los matices y sensibilidades culturales puede ser crucial.<\/li>\n<\/ul>\n\n\n\n<h2 class=\"wp-block-heading\">Beneficios de la consultor\u00eda estrat\u00e9gica<\/h2>\n\n\n\n<p>Entre las ventajas m\u00e1s valiosas de la consultor\u00eda estrat\u00e9gica se encuentra la capacidad de tomar decisiones estrat\u00e9gicas informadas encaminadas al \u00e9xito a largo plazo de la organizaci\u00f3n y generar un considerable retorno de la inversi\u00f3n.<\/p>\n\n\n\n<ul class=\"wp-block-list\">\n<li>La consultor\u00eda estrat\u00e9gica proporciona conocimientos que podr\u00edan pasarse por alto internamente debido a sesgos operativos o falta de recursos.<\/li>\n\n\n\n<li>Another benefit is the potential for improved business performance. By identifying gaps in current strategies and proposing optimal solutions, <a href=\"https:\/\/www.sisinternational.com\/es\/cobertura\/las-americas\/investigacion-de-mercado-en-el-caribe\/empresa-de-consultoria-estrategica-del-caribe\/\" title=\"Empresa de consultor\u00eda estrat\u00e9gica caribe\u00f1a\"  data-wpil-monitor-id=\"9779\">strategy consultants can help companies<\/a> enhance their operations, increase efficiency, and boost profitability. For instance, a well-devised <a href=\"https:\/\/www.sisinternational.com\/es\/pericia\/industrias\/consultoria-de-estrategia-de-investigacion-de-mercado-de-identidad-digital\/\" title=\"Investigaci\u00f3n de Mercado de Identidad Digital y Consultor\u00eda Estrat\u00e9gica\"  data-wpil-monitor-id=\"9791\">digital strategy<\/a> could lead to more effective online marketing, resulting in increased sales and customer engagement.<\/li>\n\n\n\n<li>La consultor\u00eda estrat\u00e9gica tambi\u00e9n puede fomentar la innovaci\u00f3n. Al aportar nuevas perspectivas y aplicar su amplio conocimiento de diferentes industrias y mercados, los consultores pueden estimular el pensamiento innovador, lo que lleva a nuevos productos, servicios o modelos de negocio.<\/li>\n\n\n\n<li>Puede ayudar a gestionar el cambio. Ya sea que una empresa est\u00e9 atravesando una fusi\u00f3n, una adquisici\u00f3n o un cambio significativo en su modelo de negocio, los consultores pueden ofrecer orientaci\u00f3n para navegar estas transiciones sin problemas y con \u00e9xito.<\/li>\n<\/ul>\n\n\n\n<h2 class=\"wp-block-heading\">Desaf\u00edos en la consultor\u00eda estrat\u00e9gica<\/h2>\n\n\n\n<figure class=\"gb-block-image gb-block-image-9c0b4665\"><img loading=\"lazy\" decoding=\"async\" width=\"1456\" height=\"816\" class=\"gb-image gb-image-9c0b4665\" src=\"https:\/\/www.sisinternational.com\/wp-content\/uploads\/2025\/08\/Strategy-consulting-31.jpg\" alt=\"Investigaci\u00f3n y estrategia de mercado internacional de SIS\" title=\"Strategy consulting (31)\" srcset=\"https:\/\/www.sisinternational.com\/wp-content\/uploads\/2025\/08\/Strategy-consulting-31.jpg 1456w, https:\/\/www.sisinternational.com\/wp-content\/uploads\/2025\/08\/Strategy-consulting-31-300x168.jpg 300w, https:\/\/www.sisinternational.com\/wp-content\/uploads\/2025\/08\/Strategy-consulting-31-1024x574.jpg 1024w, https:\/\/www.sisinternational.com\/wp-content\/uploads\/2025\/08\/Strategy-consulting-31-768x430.jpg 768w, https:\/\/www.sisinternational.com\/wp-content\/uploads\/2025\/08\/Strategy-consulting-31-18x10.jpg 18w\" sizes=\"auto, (max-width: 1456px) 100vw, 1456px\"><\/figure>\n\n\n\n<ul class=\"wp-block-list\">\n<li>La implementaci\u00f3n de planes estrat\u00e9gicos. Incluso las estrategias mejor pensadas pueden resultar insuficientes si no se ejecutan adecuadamente. Esto puede deberse a varios factores, como la falta de aceptaci\u00f3n de las partes interesadas clave, recursos insuficientes o cambios imprevistos en el mercado.<\/li>\n\n\n\n<li>Otro desaf\u00edo es <a href=\"https:\/\/www.sisinternational.com\/es\/soluciones\/investigacion-de-consultoria-estrategica-fintech\/servicios-financieros-gestion-del-cambio-investigacion-de-mercado-consultoria-estrategica\/\" title=\"Servicios financieros Gesti\u00f3n del cambio Investigaci\u00f3n de mercado y consultor\u00eda estrat\u00e9gica\"  data-wpil-monitor-id=\"9781\">managing the complexity of strategy consulting<\/a>. Formulating strategic plans often requires dealing with a high degree of uncertainty and making decisions based on incomplete information. Furthermore, consultants must consider a wide range of factors and potential scenarios, making the task complex and demanding.<\/li>\n\n\n\n<li>Mantener la objetividad tambi\u00e9n puede plantear un desaf\u00edo. Si bien los consultores estrat\u00e9gicos son externos a la organizaci\u00f3n e idealmente imparciales, pueden verse influenciados por sus experiencias previas o nociones preconcebidas.<\/li>\n<\/ul>\n\n\n\n<h2 class=\"wp-block-heading\">Consultor\u00eda estrat\u00e9gica: tendencias actuales<\/h2>\n\n\n\n<p>El mundo de la consultor\u00eda estrat\u00e9gica no es est\u00e1tico y evoluciona continuamente en respuesta a los cambios en el entorno empresarial, y varias tendencias actuales est\u00e1n dando forma al campo, como por ejemplo:<\/p>\n\n\n\n<ul class=\"wp-block-list\">\n<li><strong>Transformaci\u00f3n Digital:<\/strong> Businesses across industries are leveraging digital technologies to improve their operations, customer experiences, and competitive positioning. Strategy consultants are increasingly helping companies navigate their digital transformation journeys, advising on the use of <a href=\"https:\/\/www.sisinternational.com\/es\/soluciones\/investigacion-de-mercado-de-ia-y-consultoria-estrategica\/tecnologia-industria-automatizacion-inteligencia-artificial-consultoria\/\" title=\"Consultor\u00eda en Inteligencia Artificial y Automatizaci\u00f3n de la Industria Tecnol\u00f3gica\"  data-wpil-monitor-id=\"9783\">technologies such as artificial intelligence<\/a>, data analytics, cloud computing, and blockchain.<\/li>\n\n\n\n<li><strong>Consultor\u00eda en sostenibilidad y medio ambiente, social y gobernanza (ESG):<\/strong> As the importance of ESG factors gains recognition, companies are seeking strategic guidance on integrating sustainability into their business models. <a href=\"https:\/\/www.sisinternational.com\/es\/estrategias-de-sostenibilidad-corporativa-un-estudio-de-caso-de-siemens\/\" title=\"Estrategias de sostenibilidad corporativa: un estudio de caso de Siemens\"  data-wpil-monitor-id=\"7500\">Strategy consultants<\/a> are offering ESG consulting to help businesses improve their sustainability performance and capitalize on related opportunities.<\/li>\n\n\n\n<li><strong>Estrategias basadas en datos:<\/strong> La llegada del big data y las herramientas de an\u00e1lisis avanzado ha hecho posible que las empresas basen sus estrategias en conocimientos m\u00e1s precisos y detallados. Los consultores est\u00e1n ayudando a las empresas a aprovechar estas herramientas para formular estrategias basadas en datos que respondan mejor a la din\u00e1mica del mercado.<\/li>\n\n\n\n<li><strong>Mayor especializaci\u00f3n:<\/strong> La consultor\u00eda estrat\u00e9gica se est\u00e1 volviendo m\u00e1s especializada, con consultores que ofrecen asesoramiento experto en \u00e1reas espec\u00edficas como estrategia digital, estrategia de cadena de suministro o estrategias espec\u00edficas de la industria.<\/li>\n<\/ul>\n\n\n\n<h2 class=\"wp-block-heading\">El futuro de la consultor\u00eda estrat\u00e9gica<\/h2>\n\n\n\n<figure class=\"gb-block-image gb-block-image-7a0578b4\"><img loading=\"lazy\" decoding=\"async\" width=\"1456\" height=\"816\" class=\"gb-image gb-image-7a0578b4\" src=\"https:\/\/www.sisinternational.com\/wp-content\/uploads\/2025\/10\/AI-Strategy-Consulting-3.jpg\" alt=\"Investigaci\u00f3n y estrategia de mercado internacional de SIS\" title=\"AI Strategy Consulting (3)\" srcset=\"https:\/\/www.sisinternational.com\/wp-content\/uploads\/2025\/10\/AI-Strategy-Consulting-3.jpg 1456w, https:\/\/www.sisinternational.com\/wp-content\/uploads\/2025\/10\/AI-Strategy-Consulting-3-300x168.jpg 300w, https:\/\/www.sisinternational.com\/wp-content\/uploads\/2025\/10\/AI-Strategy-Consulting-3-1024x574.jpg 1024w, https:\/\/www.sisinternational.com\/wp-content\/uploads\/2025\/10\/AI-Strategy-Consulting-3-768x430.jpg 768w, https:\/\/www.sisinternational.com\/wp-content\/uploads\/2025\/10\/AI-Strategy-Consulting-3-18x10.jpg 18w\" sizes=\"auto, (max-width: 1456px) 100vw, 1456px\"><\/figure>\n\n\n\n<p><\/p>\n\n\n\n<p>El futuro de la consultor\u00eda estrat\u00e9gica parece din\u00e1mico. Las tendencias emergentes y los avances tecnol\u00f3gicos dar\u00e1n forma a este campo de varias maneras.<\/p>\n\n\n\n<p>One such trend is the increasing emphasis on digital transformation. As technology becomes more integrated into business operations, strategy consultants will play a critical role in guiding firms through digital strategy formulation and implementation. This could involve everything from advising on <a href=\"https:\/\/www.sisinternational.com\/es\/soluciones\/consultoria-estrategica\/analisis-de-datos\/\" title=\"Empresa de an\u00e1lisis de datos\"  data-wpil-monitor-id=\"9786\">an\u00e1lisis de datos<\/a> for strategic decision-making to guiding companies on the use of AI or blockchain in their operations.<\/p>\n\n\n\n<p>Sustainability is another area that is likely to feature prominently in future strategy consulting. As businesses face growing pressure to reduce their environmental footprint, consultants will need to help them devise <a href=\"https:\/\/www.sisinternational.com\/es\/mejores-practicas-en-el-comercio-minorista\/\" title=\"Mejores pr\u00e1cticas en el comercio minorista\"  data-wpil-monitor-id=\"9776\">strategies<\/a> that not only improve their sustainability performance but also capitalize on the opportunities that green practices can offer.<\/p>\n\n\n\n<p>El papel de los datos en la consultor\u00eda estrat\u00e9gica tambi\u00e9n crecer\u00e1. Con el auge del big data y el an\u00e1lisis avanzado, los consultores estrat\u00e9gicos depender\u00e1n cada vez m\u00e1s de conocimientos basados en datos para fundamentar sus recomendaciones. Esto requerir\u00e1 que desarrollen s\u00f3lidas habilidades de an\u00e1lisis de datos y un profundo conocimiento de las herramientas de an\u00e1lisis.<\/p>\n\n\n\n<p>Por \u00faltimo, a medida que la econom\u00eda global se vuelve m\u00e1s interconectada, la consultor\u00eda estrat\u00e9gica deber\u00e1 adoptar una perspectiva m\u00e1s global. Esto significa comprender los matices de los diferentes mercados y ayudar a las empresas a navegar las complejidades de las operaciones internacionales.<\/p>","protected":false},"excerpt":{"rendered":"<p>La consultor\u00eda estrat\u00e9gica ayuda a las organizaciones a implementar estrategias que agilicen las operaciones, mejoren el rendimiento y alcancen los objetivos comerciales.<\/p>","protected":false},"author":1,"featured_media":71983,"parent":14567,"menu_order":28,"comment_status":"closed","ping_status":"closed","template":"","meta":{"footnotes":""},"class_list":["post-43035","page","type-page","status-publish","has-post-thumbnail"],"_links":{"self":[{"href":"https:\/\/www.sisinternational.com\/es\/wp-json\/wp\/v2\/pages\/43035","targetHints":{"allow":["GET"]}}],"collection":[{"href":"https:\/\/www.sisinternational.com\/es\/wp-json\/wp\/v2\/pages"}],"about":[{"href":"https:\/\/www.sisinternational.com\/es\/wp-json\/wp\/v2\/types\/page"}],"author":[{"embeddable":true,"href":"https:\/\/www.sisinternational.com\/es\/wp-json\/wp\/v2\/users\/1"}],"replies":[{"embeddable":true,"href":"https:\/\/www.sisinternational.com\/es\/wp-json\/wp\/v2\/comments?post=43035"}],"version-history":[{"count":6,"href":"https:\/\/www.sisinternational.com\/es\/wp-json\/wp\/v2\/pages\/43035\/revisions"}],"predecessor-version":[{"id":81626,"href":"https:\/\/www.sisinternational.com\/es\/wp-json\/wp\/v2\/pages\/43035\/revisions\/81626"}],"up":[{"embeddable":true,"href":"https:\/\/www.sisinternational.com\/es\/wp-json\/wp\/v2\/pages\/14567"}],"wp:featuredmedia":[{"embeddable":true,"href":"https:\/\/www.sisinternational.com\/es\/wp-json\/wp\/v2\/media\/71983"}],"wp:attachment":[{"href":"https:\/\/www.sisinternational.com\/es\/wp-json\/wp\/v2\/media?parent=43035"}],"curies":[{"name":"wp","href":"https:\/\/api.w.org\/{rel}","templated":true}]}}