{"id":43022,"date":"2023-08-10T17:51:09","date_gmt":"2023-08-10T21:51:09","guid":{"rendered":"https:\/\/www.sisinternational.com\/?page_id=43022"},"modified":"2026-01-26T14:21:54","modified_gmt":"2026-01-26T19:21:54","slug":"investigacion-de-mercado-de-reputacion","status":"publish","type":"page","link":"https:\/\/www.sisinternational.com\/es\/pericia\/investigacion-de-mercado-de-reputacion\/","title":{"rendered":"Investigaci\u00f3n de mercado de reputaci\u00f3n"},"content":{"rendered":"<h1 class=\"wp-block-heading\">Investigaci\u00f3n de mercado de reputaci\u00f3n<\/h1>\n\n\n\n<figure class=\"gb-block-image gb-block-image-0b1c3435\"><img loading=\"lazy\" decoding=\"async\" width=\"1456\" height=\"816\" class=\"gb-image gb-image-0b1c3435\" src=\"https:\/\/www.sisinternational.com\/wp-content\/uploads\/2025\/08\/Non-profit-3-1.jpg\" alt=\"Investigaci\u00f3n y estrategia de mercado internacional de SIS\" title=\"Non profit (3)\" srcset=\"https:\/\/www.sisinternational.com\/wp-content\/uploads\/2025\/08\/Non-profit-3-1.jpg 1456w, https:\/\/www.sisinternational.com\/wp-content\/uploads\/2025\/08\/Non-profit-3-1-300x168.jpg 300w, https:\/\/www.sisinternational.com\/wp-content\/uploads\/2025\/08\/Non-profit-3-1-1024x574.jpg 1024w, https:\/\/www.sisinternational.com\/wp-content\/uploads\/2025\/08\/Non-profit-3-1-768x430.jpg 768w, https:\/\/www.sisinternational.com\/wp-content\/uploads\/2025\/08\/Non-profit-3-1-18x10.jpg 18w\" sizes=\"auto, (max-width: 1456px) 100vw, 1456px\"><\/figure>\n\n\n\n<p><\/p>\n\n\n\n<p>La Investigaci\u00f3n de Mercado de Reputaci\u00f3n es un enfoque que busca comprender y evaluar la posici\u00f3n de una empresa ante los ojos de sus partes interesadas (clientes, empleados o inversores). Este tipo de investigaci\u00f3n proporciona informaci\u00f3n cr\u00edtica sobre la percepci\u00f3n p\u00fablica, ayudando a las empresas a dise\u00f1ar estrategias para sus operaciones, comunicaciones y esfuerzos de marketing de manera efectiva.<\/p>\n\n\n\n<p>La investigaci\u00f3n de mercado de reputaci\u00f3n no se trata s\u00f3lo de gesti\u00f3n de crisis: es un enfoque estrat\u00e9gico que brinda a las empresas una visi\u00f3n integral de su percepci\u00f3n p\u00fablica. Es como un chequeo de la imagen de una empresa, monitoreando los aspectos vitales de la opini\u00f3n p\u00fablica y el sentimiento de las partes interesadas para mejorar la percepci\u00f3n de la empresa.<\/p>\n\n\n\n<h2 class=\"wp-block-heading\">La importancia de la investigaci\u00f3n de mercado de reputaci\u00f3n<\/h2>\n\n\n\n<p>La investigaci\u00f3n de mercado de reputaci\u00f3n es una herramienta esencial para evaluar y gestionar la imagen y la percepci\u00f3n de una empresa y permite a las organizaciones identificar, comprender y responder de forma proactiva a los sentimientos de sus partes interesadas. Ayuda a cultivar una imagen de marca positiva, fomenta la lealtad del cliente e impulsa la ventaja competitiva, especialmente en momentos en que la reputaci\u00f3n corporativa se ha visto da\u00f1ada.<\/p>\n\n\n\n<p>Por ejemplo, Nike, el gigante mundial de la ropa deportiva, siempre ha priorizado su reputaci\u00f3n. A finales de los 90 y principios de los 2000, Nike enfrent\u00f3 un intenso escrutinio p\u00fablico debido a acusaciones de malas condiciones laborales en sus f\u00e1bricas en el extranjero. La reputaci\u00f3n de Nike se vio afectada y se dieron cuenta de la importancia de la investigaci\u00f3n de mercado de reputaci\u00f3n para abordar estos problemas.<\/p>\n\n\n\n<p>El <a href=\"https:\/\/www.sisinternational.com\/es\/pericia\/curriculums-de-experiencia\/investigacion-de-marca\/\" title=\"Empresa de investigaci\u00f3n de marca\"  data-wpil-monitor-id=\"9472\">company conducted extensive research<\/a>, gathering feedback from various stakeholders, including employees, consumers, and rights activists. Based on these insights, Nike implemented significant changes in their supply chain, improved their factory conditions, and initiated transparency efforts by publicly sharing their factory list. These strategic decisions, driven by reputation market research, not only improved their public perception but also reinforced their commitment to corporate responsibility.<\/p>\n\n\n\n<h2 class=\"wp-block-heading\">El proceso para realizar una investigaci\u00f3n de mercado de reputaci\u00f3n<\/h2>\n\n\n\n<p>El proceso de realizaci\u00f3n de una investigaci\u00f3n de mercado de reputaci\u00f3n tiene como objetivo descubrir informaci\u00f3n sobre c\u00f3mo perciben una empresa sus partes interesadas.<\/p>\n\n\n\n<p>La primera etapa de la investigaci\u00f3n implica definir el alcance de toda la investigaci\u00f3n. Esto incluye identificar a las partes interesadas clave, delinear los objetivos de la investigaci\u00f3n y decidir qu\u00e9 aspectos de la reputaci\u00f3n son cruciales a considerar.<\/p>\n\n\n\n<p>The next step is the selection of research methods. Reputation market research can employ both qualitative and quantitative methods. Qualitative methods, like in-depth interviews or focus groups, provide rich, detailed insights into stakeholder perceptions. On the other hand, <a href=\"https:\/\/www.sisinternational.com\/es\/sis-application-of-quantitative-data-analytics-to-sensory-testing\/\" title=\"SIS Application of Quantitative Data Analytics to Sensory Testing\"  data-wpil-monitor-id=\"9475\">quantitative methods like surveys provide numerical data<\/a> that can be statistically analyzed.<\/p>\n\n\n\n<p>Later, <a href=\"https:\/\/www.sisinternational.com\/es\/cobertura\/europa\/investigacion-de-mercado-liverpool-reino-unido\/\" title=\"Investigaci\u00f3n de mercado en Liverpool | Grupos focales y recopilaci\u00f3n de datos del Reino Unido\"  data-wpil-monitor-id=\"9471\">researchers will focus on collecting data<\/a>, gathering information from various sources such as customer feedback, employee reviews, media coverage, and social media posts. At this stage, the <a href=\"https:\/\/www.sisinternational.com\/es\/soluciones\/consultoria-estrategica\/analisis-de-datos\/\" title=\"Empresa de an\u00e1lisis de datos\"  data-wpil-monitor-id=\"9478\">company must ensure that the data<\/a> collected is representative of its stakeholder groups.<\/p>\n\n\n\n<p>Then, researchers analyze the data to identify patterns, trends, and significant insights about the company&#8217;s reputation and compile the results in a comprehensive report. This report should not only present the findings but also offer strategic recommendations for reputation <a href=\"https:\/\/www.sisinternational.com\/es\/gestion-de-marca-en-las-tendencias-y-problemas-del-siglo-xxi\/\" title=\"Investigaci\u00f3n de gesti\u00f3n de marca\"  data-wpil-monitor-id=\"9473\">management based on the research<\/a> results.<\/p>\n\n\n\n<h2 class=\"wp-block-heading\">Ventajas<\/h2>\n\n\n\n<p>La importancia estrat\u00e9gica de la investigaci\u00f3n del mercado de reputaci\u00f3n va m\u00e1s all\u00e1 de la mera comprensi\u00f3n de la percepci\u00f3n p\u00fablica. Contribuye significativamente al \u00e9xito de una empresa de varias maneras.<\/p>\n\n\n\n<ul class=\"wp-block-list\">\n<li><strong>Mayor confianza y lealtad del cliente:<\/strong> Al comprender los sentimientos y expectativas de los clientes, las empresas pueden tomar decisiones informadas para abordar sus necesidades e inquietudes. Esta transparencia fomenta la confianza, construye relaciones m\u00e1s s\u00f3lidas con los clientes y mejora la lealtad a la marca.<\/li>\n\n\n\n<li><strong>Mejora de la imagen p\u00fablica y la gesti\u00f3n de crisis:<\/strong> <a href=\"https:\/\/www.sisinternational.com\/es\/pericia\/industrias\/investigacion-de-mercado-de-ferreteria\/\" title=\"Investigaci\u00f3n de mercado de ferreter\u00eda y mejoras para el hogar\"  data-wpil-monitor-id=\"5944\">Reputation market research<\/a> helps businesses understand their image in the public eye. By identifying potential threats and vulnerabilities in their reputation, companies can address these issues, mitigating risks and managing crises more effectively.<\/li>\n\n\n\n<li><strong>Aumento de ventas y retenci\u00f3n de clientes:<\/strong> A positive reputation can directly impact a company&#8217;s bottom line. Consumers are more likely to purchase from and remain loyal to, companies that they perceive positively. By utilizing Reputation market research, businesses can strategize to enhance their reputation and, subsequently, <a href=\"https:\/\/www.sisinternational.com\/es\/analisis-de-satisfaccion-del-cliente\/\" title=\"Ocho formas de aumentar la satisfacci\u00f3n del cliente en el comercio minorista\"  data-wpil-monitor-id=\"9477\">boost sales and customer<\/a> retention.<\/li>\n\n\n\n<li><strong>Mejores relaciones con los inversores:<\/strong> Los inversores se sienten atra\u00eddos por empresas con una s\u00f3lida reputaci\u00f3n. Este tipo de investigaci\u00f3n proporciona informaci\u00f3n que puede aprovecharse para construir una imagen s\u00f3lida en la comunidad de inversores, atrayendo m\u00e1s inversiones y apoyo para el crecimiento de la empresa.<\/li>\n<\/ul>\n\n\n\n<h2 class=\"wp-block-heading\">Desaf\u00edos<\/h2>\n\n\n\n<p>A continuaci\u00f3n se detallan algunos desaf\u00edos clave que las empresas pueden enfrentar al realizar una investigaci\u00f3n de mercado de reputaci\u00f3n:<\/p>\n\n\n\n<ul class=\"wp-block-list\">\n<li><strong>Medici\u00f3n de activos intangibles:<\/strong> La reputaci\u00f3n es dif\u00edcil de cuantificar y medir con precisi\u00f3n. A diferencia de los activos tangibles, no existen m\u00e9tricas est\u00e1ndar para evaluar la reputaci\u00f3n, lo que la convierte en una tarea compleja que requiere un enfoque multifac\u00e9tico.<\/li>\n\n\n\n<li><strong>Garantizar la representatividad de los datos:<\/strong> Un desaf\u00edo importante en la investigaci\u00f3n de mercado de reputaci\u00f3n es garantizar que los datos recopilados sean representativos de todos los grupos de partes interesadas. Cualquier sesgo en los datos podr\u00eda generar resultados sesgados e ideas enga\u00f1osas.<\/li>\n\n\n\n<li><strong>Percepci\u00f3n p\u00fablica que cambia r\u00e1pidamente:<\/strong> La opini\u00f3n p\u00fablica no es est\u00e1tica; puede cambiar r\u00e1pidamente en respuesta a varios factores. Mantenerse al d\u00eda con estos cambios y garantizar que la investigaci\u00f3n refleje la percepci\u00f3n p\u00fablica m\u00e1s actual puede ser una tarea desafiante.<\/li>\n\n\n\n<li><strong>Superar los sesgos negativos:<\/strong> Las experiencias negativas suelen generar m\u00e1s respuestas que las positivas. Este sesgo hacia la negatividad puede distorsionar los resultados de la investigaci\u00f3n, dificultando obtener una comprensi\u00f3n equilibrada de la reputaci\u00f3n de la empresa.<\/li>\n<\/ul>\n\n\n\n<h2 class=\"wp-block-heading\">Tendencias actuales de la investigaci\u00f3n de mercado de reputaci\u00f3n<\/h2>\n\n\n\n<p>A medida que navegamos en la era digital, la investigaci\u00f3n de mercado de reputaci\u00f3n contin\u00faa evolucionando, adoptando nuevas t\u00e9cnicas y tendencias para seguir el ritmo del entorno empresarial que cambia r\u00e1pidamente. A continuaci\u00f3n se presentan algunas tendencias actuales que dan forma a este campo:<\/p>\n\n\n\n<ul class=\"wp-block-list\">\n<li><strong>An\u00e1lisis de sentimiento en las redes sociales:<\/strong> Con la explosi\u00f3n de las redes sociales, las empresas ahora tienen acceso a una gran cantidad de opini\u00f3n p\u00fablica sin filtros. El an\u00e1lisis de sentimientos, o el proceso de determinar el tono emocional detr\u00e1s de las palabras, se utiliza cada vez m\u00e1s para analizar el contenido de las redes sociales y comprender la percepci\u00f3n p\u00fablica de una marca.<\/li>\n\n\n\n<li><strong>Uso de Big Data e IA:<\/strong> El enorme volumen de datos disponibles puede resultar abrumador. Por lo tanto, el uso de an\u00e1lisis de big data y de inteligencia artificial est\u00e1 aumentando para gestionar y analizar estos datos de manera m\u00e1s eficiente. Los algoritmos de aprendizaje autom\u00e1tico pueden examinar grandes cantidades de datos para identificar patrones y tendencias, proporcionando a las empresas informaci\u00f3n valiosa sobre su reputaci\u00f3n.<\/li>\n\n\n\n<li><strong>Monitoreo en tiempo real:<\/strong> In today&#8217;s fast-paced world, a company&#8217;s reputation can change overnight. Real-time monitoring tools allow businesses to <a href=\"https:\/\/www.sisinternational.com\/es\/pericia\/industrias\/investigacion-de-mercado-de-seguimiento-de-reputacion\/\" title=\"Investigaci\u00f3n de mercado de seguimiento de reputaci\u00f3n\"  data-wpil-monitor-id=\"9474\">track changes in their reputation<\/a> as they occur, enabling them to respond promptly to any potential threats or opportunities.<\/li>\n\n\n\n<li><strong>Integraci\u00f3n de m\u00e9tricas de reputaci\u00f3n en KPI comerciales:<\/strong> Cada vez m\u00e1s empresas est\u00e1n integrando m\u00e9tricas de reputaci\u00f3n en sus indicadores clave de desempe\u00f1o (KPI). Esto ayuda a alinear los esfuerzos de gesti\u00f3n de la reputaci\u00f3n con objetivos comerciales m\u00e1s amplios y resalta la importancia de una buena reputaci\u00f3n para el \u00e9xito comercial general.<\/li>\n<\/ul>\n\n\n\n<h2 class=\"wp-block-heading\">Perspectivas de la investigaci\u00f3n de mercado de reputaci\u00f3n<\/h2>\n\n\n\n<p>El futuro de la investigaci\u00f3n de mercado de reputaci\u00f3n es brillante a medida que las empresas contin\u00faan reconociendo su importancia estrat\u00e9gica. He aqu\u00ed un vistazo a las tendencias y oportunidades futuras que podemos anticipar:<\/p>\n\n\n\n<ul class=\"wp-block-list\">\n<li><strong>Mayor adopci\u00f3n de IA y aprendizaje autom\u00e1tico:<\/strong> A medida que las empresas obtengan mayores vol\u00famenes de datos, el papel de la IA y el aprendizaje autom\u00e1tico en el an\u00e1lisis de estos datos ser\u00e1 a\u00fan m\u00e1s crucial. Estas tecnolog\u00edas permitir\u00e1n an\u00e1lisis m\u00e1s sofisticados, detecci\u00f3n precisa de sentimientos y predicci\u00f3n de tendencias de reputaci\u00f3n.<\/li>\n\n\n\n<li><strong>Importancia creciente de la reputaci\u00f3n del empleador:<\/strong> As the <a href=\"https:\/\/www.sisinternational.com\/es\/empresa-lider-en-inteligencia-competitiva\/\" title=\"Empresa l\u00edder en inteligencia competitiva\"  data-wpil-monitor-id=\"9476\">competition for top<\/a> talent intensifies, employer reputation will become increasingly important. Businesses will use Reputation Market Research to understand and improve their reputation as employers, helping them attract and retain the best talent.<\/li>\n\n\n\n<li><strong>Mayor enfoque en pr\u00e1cticas \u00e9ticas y sostenibles:<\/strong> A medida que los consumidores adquieran mayor conciencia social, las pr\u00e1cticas \u00e9ticas y sostenibles de las empresas desempe\u00f1ar\u00e1n un papel m\u00e1s importante en la configuraci\u00f3n de su reputaci\u00f3n. La investigaci\u00f3n del mercado de reputaci\u00f3n ser\u00e1 fundamental para comprender y afrontar estas expectativas.<\/li>\n\n\n\n<li><strong>Integraci\u00f3n con otras funciones comerciales:<\/strong> La investigaci\u00f3n de mercado de reputaci\u00f3n se integrar\u00e1 m\u00e1s con otras funciones comerciales, informando decisiones en \u00e1reas como desarrollo de productos, marketing y responsabilidad social corporativa. Esto garantizar\u00e1 un enfoque m\u00e1s coordinado para la gesti\u00f3n de la reputaci\u00f3n en toda la empresa.<\/li>\n<\/ul>","protected":false},"excerpt":{"rendered":"<p>Las empresas necesitan estudios de mercado de reputaci\u00f3n para comprender la percepci\u00f3n del p\u00fablico. La lealtad y la imagen positiva de la marca protegen la reputaci\u00f3n corporativa.<\/p>","protected":false},"author":1,"featured_media":62995,"parent":14514,"menu_order":323,"comment_status":"closed","ping_status":"closed","template":"","meta":{"footnotes":""},"class_list":["post-43022","page","type-page","status-publish","has-post-thumbnail"],"_links":{"self":[{"href":"https:\/\/www.sisinternational.com\/es\/wp-json\/wp\/v2\/pages\/43022","targetHints":{"allow":["GET"]}}],"collection":[{"href":"https:\/\/www.sisinternational.com\/es\/wp-json\/wp\/v2\/pages"}],"about":[{"href":"https:\/\/www.sisinternational.com\/es\/wp-json\/wp\/v2\/types\/page"}],"author":[{"embeddable":true,"href":"https:\/\/www.sisinternational.com\/es\/wp-json\/wp\/v2\/users\/1"}],"replies":[{"embeddable":true,"href":"https:\/\/www.sisinternational.com\/es\/wp-json\/wp\/v2\/comments?post=43022"}],"version-history":[{"count":5,"href":"https:\/\/www.sisinternational.com\/es\/wp-json\/wp\/v2\/pages\/43022\/revisions"}],"predecessor-version":[{"id":81582,"href":"https:\/\/www.sisinternational.com\/es\/wp-json\/wp\/v2\/pages\/43022\/revisions\/81582"}],"up":[{"embeddable":true,"href":"https:\/\/www.sisinternational.com\/es\/wp-json\/wp\/v2\/pages\/14514"}],"wp:featuredmedia":[{"embeddable":true,"href":"https:\/\/www.sisinternational.com\/es\/wp-json\/wp\/v2\/media\/62995"}],"wp:attachment":[{"href":"https:\/\/www.sisinternational.com\/es\/wp-json\/wp\/v2\/media?parent=43022"}],"curies":[{"name":"wp","href":"https:\/\/api.w.org\/{rel}","templated":true}]}}