{"id":42926,"date":"2023-07-26T14:37:01","date_gmt":"2023-07-26T18:37:01","guid":{"rendered":"https:\/\/www.sisinternational.com\/?page_id=42926"},"modified":"2025-10-29T23:56:31","modified_gmt":"2025-10-30T03:56:31","slug":"investigacion-de-mercado-tampa-florida","status":"publish","type":"page","link":"https:\/\/www.sisinternational.com\/es\/cobertura\/north-america\/cobertura-de-estados-unidos\/investigacion-de-mercado-tampa-florida\/","title":{"rendered":"Investigaci\u00f3n de mercado en Tampa, Florida"},"content":{"rendered":"<h1 class=\"wp-block-heading\">Investigaci\u00f3n de mercado en Tampa, Florida<\/h1>\n\n\n\n<figure class=\"gb-block-image gb-block-image-8c63ec84\"><img loading=\"lazy\" decoding=\"async\" width=\"1456\" height=\"816\" class=\"gb-image gb-image-8c63ec84\" src=\"https:\/\/www.sisinternational.com\/wp-content\/uploads\/2025\/09\/Jacksonville-Florida-2.jpg\" alt=\"Investigaci\u00f3n y estrategia de mercado internacional de SIS\" title=\"Jacksonville Florida (2)\" srcset=\"https:\/\/www.sisinternational.com\/wp-content\/uploads\/2025\/09\/Jacksonville-Florida-2.jpg 1456w, https:\/\/www.sisinternational.com\/wp-content\/uploads\/2025\/09\/Jacksonville-Florida-2-300x168.jpg 300w, https:\/\/www.sisinternational.com\/wp-content\/uploads\/2025\/09\/Jacksonville-Florida-2-1024x574.jpg 1024w, https:\/\/www.sisinternational.com\/wp-content\/uploads\/2025\/09\/Jacksonville-Florida-2-768x430.jpg 768w, https:\/\/www.sisinternational.com\/wp-content\/uploads\/2025\/09\/Jacksonville-Florida-2-18x10.jpg 18w\" sizes=\"auto, (max-width: 1456px) 100vw, 1456px\"><\/figure>\n\n\n\n<p><\/p>\n\n\n\n<hr class=\"wp-block-separator has-alpha-channel-opacity is-style-dots\"\/>\n\n\n\n<p>La ciudad de Tampa tiene una econom\u00eda floreciente y una poblaci\u00f3n diversa, y la investigaci\u00f3n de mercado asume un papel crucial para obtener conocimientos profundos sobre la din\u00e1mica del mercado, el comportamiento del consumidor, la competencia y las tendencias de la industria de Tampa.<\/p>\n\n\n\n<p>Por esta raz\u00f3n, entender el mercado de Tampa (sus consumidores, sus caracter\u00edsticas \u00fanicas, sus desaf\u00edos y oportunidades) requiere de un enfoque s\u00f3lido e integral con el que ya cuentan los expertos en este mercado. Este enfoque no s\u00f3lo debe capturar las tendencias generales del mercado, sino tambi\u00e9n descubrir los detalles matizados que pueden marcar la diferencia en un entorno empresarial altamente competitivo.<\/p>\n\n\n\n<p><\/p>\n\n\n\n<div class=\"wp-block-columns has-global-color-9-color has-text-color has-background has-link-color wp-elements-b942dd1e4cb4ad704b2a5f8b5947cdf5 is-layout-flex wp-container-core-columns-is-layout-9d6595d7 wp-block-columns-is-layout-flex\" style=\"background-color:#f7f9fa6e\">\n<div class=\"wp-block-column is-layout-flow wp-block-column-is-layout-flow\" style=\"flex-basis:18%\"><\/div>\n\n\n\n<div class=\"wp-block-column is-vertically-aligned-center is-layout-flow wp-block-column-is-layout-flow\" style=\"flex-basis:71.28%\">\n<div class=\"wp-block-rank-math-toc-block aligncenter has-global-color-9-color has-text-color has-link-color wp-elements-ee889757fe9c4eb434e2b529c6c61512\" style=\"font-size:16px\" id=\"rank-math-toc\"><h2><br><strong>t<\/strong>able of Contents<\/h2><nav><ul><li class=\"\"><a href=\"#tampas-market-profile\">Perfil del mercado de Tampa<\/a><\/li><li class=\"\"><a href=\"#digital-market-research-in-tampa-florida\">Investigaci\u00f3n de mercado digital en Tampa, Florida<\/a><\/li><li class=\"\"><a href=\"#opportunities-in-conducting-market-research-in-tampa-florida\">Oportunidades para realizar investigaciones de mercado en Tampa, Florida<\/a><\/li><li class=\"\"><a href=\"#challenges-in-conducting-market-research-in-tampa\">Desaf\u00edos al realizar investigaciones de mercado en Tampa<\/a><\/li><\/ul><\/nav><\/div>\n<\/div>\n<\/div>\n\n\n\n<p><\/p>\n\n\n\n<h2 class=\"wp-block-heading\" id=\"tampas-market-profile\">Perfil del mercado de Tampa<\/h2>\n\n\n\n<p>La econom\u00eda de Tampa es diversa y ofrece una combinaci\u00f3n de sectores tradicionales y emergentes, como finanzas, atenci\u00f3n m\u00e9dica, turismo y bienes ra\u00edces. Sin embargo, en los \u00faltimos a\u00f1os, Tampa ha experimentado un crecimiento impresionante en el sector de la tecnolog\u00eda y la innovaci\u00f3n, con un aumento de las nuevas empresas tecnol\u00f3gicas y el desarrollo de centros de innovaci\u00f3n.<\/p>\n\n\n\n<p>Por otro lado, los consumidores de Tampa son conocidos por su sofisticaci\u00f3n y adaptabilidad. Adoptan r\u00e1pidamente nuevas tecnolog\u00edas, productos y servicios, lo que convierte a Tampa en un campo de pruebas ideal para ofertas innovadoras. Al mismo tiempo, los consumidores de Tampa valoran la calidad y la autenticidad, favoreciendo las empresas que ofrecen productos superiores y demuestran un compromiso con la comunidad local.<\/p>\n\n\n\n<h3 class=\"wp-block-heading\">La importancia de la investigaci\u00f3n de mercado en Tampa para destacarse<\/h3>\n\n\n\n<figure class=\"gb-block-image gb-block-image-82faff04\"><img loading=\"lazy\" decoding=\"async\" width=\"1456\" height=\"816\" class=\"gb-image gb-image-82faff04\" src=\"https:\/\/www.sisinternational.com\/wp-content\/uploads\/2025\/09\/Jacksonville-Florida-1.jpg\" alt=\"Investigaci\u00f3n y estrategia de mercado internacional de SIS\" title=\"Jacksonville Florida (1)\" srcset=\"https:\/\/www.sisinternational.com\/wp-content\/uploads\/2025\/09\/Jacksonville-Florida-1.jpg 1456w, https:\/\/www.sisinternational.com\/wp-content\/uploads\/2025\/09\/Jacksonville-Florida-1-300x168.jpg 300w, https:\/\/www.sisinternational.com\/wp-content\/uploads\/2025\/09\/Jacksonville-Florida-1-1024x574.jpg 1024w, https:\/\/www.sisinternational.com\/wp-content\/uploads\/2025\/09\/Jacksonville-Florida-1-768x430.jpg 768w, https:\/\/www.sisinternational.com\/wp-content\/uploads\/2025\/09\/Jacksonville-Florida-1-18x10.jpg 18w\" sizes=\"auto, (max-width: 1456px) 100vw, 1456px\"><\/figure>\n\n\n\n<p><\/p>\n\n\n\n<p>La investigaci\u00f3n de mercado en Tampa puede brindar a las empresas la informaci\u00f3n cr\u00edtica que necesitan para comprender el mercado y, en \u00faltima instancia, lograr el \u00e9xito en esta vibrante ciudad. Por ello, algunos de los beneficios m\u00e1s destacados son:<\/p>\n\n\n\n<ul class=\"wp-block-list\">\n<li><strong>Comprender el mercado diverso:<\/strong> El diverso perfil econ\u00f3mico y demogr\u00e1fico de Tampa significa que las empresas deben comprender una amplia gama de comportamientos y preferencias de los consumidores. En consecuencia, la investigaci\u00f3n de mercado en Tampa proporciona informaci\u00f3n sobre estos aspectos, lo que permite a las empresas adaptar sus productos o servicios para satisfacer las necesidades espec\u00edficas de diferentes grupos demogr\u00e1ficos de consumidores.<\/li>\n\n\n\n<li><strong>Mantenerse por delante de la competencia:<\/strong> La investigaci\u00f3n de mercado en Tampa ofrece una comprensi\u00f3n integral del panorama competitivo, incluidas las estrategias, fortalezas y debilidades de los competidores. Este conocimiento puede ayudar a las empresas a identificar oportunidades de diferenciaci\u00f3n y ventaja competitiva en un entorno empresarial altamente competitivo (que se est\u00e1 volviendo a\u00fan m\u00e1s competitivo).<\/li>\n\n\n\n<li><strong>Identificaci\u00f3n de oportunidades y riesgos de mercado:<\/strong> La investigaci\u00f3n de mercado en Tampa ayuda a las empresas a identificar tendencias emergentes, oportunidades potenciales y riesgos dentro del mercado. Estos estudios pueden identificar r\u00e1pidamente una demanda creciente de un producto en particular, cambios en los h\u00e1bitos de gasto de los consumidores, cambios econ\u00f3micos o el impacto de nuevas regulaciones.<\/li>\n\n\n\n<li><strong>Prueba de nuevos productos y servicios:<\/strong> Dada la naturaleza adaptable y sofisticada de los consumidores de Tampa, la ciudad ofrece un entorno ideal para probar nuevos productos, servicios y estrategias de marketing. Es por eso que la investigaci\u00f3n de mercado en Tampa ayuda a las empresas a evaluar las respuestas de los consumidores a estas nuevas ideas antes de un lanzamiento a gran escala, reduciendo el riesgo de costosas fallas.<\/li>\n<\/ul>\n\n\n\n<p><\/p>\n\n\n\n<!DOCTYPE html>\n<html lang=\"en\">\n<head>\n    <meta charset=\"UTF-8\">\n    <meta name=\"viewport\" content=\"width=device-width, initial-scale=1.0\">\n    <title>Tampa, FL Market Data<\/title>\n    <style>\n        \/* Responsive Table & SIS International-inspired Styling\n          - Uses corporate blue and a clean, sans-serif font.\n          - Fully responsive design ensures no page distortion on any device.\n        *\/\n        \n        .sis-table-container {\n            font-family: -apple-system, BlinkMacSystemFont, \"Segoe UI\", Roboto, Helvetica, Arial, sans-serif;\n            margin: 2em 0;\n            width: 100%;\n            \/* Allows horizontal scroll on small screens to prevent page distortion *\/\n            overflow-x: auto;\n            -webkit-overflow-scrolling: touch; \/* Smooth scrolling on iOS *\/\n        }\n\n        .sis-table-container h3 {\n            font-size: 1.5rem; \/* 24px *\/\n            font-weight: 600;\n            color: #333;\n            margin-bottom: 0.75em;\n            padding: 0;\n        }\n\n        .sis-table {\n            width: 100%;\n            border-collapse: collapse;\n            min-width: 550px; \/* Ensures table structure holds, container scrolls if needed *\/\n        }\n\n        .sis-table th,\n        .sis-table td {\n            padding: 12px 15px;\n            text-align: left;\n            line-height: 1.5;\n        }\n\n        \/* Header Styling *\/\n        .sis-table thead th {\n            background-color: #005cbf; \/* SIS corporate blue *\/\n            color: #ffffff;\n            font-weight: 600;\n            font-size: 0.9rem; \n            text-transform: uppercase;\n            letter-spacing: 0.5px;\n        }\n\n        \/* Body Styling *\/\n        .sis-table tbody tr {\n            border-bottom: 1px solid #ddd;\n        }\n\n        .sis-table tbody tr:nth-of-type(even) {\n            background-color: #f8f8f8; \/* Light gray alternate rows *\/\n        }\n\n        .sis-table tbody tr:last-of-type {\n            border-bottom: 2px solid #005cbf; \/* Match header blue *\/\n        }\n\n        .sis-table td {\n            color: #444;\n            font-size: 0.95rem; \n            vertical-align: top;\n        }\n        \n        \/* Align data cells *\/\n        .sis-table td:nth-child(2) {\n            text-align: right;\n            white-space: nowrap; \/* Prevents long numbers from wrapping *\/\n        }\n         .sis-table th:nth-child(2) {\n            text-align: right;\n        }\n\n        .sis-table-container .source-caption {\n            margin-top: 10px;\n            font-size: 0.85rem; \n            color: #555;\n            font-style: italic;\n        }\n\n        .sis-table-container .source-caption a {\n            color: #005cbf; \/* Match brand blue *\/\n            text-decoration: none;\n        }\n\n        .sis-table-container .source-caption a:hover {\n            text-decoration: underline;\n        }\n    <\/style>\n<\/head>\n<body>\n\n    <!-- \n      HTML for WordPress:\n      Copy and paste the code from .sis-table-container start to end into a Custom HTML block.\n    -->\n    <div class=\"sis-table-container\">\n        \n        <h3>Tampa, Florida Key Economic and Market Indicators<\/h3>\n\n        <table class=\"sis-table\">\n            <thead>\n                <tr>\n                    <th>Indicator<\/th>\n                    <th>Value (Recent Estimate)<\/th>\n                <\/tr>\n            <\/thead>\n            <tbody>\n                <tr>\n                    <td>Tampa Metro Area (MSA) Population<\/td>\n                    <td>~3.2 Million<\/td>\n                <\/tr>\n                <tr>\n                    <td>Median Household Income<\/td>\n                    <td>~$65,000<\/td>\n                <\/tr>\n                <tr>\n                    <td>Key Economic Sectors<\/td>\n                    <td>Financial Services, Healthcare, Logistics\/Trade<\/td>\n                <\/tr>\n                 <tr>\n                    <td>Annualized GDP Growth Rate (Metro)<\/td>\n                    <td>Consistent Positive Growth Rate<\/td>\n                <\/tr>\n                 <tr>\n                    <td>Unemployment Rate<\/td>\n                    <td>Consistently Below National Average<\/td>\n                <\/tr>\n            <\/tbody>\n        <\/table>\n\n        <p class=\"source-caption\">\n             Source: Data derived from the <a href=\"https:\/\/data.census.gov\/cedsci\/\" target=\"_blank\" rel=\"noopener noreferrer\">U.S. Census Bureau<\/a> y <a href=\"https:\/\/www.bls.gov\/eag\/eag.fl_tampa_msa.htm\" target=\"_blank\" rel=\"noopener noreferrer\">Bureau of Labor Statistics (BLS)<\/a> reports from recent periods.\n        <\/p>\n\n    <\/div>\n\n<\/body>\n<\/html>\n\n\n\n<p><\/p>\n\n\n\n<h2 class=\"wp-block-heading\" id=\"digital-market-research-in-tampa-florida\">Investigaci\u00f3n de mercado digital en Tampa, Florida<\/h2>\n\n\n\n<p>In the digital age, market research has evolved significantly and traditional methods are complemented by digital techniques that leverage the vast amounts of data available online. Tampa, with its tech-savvy population and growing digital economy, is an ideal environment for <a href=\"https:\/\/www.sisinternational.com\/es\/sis-lanza-nuevas-soluciones-de-investigacion-digital\/\" title=\"SIS lanza nuevas soluciones de Investigaci\u00f3n Digital\" data-wpil-monitor-id=\"9773\">digital market research<\/a>.<\/p>\n\n\n\n<ul class=\"wp-block-list\">\n<li><strong>Encuestas y sondeos en l\u00ednea:<\/strong> Este es uno de los m\u00e9todos m\u00e1s comunes de investigaci\u00f3n de mercado digital en Tampa. Estas herramientas proporcionan informaci\u00f3n cr\u00edtica sobre las preferencias, actitudes y comportamientos de los consumidores. Tambi\u00e9n permiten a las empresas llegar a un grupo grande y diverso de encuestados de manera rentable y eficiente.<\/li>\n\n\n\n<li><strong>An\u00e1lisis de redes sociales:<\/strong> Social media platforms are rich sources of consumer data nowadays. By analyzing likes, shares, comments, and other forms of engagement, businesses can gain insights into consumer sentiment and trends. Social media analytics can also help businesses monitor their <a href=\"https:\/\/www.sisinternational.com\/es\/publicidad-de-choque-y-marketing-de-choque\/\" title=\"Publicidad de choque y marketing de choque\" data-wpil-monitor-id=\"9777\">brand<\/a> reputation and understand the impact of their marketing campaigns.<\/li>\n\n\n\n<li><strong>Analista de la red:<\/strong> Web analytics can provide detailed insights into how consumers interact with a business&#8217;s online presence. This can include metrics such as website visit duration, bounce rates, and conversion rates. Such data can help businesses optimize their websites and <a href=\"https:\/\/www.sisinternational.com\/es\/estrategia-de-marketing-completa-para-una-empresa-estadounidense-de-finanzas-personales-en-linea\/\" title=\"Estrategia de marketing completa para una empresa estadounidense de finanzas personales en l\u00ednea\" data-wpil-monitor-id=\"9795\">online marketing strategies<\/a> to better serve their customers and achieve their business objectives.<\/li>\n\n\n\n<li><strong>Inteligencia Artificial (IA) y Big Data:<\/strong> These technologies can process vast amounts of data from diverse sources to uncover patterns and trends that might be missed by traditional <a href=\"https:\/\/www.sisinternational.com\/es\/quantitative-market-research-methods-and-techniques\/\" title=\"Quantitative Market Research Methods and Techniques\" data-wpil-monitor-id=\"9780\">market research methods<\/a>. They can also provide predictive analytics and a level of automation never seen before, enabling companies to forecast <a href=\"https:\/\/www.sisinternational.com\/es\/future-trends-in-qualitative-market-research\/\" title=\"Future Trends in Qualitative Market Research\" data-wpil-monitor-id=\"9792\">future market trends<\/a> and consumer behaviors.<\/li>\n\n\n\n<li><strong><a href=\"https:\/\/www.sisinternational.com\/es\/soluciones\/soluciones-de-investigacion-cualitativa-cuantitativa\/grupos-focales-en-linea-2\/\" title=\"Grupos de discusi\u00f3n en l\u00ednea\" data-wpil-monitor-id=\"9782\">Grupos de discusi\u00f3n en l\u00ednea<\/a> and Interviews:<\/strong> Los grupos focales y las entrevistas en l\u00ednea pueden proporcionar informaci\u00f3n cualitativa sobre las actitudes y comportamientos de los consumidores. Estos m\u00e9todos digitales permiten un formato m\u00e1s flexible y conveniente tanto para las empresas como para los participantes en comparaci\u00f3n con los m\u00e9todos tradicionales presenciales.<\/li>\n<\/ul>\n\n\n\n<h2 class=\"wp-block-heading\" id=\"opportunities-in-conducting-market-research-in-tampa-florida\">Oportunidades para realizar investigaciones de mercado en Tampa, Florida<\/h2>\n\n\n\n<figure class=\"gb-block-image gb-block-image-717c215b\"><img loading=\"lazy\" decoding=\"async\" width=\"1456\" height=\"816\" class=\"gb-image gb-image-717c215b\" src=\"https:\/\/www.sisinternational.com\/wp-content\/uploads\/2025\/09\/Tallahassee-Florida-5.jpg\" alt=\"Investigaci\u00f3n y estrategia de mercado internacional de SIS\" title=\"Tallahassee, Florida (5)\" srcset=\"https:\/\/www.sisinternational.com\/wp-content\/uploads\/2025\/09\/Tallahassee-Florida-5.jpg 1456w, https:\/\/www.sisinternational.com\/wp-content\/uploads\/2025\/09\/Tallahassee-Florida-5-300x168.jpg 300w, https:\/\/www.sisinternational.com\/wp-content\/uploads\/2025\/09\/Tallahassee-Florida-5-1024x574.jpg 1024w, https:\/\/www.sisinternational.com\/wp-content\/uploads\/2025\/09\/Tallahassee-Florida-5-768x430.jpg 768w, https:\/\/www.sisinternational.com\/wp-content\/uploads\/2025\/09\/Tallahassee-Florida-5-18x10.jpg 18w\" sizes=\"auto, (max-width: 1456px) 100vw, 1456px\"><\/figure>\n\n\n\n<p><\/p>\n\n\n\n<p>Realizar investigaciones de mercado en Tampa presenta a las empresas una variedad de oportunidades para comprender la din\u00e1mica del mercado, optimizar sus operaciones y mantenerse por delante de la competencia. Aqu\u00ed hay algunas oportunidades notables:<\/p>\n\n\n\n<ul class=\"wp-block-list\">\n<li><strong>Aprovechando el creciente sector tecnol\u00f3gico de Tampa:<\/strong> El sector tecnol\u00f3gico de Tampa est\u00e1 experimentando un r\u00e1pido crecimiento, atrayendo a consumidores expertos en tecnolog\u00eda y fomentando una cultura de innovaci\u00f3n. Esta es una situaci\u00f3n favorable para nuevos emprendimientos y empresas establecidas en el mercado que deseen ingresar a Tampa.<\/li>\n\n\n\n<li><strong>Acceso a fuentes de datos enriquecidas:<\/strong> La avanzada infraestructura digital de Tampa y el uso generalizado de plataformas digitales entre los consumidores brindan a las empresas acceso a una gran cantidad de datos. Estos datos pueden proporcionar informaci\u00f3n en tiempo real sobre el comportamiento del consumidor, las tendencias del mercado y la din\u00e1mica competitiva, ofreciendo valiosas oportunidades para que las empresas obtengan una ventaja competitiva.<\/li>\n\n\n\n<li><strong>Aprovechando el crecimiento econ\u00f3mico de Tampa:<\/strong> La econom\u00eda de Tampa est\u00e1 creciendo a un ritmo r\u00e1pido, creando nuevas oportunidades para empresas en diversos sectores. La investigaci\u00f3n de mercado puede ayudar a las empresas a mantenerse informadas sobre las tendencias econ\u00f3micas, identificar oportunidades emergentes y desarrollar estrategias para capitalizar este crecimiento.<\/li>\n<\/ul>\n\n\n\n<h2 class=\"wp-block-heading\" id=\"challenges-in-conducting-market-research-in-tampa\">Desaf\u00edos al realizar investigaciones de mercado en Tampa<\/h2>\n\n\n\n<p>Si bien realizar una investigaci\u00f3n de mercado en Tampa ofrece numerosas ventajas y oportunidades, tambi\u00e9n presenta varios desaf\u00edos que las empresas deben considerar antes de invertir en esta ciudad.<\/p>\n\n\n\n<ul class=\"wp-block-list\">\n<li><strong>Mantenerse al d\u00eda con los cambios r\u00e1pidos:<\/strong> Tampa&#8217;s market is dynamic, with consumer preferences, market trends, and competitive dynamics changing rapidly. Thus, keeping up with these changes and ensuring that <a href=\"https:\/\/www.sisinternational.com\/es\/pericia\/industrias\/investigacion-de-mercado-de-datos-de-formacion\/\" title=\"Investigaci\u00f3n de mercado de datos de formaci\u00f3n\" data-wpil-monitor-id=\"9785\">market research data<\/a> remains current and relevant can be a challenging task.<\/li>\n\n\n\n<li><strong>Navegando por un panorama competitivo:<\/strong> El entorno empresarial en Tampa es altamente competitivo, con numerosas empresas compitiendo por una participaci\u00f3n del mercado en varios sectores. Por lo tanto, obtener informaci\u00f3n precisa y detallada sobre la competencia puede resultar un desaf\u00edo, pero es crucial para desarrollar estrategias comerciales efectivas.<\/li>\n\n\n\n<li><strong>Gesti\u00f3n de grandes vol\u00famenes de datos:<\/strong> La era digital ha generado una gran cantidad de datos disponibles para la investigaci\u00f3n de mercado. Sin embargo, gestionar y dar sentido a estos grandes vol\u00famenes de datos puede resultar un desaf\u00edo. Las empresas necesitan habilidades y herramientas avanzadas de an\u00e1lisis de datos para extraer informaci\u00f3n significativa de estos datos.<\/li>\n<\/ul>\n\n\n\n<p><\/p>\n\n\n<h2>Nuestra ubicaci\u00f3n de instalaciones en Nueva York<\/h2>\n<p><!-- \/wp:post-content --> <!-- wp:html --> <iframe loading=\"lazy\" src=\"https:\/\/www.google.com\/maps\/embed?pb=!1m18!1m12!1m3!1d3022.976188376966!2d-73.99130312499956!3d40.740549471389315!2m3!1f0!2f0!3f0!3m2!1i1024!2i768!4f13.1!3m3!1m2!1s0x89c259a15798c731%3A0xd695d09bdd495f25!2s11%20E%2022nd%20St%20FL%202%2C%20New%20York%2C%20NY%2010010%2C%20USA!5e0!3m2!1sen!2spe!4v1726171763526!5m2!1sen!2spe\" width=\"600\" height=\"450\" allowfullscreen=\"allowfullscreen\" data-mce-fragment=\"1\"><\/iframe> <!-- \/wp:html --> <!-- wp:paragraph --><\/p>\n<h3 class=\"wp-block-heading\">11 E 22nd Street, Piso 2, Nueva York, NY 10010 T: +1(212) 505-6805<\/h3>\n<hr \/>\n<h2><span style=\"font-weight: 400;\">Acerca de SIS Internacional<\/span><\/h2>\n<p><a href=\"https:\/\/www.sisinternational.com\/es\/\"><span style=\"font-weight: 400;\">SIS Internacional<\/span><\/a><span style=\"font-weight: 400;\"> offers Quantitative, Qualitative, and Strategy Research. We provide data, tools, strategies, reports, and insights for decision-making. We also conduct interviews, surveys, focus groups, and other <a href=\"https:\/\/www.sisinternational.com\/es\/pericia\/industrias\/investigacion-de-mercado-automotriz\/clinicas-de-coches-estaticas-y-dinamicas\/\" title=\"Market Research Methods for Automotive Research &#8211; Static vs Dynamic Car Clinics\" data-wpil-monitor-id=\"9789\">Market Research methods<\/a> and approaches.<\/span><a href=\"https:\/\/www.sisinternational.com\/es\/sobre-la-investigacion-internacional-de-sis\/contact-sis-international-market-research\/\"><span style=\"font-weight: 400;\"> P\u00f3ngase en contacto con nosotros<\/span><\/a><span style=\"font-weight: 400;\"> para su pr\u00f3ximo proyecto de Investigaci\u00f3n de Mercado.<\/span><\/p>\n<p><!-- wp:heading --><\/p>\n<h2 id=\"about-sis-international\" class=\"wp-block-heading\">\u00a0<\/h2>\n<p><!-- \/wp:heading --><\/p>","protected":false},"excerpt":{"rendered":"<p>Al realizar investigaciones de mercado en Tampa, las empresas pueden utilizar los conocimientos del mercado para mejorar las operaciones y obtener una ventaja competitiva.<\/p>","protected":false},"author":1,"featured_media":66579,"parent":19303,"menu_order":66,"comment_status":"closed","ping_status":"closed","template":"","meta":{"footnotes":""},"class_list":["post-42926","page","type-page","status-publish","has-post-thumbnail"],"_links":{"self":[{"href":"https:\/\/www.sisinternational.com\/es\/wp-json\/wp\/v2\/pages\/42926","targetHints":{"allow":["GET"]}}],"collection":[{"href":"https:\/\/www.sisinternational.com\/es\/wp-json\/wp\/v2\/pages"}],"about":[{"href":"https:\/\/www.sisinternational.com\/es\/wp-json\/wp\/v2\/types\/page"}],"author":[{"embeddable":true,"href":"https:\/\/www.sisinternational.com\/es\/wp-json\/wp\/v2\/users\/1"}],"replies":[{"embeddable":true,"href":"https:\/\/www.sisinternational.com\/es\/wp-json\/wp\/v2\/comments?post=42926"}],"version-history":[{"count":6,"href":"https:\/\/www.sisinternational.com\/es\/wp-json\/wp\/v2\/pages\/42926\/revisions"}],"predecessor-version":[{"id":81628,"href":"https:\/\/www.sisinternational.com\/es\/wp-json\/wp\/v2\/pages\/42926\/revisions\/81628"}],"up":[{"embeddable":true,"href":"https:\/\/www.sisinternational.com\/es\/wp-json\/wp\/v2\/pages\/19303"}],"wp:featuredmedia":[{"embeddable":true,"href":"https:\/\/www.sisinternational.com\/es\/wp-json\/wp\/v2\/media\/66579"}],"wp:attachment":[{"href":"https:\/\/www.sisinternational.com\/es\/wp-json\/wp\/v2\/media?parent=42926"}],"curies":[{"name":"wp","href":"https:\/\/api.w.org\/{rel}","templated":true}]}}