{"id":42915,"date":"2023-07-26T12:00:52","date_gmt":"2023-07-26T16:00:52","guid":{"rendered":"https:\/\/www.sisinternational.com\/?page_id=42915"},"modified":"2025-10-29T17:35:22","modified_gmt":"2025-10-29T21:35:22","slug":"investigacion-de-mercado-napoles-florida","status":"publish","type":"page","link":"https:\/\/www.sisinternational.com\/es\/cobertura\/north-america\/cobertura-de-estados-unidos\/investigacion-de-mercado-napoles-florida\/","title":{"rendered":"Investigaci\u00f3n de mercado en Naples, Florida"},"content":{"rendered":"<h1 class=\"wp-block-heading\">Investigaci\u00f3n de mercado en Naples, Florida<\/h1>\n\n\n\n<figure class=\"gb-block-image gb-block-image-b35bdb69\"><img loading=\"lazy\" decoding=\"async\" width=\"1456\" height=\"816\" class=\"gb-image gb-image-b35bdb69\" src=\"https:\/\/www.sisinternational.com\/wp-content\/uploads\/2025\/09\/Naples-Florida-4.jpg\" alt=\"Investigaci\u00f3n y estrategia de mercado internacional de SIS\" title=\"Naples, Florida (4)\" srcset=\"https:\/\/www.sisinternational.com\/wp-content\/uploads\/2025\/09\/Naples-Florida-4.jpg 1456w, https:\/\/www.sisinternational.com\/wp-content\/uploads\/2025\/09\/Naples-Florida-4-300x168.jpg 300w, https:\/\/www.sisinternational.com\/wp-content\/uploads\/2025\/09\/Naples-Florida-4-1024x574.jpg 1024w, https:\/\/www.sisinternational.com\/wp-content\/uploads\/2025\/09\/Naples-Florida-4-768x430.jpg 768w, https:\/\/www.sisinternational.com\/wp-content\/uploads\/2025\/09\/Naples-Florida-4-18x10.jpg 18w\" sizes=\"auto, (max-width: 1456px) 100vw, 1456px\"><\/figure>\n\n\n\n<p><\/p>\n\n\n\n<hr class=\"wp-block-separator has-alpha-channel-opacity is-style-dots\"\/>\n\n\n\n<p>El panorama de la estrategia empresarial y la toma de decisiones se basa cada vez m\u00e1s en datos, y Naples, Florida, no es una excepci\u00f3n.<\/p>\n\n\n\n<p>Desde pymes locales hasta conglomerados globales, las organizaciones comprenden la importancia de analizar el mercado para navegar por sus complejidades. Por esta raz\u00f3n, la investigaci\u00f3n de mercado en N\u00e1poles se ha convertido en algo m\u00e1s que una simple herramienta estrat\u00e9gica y ahora es un elemento esencial de cualquier plan de negocios s\u00f3lido.<\/p>\n\n\n\n<p><\/p>\n\n\n\n<div class=\"wp-block-columns has-global-color-9-color has-text-color has-background has-link-color wp-elements-6256118dcc002a9f44d8a3fbd925de12 is-layout-flex wp-container-core-columns-is-layout-9d6595d7 wp-block-columns-is-layout-flex\" style=\"background-color:#f7f9fa6e\">\n<div class=\"wp-block-column is-layout-flow wp-block-column-is-layout-flow\" style=\"flex-basis:18%\"><\/div>\n\n\n\n<div class=\"wp-block-column is-vertically-aligned-center is-layout-flow wp-block-column-is-layout-flow\" style=\"flex-basis:71.28%\">\n<div class=\"wp-block-rank-math-toc-block aligncenter has-global-color-9-color has-text-color has-link-color wp-elements-1263cee8700e281a83730e501110397b\" style=\"font-size:16px\" id=\"rank-math-toc\"><h2><br><strong>t<\/strong>able of Contents<\/h2><nav><ul><li class=\"\"><a href=\"#overview-of-naples-economy\">Panorama general de la econom\u00eda de N\u00e1poles<\/a><\/li><li class=\"\"><a href=\"#why-is-it-crucial-to-conduct-market-research-in-naples\">\u00bfPor qu\u00e9 es fundamental realizar investigaciones de mercado en N\u00e1poles?<\/a><\/li><li class=\"\"><a href=\"#market-research-in-naples-its-current-trends\">Investigaci\u00f3n de mercado en N\u00e1poles: sus tendencias actuales<\/a><\/li><li class=\"\"><a href=\"#opportunities-and-challenges-in-conducting-market-research-in-naples\">Oportunidades y desaf\u00edos al realizar investigaciones de mercado en N\u00e1poles<\/a><\/li><li class=\"\"><a href=\"#future-prospects-of-market-research-in-naples\">Perspectivas futuras de la investigaci\u00f3n de mercado en N\u00e1poles<\/a><\/li><\/ul><\/nav><\/div>\n<\/div>\n<\/div>\n\n\n\n<p><\/p>\n\n\n\n<h2 class=\"wp-block-heading\" id=\"overview-of-naples-economy\">Panorama general de la econom\u00eda de N\u00e1poles<\/h2>\n\n\n\n<p>Uno de los componentes clave de la estructura econ\u00f3mica de la ciudad es la industria del turismo. Las playas \u00fanicas y populares, los campos de golf y las tiendas de lujo de N\u00e1poles la convierten en un destino popular para los turistas. El crecimiento poblacional estacional que acompa\u00f1a a este turismo tiene un impacto importante en la econom\u00eda local y afecta el comportamiento del consumidor.<\/p>\n\n\n\n<p>N\u00e1poles tambi\u00e9n alberga un n\u00famero creciente de jubilados. Este envejecimiento de la poblaci\u00f3n tiene un impacto significativo en la industria de la salud, que es otro sector clave en la ciudad. Los proveedores de atenci\u00f3n m\u00e9dica, desde hospitales hasta servicios de atenci\u00f3n domiciliaria, constituyen una parte sustancial de la econom\u00eda local.<\/p>\n\n\n\n<p>Similarly, real estate is another significant contributor to Naples&#8217; economy, fueled by the city&#8217;s attractiveness as a retirement destination and a vacation hotspot. The high-end <a href=\"https:\/\/www.sisinternational.com\/es\/pericia\/industrias\/investigacion-de-mercado-inmobiliario-comercial\/\" title=\"Investigaci\u00f3n de mercado inmobiliario comercial\"  data-wpil-monitor-id=\"9798\">real estate market<\/a> caters to affluent residents and second-home buyers, influencing the retail sector, particularly luxury goods and services.<\/p>\n\n\n\n<h2 class=\"wp-block-heading\" id=\"why-is-it-crucial-to-conduct-market-research-in-naples\">\u00bfPor qu\u00e9 es fundamental realizar investigaciones de mercado en N\u00e1poles?<\/h2>\n\n\n\n<figure class=\"gb-block-image gb-block-image-d62b6d00\"><img loading=\"lazy\" decoding=\"async\" width=\"1456\" height=\"816\" class=\"gb-image gb-image-d62b6d00\" src=\"https:\/\/www.sisinternational.com\/wp-content\/uploads\/2025\/09\/Naples-Florida-2.jpg\" alt=\"Investigaci\u00f3n y estrategia de mercado internacional de SIS\" title=\"Naples, Florida (2)\" srcset=\"https:\/\/www.sisinternational.com\/wp-content\/uploads\/2025\/09\/Naples-Florida-2.jpg 1456w, https:\/\/www.sisinternational.com\/wp-content\/uploads\/2025\/09\/Naples-Florida-2-300x168.jpg 300w, https:\/\/www.sisinternational.com\/wp-content\/uploads\/2025\/09\/Naples-Florida-2-1024x574.jpg 1024w, https:\/\/www.sisinternational.com\/wp-content\/uploads\/2025\/09\/Naples-Florida-2-768x430.jpg 768w, https:\/\/www.sisinternational.com\/wp-content\/uploads\/2025\/09\/Naples-Florida-2-18x10.jpg 18w\" sizes=\"auto, (max-width: 1456px) 100vw, 1456px\"><\/figure>\n\n\n\n<p><\/p>\n\n\n\n<p>La investigaci\u00f3n de mercado es esencial para comprender completamente el panorama empresarial de cualquier ciudad. Pero en N\u00e1poles es a\u00fan m\u00e1s cr\u00edtico por varias razones:<\/p>\n\n\n\n<ul class=\"wp-block-list\">\n<li><strong>Comprender las preferencias del cliente de N\u00e1poles:<\/strong> Con una econom\u00eda moldeada por residentes locales adinerados, una importante poblaci\u00f3n de jubilados y turistas estacionales, N\u00e1poles cuenta con una combinaci\u00f3n de consumidores \u00fanica. Es por eso que la investigaci\u00f3n de mercado en N\u00e1poles es vital para comprender las diversas preferencias, comportamientos y necesidades de estos diferentes segmentos de clientes.<\/li>\n\n\n\n<li><strong>Navegando por el panorama competitivo:<\/strong> Dada la diversa gama de industrias en N\u00e1poles (desde atenci\u00f3n m\u00e9dica y bienes ra\u00edces hasta turismo y tecnolog\u00eda), las empresas enfrentan competencia desde diferentes \u00e1ngulos. Sin embargo, la investigaci\u00f3n de mercado en N\u00e1poles ayuda a las empresas a comprender a sus competidores, identificar sus propuestas de venta \u00fanicas y determinar su posicionamiento en el mercado.<\/li>\n\n\n\n<li><strong>Enhancing <\/strong><a href=\"https:\/\/www.sisinternational.com\/es\/pericia\/industrias\/alimentos-bebidas-voz-del-cliente-investigacion-de-mercado\/\" title=\"Investigaci\u00f3n de Mercado de la Voz del Cliente de Alimentos y Bebidas\"  data-wpil-monitor-id=\"9801\">Customer Satisfaction: Through market research<\/a>, businesses can gain a deeper understanding of their customer&#8217;s needs and preferences. This knowledge can guide efforts to improve product offerings, customer service, and overall customer experience, leading to increased customer satisfaction and loyalty.<\/li>\n\n\n\n<li><strong>Tomar decisiones comerciales informadas:<\/strong> By providing robust and reliable data, market research can support informed decision-making. Whether it&#8217;s determining the viability of a new product or choosing the best location for a new store, <a href=\"https:\/\/www.sisinternational.com\/es\/publicaciones\/investigacion-de-mercado-empresarial-escalable-7-formas-de-construir-un-negocio-escalable\/\" title=\"Investigaci\u00f3n de mercado empresarial escalable: 7 formas de construir un negocio escalable\"  data-wpil-monitor-id=\"9802\">market research can help businesses<\/a> make decisions that are grounded in data rather than guesswork.<\/li>\n<\/ul>\n\n\n\n<p><\/p>\n\n\n\n<!DOCTYPE html>\n<html lang=\"en\">\n<head>\n    <meta charset=\"UTF-8\">\n    <meta name=\"viewport\" content=\"width=device-width, initial-scale=1.0\">\n    <title>Naples, FL Market Data<\/title>\n    <style>\n        \/* Responsive Table & SIS International-inspired Styling\n          - Uses a corporate blue and clean, sans-serif fonts.\n          - Fully responsive with horizontal scroll on small screens to prevent page distortion.\n        *\/\n        \n        .sis-table-container {\n            font-family: -apple-system, BlinkMacSystemFont, \"Segoe UI\", Roboto, Helvetica, Arial, sans-serif;\n            margin: 2em 0;\n            width: 100%;\n            \/* Allows horizontal scroll on small screens if needed *\/\n            overflow-x: auto;\n            -webkit-overflow-scrolling: touch; \/* Smooth scrolling on iOS *\/\n        }\n\n        .sis-table-container h3 {\n            font-size: 1.5rem; \/* 24px *\/\n            font-weight: 600;\n            color: #333;\n            margin-bottom: 0.75em;\n            padding: 0;\n        }\n\n        .sis-table {\n            width: 100%;\n            border-collapse: collapse;\n            min-width: 550px; \/* Ensures layout preservation, container scrolls if needed *\/\n        }\n\n        .sis-table th,\n        .sis-table td {\n            padding: 12px 15px;\n            text-align: left;\n            line-height: 1.5;\n        }\n\n        \/* Header Styling *\/\n        .sis-table thead th {\n            background-color: #005cbf; \/* SIS corporate blue *\/\n            color: #ffffff;\n            font-weight: 600;\n            font-size: 0.9rem; \/* 14.4px *\/\n            text-transform: uppercase;\n            letter-spacing: 0.5px;\n        }\n\n        \/* Body Styling *\/\n        .sis-table tbody tr {\n            border-bottom: 1px solid #ddd;\n        }\n\n        .sis-table tbody tr:nth-of-type(even) {\n            background-color: #f8f8f8; \/* Light gray alternate rows *\/\n        }\n\n        .sis-table tbody tr:last-of-type {\n            border-bottom: 2px solid #005cbf; \/* Match header blue *\/\n        }\n\n        .sis-table td {\n            color: #444;\n            font-size: 0.95rem; \/* 15.2px *\/\n            vertical-align: top;\n        }\n        \n        \/* Align data cells *\/\n        .sis-table td:nth-child(2) {\n            text-align: right;\n            white-space: nowrap;\n        }\n         .sis-table th:nth-child(2) {\n            text-align: right;\n        }\n\n\n        .sis-table-container .source-caption {\n            margin-top: 10px;\n            font-size: 0.85rem; \/* 13.6px *\/\n            color: #555;\n            font-style: italic;\n        }\n\n        .sis-table-container .source-caption a {\n            color: #005cbf; \/* Match brand blue *\/\n            text-decoration: none;\n        }\n\n        .sis-table-container .source-caption a:hover {\n            text-decoration: underline;\n        }\n    <\/style>\n<\/head>\n<body>\n\n    <!-- \n      HTML for WordPress:\n      Copy and paste the code from .sis-table-container start to end into a Custom HTML block.\n    -->\n    <div class=\"sis-table-container\">\n        \n        <h3>Naples, Florida (Collier County) Key Market Demographics<\/h3>\n\n        <table class=\"sis-table\">\n            <thead>\n                <tr>\n                    <th>Indicator<\/th>\n                    <th>Value (Recent Estimate)<\/th>\n                <\/tr>\n            <\/thead>\n            <tbody>\n                <tr>\n                    <td>County Population (Collier)<\/td>\n                    <td>~390,000<\/td>\n                <\/tr>\n                <tr>\n                    <td>Median Household Income<\/td>\n                    <td>~$81,000<\/td>\n                <\/tr>\n                <tr>\n                    <td>Median Home Value<\/td>\n                    <td>~$410,000<\/td>\n                <\/tr>\n                 <tr>\n                    <td>Population aged 65 years and over<\/td>\n                    <td>~30%<\/td>\n                <\/tr>\n                 <tr>\n                    <td>Unemployment Rate (Collier County)<\/td>\n                    <td>~3.5%<\/td>\n                <\/tr>\n            <\/tbody>\n        <\/table>\n\n        <p class=\"source-caption\">\n             Source: Data derived from the <a href=\"https:\/\/www.census.gov\/quickfacts\/fact\/table\/colliercountyflorida\/PST045223\" target=\"_blank\" rel=\"noopener noreferrer\">U.S. Census Bureau QuickFacts<\/a> y <a href=\"https:\/\/www.bls.gov\/eag\/eag.fl_naples_md.htm\" target=\"_blank\" rel=\"noopener noreferrer\">Bureau of Labor Statistics (BLS)<\/a>, covering recent years.\n        <\/p>\n\n    <\/div>\n\n<\/body>\n<\/html>\n\n\n\n\n<p><\/p>\n\n\n\n<h2 class=\"wp-block-heading\" id=\"market-research-in-naples-its-current-trends\">Investigaci\u00f3n de mercado en N\u00e1poles: sus tendencias actuales<\/h2>\n\n\n\n<p>A medida que el panorama empresarial de N\u00e1poles contin\u00faa evolucionando, las empresas aprovechan estas tendencias para obtener conocimientos m\u00e1s profundos sobre sus clientes, mercados y competidores. Estas son algunas de las tendencias actuales en investigaci\u00f3n de mercado en N\u00e1poles:<\/p>\n\n\n\n<ul class=\"wp-block-list\">\n<li><strong>Digitalizaci\u00f3n:<\/strong> Dado que la tecnolog\u00eda digital contin\u00faa impregnando todas las facetas del negocio, la investigaci\u00f3n de mercado en N\u00e1poles se est\u00e1 volviendo cada vez m\u00e1s digital. Las empresas est\u00e1n utilizando herramientas digitales para encuestas, sondeos y escuchas en las redes sociales para recopilar informaci\u00f3n sobre el comportamiento de los clientes y las tendencias del mercado.<\/li>\n\n\n\n<li><strong>An\u00e1lisis predictivo:<\/strong> Con la ayuda de datos y an\u00e1lisis avanzados, las empresas pueden predecir tendencias futuras y comportamientos de los clientes. Este enfoque prospectivo permite a las empresas ser proactivas y tomar decisiones estrat\u00e9gicas basadas en predicciones futuras.<\/li>\n\n\n\n<li><strong><a href=\"https:\/\/www.sisinternational.com\/es\/el-comercio-minorista-tradicional-y-la-revolucion-movil\/\" title=\"Investigaci\u00f3n de mercado minorista m\u00f3vil\" data-wpil-monitor-id=\"9800\">mobile market research<\/a>:<\/strong> Dado que la mayor parte de la navegaci\u00f3n en Internet se realiza actualmente en dispositivos m\u00f3viles, la investigaci\u00f3n de mercado m\u00f3vil est\u00e1 en aumento. Las empresas est\u00e1n utilizando encuestas m\u00f3viles, investigaciones basadas en la ubicaci\u00f3n y datos de uso de dispositivos m\u00f3viles para obtener informaci\u00f3n sobre el comportamiento de los clientes.<\/li>\n<\/ul>\n\n\n\n<h2 class=\"wp-block-heading\" id=\"opportunities-and-challenges-in-conducting-market-research-in-naples\">Oportunidades y desaf\u00edos al realizar investigaciones de mercado en N\u00e1poles<\/h2>\n\n\n\n<figure class=\"gb-block-image gb-block-image-65ef9f55\"><img loading=\"lazy\" decoding=\"async\" width=\"1456\" height=\"816\" class=\"gb-image gb-image-65ef9f55\" src=\"https:\/\/www.sisinternational.com\/wp-content\/uploads\/2025\/09\/Naples-Florida-1.jpg\" alt=\"Investigaci\u00f3n y estrategia de mercado internacional de SIS\" title=\"Naples, Florida (1)\" srcset=\"https:\/\/www.sisinternational.com\/wp-content\/uploads\/2025\/09\/Naples-Florida-1.jpg 1456w, https:\/\/www.sisinternational.com\/wp-content\/uploads\/2025\/09\/Naples-Florida-1-300x168.jpg 300w, https:\/\/www.sisinternational.com\/wp-content\/uploads\/2025\/09\/Naples-Florida-1-1024x574.jpg 1024w, https:\/\/www.sisinternational.com\/wp-content\/uploads\/2025\/09\/Naples-Florida-1-768x430.jpg 768w, https:\/\/www.sisinternational.com\/wp-content\/uploads\/2025\/09\/Naples-Florida-1-18x10.jpg 18w\" sizes=\"auto, (max-width: 1456px) 100vw, 1456px\"><\/figure>\n\n\n\n<p><\/p>\n\n\n\n<p>Al igual que cualquier actividad empresarial, realizar estudios de mercado en N\u00e1poles presenta su propio conjunto de desaf\u00edos y oportunidades \u00fanicos.<\/p>\n\n\n\n<h3 class=\"wp-block-heading\">Oportunidades:<\/h3>\n\n\n\n<ul class=\"wp-block-list\">\n<li><strong>Panorama empresarial pr\u00f3spero:<\/strong> N\u00e1poles alberga un pr\u00f3spero panorama empresarial con una amplia gama de industrias. Esto ofrece amplias oportunidades para que las empresas participen en diversos tipos de investigaciones de mercado.<\/li>\n\n\n\n<li><strong>\u00c9nfasis creciente en la experiencia del cliente:<\/strong> A medida que las empresas en N\u00e1poles se centran cada vez m\u00e1s en mejorar la experiencia del cliente, existen oportunidades para realizar investigaciones de mercado m\u00e1s profundas y especializadas centradas en el cliente.<\/li>\n\n\n\n<li><strong>Acceso a una gran cantidad de datos:<\/strong> Con la proliferaci\u00f3n de las tecnolog\u00edas digitales, las empresas tienen acceso a una gran cantidad de datos, lo que presenta oportunidades para una investigaci\u00f3n de mercado m\u00e1s completa y granular.<\/li>\n<\/ul>\n\n\n\n<h3 class=\"wp-block-heading\">Desaf\u00edos:<\/h3>\n\n\n\n<ul class=\"wp-block-list\">\n<li><strong>Cambios estacionales de poblaci\u00f3n:<\/strong> Naples is known for its fluctuating population, with a significant increase in residents during the winter months. This presents a challenge for <a href=\"https:\/\/www.sisinternational.com\/es\/b2b-market-research-strategies-and-techniques\/\" title=\"B2B Market Research Strategies and Techniques\" data-wpil-monitor-id=\"9803\">market research as it requires strategies<\/a> to accurately account for these variations.<\/li>\n\n\n\n<li><strong>Diversos datos demogr\u00e1ficos:<\/strong> N\u00e1poles alberga un grupo demogr\u00e1fico diverso, desde jubilados hasta familias j\u00f3venes y profesionales en activo. Comprender las diversas necesidades y preferencias de estos distintos grupos puede resultar complejo.<\/li>\n\n\n\n<li><strong>Cambios r\u00e1pidos del mercado:<\/strong> Con la industria tecnol\u00f3gica en crecimiento y los h\u00e1bitos de los consumidores evolucionando r\u00e1pidamente, las empresas deben mantenerse actualizadas y adaptarse r\u00e1pidamente. Esto requiere una investigaci\u00f3n de mercado continua y actualizada.<\/li>\n<\/ul>\n\n\n\n<h2 class=\"wp-block-heading\" id=\"future-prospects-of-market-research-in-naples\">Perspectivas futuras de la investigaci\u00f3n de mercado en N\u00e1poles<\/h2>\n\n\n\n<figure class=\"gb-block-image gb-block-image-61384dc3\"><img loading=\"lazy\" decoding=\"async\" width=\"1456\" height=\"816\" class=\"gb-image gb-image-61384dc3\" src=\"https:\/\/www.sisinternational.com\/wp-content\/uploads\/2025\/09\/Naples-Florida-5.jpg\" alt=\"Investigaci\u00f3n y estrategia de mercado internacional de SIS\" title=\"Naples, Florida (5)\" srcset=\"https:\/\/www.sisinternational.com\/wp-content\/uploads\/2025\/09\/Naples-Florida-5.jpg 1456w, https:\/\/www.sisinternational.com\/wp-content\/uploads\/2025\/09\/Naples-Florida-5-300x168.jpg 300w, https:\/\/www.sisinternational.com\/wp-content\/uploads\/2025\/09\/Naples-Florida-5-1024x574.jpg 1024w, https:\/\/www.sisinternational.com\/wp-content\/uploads\/2025\/09\/Naples-Florida-5-768x430.jpg 768w, https:\/\/www.sisinternational.com\/wp-content\/uploads\/2025\/09\/Naples-Florida-5-18x10.jpg 18w\" sizes=\"auto, (max-width: 1456px) 100vw, 1456px\"><\/figure>\n\n\n\n<p><\/p>\n\n\n\n<p>La investigaci\u00f3n de mercado en N\u00e1poles est\u00e1 en camino de continuar su trayectoria de crecimiento e innovaci\u00f3n. Impulsado por los avances tecnol\u00f3gicos, el cambio en el comportamiento de los consumidores y la necesidad de conocimientos m\u00e1s pr\u00e1cticos, el futuro de la investigaci\u00f3n de mercado en esta regi\u00f3n presenta una serie de perspectivas prometedoras:<\/p>\n\n\n\n<ul class=\"wp-block-list\">\n<li><strong>Integraci\u00f3n de IA y aprendizaje autom\u00e1tico:<\/strong> AI and machine learning will increasingly become a part of <a href=\"https:\/\/www.sisinternational.com\/es\/soluciones\/investigacion-de-mercado-de-ia-y-consultoria-estrategica\/investigacion-de-mercado-de-ia-con-procesamiento-de-lenguaje-natural\/\" title=\"Investigaci\u00f3n de mercado de IA de procesamiento de lenguaje natural\" data-wpil-monitor-id=\"9799\">market research processes<\/a>, from data collection to analysis. These technologies can process large data sets quickly, recognize patterns, and offer predictive insights, all of which can dramatically enhance the quality of market research outcomes.<\/li>\n\n\n\n<li><strong>\u00c9nfasis en la experiencia del cliente:<\/strong> As businesses seek to differentiate themselves in a crowded marketplace, there will be a growing focus on improving the customer experience. Market research in Naples is essential to understand local customer needs and preferences, <a href=\"https:\/\/www.sisinternational.com\/es\/soluciones\/soluciones-de-branding-e-investigacion-de-clientes\/mapeo-del-recorrido-del-cliente\/\" title=\"Mapeo del recorrido del cliente\" data-wpil-monitor-id=\"9796\">mapping customer journeys<\/a>, and enhancing customer satisfaction.<\/li>\n\n\n\n<li><strong>Investigaci\u00f3n multicanal:<\/strong> A medida que los clientes interact\u00faan con empresas a trav\u00e9s de varios canales, se intensificar\u00e1 la necesidad de realizar investigaciones multicanal. Este tipo de investigaci\u00f3n proporciona una visi\u00f3n hol\u00edstica de la experiencia del cliente en todos los puntos de contacto, lo que ayuda a las empresas a mejorar su estrategia general.<\/li>\n\n\n\n<li><strong>Centrarse en la sostenibilidad:<\/strong> A medida que la sociedad se vuelve cada vez m\u00e1s consciente de la importancia de la sostenibilidad, las empresas utilizar\u00e1n la investigaci\u00f3n de mercado para comprender las actitudes de los clientes hacia las pr\u00e1cticas y productos ecol\u00f3gicos. Esta informaci\u00f3n guiar\u00e1 a las empresas en el desarrollo de pr\u00e1cticas y productos m\u00e1s sostenibles.<\/li>\n<\/ul>\n\n\n<h2>Nuestra ubicaci\u00f3n de instalaciones en Nueva York<\/h2>\n<p><!-- \/wp:post-content --> <!-- wp:html --> <iframe loading=\"lazy\" src=\"https:\/\/www.google.com\/maps\/embed?pb=!1m18!1m12!1m3!1d3022.976188376966!2d-73.99130312499956!3d40.740549471389315!2m3!1f0!2f0!3f0!3m2!1i1024!2i768!4f13.1!3m3!1m2!1s0x89c259a15798c731%3A0xd695d09bdd495f25!2s11%20E%2022nd%20St%20FL%202%2C%20New%20York%2C%20NY%2010010%2C%20USA!5e0!3m2!1sen!2spe!4v1726171763526!5m2!1sen!2spe\" width=\"600\" height=\"450\" allowfullscreen=\"allowfullscreen\" data-mce-fragment=\"1\"><\/iframe> <!-- \/wp:html --> <!-- wp:paragraph --><\/p>\n<h3 class=\"wp-block-heading\">11 E 22nd Street, Piso 2, Nueva York, NY 10010 T: +1(212) 505-6805<\/h3>\n<hr \/>\n<h2><span style=\"font-weight: 400;\">Acerca de SIS Internacional<\/span><\/h2>\n<p><a href=\"https:\/\/www.sisinternational.com\/es\/\"><span style=\"font-weight: 400;\">SIS Internacional<\/span><\/a><span style=\"font-weight: 400;\"> offers Quantitative, Qualitative, and Strategy Research. We provide data, tools, strategies, reports, and insights for decision-making. We also conduct interviews, surveys, focus groups, and other <a href=\"https:\/\/www.sisinternational.com\/es\/quantitative-market-research-methods-and-techniques\/\" title=\"Quantitative Market Research Methods and Techniques\" data-wpil-monitor-id=\"9797\">Market Research methods<\/a> and approaches.<\/span><a href=\"https:\/\/www.sisinternational.com\/es\/sobre-la-investigacion-internacional-de-sis\/contact-sis-international-market-research\/\"><span style=\"font-weight: 400;\"> P\u00f3ngase en contacto con nosotros<\/span><\/a><span style=\"font-weight: 400;\"> para su pr\u00f3ximo proyecto de Investigaci\u00f3n de Mercado.<\/span><\/p>\n<p><!-- wp:heading --><\/p>\n<h2 id=\"about-sis-international\" class=\"wp-block-heading\">\u00a0<\/h2>\n\n<!-- \/wp:heading -->","protected":false},"excerpt":{"rendered":"<p>La investigaci\u00f3n de mercado en N\u00e1poles muestra brillantes perspectivas de crecimiento e innovaci\u00f3n. La tecnolog\u00eda, el comportamiento del consumidor y los conocimientos dan forma al futuro de N\u00e1poles.<\/p>","protected":false},"author":1,"featured_media":66682,"parent":19303,"menu_order":63,"comment_status":"closed","ping_status":"closed","template":"","meta":{"footnotes":""},"class_list":["post-42915","page","type-page","status-publish","has-post-thumbnail"],"_links":{"self":[{"href":"https:\/\/www.sisinternational.com\/es\/wp-json\/wp\/v2\/pages\/42915","targetHints":{"allow":["GET"]}}],"collection":[{"href":"https:\/\/www.sisinternational.com\/es\/wp-json\/wp\/v2\/pages"}],"about":[{"href":"https:\/\/www.sisinternational.com\/es\/wp-json\/wp\/v2\/types\/page"}],"author":[{"embeddable":true,"href":"https:\/\/www.sisinternational.com\/es\/wp-json\/wp\/v2\/users\/1"}],"replies":[{"embeddable":true,"href":"https:\/\/www.sisinternational.com\/es\/wp-json\/wp\/v2\/comments?post=42915"}],"version-history":[{"count":5,"href":"https:\/\/www.sisinternational.com\/es\/wp-json\/wp\/v2\/pages\/42915\/revisions"}],"predecessor-version":[{"id":81629,"href":"https:\/\/www.sisinternational.com\/es\/wp-json\/wp\/v2\/pages\/42915\/revisions\/81629"}],"up":[{"embeddable":true,"href":"https:\/\/www.sisinternational.com\/es\/wp-json\/wp\/v2\/pages\/19303"}],"wp:featuredmedia":[{"embeddable":true,"href":"https:\/\/www.sisinternational.com\/es\/wp-json\/wp\/v2\/media\/66682"}],"wp:attachment":[{"href":"https:\/\/www.sisinternational.com\/es\/wp-json\/wp\/v2\/media?parent=42915"}],"curies":[{"name":"wp","href":"https:\/\/api.w.org\/{rel}","templated":true}]}}