{"id":42898,"date":"2023-07-20T21:24:06","date_gmt":"2023-07-21T01:24:06","guid":{"rendered":"https:\/\/www.sisinternational.com\/?page_id=42898"},"modified":"2026-01-27T16:35:02","modified_gmt":"2026-01-27T21:35:02","slug":"empresa-de-investigacion-de-mercado-del-caribe","status":"publish","type":"page","link":"https:\/\/www.sisinternational.com\/es\/cobertura\/investigacion-de-mercado-en-el-caribe\/empresa-de-investigacion-de-mercado-del-caribe\/","title":{"rendered":"Compa\u00f1\u00eda de investigaci\u00f3n de mercados del Caribe"},"content":{"rendered":"<h1 class=\"wp-block-heading\">Compa\u00f1\u00eda de investigaci\u00f3n de mercados del Caribe<\/h1>\n\n\n\n<figure class=\"gb-block-image gb-block-image-2a7df5bf\"><img loading=\"lazy\" decoding=\"async\" width=\"1456\" height=\"816\" class=\"gb-image gb-image-2a7df5bf\" src=\"https:\/\/www.sisinternational.com\/wp-content\/uploads\/2025\/09\/Dutch-Caribbean-1.jpg\" alt=\"Investigaci\u00f3n y estrategia de mercado internacional de SIS\" title=\"Dutch Caribbean (1)\" srcset=\"https:\/\/www.sisinternational.com\/wp-content\/uploads\/2025\/09\/Dutch-Caribbean-1.jpg 1456w, https:\/\/www.sisinternational.com\/wp-content\/uploads\/2025\/09\/Dutch-Caribbean-1-300x168.jpg 300w, https:\/\/www.sisinternational.com\/wp-content\/uploads\/2025\/09\/Dutch-Caribbean-1-1024x574.jpg 1024w, https:\/\/www.sisinternational.com\/wp-content\/uploads\/2025\/09\/Dutch-Caribbean-1-768x430.jpg 768w, https:\/\/www.sisinternational.com\/wp-content\/uploads\/2025\/09\/Dutch-Caribbean-1-18x10.jpg 18w\" sizes=\"auto, (max-width: 1456px) 100vw, 1456px\"><\/figure>\n\n\n\n<p><\/p>\n\n\n\n<hr class=\"wp-block-separator has-alpha-channel-opacity is-style-dots\"\/>\n\n\n\n<p>El Caribe ofrece un conjunto \u00fanico de oportunidades para las empresas. Sin embargo, aprovechar estas perspectivas requiere una comprensi\u00f3n profunda y matizada de la din\u00e1mica del mercado de la regi\u00f3n que s\u00f3lo el personal dedicado de una empresa de investigaci\u00f3n de mercados del Caribe puede proporcionar.<\/p>\n\n\n\n<p>Con asistencia calificada, una empresa global puede tener a su disposici\u00f3n conocimientos esenciales del mercado caribe\u00f1o basados en una investigaci\u00f3n sistem\u00e1tica, objetiva y exhaustiva.<\/p>\n\n\n\n<h2 class=\"wp-block-heading\">\u00bfQu\u00e9 hace una empresa de investigaci\u00f3n de mercados del Caribe?<\/h2>\n\n\n\n<p>A <a href=\"https:\/\/www.sisinternational.com\/es\/cobertura\/las-americas\/investigacion-de-mercado-en-el-caribe\/investigacion-de-mercado-caribe-holandes\/\" title=\"Investigaci\u00f3n de mercado en el Caribe holand\u00e9s\"  data-wpil-monitor-id=\"5818\">Investigaci\u00f3n de Mercado del Caribe<\/a> Company provides customized services that enable businesses to understand the region&#8217;s complex market environment, with an emphasis on the markets that best fit the company&#8217;s needs and have the greatest potential for future growth.<\/p>\n\n\n\n<p>Al realizar investigaciones exhaustivas y personalizadas, estas empresas brindan informaci\u00f3n valiosa sobre el comportamiento del consumidor, las tendencias del mercado, el panorama competitivo y los matices regulatorios espec\u00edficos del Caribe.<\/p>\n\n\n\n<h2 class=\"wp-block-heading\">La importancia de la investigaci\u00f3n de mercados en el Caribe<\/h2>\n\n\n\n<figure class=\"gb-block-image gb-block-image-a03178db\"><img loading=\"lazy\" decoding=\"async\" width=\"1456\" height=\"816\" class=\"gb-image gb-image-a03178db\" src=\"https:\/\/www.sisinternational.com\/wp-content\/uploads\/2025\/09\/Dutch-Caribbean-4.jpg\" alt=\"Investigaci\u00f3n y estrategia de mercado internacional de SIS\" title=\"Dutch Caribbean (4)\" srcset=\"https:\/\/www.sisinternational.com\/wp-content\/uploads\/2025\/09\/Dutch-Caribbean-4.jpg 1456w, https:\/\/www.sisinternational.com\/wp-content\/uploads\/2025\/09\/Dutch-Caribbean-4-300x168.jpg 300w, https:\/\/www.sisinternational.com\/wp-content\/uploads\/2025\/09\/Dutch-Caribbean-4-1024x574.jpg 1024w, https:\/\/www.sisinternational.com\/wp-content\/uploads\/2025\/09\/Dutch-Caribbean-4-768x430.jpg 768w, https:\/\/www.sisinternational.com\/wp-content\/uploads\/2025\/09\/Dutch-Caribbean-4-18x10.jpg 18w\" sizes=\"auto, (max-width: 1456px) 100vw, 1456px\"><\/figure>\n\n\n\n<p><\/p>\n\n\n\n<p>Market research is a fundamental pillar for any business seeking to succeed in a competitive environment \u2013 and the Caribbean region is no exception. A Caribbean <a href=\"https:\/\/www.sisinternational.com\/es\/cobertura\/las-americas\/cobertura-de-estados-unidos\/empresa-de-investigacion-de-mercado-atlanta\/\" title=\"Empresa de investigaci\u00f3n de mercado en Atlanta\"  data-wpil-monitor-id=\"6418\">Market Research Company<\/a> plays an essential role in helping businesses understand the intricacies of this diverse market.<\/p>\n\n\n\n<h3 class=\"wp-block-heading\">Por ejemplo, algunos de los elementos m\u00e1s cr\u00edticos que puede obtener un negocio son los siguientes:<\/h3>\n\n\n\n<ul class=\"wp-block-list\">\n<li><strong>Comprensi\u00f3n profunda del mercado:<\/strong> Una empresa de investigaci\u00f3n de mercado caribe\u00f1a proporciona a las empresas una imagen clara de estos mercados \u00fanicos. Identifica caracter\u00edsticas demogr\u00e1ficas y socioecon\u00f3micas clave, preferencias de los consumidores y tendencias que influyen en la din\u00e1mica del mercado.<\/li>\n\n\n\n<li><strong>Orientaci\u00f3n de la estrategia empresarial:<\/strong> The insights <a href=\"https:\/\/www.sisinternational.com\/es\/soluciones\/investigacion-de-mercado-de-ia-y-consultoria-estrategica\/investigacion-de-mercado-de-ia-generativa\/\" title=\"Investigaci\u00f3n de mercado de IA generativa\"  data-wpil-monitor-id=\"2044\">generated by a Caribbean Market Research<\/a> Company can significantly influence a business&#8217;s strategic decisions. These insights can guide aspects like product development, pricing, marketing and sales strategies \u2013 and even business expansion plans in the Caribbean region.<\/li>\n\n\n\n<li><strong>Mitigaci\u00f3n de riesgos:<\/strong> Entrar en un nuevo mercado o lanzar un nuevo producto siempre conlleva riesgos. En consecuencia, una investigaci\u00f3n de mercado integral puede ayudar a mitigar estos riesgos al proporcionar informaci\u00f3n basada en datos sobre posibles desaf\u00edos y oportunidades. Puede ayudar a las empresas globales a comprender el panorama competitivo, el entorno regulatorio y las posibles barreras de entrada.<\/li>\n\n\n\n<li><strong>Identificaci\u00f3n de oportunidades:<\/strong> Una empresa de investigaci\u00f3n de mercados del Caribe puede identificar y cuantificar oportunidades de mercado que las empresas podr\u00edan pasar por alto. Esto incluye nuevos segmentos de clientes, \u00e1reas geogr\u00e1ficas no explotadas, nichos de mercado y tendencias emergentes que podr\u00edan aprovecharse para el crecimiento.<\/li>\n\n\n\n<li><strong>Desarrollar la comprensi\u00f3n del cliente:<\/strong> Comprender el comportamiento, las preferencias y las necesidades de los clientes es clave para ofrecer productos y servicios que resuenen con el p\u00fablico objetivo en cualquier mercado caribe\u00f1o. Las empresas de investigaci\u00f3n de mercado brindan informaci\u00f3n detallada sobre los clientes, su recorrido de compra y los factores que influyen en sus decisiones de compra.<\/li>\n\n\n\n<li><strong>Seguimiento de los cambios del mercado:<\/strong> Like any other, the Caribbean market is dynamic and subject to change. Regular market <a href=\"https:\/\/www.sisinternational.com\/es\/pericia\/curriculums-de-experiencia\/investigacion-de-marca\/\" title=\"Empresa de investigaci\u00f3n de marca\"  data-wpil-monitor-id=\"6315\">research helps companies<\/a> keep track of market trends, competitors&#8217; strategies, changes in consumer behavior, and other factors that could affect the business, ensuring positive long-term performance.<\/li>\n<\/ul>\n\n\n\n<h2 class=\"wp-block-heading\">Oportunidades y desaf\u00edos para una empresa de investigaci\u00f3n de mercados del Caribe<\/h2>\n\n\n\n<h3 class=\"wp-block-heading\">Oportunidades:<\/h3>\n\n\n\n<ul class=\"wp-block-list\">\n<li><strong>Mercado diverso:<\/strong> El diverso mercado del Caribe ofrece m\u00faltiples oportunidades de inversi\u00f3n, especialmente en sectores como las finanzas y el turismo, pero tambi\u00e9n en otros sectores que no han alcanzado su m\u00e1ximo potencial y ofrecen grandes oportunidades de crecimiento con la digitalizaci\u00f3n y la automatizaci\u00f3n operativa.<\/li>\n\n\n\n<li><strong>Industria del turismo:<\/strong> La s\u00f3lida industria tur\u00edstica de la regi\u00f3n presenta oportunidades para la investigaci\u00f3n de mercados relacionados con los comportamientos, preferencias y patrones de gasto de los turistas. Comprender estas din\u00e1micas puede ser crucial para las empresas que operan en esta industria o se dirigen a ella.<\/li>\n\n\n\n<li><strong>Sectores Emergentes:<\/strong> A medida que evoluciona la econom\u00eda caribe\u00f1a, sectores emergentes como la energ\u00eda renovable, los servicios digitales y la agroindustria presentan nuevas v\u00edas para la investigaci\u00f3n y el an\u00e1lisis.<\/li>\n<\/ul>\n\n\n\n<p><\/p>\n\n\n\n<!DOCTYPE html>\n<html lang=\"en\">\n<head>\n    <meta charset=\"UTF-8\">\n    <meta name=\"viewport\" content=\"width=device-width, initial-scale=1.0\">\n    <title>Caribbean Key Market Sector Data<\/title>\n    <style>\n        \/* Responsive Table & SIS International-inspired Styling\n          - Uses a corporate blue and clean, sans-serif fonts.\n          - Fully responsive with horizontal scroll on small screens to prevent page distortion.\n        *\/\n        \n        .sis-table-container {\n            font-family: -apple-system, BlinkMacSystemFont, \"Segoe UI\", Roboto, Helvetica, Arial, sans-serif;\n            margin: 2em 0;\n            width: 100%;\n            \/* Allows horizontal scroll on small screens *\/\n            overflow-x: auto;\n            -webkit-overflow-scrolling: touch; \/* Smooth scrolling on iOS *\/\n        }\n\n        .sis-table-container h3 {\n            font-size: 1.5rem; \/* 24px *\/\n            font-weight: 600;\n            color: #333;\n            margin-bottom: 0.75em;\n            padding: 0;\n        }\n\n        .sis-table {\n            width: 100%;\n            border-collapse: collapse;\n            min-width: 650px; \/* Ensures layout preservation, container scrolls if needed *\/\n        }\n\n        .sis-table th,\n        .sis-table td {\n            padding: 12px 15px;\n            text-align: left;\n            line-height: 1.5;\n        }\n        \n        \/* Make country names visible without wrapping on mobile *\/\n        .sis-table td:first-child,\n        .sis-table th:first-child {\n            white-space: nowrap; \n        }\n\n        \/* Header Styling *\/\n        .sis-table thead th {\n            background-color: #005cbf; \/* SIS corporate blue *\/\n            color: #ffffff;\n            font-weight: 600;\n            font-size: 0.9rem; \/* 14.4px *\/\n            text-transform: uppercase;\n            letter-spacing: 0.5px;\n        }\n\n        \/* Body Styling *\/\n        .sis-table tbody tr {\n            border-bottom: 1px solid #ddd;\n        }\n\n        .sis-table tbody tr:nth-of-type(even) {\n            background-color: #f8f8f8; \/* Light gray alternate rows *\/\n        }\n\n        .sis-table tbody tr:last-of-type {\n            border-bottom: 2px solid #005cbf; \/* Match header blue *\/\n        }\n\n        .sis-table td {\n            color: #444;\n            font-size: 0.95rem; \/* 15.2px *\/\n            vertical-align: top;\n        }\n        \n        \/* Center-align data for better comparison *\/\n        .sis-table td:not(:first-child) {\n            text-align: center;\n        }\n        .sis-table th:not(:first-child) {\n            text-align: center;\n        }\n\n\n        .sis-table-container .source-caption {\n            margin-top: 10px;\n            font-size: 0.85rem; \/* 13.6px *\/\n            color: #555;\n            font-style: italic;\n        }\n\n        .sis-table-container .source-caption a {\n            color: #005cbf; \/* Match brand blue *\/\n            text-decoration: none;\n        }\n\n        .sis-table-container .source-caption a:hover {\n            text-decoration: underline;\n        }\n    <\/style>\n<\/head>\n<body>\n\n    <!-- \n      HTML for WordPress:\n      Copy and paste the code from .sis-table-container start to end into a Custom HTML block.\n    -->\n    <div class=\"sis-table-container\">\n        \n        <h3>Economic Sector Dependence in Major Caribbean Markets<\/h3>\n\n        <table class=\"sis-table\">\n            <thead>\n                <tr>\n                    <th>Major Economic Sector<\/th>\n                    <th>Barbados (Tourism-Led)<\/th>\n                    <th>Jamaica (Diversifying Economy)<\/th> \n                    <th><a href=\"https:\/\/www.sisinternational.com\/es\/cobertura\/las-americas\/investigacion-de-mercado-en-el-caribe\/investigacion-de-mercado-trinidad-tabago\/\" title=\"Investigaci\u00f3n de Mercado en Trinidad y Tobago\"  data-wpil-monitor-id=\"6200\">Trinidad &#038; Tobago<\/a> (Energy-Led)<\/th> \n                <\/tr>\n            <\/thead>\n            <tbody>\n                <tr>\n                    <td>Tourism &#038; Travel Contribution to GDP<\/td>\n                    <td>Very High (Over 35% direct\/indirect)<\/td>\n                    <td>High (Approx. 20-25% direct\/indirect)<\/td>\n                    <td>Low (Under 8%)<\/td>\n                <\/tr>\n                <tr>\n                    <td>Financial &#038; Business Services<\/td>\n                    <td>Medium (Key offshore sector)<\/td>\n                    <td>Medium (Focus on BPOs and logistics)<\/td>\n                    <td>Medium (Regional banking hub)<\/td>\n                <\/tr>\n                <tr>\n                    <td>Hydrocarbons (Oil &#038; Gas)<\/td>\n                    <td>Minimal (Focus on renewables)<\/td>\n                    <td>Minimal<\/td>\n                    <td>Very High (Dominant sector)<\/td>\n                <\/tr>\n                <tr>\n                    <td>Manufacturing &#038; Industry<\/td>\n                    <td>Low<\/td>\n                    <td>Medium (Food processing, construction)<\/td>\n                    <td>High (Petrochemicals, steel)<\/td>\n                <\/tr>\n            <\/tbody>\n        <\/table>\n\n        <p class=\"source-caption\">\n             Source: Data derived from recent economic assessments by the <a href=\"https:\/\/www.worldbank.org\/\" target=\"_blank\" rel=\"noopener noreferrer\">World Bank<\/a> y el <a href=\"https:\/\/www.caribank.org\/\" target=\"_blank\" rel=\"noopener noreferrer\">Caribbean Development Bank (CDB)<\/a> on GDP sectoral contributions and national account statistics.\n        <\/p>\n\n    <\/div>\n\n<\/body>\n<\/html>\n\n\n\n\n<p><\/p>\n\n\n\n<h3 class=\"wp-block-heading\">Desaf\u00edos:<\/h3>\n\n\n\n<ul class=\"wp-block-list\">\n<li><strong>Fragmentaci\u00f3n del mercado:<\/strong> The Caribbean is formed by several independent nations, each with its own characteristics. This fragmentation of the <a href=\"https:\/\/www.sisinternational.com\/es\/pericia\/industrias\/investigacion-de-mercado-de-butano\/\" title=\"Investigaci\u00f3n de mercado de butano\" data-wpil-monitor-id=\"3038\">market can make comprehensive research<\/a> more complex and time-consuming. In addition, the multiplicity of languages and cultures spoken in the Caribbean can make successful market entry difficult.<\/li>\n\n\n\n<li><strong>Accesibilidad de datos:<\/strong> A veces puede resultar dif\u00edcil adquirir datos fiables y actualizados, especialmente en islas m\u00e1s peque\u00f1as y zonas menos desarrolladas donde los datos no se actualizan con frecuencia o la informaci\u00f3n p\u00fablica no es del todo fiable.<\/li>\n\n\n\n<li><strong>Divisoria digital:<\/strong> Si bien la transformaci\u00f3n digital ofrece nuevas herramientas de investigaci\u00f3n, todav\u00eda existe una brecha digital en algunas partes del Caribe. Esto puede limitar el alcance y la eficacia de los m\u00e9todos de investigaci\u00f3n digitales.<\/li>\n<\/ul>\n\n\n\n<h2 class=\"wp-block-heading\">Mercados clave para la investigaci\u00f3n<\/h2>\n\n\n\n<ul class=\"wp-block-list\">\n<li><strong>Islas V\u00edrgenes Brit\u00e1nicas:<\/strong> The British Virgin Islands boast an economy driven predominantly by tourism and financial services, contributing the largest shares of the territory&#8217;s GDP. The British Virgin Islands also have a growing offshore incorporation sector, attracting international businesses. Therefore, a Caribbean <a href=\"https:\/\/www.sisinternational.com\/es\/dia-mundial-del-autismo\/\" title=\"Estudios de investigaci\u00f3n de mercado del autismo\" data-wpil-monitor-id=\"7439\">Market Research Company could focus on studying<\/a> trends and behaviors related to these sectors.<\/li>\n\n\n\n<li><strong>Islas Caim\u00e1n:<\/strong> Conocidas como un para\u00edso fiscal l\u00edder a nivel mundial, las Islas Caim\u00e1n tienen un sofisticado sector de servicios financieros, junto con una pr\u00f3spera industria tur\u00edstica. La investigaci\u00f3n de mercado aqu\u00ed podr\u00eda centrarse en las tendencias de los servicios financieros, incluidos los fondos de inversi\u00f3n, la banca y los seguros.<\/li>\n\n\n\n<li><strong>Caribe holand\u00e9s:<\/strong> El Caribe holand\u00e9s, que incluye mercados como Aruba, Bonaire y Curazao, presenta una variedad de oportunidades para la investigaci\u00f3n de mercado. Cada isla tiene sus caracter\u00edsticas \u00fanicas, pero el turismo, el transporte mar\u00edtimo y la refinaci\u00f3n de petr\u00f3leo son sectores comunes en toda la regi\u00f3n. Por ejemplo, mercados como Curazao se especializan en servicios financieros, mientras que Aruba es una potencia en el sector tur\u00edstico, y contar con datos y conocimientos locales de expertos puede marcar la diferencia entre una entrada exitosa al mercado y una inversi\u00f3n no rentable.<\/li>\n\n\n\n<li><strong>Islas Turcas y Caicos:<\/strong> La econom\u00eda de las Islas Turcas y Caicos depende en gran medida del turismo, el desarrollo inmobiliario y los servicios financieros extraterritoriales. La investigaci\u00f3n de mercado en este contexto puede implicar el estudio del comportamiento de los turistas y de los inversores inmobiliarios, las tendencias en el sector de la construcci\u00f3n y las pr\u00e1cticas bancarias extraterritoriales. Las islas tambi\u00e9n est\u00e1n experimentando un aumento en el turismo de lujo, lo que la convierte en un \u00e1rea valiosa para explorar.<\/li>\n\n\n\n<li><strong>Islas V\u00edrgenes de EE.UU:<\/strong> El turismo es un sector crucial en las Islas V\u00edrgenes de Estados Unidos, pero la manufactura, incluida la refinaci\u00f3n de petr\u00f3leo y la destilaci\u00f3n de ron, tambi\u00e9n desempe\u00f1a un papel importante. Una empresa de investigaci\u00f3n de mercados del Caribe puede investigar diversas \u00e1reas: desde tendencias tur\u00edsticas y comportamientos de la industria hotelera hasta pr\u00e1cticas de la industria manufacturera y din\u00e1micas del mercado.<\/li>\n\n\n\n<li><strong>Trinidad y Tobago:<\/strong> La econom\u00eda de Trinidad y Tobago es una de las m\u00e1s diversas del Caribe, con sectores s\u00f3lidos en petr\u00f3leo y gas, manufactura, turismo e industrias creativas. La investigaci\u00f3n de mercado aqu\u00ed puede abarcar desde el estudio de las tendencias de la industria del petr\u00f3leo y el gas hasta la comprensi\u00f3n de la din\u00e1mica del mercado manufacturero, los comportamientos de los turistas y el floreciente sector creativo y cultural.<\/li>\n<\/ul>\n\n\n\n<h2 class=\"wp-block-heading\">Perspectivas futuras para una empresa de investigaci\u00f3n de mercados caribe\u00f1a<\/h2>\n\n\n\n<figure class=\"gb-block-image gb-block-image-152e925c\"><img loading=\"lazy\" decoding=\"async\" width=\"1456\" height=\"816\" class=\"gb-image gb-image-152e925c\" src=\"https:\/\/www.sisinternational.com\/wp-content\/uploads\/2025\/09\/Dutch-Caribbean-4-1.jpg\" alt=\"Investigaci\u00f3n y estrategia de mercado internacional de SIS\" title=\"Dutch Caribbean 4\" srcset=\"https:\/\/www.sisinternational.com\/wp-content\/uploads\/2025\/09\/Dutch-Caribbean-4-1.jpg 1456w, https:\/\/www.sisinternational.com\/wp-content\/uploads\/2025\/09\/Dutch-Caribbean-4-1-300x168.jpg 300w, https:\/\/www.sisinternational.com\/wp-content\/uploads\/2025\/09\/Dutch-Caribbean-4-1-1024x574.jpg 1024w, https:\/\/www.sisinternational.com\/wp-content\/uploads\/2025\/09\/Dutch-Caribbean-4-1-768x430.jpg 768w, https:\/\/www.sisinternational.com\/wp-content\/uploads\/2025\/09\/Dutch-Caribbean-4-1-18x10.jpg 18w\" sizes=\"auto, (max-width: 1456px) 100vw, 1456px\"><\/figure>\n\n\n\n<ul class=\"wp-block-list\">\n<li><strong>Demanda creciente de informaci\u00f3n sobre el mercado:<\/strong> A medida que m\u00e1s empresas reconozcan el potencial del mercado caribe\u00f1o, aumentar\u00e1 la demanda de informaci\u00f3n detallada sobre el mercado. Empresas de todos los sectores buscar\u00e1n comprender los aspectos \u00fanicos del mercado caribe\u00f1o, impulsando el crecimiento de las empresas de investigaci\u00f3n de mercado en la regi\u00f3n.<\/li>\n\n\n\n<li><strong>Transformaci\u00f3n Digital:<\/strong> El ritmo acelerado de la transformaci\u00f3n digital en el Caribe presenta una oportunidad importante. A medida que m\u00e1s consumidores se conectan a Internet, hay una gran cantidad de datos disponibles para su an\u00e1lisis. Los m\u00e9todos de investigaci\u00f3n digital ser\u00e1n cada vez m\u00e1s cr\u00edticos y proporcionar\u00e1n informaci\u00f3n valiosa y en tiempo real sobre los comportamientos de los consumidores y las tendencias del mercado.<\/li>\n\n\n\n<li><strong>Mercados y sectores emergentes:<\/strong> The Caribbean economy is diversifying, with sectors such as renewable energy, digital services, and agri-business showing strong growth potential. As a result, a Caribbean Market <a href=\"https:\/\/www.sisinternational.com\/es\/mercado-de-fmcg-en-vietnam\/\" title=\"Mercado de bienes de consumo en Vietnam\" data-wpil-monitor-id=\"2446\">Research Company<\/a> helps in understanding these emerging markets and guiding businesses to tap into these opportunities.<\/li>\n<\/ul>","protected":false},"excerpt":{"rendered":"<p>Una empresa caribe\u00f1a de investigaci\u00f3n de mercados ayuda a las empresas a comprender sus mercados objetivo \u00fanicos e intrincados para una futura expansi\u00f3n.<\/p>","protected":false},"author":1,"featured_media":66255,"parent":33287,"menu_order":24,"comment_status":"closed","ping_status":"closed","template":"","meta":{"footnotes":""},"class_list":["post-42898","page","type-page","status-publish","has-post-thumbnail"],"_links":{"self":[{"href":"https:\/\/www.sisinternational.com\/es\/wp-json\/wp\/v2\/pages\/42898","targetHints":{"allow":["GET"]}}],"collection":[{"href":"https:\/\/www.sisinternational.com\/es\/wp-json\/wp\/v2\/pages"}],"about":[{"href":"https:\/\/www.sisinternational.com\/es\/wp-json\/wp\/v2\/types\/page"}],"author":[{"embeddable":true,"href":"https:\/\/www.sisinternational.com\/es\/wp-json\/wp\/v2\/users\/1"}],"replies":[{"embeddable":true,"href":"https:\/\/www.sisinternational.com\/es\/wp-json\/wp\/v2\/comments?post=42898"}],"version-history":[{"count":12,"href":"https:\/\/www.sisinternational.com\/es\/wp-json\/wp\/v2\/pages\/42898\/revisions"}],"predecessor-version":[{"id":81070,"href":"https:\/\/www.sisinternational.com\/es\/wp-json\/wp\/v2\/pages\/42898\/revisions\/81070"}],"up":[{"embeddable":true,"href":"https:\/\/www.sisinternational.com\/es\/wp-json\/wp\/v2\/pages\/33287"}],"wp:featuredmedia":[{"embeddable":true,"href":"https:\/\/www.sisinternational.com\/es\/wp-json\/wp\/v2\/media\/66255"}],"wp:attachment":[{"href":"https:\/\/www.sisinternational.com\/es\/wp-json\/wp\/v2\/media?parent=42898"}],"curies":[{"name":"wp","href":"https:\/\/api.w.org\/{rel}","templated":true}]}}