{"id":42893,"date":"2023-07-20T20:43:58","date_gmt":"2023-07-21T00:43:58","guid":{"rendered":"https:\/\/www.sisinternational.com\/?page_id=42893"},"modified":"2026-01-26T16:47:54","modified_gmt":"2026-01-26T21:47:54","slug":"empresa-de-consultoria-de-gestion-del-caribe","status":"publish","type":"page","link":"https:\/\/www.sisinternational.com\/es\/cobertura\/investigacion-de-mercado-en-el-caribe\/empresa-de-consultoria-de-gestion-del-caribe\/","title":{"rendered":"Empresa Caribe\u00f1a de Consultor\u00eda de Gesti\u00f3n"},"content":{"rendered":"<h1 class=\"wp-block-heading\">Empresa Caribe\u00f1a de Consultor\u00eda de Gesti\u00f3n<\/h1>\n\n\n\n<figure class=\"gb-block-image gb-block-image-60aca058\"><img loading=\"lazy\" decoding=\"async\" width=\"1456\" height=\"816\" class=\"gb-image gb-image-60aca058\" src=\"https:\/\/www.sisinternational.com\/wp-content\/uploads\/2025\/09\/Dutch-Caribbean-2.jpg\" alt=\"Investigaci\u00f3n y estrategia de mercado internacional de SIS\" title=\"Dutch Caribbean (2)\" srcset=\"https:\/\/www.sisinternational.com\/wp-content\/uploads\/2025\/09\/Dutch-Caribbean-2.jpg 1456w, https:\/\/www.sisinternational.com\/wp-content\/uploads\/2025\/09\/Dutch-Caribbean-2-300x168.jpg 300w, https:\/\/www.sisinternational.com\/wp-content\/uploads\/2025\/09\/Dutch-Caribbean-2-1024x574.jpg 1024w, https:\/\/www.sisinternational.com\/wp-content\/uploads\/2025\/09\/Dutch-Caribbean-2-768x430.jpg 768w, https:\/\/www.sisinternational.com\/wp-content\/uploads\/2025\/09\/Dutch-Caribbean-2-18x10.jpg 18w\" sizes=\"auto, (max-width: 1456px) 100vw, 1456px\"><\/figure>\n\n\n\n<p><\/p>\n\n\n\n<hr class=\"wp-block-separator has-alpha-channel-opacity is-style-dots\"\/>\n\n\n\n<p>Con su combinaci\u00f3n \u00fanica de mercados emergentes y establecidos, el Caribe ofrece muchas oportunidades para las empresas dispuestas a navegar en su distintivo panorama econ\u00f3mico, cultural y regulatorio.<\/p>\n\n\n\n<p>Sin embargo, para desbloquear estas oportunidades y superar los desaf\u00edos asociados, las empresas a menudo necesitan la asistencia de un socio experto que comprenda las complejidades de esta regi\u00f3n din\u00e1mica. Por esta raz\u00f3n, un socio como una empresa experta en Consultor\u00eda de Gesti\u00f3n del Caribe puede marcar la diferencia entre tener un negocio estable en la regi\u00f3n o una entrada fallida a uno de estos mercados.<\/p>\n\n\n\n<div class=\"wp-block-columns has-global-color-9-color has-text-color has-background has-link-color wp-elements-74a36e93fa5bf71a7063821cfc357653 is-layout-flex wp-container-core-columns-is-layout-9d6595d7 wp-block-columns-is-layout-flex\" style=\"background-color:#f7f9fa6e\">\n<div class=\"wp-block-column is-layout-flow wp-block-column-is-layout-flow\" style=\"flex-basis:18%\"><\/div>\n\n\n\n<div class=\"wp-block-column is-vertically-aligned-center is-layout-flow wp-block-column-is-layout-flow\" style=\"flex-basis:71.28%\">\n<div class=\"wp-block-rank-math-toc-block aligncenter has-global-color-9-color has-text-color has-link-color wp-elements-74bafc36ad6b0773fda60c2e0b78f1bc\" style=\"font-size:16px\" id=\"rank-math-toc\"><h2><br><strong>t<\/strong>able of Contents<\/h2><nav><ul><li class=\"\"><a href=\"#the-significance-of-a-caribbean-management-consulting-company\">La importancia de una empresa caribe\u00f1a de consultor\u00eda de gesti\u00f3n<\/a><\/li><li class=\"\"><a href=\"#what-kind-of-services-does-a-caribbean-management-consulting-company-provide\">\u00bfQu\u00e9 tipo de servicios brinda una empresa de consultor\u00eda de gesti\u00f3n del Caribe?<\/a><\/li><li class=\"\"><a href=\"#leveraging-opportunities-in-the-caribbean\">Aprovechando las oportunidades en el Caribe<\/a><\/li><li class=\"\"><a href=\"#challenges-of-the-caribbean-markets\">Desaf\u00edos de los mercados caribe\u00f1os<\/a><\/li><\/ul><\/nav><\/div>\n<\/div>\n<\/div>\n\n\n\n<h2 class=\"wp-block-heading\" id=\"the-significance-of-a-caribbean-management-consulting-company\">La importancia de una empresa caribe\u00f1a de consultor\u00eda de gesti\u00f3n<\/h2>\n\n\n\n<figure class=\"gb-block-image gb-block-image-18a7d35c\"><img loading=\"lazy\" decoding=\"async\" width=\"1456\" height=\"816\" class=\"gb-image gb-image-18a7d35c\" src=\"https:\/\/www.sisinternational.com\/wp-content\/uploads\/2025\/09\/Caribbran-5.jpg\" alt=\"Investigaci\u00f3n y estrategia de mercado internacional de SIS\" title=\"Caribbran (5)\" srcset=\"https:\/\/www.sisinternational.com\/wp-content\/uploads\/2025\/09\/Caribbran-5.jpg 1456w, https:\/\/www.sisinternational.com\/wp-content\/uploads\/2025\/09\/Caribbran-5-300x168.jpg 300w, https:\/\/www.sisinternational.com\/wp-content\/uploads\/2025\/09\/Caribbran-5-1024x574.jpg 1024w, https:\/\/www.sisinternational.com\/wp-content\/uploads\/2025\/09\/Caribbran-5-768x430.jpg 768w, https:\/\/www.sisinternational.com\/wp-content\/uploads\/2025\/09\/Caribbran-5-18x10.jpg 18w\" sizes=\"auto, (max-width: 1456px) 100vw, 1456px\"><\/figure>\n\n\n\n<p><\/p>\n\n\n\n<p class=\"p1\">A medida que el panorama empresarial se vuelve cada vez m\u00e1s global, es fundamental obtener la mayor cantidad de conocimientos locales posible para personalizar los productos y servicios seg\u00fan los est\u00e1ndares locales. Aqu\u00ed es donde entra en juego una empresa caribe\u00f1a de consultor\u00eda de gesti\u00f3n.<\/p>\n\n\n\n<p>Una empresa caribe\u00f1a de consultor\u00eda de gesti\u00f3n ofrece a las empresas orientaci\u00f3n estrat\u00e9gica y soluciones pr\u00e1cticas adaptadas al entorno \u00fanico de la regi\u00f3n. Sus servicios abarcan desde el desarrollo de estrategias comerciales y mejoras de la eficiencia operativa hasta la tecnolog\u00eda y la estrategia digital, todo ello destinado a permitir que las empresas prosperen en los mercados del Caribe.<\/p>\n\n\n\n<p>Adem\u00e1s, a medida que la econom\u00eda caribe\u00f1a se diversifica y surgen nuevos sectores, las empresas recurren a firmas de consultor\u00eda de gesti\u00f3n para que les ayuden a explorar estas nuevas oportunidades... Y una empresa de consultor\u00eda de gesti\u00f3n en el Caribe proporciona la experiencia necesaria para identificar \u00e1reas de crecimiento potencial, evaluar riesgos y dise\u00f1ar estrategias de entrada o expansi\u00f3n.<\/p>\n\n\n\n<h2 class=\"wp-block-heading\" id=\"what-kind-of-services-does-a-caribbean-management-consulting-company-provide\">\u00bfQu\u00e9 tipo de servicios brinda una empresa de consultor\u00eda de gesti\u00f3n del Caribe?<\/h2>\n\n\n\n<p>Los servicios de una empresa caribe\u00f1a de consultor\u00eda de gesti\u00f3n son diversos y abarcan diversos aspectos de las operaciones, la estrategia y la gesti\u00f3n empresarial. El objetivo es proporcionar soluciones integrales y personalizadas que aborden las necesidades y desaf\u00edos espec\u00edficos de operar en el entorno empresarial del Caribe.<\/p>\n\n\n\n<p><\/p>\n\n\n\n<!DOCTYPE html>\n<html lang=\"en\">\n<head>\n    <meta charset=\"UTF-8\">\n    <meta name=\"viewport\" content=\"width=device-width, initial-scale=1.0\">\n    <title>Caribbean Economic &#038; Investment Indicators<\/title>\n    <style>\n        \/* Responsive Table & SIS International-inspired Styling\n          - Uses a corporate blue and clean, sans-serif fonts.\n          - Fully responsive with horizontal scroll on small screens to prevent page distortion.\n        *\/\n        \n        .sis-table-container {\n            font-family: -apple-system, BlinkMacSystemFont, \"Segoe UI\", Roboto, Helvetica, Arial, sans-serif;\n            margin: 2em 0;\n            width: 100%;\n            \/* Allows horizontal scroll on small screens *\/\n            overflow-x: auto;\n            -webkit-overflow-scrolling: touch; \/* Smooth scrolling on iOS *\/\n        }\n\n        .sis-table-container h3 {\n            font-size: 1.5rem; \/* 24px *\/\n            font-weight: 600;\n            color: #333;\n            margin-bottom: 0.75em;\n            padding: 0;\n        }\n\n        .sis-table {\n            width: 100%;\n            border-collapse: collapse;\n            min-width: 600px; \/* Ensures layout preservation, container scrolls if needed *\/\n        }\n\n        .sis-table th,\n        .sis-table td {\n            padding: 12px 15px;\n            text-align: left;\n            line-height: 1.5;\n             \/* Prevent line breaks within cells *\/\n            white-space: nowrap;\n        }\n\n        \/* Header Styling *\/\n        .sis-table thead th {\n            background-color: #005cbf; \/* SIS corporate blue *\/\n            color: #ffffff;\n            font-weight: 600;\n            font-size: 0.9rem; \/* 14.4px *\/\n            text-transform: uppercase;\n            letter-spacing: 0.5px;\n        }\n\n        \/* Body Styling *\/\n        .sis-table tbody tr {\n            border-bottom: 1px solid #ddd;\n        }\n\n        .sis-table tbody tr:nth-of-type(even) {\n            background-color: #f8f8f8; \/* Light gray alternate rows *\/\n        }\n\n        .sis-table tbody tr:last-of-type {\n            border-bottom: 2px solid #005cbf; \/* Match header blue *\/\n        }\n\n        .sis-table td {\n            color: #444;\n            font-size: 0.95rem; \/* 15.2px *\/\n        }\n        \n        \/* Right-align numerical data *\/\n        .sis-table td:nth-child(2),\n        .sis-table td:nth-child(3) {\n            text-align: right;\n        }\n         .sis-table th:nth-child(2),\n         .sis-table th:nth-child(3) {\n            text-align: right;\n        }\n\n\n        .sis-table-container .source-caption {\n            margin-top: 10px;\n            font-size: 0.85rem; \/* 13.6px *\/\n            color: #555;\n            font-style: italic;\n        }\n\n        .sis-table-container .source-caption a {\n            color: #005cbf; \/* Match brand blue *\/\n            text-decoration: none;\n        }\n\n        .sis-table-container .source-caption a:hover {\n            text-decoration: underline;\n        }\n    <\/style>\n<\/head>\n<body>\n\n    <!-- \n      HTML for WordPress:\n      Copy and paste the code from .sis-table-container start to end into a Custom HTML block.\n    -->\n    <div class=\"sis-table-container\">\n        \n        <h3>Caribbean Economic Growth &#038; Investment Indicators<\/h3>\n\n        <table class=\"sis-table\">\n            <thead>\n                <tr>\n                    <th>Country<\/th>\n                    <th>Recent GDP Growth (Annual %)<\/th>\n                    <th>FDI, Net Inflows (% of GDP)<\/th> \n                <\/tr>\n            <\/thead>\n            <tbody>\n                <tr>\n                    <td>Dominican Republic<\/td>\n                    <td>2.4%<\/td>\n                    <td>3.5%<\/td>\n                <\/tr>\n                <tr>\n                    <td>Jamaica<\/td>\n                    <td>1.9%<\/td>\n                    <td>4.1%<\/td>\n                <\/tr>\n                <tr>\n                    <td>Las Bahamas<\/td>\n                    <td>4.3%<\/td>\n                    <td>3.9%<\/td>\n                <\/tr>\n                 <tr>\n                    <td><a href=\"https:\/\/www.sisinternational.com\/es\/cobertura\/las-americas\/investigacion-de-mercado-en-el-caribe\/investigacion-de-mercado-trinidad-tabago\/\" title=\"Investigaci\u00f3n de Mercado en Trinidad y Tobago\"  data-wpil-monitor-id=\"6208\">Trinidad y Tobago<\/a><\/td>\n                    <td>2.1%<\/td>\n                    <td>2.8%<\/td>\n                <\/tr>\n                 <tr>\n                    <td>Barbados<\/td>\n                    <td>4.4%<\/td>\n                    <td>3.1%<\/td>\n                <\/tr>\n            <\/tbody>\n        <\/table>\n\n        <p class=\"source-caption\">\n             Note: Data reflects figures for 2023. Source: <a href=\"https:\/\/data.worldbank.org\/indicator\/\" target=\"_blank\" rel=\"noopener noreferrer\">World Bank Data<\/a> (Indicators: NY.GDP.MKTP.KD.ZG, BX.KLT.DINV.WD.GD.ZS), accessed October 2025.\n        <\/p>\n\n    <\/div>\n\n<\/body>\n<\/html>\n\n\n\n\n<p><\/p>\n\n\n\n<h3 class=\"wp-block-heading\">A continuaci\u00f3n se detallan algunos servicios clave que ofrecen estas empresas:<\/h3>\n\n\n\n<ul class=\"wp-block-list\">\n<li><strong>Desarrollo de estrategia empresarial:<\/strong> Este servicio implica la creaci\u00f3n de estrategias comerciales s\u00f3lidas que se alineen con los objetivos de una empresa y las realidades del mercado caribe\u00f1o. Puede implicar an\u00e1lisis competitivo, segmentaci\u00f3n del mercado, estrategias de crecimiento y planificaci\u00f3n de contingencias destinadas a aprovechar las oportunidades y desaf\u00edos del mercado espec\u00edfico al que se dirige la empresa.<\/li>\n\n\n\n<li><strong>Mejoras en la eficiencia operativa:<\/strong> Una empresa caribe\u00f1a de consultor\u00eda de gesti\u00f3n ayuda a las corporaciones a optimizar sus operaciones para aumentar la eficiencia y la productividad bas\u00e1ndose en un conocimiento profundo de la cultura local y las preferencias de los consumidores. Esto puede incluir redise\u00f1o de procesos, gesti\u00f3n de la cadena de suministro, estrategias de reducci\u00f3n de costos y medidas de control de calidad mientras se cumple con todas las regulaciones locales.<\/li>\n\n\n\n<li><strong>Gesti\u00f3n de recursos humanos:<\/strong> Una empresa caribe\u00f1a de consultor\u00eda de gesti\u00f3n proporciona estrategias para una gesti\u00f3n eficaz de los recursos humanos, reconociendo que los mercados del Caribe son mucho m\u00e1s peque\u00f1os que lo que se ofrece en los principales mercados del mundo. Es por eso que se necesitan conocimientos y experiencia especializados para obtener talento especializado que se ajuste a la fuerza laboral global.<\/li>\n\n\n\n<li><strong>Tecnolog\u00eda y Estrategia Digital:<\/strong> En una era de r\u00e1pida transformaci\u00f3n digital, una empresa caribe\u00f1a de consultor\u00eda de gesti\u00f3n ayuda a las empresas globales a aprovechar la tecnolog\u00eda para mejorar sus operaciones. Los servicios pueden incluir evaluaciones de preparaci\u00f3n digital, estrategias de transformaci\u00f3n digital, planificaci\u00f3n de infraestructura de TI y medidas de ciberseguridad.<\/li>\n\n\n\n<li><strong>Gesti\u00f3n de riesgos:<\/strong> Dada la volatilidad del entorno empresarial global, las empresas caribe\u00f1as de consultor\u00eda de gesti\u00f3n brindan servicios en identificaci\u00f3n, evaluaci\u00f3n y estrategias de mitigaci\u00f3n de riesgos. Esto engloba varios tipos de riesgos, incluidos los financieros, operativos, pol\u00edticos y reputacionales. Tambi\u00e9n asegura que las estrategias adoptadas sean sostenibles en el largo plazo y puedan superar los desaf\u00edos que surgen en los mercados caribe\u00f1os.<\/li>\n\n\n\n<li><strong>Cumplimiento normativo:<\/strong> Dadas las diversas regulaciones en los pa\u00edses del Caribe, estas firmas consultoras ayudan a las empresas a garantizar el cumplimiento, mitigando as\u00ed los riesgos legales.<\/li>\n<\/ul>\n\n\n\n<h2 class=\"wp-block-heading\" id=\"leveraging-opportunities-in-the-caribbean\">Aprovechando las oportunidades en el Caribe<\/h2>\n\n\n\n<ul class=\"wp-block-list\">\n<li><strong>Turismo y Hospitalidad:<\/strong> La belleza natural y la riqueza cultural del Caribe lo convierten en un destino tur\u00edstico de primer nivel. Nuevas tendencias como el ecoturismo, el turismo patrimonial y el turismo de bienestar brindan oportunidades de diversificaci\u00f3n e innovaci\u00f3n dentro de este sector, que muchas empresas globales pueden aprovechar para diversificar sus negocios en el Caribe.<\/li>\n\n\n\n<li><strong>Servicios financieros:<\/strong> Muchos pa\u00edses del Caribe son ampliamente reconocidos como importantes centros financieros extraterritoriales. Las empresas que buscan navegar en este complejo sector pueden beneficiarse de la experiencia espec\u00edfica de la industria de una empresa de consultor\u00eda de gesti\u00f3n del Caribe, especialmente en mercados como las Islas V\u00edrgenes o las Bahamas que tienen regulaciones financieras favorables para los inversores extraterritoriales.<\/li>\n\n\n\n<li><strong>Transformaci\u00f3n Digital:<\/strong> El Caribe est\u00e1 experimentando un aumento en la transformaci\u00f3n digital en varios sectores, desde el comercio electr\u00f3nico y la tecnolog\u00eda financiera hasta la atenci\u00f3n m\u00e9dica digital y el trabajo remoto. Este cambio presenta oportunidades para que las empresas innoven, lleguen a nuevos clientes y optimicen sus operaciones en una regi\u00f3n con un fuerte potencial de crecimiento.<\/li>\n\n\n\n<li><strong>Energ\u00eda verde:<\/strong> Con abundante sol y viento, el Caribe tiene un enorme potencial para la energ\u00eda renovable. A medida que las tendencias globales cambian hacia la sostenibilidad, est\u00e1n surgiendo importantes oportunidades para las empresas de tecnolog\u00eda solar, e\u00f3lica y otras energ\u00edas renovables en un mercado casi inexplorado.<\/li>\n\n\n\n<li><strong>Agronegocios:<\/strong> El clima diverso y el suelo f\u00e9rtil del Caribe lo hacen adecuado para una variedad de actividades agr\u00edcolas. Existe potencial para el crecimiento y la innovaci\u00f3n en \u00e1reas como la agricultura org\u00e1nica, los cultivos especiales y el procesamiento agr\u00edcola.<\/li>\n\n\n\n<li><strong>Fabricaci\u00f3n y Exportaci\u00f3n:<\/strong> Caribbean countries offer opportunities for manufacturing, particularly in sectors like textiles, food processing, and pharmaceuticals. The proximity to major <a href=\"https:\/\/www.sisinternational.com\/es\/cobertura\/investigacion-de-mercado-africa\/investigacion-de-mercado-en-sudafrica\/\" title=\"Investigaci\u00f3n de mercado en Sud\u00e1frica\" data-wpil-monitor-id=\"6835\">markets in North and South<\/a> America is an advantage for companies seeking to manufacture products for export at reasonable prices.<\/li>\n<\/ul>\n\n\n\n<h2 class=\"wp-block-heading\" id=\"challenges-of-the-caribbean-markets\">Desaf\u00edos de los mercados caribe\u00f1os<\/h2>\n\n\n\n<figure class=\"gb-block-image gb-block-image-b13420ff\"><img loading=\"lazy\" decoding=\"async\" width=\"1456\" height=\"816\" class=\"gb-image gb-image-b13420ff\" src=\"https:\/\/www.sisinternational.com\/wp-content\/uploads\/2025\/09\/Dutch-Caribbean-5.jpg\" alt=\"Investigaci\u00f3n y estrategia de mercado internacional de SIS\" title=\"Dutch Caribbean (5)\" srcset=\"https:\/\/www.sisinternational.com\/wp-content\/uploads\/2025\/09\/Dutch-Caribbean-5.jpg 1456w, https:\/\/www.sisinternational.com\/wp-content\/uploads\/2025\/09\/Dutch-Caribbean-5-300x168.jpg 300w, https:\/\/www.sisinternational.com\/wp-content\/uploads\/2025\/09\/Dutch-Caribbean-5-1024x574.jpg 1024w, https:\/\/www.sisinternational.com\/wp-content\/uploads\/2025\/09\/Dutch-Caribbean-5-768x430.jpg 768w, https:\/\/www.sisinternational.com\/wp-content\/uploads\/2025\/09\/Dutch-Caribbean-5-18x10.jpg 18w\" sizes=\"auto, (max-width: 1456px) 100vw, 1456px\"><\/figure>\n\n\n\n<p><\/p>\n\n\n\n<p>Si bien el Caribe tiene un inmenso potencial empresarial, tambi\u00e9n presenta un conjunto \u00fanico de desaf\u00edos que las empresas deben afrontar para tener \u00e9xito. Una empresa caribe\u00f1a de consultor\u00eda de gesti\u00f3n desempe\u00f1a un papel crucial para ayudar a las empresas a abordar estos desaf\u00edos de manera efectiva, tales como:<\/p>\n\n\n\n<ul class=\"wp-block-list\">\n<li><strong>Entorno regulatorio:<\/strong> El Caribe comprende muchas naciones independientes, cada una con su propio panorama regulatorio. Estas empresas de consultor\u00eda pueden guiar a las empresas a trav\u00e9s de esta compleja gama de regulaciones, garantizando el cumplimiento y optimizando la eficiencia operativa. Por ejemplo, pueden ayudar a navegar cambios pol\u00edticos como la salida de varias de estas naciones de la Commonwealth o gestionar los cambios pol\u00edticos y econ\u00f3micos que esto conlleva, aprovechando todas las oportunidades de inversi\u00f3n que surjan en el camino.<\/li>\n\n\n\n<li><strong>Log\u00edstica e Infraestructura:<\/strong> La infraestructura y la log\u00edstica limitadas pueden plantear desaf\u00edos para las cadenas de suministro y las operaciones. La mayor\u00eda de estos mercados mantienen una infraestructura subdesarrollada que puede obstaculizar las operaciones. Estas firmas de consultor\u00eda ayudan a las empresas a dise\u00f1ar soluciones y estrategias innovadoras para mitigar estos desaf\u00edos.<\/li>\n\n\n\n<li><strong>Vulnerabilidad clim\u00e1tica:<\/strong> La susceptibilidad del Caribe a desastres naturales como huracanes puede alterar las operaciones comerciales. Con planificaci\u00f3n estrat\u00e9gica y gesti\u00f3n de riesgos, estas empresas de consultor\u00eda ayudan a las empresas a crear planes de resiliencia y continuidad.<\/li>\n\n\n\n<li><strong>Gesti\u00f3n de recursos humanos:<\/strong> Atraer y retener talentos puede ser un desaf\u00edo en algunas regiones del Caribe. Estas empresas proporcionan estrategias para gestionar eficazmente los recursos humanos, desde la adquisici\u00f3n de talento hasta el desarrollo y la retenci\u00f3n.<\/li>\n\n\n\n<li><strong>Sostenibilidad y RSE:<\/strong> Se espera cada vez m\u00e1s que las empresas sean socialmente responsables y sostenibles. En particular, en los mercados del Caribe, donde la tasa de pobreza es alta y las comunidades esperan una fuerte RSE.\u00a0<\/li>\n<\/ul>\n\n\n\n<p><\/p>\n\n\n<h2>Nuestra ubicaci\u00f3n de instalaciones en Nueva York<\/h2>\n<p><!-- \/wp:post-content --> <!-- wp:html --> <iframe loading=\"lazy\" src=\"https:\/\/www.google.com\/maps\/embed?pb=!1m18!1m12!1m3!1d3022.976188376966!2d-73.99130312499956!3d40.740549471389315!2m3!1f0!2f0!3f0!3m2!1i1024!2i768!4f13.1!3m3!1m2!1s0x89c259a15798c731%3A0xd695d09bdd495f25!2s11%20E%2022nd%20St%20FL%202%2C%20New%20York%2C%20NY%2010010%2C%20USA!5e0!3m2!1sen!2spe!4v1726171763526!5m2!1sen!2spe\" width=\"600\" height=\"450\" allowfullscreen=\"allowfullscreen\" data-mce-fragment=\"1\"><\/iframe> <!-- \/wp:html --> <!-- wp:paragraph --><\/p>\n<h3 class=\"wp-block-heading\">11 E 22nd Street, Piso 2, Nueva York, NY 10010 T: +1(212) 505-6805<\/h3>\n<hr \/>\n<h2><span style=\"font-weight: 400;\">Acerca de SIS Internacional<\/span><\/h2>\n<p><a href=\"https:\/\/www.sisinternational.com\/es\/\"><span style=\"font-weight: 400;\">SIS Internacional<\/span><\/a><span style=\"font-weight: 400;\"> ofrece investigaci\u00f3n cuantitativa, cualitativa y estrat\u00e9gica. Proporcionamos datos, herramientas, estrategias, informes y conocimientos para la toma de decisiones. Tambi\u00e9n realizamos entrevistas, encuestas, grupos focales y otros m\u00e9todos y enfoques de investigaci\u00f3n de mercado.<\/span><a href=\"https:\/\/www.sisinternational.com\/es\/sobre-la-investigacion-internacional-de-sis\/contact-sis-international-market-research\/\"><span style=\"font-weight: 400;\"> P\u00f3ngase en contacto con nosotros<\/span><\/a><span style=\"font-weight: 400;\"> para su pr\u00f3ximo proyecto de Investigaci\u00f3n de Mercado.<\/span><\/p>\n<p><!-- wp:heading --><\/p>\n<h2 id=\"about-sis-international\" class=\"wp-block-heading\">\u00a0<\/h2><!-- \/wp:heading -->","protected":false},"excerpt":{"rendered":"<p>Una empresa caribe\u00f1a de consultor\u00eda de gesti\u00f3n ofrece estrategias, operaciones, tecnolog\u00eda y orientaci\u00f3n digital personalizadas para ayudar a las empresas regionales.<\/p>","protected":false},"author":1,"featured_media":66256,"parent":33287,"menu_order":23,"comment_status":"closed","ping_status":"closed","template":"","meta":{"footnotes":""},"class_list":["post-42893","page","type-page","status-publish","has-post-thumbnail"],"_links":{"self":[{"href":"https:\/\/www.sisinternational.com\/es\/wp-json\/wp\/v2\/pages\/42893","targetHints":{"allow":["GET"]}}],"collection":[{"href":"https:\/\/www.sisinternational.com\/es\/wp-json\/wp\/v2\/pages"}],"about":[{"href":"https:\/\/www.sisinternational.com\/es\/wp-json\/wp\/v2\/types\/page"}],"author":[{"embeddable":true,"href":"https:\/\/www.sisinternational.com\/es\/wp-json\/wp\/v2\/users\/1"}],"replies":[{"embeddable":true,"href":"https:\/\/www.sisinternational.com\/es\/wp-json\/wp\/v2\/comments?post=42893"}],"version-history":[{"count":8,"href":"https:\/\/www.sisinternational.com\/es\/wp-json\/wp\/v2\/pages\/42893\/revisions"}],"predecessor-version":[{"id":80411,"href":"https:\/\/www.sisinternational.com\/es\/wp-json\/wp\/v2\/pages\/42893\/revisions\/80411"}],"up":[{"embeddable":true,"href":"https:\/\/www.sisinternational.com\/es\/wp-json\/wp\/v2\/pages\/33287"}],"wp:featuredmedia":[{"embeddable":true,"href":"https:\/\/www.sisinternational.com\/es\/wp-json\/wp\/v2\/media\/66256"}],"wp:attachment":[{"href":"https:\/\/www.sisinternational.com\/es\/wp-json\/wp\/v2\/media?parent=42893"}],"curies":[{"name":"wp","href":"https:\/\/api.w.org\/{rel}","templated":true}]}}