{"id":42861,"date":"2023-05-25T02:59:04","date_gmt":"2023-05-25T06:59:04","guid":{"rendered":"https:\/\/www.sisinternational.com\/?page_id=42861"},"modified":"2026-01-25T19:13:24","modified_gmt":"2026-01-26T00:13:24","slug":"investigacion-de-mercado-de-encuestas-politicas","status":"publish","type":"page","link":"https:\/\/www.sisinternational.com\/es\/pericia\/investigacion-de-mercado-de-encuestas-politicas\/","title":{"rendered":"Investigaci\u00f3n de mercado de encuestas pol\u00edticas"},"content":{"rendered":"<h1 class=\"wp-block-heading\">Investigaci\u00f3n de mercado de encuestas pol\u00edticas<\/h1>\n\n\n\n<figure class=\"gb-block-image gb-block-image-52e000fd\"><img loading=\"lazy\" decoding=\"async\" width=\"1456\" height=\"816\" class=\"gb-image gb-image-52e000fd\" src=\"https:\/\/www.sisinternational.com\/wp-content\/uploads\/2025\/08\/Political-polling-vote-3.jpg\" alt=\"Investigaci\u00f3n y estrategia de mercado internacional de SIS\" title=\"Political polling vote (3)\" srcset=\"https:\/\/www.sisinternational.com\/wp-content\/uploads\/2025\/08\/Political-polling-vote-3.jpg 1456w, https:\/\/www.sisinternational.com\/wp-content\/uploads\/2025\/08\/Political-polling-vote-3-300x168.jpg 300w, https:\/\/www.sisinternational.com\/wp-content\/uploads\/2025\/08\/Political-polling-vote-3-1024x574.jpg 1024w, https:\/\/www.sisinternational.com\/wp-content\/uploads\/2025\/08\/Political-polling-vote-3-768x430.jpg 768w, https:\/\/www.sisinternational.com\/wp-content\/uploads\/2025\/08\/Political-polling-vote-3-18x10.jpg 18w\" sizes=\"auto, (max-width: 1456px) 100vw, 1456px\"><\/figure>\n\n\n\n<p><\/p>\n\n\n\n<p>Las democracias modernas dependen en gran medida del papel de la investigaci\u00f3n de mercado de las encuestas pol\u00edticas para obtener una visi\u00f3n esencial de la opini\u00f3n p\u00fablica.<\/p>\n\n\n\n<p>Sin embargo, el impacto de estas encuestas es de gran alcance, ya que pueden influir en la opini\u00f3n p\u00fablica, ayudar a los formuladores de pol\u00edticas, restringir el poder de los pol\u00edticos e incluso predecir el resultado de las elecciones. Es por eso que la investigaci\u00f3n de mercado de las encuestas pol\u00edticas es fundamental para las democracias actuales, y su importancia cada vez mayor las convierte en una herramienta indispensable para evaluar la percepci\u00f3n de la democracia en todo el mundo.<\/p>\n\n\n\n<h2 class=\"wp-block-heading\">\u00bfQu\u00e9 es la investigaci\u00f3n de mercado de encuestas pol\u00edticas?<\/h2>\n\n\n\n<p>La investigaci\u00f3n de mercado de encuestas pol\u00edticas es una investigaci\u00f3n especializada realizada para comprender las opiniones y pensamientos del p\u00fablico sobre asuntos pol\u00edticos. El alcance de esta investigaci\u00f3n puede ser bastante amplio y puede involucrar actitudes p\u00fablicas hacia la pol\u00edtica, las pol\u00edticas p\u00fablicas y los impuestos, la migraci\u00f3n, la pobreza, la inflaci\u00f3n, entre muchos otros temas.<\/p>\n\n\n\n<p>El objetivo es garantizar que las personas que ocupan puestos de autoridad escuchen y consideren los puntos de vista de los ciudadanos. Tambi\u00e9n proporciona una metodolog\u00eda para monitorear la opini\u00f3n predominante del p\u00fablico durante un per\u00edodo prolongado que ayuda a los analistas a identificar cambios en las actitudes pol\u00edticas, as\u00ed como tendencias emergentes.<\/p>\n\n\n\n<h2 class=\"wp-block-heading\">\u00bfPor qu\u00e9 es importante hoy en d\u00eda la investigaci\u00f3n de mercado de las encuestas pol\u00edticas?<\/h2>\n\n\n\n<figure class=\"gb-block-image gb-block-image-df3291fa\"><img loading=\"lazy\" decoding=\"async\" width=\"1456\" height=\"816\" class=\"gb-image gb-image-df3291fa\" src=\"https:\/\/www.sisinternational.com\/wp-content\/uploads\/2025\/08\/Political-polling-vote-1.jpg\" alt=\"Investigaci\u00f3n y estrategia de mercado internacional de SIS\" title=\"Political polling vote (1)\" srcset=\"https:\/\/www.sisinternational.com\/wp-content\/uploads\/2025\/08\/Political-polling-vote-1.jpg 1456w, https:\/\/www.sisinternational.com\/wp-content\/uploads\/2025\/08\/Political-polling-vote-1-300x168.jpg 300w, https:\/\/www.sisinternational.com\/wp-content\/uploads\/2025\/08\/Political-polling-vote-1-1024x574.jpg 1024w, https:\/\/www.sisinternational.com\/wp-content\/uploads\/2025\/08\/Political-polling-vote-1-768x430.jpg 768w, https:\/\/www.sisinternational.com\/wp-content\/uploads\/2025\/08\/Political-polling-vote-1-18x10.jpg 18w\" sizes=\"auto, (max-width: 1456px) 100vw, 1456px\"><\/figure>\n\n\n\n<p><\/p>\n\n\n\n<p>La investigaci\u00f3n de mercado de encuestas pol\u00edticas se ha vuelto cr\u00edtica en un mundo cada vez m\u00e1s globalizado, en el que el papel de las democracias se mide cuidadosamente debido al efecto global que las pol\u00edticas de un pa\u00eds podr\u00edan tener en el resto del mundo.<\/p>\n\n\n\n<p>Adem\u00e1s, varias industrias tienen inter\u00e9s en el mercado de las encuestas pol\u00edticas, como partidos pol\u00edticos, candidatos, organismos gubernamentales, grupos de investigaci\u00f3n independientes e investigadores acad\u00e9micos, entre otros.<\/p>\n\n\n\n<p>En particular, la investigaci\u00f3n de mercado de encuestas pol\u00edticas es importante debido a los siguientes factores:<\/p>\n\n\n\n<p><strong>Dar forma a las estrategias pol\u00edticas<\/strong><\/p>\n\n\n\n<p>Las encuestas pol\u00edticas ayudan a los pol\u00edticos a comprender las preferencias de la gente y adaptar las estrategias de campa\u00f1a pol\u00edtica a las tendencias culturales y sociales actuales. Por ejemplo, si un pol\u00edtico identifica que la poblaci\u00f3n tiene una visi\u00f3n favorable sobre la migraci\u00f3n, generalmente agrega ese tema a su propuesta electoral en un intento de ganarse el favor de un mayor n\u00famero de votantes.<\/p>\n\n\n\n<p><strong>Predicci\u00f3n de los resultados de las elecciones:<\/strong><\/p>\n\n\n\n<p>Si bien las encuestas pol\u00edticas conllevan imprecisiones, permiten a los investigadores proporcionar un pron\u00f3stico confiable de los resultados electorales. Por lo tanto, analizar las tendencias actuales y los cambios en el sentimiento p\u00fablico puede dar una idea de los posibles impactos en los resultados electorales.<\/p>\n\n\n\n<p><strong>Elaboraci\u00f3n de pol\u00edticas<\/strong><\/p>\n\n\n\n<p>La investigaci\u00f3n de mercado de encuestas pol\u00edticas es una herramienta \u00fatil para que los responsables de la formulaci\u00f3n de pol\u00edticas prioricen sus acciones y respondan adecuadamente a las opiniones del p\u00fablico. Permite el an\u00e1lisis de los temas que preocupan a la poblaci\u00f3n, y los pol\u00edticos pueden priorizar los temas que aumentar\u00edan su popularidad.<\/p>\n\n\n\n<p><strong>Responsabilidad democr\u00e1tica<\/strong><\/p>\n\n\n\n<p>Para garantizar que la democracia sea plenamente funcional, todos los actores pol\u00edticos deben realizar encuestas peri\u00f3dicas para mantener a los pol\u00edticos conscientes de la opini\u00f3n p\u00fablica y alentarlos a gobernar teniendo en cuenta a sus electores.<\/p>\n\n\n\n<p><strong>Informes de medios<\/strong><\/p>\n\n\n\n<p>Los resultados de las encuestas pol\u00edticas ofrecen una fuente confiable para que los medios de comunicaci\u00f3n cubran las opiniones del p\u00fablico y sigan la evoluci\u00f3n de la pol\u00edtica, moldeando la opini\u00f3n popular sobre un tema y desempe\u00f1ando un papel importante en la creaci\u00f3n de narrativas dentro de la pol\u00edtica e influyendo en las discusiones sobre ellos.<\/p>\n\n\n\n<h2 class=\"wp-block-heading\">Oportunidades y desaf\u00edos de la investigaci\u00f3n de mercado de encuestas pol\u00edticas<\/h2>\n\n\n\n<p>La naturaleza din\u00e1mica de la pol\u00edtica junto con las innovaciones tecnol\u00f3gicas y los cambios sociales presentan tanto oportunidades como obst\u00e1culos dentro de la investigaci\u00f3n de mercado de las encuestas pol\u00edticas. Estos cambios provocar\u00e1n que la investigaci\u00f3n en esta \u00e1rea cambie significativamente en los pr\u00f3ximos a\u00f1os, con la aparici\u00f3n de nuevas tecnolog\u00edas y cambios poblacionales.<\/p>\n\n\n\n<h3 class=\"wp-block-heading\">Oportunidades<\/h3>\n\n\n\n<ul class=\"wp-block-list\">\n<li><strong>An\u00e1lisis de grandes datos:<\/strong> El notable aumento de la informaci\u00f3n accesible brinda a los investigadores la posibilidad de implementar an\u00e1lisis de big data en las encuestas pol\u00edticas y obtener conocimientos m\u00e1s profundos sobre el sentimiento p\u00fablico en tiempo real, lo que har\u00e1 que la investigaci\u00f3n pol\u00edtica sea mucho m\u00e1s efectiva.<\/li>\n\n\n\n<li><strong>Inteligencia artificial (IA) y aprendizaje autom\u00e1tico (ML):<\/strong> El an\u00e1lisis de encuestas complicadas ser\u00e1 m\u00e1s f\u00e1cil mediante la utilizaci\u00f3n de <a href=\"https:\/\/azure.microsoft.com\/en-us\/resources\/cloud-computing-dictionary\/artificial-intelligence-vs-machine-learning\/#introduction\" target=\"_blank\" rel=\"noopener\">Tecnolog\u00edas de IA y ML<\/a>. Ayudar\u00e1n a los investigadores a descubrir patrones ocultos y predecir desarrollos futuros con mayor precisi\u00f3n.<\/li>\n\n\n\n<li><strong>Encuestas en l\u00ednea y m\u00f3viles:<\/strong> A medida que el uso global de Internet y los dispositivos m\u00f3viles crece r\u00e1pidamente, es m\u00e1s probable que involucre a diversos segmentos de la poblaci\u00f3n a trav\u00e9s de encuestas en l\u00ednea y m\u00f3viles. Al utilizar estos m\u00e9todos, los investigadores pueden mejorar potencialmente las tasas de respuesta y al mismo tiempo recibir comentarios instant\u00e1neos.<\/li>\n\n\n\n<li><strong>Comparaciones transnacionales:<\/strong> La creciente globalizaci\u00f3n de las encuestas pol\u00edticas ha resultado en un crecimiento de las oportunidades para comparar opiniones p\u00fablicas en todo el mundo, captando la influencia de los eventos internacionales en la pol\u00edtica interna junto con las tendencias pol\u00edticas globales.<\/li>\n<\/ul>\n\n\n\n<h2 class=\"wp-block-heading\">Desaf\u00edos de la investigaci\u00f3n de mercado de las encuestas pol\u00edticas<\/h2>\n\n\n\n<figure class=\"gb-block-image gb-block-image-0f87b44a\"><img loading=\"lazy\" decoding=\"async\" width=\"1456\" height=\"816\" class=\"gb-image gb-image-0f87b44a\" src=\"https:\/\/www.sisinternational.com\/wp-content\/uploads\/2025\/08\/Political-polling-vote-2.jpg\" alt=\"Investigaci\u00f3n y estrategia de mercado internacional de SIS\" title=\"Political polling vote (2)\" srcset=\"https:\/\/www.sisinternational.com\/wp-content\/uploads\/2025\/08\/Political-polling-vote-2.jpg 1456w, https:\/\/www.sisinternational.com\/wp-content\/uploads\/2025\/08\/Political-polling-vote-2-300x168.jpg 300w, https:\/\/www.sisinternational.com\/wp-content\/uploads\/2025\/08\/Political-polling-vote-2-1024x574.jpg 1024w, https:\/\/www.sisinternational.com\/wp-content\/uploads\/2025\/08\/Political-polling-vote-2-768x430.jpg 768w, https:\/\/www.sisinternational.com\/wp-content\/uploads\/2025\/08\/Political-polling-vote-2-18x10.jpg 18w\" sizes=\"auto, (max-width: 1456px) 100vw, 1456px\"><\/figure>\n\n\n\n<p><\/p>\n\n\n\n<p><strong>Muestreo representativo:<\/strong> Crear una muestra representativa que refleje con precisi\u00f3n la diversidad de la poblaci\u00f3n sigue siendo un desaf\u00edo, y utilizar muestras de mayor tama\u00f1o puede resultar costoso para la mayor\u00eda de las empresas que participan en esta industria.<\/p>\n\n\n\n<p><strong>Sesgo de respuesta:<\/strong> Las personas que responden pueden dar respuestas que reflejen deseabilidad social m\u00e1s que actitudes genuinas. Da como resultado respuestas inexactas. Adem\u00e1s, los votantes pueden cambiar de opini\u00f3n en un corto per\u00edodo de tiempo, afectando por completo los resultados de la investigaci\u00f3n.<\/p>\n\n\n\n<p><strong>Interpretaci\u00f3n e informes:<\/strong> La interpretaci\u00f3n y la informaci\u00f3n sobre los resultados de las encuestas tienen ramificaciones importantes en la configuraci\u00f3n de la percepci\u00f3n p\u00fablica, y los hechos sensacionalistas y simplistas tienen un impacto en la forma en que la gente entiende los resultados, especialmente en los programas de televisi\u00f3n y los tabloides.<\/p>\n\n\n\n<p><strong>Limitaciones predictivas:<\/strong> Las encuestas no siempre proporcionan una predicci\u00f3n precisa de los resultados electorales. El resultado de las encuestas pol\u00edticas seguir\u00e1 proporcionando una imagen general de la percepci\u00f3n de los votantes y no una predicci\u00f3n precisa del futuro.<\/p>\n\n\n\n<h2 class=\"wp-block-heading\">El futuro de la investigaci\u00f3n de mercado de las encuestas pol\u00edticas<\/h2>\n\n\n\n<p>Societal changes are transforming the <a href=\"https:\/\/www.sisinternational.com\/es\/pericia\/industrias\/investigacion-de-mercado-del-cambio-climatico\/\" title=\"Investigaci\u00f3n de mercado del cambio clim\u00e1tico\" data-wpil-monitor-id=\"4985\">investigaci\u00f3n de mercado de encuestas pol\u00edticas<\/a> space with cutting-edge techniques using emerging technologies. In any case, some of the trends expected in the coming years are:<\/p>\n\n\n\n<p><strong>Un aumento significativo de la IA:<\/strong> Se espera que aumente la aplicaci\u00f3n de la IA en la investigaci\u00f3n de mercado de las encuestas pol\u00edticas. Al estudiar las huellas digitales, como el uso de las redes sociales y el comportamiento en l\u00ednea, los investigadores pueden obtener informaci\u00f3n \u00fatil sobre la opini\u00f3n p\u00fablica y analizar datos en tiempo real para identificar informaci\u00f3n valiosa m\u00e1s r\u00e1pido que nunca.<\/p>\n\n\n\n<p><strong>Colaboraci\u00f3n mundial:<\/strong> La colaboraci\u00f3n mundial para las encuestas pol\u00edticas se ha convertido en una tendencia emergente, y comparar los resultados de las encuestas entre pa\u00edses puede proporcionar informaci\u00f3n valiosa sobre las tendencias pol\u00edticas globales y la influencia de los eventos internacionales en la pol\u00edtica interna.<\/p>\n\n\n\n<p><strong>Mayor transparencia y rendici\u00f3n de cuentas:<\/strong> A medida que la poblaci\u00f3n general adquiere m\u00e1s conocimientos sobre el mundo pol\u00edtico y exige una mayor privacidad en l\u00ednea, es posible ver una mayor demanda de transparencia sobre c\u00f3mo se realizan las encuestas, lo que podr\u00eda conducir a mejores metodolog\u00edas y un uso responsable de los datos de las encuestas.<\/p>\n\n\n\n<h2 class=\"wp-block-heading\">Principales pa\u00edses para la investigaci\u00f3n de mercado de encuestas pol\u00edticas<\/h2>\n\n\n\n<p>Political polling market research is a global industry, but certain countries and regions stand out due to their vibrant political landscapes and advanced <a class=\"wpil_keyword_link\" href=\"https:\/\/www.sisinternational.com\/es\/pericia\/industrias\/\" title=\"Industrias\" data-wpil-keyword-link=\"linked\" data-wpil-monitor-id=\"344\">industrias de investigaci\u00f3n de mercado<\/a>. Here are a few of them that stand out in the global political landscape:<\/p>\n\n\n\n<h3 class=\"wp-block-heading\">Am\u00e9rica del Norte y el Caribe<\/h3>\n\n\n\n<p><strong>Estados Unidos de Am\u00e9rica<\/strong><\/p>\n\n\n\n<p>En Estados Unidos, la investigaci\u00f3n de mercado de las encuestas pol\u00edticas ayuda a las principales fuerzas pol\u00edticas del pa\u00eds, como los partidos Republicano y Dem\u00f3crata, a descubrir las principales preocupaciones de sus votantes y ajustar sus discursos a esas expectativas. Asimismo, ayuda a los investigadores a mantener un an\u00e1lisis constante de temas de preocupaci\u00f3n nacional que afectan la aceptaci\u00f3n de los pol\u00edticos y sus pol\u00edticas como la inmigraci\u00f3n, la inflaci\u00f3n y la seguridad interna, entre otros.<\/p>\n\n\n\n<p>Es por eso que los partidos, candidatos y grupos de inter\u00e9s emplean regularmente las encuestas pol\u00edticas para medir el sentimiento de los votantes, las preferencias pol\u00edticas y las probabilidades electorales. Por lo tanto, desempe\u00f1a un papel crucial en la formulaci\u00f3n de estrategias de campa\u00f1a, propuestas de pol\u00edticas y comprensi\u00f3n del estado de \u00e1nimo general del electorado.<\/p>\n\n\n\n<p><strong>Canad\u00e1<\/strong><\/p>\n\n\n\n<p>Dada la diversa poblaci\u00f3n del pa\u00eds y los amplios intereses regionales, una investigaci\u00f3n precisa del mercado de encuestas pol\u00edticas es fundamental para comprender los comportamientos electorales de los diferentes grupos demogr\u00e1ficos. Por lo tanto, los partidos pol\u00edticos, los candidatos y los responsables de la formulaci\u00f3n de pol\u00edticas dependen de ellos. datos para formular estrategias de campa\u00f1a y pol\u00edticas p\u00fablicas, y comprender el pulso p\u00fablico sobre diversos temas.<\/p>\n\n\n\n<p>Canad\u00e1 tiene un panorama pol\u00edtico m\u00e1s tranquilo en comparaci\u00f3n con Estados Unidos, ya que no hay una influencia importante de la pol\u00edtica de extrema izquierda y extrema derecha. Adem\u00e1s, al ser una monarqu\u00eda constitucional y tener una cultura s\u00f3lida que enfatiza la igualdad, Canad\u00e1 tiene una industria de encuestas pol\u00edticas estable.<\/p>\n\n\n\n<p>This kind of research provides clues about the <a href=\"https:\/\/www.sisinternational.com\/es\/cobertura\/las-americas\/investigacion-de-mercado-canada\/investigacion-de-mercado-quebec-canada\/\" title=\"Investigaci\u00f3n de mercado en Quebec, Canad\u00e1\" data-wpil-monitor-id=\"4826\">political<\/a> impact of major issues in Canada such as abortion laws, affordable housing, freedom of speech, and the impact of the Emergency Act, among other issues.<\/p>\n\n\n\n<p><strong>Barbados<\/strong><\/p>\n\n\n\n<p>Aunque este peque\u00f1o pa\u00eds caribe\u00f1o no tiene influencia global, reci\u00e9n se convirti\u00f3 en rep\u00fablica en 2021 cuando el monarca brit\u00e1nico fue sustituido como jefe de Estado por el presidente electo.<\/p>\n\n\n\n<p>Barbados ha dado un paso simb\u00f3lico para desvincularse del antiguo imperio brit\u00e1nico y, ahora, de otros pa\u00edses caribe\u00f1os como Jamaica, Granada, Antigua y Barbuda y San Crist\u00f3bal y Nieves; Est\u00e1n planeando convertirse en rep\u00fablicas y abandonar la monarqu\u00eda en los pr\u00f3ximos a\u00f1os.<\/p>\n\n\n\n<p>Esto podr\u00eda cambiar el panorama pol\u00edtico de la Commonwealth y probablemente intensificar la separaci\u00f3n de estos pa\u00edses a medida que crezcan los movimientos por los derechos de las minor\u00edas.<\/p>\n\n\n\n<p><strong>bahamas<\/strong><\/p>\n\n\n\n<p>Las Bahamas hab\u00edan anunciado su intenci\u00f3n de pasar a ser una rep\u00fablica, pero a\u00fan no lo hab\u00edan hecho formalmente.<\/p>\n\n\n\n<p>Significa que las Bahamas ya no reconocer\u00edan al monarca brit\u00e1nico como su jefe de Estado, reemplazando el cargo por un presidente elegido localmente. Sin embargo, es importante aclarar que convertirse en rep\u00fablica no significa necesariamente que las Bahamas abandonar\u00edan la Commonwealth inmediatamente. Muchas rep\u00fablicas, como India y Sud\u00e1frica, siguen siendo miembros de la Commonwealth y reconocen al monarca brit\u00e1nico como jefe de esta asociaci\u00f3n de antiguas colonias brit\u00e1nicas.<\/p>\n\n\n\n<h3 class=\"wp-block-heading\">Europa<\/h3>\n\n\n\n<p><strong>Reino Unido<\/strong><\/p>\n\n\n\n<p>Political polling <a class=\"wpil_keyword_link\" href=\"https:\/\/www.sisinternational.com\/es\/cobertura\/europa\/investigacion-de-mercado-reino-unido\/\" title=\"Investigaci\u00f3n de mercado en el Reino Unido\" data-wpil-keyword-link=\"linked\" data-wpil-monitor-id=\"343\">market research in the United Kingdom<\/a> is an established and vital facet of the nation&#8217;s political landscape. It includes regular local and national elections and significant events such as the Brexit Referendum, or the 2014 Scottish Independence Referendum.<\/p>\n\n\n\n<p>Adem\u00e1s, las encuestas en el Reino Unido tambi\u00e9n desempe\u00f1an un papel esencial a la hora de dar forma a los debates sobre pol\u00edticas p\u00fablicas y comprender los cambios en las tendencias sociales, especialmente cuando el Reino Unido ha tenido varios primeros ministros y tantos cambios de personal gubernamental en los \u00faltimos a\u00f1os.<\/p>\n\n\n\n<p><strong>Alemania<\/strong><\/p>\n\n\n\n<p>Political polling <a class=\"wpil_keyword_link\" href=\"https:\/\/www.sisinternational.com\/es\/cobertura\/europa\/investigacion-de-mercados-en-alemania-2\/\" title=\"Investigaci\u00f3n de mercado en Alemania\" data-wpil-keyword-link=\"linked\" data-wpil-monitor-id=\"345\">market research in Germany<\/a> holds a crucial position in the nation&#8217;s democratic process. With its federal structure and diverse political landscape, the demand for accurate and timely polling data is high, particularly in times of change after periods of stability led by Angela Merkel.<\/p>\n\n\n\n<p>Ahora, con la guerra en Ucrania y el aumento de los precios del gas, la percepci\u00f3n de los pol\u00edticos puede variar significativamente tanto a nivel nacional como local. Por lo tanto, en el per\u00edodo previo a las elecciones, las encuestas sirven como una herramienta vital para determinar el sentimiento p\u00fablico hacia diversos partidos pol\u00edticos y candidatos individuales.<\/p>\n\n\n\n<p>Sin embargo, m\u00e1s all\u00e1 del contexto electoral, las encuestas en Alemania desempe\u00f1an un papel fundamental para comprender la opini\u00f3n p\u00fablica sobre diversos asuntos pol\u00edticos, que van desde la transici\u00f3n energ\u00e9tica del pa\u00eds y la reforma educativa hasta la pol\u00edtica de inmigraci\u00f3n y las relaciones con la Uni\u00f3n Europea.<\/p>\n\n\n\n<h3 class=\"wp-block-heading\">Asia-Pac\u00edfico<\/h3>\n\n\n\n<figure class=\"gb-block-image gb-block-image-9d5d849d\"><img loading=\"lazy\" decoding=\"async\" width=\"1456\" height=\"816\" class=\"gb-image gb-image-9d5d849d\" src=\"https:\/\/www.sisinternational.com\/wp-content\/uploads\/2025\/08\/Political-polling-vote-4.jpg\" alt=\"Investigaci\u00f3n y estrategia de mercado internacional de SIS\" title=\"Political polling vote (4)\" srcset=\"https:\/\/www.sisinternational.com\/wp-content\/uploads\/2025\/08\/Political-polling-vote-4.jpg 1456w, https:\/\/www.sisinternational.com\/wp-content\/uploads\/2025\/08\/Political-polling-vote-4-300x168.jpg 300w, https:\/\/www.sisinternational.com\/wp-content\/uploads\/2025\/08\/Political-polling-vote-4-1024x574.jpg 1024w, https:\/\/www.sisinternational.com\/wp-content\/uploads\/2025\/08\/Political-polling-vote-4-768x430.jpg 768w, https:\/\/www.sisinternational.com\/wp-content\/uploads\/2025\/08\/Political-polling-vote-4-18x10.jpg 18w\" sizes=\"auto, (max-width: 1456px) 100vw, 1456px\"><\/figure>\n\n\n\n<p><strong>Jap\u00f3n<\/strong><\/p>\n\n\n\n<p>El panorama de las encuestas pol\u00edticas y la investigaci\u00f3n de mercados en Jap\u00f3n refleja la naturaleza compleja de su pol\u00edtica y econom\u00eda. El panorama pol\u00edtico multifac\u00e9tico de Jap\u00f3n est\u00e1 formado por partidos establecidos desde hace mucho tiempo, como el Partido Liberal Dem\u00f3crata, el Partido Dem\u00f3crata Constitucional y el Partido de la Innovaci\u00f3n de Jap\u00f3n; y nuevos partidos emergentes que aportan nuevas ideas al espacio pol\u00edtico.<\/p>\n\n\n\n<p>En cualquier caso, la investigaci\u00f3n de mercado est\u00e1 fuertemente impulsada por la tecnolog\u00eda avanzada de Jap\u00f3n. Se utilizan ampliamente herramientas digitales como encuestas en l\u00ednea, an\u00e1lisis de datos y monitoreo de redes sociales, lo que permite una recopilaci\u00f3n y an\u00e1lisis de datos r\u00e1pidos y extensos. Estos enfoques de alta tecnolog\u00eda han proporcionado una visi\u00f3n m\u00e1s precisa, profunda y oportuna del comportamiento de la opini\u00f3n p\u00fablica en cuestiones que pueden preocupar a la poblaci\u00f3n, como la disminuci\u00f3n de la poblaci\u00f3n o las tensas relaciones con China.<\/p>\n\n\n\n<p><strong>Corea del Sur<\/strong><\/p>\n\n\n\n<p>El vibrante sistema democr\u00e1tico del pa\u00eds, caracterizado por elecciones frecuentes y debates pol\u00edticos intensos, otorga considerable importancia a la opini\u00f3n p\u00fablica. Los partidos de todo el espectro pol\u00edtico utilizan datos de encuestas para comprender el sentimiento y las tendencias de los votantes, as\u00ed como para afinar sus mensajes y propuestas pol\u00edticas.<\/p>\n\n\n\n<p>En los \u00faltimos a\u00f1os, las encuestas han aportado informaci\u00f3n sobre temas que han surgido en la pol\u00edtica surcoreana como los esc\u00e1ndalos de corrupci\u00f3n que incluso terminaron con la condena a prisi\u00f3n de la expresidenta Park Geun-hye, las tensas relaciones con Corea del Norte, y el envejecimiento de la sociedad y las bajas tasas de natalidad. .<\/p>\n\n\n\n<p>Technology also plays a significant role in <a href=\"https:\/\/www.sisinternational.com\/es\/cobertura\/las-americas\/cobertura-de-estados-unidos\/investigacion-de-mercado-en-dakota-del-sur\/\" title=\"Investigaci\u00f3n de mercado en Dakota del Sur\" data-wpil-monitor-id=\"5485\">South Korea&#8217;s market research<\/a> scene. As one of the most digitally connected countries globally, online surveys and digital data analysis are widely utilized. Social media platforms, in particular, are a valuable resource for gauging public opinion and consumer behavior, thanks to the high level of social media engagement in the country. Advanced data analytics, AI, and machine learning are increasingly being used to process and interpret the vast amounts of data collected.<\/p>\n\n\n\n<p><\/p>","protected":false},"excerpt":{"rendered":"<p>La investigaci\u00f3n de mercado de encuestas pol\u00edticas es una industria global, pero ciertos pa\u00edses y regiones tienen paisajes pol\u00edticos vibrantes.<\/p>","protected":false},"author":1,"featured_media":64434,"parent":14514,"menu_order":315,"comment_status":"closed","ping_status":"closed","template":"","meta":{"footnotes":""},"class_list":["post-42861","page","type-page","status-publish","has-post-thumbnail"],"_links":{"self":[{"href":"https:\/\/www.sisinternational.com\/es\/wp-json\/wp\/v2\/pages\/42861","targetHints":{"allow":["GET"]}}],"collection":[{"href":"https:\/\/www.sisinternational.com\/es\/wp-json\/wp\/v2\/pages"}],"about":[{"href":"https:\/\/www.sisinternational.com\/es\/wp-json\/wp\/v2\/types\/page"}],"author":[{"embeddable":true,"href":"https:\/\/www.sisinternational.com\/es\/wp-json\/wp\/v2\/users\/1"}],"replies":[{"embeddable":true,"href":"https:\/\/www.sisinternational.com\/es\/wp-json\/wp\/v2\/comments?post=42861"}],"version-history":[{"count":7,"href":"https:\/\/www.sisinternational.com\/es\/wp-json\/wp\/v2\/pages\/42861\/revisions"}],"predecessor-version":[{"id":79258,"href":"https:\/\/www.sisinternational.com\/es\/wp-json\/wp\/v2\/pages\/42861\/revisions\/79258"}],"up":[{"embeddable":true,"href":"https:\/\/www.sisinternational.com\/es\/wp-json\/wp\/v2\/pages\/14514"}],"wp:featuredmedia":[{"embeddable":true,"href":"https:\/\/www.sisinternational.com\/es\/wp-json\/wp\/v2\/media\/64434"}],"wp:attachment":[{"href":"https:\/\/www.sisinternational.com\/es\/wp-json\/wp\/v2\/media?parent=42861"}],"curies":[{"name":"wp","href":"https:\/\/api.w.org\/{rel}","templated":true}]}}