{"id":42840,"date":"2023-05-08T13:58:14","date_gmt":"2023-05-08T17:58:14","guid":{"rendered":"https:\/\/www.sisinternational.com\/?page_id=42840"},"modified":"2026-01-26T18:50:41","modified_gmt":"2026-01-26T23:50:41","slug":"investigacion-de-mercado-de-camaron","status":"publish","type":"page","link":"https:\/\/www.sisinternational.com\/es\/pericia\/investigacion-de-mercado-de-camaron\/","title":{"rendered":"Investigaci\u00f3n de mercado de camarones"},"content":{"rendered":"<h1 class=\"wp-block-heading\">Investigaci\u00f3n de mercado de camarones<\/h1>\n\n\n\n<figure class=\"gb-block-image gb-block-image-81e2307a\"><img loading=\"lazy\" decoding=\"async\" width=\"1456\" height=\"816\" class=\"gb-image gb-image-81e2307a\" src=\"https:\/\/www.sisinternational.com\/wp-content\/uploads\/2025\/08\/Shrimp-9.jpg\" alt=\"Investigaci\u00f3n y estrategia de mercado internacional de SIS\" title=\"Shrimp (9)\" srcset=\"https:\/\/www.sisinternational.com\/wp-content\/uploads\/2025\/08\/Shrimp-9.jpg 1456w, https:\/\/www.sisinternational.com\/wp-content\/uploads\/2025\/08\/Shrimp-9-300x168.jpg 300w, https:\/\/www.sisinternational.com\/wp-content\/uploads\/2025\/08\/Shrimp-9-1024x574.jpg 1024w, https:\/\/www.sisinternational.com\/wp-content\/uploads\/2025\/08\/Shrimp-9-768x430.jpg 768w, https:\/\/www.sisinternational.com\/wp-content\/uploads\/2025\/08\/Shrimp-9-18x10.jpg 18w\" sizes=\"auto, (max-width: 1456px) 100vw, 1456px\"><\/figure>\n\n\n\n<p><\/p>\n\n\n\n<p>La investigaci\u00f3n del mercado del camar\u00f3n examina en profundidad la din\u00e1mica de oferta y demanda del mercado de la industria del camar\u00f3n, el comportamiento del consumidor, los sistemas de producci\u00f3n y distribuci\u00f3n, el panorama competitivo y el entorno regulatorio. El estudio tiene como objetivo recopilar datos y estrategias en la investigaci\u00f3n del mercado del camar\u00f3n que ayudar\u00e1n a las empresas a tomar decisiones informadas sobre marketing, desarrollo de productos, estrategias de precios y planificaci\u00f3n comercial general en la industria del camar\u00f3n. Esta investigaci\u00f3n se puede llevar a cabo utilizando una variedad de metodolog\u00edas, incluidas encuestas, entrevistas y an\u00e1lisis de datos de fuentes secundarias.<\/p>\n\n\n\n<h2 class=\"wp-block-heading\">Visi\u00f3n general del mercado<\/h2>\n\n\n\n<p>Shrimp is a famous shellfish in high demand worldwide due to its exquisite flavor and nutritional content. As a result, the shrimp market is a thriving industry that will continue to expand in the following years. Market research provides insights into factors driving the shrimp market include rising consumer health awareness, increased seafood demand, and expansion of aquaculture. The Asia-Pacific area leads the shrimp industry, with key producers and exporters including China, Thailand, and Indonesia. Other regions with significant market shares in the <a href=\"https:\/\/www.sisinternational.com\/es\/cobertura\/europa\/investigacion-de-mercado-jersey-europa\/\" title=\"Investigaci\u00f3n de mercado en Jersey, Europa\"  data-wpil-monitor-id=\"7076\">shrimp<\/a> industry include North America and Europe.<\/p>\n\n\n\n<h2 class=\"wp-block-heading\">Segmentos de investigaci\u00f3n de mercado<\/h2>\n\n\n\n<h3 class=\"wp-block-heading\">Los camarones se clasifican en numerosas categor\u00edas en la industria del camar\u00f3n seg\u00fan su tama\u00f1o, especie y procesamiento. A continuaci\u00f3n se muestran algunos de los tipos de camarones m\u00e1s frecuentes:<\/h3>\n\n\n\n<ul class=\"wp-block-list\">\n<li>Los camarones se clasifican seg\u00fan se capturen en agua dulce o salada.<\/li>\n\n\n\n<li>Los camarones pueden capturarse en estado silvestre o cultivarse en granjas y se clasifican seg\u00fan su forma de producci\u00f3n.<\/li>\n\n\n\n<li>Dependiendo de las preferencias del consumidor y la demanda del mercado, los camarones se pueden ofrecer con o sin cabeza.<\/li>\n\n\n\n<li>Los camarones se pueden comercializar crudos o cocidos y, por lo general, se procesan y envasan de manera diferente seg\u00fan el m\u00e9todo.<\/li>\n\n\n\n<li>Dependiendo de las preferencias del consumidor y la demanda del mercado, los camarones se pueden ofrecer con o sin c\u00e1scara.<\/li>\n\n\n\n<li>Los camarones tambi\u00e9n se clasifican seg\u00fan su tama\u00f1o, siendo el camar\u00f3n gigante el m\u00e1s grande y el camar\u00f3n peque\u00f1o el m\u00e1s peque\u00f1o.<\/li>\n<\/ul>\n\n\n\n<h2 class=\"wp-block-heading\">Impulsores del mercado en la industria del camar\u00f3n<\/h2>\n\n\n\n<figure class=\"gb-block-image gb-block-image-4b435443\"><img loading=\"lazy\" decoding=\"async\" width=\"1456\" height=\"816\" class=\"gb-image gb-image-4b435443\" src=\"https:\/\/www.sisinternational.com\/wp-content\/uploads\/2025\/08\/Shrimp-2.jpg\" alt=\"Investigaci\u00f3n y estrategia de mercado internacional de SIS\" title=\"Shrimp (2)\" srcset=\"https:\/\/www.sisinternational.com\/wp-content\/uploads\/2025\/08\/Shrimp-2.jpg 1456w, https:\/\/www.sisinternational.com\/wp-content\/uploads\/2025\/08\/Shrimp-2-300x168.jpg 300w, https:\/\/www.sisinternational.com\/wp-content\/uploads\/2025\/08\/Shrimp-2-1024x574.jpg 1024w, https:\/\/www.sisinternational.com\/wp-content\/uploads\/2025\/08\/Shrimp-2-768x430.jpg 768w, https:\/\/www.sisinternational.com\/wp-content\/uploads\/2025\/08\/Shrimp-2-18x10.jpg 18w\" sizes=\"auto, (max-width: 1456px) 100vw, 1456px\"><\/figure>\n\n\n\n<p><\/p>\n\n\n\n<h3 class=\"wp-block-heading\">Varios factores influyen en la oferta y la demanda en la industria del camar\u00f3n. Entre los impulsores del mercado se encuentran:<\/h3>\n\n\n\n<ul class=\"wp-block-list\">\n<li><strong>Beneficios de la salud -<\/strong> Los camarones son un refrigerio bajo en calor\u00edas y alto en prote\u00ednas con minerales como vitamina D, selenio y \u00e1cidos grasos omega-3. Como resultado, se considera un alimento nutritivo que atrae a los consumidores preocupados por su salud.<\/li>\n\n\n\n<li><strong>Aumento de la demanda -<\/strong> La demanda est\u00e1 aumentando. El crecimiento demogr\u00e1fico, los crecientes niveles de ingresos y los cambios en los gustos culinarios impulsan la demanda mundial de camar\u00f3n.<\/li>\n\n\n\n<li><strong>Industria de la acuicultura \u2013<\/strong> La acuicultura es un sector en crecimiento. La producci\u00f3n de camar\u00f3n ha aumentado a medida que ha crecido el negocio de la acuicultura, lo que ha hecho que est\u00e9 m\u00e1s disponible y sea m\u00e1s asequible para los clientes.<\/li>\n\n\n\n<li><strong>Sostenibilidad -<\/strong> La industria del camar\u00f3n se est\u00e1 volviendo m\u00e1s respetuosa con el medio ambiente y las empresas utilizan m\u00e9todos de abastecimiento responsable, trazabilidad y minimizaci\u00f3n de residuos.<\/li>\n<\/ul>\n\n\n\n<p>A medida que la industria evoluciona, las empresas deben mantenerse actualizadas sobre las \u00faltimas tendencias y desarrollos para seguir siendo competitivas.<\/p>\n\n\n\n<h2 class=\"wp-block-heading\">Realizaci\u00f3n de una investigaci\u00f3n de mercado del camar\u00f3n<\/h2>\n\n\n\n<h3 class=\"wp-block-heading\">Hay dos enfoques para recopilar datos y estrategias en la investigaci\u00f3n del mercado del camar\u00f3n: m\u00e9todos de investigaci\u00f3n cuantitativos y cualitativos.<\/h3>\n\n\n\n<p>La investigaci\u00f3n cuantitativa es un enfoque organizado y objetivo que analiza tendencias, patrones y relaciones utilizando datos estad\u00edsticos y num\u00e9ricos. Las encuestas, sondeos y an\u00e1lisis estad\u00edsticos se utilizan com\u00fanmente para medir y cuantificar el comportamiento, las opiniones y las preferencias de los clientes. Por ejemplo, se puede utilizar un m\u00e9todo de investigaci\u00f3n cuantitativa para evaluar el tama\u00f1o del mercado de camar\u00f3n, definir el segmento de mercado objetivo o evaluar la satisfacci\u00f3n del cliente con los productos de camar\u00f3n.<\/p>\n\n\n\n<p>Por el contrario, la investigaci\u00f3n cualitativa es una estrategia subjetiva y exploratoria que emplea datos no num\u00e9ricos para obtener informaci\u00f3n y comprender el comportamiento del cliente. Los grupos focales, las entrevistas y la observaci\u00f3n son enfoques comunes para recopilar informaci\u00f3n detallada sobre las percepciones, actitudes y experiencias de los consumidores. Por ejemplo, se puede utilizar un m\u00e9todo de investigaci\u00f3n cualitativa para investigar por qu\u00e9 los clientes prefieren ciertos productos de camar\u00f3n, comprender el valor cultural del camar\u00f3n en un mercado espec\u00edfico o identificar los impedimentos para la aceptaci\u00f3n de nuevos productos de camar\u00f3n.<\/p>\n\n\n\n<p>To acquire a full insight into the market, both quantitative and qualitative research methodologies can be used when doing <a href=\"https:\/\/www.sisinternational.com\/es\/cobertura\/investigacion-de-mercado-asia\/investigacion-de-mercado-en-timor\/\" title=\"Investigaci\u00f3n de mercado en Timor\"  data-wpil-monitor-id=\"4733\">shrimp<\/a> market research. A quantitative research approach, for example, can be used to gather numerical data on the size of the shrimp market, whilst a qualitative research method can be used to get insights into customer attitudes and preferences regarding shrimp products. Online surveys or market reports are further instances of quantitative <a href=\"https:\/\/www.sisinternational.com\/es\/pericia\/industrias\/investigacion-de-mercado-metaverso\/\" title=\"Investigaci\u00f3n de mercado del metaverso\"  data-wpil-monitor-id=\"4759\">investigaci\u00f3n<\/a> methods in shrimp market research, whereas focus groups or in-depth interviews with shrimp industry specialists are examples of qualitative research methods.<\/p>\n\n\n\n<h2 class=\"wp-block-heading\">Beneficios<\/h2>\n\n\n\n<figure class=\"gb-block-image gb-block-image-86abf324\"><img loading=\"lazy\" decoding=\"async\" width=\"1456\" height=\"816\" class=\"gb-image gb-image-86abf324\" src=\"https:\/\/www.sisinternational.com\/wp-content\/uploads\/2025\/08\/Shrimp-3.jpg\" alt=\"Investigaci\u00f3n y estrategia de mercado internacional de SIS\" title=\"Shrimp (3)\" srcset=\"https:\/\/www.sisinternational.com\/wp-content\/uploads\/2025\/08\/Shrimp-3.jpg 1456w, https:\/\/www.sisinternational.com\/wp-content\/uploads\/2025\/08\/Shrimp-3-300x168.jpg 300w, https:\/\/www.sisinternational.com\/wp-content\/uploads\/2025\/08\/Shrimp-3-1024x574.jpg 1024w, https:\/\/www.sisinternational.com\/wp-content\/uploads\/2025\/08\/Shrimp-3-768x430.jpg 768w, https:\/\/www.sisinternational.com\/wp-content\/uploads\/2025\/08\/Shrimp-3-18x10.jpg 18w\" sizes=\"auto, (max-width: 1456px) 100vw, 1456px\"><\/figure>\n\n\n\n<p><\/p>\n\n\n\n<p>La investigaci\u00f3n de mercado es una herramienta esencial para las empresas de la industria del camar\u00f3n. Estas son las razones por las que cualquier actor importante o interesado en ser parte del mercado del camar\u00f3n deber\u00eda realizar una investigaci\u00f3n de mercado:<\/p>\n\n\n\n<ul class=\"wp-block-list\">\n<li>Identificar el tama\u00f1o del mercado y el potencial de crecimiento. La investigaci\u00f3n del mercado del camar\u00f3n puede ayudar a las empresas a comprender el tama\u00f1o del mercado, el potencial de crecimiento y los factores clave que impulsan o impiden el crecimiento.<\/li>\n\n\n\n<li>Reconocer el comportamiento y las preferencias del consumidor. La investigaci\u00f3n de mercado proporciona informaci\u00f3n sobre las actitudes, comportamientos y preferencias de los consumidores por los productos de camar\u00f3n, lo que permite a las empresas personalizar sus ofertas para satisfacer los requisitos y deseos de sus clientes.<\/li>\n\n\n\n<li>Recognize and capitalize on market trends and opportunities. Businesses may remain ahead of their competitors and capitalize on new <a href=\"https:\/\/www.sisinternational.com\/es\/pericia\/industrias\/investigacion-de-mercado-de-butano\/\" title=\"Investigaci\u00f3n de mercado de butano\"  data-wpil-monitor-id=\"3041\">market niches by researching<\/a> market trends and recognizing emerging possibilities.<\/li>\n\n\n\n<li>Examinar la competitividad del mercado. La investigaci\u00f3n de mercado puede ayudar a las empresas a comprender las fortalezas, debilidades y planes de sus competidores, as\u00ed como a dise\u00f1ar estrategias efectivas de marketing y marca para diferenciarse.<\/li>\n\n\n\n<li>Se deben evaluar las t\u00e9cnicas de fijaci\u00f3n de precios y promoci\u00f3n. Las empresas pueden encontrar las t\u00e1cticas de fijaci\u00f3n de precios y las actividades promocionales m\u00e1s efectivas para maximizar los ingresos y la rentabilidad investigando m\u00e9todos de promoci\u00f3n y precios.<\/li>\n\n\n\n<li>Crear productos y servicios innovadores. La investigaci\u00f3n de mercado proporciona informaci\u00f3n sobre los requisitos y preferencias de los consumidores, lo que permite a las empresas desarrollar nuevos productos y servicios que se ajusten a las necesidades cambiantes de sus clientes.<\/li>\n\n\n\n<li>Determinar los canales de distribuci\u00f3n. La investigaci\u00f3n de mercado puede ayudar a las empresas a determinar los m\u00e9todos de distribuci\u00f3n m\u00e1s exitosos para sus productos, como tiendas f\u00edsicas o en l\u00ednea, mayoristas o canales directos al consumidor.<\/li>\n\n\n\n<li>Haga planes para una futura expansi\u00f3n. Las empresas pueden planificar el crecimiento futuro, tomar decisiones de inversi\u00f3n informadas y establecer estrategias estrat\u00e9gicas a largo plazo mediante el an\u00e1lisis de la din\u00e1mica y las tendencias del mercado.<\/li>\n<\/ul>\n\n\n\n<h2 class=\"wp-block-heading\">Acerca de la investigaci\u00f3n de mercado del camar\u00f3n<\/h2>\n\n\n\n<p>Shrimp market research is the act of collecting and evaluating data and strategies in shrimp market research in order to get insights into market trends, customer behavior, and competition. Surveys, focus groups, and data analysis are examples of quantitative and qualitative research methodologies. Shrimp market research is done&nbsp;to assist businesses in making informed decisions based on trustworthy data, identifying new opportunities, and remaining competitive in the industry. Businesses may build efficient marketing and branding strategies, introduce new products and services, and plan for future growth by investing in shrimp market research.<\/p>","protected":false},"excerpt":{"rendered":"<p>Camar\u00f3n La investigaci\u00f3n de mercado analiza la oferta y la demanda de la industria, el comportamiento del consumidor, la producci\u00f3n, la distribuci\u00f3n, la competencia y las regulaciones.<\/p>","protected":false},"author":1,"featured_media":64538,"parent":14514,"menu_order":314,"comment_status":"closed","ping_status":"closed","template":"","meta":{"footnotes":""},"class_list":["post-42840","page","type-page","status-publish","has-post-thumbnail"],"_links":{"self":[{"href":"https:\/\/www.sisinternational.com\/es\/wp-json\/wp\/v2\/pages\/42840","targetHints":{"allow":["GET"]}}],"collection":[{"href":"https:\/\/www.sisinternational.com\/es\/wp-json\/wp\/v2\/pages"}],"about":[{"href":"https:\/\/www.sisinternational.com\/es\/wp-json\/wp\/v2\/types\/page"}],"author":[{"embeddable":true,"href":"https:\/\/www.sisinternational.com\/es\/wp-json\/wp\/v2\/users\/1"}],"replies":[{"embeddable":true,"href":"https:\/\/www.sisinternational.com\/es\/wp-json\/wp\/v2\/comments?post=42840"}],"version-history":[{"count":8,"href":"https:\/\/www.sisinternational.com\/es\/wp-json\/wp\/v2\/pages\/42840\/revisions"}],"predecessor-version":[{"id":80639,"href":"https:\/\/www.sisinternational.com\/es\/wp-json\/wp\/v2\/pages\/42840\/revisions\/80639"}],"up":[{"embeddable":true,"href":"https:\/\/www.sisinternational.com\/es\/wp-json\/wp\/v2\/pages\/14514"}],"wp:featuredmedia":[{"embeddable":true,"href":"https:\/\/www.sisinternational.com\/es\/wp-json\/wp\/v2\/media\/64538"}],"wp:attachment":[{"href":"https:\/\/www.sisinternational.com\/es\/wp-json\/wp\/v2\/media?parent=42840"}],"curies":[{"name":"wp","href":"https:\/\/api.w.org\/{rel}","templated":true}]}}