{"id":42833,"date":"2023-05-08T12:54:20","date_gmt":"2023-05-08T16:54:20","guid":{"rendered":"https:\/\/www.sisinternational.com\/?page_id=42833"},"modified":"2026-01-27T15:25:52","modified_gmt":"2026-01-27T20:25:52","slug":"investigacion-de-mercado-de-pollo-frito","status":"publish","type":"page","link":"https:\/\/www.sisinternational.com\/es\/pericia\/investigacion-de-mercado-de-pollo-frito\/","title":{"rendered":"Investigaci\u00f3n de mercado de pollo frito"},"content":{"rendered":"<h1 class=\"wp-block-heading\">Investigaci\u00f3n de mercado de pollo frito<\/h1>\n\n\n\n<figure class=\"gb-block-image gb-block-image-448d0dfe\"><img loading=\"lazy\" decoding=\"async\" width=\"1456\" height=\"816\" class=\"gb-image gb-image-448d0dfe\" src=\"https:\/\/www.sisinternational.com\/wp-content\/uploads\/2025\/08\/Fried-chicken-2.jpg\" alt=\"Investigaci\u00f3n y estrategia de mercado internacional de SIS\" title=\"Fried chicken (2)\" srcset=\"https:\/\/www.sisinternational.com\/wp-content\/uploads\/2025\/08\/Fried-chicken-2.jpg 1456w, https:\/\/www.sisinternational.com\/wp-content\/uploads\/2025\/08\/Fried-chicken-2-300x168.jpg 300w, https:\/\/www.sisinternational.com\/wp-content\/uploads\/2025\/08\/Fried-chicken-2-1024x574.jpg 1024w, https:\/\/www.sisinternational.com\/wp-content\/uploads\/2025\/08\/Fried-chicken-2-768x430.jpg 768w, https:\/\/www.sisinternational.com\/wp-content\/uploads\/2025\/08\/Fried-chicken-2-18x10.jpg 18w\" sizes=\"auto, (max-width: 1456px) 100vw, 1456px\"><\/figure>\n\n\n\n<p><\/p>\n\n\n\n<p>La investigaci\u00f3n de mercado de pollo frito es un tipo particular de investigaci\u00f3n de mercado que busca recopilar datos e informaci\u00f3n sobre las preferencias, h\u00e1bitos y tendencias de los clientes en el mercado de pollo frito para guiar las decisiones de la empresa sobre el desarrollo de productos, las estrategias de marketing y el posicionamiento general en el mercado.<\/p>\n\n\n\n<p>El pollo frito es un plato popular que muchas personas han disfrutado durante generaciones. Es un plato que se puede encontrar en restaurantes, cadenas de comida r\u00e1pida e incluso en la cocina casera. El mercado del pollo frito ha experimentado un enorme crecimiento en los \u00faltimos a\u00f1os, y los consumidores exigen m\u00e1s opciones y variedades de pollo frito. El mercado del pollo frito tambi\u00e9n se ha beneficiado de la popularidad de las cadenas de comida r\u00e1pida y la comodidad que ofrecen.<\/p>\n\n\n\n<h2 class=\"wp-block-heading\">Segmento de mercado<\/h2>\n\n\n\n<p>El mercado del pollo frito se puede segmentar seg\u00fan el tipo de producto, el canal de distribuci\u00f3n y la regi\u00f3n. Seg\u00fan el tipo de producto, el mercado se puede clasificar en receta original, picante y otros. La receta original es el tipo de pollo frito m\u00e1s popular. El pollo picante y picante es el segundo tipo de pollo frito m\u00e1s popular.<\/p>\n\n\n\n<p>Seg\u00fan el canal de distribuci\u00f3n, el mercado del pollo frito se puede clasificar en restaurantes de servicio r\u00e1pido (QSR), restaurantes de servicio completo y otros. Los restaurantes de comida r\u00e1pida representan la mayor parte del mercado, seguidos de los restaurantes de servicio completo.<\/p>\n\n\n\n<p><strong>Ofertas de productos<\/strong><\/p>\n\n\n\n<p>El mercado del pollo frito ofrece una variedad de productos, que incluyen alitas de pollo, filetes de pollo, s\u00e1ndwiches de pollo y otros. Las alitas de pollo son el producto m\u00e1s popular, seguidas de los filetes de pollo. Los s\u00e1ndwiches de pollo frito tambi\u00e9n est\u00e1n ganando popularidad y muchas cadenas de comida r\u00e1pida est\u00e1n introduciendo s\u00e1ndwiches nuevos e innovadores en sus men\u00fas.<\/p>\n\n\n\n<h2 class=\"wp-block-heading\">Impulsores de la industria de investigaci\u00f3n de mercado de pollo frito<\/h2>\n\n\n\n<figure class=\"gb-block-image gb-block-image-c2d4c4fe\"><img loading=\"lazy\" decoding=\"async\" width=\"1456\" height=\"816\" class=\"gb-image gb-image-c2d4c4fe\" src=\"https:\/\/www.sisinternational.com\/wp-content\/uploads\/2025\/08\/Fried-chicken-4.jpg\" alt=\"Investigaci\u00f3n y estrategia de mercado internacional de SIS\" title=\"Fried chicken (4)\" srcset=\"https:\/\/www.sisinternational.com\/wp-content\/uploads\/2025\/08\/Fried-chicken-4.jpg 1456w, https:\/\/www.sisinternational.com\/wp-content\/uploads\/2025\/08\/Fried-chicken-4-300x168.jpg 300w, https:\/\/www.sisinternational.com\/wp-content\/uploads\/2025\/08\/Fried-chicken-4-1024x574.jpg 1024w, https:\/\/www.sisinternational.com\/wp-content\/uploads\/2025\/08\/Fried-chicken-4-768x430.jpg 768w, https:\/\/www.sisinternational.com\/wp-content\/uploads\/2025\/08\/Fried-chicken-4-18x10.jpg 18w\" sizes=\"auto, (max-width: 1456px) 100vw, 1456px\"><\/figure>\n\n\n\n<p><\/p>\n\n\n\n<h3 class=\"wp-block-heading\">La investigaci\u00f3n de mercado de pollo frito proporciona informaci\u00f3n sobre los numerosos factores que est\u00e1n afectando el crecimiento de la industria. Estos incluyen lo siguiente:<\/h3>\n\n\n\n<ul class=\"wp-block-list\">\n<li>Los consumidores buscan alimentos m\u00e1s convenientes y f\u00e1ciles de comer, y el pollo frito cumple con este requisito.<\/li>\n\n\n\n<li>Con el aumento de los ingresos disponibles, los consumidores est\u00e1n dispuestos a gastar m\u00e1s en alimentos, y esto ha llevado al crecimiento del mercado del pollo frito.<\/li>\n\n\n\n<li>El mercado del pollo frito es muy competitivo y las empresas innovan constantemente para atraer consumidores.<\/li>\n\n\n\n<li>Muchas cadenas de comida r\u00e1pida han introducido productos nuevos e innovadores en sus men\u00fas, como s\u00e1ndwiches de pollo con aderezos y salsas \u00fanicos.<\/li>\n<\/ul>\n\n\n\n<p>A medida que el mercado contin\u00faa creciendo, esperamos ver la introducci\u00f3n de productos nuevos e innovadores para satisfacer las necesidades cambiantes de los consumidores.<\/p>\n\n\n\n<h2 class=\"wp-block-heading\">Metodolog\u00eda de Investigaci\u00f3n de Mercado<\/h2>\n\n\n\n<p><strong>M\u00e9todos de investigaci\u00f3n cuantitativa<\/strong><\/p>\n\n\n\n<p>Quantitative research is about collecting and analyzing numerical data. This type of research typically involves surveys, experiments, or the analysis of large datasets to identify trends and patterns. Quantitative research is beneficial for <a href=\"https:\/\/www.sisinternational.com\/es\/pericia\/industrias\/investigacion-de-mercado-de-fideos\/\" title=\"Investigaci\u00f3n de mercado de fideos\"  data-wpil-monitor-id=\"3047\">market<\/a> research as it allows businesses to collect large amounts of data quickly and efficiently, which can help them make data-driven decisions about their product offerings, pricing, and marketing strategies.<\/p>\n\n\n\n<p><strong>A continuaci\u00f3n se muestran algunos ejemplos:<\/strong><\/p>\n\n\n\n<p>En el mercado del pollo frito, se puede realizar una encuesta para comprender la frecuencia de consumo, las marcas preferidas, las preferencias de sabor, la sensibilidad al precio y otros factores que influyen en la toma de decisiones del consumidor. Por ejemplo, se puede realizar una encuesta entre los consumidores de una ciudad o regi\u00f3n en particular para comprender sus patrones de consumo de pollo frito.<\/p>\n\n\n\n<p>El an\u00e1lisis de datos de ventas puede ayudar a las empresas a comprender el volumen de ventas, los ingresos y la rentabilidad de diversos productos, marcas y ubicaciones. El an\u00e1lisis de datos de ventas puede ayudar a las empresas a identificar los productos de pollo frito m\u00e1s vendidos y el momento del d\u00eda o el d\u00eda de la semana m\u00e1s popular para las ventas de pollo frito.<\/p>\n\n\n\n<p>Se puede utilizar la investigaci\u00f3n experimental para comprender el impacto de diversos factores, como el precio, el empaque y la publicidad, en el comportamiento del consumidor. Se puede realizar un experimento para comprender c\u00f3mo reaccionan los consumidores ante diferentes estrategias de precios para productos de pollo frito.<\/p>\n\n\n\n<p><strong>M\u00e9todos de investigaci\u00f3n cualitativa<\/strong><\/p>\n\n\n\n<p>Qualitative research is a method that involves collecting and analyzing non-numerical data, such as personal experiences, opinions, and attitudes. Qualitative research is beneficial for <a href=\"https:\/\/www.sisinternational.com\/es\/pericia\/industrias\/investigacion-de-mercado-de-plasticos\/\" title=\"Investigaci\u00f3n de mercado de pl\u00e1sticos\"  data-wpil-monitor-id=\"3079\">market<\/a> research as it allows businesses to gain a deeper understanding of consumer preferences and attitudes, which can inform their product development and marketing strategies. Below are some examples:<\/p>\n\n\n\n<ul class=\"wp-block-list\">\n<li>Los grupos focales se pueden utilizar para comprender las preferencias, percepciones y actitudes de los consumidores hacia los productos de pollo frito. Por ejemplo, se puede realizar un grupo focal para comprender por qu\u00e9 los consumidores prefieren ciertos tipos de pollo frito, como el picante o el suave.<\/li>\n\n\n\n<li>Los datos y estrategias en la investigaci\u00f3n de mercado de pollo frito se pueden recopilar a trav\u00e9s de entrevistas. Se pueden utilizar entrevistas en profundidad para comprender las preferencias de los consumidores frecuentes de pollo frito. Estas entrevistas se pueden realizar con consumidores que compran pollo frito m\u00e1s de una vez a la semana para comprender por qu\u00e9 eligen pollo frito en lugar de otros tipos de alimentos.<\/li>\n\n\n\n<li>La observaci\u00f3n se puede utilizar para comprender c\u00f3mo interact\u00faan los consumidores con los productos de pollo frito en restaurantes o cadenas de comida r\u00e1pida.<\/li>\n\n\n\n<li>Se puede realizar una observaci\u00f3n en una cadena de comida r\u00e1pida para comprender c\u00f3mo los clientes eligen sus productos de pollo frito, si prefieren ciertos tipos de salsas o guarniciones y c\u00f3mo consumen su pollo frito.<\/li>\n<\/ul>\n\n\n\n<h2 class=\"wp-block-heading\">Beneficios<\/h2>\n\n\n\n<figure class=\"gb-block-image gb-block-image-4def258f\"><img loading=\"lazy\" decoding=\"async\" width=\"1456\" height=\"816\" class=\"gb-image gb-image-4def258f\" src=\"https:\/\/www.sisinternational.com\/wp-content\/uploads\/2025\/08\/Fried-chicken-1.jpg\" alt=\"Investigaci\u00f3n y estrategia de mercado internacional de SIS\" title=\"Fried chicken (1)\" srcset=\"https:\/\/www.sisinternational.com\/wp-content\/uploads\/2025\/08\/Fried-chicken-1.jpg 1456w, https:\/\/www.sisinternational.com\/wp-content\/uploads\/2025\/08\/Fried-chicken-1-300x168.jpg 300w, https:\/\/www.sisinternational.com\/wp-content\/uploads\/2025\/08\/Fried-chicken-1-1024x574.jpg 1024w, https:\/\/www.sisinternational.com\/wp-content\/uploads\/2025\/08\/Fried-chicken-1-768x430.jpg 768w, https:\/\/www.sisinternational.com\/wp-content\/uploads\/2025\/08\/Fried-chicken-1-18x10.jpg 18w\" sizes=\"auto, (max-width: 1456px) 100vw, 1456px\"><\/figure>\n\n\n\n<p><\/p>\n\n\n\n<h3 class=\"wp-block-heading\">Aqu\u00ed hay diez razones principales por las que cualquier persona involucrada en la industria del pollo deber\u00eda realizar una investigaci\u00f3n de mercado del pollo frito:<\/h3>\n\n\n\n<ul class=\"wp-block-list\">\n<li>Market research provides insights into current <a href=\"https:\/\/www.sisinternational.com\/es\/investigacion-de-mercado-del-pop-coreano-k-pop\/\" title=\"Investigaci\u00f3n de mercado del pop coreano | k-pop\"  data-wpil-monitor-id=\"2645\">fried chicken market trends and consumer<\/a> preferences.<\/li>\n\n\n\n<li>Reconozca a sus competidores y c\u00f3mo presentan sus ofertas de pollo frito.<\/li>\n\n\n\n<li>Descubra qu\u00e9 m\u00e9todos de marketing son m\u00e1s eficaces para promocionar productos de pollo frito.<\/li>\n\n\n\n<li>Calcule las perspectivas de crecimiento en el sector del pollo frito.<\/li>\n\n\n\n<li>Identifica qu\u00e9 productos de pollo frito son los m\u00e1s populares y por qu\u00e9.<\/li>\n\n\n\n<li>Data and <a href=\"https:\/\/www.sisinternational.com\/es\/como-hacer-crecer-tu-negocio\/\" title=\"C\u00f3mo hacer crecer su negocio\"  data-wpil-monitor-id=\"7275\">strategies in fried chicken market research<\/a> can help determine potential hurdles when getting into the fried chicken business.<\/li>\n\n\n\n<li>Encuentre las rutas de distribuci\u00f3n m\u00e1s efectivas para la venta de productos de pollo frito.<\/li>\n\n\n\n<li>Comprenda c\u00f3mo las nuevas tecnolog\u00edas e innovaciones est\u00e1n afectando al mercado del pollo frito.<\/li>\n\n\n\n<li>Establecer estrategias para optimizar la oferta de productos para satisfacer mejor las necesidades de los consumidores.<\/li>\n\n\n\n<li>Descubra los peligros y desaf\u00edos potenciales para el mercado del pollo frito, como preocupaciones sobre la seguridad alimentaria o cambios regulatorios.<\/li>\n<\/ul>\n\n\n\n<h2 class=\"wp-block-heading\">Acerca de la investigaci\u00f3n de mercado del pollo frito<\/h2>\n\n\n\n<figure class=\"gb-block-image gb-block-image-3abecc54\"><img loading=\"lazy\" decoding=\"async\" width=\"1456\" height=\"816\" class=\"gb-image gb-image-3abecc54\" src=\"https:\/\/www.sisinternational.com\/wp-content\/uploads\/2025\/08\/Fried-chicken-5.jpg\" alt=\"Investigaci\u00f3n y estrategia de mercado internacional de SIS\" title=\"Fried chicken (5)\" srcset=\"https:\/\/www.sisinternational.com\/wp-content\/uploads\/2025\/08\/Fried-chicken-5.jpg 1456w, https:\/\/www.sisinternational.com\/wp-content\/uploads\/2025\/08\/Fried-chicken-5-300x168.jpg 300w, https:\/\/www.sisinternational.com\/wp-content\/uploads\/2025\/08\/Fried-chicken-5-1024x574.jpg 1024w, https:\/\/www.sisinternational.com\/wp-content\/uploads\/2025\/08\/Fried-chicken-5-768x430.jpg 768w, https:\/\/www.sisinternational.com\/wp-content\/uploads\/2025\/08\/Fried-chicken-5-18x10.jpg 18w\" sizes=\"auto, (max-width: 1456px) 100vw, 1456px\"><\/figure>\n\n\n\n<p><\/p>\n\n\n\n<p>La investigaci\u00f3n de mercado de pollo frito proporciona informaci\u00f3n y es una herramienta esencial para que las empresas de la industria comprendan mejor las necesidades, preferencias y comportamientos de los consumidores. Al realizar investigaciones, las empresas pueden identificar las tendencias actuales en el mercado, desarrollar estrategias de marketing espec\u00edficas, crear nuevos productos y tomar decisiones informadas sobre precios y gesti\u00f3n de la cadena de suministro.<\/p>\n\n\n\n<p>Quantitative research methods, such as surveys and sales data analysis, can provide valuable insights into consumer behavior, while qualitative research methods, such as focus groups and in-depth interviews, can help businesses&#8217; data and <a href=\"https:\/\/www.sisinternational.com\/es\/multiples-sectores-influyentes-indirectos-en-las-compras-de-los-consumidores\/\" title=\"M\u00faltiples influenciadores en las compras de los consumidores\"  data-wpil-monitor-id=\"7375\">strategies in fried chicken market research<\/a> and gain a deeper understanding of consumer motivations and attitudes. Ultimately, businesses can better position themselves to meet the needs of their customers, improve their bottom line, and stay competitive in a rapidly evolving industry.<\/p>","protected":false},"excerpt":{"rendered":"<p>El mercado del pollo frito ha experimentado un enorme crecimiento en los \u00faltimos a\u00f1os, y los consumidores exigen m\u00e1s opciones y variedades de pollo frito.<\/p>","protected":false},"author":1,"featured_media":63823,"parent":14514,"menu_order":312,"comment_status":"closed","ping_status":"closed","template":"","meta":{"footnotes":""},"class_list":["post-42833","page","type-page","status-publish","has-post-thumbnail"],"_links":{"self":[{"href":"https:\/\/www.sisinternational.com\/es\/wp-json\/wp\/v2\/pages\/42833","targetHints":{"allow":["GET"]}}],"collection":[{"href":"https:\/\/www.sisinternational.com\/es\/wp-json\/wp\/v2\/pages"}],"about":[{"href":"https:\/\/www.sisinternational.com\/es\/wp-json\/wp\/v2\/types\/page"}],"author":[{"embeddable":true,"href":"https:\/\/www.sisinternational.com\/es\/wp-json\/wp\/v2\/users\/1"}],"replies":[{"embeddable":true,"href":"https:\/\/www.sisinternational.com\/es\/wp-json\/wp\/v2\/comments?post=42833"}],"version-history":[{"count":8,"href":"https:\/\/www.sisinternational.com\/es\/wp-json\/wp\/v2\/pages\/42833\/revisions"}],"predecessor-version":[{"id":81019,"href":"https:\/\/www.sisinternational.com\/es\/wp-json\/wp\/v2\/pages\/42833\/revisions\/81019"}],"up":[{"embeddable":true,"href":"https:\/\/www.sisinternational.com\/es\/wp-json\/wp\/v2\/pages\/14514"}],"wp:featuredmedia":[{"embeddable":true,"href":"https:\/\/www.sisinternational.com\/es\/wp-json\/wp\/v2\/media\/63823"}],"wp:attachment":[{"href":"https:\/\/www.sisinternational.com\/es\/wp-json\/wp\/v2\/media?parent=42833"}],"curies":[{"name":"wp","href":"https:\/\/api.w.org\/{rel}","templated":true}]}}