{"id":42701,"date":"2023-05-03T21:54:13","date_gmt":"2023-05-04T01:54:13","guid":{"rendered":"https:\/\/www.sisinternational.com\/?page_id=42701"},"modified":"2026-01-27T15:22:06","modified_gmt":"2026-01-27T20:22:06","slug":"triadas-vs-grupos-focales-investigacion-de-mercado","status":"publish","type":"page","link":"https:\/\/www.sisinternational.com\/es\/pericia\/triadas-vs-grupos-focales-investigacion-de-mercado\/","title":{"rendered":"Investigaci\u00f3n de mercado sobre tr\u00edadas y grupos focales"},"content":{"rendered":"<h1 class=\"wp-block-heading\">Investigaci\u00f3n de mercado sobre tr\u00edadas y grupos focales<\/h1>\n\n\n\n<figure class=\"gb-block-image gb-block-image-c917177e\"><img loading=\"lazy\" decoding=\"async\" width=\"1456\" height=\"816\" class=\"gb-image gb-image-c917177e\" src=\"https:\/\/www.sisinternational.com\/wp-content\/uploads\/2025\/09\/Focus-group-recruitment-13.jpg\" alt=\"Investigaci\u00f3n y estrategia de mercado internacional de SIS\" title=\"Focus group recruitment (13)\" srcset=\"https:\/\/www.sisinternational.com\/wp-content\/uploads\/2025\/09\/Focus-group-recruitment-13.jpg 1456w, https:\/\/www.sisinternational.com\/wp-content\/uploads\/2025\/09\/Focus-group-recruitment-13-300x168.jpg 300w, https:\/\/www.sisinternational.com\/wp-content\/uploads\/2025\/09\/Focus-group-recruitment-13-1024x574.jpg 1024w, https:\/\/www.sisinternational.com\/wp-content\/uploads\/2025\/09\/Focus-group-recruitment-13-768x430.jpg 768w, https:\/\/www.sisinternational.com\/wp-content\/uploads\/2025\/09\/Focus-group-recruitment-13-18x10.jpg 18w\" sizes=\"auto, (max-width: 1456px) 100vw, 1456px\"><\/figure>\n\n\n\n<p><\/p>\n\n\n\n<p>Comprender el comportamiento del consumidor es fundamental antes de lanzar cualquier producto o servicio al mercado. Sin embargo, la diferencia entre obtener resultados precisos o inexactos radica en seleccionar una metodolog\u00eda de investigaci\u00f3n adecuada. Para conocer mejor las actitudes y opiniones de los consumidores a trav\u00e9s de m\u00e9todos de investigaci\u00f3n cualitativos, los investigadores suelen recurrir a t\u00e9cnicas populares como tr\u00edadas o grupos focales, y ambos m\u00e9todos tienen sus ventajas y desventajas \u00fanicas. Por lo tanto, elegir entre investigaci\u00f3n de mercado en tr\u00edadas o grupos focales depender\u00e1 en gran medida de los objetivos de la investigaci\u00f3n y del presupuesto disponible.<\/p>\n\n\n\n<h2 class=\"wp-block-heading\">Investigaci\u00f3n de mercado de tr\u00edadas frente a grupos focales: una descripci\u00f3n general<\/h2>\n\n\n\n<p>Para recopilar ideas de peque\u00f1os grupos de participantes, los investigadores frecuentemente emplean metodolog\u00edas de tr\u00edadas o de grupos focales. Pero ambos tienen algunas diferencias que los hacen m\u00e1s \u00fatiles para determinadas situaciones, y algunas de ellas son las siguientes:<\/p>\n\n\n\n<h3 class=\"wp-block-heading\">Tr\u00edadas:<\/h3>\n\n\n\n<p>El uso de tr\u00edadas en la investigaci\u00f3n cualitativa implica que tres personas discutan temas espec\u00edficos bajo moderaci\u00f3n profesional.<\/p>\n\n\n\n<p>Con las tr\u00edadas, es f\u00e1cil profundizar en los temas que se discuten porque tener un grupo m\u00e1s peque\u00f1o permite a los investigadores examinar temas intrincados o delicados que requieren una atenci\u00f3n m\u00e1s personalizada y una mayor participaci\u00f3n de los participantes.<\/p>\n\n\n\n<ul class=\"wp-block-list\">\n<li><strong>Composici\u00f3n y estructura:<\/strong> En las tr\u00edadas, hay tres participantes junto con un moderador capacitado que ayuda a crear una din\u00e1mica de grupo m\u00e1s peque\u00f1a e \u00edntima. Por lo general, se estructuran en torno a temas o preguntas predeterminados.<\/li>\n\n\n\n<li><strong>Finalidad y aplicaciones:<\/strong> Las tr\u00edadas son particularmente \u00fatiles para explorar cuestiones complejas o delicadas que pueden requerir un mayor nivel de atenci\u00f3n individual. A menudo se emplean para pruebas de conceptos, evaluaciones de productos y exploraci\u00f3n en profundidad de las motivaciones y preferencias de los consumidores.<\/li>\n<\/ul>\n\n\n\n<p><strong>Beneficios de las tr\u00edadas:<\/strong><\/p>\n\n\n\n<p>Triads offer several advantages as a <a href=\"https:\/\/www.sisinternational.com\/es\/sampling-techniques-in-qualitative-research-the-complete-guide-to-choosing-the-right-method\/\" title=\"Sampling Techniques in Qualitative Research: The Complete Guide to Choosing the Right Method\"  data-wpil-monitor-id=\"9806\">qualitative research method<\/a>, particularly when in-depth and focused discussions are desired. Some of the key benefits of triads include:<\/p>\n\n\n\n<ul class=\"wp-block-list\">\n<li><strong>Mayor profundidad de la discusi\u00f3n:<\/strong> Un grupo m\u00e1s peque\u00f1o promueve conversaciones m\u00e1s \u00edntimas y detalladas. En situaciones en las que hay espacio para explorar m\u00e1s all\u00e1 de las discusiones superficiales, los participantes se sienten lo suficientemente libres para expresar lo que surja durante dichas sesiones.<\/li>\n\n\n\n<li><strong>Mayor flexibilidad en la selecci\u00f3n de participantes:<\/strong> Al considerar el proceso de selecci\u00f3n de participantes, la utilizaci\u00f3n de sesiones de tr\u00edada de menor tama\u00f1o proporciona mayores niveles de adaptabilidad en comparaci\u00f3n con las reuniones de grupos enfocados a gran escala. Al requerir s\u00f3lo tres participantes para cada sesi\u00f3n, resulta m\u00e1s sencillo reclutarlos, lo que da como resultado una perspectiva m\u00e1s amplia de los diferentes or\u00edgenes de los que provienen.<\/li>\n\n\n\n<li><strong>Mayor rentabilidad:<\/strong> El tama\u00f1o reducido de la muestra y la duraci\u00f3n reducida de las sesiones en tr\u00edadas los convierten en una opci\u00f3n econ\u00f3mica en comparaci\u00f3n con los grupos focales m\u00e1s grandes. Esto es muy ventajoso para empresas y estudios con restricciones financieras.<\/li>\n\n\n\n<li><strong>Mayor precisi\u00f3n y confiabilidad de los resultados:<\/strong> Para evitar el pensamiento de grupo que genera prejuicios y conformidad entre los participantes, se pueden emplear tr\u00edadas que ayudan a mitigar dichos riesgos.<\/li>\n\n\n\n<li><strong>Gesti\u00f3n m\u00e1s sencilla de temas sensibles:<\/strong> Para garantizar una mejor comprensi\u00f3n de temas delicados o complicados que requieren una atenci\u00f3n m\u00e1s personalizada, se recomienda encarecidamente el uso de debates en tr\u00edada. Los grupos m\u00e1s peque\u00f1os hacen que los participantes se sientan m\u00e1s c\u00f3modos compartiendo sus pensamientos y experiencias, lo que genera comentarios de calidad.<\/li>\n<\/ul>\n\n\n\n<h3 class=\"wp-block-heading\">Grupos de enfoque:<\/h3>\n\n\n\n<figure class=\"gb-block-image gb-block-image-37839aa9\"><img loading=\"lazy\" decoding=\"async\" width=\"1456\" height=\"816\" class=\"gb-image gb-image-37839aa9\" src=\"https:\/\/www.sisinternational.com\/wp-content\/uploads\/2025\/09\/Focus-group-recruitment-6.jpg\" alt=\"Investigaci\u00f3n y estrategia de mercado internacional de SIS\" title=\"Focus group recruitment (6)\" srcset=\"https:\/\/www.sisinternational.com\/wp-content\/uploads\/2025\/09\/Focus-group-recruitment-6.jpg 1456w, https:\/\/www.sisinternational.com\/wp-content\/uploads\/2025\/09\/Focus-group-recruitment-6-300x168.jpg 300w, https:\/\/www.sisinternational.com\/wp-content\/uploads\/2025\/09\/Focus-group-recruitment-6-1024x574.jpg 1024w, https:\/\/www.sisinternational.com\/wp-content\/uploads\/2025\/09\/Focus-group-recruitment-6-768x430.jpg 768w, https:\/\/www.sisinternational.com\/wp-content\/uploads\/2025\/09\/Focus-group-recruitment-6-18x10.jpg 18w\" sizes=\"auto, (max-width: 1456px) 100vw, 1456px\"><\/figure>\n\n\n\n<p><\/p>\n\n\n\n<p>Normalmente, los grupos focales involucran a m\u00e1s personas que las entrevistas o encuestas individuales. Los grupos focales tienen entre 6 y 12 miembros moderados por profesionales.<\/p>\n\n\n\n<p>By encouraging group discussions and interactions, focus groups seek to generate a diverse array of perspectives and opinions. It helps <a href=\"https:\/\/www.sisinternational.com\/es\/soluciones\/investigacion-de-consumo-internacional\/\" title=\"Investigaci\u00f3n internacional sobre el consumo\"  data-wpil-monitor-id=\"9810\">researchers to evaluate general consumer<\/a> preferences while also exploring broader themes and identifying patterns in their behavior.<\/p>\n\n\n\n<ul class=\"wp-block-list\">\n<li><strong>Composici\u00f3n y estructura:<\/strong> <a href=\"https:\/\/www.sisinternational.com\/es\/soluciones\/grupos-de-enfoque\/unirse-a-grupos-focales\/\" title=\"Participar en grupos focales\"  data-wpil-monitor-id=\"9804\">Grupos de enfoque<\/a> are generally led by a trained moderator with participation ranging from six to twelve individuals in the group. By guiding conversations through open-ended questioning techniques while also prompting for additional information when necessary, the moderator aims to encourage dialogue among participants during these discussions.<\/li>\n\n\n\n<li><strong>Finalidad y aplicaciones:<\/strong> Al utilizar grupos focales, los investigadores obtienen nuevas perspectivas y opiniones adem\u00e1s de reconocer tendencias y patrones en el comportamiento del consumidor. Su uso se extiende a la evaluaci\u00f3n de campa\u00f1as publicitarias y a la comprensi\u00f3n de las actitudes de los clientes hacia diversos productos o marcas.<\/li>\n<\/ul>\n\n\n\n<p><strong>Beneficios de los grupos focales:<\/strong><\/p>\n\n\n\n<p><a href=\"https:\/\/www.sisinternational.com\/es\/cobertura\/investigacion-de-mercado-asia\/investigacion-de-mercado-de-grupos-focales-en-japon\/\" title=\"Investigaci\u00f3n de mercado de grupos focales en Jap\u00f3n\"  data-wpil-monitor-id=\"9809\">Grupos de enfoque<\/a> are a widely used qualitative research method that offers several advantages, particularly when the objective is to gather diverse perspectives and opinions. Some of the key benefits of focus groups include:<\/p>\n\n\n\n<ul class=\"wp-block-list\">\n<li><strong>Perspectivas m\u00e1s ricas:<\/strong> With their capability to include numerous people at once. Focus groups offer an expansive selection and diversity of opinions. It helps <a href=\"https:\/\/www.sisinternational.com\/es\/publicaciones\/comportamiento-del-comprador-despues-del-coronavirus-nuevo-consumidor\/\" title=\"Comportamiento del comprador despu\u00e9s del coronavirus \u2013 Investigaci\u00f3n de mercado del consumidor\"  data-wpil-monitor-id=\"9811\">researchers understand consumer preferences and behavioral<\/a> tendencies comprehensively.<\/li>\n\n\n\n<li><strong>Observar las interacciones del grupo:<\/strong> La observaci\u00f3n din\u00e1mica de grupo proporciona ventajas significativas. Los investigadores pueden obtener informaci\u00f3n valiosa sobre las influencias sociales en las opiniones y los procesos de toma de decisiones examinando c\u00f3mo los participantes afectan el comportamiento de los dem\u00e1s.<\/li>\n\n\n\n<li><strong>Efficient <\/strong><a href=\"https:\/\/www.sisinternational.com\/es\/cobertura\/europa\/investigacion-de-mercado-liverpool-reino-unido\/\" title=\"Investigaci\u00f3n de mercado en Liverpool | Grupos focales y recopilaci\u00f3n de datos del Reino Unido\"  data-wpil-monitor-id=\"9805\">data collection: Group<\/a> interactions can uncover fresh ideas and perspectives that might not arise in individual interviews or small-group conversations.<\/li>\n\n\n\n<li><strong>Oportunidad de intervenciones del moderador en tiempo real:<\/strong> Los moderadores de los grupos focales tienen la opci\u00f3n de intervenir durante una sesi\u00f3n para guiar las conversaciones con preguntas indagatorias o aclaraciones de puntos a medida que suceden. La sesi\u00f3n cubre todos los temas relevantes fomentando debates din\u00e1micos.<\/li>\n\n\n\n<li><strong>Probar y perfeccionar conceptos:<\/strong> <a href=\"https:\/\/www.sisinternational.com\/es\/soluciones\/investigacion-de-mercado-de-grupo-focal\/\" title=\"Investigaci\u00f3n de mercado con grupos focales\"  data-wpil-monitor-id=\"9807\">Focus groups enable researchers<\/a> to test and refine new product ideas or marketing messages effectively.<\/li>\n\n\n\n<li><strong>Identificar tendencias y puntos en com\u00fan:<\/strong> Recognizing commonalities along with trends and patterns among consumer opinions and behavior becomes less challenging when there are larger group sizes present during <a href=\"https:\/\/www.sisinternational.com\/es\/soluciones\/grupos-de-enfoque\/focus-groups-in-the-uk\/\" title=\"Focus Groups in the uk\"  data-wpil-monitor-id=\"1358\">focus<\/a> groups.<\/li>\n<\/ul>\n\n\n\n<h2 class=\"wp-block-heading\">Elegir entre investigaci\u00f3n de mercado de tr\u00edadas o grupos focales<\/h2>\n\n\n\n<figure class=\"gb-block-image gb-block-image-d508271f\"><img loading=\"lazy\" decoding=\"async\" width=\"1456\" height=\"816\" class=\"gb-image gb-image-d508271f\" src=\"https:\/\/www.sisinternational.com\/wp-content\/uploads\/2025\/09\/Focus-group-recruitment-1.jpg\" alt=\"Investigaci\u00f3n y estrategia de mercado internacional de SIS\" title=\"Focus group recruitment (1)\" srcset=\"https:\/\/www.sisinternational.com\/wp-content\/uploads\/2025\/09\/Focus-group-recruitment-1.jpg 1456w, https:\/\/www.sisinternational.com\/wp-content\/uploads\/2025\/09\/Focus-group-recruitment-1-300x168.jpg 300w, https:\/\/www.sisinternational.com\/wp-content\/uploads\/2025\/09\/Focus-group-recruitment-1-1024x574.jpg 1024w, https:\/\/www.sisinternational.com\/wp-content\/uploads\/2025\/09\/Focus-group-recruitment-1-768x430.jpg 768w, https:\/\/www.sisinternational.com\/wp-content\/uploads\/2025\/09\/Focus-group-recruitment-1-18x10.jpg 18w\" sizes=\"auto, (max-width: 1456px) 100vw, 1456px\"><\/figure>\n\n\n\n<p><\/p>\n\n\n\n<p>La selecci\u00f3n entre investigaci\u00f3n de mercado de tr\u00edadas o grupos focales depende de varios factores, incluidos los objetivos de la investigaci\u00f3n, el presupuesto, las limitaciones de tiempo y las caracter\u00edsticas del p\u00fablico objetivo.<\/p>\n\n\n\n<p>Aqu\u00ed hay algunas pautas para ayudar a determinar si las tr\u00edadas o los grupos focales son la mejor opci\u00f3n para el proyecto de investigaci\u00f3n:<\/p>\n\n\n\n<ul class=\"wp-block-list\">\n<li><strong>Investigar objetivos:<\/strong> Para lograr debates exhaustivos sobre temas complejos o abordar asuntos delicados con facilidad, es aconsejable optar por tr\u00edadas, ya que permiten un entorno m\u00e1s \u00edntimo con menos participantes, lo que conduce a una mayor participaci\u00f3n. Para obtener diferentes perspectivas o evaluar y mejorar conceptos con una audiencia m\u00e1s amplia, las empresas deber\u00edan considerar utilizar grupos focales.<\/li>\n\n\n\n<li><strong>Limitaciones de presupuesto y tiempo:<\/strong> Una de las razones por las que muchos investigadores prefieren utilizar metodolog\u00edas de investigaci\u00f3n tri\u00e1dicas es que normalmente requieren menos financiaci\u00f3n y tienen tiempos de respuesta m\u00e1s r\u00e1pidos.<\/li>\n\n\n\n<li><strong>Profundidad y detalle requeridos:<\/strong> Depending on how much depth and detail is required in the insights obtained, triads are suitable for concentrated and refined discussions, while <a href=\"https:\/\/www.sisinternational.com\/es\/focus-groups-that-deliver-real-voices-real-insight-real-advantage\/\" title=\"Focus Groups That Deliver Real Voices, Real Insight, Real Advantage\"  data-wpil-monitor-id=\"9808\">focus groups can deliver<\/a> an extensive array of outlooks and thoughts.<\/li>\n<\/ul>\n\n\n\n<p>As a result, choosing between triads vs focus groups <a href=\"https:\/\/www.sisinternational.com\/es\/soluciones\/investigacion-de-mercado-de-ia-y-consultoria-estrategica\/investigacion-de-mercado-de-deteccion-de-objetos-ai\/\" title=\"Investigaci\u00f3n de mercado de IA de detecci\u00f3n de objetos\"  data-wpil-monitor-id=\"7309\">market research only depends on the objective<\/a> of the research, and neither methodology is better than the other in itself. One methodology is perfect for obtaining results with in-depth perspectives, while the other can obtain more general results.<\/p>","protected":false},"excerpt":{"rendered":"<p>La elecci\u00f3n entre investigaci\u00f3n de mercado en tr\u00edadas o grupos focales depender\u00e1 en gran medida de los objetivos de la investigaci\u00f3n y del presupuesto disponible.<\/p>","protected":false},"author":1,"featured_media":66939,"parent":14514,"menu_order":311,"comment_status":"closed","ping_status":"closed","template":"","meta":{"footnotes":""},"class_list":["post-42701","page","type-page","status-publish","has-post-thumbnail"],"_links":{"self":[{"href":"https:\/\/www.sisinternational.com\/es\/wp-json\/wp\/v2\/pages\/42701","targetHints":{"allow":["GET"]}}],"collection":[{"href":"https:\/\/www.sisinternational.com\/es\/wp-json\/wp\/v2\/pages"}],"about":[{"href":"https:\/\/www.sisinternational.com\/es\/wp-json\/wp\/v2\/types\/page"}],"author":[{"embeddable":true,"href":"https:\/\/www.sisinternational.com\/es\/wp-json\/wp\/v2\/users\/1"}],"replies":[{"embeddable":true,"href":"https:\/\/www.sisinternational.com\/es\/wp-json\/wp\/v2\/comments?post=42701"}],"version-history":[{"count":6,"href":"https:\/\/www.sisinternational.com\/es\/wp-json\/wp\/v2\/pages\/42701\/revisions"}],"predecessor-version":[{"id":81630,"href":"https:\/\/www.sisinternational.com\/es\/wp-json\/wp\/v2\/pages\/42701\/revisions\/81630"}],"up":[{"embeddable":true,"href":"https:\/\/www.sisinternational.com\/es\/wp-json\/wp\/v2\/pages\/14514"}],"wp:featuredmedia":[{"embeddable":true,"href":"https:\/\/www.sisinternational.com\/es\/wp-json\/wp\/v2\/media\/66939"}],"wp:attachment":[{"href":"https:\/\/www.sisinternational.com\/es\/wp-json\/wp\/v2\/media?parent=42701"}],"curies":[{"name":"wp","href":"https:\/\/api.w.org\/{rel}","templated":true}]}}