{"id":42696,"date":"2023-05-03T21:23:06","date_gmt":"2023-05-04T01:23:06","guid":{"rendered":"https:\/\/www.sisinternational.com\/?page_id=42696"},"modified":"2026-01-24T20:52:43","modified_gmt":"2026-01-25T01:52:43","slug":"investigacion-de-mercado-de-diversidad-de-proveedores","status":"publish","type":"page","link":"https:\/\/www.sisinternational.com\/es\/pericia\/investigacion-de-mercado-de-diversidad-de-proveedores\/","title":{"rendered":"Investigaci\u00f3n de mercado de diversidad de proveedores"},"content":{"rendered":"<h1 class=\"wp-block-heading\">Investigaci\u00f3n de mercado de diversidad de proveedores<\/h1>\n\n\n\n<figure class=\"gb-block-image gb-block-image-48311580\"><img loading=\"lazy\" decoding=\"async\" width=\"1456\" height=\"816\" class=\"gb-image gb-image-48311580\" src=\"https:\/\/www.sisinternational.com\/wp-content\/uploads\/2025\/08\/Retail-18.jpg\" alt=\"Investigaci\u00f3n y estrategia de mercado internacional de SIS\" title=\"Retail (18)\" srcset=\"https:\/\/www.sisinternational.com\/wp-content\/uploads\/2025\/08\/Retail-18.jpg 1456w, https:\/\/www.sisinternational.com\/wp-content\/uploads\/2025\/08\/Retail-18-300x168.jpg 300w, https:\/\/www.sisinternational.com\/wp-content\/uploads\/2025\/08\/Retail-18-1024x574.jpg 1024w, https:\/\/www.sisinternational.com\/wp-content\/uploads\/2025\/08\/Retail-18-768x430.jpg 768w, https:\/\/www.sisinternational.com\/wp-content\/uploads\/2025\/08\/Retail-18-18x10.jpg 18w\" sizes=\"auto, (max-width: 1456px) 100vw, 1456px\"><\/figure>\n\n\n\n<p><\/p>\n\n\n\n<p>An organization&#8217;s supplier sourcing process should prioritize the inclusion of diverse suppliers. Companies that take this approach engage with suppliers from diverse backgrounds, including minority-owned businesses and women-owned businesses, among others. Incorporating diverse suppliers into business operations enhances organizational competitiveness while demonstrating corporate social responsibility. In addition, it helps <a href=\"https:\/\/www.sisinternational.com\/es\/soluciones\/consultoria-de-hosteleria-y-turismo-en-viajes\/investigacion-de-mercado-de-la-empresa-de-guias-turisticos\/\" title=\"Investigaci\u00f3n de mercado de la empresa de gu\u00edas tur\u00edsticos\"  data-wpil-monitor-id=\"9815\">companies tap into previously overlooked markets<\/a>. This requires an exhaustive study with Supplier <a class=\"wpil_keyword_link\" href=\"https:\/\/www.sisinternational.com\/es\/pericia\/industrias\/investigacion-de-mercado-de-diversidad\/\"   title=\"Investigaci\u00f3n de Mercado de Diversidad\" data-wpil-keyword-link=\"linked\"  data-wpil-monitor-id=\"347\">Investigaci\u00f3n de Mercado de Diversidad<\/a>, focusing on all elements, including product\/service offerings from varied supplier groups.<\/p>\n\n\n\n<h2 class=\"wp-block-heading\">\u00bfQu\u00e9 es la investigaci\u00f3n de mercado sobre diversidad de proveedores?<\/h2>\n\n\n\n<p>Supplier diversity market research involves procuring goods and services from businesses that are operated by individuals belonging to underrepresented groups like women or veterans. By <a href=\"https:\/\/www.sisinternational.com\/es\/how-to-conduct-effective-quantitative-market-research\/\" title=\"How to Conduct Effective Quantitative Market Research\"  data-wpil-monitor-id=\"9819\">conducting this research<\/a> on potential suppliers, businesses ensure they adhere to ethical business practices and have a good reputation to mitigate supplier risks.<\/p>\n\n\n\n<p>Generalmente, esta investigaci\u00f3n se realiza para demostrar responsabilidad social y mantener una reputaci\u00f3n impecable ante futuros clientes.<\/p>\n\n\n\n<h2 class=\"wp-block-heading\">Importancia de la investigaci\u00f3n de mercado de diversidad de proveedores para las empresas<\/h2>\n\n\n\n<h3 class=\"wp-block-heading\">La investigaci\u00f3n de mercado sobre diversidad de proveedores es un componente importante de un programa exitoso de diversidad de proveedores para empresas. Aqu\u00ed hay algunas razones de por qu\u00e9:<\/h3>\n\n\n\n<p><strong>Identificaci\u00f3n de potenciales proveedores diversos:<\/strong> Mediante estudios de mercado se pueden identificar diversos proveedores que ofrecen productos o servicios \u00fanicos. Ayuda a las empresas a obtener una ventaja competitiva en el mercado e incluir productos innovadores\/diferenciados en sus ofertas.<\/p>\n\n\n\n<p><strong>Mitigaci\u00f3n de riesgos de proveedores:<\/strong> Identificar los riesgos potenciales asociados con proveedores diversos puede ayudar a las empresas a mitigar los riesgos de los proveedores a trav\u00e9s de una investigaci\u00f3n de mercado sobre diversidad de proveedores. Verifica la estabilidad financiera de los proveedores potenciales y garantiza que cumplan con pr\u00e1cticas comerciales \u00e9ticas.<\/p>\n\n\n\n<p><strong>Compliance with regulations and <\/strong><a href=\"https:\/\/www.sisinternational.com\/es\/venezuela-oil-mining-industry-potential-strategic-forecast-2026-2036\/\" title=\"Venezuela Oil &amp; Mining Industry Potential: Strategic Forecast 2026-2036\"  data-wpil-monitor-id=\"9817\">industry standards: To prevent potential<\/a> legal and reputational risks, businesses should conduct market research and comply with the new business standards regarding diversity.<\/p>\n\n\n\n<p><strong>Responsabilidad social corporativa mejorada:<\/strong> El compromiso de una empresa con la promoci\u00f3n de la diversidad y la inclusi\u00f3n se puede demostrar a trav\u00e9s de programas de diversidad de proveedores, que son cada vez m\u00e1s importantes para los consumidores e inversores. Por lo tanto, una investigaci\u00f3n de mercado exhaustiva sobre las pr\u00e1cticas de diversidad de proveedores es crucial para las empresas que buscan mejorar su programa actual y al mismo tiempo hacer contribuciones significativas a los esfuerzos de responsabilidad social.<\/p>\n\n\n\n<h2 class=\"wp-block-heading\">Los beneficios de la investigaci\u00f3n de mercado sobre diversidad de proveedores<\/h2>\n\n\n\n<figure class=\"gb-block-image gb-block-image-a947d54e\"><img loading=\"lazy\" decoding=\"async\" width=\"1456\" height=\"816\" class=\"gb-image gb-image-a947d54e\" src=\"https:\/\/www.sisinternational.com\/wp-content\/uploads\/2025\/08\/Retail-19.jpg\" alt=\"Investigaci\u00f3n y estrategia de mercado internacional de SIS\" title=\"Retail (19)\" srcset=\"https:\/\/www.sisinternational.com\/wp-content\/uploads\/2025\/08\/Retail-19.jpg 1456w, https:\/\/www.sisinternational.com\/wp-content\/uploads\/2025\/08\/Retail-19-300x168.jpg 300w, https:\/\/www.sisinternational.com\/wp-content\/uploads\/2025\/08\/Retail-19-1024x574.jpg 1024w, https:\/\/www.sisinternational.com\/wp-content\/uploads\/2025\/08\/Retail-19-768x430.jpg 768w, https:\/\/www.sisinternational.com\/wp-content\/uploads\/2025\/08\/Retail-19-18x10.jpg 18w\" sizes=\"auto, (max-width: 1456px) 100vw, 1456px\"><\/figure>\n\n\n\n<p><\/p>\n\n\n\n<h3 class=\"wp-block-heading\">La investigaci\u00f3n de mercado sobre diversidad de proveedores ofrece varios beneficios a las empresas que se comprometen a promover la diversidad y la inclusi\u00f3n en su base de proveedores. Algunos de los beneficios clave incluyen:<\/h3>\n\n\n\n<ul class=\"wp-block-list\">\n<li><strong>Mejor comprensi\u00f3n de las tendencias y oportunidades del mercado:<\/strong> By conducting <a href=\"https:\/\/www.sisinternational.com\/es\/how-to-conduct-effective-quantitative-market-research\/\" title=\"How to Conduct Effective Quantitative Market Research\"  data-wpil-monitor-id=\"9813\">investigaci\u00f3n de mercado<\/a>, businesses can enhance their comprehension of the latest trends and opportunities within their respective industries. <a href=\"https:\/\/www.sisinternational.com\/es\/soluciones\/soluciones-de-investigacion-cualitativa-cuantitativa\/analisis-de-chaid-investigacion-de-mercado\/\" title=\"An\u00e1lisis CHAID Investigaci\u00f3n de Mercado\"  data-wpil-monitor-id=\"9816\">Market data analysis<\/a> provides businesses with the opportunity to identify previously unnoticed suppliers and target markets. This particular resource offers companies an opportunity not only to keep up but also to surpass their competition.<\/li>\n\n\n\n<li><strong>Identificaci\u00f3n de potenciales proveedores diversos:<\/strong> Al realizar investigaciones de mercado sobre diversidad de proveedores, las empresas pueden identificar proveedores diversos con productos o servicios distintos. Con esta caracter\u00edstica, las empresas pueden respaldar diversas culturas y al mismo tiempo promoverlas en todos los niveles de proveedores.<\/li>\n\n\n\n<li><strong>Cumplimiento de regulaciones y est\u00e1ndares de la industria:<\/strong> Supplier diversity regulations and industry standards are growing rapidly. Therefore, meeting these requirements while avoiding any possible legal or reputational risks is achievable through conducting <a href=\"https:\/\/www.sisinternational.com\/es\/soluciones\/legal-market-research\/\" title=\"Legal Market Research\"  data-wpil-monitor-id=\"2975\">investigaci\u00f3n de mercado<\/a>.<\/li>\n\n\n\n<li><strong>Responsabilidad social corporativa mejorada:<\/strong> Demostrar la dedicaci\u00f3n de una empresa para fomentar la inclusi\u00f3n y la representaci\u00f3n diversa es ahora un factor clave para consumidores e inversores. La investigaci\u00f3n de mercado de diversidad de proveedores ayuda a las empresas a mejorar sus programas de diversidad de proveedores y cumplir con sus compromisos de responsabilidad social, al tiempo que mejora la posici\u00f3n de una empresa en la percepci\u00f3n p\u00fablica.<\/li>\n<\/ul>\n\n\n\n<h2 class=\"wp-block-heading\">Oportunidades<\/h2>\n\n\n\n<h3 class=\"wp-block-heading\">Algunas de las oportunidades clave incluyen:<\/h3>\n\n\n\n<p><strong>Acceso a nuevos mercados:<\/strong> Por <a href=\"https:\/\/www.sisinternational.com\/es\/how-to-conduct-effective-desk-research\/\" title=\"How to Conduct Effective Desk Research\"  data-wpil-monitor-id=\"9814\">conducting market research<\/a>, businesses can uncover potential new suppliers and previously overlooked target markets.<\/p>\n\n\n\n<p><strong>Ventaja competitiva:<\/strong> Diverse supplier identification could provide companies with an opportunity to outcompete others within their industry. By innovating and differentiating their products or services <a href=\"https:\/\/www.sisinternational.com\/es\/cobertura\/investigacion-de-mercado-asia\/empresa-asiatica-de-inteligencia-competitiva\/\" title=\"Compa\u00f1\u00eda de inteligencia competitiva de Asia\"  data-wpil-monitor-id=\"9818\">companies can increase their competitiveness<\/a>.<\/p>\n\n\n\n<p><strong>Mejora de la resiliencia de la cadena de suministro:<\/strong> Para ofrecer alternativas al abastecimiento de materiales o productos de proveedores \u00fanicos, diversificar la base de proveedores es clave y puede ayudar a las empresas a gestionar circunstancias imprevistas en las operaciones.<\/p>\n\n\n\n<p><strong>Mejora de la innovaci\u00f3n y la creatividad:<\/strong> La diversidad de proveedores puede conducir a una mayor innovaci\u00f3n y creatividad dentro de una empresa. Diversos proveedores pueden aportar nuevas ideas y perspectivas, lo que conducir\u00e1 a productos o servicios nuevos e innovadores.<\/p>\n\n\n\n<h2 class=\"wp-block-heading\">Desaf\u00edos<\/h2>\n\n\n\n<h3 class=\"wp-block-heading\">Si bien la investigaci\u00f3n de mercado ofrece muchos beneficios, tambi\u00e9n existen algunos desaf\u00edos que las empresas pueden enfrentar. Algunos de los principales desaf\u00edos de la investigaci\u00f3n de mercado de diversidad de proveedores incluyen:<\/h3>\n\n\n\n<p><strong>Datos limitados del proveedor:<\/strong> Debido a la insuficiencia de datos sobre diversos proveedores, los investigadores de marketing de diversidad de proveedores enfrentan desaf\u00edos importantes para identificar comerciantes prometedores y al mismo tiempo examinar la experiencia del comerciante.<\/p>\n\n\n\n<p><strong>Falta de informes estandarizados:<\/strong> La investigaci\u00f3n de mercado sobre diversidad de proveedores carece de metodolog\u00edas de presentaci\u00f3n de informes estandarizadas, y las evaluaciones de diversidad sobre el desempe\u00f1o de los proveedores suelen ser tareas dif\u00edciles para la mayor\u00eda de las empresas.<\/p>\n\n\n\n<p><strong>Dificultad para medir el ROI:<\/strong> La medici\u00f3n del ROI para los programas de diversidad de proveedores puede plantear desaf\u00edos para las empresas porque estos proveedores pueden tener negocios m\u00e1s peque\u00f1os.<\/p>\n\n\n\n<p><strong>Resistencia del proveedor:<\/strong> Los programas de diversidad de proveedores pueden encontrar oposici\u00f3n por parte de ciertas partes interesadas que los consideran una responsabilidad adicional y no una actividad potencialmente rentable. Tambi\u00e9n pueden surgir desaf\u00edos de partes interesadas internas que se resisten al cambio dentro de la empresa, retrasando los programas de diversidad que podr\u00edan mejorar significativamente la rentabilidad a largo plazo.<\/p>\n\n\n\n<h2 class=\"wp-block-heading\">Perspectiva del futuro<\/h2>\n\n\n\n<figure class=\"gb-block-image gb-block-image-a065f548\"><img loading=\"lazy\" decoding=\"async\" width=\"1456\" height=\"816\" class=\"gb-image gb-image-a065f548\" src=\"https:\/\/www.sisinternational.com\/wp-content\/uploads\/2025\/08\/Retail-20.jpg\" alt=\"Investigaci\u00f3n y estrategia de mercado internacional de SIS\" title=\"Retail (20)\" srcset=\"https:\/\/www.sisinternational.com\/wp-content\/uploads\/2025\/08\/Retail-20.jpg 1456w, https:\/\/www.sisinternational.com\/wp-content\/uploads\/2025\/08\/Retail-20-300x168.jpg 300w, https:\/\/www.sisinternational.com\/wp-content\/uploads\/2025\/08\/Retail-20-1024x574.jpg 1024w, https:\/\/www.sisinternational.com\/wp-content\/uploads\/2025\/08\/Retail-20-768x430.jpg 768w, https:\/\/www.sisinternational.com\/wp-content\/uploads\/2025\/08\/Retail-20-18x10.jpg 18w\" sizes=\"auto, (max-width: 1456px) 100vw, 1456px\"><\/figure>\n\n\n\n<p><\/p>\n\n\n\n<p>La investigaci\u00f3n de mercado sobre diversidad de proveedores parece tener un futuro brillante a medida que empresas y organizaciones de todo el mundo reconocen la importancia de tener cadenas de suministro diversas.<\/p>\n\n\n\n<p>Esta rama de la investigaci\u00f3n de mercado se beneficiar\u00e1 significativamente de los avances tecnol\u00f3gicos que dan como resultado herramientas y plataformas avanzadas capaces de mejorar la eficiencia de la recopilaci\u00f3n de datos y al mismo tiempo mejorar las capacidades de an\u00e1lisis y monitoreo y las empresas que aprovechan la inteligencia artificial (IA), el aprendizaje autom\u00e1tico (ML) y an\u00e1lisis de grandes datos.<\/p>\n\n\n\n<p>To navigate the complexities of <a href=\"https:\/\/www.sisinternational.com\/es\/soluciones\/si-crecimiento-global\/desarrollo-de-la-cadena-de-suministro-global\/\" title=\"Consultor\u00eda de cadena de suministro global\"  data-wpil-monitor-id=\"9812\">global supply chains<\/a> resulting from expanding international business operations and cross-border collaborations, it is increasingly important to conduct supplier diversity market research to foster cross-border collaboration and promote inclusive growth on a global scale.<\/p>\n\n\n\n<p>La investigaci\u00f3n de mercado sobre diversidad de proveedores seguir\u00e1 siendo necesaria debido al creciente \u00e9nfasis en la sostenibilidad y el impacto social para disminuir las disparidades socioecon\u00f3micas.<\/p>","protected":false},"excerpt":{"rendered":"<p>La investigaci\u00f3n de mercado de diversidad de proveedores implica la adquisici\u00f3n de bienes y servicios de empresas operadas por personas de grupos subrepresentados.<\/p>","protected":false},"author":1,"featured_media":62493,"parent":14514,"menu_order":310,"comment_status":"closed","ping_status":"closed","template":"","meta":{"footnotes":""},"class_list":["post-42696","page","type-page","status-publish","has-post-thumbnail"],"_links":{"self":[{"href":"https:\/\/www.sisinternational.com\/es\/wp-json\/wp\/v2\/pages\/42696","targetHints":{"allow":["GET"]}}],"collection":[{"href":"https:\/\/www.sisinternational.com\/es\/wp-json\/wp\/v2\/pages"}],"about":[{"href":"https:\/\/www.sisinternational.com\/es\/wp-json\/wp\/v2\/types\/page"}],"author":[{"embeddable":true,"href":"https:\/\/www.sisinternational.com\/es\/wp-json\/wp\/v2\/users\/1"}],"replies":[{"embeddable":true,"href":"https:\/\/www.sisinternational.com\/es\/wp-json\/wp\/v2\/comments?post=42696"}],"version-history":[{"count":6,"href":"https:\/\/www.sisinternational.com\/es\/wp-json\/wp\/v2\/pages\/42696\/revisions"}],"predecessor-version":[{"id":81631,"href":"https:\/\/www.sisinternational.com\/es\/wp-json\/wp\/v2\/pages\/42696\/revisions\/81631"}],"up":[{"embeddable":true,"href":"https:\/\/www.sisinternational.com\/es\/wp-json\/wp\/v2\/pages\/14514"}],"wp:featuredmedia":[{"embeddable":true,"href":"https:\/\/www.sisinternational.com\/es\/wp-json\/wp\/v2\/media\/62493"}],"wp:attachment":[{"href":"https:\/\/www.sisinternational.com\/es\/wp-json\/wp\/v2\/media?parent=42696"}],"curies":[{"name":"wp","href":"https:\/\/api.w.org\/{rel}","templated":true}]}}