{"id":42688,"date":"2023-05-03T16:21:11","date_gmt":"2023-05-03T20:21:11","guid":{"rendered":"https:\/\/www.sisinternational.com\/?page_id=42688"},"modified":"2026-01-25T18:15:24","modified_gmt":"2026-01-25T23:15:24","slug":"investigacion-de-mercado-de-superioridad-del-producto","status":"publish","type":"page","link":"https:\/\/www.sisinternational.com\/es\/pericia\/investigacion-de-mercado-de-superioridad-del-producto\/","title":{"rendered":"Investigaci\u00f3n de mercado de superioridad del producto"},"content":{"rendered":"<h1 class=\"wp-block-heading\">Investigaci\u00f3n de mercado de superioridad del producto<\/h1>\n\n\n\n<figure class=\"gb-block-image gb-block-image-4d8211a6\"><img loading=\"lazy\" decoding=\"async\" width=\"1456\" height=\"816\" class=\"gb-image gb-image-4d8211a6\" src=\"https:\/\/www.sisinternational.com\/wp-content\/uploads\/2025\/09\/Beauty-product-3.jpg\" alt=\"Investigaci\u00f3n y estrategia de mercado internacional de SIS\" title=\"Beauty product (3)\" srcset=\"https:\/\/www.sisinternational.com\/wp-content\/uploads\/2025\/09\/Beauty-product-3.jpg 1456w, https:\/\/www.sisinternational.com\/wp-content\/uploads\/2025\/09\/Beauty-product-3-300x168.jpg 300w, https:\/\/www.sisinternational.com\/wp-content\/uploads\/2025\/09\/Beauty-product-3-1024x574.jpg 1024w, https:\/\/www.sisinternational.com\/wp-content\/uploads\/2025\/09\/Beauty-product-3-768x430.jpg 768w, https:\/\/www.sisinternational.com\/wp-content\/uploads\/2025\/09\/Beauty-product-3-18x10.jpg 18w\" sizes=\"auto, (max-width: 1456px) 100vw, 1456px\"><\/figure>\n\n\n\n<p><\/p>\n\n\n\n<p>La investigaci\u00f3n de mercado de superioridad de productos permite a las empresas brindar respaldo basado en datos para sus afirmaciones y afirmaciones audaces en el panorama empresarial contempor\u00e1neo.<\/p>\n\n\n\n<p>Para respaldar su liderazgo en el mercado, las empresas utilizan estudios de mercado de superioridad de productos para respaldar sus productos con datos de investigaci\u00f3n confiables.<\/p>\n\n\n\n<h2 class=\"wp-block-heading\">\u00bfQu\u00e9 es la investigaci\u00f3n de mercado de superioridad del producto?<\/h2>\n\n\n\n<p>The act of studying the competition and assessing its own performance against competitors while sustaining product superiority with accurate data constitutes product superiority market research. By doing this, companies can acquire valuable insights into their own strengths and weaknesses and improve their <a href=\"https:\/\/www.sisinternational.com\/es\/soluciones\/consultoria-de-hosteleria-y-turismo-en-viajes\/empresa-de-gestion-hotelera-investigacion-de-mercado-consultoria-estrategica\/\" title=\"Empresa de gesti\u00f3n hotelera Investigaci\u00f3n de mercados y consultor\u00eda estrat\u00e9gica\"  data-wpil-monitor-id=\"9498\">estrategias de marketing<\/a> to outperform competitors.<\/p>\n\n\n\n<p>Adem\u00e1s, las empresas pueden mejorar significativamente su confiabilidad respaldando con datos sus afirmaciones sobre por qu\u00e9 sus productos son superiores en el mercado.<\/p>\n\n\n\n<p>Customer preferences and behavior may also be revealed through product superiority market research. Similarly, companies can improve their understanding of the target audience and customize their offerings by analyzing the competition and their own products. Therefore, this method has the potential to <a href=\"https:\/\/www.sisinternational.com\/es\/analisis-de-satisfaccion-del-cliente\/\" title=\"Ocho formas de aumentar la satisfacci\u00f3n del cliente en el comercio minorista\"  data-wpil-monitor-id=\"9493\">boost customer satisfaction<\/a> and loyalty for companies, which can translate into increased earnings.<\/p>\n\n\n\n<p>Adem\u00e1s, el uso de la investigaci\u00f3n de mercado puede identificar tendencias emergentes dentro de su industria. Para seguir siendo competitivos en un mercado en r\u00e1pida evoluci\u00f3n, las empresas pueden utilizar esta informaci\u00f3n para modificar sus estrategias y ofertas para posicionarse como l\u00edderes de la industria y obtener una ventaja competitiva.<\/p>\n\n\n\n<h2 class=\"wp-block-heading\">Beneficios de implementar una investigaci\u00f3n de mercado de superioridad del producto<\/h2>\n\n\n\n<ul class=\"wp-block-list\">\n<li>Product superiority market research provides companies with a competitive advantage, offering valuable insights and facilitating informed decision-making about their products and the reasons why they lead the <a href=\"https:\/\/www.sisinternational.com\/es\/soluciones\/estudio-de-mercado-de-productos-de-belleza\/investigacion-de-mercado-de-bienestar-para-los-baby-boomers\/\" title=\"Investigaci\u00f3n de mercado de bienestar de los baby boomers\"  data-wpil-monitor-id=\"9500\">market and perform so well<\/a> for their consumers.<\/li>\n\n\n\n<li>Reliable data and insights enable businesses to make better decisions regarding <a href=\"https:\/\/www.sisinternational.com\/es\/soluciones\/consultoria-estrategica\/responsabilidad-del-producto-investigacion-de-mercado-consultoria-estrategica\/\" title=\"Investigaci\u00f3n de mercado de responsabilidad por productos y consultor\u00eda estrat\u00e9gica\"  data-wpil-monitor-id=\"9495\">product development and marketing strategies<\/a> as well as pricing and expansion into new markets.<\/li>\n\n\n\n<li>El desarrollo de productos y servicios que atiendan al p\u00fablico objetivo se puede lograr comprendiendo las necesidades y preferencias de los clientes. Lograr el \u00e9xito a largo plazo requiere una mayor satisfacci\u00f3n y lealtad del cliente.<\/li>\n\n\n\n<li>Las empresas pueden mantenerse en contacto con las preferencias de los clientes y las tendencias del mercado realizando investigaciones de mercado de superioridad de productos y mejorando sus campa\u00f1as de marketing tanto para productos existentes como para lanzamientos futuros.<\/li>\n\n\n\n<li>Revela hallazgos sobre nuevas tendencias y avances tecnol\u00f3gicos, as\u00ed como las preferencias de los clientes. Estos pueden utilizarse para impulsar la innovaci\u00f3n y ayudar a las empresas a diferenciarse de sus competidores, generando ideas \u00fanicas en las que los investigadores probablemente ni siquiera hab\u00edan pensado.<\/li>\n\n\n\n<li>Las empresas pueden aumentar la probabilidad de \u00e9xito desarrollando estrategias basadas en datos e incorporando conocimientos en la planificaci\u00f3n estrat\u00e9gica. La asignaci\u00f3n eficaz de recursos garantiza un retorno de la inversi\u00f3n optimizado.<\/li>\n<\/ul>\n\n\n\n<h2 class=\"wp-block-heading\">Desaf\u00edos<\/h2>\n\n\n\n<p>Si bien este tipo de investigaci\u00f3n puede proporcionar informaci\u00f3n valiosa para las empresas, tambi\u00e9n existen algunos desaf\u00edos asociados con su realizaci\u00f3n. Estos son algunos de los desaf\u00edos de realizar una investigaci\u00f3n de mercado de superioridad de producto:<\/p>\n\n\n\n<ul class=\"wp-block-list\">\n<li>Obtaining accurate and reliable data can be challenging, particularly when evaluating multiple products across different categories. If the research includes subjective factors like user <a href=\"https:\/\/www.sisinternational.com\/es\/qualitative-research-to-enhance-customer-experience\/\" title=\"Qualitative Research to Enhance Customer Experience\"  data-wpil-monitor-id=\"9499\">experience and customer<\/a> satisfaction, it can become even more complex.<\/li>\n\n\n\n<li>Elegir competidores adecuados para comparar puede resultar dif\u00edcil debido a la presencia de varios productos similares o distintos en el mercado. Puede resultar complicado decidir qu\u00e9 productos comparar y c\u00f3mo cuantificar las variaciones.<\/li>\n\n\n\n<li>La precisi\u00f3n y confiabilidad de los hallazgos de la investigaci\u00f3n pueden verse significativamente afectadas por el tama\u00f1o y la representaci\u00f3n de la muestra. Obtener una muestra representativa del mercado objetivo puede resultar complicado, lo que podr\u00eda dar lugar a resultados sesgados.<\/li>\n\n\n\n<li>Realizar una investigaci\u00f3n sobre la superioridad de un producto puede resultar costoso, especialmente cuando se eval\u00faan m\u00faltiples productos y se requiere un tama\u00f1o de muestra grande. Las peque\u00f1as empresas o las nuevas empresas con recursos limitados pueden encontrarlo desafiante.<\/li>\n\n\n\n<li>Evaluar m\u00faltiples productos en diferentes categor\u00edas puede llevar mucho tiempo cuando se realizan investigaciones para determinar la superioridad del producto. El lanzamiento de un nuevo producto o caracter\u00edstica puede retrasarse, lo que puede afectar la competitividad de la empresa.<\/li>\n<\/ul>\n\n\n\n<h2 class=\"wp-block-heading\">Consideraciones al ejecutar una investigaci\u00f3n de mercado de superioridad del producto<\/h2>\n\n\n\n<p>La investigaci\u00f3n de mercado de superioridad de productos ofrece a las empresas conocimientos importantes y una ventaja competitiva. Sin embargo, tambi\u00e9n plantea ciertos desaf\u00edos y requiere una cuidadosa consideraci\u00f3n. Al realizar una investigaci\u00f3n de mercado para determinar la superioridad, considere estos factores clave:<\/p>\n\n\n\n<ul class=\"wp-block-list\">\n<li>Para garantizar una investigaci\u00f3n de mercado exitosa, es vital garantizar la calidad y precisi\u00f3n de los datos recopilados. Para minimizar errores y sesgos en sus datos, las empresas deben seleccionar fuentes de informaci\u00f3n confiables y utilizar m\u00e9todos de muestreo adecuados.<\/li>\n\n\n\n<li>Realizar una investigaci\u00f3n de mercado de superioridad de productos puede resultar costoso en t\u00e9rminos de recursos. Exige una inversi\u00f3n considerable en tiempo, tecnolog\u00eda y personal. Lograr una asignaci\u00f3n de recursos y una gesti\u00f3n de costos exitosas en las operaciones comerciales requiere encontrar el equilibrio adecuado entre obtener informaci\u00f3n \u00fatil y preservar un presupuesto \u00f3ptimo.<\/li>\n\n\n\n<li>Mantener la objetividad y evitar sesgos es crucial para los investigadores que necesitan evitar cualquier influencia potencial en los resultados de su investigaci\u00f3n. Para garantizar que la investigaci\u00f3n mantenga su integridad, es necesario considerar el sesgo de confirmaci\u00f3n y el sesgo de selecci\u00f3n, junto con otros posibles errores.<\/li>\n\n\n\n<li>To stay relevant in today&#8217;s rapidly changing markets, <a href=\"https:\/\/www.sisinternational.com\/es\/soluciones\/investigacion-de-consultoria-estrategica-fintech\/consultoria-de-estrategia-de-investigacion-de-mercado-de-seguros-de-interrupcion-de-negocios\/\" title=\"Investigaci\u00f3n de Mercado y Consultor\u00eda Estrat\u00e9gica de Seguros de Interrupci\u00f3n de Negocios\"  data-wpil-monitor-id=\"9496\">businesses need to adjust their research strategies<\/a> and methodologies quickly. Updating <a href=\"https:\/\/www.sisinternational.com\/es\/cobertura\/europa\/investigacion-de-mercado-liverpool-reino-unido\/\" title=\"Investigaci\u00f3n de mercado en Liverpool | Grupos focales y recopilaci\u00f3n de datos del Reino Unido\"  data-wpil-monitor-id=\"9494\">research questions or refining data collection<\/a> methods along with incorporating new technologies can help in staying relevant.<\/li>\n\n\n\n<li>Achieving a comprehensive understanding of the market involves balancing both quantitative and qualitative <a href=\"https:\/\/www.sisinternational.com\/es\/cobertura\/investigacion-de-mercado-asia\/investigacion-de-mercado-en-timor\/\" title=\"Investigaci\u00f3n de mercado en Timor\"  data-wpil-monitor-id=\"4737\">investigaci\u00f3n<\/a> methods in product superiority market research. A complete and accurate perception of their target audience and <a href=\"https:\/\/www.sisinternational.com\/es\/pericia\/industrias\/investigacion-de-mercado-automotriz\/clinicas-de-coches-estaticas-y-dinamicas\/\" title=\"Market Research Methods for Automotive Research &#8211; Static vs Dynamic Car Clinics\"  data-wpil-monitor-id=\"9497\">market dynamics<\/a> can be achieved through careful selection and balance of these methods.<\/li>\n\n\n\n<li>Maximizar el impacto de los resultados de la investigaci\u00f3n en las decisiones empresariales requiere una interpretaci\u00f3n y comunicaci\u00f3n efectivas. Es necesario tener la capacidad de transformar datos e ideas intrincados en sugerencias simples que los tomadores de decisiones puedan comprender sin dificultad.<\/li>\n\n\n\n<li>Un desaf\u00edo clave al que se enfrenta durante la investigaci\u00f3n de mercado de superioridad de producto es la falta de disponibilidad de datos adecuados. En ciertos sectores, puede haber falta de informaci\u00f3n f\u00e1cilmente disponible o los datos existentes pueden no ser confiables o precisos.<\/li>\n\n\n\n<li>Comparar datos de m\u00faltiples fuentes es esencial para realizar comparaciones precisas de empresas en la investigaci\u00f3n de mercado de superioridad de productos. El desaf\u00edo surge cuando los datos no son consistentes o no est\u00e1n estandarizados en todas las fuentes.<\/li>\n\n\n\n<li>En determinadas situaciones, puede resultar complicado obtener un tama\u00f1o de muestra suficientemente grande para realizar una investigaci\u00f3n de mercado eficaz sobre la superioridad del producto.<\/li>\n<\/ul>","protected":false},"excerpt":{"rendered":"<p>Para respaldar su liderazgo en el mercado, las empresas utilizan estudios de mercado de superioridad de productos para respaldar sus productos con datos de investigaci\u00f3n confiables.<\/p>","protected":false},"author":1,"featured_media":68806,"parent":14514,"menu_order":308,"comment_status":"closed","ping_status":"closed","template":"","meta":{"footnotes":""},"class_list":["post-42688","page","type-page","status-publish","has-post-thumbnail"],"_links":{"self":[{"href":"https:\/\/www.sisinternational.com\/es\/wp-json\/wp\/v2\/pages\/42688","targetHints":{"allow":["GET"]}}],"collection":[{"href":"https:\/\/www.sisinternational.com\/es\/wp-json\/wp\/v2\/pages"}],"about":[{"href":"https:\/\/www.sisinternational.com\/es\/wp-json\/wp\/v2\/types\/page"}],"author":[{"embeddable":true,"href":"https:\/\/www.sisinternational.com\/es\/wp-json\/wp\/v2\/users\/1"}],"replies":[{"embeddable":true,"href":"https:\/\/www.sisinternational.com\/es\/wp-json\/wp\/v2\/comments?post=42688"}],"version-history":[{"count":5,"href":"https:\/\/www.sisinternational.com\/es\/wp-json\/wp\/v2\/pages\/42688\/revisions"}],"predecessor-version":[{"id":81585,"href":"https:\/\/www.sisinternational.com\/es\/wp-json\/wp\/v2\/pages\/42688\/revisions\/81585"}],"up":[{"embeddable":true,"href":"https:\/\/www.sisinternational.com\/es\/wp-json\/wp\/v2\/pages\/14514"}],"wp:featuredmedia":[{"embeddable":true,"href":"https:\/\/www.sisinternational.com\/es\/wp-json\/wp\/v2\/media\/68806"}],"wp:attachment":[{"href":"https:\/\/www.sisinternational.com\/es\/wp-json\/wp\/v2\/media?parent=42688"}],"curies":[{"name":"wp","href":"https:\/\/api.w.org\/{rel}","templated":true}]}}