{"id":42682,"date":"2023-05-03T14:39:50","date_gmt":"2023-05-03T18:39:50","guid":{"rendered":"https:\/\/www.sisinternational.com\/?page_id=42682"},"modified":"2026-01-27T15:25:54","modified_gmt":"2026-01-27T20:25:54","slug":"investigacion-de-mercado-de-pasteleria","status":"publish","type":"page","link":"https:\/\/www.sisinternational.com\/es\/pericia\/investigacion-de-mercado-de-pasteleria\/","title":{"rendered":"Investigaci\u00f3n de Mercado de Pasteler\u00eda"},"content":{"rendered":"<h1 class=\"wp-block-heading\">Investigaci\u00f3n de Mercado de Pasteler\u00eda<\/h1>\n\n\n\n<figure class=\"gb-block-image gb-block-image-5b3f6317\"><img loading=\"lazy\" decoding=\"async\" width=\"1456\" height=\"816\" class=\"gb-image gb-image-5b3f6317\" src=\"https:\/\/www.sisinternational.com\/wp-content\/uploads\/2025\/08\/Pastries-4.jpg\" alt=\"Investigaci\u00f3n y estrategia de mercado internacional de SIS\" title=\"Pastries (4)\" srcset=\"https:\/\/www.sisinternational.com\/wp-content\/uploads\/2025\/08\/Pastries-4.jpg 1456w, https:\/\/www.sisinternational.com\/wp-content\/uploads\/2025\/08\/Pastries-4-300x168.jpg 300w, https:\/\/www.sisinternational.com\/wp-content\/uploads\/2025\/08\/Pastries-4-1024x574.jpg 1024w, https:\/\/www.sisinternational.com\/wp-content\/uploads\/2025\/08\/Pastries-4-768x430.jpg 768w, https:\/\/www.sisinternational.com\/wp-content\/uploads\/2025\/08\/Pastries-4-18x10.jpg 18w\" sizes=\"auto, (max-width: 1456px) 100vw, 1456px\"><\/figure>\n\n\n\n<p><\/p>\n\n\n\n<p>La investigaci\u00f3n de mercado de reposter\u00eda implica acumular y analizar datos relacionados con la industria. El objetivo principal de esta investigaci\u00f3n es comprender las preferencias de los consumidores, las tendencias del mercado y la competencia para que las empresas puedan tomar decisiones informadas. La investigaci\u00f3n de mercado de pasteles proporciona informaci\u00f3n sobre numerosas facetas de la industria, como los tipos de productos, el comportamiento del consumidor y la din\u00e1mica del mercado.<\/p>\n\n\n\n<h2 class=\"wp-block-heading\">Descripci\u00f3n general del producto de investigaci\u00f3n de mercado de pasteles<\/h2>\n\n\n\n<p>La pasteler\u00eda es una forma de alimento horneado compuesto de harina, grasa y agua. Antes de hornear, la mezcla se extiende y se le da varias formas, lo que da como resultado una textura escamosa y quebradiza. Los pasteles pueden ser dulces o salados y frecuentemente est\u00e1n rellenos de fruta, l\u00e1cteos o carne.<\/p>\n\n\n\n<h2 class=\"wp-block-heading\">Tipos de Pasteler\u00eda:<\/h2>\n\n\n\n<h3 class=\"wp-block-heading\">La industria de la reposter\u00eda ofrece una amplia variedad de productos, cada uno con caracter\u00edsticas y gustos distintivos. A continuaci\u00f3n se describen algunas de las variedades de pasteles m\u00e1s populares:<\/h3>\n\n\n\n<ul class=\"wp-block-list\">\n<li>Los croissants son pasteles franceses compuestos de capas de masa hojaldrada y mantecosa.<\/li>\n\n\n\n<li>Los donuts son un dulce redondo a base de masa que generalmente se recubre con az\u00facar o glaseado y se fr\u00ede.<\/li>\n\n\n\n<li>Los pasteles son delicias horneadas hechas con harina, az\u00facar, huevos y mantequilla o aceite.<\/li>\n\n\n\n<li>Las tartas son pasteles horneados que consisten en masa de hojaldre rellenos de fruta, nata o componentes salados.<\/li>\n\n\n\n<li>Los muffins son peque\u00f1os pasteles dulces horneados compuestos de harina, az\u00facar, huevos y mantequilla o aceite.<\/li>\n<\/ul>\n\n\n\n<h2 class=\"wp-block-heading\">Alcance de la investigaci\u00f3n de mercado de pasteles<\/h2>\n\n\n\n<p>Pasteles Market Research proporciona informaci\u00f3n sobre las preferencias de los consumidores, las tendencias del mercado, el an\u00e1lisis competitivo y el desarrollo de productos. Cada una de estas categor\u00edas se examina con mayor detalle a continuaci\u00f3n.<\/p>\n\n\n\n<p><strong>Preferencias del consumidor -<\/strong> Comprender lo que los consumidores quieren y requieren es crucial para el \u00e9xito de cualquier empresa. La investigaci\u00f3n de mercado sobre pasteles puede arrojar informaci\u00f3n valiosa sobre las preferencias de los consumidores, como sus variedades preferidas de pasteles, sabores, ingredientes y envases.<\/p>\n\n\n\n<p><strong>Indicadores de mercado -<\/strong> El mercado de la boller\u00eda est\u00e1 en constante cambio y con frecuencia surgen nuevas tendencias. La investigaci\u00f3n de mercado de pasteles puede ayudar a las empresas a mantenerse al tanto de los desarrollos m\u00e1s actualizados en la industria, incluidas las tendencias emergentes como la creciente demanda de pasteles veganos y sin gluten.<\/p>\n\n\n\n<p><strong>An\u00e1lisis competitivo -<\/strong> Comprender el panorama competitivo es esencial para las empresas de la industria de la pasteler\u00eda. La investigaci\u00f3n de mercado sobre pasteles puede proporcionar informaci\u00f3n valiosa sobre la participaci\u00f3n de mercado de los actores clave, sus estrategias de precios y las percepciones de los consumidores sobre sus marcas.<\/p>\n\n\n\n<p><strong>Desarrollo de productos -<\/strong> Para que las empresas sigan siendo competitivas, es fundamental desarrollar productos de boller\u00eda novedosos que satisfagan las preferencias de los consumidores. La investigaci\u00f3n de mercado sobre pasteles puede arrojar informaci\u00f3n valiosa sobre las variedades de pasteles que los consumidores desean, sus ingredientes y sabores preferidos y sus preferencias de empaque.<\/p>\n\n\n\n<h2 class=\"wp-block-heading\">Principales impulsores de la investigaci\u00f3n de mercado de pasteles<\/h2>\n\n\n\n<figure class=\"gb-block-image gb-block-image-3067d281\"><img loading=\"lazy\" decoding=\"async\" width=\"1456\" height=\"816\" class=\"gb-image gb-image-3067d281\" src=\"https:\/\/www.sisinternational.com\/wp-content\/uploads\/2025\/08\/pastries-4-2.jpg\" alt=\"Investigaci\u00f3n y estrategia de mercado internacional de SIS\" title=\"pastries 4 (2)\" srcset=\"https:\/\/www.sisinternational.com\/wp-content\/uploads\/2025\/08\/pastries-4-2.jpg 1456w, https:\/\/www.sisinternational.com\/wp-content\/uploads\/2025\/08\/pastries-4-2-300x168.jpg 300w, https:\/\/www.sisinternational.com\/wp-content\/uploads\/2025\/08\/pastries-4-2-1024x574.jpg 1024w, https:\/\/www.sisinternational.com\/wp-content\/uploads\/2025\/08\/pastries-4-2-768x430.jpg 768w, https:\/\/www.sisinternational.com\/wp-content\/uploads\/2025\/08\/pastries-4-2-18x10.jpg 18w\" sizes=\"auto, (max-width: 1456px) 100vw, 1456px\"><\/figure>\n\n\n\n<p><\/p>\n\n\n\n<p>La investigaci\u00f3n de mercado de pasteles proporciona informaci\u00f3n sobre el panorama de la industria. La industria de la reposter\u00eda est\u00e1 en continua evoluci\u00f3n y peri\u00f3dicamente surgen nuevas tendencias. Estas son algunas de las tendencias m\u00e1s significativas del mercado de la pasteler\u00eda:<\/p>\n\n\n\n<p><strong>Salud y Bienestar -<\/strong> A la hora de elegir reposter\u00eda, la salud y el bienestar se han convertido en determinantes cruciales de la elecci\u00f3n del consumidor. Los consumidores buscan la boller\u00eda vegana y sin gluten, as\u00ed como los productos elaborados con ingredientes org\u00e1nicos y no transg\u00e9nicos.<\/p>\n\n\n\n<p><strong>Conveniencia -<\/strong> Los consumidores buscan productos de boller\u00eda que sean c\u00f3modos y sencillos de consumir. Los pasteles envasados individualmente se est\u00e1n volviendo cada vez m\u00e1s populares como opciones para llevar.<\/p>\n\n\n\n<p><strong>Localizaci\u00f3n \u2013<\/strong> Los consumidores est\u00e1n cada vez m\u00e1s interesados en los pasteles de origen local. Esta tendencia est\u00e1 impulsada por el deseo de los consumidores de apoyar a las empresas locales y reducir el impacto ambiental del transporte.<\/p>\n\n\n\n<p><strong>Innovaci\u00f3n -<\/strong> El mercado de la boller\u00eda est\u00e1 en continua evoluci\u00f3n y la demanda de productos de boller\u00eda nuevos e innovadores est\u00e1 creciendo. Es probable que los desarrolladores de productos de pasteler\u00eda \u00fanicos e inventivos prosperen en el mercado.<\/p>\n\n\n\n<h2 class=\"wp-block-heading\">Metodolog\u00edas de Investigaci\u00f3n de Mercado de Pasteler\u00eda<\/h2>\n\n\n\n<p>Al realizar investigaciones de mercado de pasteles, las empresas pueden utilizar m\u00e9todos tanto cuantitativos como cualitativos para adquirir datos de mercado y preferencias de los consumidores. A continuaci\u00f3n se enumeran ejemplos de metodolog\u00edas de investigaci\u00f3n cuantitativa y cualitativa que se pueden utilizar en la industria de la pasteler\u00eda:<\/p>\n\n\n\n<h2 class=\"wp-block-heading\">M\u00e9todos de investigaci\u00f3n cuantitativa:<\/h2>\n\n\n\n<figure class=\"gb-block-image gb-block-image-2174eaa2\"><img loading=\"lazy\" decoding=\"async\" width=\"1456\" height=\"816\" class=\"gb-image gb-image-2174eaa2\" src=\"https:\/\/www.sisinternational.com\/wp-content\/uploads\/2025\/08\/Pastries-5.jpg\" alt=\"Investigaci\u00f3n y estrategia de mercado internacional de SIS\" title=\"Pastries (5)\" srcset=\"https:\/\/www.sisinternational.com\/wp-content\/uploads\/2025\/08\/Pastries-5.jpg 1456w, https:\/\/www.sisinternational.com\/wp-content\/uploads\/2025\/08\/Pastries-5-300x168.jpg 300w, https:\/\/www.sisinternational.com\/wp-content\/uploads\/2025\/08\/Pastries-5-1024x574.jpg 1024w, https:\/\/www.sisinternational.com\/wp-content\/uploads\/2025\/08\/Pastries-5-768x430.jpg 768w, https:\/\/www.sisinternational.com\/wp-content\/uploads\/2025\/08\/Pastries-5-18x10.jpg 18w\" sizes=\"auto, (max-width: 1456px) 100vw, 1456px\"><\/figure>\n\n\n\n<p><\/p>\n\n\n\n<p>Surveys provide quantitative data and <a href=\"https:\/\/www.sisinternational.com\/es\/multiples-sectores-influyentes-indirectos-en-las-compras-de-los-consumidores\/\" title=\"M\u00faltiples influenciadores en las compras de los consumidores\"  data-wpil-monitor-id=\"7377\">strategies in pastries market research<\/a> that can be used to collect information regarding consumer preferences, attitudes, and behaviors. For instance, a food service company could conduct a survey to determine the most popular varieties of pastries or to collect demographic information about its customers.<\/p>\n\n\n\n<p>El an\u00e1lisis de datos de ventas es otra t\u00e9cnica de investigaci\u00f3n cuantitativa que puede generar informaci\u00f3n valiosa sobre las preferencias de los consumidores y los patrones de compra. Por ejemplo, una pasteler\u00eda podr\u00eda analizar datos de ventas para determinar qu\u00e9 productos se venden m\u00e1s, qu\u00e9 sabores son los m\u00e1s populares y qu\u00e9 canales de marketing son los m\u00e1s eficaces para impulsar las ventas.<\/p>\n\n\n\n<h2 class=\"wp-block-heading\">M\u00e9todos de investigaci\u00f3n cualitativa:<\/h2>\n\n\n\n<p>Los grupos focales implican reunir a un grupo de consumidores para discutir sus pensamientos y opiniones sobre los productos de confiter\u00eda. Los grupos focales se pueden utilizar para recopilar informaci\u00f3n cualitativa sobre las actitudes y preferencias de los consumidores. Por ejemplo, una empresa podr\u00eda organizar un grupo focal para recopilar comentarios sobre un nuevo producto que est\u00e1 considerando lanzar.<\/p>\n\n\n\n<p><a class=\"wpil_keyword_link\" href=\"https:\/\/www.sisinternational.com\/es\/soluciones\/soluciones-de-investigacion-cualitativa-cuantitativa\/entrevistas-en-profundidad\/\"   title=\"Entrevistas en profundidad\" data-wpil-keyword-link=\"linked\"  data-wpil-monitor-id=\"683\">Entrevistas en profundidad<\/a> are another qualitative research method that can be used to collect detailed information regarding consumer attitudes and preferences. For instance, a business that sells pastries could conduct in-depth interviews with consumers to collect feedback on their products.<\/p>\n\n\n\n<p>Social media monitoring is a qualitative research technique that entails tracking mentions of a business or its products on social media platforms. This can be an effective method for collecting data and <a href=\"https:\/\/www.sisinternational.com\/es\/como-continuar-su-expansion-en-los-mercados-emergentes-en-esta-recesion\/\" title=\"C\u00f3mo continuar su expansi\u00f3n en los mercados emergentes durante esta recesi\u00f3n\"  data-wpil-monitor-id=\"2146\">strategies in pastries market research<\/a> on consumer sentiment toward a brand or product and identifying emerging market trends. For instance, a bakery could use social media monitoring to track brand mentions and identify opportunities to engage with consumers or address negative feedback.<\/p>\n\n\n\n<p>Al emplear t\u00e9cnicas de investigaci\u00f3n tanto cuantitativas como cualitativas, las empresas de la industria de la confiter\u00eda pueden recopilar informaci\u00f3n valiosa sobre las preferencias de los consumidores, las tendencias del mercado y la competencia. Esta informaci\u00f3n se puede utilizar para fundamentar la estrategia empresarial, crear nuevos productos y seguir siendo competitivo en un mercado que evoluciona continuamente.<\/p>\n\n\n\n<h2 class=\"wp-block-heading\">Acerca de la investigaci\u00f3n de mercado de pasteler\u00eda<\/h2>\n\n\n\n<figure class=\"gb-block-image gb-block-image-36bc6c90\"><img loading=\"lazy\" decoding=\"async\" width=\"1456\" height=\"816\" class=\"gb-image gb-image-36bc6c90\" src=\"https:\/\/www.sisinternational.com\/wp-content\/uploads\/2025\/08\/Pastries-1.jpg\" alt=\"Investigaci\u00f3n y estrategia de mercado internacional de SIS\" title=\"Pastries (1)\" srcset=\"https:\/\/www.sisinternational.com\/wp-content\/uploads\/2025\/08\/Pastries-1.jpg 1456w, https:\/\/www.sisinternational.com\/wp-content\/uploads\/2025\/08\/Pastries-1-300x168.jpg 300w, https:\/\/www.sisinternational.com\/wp-content\/uploads\/2025\/08\/Pastries-1-1024x574.jpg 1024w, https:\/\/www.sisinternational.com\/wp-content\/uploads\/2025\/08\/Pastries-1-768x430.jpg 768w, https:\/\/www.sisinternational.com\/wp-content\/uploads\/2025\/08\/Pastries-1-18x10.jpg 18w\" sizes=\"auto, (max-width: 1456px) 100vw, 1456px\"><\/figure>\n\n\n\n<p><\/p>\n\n\n\n<p>La investigaci\u00f3n de mercado de la boller\u00eda es fundamental para cualquier estrategia de negocio en el sector de la boller\u00eda. Ofrece informaci\u00f3n valiosa sobre las preferencias de los consumidores, las tendencias del mercado y la competencia, lo que permite a las empresas tomar decisiones informadas y mantener una ventaja competitiva. Los datos y las estrategias en la investigaci\u00f3n de mercado de pasteles pueden ayudar a los principales actores de la industria a identificar tambi\u00e9n posibles brechas en el mercado y desarrollar estrategias de marketing espec\u00edficas. Esto puede ayudarles a crear productos o mejorar los existentes que puedan resonar en su p\u00fablico objetivo, aumentar la lealtad de los clientes y, en \u00faltima instancia, impulsar el crecimiento de las ventas y los ingresos.<\/p>","protected":false},"excerpt":{"rendered":"<p>La investigaci\u00f3n de mercado de pasteles proporciona informaci\u00f3n sobre muchas facetas de la industria, como los tipos de productos, el comportamiento del consumidor y la din\u00e1mica del mercado.<\/p>","protected":false},"author":1,"featured_media":64298,"parent":14514,"menu_order":305,"comment_status":"closed","ping_status":"closed","template":"","meta":{"footnotes":""},"class_list":["post-42682","page","type-page","status-publish","has-post-thumbnail"],"_links":{"self":[{"href":"https:\/\/www.sisinternational.com\/es\/wp-json\/wp\/v2\/pages\/42682","targetHints":{"allow":["GET"]}}],"collection":[{"href":"https:\/\/www.sisinternational.com\/es\/wp-json\/wp\/v2\/pages"}],"about":[{"href":"https:\/\/www.sisinternational.com\/es\/wp-json\/wp\/v2\/types\/page"}],"author":[{"embeddable":true,"href":"https:\/\/www.sisinternational.com\/es\/wp-json\/wp\/v2\/users\/1"}],"replies":[{"embeddable":true,"href":"https:\/\/www.sisinternational.com\/es\/wp-json\/wp\/v2\/comments?post=42682"}],"version-history":[{"count":6,"href":"https:\/\/www.sisinternational.com\/es\/wp-json\/wp\/v2\/pages\/42682\/revisions"}],"predecessor-version":[{"id":81021,"href":"https:\/\/www.sisinternational.com\/es\/wp-json\/wp\/v2\/pages\/42682\/revisions\/81021"}],"up":[{"embeddable":true,"href":"https:\/\/www.sisinternational.com\/es\/wp-json\/wp\/v2\/pages\/14514"}],"wp:featuredmedia":[{"embeddable":true,"href":"https:\/\/www.sisinternational.com\/es\/wp-json\/wp\/v2\/media\/64298"}],"wp:attachment":[{"href":"https:\/\/www.sisinternational.com\/es\/wp-json\/wp\/v2\/media?parent=42682"}],"curies":[{"name":"wp","href":"https:\/\/api.w.org\/{rel}","templated":true}]}}