{"id":42678,"date":"2023-05-03T13:55:17","date_gmt":"2023-05-03T17:55:17","guid":{"rendered":"https:\/\/www.sisinternational.com\/?page_id=42678"},"modified":"2026-01-24T20:13:42","modified_gmt":"2026-01-25T01:13:42","slug":"investigacion-de-mercado-de-seguridad-de-red","status":"publish","type":"page","link":"https:\/\/www.sisinternational.com\/es\/pericia\/investigacion-de-mercado-de-seguridad-de-red\/","title":{"rendered":"Investigaci\u00f3n de mercado de seguridad de red"},"content":{"rendered":"<h1 class=\"wp-block-heading\">Investigaci\u00f3n de mercado de seguridad de red<\/h1>\n\n\n\n<figure class=\"gb-block-image gb-block-image-4040712e\"><img loading=\"lazy\" decoding=\"async\" width=\"1456\" height=\"816\" class=\"gb-image gb-image-4040712e\" src=\"https:\/\/www.sisinternational.com\/wp-content\/uploads\/2025\/08\/Cibersecurity-security-3.jpg\" alt=\"Investigaci\u00f3n y estrategia de mercado internacional de SIS\" title=\"Cibersecurity security (3)\" srcset=\"https:\/\/www.sisinternational.com\/wp-content\/uploads\/2025\/08\/Cibersecurity-security-3.jpg 1456w, https:\/\/www.sisinternational.com\/wp-content\/uploads\/2025\/08\/Cibersecurity-security-3-300x168.jpg 300w, https:\/\/www.sisinternational.com\/wp-content\/uploads\/2025\/08\/Cibersecurity-security-3-1024x574.jpg 1024w, https:\/\/www.sisinternational.com\/wp-content\/uploads\/2025\/08\/Cibersecurity-security-3-768x430.jpg 768w, https:\/\/www.sisinternational.com\/wp-content\/uploads\/2025\/08\/Cibersecurity-security-3-18x10.jpg 18w\" sizes=\"auto, (max-width: 1456px) 100vw, 1456px\"><\/figure>\n\n\n\n<p><\/p>\n\n\n\n<p>La seguridad de la red se refiere a pr\u00e1cticas, tecnolog\u00edas y pol\u00edticas para proteger las redes inform\u00e1ticas. Tambi\u00e9n protege los dispositivos y los datos contra el acceso no autorizado, el robo, el da\u00f1o o la interrupci\u00f3n. Otro objetivo de la seguridad de la red es crear un entorno seguro. En un entorno as\u00ed, los individuos y las organizaciones al menos pueden comunicarse. Tambi\u00e9n pueden realizar negocios sin temor a amenazas cibern\u00e9ticas.<\/p>\n\n\n\n<p>La seguridad de la red implica varias t\u00e9cnicas. Estas t\u00e9cnicas incluyen firewalls, sistemas de detecci\u00f3n de intrusos, cifrado, autenticaci\u00f3n, control de acceso y monitoreo. Del mismo modo, estas tecnolog\u00edas trabajan juntas para evitar el acceso no autorizado a los recursos y datos de la red. Otra de sus funciones es la de detectar y dar respuesta a incidentes de seguridad. Tambi\u00e9n mantienen la confidencialidad, integridad y disponibilidad de datos y servicios cr\u00edticos.<\/p>\n\n\n\n<p>Una seguridad de red adecuada requiere un enfoque integral que aborde todos los posibles vectores de ataque. Las amenazas pueden ser internas o externas. Requiere una evaluaci\u00f3n continua de riesgos junto con capacitaci\u00f3n en gesti\u00f3n y concientizaci\u00f3n sobre seguridad. Tambi\u00e9n exige un seguimiento y una mejora continuos de las medidas de seguridad.<\/p>\n\n\n\n<h2 class=\"wp-block-heading\">\u00bfPor qu\u00e9 es importante la seguridad de la red?<\/h2>\n\n\n\n<p>La seguridad de la red es cr\u00edtica hoy en d\u00eda. Por ejemplo, las empresas, los gobiernos y los individuos dependen de la comunicaci\u00f3n digital, el almacenamiento de datos y las transacciones en l\u00ednea. La seguridad de la red es esencial porque protege a estas entidades de las ciberamenazas. Protege redes y datos contra malware, virus y piratas inform\u00e1ticos.<\/p>\n\n\n\n<p>Otro punto clave es que las medidas de seguridad de la red ayudan a prevenir filtraciones de datos. Estas infracciones pueden provocar la p\u00e9rdida de informaci\u00f3n confidencial y p\u00e9rdidas financieras. Tambi\u00e9n puede causar da\u00f1os a la reputaci\u00f3n y responsabilidades legales.<\/p>\n\n\n\n<p>La seguridad de la red garantiza que las operaciones comerciales puedan continuar durante un ciberataque. Har\u00e1 lo mismo en caso de fallo del sistema. De hecho, es esencial para las empresas que dependen de transacciones y servicios en l\u00ednea.<\/p>\n\n\n\n<p>Muchas industrias est\u00e1n sujetas a regulaciones sobre la protecci\u00f3n de informaci\u00f3n confidencial. Algunos ejemplos son los datos sanitarios y la informaci\u00f3n financiera. La seguridad de la red ayuda a las empresas a seguir estas regulaciones.<\/p>\n\n\n\n<p>Los ciberladrones suelen buscar informaci\u00f3n personal para utilizarla en el robo de identidad. Las medidas de seguridad de la red protegen la informaci\u00f3n personal. Por ejemplo, protege n\u00fameros de seguro social, informaci\u00f3n de tarjetas de cr\u00e9dito y contrase\u00f1as.<\/p>\n\n\n\n<h2 class=\"wp-block-heading\">T\u00edtulos de trabajo clave<\/h2>\n\n\n\n<figure class=\"gb-block-image gb-block-image-bc1758ca\"><img loading=\"lazy\" decoding=\"async\" width=\"1456\" height=\"816\" class=\"gb-image gb-image-bc1758ca\" src=\"https:\/\/www.sisinternational.com\/wp-content\/uploads\/2025\/08\/Cibersecurity-security-7.jpg\" alt=\"Investigaci\u00f3n y estrategia de mercado internacional de SIS\" title=\"Cibersecurity security (7)\" srcset=\"https:\/\/www.sisinternational.com\/wp-content\/uploads\/2025\/08\/Cibersecurity-security-7.jpg 1456w, https:\/\/www.sisinternational.com\/wp-content\/uploads\/2025\/08\/Cibersecurity-security-7-300x168.jpg 300w, https:\/\/www.sisinternational.com\/wp-content\/uploads\/2025\/08\/Cibersecurity-security-7-1024x574.jpg 1024w, https:\/\/www.sisinternational.com\/wp-content\/uploads\/2025\/08\/Cibersecurity-security-7-768x430.jpg 768w, https:\/\/www.sisinternational.com\/wp-content\/uploads\/2025\/08\/Cibersecurity-security-7-18x10.jpg 18w\" sizes=\"auto, (max-width: 1456px) 100vw, 1456px\"><\/figure>\n\n\n\n<p><\/p>\n\n\n\n<h3 class=\"wp-block-heading\">A continuaci\u00f3n se muestran algunos t\u00edtulos de trabajo clave en el campo de la seguridad de redes:<\/h3>\n\n\n\n<p><strong>Ingeniero de seguridad de redes:<\/strong> Este ingeniero dise\u00f1a, implementa y mantiene la seguridad. Su trabajo es proteger la red inform\u00e1tica de una organizaci\u00f3n. Trabajan con firewalls, sistemas de detecci\u00f3n de intrusos y otras tecnolog\u00edas de seguridad. Salvan a las empresas de las ciberamenazas.<\/p>\n\n\n\n<p><strong>Analista de Seguridad de la Informaci\u00f3n:<\/strong> Supervisa y analiza las redes inform\u00e1ticas de una organizaci\u00f3n en busca de violaciones de seguridad. Tambi\u00e9n dise\u00f1an e implementan pol\u00edticas y procedimientos de seguridad.<\/p>\n\n\n\n<p><strong>Especialista en Ciberseguridad:<\/strong> Identifica, analiza y mitiga las amenazas cibern\u00e9ticas. Tambi\u00e9n desarrollan e implementan pol\u00edticas y procedimientos de seguridad.<\/p>\n\n\n\n<p><strong>Director de seguridad de la informaci\u00f3n (CISO):<\/strong> Un CISO supervisa el programa de seguridad de la informaci\u00f3n de una organizaci\u00f3n. Desarrollan e implementan pol\u00edticas, procedimientos y programas de capacitaci\u00f3n de seguridad.<\/p>\n\n\n\n<p><strong>Probador de penetraci\u00f3n:<\/strong> Un probador de penetraci\u00f3n es un hacker \u00e9tico. Prueban las redes y sistemas inform\u00e1ticos de una organizaci\u00f3n. Buscan vulnerabilidades y debilidades para identificar y solucionar posibles riesgos de seguridad.<\/p>\n\n\n\n<p><strong>Consultor de seguridad:<\/strong> Asesora y orienta a las organizaciones sobre c\u00f3mo mejorar su postura de seguridad. Su trabajo incluye desarrollar e implementar pol\u00edticas y procedimientos de seguridad.<\/p>\n\n\n\n<p><strong>Administrador de red:<\/strong> Maneja la operaci\u00f3n y el mantenimiento diarios de la red inform\u00e1tica de una organizaci\u00f3n. Su trabajo incluye garantizar que las medidas de seguridad est\u00e9n implementadas y funcionando.<\/p>\n\n\n\n<h2 class=\"wp-block-heading\">\u00bfPor qu\u00e9 las empresas necesitan seguridad de red?<\/h2>\n\n\n\n<figure class=\"gb-block-image gb-block-image-26e77679\"><img loading=\"lazy\" decoding=\"async\" width=\"1456\" height=\"816\" class=\"gb-image gb-image-26e77679\" src=\"https:\/\/www.sisinternational.com\/wp-content\/uploads\/2025\/08\/Cibersecurity-security-12.jpg\" alt=\"Investigaci\u00f3n y estrategia de mercado internacional de SIS\" title=\"Cibersecurity security (12)\" srcset=\"https:\/\/www.sisinternational.com\/wp-content\/uploads\/2025\/08\/Cibersecurity-security-12.jpg 1456w, https:\/\/www.sisinternational.com\/wp-content\/uploads\/2025\/08\/Cibersecurity-security-12-300x168.jpg 300w, https:\/\/www.sisinternational.com\/wp-content\/uploads\/2025\/08\/Cibersecurity-security-12-1024x574.jpg 1024w, https:\/\/www.sisinternational.com\/wp-content\/uploads\/2025\/08\/Cibersecurity-security-12-768x430.jpg 768w, https:\/\/www.sisinternational.com\/wp-content\/uploads\/2025\/08\/Cibersecurity-security-12-18x10.jpg 18w\" sizes=\"auto, (max-width: 1456px) 100vw, 1456px\"><\/figure>\n\n\n\n<p><\/p>\n\n\n\n<p>Las empresas necesitan seguridad de red por varias razones, incluida la protecci\u00f3n contra amenazas cibern\u00e9ticas. Adem\u00e1s, las empresas son objetivos principales para los ciberdelincuentes que buscan robar informaci\u00f3n confidencial. Adem\u00e1s, estos delincuentes interrumpen las operaciones, buscando obtener ganancias financieras. Las medidas de seguridad de la red incluyen firewalls, sistemas de detecci\u00f3n de intrusos y cifrado. Estas medidas pueden ayudar a proteger las redes y los datos empresariales de estas amenazas.<\/p>\n\n\n\n<p>Las violaciones de datos pueden tener graves consecuencias para las empresas. Como se mencion\u00f3 anteriormente, estas consecuencias incluyen p\u00e9rdidas financieras y da\u00f1os a la reputaci\u00f3n. Tambi\u00e9n incluyen la p\u00e9rdida de confianza del cliente. Las medidas de seguridad de la red ayudan a prevenir violaciones de datos. Tambi\u00e9n mitiga su impacto si ocurren.<\/p>\n\n\n\n<p>Las empresas suelen tener propiedad intelectual valiosa. Por ejemplo, pueden tener secretos comerciales que necesitan protecci\u00f3n contra amenazas cibern\u00e9ticas. Las medidas de seguridad de la red ayudan a proteger esta informaci\u00f3n contra robo y uso indebido.<\/p>\n\n\n\n<h2 class=\"wp-block-heading\">Factores claves del \u00e9xito<\/h2>\n\n\n\n<p>Existen varios factores cr\u00edticos de \u00e9xito para una seguridad de red adecuada. Estos incluyen la evaluaci\u00f3n de riesgos. Las evaluaciones de riesgos peri\u00f3dicas son esenciales para identificar posibles vulnerabilidades en una red. Tambi\u00e9n ayuda a las empresas a determinar las medidas de seguridad adecuadas para abordarlos.<\/p>\n\n\n\n<p>Establecer pol\u00edticas y procedimientos de seguridad integrales es fundamental. Garantiza una seguridad de red coherente y eficaz en toda la organizaci\u00f3n. Las pol\u00edticas deben cubrir el acceso a datos, la gesti\u00f3n de contrase\u00f1as y la respuesta a incidentes.<\/p>\n\n\n\n<p>Es esencial garantizar que los empleados conozcan las pol\u00edticas de seguridad y las mejores pr\u00e1cticas. Previene violaciones de seguridad causadas por errores humanos. Adem\u00e1s, son imprescindibles programas peri\u00f3dicos de formaci\u00f3n y sensibilizaci\u00f3n. Pueden ayudar a los empleados a identificar y evitar riesgos de seguridad comunes.<\/p>\n\n\n\n<p>Las empresas deben comprobar sus medidas de seguridad de red y probar su eficacia. Deben actualizarlos seg\u00fan sea necesario para abordar amenazas nuevas y emergentes.<\/p>\n\n\n\n<p>Una seguridad de red adecuada requiere colaboraci\u00f3n y comunicaci\u00f3n entre los equipos de TI y de seguridad. Todos los departamentos deben comprender y seguir las pol\u00edticas y procedimientos de seguridad.<\/p>\n\n\n\n<p>Las empresas deben utilizar tecnolog\u00edas de seguridad est\u00e1ndar de la industria. Estas tecnolog\u00edas incluyen firewalls, sistemas de detecci\u00f3n de intrusos y cifrado. Puede ayudar a garantizar la protecci\u00f3n de una red contra diversas amenazas cibern\u00e9ticas.<\/p>\n\n\n\n<p>Es esencial contar con presupuestos y recursos adecuados. Garantiza que una organizaci\u00f3n pueda instalar y mantener medidas de seguridad de red eficaces. Estas medidas incluyen compras de personal, hardware y software. Tambi\u00e9n incluye programas continuos de formaci\u00f3n y sensibilizaci\u00f3n.<\/p>\n\n\n\n<h3 class=\"wp-block-heading\">Enhancing WordPress Security with WP Safe Zone<\/h3>\n\n\n\n<figure class=\"gb-block-image gb-block-image-cca9f5b0\"><img loading=\"lazy\" decoding=\"async\" width=\"1456\" height=\"816\" class=\"gb-image gb-image-cca9f5b0\" src=\"https:\/\/www.sisinternational.com\/wp-content\/uploads\/2025\/08\/Cibersecurity-security-6.jpg\" alt=\"Investigaci\u00f3n y estrategia de mercado internacional de SIS\" title=\"Cibersecurity security (6)\" srcset=\"https:\/\/www.sisinternational.com\/wp-content\/uploads\/2025\/08\/Cibersecurity-security-6.jpg 1456w, https:\/\/www.sisinternational.com\/wp-content\/uploads\/2025\/08\/Cibersecurity-security-6-300x168.jpg 300w, https:\/\/www.sisinternational.com\/wp-content\/uploads\/2025\/08\/Cibersecurity-security-6-1024x574.jpg 1024w, https:\/\/www.sisinternational.com\/wp-content\/uploads\/2025\/08\/Cibersecurity-security-6-768x430.jpg 768w, https:\/\/www.sisinternational.com\/wp-content\/uploads\/2025\/08\/Cibersecurity-security-6-18x10.jpg 18w\" sizes=\"auto, (max-width: 1456px) 100vw, 1456px\"><\/figure>\n\n\n\n<p><\/p>\n\n\n\n<p>When discussing the <a href=\"https:\/\/www.sisinternational.com\/es\/el-tesoro-de-datos-de-las-redes-sociales-para-investigadores-de-marketing\/\" title=\"Investigaci\u00f3n de mercado de redes sociales: oportunidades y desaf\u00edos\"  data-wpil-monitor-id=\"2714\">network security market<\/a>, it&#8217;s impossible to overlook the importance of website protection. For WordPress users, <strong>WP Safe Zone<\/strong> is a must-have plugin designed to safeguard websites against common threats like brute force attacks, malware, and unauthorized access. Its user-friendly interface and robust security features make it an ideal choice for businesses and individuals looking to strengthen their <a href=\"https:\/\/wpsafezone.com\/\" target=\"_blank\" rel=\"noopener\">WordPress site security<\/a>.<\/p>\n\n\n\n<h2 class=\"wp-block-heading\">Acerca de la investigaci\u00f3n de mercado de seguridad de redes<\/h2>\n\n\n\n<p>Everyone benefits when network security companies use <a class=\"wpil_keyword_link\" href=\"https:\/\/www.sisinternational.com\/es\/soluciones\/soluciones-de-investigacion-cualitativa-cuantitativa\/investigacion-de-mercado-cualitativa\/\" title=\"Investigaci\u00f3n de Mercado Cualitativa\" data-wpil-keyword-link=\"linked\" data-wpil-monitor-id=\"685\">Investigaci\u00f3n de Mercado Cualitativa<\/a>. It helps them develop better technologies. <a class=\"wpil_keyword_link\" href=\"https:\/\/www.sisinternational.com\/es\/pericia\/industrias\/investigacion-de-mercado-cuantitativa-2\/\" title=\"Investigaci\u00f3n de mercado cuantitativa\" data-wpil-keyword-link=\"linked\" data-wpil-monitor-id=\"352\">Investigaci\u00f3n de mercado cuantitativa<\/a> is also essential. It is a tried, trusted, and proven way to get answers to vital questions. Its offshoots include UX, Strategic, Market Entry, Market Opportunity, and <a href=\"https:\/\/www.sisinternational.com\/es\/seguridad-cibernetica-atencion-medica\/\" title=\"Investigaci\u00f3n de mercado de ciberseguridad en el sector sanitario\" data-wpil-monitor-id=\"1937\">Investigaci\u00f3n de dimensionamiento del mercado<\/a>. Some of the methods used are Interviews, Surveys, and Focus Groups.<\/p>\n\n\n\n<p>SIS International ofrece todos estos tipos de investigaci\u00f3n y m\u00e1s. Cont\u00e1ctanos si necesitas un An\u00e1lisis Competitivo. Le ayudaremos a elaborar su estrategia de comercializaci\u00f3n. \u00a1Reg\u00edstrese para una consulta con nosotros hoy!<\/p>","protected":false},"excerpt":{"rendered":"<p>La seguridad de la red protege contra el acceso no autorizado, el robo, el da\u00f1o o la interrupci\u00f3n de las redes inform\u00e1ticas, los dispositivos y los datos.<\/p>","protected":false},"author":1,"featured_media":64039,"parent":14514,"menu_order":303,"comment_status":"closed","ping_status":"closed","template":"","meta":{"footnotes":""},"class_list":["post-42678","page","type-page","status-publish","has-post-thumbnail"],"_links":{"self":[{"href":"https:\/\/www.sisinternational.com\/es\/wp-json\/wp\/v2\/pages\/42678","targetHints":{"allow":["GET"]}}],"collection":[{"href":"https:\/\/www.sisinternational.com\/es\/wp-json\/wp\/v2\/pages"}],"about":[{"href":"https:\/\/www.sisinternational.com\/es\/wp-json\/wp\/v2\/types\/page"}],"author":[{"embeddable":true,"href":"https:\/\/www.sisinternational.com\/es\/wp-json\/wp\/v2\/users\/1"}],"replies":[{"embeddable":true,"href":"https:\/\/www.sisinternational.com\/es\/wp-json\/wp\/v2\/comments?post=42678"}],"version-history":[{"count":9,"href":"https:\/\/www.sisinternational.com\/es\/wp-json\/wp\/v2\/pages\/42678\/revisions"}],"predecessor-version":[{"id":77052,"href":"https:\/\/www.sisinternational.com\/es\/wp-json\/wp\/v2\/pages\/42678\/revisions\/77052"}],"up":[{"embeddable":true,"href":"https:\/\/www.sisinternational.com\/es\/wp-json\/wp\/v2\/pages\/14514"}],"wp:featuredmedia":[{"embeddable":true,"href":"https:\/\/www.sisinternational.com\/es\/wp-json\/wp\/v2\/media\/64039"}],"wp:attachment":[{"href":"https:\/\/www.sisinternational.com\/es\/wp-json\/wp\/v2\/media?parent=42678"}],"curies":[{"name":"wp","href":"https:\/\/api.w.org\/{rel}","templated":true}]}}