{"id":42670,"date":"2023-05-02T20:50:27","date_gmt":"2023-05-03T00:50:27","guid":{"rendered":"https:\/\/www.sisinternational.com\/?page_id=42670"},"modified":"2026-03-12T12:46:00","modified_gmt":"2026-03-12T16:46:00","slug":"que-es-la-imagen-medica","status":"publish","type":"page","link":"https:\/\/www.sisinternational.com\/es\/soluciones\/investigacion-de-mercado-biotecnologico-y-farmaceutico-de-atencion-medica\/que-es-la-imagen-medica\/","title":{"rendered":"Investigaci\u00f3n de mercado de im\u00e1genes m\u00e9dicas"},"content":{"rendered":"<h1 class=\"wp-block-heading\">Investigaci\u00f3n de mercado de im\u00e1genes m\u00e9dicas<\/h1>\n\n\n\n<figure class=\"gb-block-image gb-block-image-ba6f9742\"><img loading=\"lazy\" decoding=\"async\" width=\"1456\" height=\"816\" class=\"gb-image gb-image-ba6f9742\" src=\"https:\/\/www.sisinternational.com\/wp-content\/uploads\/2025\/08\/Healthcare-14.jpg\" alt=\"Investigaci\u00f3n y estrategia de mercado internacional de SIS\" title=\"Healthcare (14)\" srcset=\"https:\/\/www.sisinternational.com\/wp-content\/uploads\/2025\/08\/Healthcare-14.jpg 1456w, https:\/\/www.sisinternational.com\/wp-content\/uploads\/2025\/08\/Healthcare-14-300x168.jpg 300w, https:\/\/www.sisinternational.com\/wp-content\/uploads\/2025\/08\/Healthcare-14-1024x574.jpg 1024w, https:\/\/www.sisinternational.com\/wp-content\/uploads\/2025\/08\/Healthcare-14-768x430.jpg 768w, https:\/\/www.sisinternational.com\/wp-content\/uploads\/2025\/08\/Healthcare-14-18x10.jpg 18w\" sizes=\"auto, (max-width: 1456px) 100vw, 1456px\"><\/figure>\n\n\n\n<p><\/p>\n\n\n\n<p>Las im\u00e1genes m\u00e9dicas son una t\u00e9cnica que utilizan los profesionales de la salud. Lo utilizan para observar el interior del cuerpo humano con fines diagn\u00f3sticos y terap\u00e9uticos. Implica crear representaciones visuales de las estructuras internas del cuerpo. Por ejemplo, muestra im\u00e1genes de \u00f3rganos, huesos, vasos sangu\u00edneos y tejidos. Estas im\u00e1genes ayudan a diagnosticar y tratar diversas afecciones m\u00e9dicas.<\/p>\n\n\n\n<p>Las t\u00e9cnicas de im\u00e1genes m\u00e9dicas utilizan diferentes tecnolog\u00edas para capturar im\u00e1genes del cuerpo. Estas tecnolog\u00edas incluyen rayos X, tomograf\u00eda computarizada (CT) y resonancia magn\u00e9tica (MRI). La ecograf\u00eda y la medicina nuclear tambi\u00e9n son t\u00e9cnicas de imagen muy conocidas. Estas t\u00e9cnicas de im\u00e1genes permiten a los m\u00e9dicos examinar las estructuras internas del cuerpo. Pueden obtener informaci\u00f3n valiosa sobre la presencia de anomal\u00edas o enfermedades. Las im\u00e1genes m\u00e9dicas tambi\u00e9n muestran la ubicaci\u00f3n, el tama\u00f1o y las caracter\u00edsticas de anomal\u00edas o enfermedades.<\/p>\n\n\n\n<p>Las im\u00e1genes m\u00e9dicas son fundamentales para diagnosticar y controlar diversas afecciones m\u00e9dicas. Los proveedores de atenci\u00f3n m\u00e9dica lo utilizan para pacientes con c\u00e1ncer, enfermedades cardiovasculares y trastornos musculoesquel\u00e9ticos. Tambi\u00e9n es excelente para detectar trastornos neurol\u00f3gicos y muchas otras afecciones. Ayuda a los profesionales de la salud a diagnosticar enfermedades y planificar y realizar un seguimiento del tratamiento. Lo utilizan para guiar procedimientos quir\u00fargicos y evaluar la respuesta al tratamiento. Las im\u00e1genes m\u00e9dicas conducen a una mejor atenci\u00f3n al paciente y mejores resultados.<\/p>\n\n\n\n<h2 class=\"wp-block-heading\">\u00bfPor qu\u00e9 son importantes las im\u00e1genes m\u00e9dicas?<\/h2>\n\n\n\n<p>Las im\u00e1genes m\u00e9dicas son importantes para el diagn\u00f3stico y la detecci\u00f3n. Permite a los profesionales de la salud visualizar y detectar enfermedades, afecciones y anomal\u00edas. Es posible que estas condiciones no sean visibles a simple vista. Las im\u00e1genes m\u00e9dicas tambi\u00e9n ayudan a identificar la presencia, ubicaci\u00f3n, tama\u00f1o y caracter\u00edsticas de los tumores. Los proveedores de atenci\u00f3n m\u00e9dica lo utilizan para detectar fracturas, infecciones y otras enfermedades. El diagn\u00f3stico preciso y temprano mediante im\u00e1genes m\u00e9dicas es crucial. Puede afectar los resultados de los pacientes al permitir un tratamiento oportuno y adecuado.<\/p>\n\n\n\n<p>Las im\u00e1genes m\u00e9dicas desempe\u00f1an un papel crucial en la planificaci\u00f3n y el seguimiento de las estrategias de tratamiento. Proporciona informaci\u00f3n detallada sobre la ubicaci\u00f3n y el alcance de enfermedades o afecciones. Por lo tanto, ayuda a los proveedores de atenci\u00f3n m\u00e9dica a desarrollar planes de tratamiento espec\u00edficos. Los proveedores de atenci\u00f3n m\u00e9dica tambi\u00e9n pueden utilizar tomograf\u00edas computarizadas, resonancias magn\u00e9ticas y ecograf\u00edas para otros fines. Por ejemplo, pueden utilizarlo para guiar procedimientos m\u00ednimamente invasivos. Luego podr\u00e1n realizar biopsias y cirug\u00edas con mayor precisi\u00f3n y riesgos reducidos.<\/p>\n\n\n\n<p>Las im\u00e1genes m\u00e9dicas permiten a los profesionales de la salud obtener im\u00e1genes internas del cuerpo sin procedimientos invasivos. Reduce la necesidad de cirug\u00edas exploratorias u otras t\u00e9cnicas de diagn\u00f3stico invasivas. Esto minimiza las molestias del paciente, el riesgo de complicaciones y el tiempo de recuperaci\u00f3n. La mayor\u00eda de las t\u00e9cnicas de im\u00e1genes m\u00e9dicas, como las radiograf\u00edas, las tomograf\u00edas computarizadas y las resonancias magn\u00e9ticas, son seguras. Profesionales capacitados deben realizarlos siguiendo protocolos adecuados.<\/p>\n\n\n\n<p>Las im\u00e1genes m\u00e9dicas son esenciales para controlar el progreso del tratamiento. Los proveedores de atenci\u00f3n m\u00e9dica tambi\u00e9n lo utilizan para evaluar la respuesta al tratamiento a lo largo del tiempo. Les permite probar la eficacia de las terapias. Tambi\u00e9n pueden usarlo para rastrear cambios en el tama\u00f1o o las caracter\u00edsticas de las lesiones. Luego pueden ajustar los planes de tratamiento seg\u00fan sea necesario. Las im\u00e1genes m\u00e9dicas tambi\u00e9n facilitan el seguimiento a largo plazo de enfermedades cr\u00f3nicas. Adem\u00e1s, permite la vigilancia de la recurrencia o met\u00e1stasis de enfermedades, como el c\u00e1ncer.<\/p>\n\n\n\n<p><a href=\"https:\/\/www.sisinternational.com\/es\/pericia\/industrias\/tecnologia-medica-investigacion-de-mercado-de-tecnologia-medica\/\" title=\"Investigaci\u00f3n de mercado de tecnolog\u00eda m\u00e9dica (Med Tech)\"  data-wpil-monitor-id=\"4182\">Imagenes medicas<\/a> is an evolving field with continuous technological advancements. These advancements improve image quality. They lead to faster acquisition and new imaging modalities. The advancements also allow for more accurate and detailed visualization of internal structures. They enhance diagnostic capabilities and improve patient care.<\/p>\n\n\n\n<p>En resumen, las im\u00e1genes m\u00e9dicas son cruciales en la medicina moderna. Lo necesitamos para un diagn\u00f3stico preciso y una planificaci\u00f3n del tratamiento. Tambi\u00e9n es excelente para el control y seguimiento de diversas afecciones m\u00e9dicas. Es una forma no invasiva y segura de visualizar el interior del cuerpo. Las im\u00e1genes m\u00e9dicas proporcionan informaci\u00f3n valiosa para que los profesionales de la salud tomen decisiones informadas. Les permite brindar una atenci\u00f3n \u00f3ptima al paciente.<\/p>\n\n\n\n<h2 class=\"wp-block-heading\">T\u00edtulos de trabajo clave<\/h2>\n\n\n\n<h2 class=\"wp-block-heading\">Hay muchos t\u00edtulos de trabajo dentro del campo de las im\u00e1genes m\u00e9dicas, que incluyen:<\/h2>\n\n\n\n<figure class=\"gb-block-image gb-block-image-67121d2e\"><img loading=\"lazy\" decoding=\"async\" width=\"1456\" height=\"816\" class=\"gb-image gb-image-67121d2e\" src=\"https:\/\/www.sisinternational.com\/wp-content\/uploads\/2025\/08\/Healthcare-16.jpg\" alt=\"Investigaci\u00f3n y estrategia de mercado internacional de SIS\" title=\"Healthcare (16)\" srcset=\"https:\/\/www.sisinternational.com\/wp-content\/uploads\/2025\/08\/Healthcare-16.jpg 1456w, https:\/\/www.sisinternational.com\/wp-content\/uploads\/2025\/08\/Healthcare-16-300x168.jpg 300w, https:\/\/www.sisinternational.com\/wp-content\/uploads\/2025\/08\/Healthcare-16-1024x574.jpg 1024w, https:\/\/www.sisinternational.com\/wp-content\/uploads\/2025\/08\/Healthcare-16-768x430.jpg 768w, https:\/\/www.sisinternational.com\/wp-content\/uploads\/2025\/08\/Healthcare-16-18x10.jpg 18w\" sizes=\"auto, (max-width: 1456px) 100vw, 1456px\"><\/figure>\n\n\n\n<ol class=\"wp-block-list\">\n<li><strong>Tecn\u00f3logos Radiol\u00f3gicos:<\/strong> Tambi\u00e9n conocidos como radi\u00f3grafos, estos profesionales de la salud realizan procedimientos de diagn\u00f3stico por im\u00e1genes. Por ejemplo, realizan radiograf\u00edas, tomograf\u00edas computarizadas y resonancias magn\u00e9ticas a los pacientes. Operan y mantienen equipos de im\u00e1genes y posicionan a los pacientes para ex\u00e1menes de im\u00e1genes. Tambi\u00e9n aseguran la calidad de las im\u00e1genes.<\/li>\n\n\n\n<li><strong>Tecn\u00f3logo de resonancia magn\u00e9tica:<\/strong> Tecn\u00f3logos radiol\u00f3gicos especializados que operan esc\u00e1neres de im\u00e1genes por resonancia magn\u00e9tica (MRI). Estos esc\u00e1neres utilizan campos magn\u00e9ticos y ondas de radio. Crean im\u00e1genes detalladas de las estructuras internas del cuerpo. Los tecn\u00f3logos de resonancia magn\u00e9tica tambi\u00e9n pueden administrar agentes de contraste para mejorar las im\u00e1genes. Trabajan con radi\u00f3logos para interpretar las im\u00e1genes de resonancia magn\u00e9tica.<\/li>\n\n\n\n<li><strong>Tecn\u00f3logos de CT:<\/strong> Tambi\u00e9n conocidos como tecn\u00f3logos en tomograf\u00eda computarizada. Se especializan en realizar exploraciones por tomograf\u00eda computarizada (TC). Las tomograf\u00edas computarizadas utilizan rayos X y procesamiento inform\u00e1tico para crear im\u00e1genes transversales del cuerpo. Los tecn\u00f3logos preparan a los pacientes para las tomograf\u00edas computarizadas y operan los esc\u00e1neres. Pueden administrar agentes de contraste para mejorar la calidad de la imagen.<\/li>\n\n\n\n<li><strong>Ecografistas:<\/strong> also known as ultrasound technologists. Sonographers use ultrasound technology to produce images of the body\u2019s internal structures. For example, these scans show the organs, blood vessels, and tissues. Sonographers perform <a href=\"https:\/\/www.sisinternational.com\/es\/pericia\/industrias\/investigacion-de-mercado-de-diagnostico-por-imagenes\/\" title=\"Investigaci\u00f3n de mercado de im\u00e1genes de diagn\u00f3stico\"  data-wpil-monitor-id=\"6364\">diagnostic ultrasound exams and interpret images<\/a>. They may assist physicians with procedures such as biopsies and drainages.<\/li>\n\n\n\n<li><strong>Tecn\u00f3logo en Medicina Nuclear:<\/strong> utiliza materiales radiactivos para realizar procedimientos diagn\u00f3sticos y terap\u00e9uticos. Preparan y administran medicamentos radiactivos a los pacientes. Tambi\u00e9n capturan im\u00e1genes del material radiactivo del cuerpo. Los tecn\u00f3logos en medicina nuclear trabajan con los m\u00e9dicos para interpretar las im\u00e1genes.<\/li>\n\n\n\n<li><strong>Responsable de Radiolog\u00eda:<\/strong> Los gerentes de radiolog\u00eda supervisan las operaciones de los departamentos de radiolog\u00eda o centros de im\u00e1genes. Gestionan el personal, la elaboraci\u00f3n de presupuestos, el control de calidad y el flujo de trabajo. Tambi\u00e9n garantizan el cumplimiento de las regulaciones y pol\u00edticas. Trabajan con otros profesionales de la salud para coordinar los servicios de im\u00e1genes. Garantizar el buen funcionamiento es otra de sus funciones.<\/li>\n\n\n\n<li><strong>Radi\u00f3logos:<\/strong> m\u00e9dicos que se especializan en la interpretaci\u00f3n de im\u00e1genes m\u00e9dicas para diagnosticar enfermedades y afecciones. Revisan e interpretan radiograf\u00edas, tomograf\u00edas computarizadas, resonancias magn\u00e9ticas e im\u00e1genes de ultrasonido. Tambi\u00e9n proporcionan informes escritos para guiar el manejo del paciente. Los radi\u00f3logos suelen trabajar con otros proveedores. Suelen adoptar un enfoque de equipo multidisciplinario para la atenci\u00f3n al paciente.<\/li>\n\n\n\n<li><strong>Radioterapeuta:<\/strong> trabaja con pacientes con c\u00e1ncer. Administran tratamientos que prescriben los onc\u00f3logos radioterapeutas. Operan equipos de radiaci\u00f3n y administran dosis espec\u00edficas a tejidos cancerosos. Tambi\u00e9n controlan a los pacientes durante el tratamiento y brindan educaci\u00f3n y apoyo.<\/li>\n<\/ol>\n\n\n\n<p>Estos son solo algunos ejemplos de los muchos t\u00edtulos de trabajo en im\u00e1genes m\u00e9dicas. El campo diverso ofrece oportunidades profesionales para profesionales de la salud con habilidades especializadas. La formaci\u00f3n en diversas modalidades de im\u00e1genes es imprescindible para la mayor\u00eda de estos trabajos.<\/p>\n\n\n\n<h2 class=\"wp-block-heading\">\u00bfPor qu\u00e9 las empresas necesitan investigaciones de mercado de Im\u00e1genes m\u00e9dicas?<\/h2>\n\n\n\n<p>Las empresas pueden necesitar im\u00e1genes m\u00e9dicas por varias razones. Depende de su industria y requisitos espec\u00edficos. A continuaci\u00f3n se muestran algunos escenarios comunes en los que las empresas pueden necesitar im\u00e1genes m\u00e9dicas:<\/p>\n\n\n\n<ul class=\"wp-block-list\">\n<li><strong>Proveedores de servicios de salud:<\/strong> Las im\u00e1genes m\u00e9dicas son una herramienta esencial para los proveedores de atenci\u00f3n m\u00e9dica. Todos los hospitales, cl\u00ednicas y consultorios privados utilizan im\u00e1genes m\u00e9dicas.<\/li>\n\n\n\n<li><strong>Fabricantes de dispositivos m\u00e9dicos:<\/strong> Las im\u00e1genes se utilizan a menudo en el desarrollo y prueba de dispositivos m\u00e9dicos. Por ejemplo, los fabricantes lo utilizan para probar m\u00e1quinas de rayos X, tomograf\u00edas computarizadas, resonancias magn\u00e9ticas y otros esc\u00e1neres. Tambi\u00e9n lo utilizan para comprobar m\u00e1quinas de ultrasonido y otros equipos de im\u00e1genes. Los fabricantes de dispositivos m\u00e9dicos utilizan im\u00e1genes para evaluar el rendimiento y la seguridad de sus productos. Tambi\u00e9n lo utilizan para realizar investigaci\u00f3n y desarrollo y obtener aprobaciones regulatorias.<\/li>\n\n\n\n<li><strong>Empresas farmac\u00e9uticas y biotecnol\u00f3gicas:<\/strong> puede utilizarlo en procesos de descubrimiento y desarrollo de f\u00e1rmacos. Les ayuda a evaluar la eficacia y seguridad de los medicamentos en ensayos cl\u00ednicos y precl\u00ednicos. Lo utilizan para comprobar la progresi\u00f3n de la enfermedad y probar la respuesta al tratamiento. Tambi\u00e9n pueden usarlo para desarrollar im\u00e1genes o agentes de contraste para estudios de im\u00e1genes.<\/li>\n\n\n\n<li><strong>Compa\u00f1\u00edas de seguros de salud:<\/strong> \u00daselo para evaluar la necesidad m\u00e9dica de estudios de im\u00e1genes. Tambi\u00e9n es una buena forma de comprobar la idoneidad de estos estudios. Estas empresas lo utilizan con fines de cobertura y reembolso. Las im\u00e1genes m\u00e9dicas pueden ayudar a las compa\u00f1\u00edas de seguros a determinar la necesidad m\u00e9dica de realizar ex\u00e1menes de im\u00e1genes. Pueden evaluar la idoneidad del uso de im\u00e1genes y verificar la exactitud de las afirmaciones.<\/li>\n\n\n\n<li><strong>Salud y Seguridad Ocupacional:<\/strong> Las im\u00e1genes son \u00fatiles para industrias que exponen a los trabajadores a radiaci\u00f3n u otros peligros. Por ejemplo, las empresas pueden utilizar im\u00e1genes m\u00e9dicas para realizar ex\u00e1menes de detecci\u00f3n previos al empleo. Tambi\u00e9n pueden utilizarlo para controlar la salud de los trabajadores. Es \u00fatil para detectar posibles lesiones o condiciones relacionadas con el trabajo. Medical Imaging es perfecto para industrias como la energ\u00eda nuclear, la manufactura y la aviaci\u00f3n.<\/li>\n\n\n\n<li><strong>Medicina deportiva y fitness:<\/strong> Las empresas de medicina deportiva y fitness utilizan im\u00e1genes m\u00e9dicas para evaluar y comprobar lesiones. Pueden realizar un seguimiento del progreso de la curaci\u00f3n y optimizar el rendimiento. Las t\u00e9cnicas de imagen como rayos X, resonancia magn\u00e9tica y ultrasonido pueden ayudar a diagnosticar lesiones relacionadas con el deporte. Estas t\u00e9cnicas tambi\u00e9n gu\u00edan las decisiones de tratamiento y ayudan a la rehabilitaci\u00f3n y recuperaci\u00f3n.<\/li>\n\n\n\n<li><strong>Bienestar y Salud Preventiva:<\/strong> Los programas de bienestar y salud preventiva tambi\u00e9n utilizan Im\u00e1genes M\u00e9dicas. Es \u00fatil para ex\u00e1menes de detecci\u00f3n de todo el cuerpo, evaluaciones cardiovasculares y ex\u00e1menes de detecci\u00f3n de c\u00e1ncer. Los estudios de im\u00e1genes pueden proporcionar una detecci\u00f3n e identificaci\u00f3n temprana de posibles riesgos para la salud. Permite a individuos y empresas tomar medidas proactivas. Tambi\u00e9n les ayuda a prevenir o controlar condiciones de salud.<\/li>\n<\/ul>\n\n\n\n<h2 class=\"wp-block-heading\">Factores clave de \u00e9xito en la investigaci\u00f3n de mercado de im\u00e1genes m\u00e9dicas<\/h2>\n\n\n\n<p>Hay varios factores clave de \u00e9xito en la obtenci\u00f3n de im\u00e1genes m\u00e9dicas. Estos factores son esenciales para lograr resultados y rendimiento \u00f3ptimos. Incluyen competencia t\u00e9cnica. Los profesionales de im\u00e1genes m\u00e9dicas deben tener las habilidades y experiencia para operar equipos de im\u00e1genes. Deben saber realizar procedimientos y producir im\u00e1genes de alta calidad. La educaci\u00f3n y la formaci\u00f3n continuas son fundamentales. Los profesionales tambi\u00e9n deben mantenerse actualizados con los \u00faltimos avances en tecnolog\u00eda de im\u00e1genes. Es la \u00fanica manera de mantener la competencia t\u00e9cnica.<\/p>\n\n\n\n<p>Garantizar la calidad y seguridad de los procedimientos de im\u00e1genes m\u00e9dicas es primordial. Esto incluye cumplir con los protocolos de im\u00e1genes establecidos y seguir las pautas de seguridad radiol\u00f3gica. Los t\u00e9cnicos tambi\u00e9n deben mantener medidas de control de infecciones. Adem\u00e1s, deben verificar la identidad del paciente y las solicitudes de ex\u00e1menes. Los programas de garant\u00eda de calidad y el mantenimiento de equipos tambi\u00e9n son esenciales. Tambi\u00e9n lo es el seguimiento continuo del rendimiento de las im\u00e1genes. Estas medidas mantienen resultados de im\u00e1genes de alta calidad.<\/p>\n\n\n\n<p>Los radi\u00f3logos y profesionales de im\u00e1genes m\u00e9dicas deben tener s\u00f3lidas habilidades de juicio cl\u00ednico. Deben interpretar im\u00e1genes para realizar diagn\u00f3sticos y decisiones de tratamiento adecuados. Esto requiere conocimientos de anatom\u00eda, fisiolog\u00eda, patolog\u00eda y contexto cl\u00ednico. Tambi\u00e9n necesitan la capacidad de reconocer hallazgos normales y anormales. Luego, deben comunicarse con otros profesionales sanitarios.<\/p>\n\n\n\n<p>Las habilidades de comunicaci\u00f3n y colaboraci\u00f3n efectivas son cruciales en el campo de las im\u00e1genes m\u00e9dicas. Esto incluye obtener historiales precisos de los pacientes y explicar los procedimientos a los pacientes. Tambi\u00e9n incluye obtener el consentimiento informado y brindar instrucciones claras durante los ex\u00e1menes de im\u00e1genes. Los t\u00e9cnicos tambi\u00e9n deben saber c\u00f3mo documentar sus hallazgos. La colaboraci\u00f3n con otros miembros del equipo de atenci\u00f3n m\u00e9dica es esencial para la atenci\u00f3n coordinada del paciente. Los equipos pueden incluir radi\u00f3logos, m\u00e9dicos remitentes y otros profesionales de im\u00e1genes.<\/p>\n\n\n\n<p>Los profesionales de im\u00e1genes m\u00e9dicas deben brindar una atenci\u00f3n compasiva y centrada en el paciente. Esto incluye garantizar la comodidad y seguridad del paciente y abordar sus inquietudes y preguntas. Tambi\u00e9n incluye brindar apoyo emocional. La educaci\u00f3n y la defensa del paciente tambi\u00e9n son importantes. Ayudan a los pacientes a comprender el proceso y los resultados de las im\u00e1genes.<br>Los profesionales de im\u00e1genes m\u00e9dicas deben mantener altos est\u00e1ndares de profesionalismo y conducta \u00e9tica. Esto incluye mantener la confidencialidad del paciente y adherirse a los c\u00f3digos de \u00e9tica profesionales. Tambi\u00e9n deben mantener certificaciones y licencias profesionales. Adem\u00e1s, deben participar en un desarrollo profesional continuo. El profesionalismo tambi\u00e9n implica colaborar con colegas y mostrar integridad. Estos profesionales tambi\u00e9n deben mantener un ambiente de trabajo respetuoso e inclusivo.<\/p>\n\n\n\n<p>Los profesionales de im\u00e1genes m\u00e9dicas deben ser adaptables y flexibles para mantenerse al d\u00eda con los cambios. Deben estar abiertos a adquirir nuevas habilidades. Tambi\u00e9n deben poder adaptarse a diferentes modalidades o configuraciones de im\u00e1genes.<br>Los profesionales de im\u00e1genes m\u00e9dicas deben gestionar su tiempo. Una buena gesti\u00f3n del tiempo garantiza un flujo de trabajo fluido y la entrega oportuna de los servicios de im\u00e1genes. Esto incluye programar citas y priorizar tareas. Tambi\u00e9n incluye la optimizaci\u00f3n de los protocolos de im\u00e1genes y la gesti\u00f3n de equipos y recursos.<\/p>\n\n\n\n<h2 class=\"wp-block-heading\">Acerca de la investigaci\u00f3n de mercado de im\u00e1genes m\u00e9dicas<\/h2>\n\n\n\n<figure class=\"gb-block-image gb-block-image-7335df7f\"><img loading=\"lazy\" decoding=\"async\" width=\"1456\" height=\"816\" class=\"gb-image gb-image-7335df7f\" src=\"https:\/\/www.sisinternational.com\/wp-content\/uploads\/2025\/08\/Healthcare-11.jpg\" alt=\"Investigaci\u00f3n y estrategia de mercado internacional de SIS\" title=\"Healthcare (11)\" srcset=\"https:\/\/www.sisinternational.com\/wp-content\/uploads\/2025\/08\/Healthcare-11.jpg 1456w, https:\/\/www.sisinternational.com\/wp-content\/uploads\/2025\/08\/Healthcare-11-300x168.jpg 300w, https:\/\/www.sisinternational.com\/wp-content\/uploads\/2025\/08\/Healthcare-11-1024x574.jpg 1024w, https:\/\/www.sisinternational.com\/wp-content\/uploads\/2025\/08\/Healthcare-11-768x430.jpg 768w, https:\/\/www.sisinternational.com\/wp-content\/uploads\/2025\/08\/Healthcare-11-18x10.jpg 18w\" sizes=\"auto, (max-width: 1456px) 100vw, 1456px\"><\/figure>\n\n\n\n<p>Medical Imaging companies do well when they conduct <a class=\"wpil_keyword_link\" href=\"https:\/\/www.sisinternational.com\/es\/soluciones\/soluciones-de-investigacion-cualitativa-cuantitativa\/investigacion-de-mercado-cualitativa\/\"   title=\"Investigaci\u00f3n de Mercado Cualitativa\" data-wpil-keyword-link=\"linked\"  data-wpil-monitor-id=\"686\">Investigaci\u00f3n de Mercado Cualitativa<\/a>. It gives them a chance to understand what their customers want. Qualitative Research tells them if they are fulfilling the needs of the organizations with which they do business. It thereby reduces customer churn. Thus, they keep the brand-consumer relationship.<\/p>\n\n\n\n<p><a class=\"wpil_keyword_link\" href=\"https:\/\/www.sisinternational.com\/es\/pericia\/industrias\/investigacion-de-mercado-cuantitativa-2\/\"   title=\"Investigaci\u00f3n de mercado cuantitativa\" data-wpil-keyword-link=\"linked\"  data-wpil-monitor-id=\"687\">Investigaci\u00f3n de mercado cuantitativa<\/a> is also important for Medical Imaging companies. It allows them to measure and analyze numerical data. This enables them to gain insight into consumer preferences and behavior. They can then use these statistics to make data-driven decisions. These stats also inform marketing strategies. Quantitative Market Research often includes Surveys. A survey can provide a representative sample of a population. It can also reveal trends and patterns. Quantitative Research also allows for the testing of hypotheses. Plus, it enables the identification of cause-and-effect relationships. Thus, it can provide a deeper understanding of consumer behavior.<\/p>\n\n\n\n<p>SIS International provides both Qualitative and Quantitative Market Research. We also offer UX Market Research and Competitive Analysis. We can inform your Go-to-Market Strategy with Focus Groups and Interviews. Let SIS handle your Strategy, Market Entry, Market Opportunity, and <a href=\"https:\/\/www.sisinternational.com\/es\/pericia\/industrias\/investigacion-de-mercado-de-fideos\/\" title=\"Investigaci\u00f3n de mercado de fideos\"  data-wpil-monitor-id=\"3071\">Investigaci\u00f3n de dimensionamiento del mercado<\/a>. Contact us now to speak to one of our representatives about how we can serve you.<\/p>","protected":false},"excerpt":{"rendered":"<p>Las im\u00e1genes m\u00e9dicas son una t\u00e9cnica que utilizan los profesionales de la salud para observar el interior del cuerpo humano con fines diagn\u00f3sticos y terap\u00e9uticos.<\/p>","protected":false},"author":1,"featured_media":62432,"parent":11294,"menu_order":299,"comment_status":"closed","ping_status":"closed","template":"","meta":{"footnotes":""},"class_list":["post-42670","page","type-page","status-publish","has-post-thumbnail"],"_links":{"self":[{"href":"https:\/\/www.sisinternational.com\/es\/wp-json\/wp\/v2\/pages\/42670","targetHints":{"allow":["GET"]}}],"collection":[{"href":"https:\/\/www.sisinternational.com\/es\/wp-json\/wp\/v2\/pages"}],"about":[{"href":"https:\/\/www.sisinternational.com\/es\/wp-json\/wp\/v2\/types\/page"}],"author":[{"embeddable":true,"href":"https:\/\/www.sisinternational.com\/es\/wp-json\/wp\/v2\/users\/1"}],"replies":[{"embeddable":true,"href":"https:\/\/www.sisinternational.com\/es\/wp-json\/wp\/v2\/comments?post=42670"}],"version-history":[{"count":8,"href":"https:\/\/www.sisinternational.com\/es\/wp-json\/wp\/v2\/pages\/42670\/revisions"}],"predecessor-version":[{"id":79947,"href":"https:\/\/www.sisinternational.com\/es\/wp-json\/wp\/v2\/pages\/42670\/revisions\/79947"}],"up":[{"embeddable":true,"href":"https:\/\/www.sisinternational.com\/es\/wp-json\/wp\/v2\/pages\/11294"}],"wp:featuredmedia":[{"embeddable":true,"href":"https:\/\/www.sisinternational.com\/es\/wp-json\/wp\/v2\/media\/62432"}],"wp:attachment":[{"href":"https:\/\/www.sisinternational.com\/es\/wp-json\/wp\/v2\/media?parent=42670"}],"curies":[{"name":"wp","href":"https:\/\/api.w.org\/{rel}","templated":true}]}}