{"id":42655,"date":"2023-05-02T18:07:41","date_gmt":"2023-05-02T22:07:41","guid":{"rendered":"https:\/\/www.sisinternational.com\/?page_id=42655"},"modified":"2026-03-12T13:21:41","modified_gmt":"2026-03-12T17:21:41","slug":"investigacion-de-mercado-kosher","status":"publish","type":"page","link":"https:\/\/www.sisinternational.com\/es\/soluciones\/investigacion-de-mercado-de-la-industria-de-alimentos-y-bebidas\/investigacion-de-mercado-kosher\/","title":{"rendered":"Investigaci\u00f3n de mercado kosher"},"content":{"rendered":"<h1 class=\"wp-block-heading\">Investigaci\u00f3n de mercado kosher<\/h1>\n\n\n\n<figure class=\"gb-block-image gb-block-image-f7565345\"><img loading=\"lazy\" decoding=\"async\" width=\"1456\" height=\"816\" class=\"gb-image gb-image-f7565345\" src=\"https:\/\/www.sisinternational.com\/wp-content\/uploads\/2025\/10\/Kosher-1.jpg\" alt=\"Investigaci\u00f3n y estrategia de mercado internacional de SIS\" title=\"Kosher (1)\" srcset=\"https:\/\/www.sisinternational.com\/wp-content\/uploads\/2025\/10\/Kosher-1.jpg 1456w, https:\/\/www.sisinternational.com\/wp-content\/uploads\/2025\/10\/Kosher-1-300x168.jpg 300w, https:\/\/www.sisinternational.com\/wp-content\/uploads\/2025\/10\/Kosher-1-1024x574.jpg 1024w, https:\/\/www.sisinternational.com\/wp-content\/uploads\/2025\/10\/Kosher-1-768x430.jpg 768w, https:\/\/www.sisinternational.com\/wp-content\/uploads\/2025\/10\/Kosher-1-18x10.jpg 18w\" sizes=\"auto, (max-width: 1456px) 100vw, 1456px\"><\/figure>\n\n\n\n<p><\/p>\n\n\n\n<hr class=\"wp-block-separator has-alpha-channel-opacity is-style-dots\"\/>\n\n\n\n<p>El pueblo jud\u00edo practica una dieta kosher que cumple con la estricta ley diet\u00e9tica de la ley jud\u00eda tradicional. La mayor\u00eda de los jud\u00edos practican la dieta no principalmente por razones de salud sino como adhesi\u00f3n a sus tradiciones religiosas. Sin embargo, incluso los no jud\u00edos consumen muchos productos kosher, lo que diversifica el p\u00fablico de estos art\u00edculos.<\/p>\n\n\n\n<p>Las personas de todo el mundo practican dietas diferentes, dependiendo de una variedad de factores. Un factor importante que influye en la preferencia alimentaria es la cultura y las costumbres.<\/p>\n\n\n\n<p>La industria alimentaria ha sabido adaptarse a este factor, utiliz\u00e1ndolo incluso para resaltar y diferenciar sus productos de los dem\u00e1s. La capitalizaci\u00f3n de estos productos consumibles permite a las empresas seguir prosperando y ampliar su oferta.<\/p>\n\n\n\n<p><\/p>\n\n\n\n<div class=\"wp-block-columns has-global-color-9-color has-text-color has-background has-link-color wp-elements-060067c4a1522f47acb9643260b5a53f is-layout-flex wp-container-core-columns-is-layout-9d6595d7 wp-block-columns-is-layout-flex\" style=\"background-color:#f7f9fa6e\">\n<div class=\"wp-block-column is-layout-flow wp-block-column-is-layout-flow\" style=\"flex-basis:18%\"><\/div>\n\n\n\n<div class=\"wp-block-column is-vertically-aligned-center is-layout-flow wp-block-column-is-layout-flow\" style=\"flex-basis:71.28%\">\n<div class=\"wp-block-rank-math-toc-block aligncenter has-global-color-9-color has-text-color has-link-color wp-elements-c66aac9b46ab180d649eef52155cc666\" style=\"font-size:16px\" id=\"rank-math-toc\"><h2><br><strong>t<\/strong>able of Contents<\/h2><nav><ul><li class=\"\"><a href=\"#what-is-kosher\">\u00bfQu\u00e9 es kosher?<\/a><\/li><li class=\"\"><a href=\"#trends-and-opportunities-in-kosher-food\">Tendencias y oportunidades en la comida kosher<\/a><\/li><li class=\"\"><a href=\"#key-countries\">Pa\u00edses clave<\/a><\/li><li class=\"\"><a href=\"#challenges-in-kosher-market-research\">Desaf\u00edos en la investigaci\u00f3n de mercado kosher<\/a><\/li><\/ul><\/nav><\/div>\n<\/div>\n<\/div>\n\n\n\n<p><\/p>\n\n\n\n<h2 class=\"wp-block-heading\" id=\"what-is-kosher\">\u00bfQu\u00e9 es kosher?<\/h2>\n\n\n\n<p>Kosher se deriva de la palabra hebrea kash\u00e9r, que significa ser puro para el consumo. Se refiere a una dieta basada en las leyes tradicionales jud\u00edas, practicada principalmente por jud\u00edos. Sin embargo, no todos los jud\u00edos siguen estrictamente estas reglas. La mayor\u00eda lo practica en funci\u00f3n de sus discreciones y preferencias.<\/p>\n\n\n\n<p>Para que un alimento sea considerado Kosher debe cumplir con unos requisitos espec\u00edficos. Las reglas tambi\u00e9n proporcionan un marco r\u00edgido que establece los alimentos permitidos y prohibidos y el procedimiento sobre c\u00f3mo procesarlos, producirlos y prepararlos antes del consumo.<\/p>\n\n\n\n<p>Las normas tambi\u00e9n prev\u00e9n maridajes prohibidos, especialmente carne con cualquier producto l\u00e1cteo. Adem\u00e1s, establece que se debe esperar un cierto n\u00famero de horas antes de ingerir l\u00e1cteos despu\u00e9s del consumo de carne. Esta prohibici\u00f3n de mezclar ambos se aplica tambi\u00e9n a los utensilios utilizados para preparar carnes y l\u00e1cteos.<\/p>\n\n\n\n<p>Los alimentos de origen vegetal tambi\u00e9n tienen pautas a seguir. La mayor\u00eda de las instrucciones para mantener los alimentos kosher son su preparaci\u00f3n y procesamiento. En cuanto a las bebidas, como el vino, para ser consideradas kosher, sus materias primas deben ser kosher.<\/p>\n\n\n\n<h2 class=\"wp-block-heading\" id=\"trends-and-opportunities-in-kosher-food\">Tendencias y oportunidades en la comida kosher<\/h2>\n\n\n\n<figure class=\"gb-block-image gb-block-image-70e69b13\"><img loading=\"lazy\" decoding=\"async\" width=\"1456\" height=\"816\" class=\"gb-image gb-image-70e69b13\" src=\"https:\/\/www.sisinternational.com\/wp-content\/uploads\/2025\/10\/Kosher-3.jpg\" alt=\"Investigaci\u00f3n y estrategia de mercado internacional de SIS\" title=\"Kosher (3)\" srcset=\"https:\/\/www.sisinternational.com\/wp-content\/uploads\/2025\/10\/Kosher-3.jpg 1456w, https:\/\/www.sisinternational.com\/wp-content\/uploads\/2025\/10\/Kosher-3-300x168.jpg 300w, https:\/\/www.sisinternational.com\/wp-content\/uploads\/2025\/10\/Kosher-3-1024x574.jpg 1024w, https:\/\/www.sisinternational.com\/wp-content\/uploads\/2025\/10\/Kosher-3-768x430.jpg 768w, https:\/\/www.sisinternational.com\/wp-content\/uploads\/2025\/10\/Kosher-3-18x10.jpg 18w\" sizes=\"auto, (max-width: 1456px) 100vw, 1456px\"><\/figure>\n\n\n\n<p><\/p>\n\n\n\n<h3 class=\"wp-block-heading\">Aqu\u00ed hay tendencias y oportunidades a tener en cuenta:<\/h3>\n\n\n\n<ul class=\"wp-block-list\">\n<li><strong>Creciente demanda de alimentos kosher:<\/strong> A medida que los jud\u00edos migran a diferentes pa\u00edses, tambi\u00e9n se destaca su demanda de alimentos y bebidas kosher. Tambi\u00e9n ayuda que los alimentos kosher se consideren puros y limpios, en comparaci\u00f3n con los altamente procesados del mercado. Debido a la naturaleza de su proceso y preparaci\u00f3n, el mercado kosher tambi\u00e9n atrae a personas preocupadas por su salud y consumidores vegetarianos. Las personas que tambi\u00e9n padecen intolerancia a la lactosa y enfermedad cel\u00edaca se han convertido en un objetivo demogr\u00e1fico para las empresas que ofrecen comida kosher. Muchos distribuidores de alimentos kosher tambi\u00e9n venden comidas sin gluten.<\/li>\n\n\n\n<li><strong>Dirigido a la industria del fitness:<\/strong> La comida kosher comenz\u00f3 a atender al grupo demogr\u00e1fico fitness. Sirve como una mejor opci\u00f3n, especialmente para los culturistas que desean una opci\u00f3n saludable. Kosher se ha promocionado como alimento limpio, lo que ha creado un atractivo para los aficionados al fitness.<\/li>\n\n\n\n<li><strong>Kosherfest en los Estados Unidos:<\/strong> Cuando la comida kosher comenz\u00f3 a convertirse en un alimento b\u00e1sico en los Estados Unidos con la creciente poblaci\u00f3n jud\u00eda y los consumidores preocupados por su salud, se introdujo el Kosherfest. Kosherfest es una competencia para que los participantes compitan para convertirse en uno de los principales proveedores de alimentos kosher. Lo juzgan expertos de la industria, expertos culinarios, medios de comunicaci\u00f3n y compradores comunes seleccionados.<\/li>\n\n\n\n<li><strong>Alimentos y salud kosher:<\/strong> Como muchos no jud\u00edos muestran inter\u00e9s en la comida kosher, muchas empresas comenzaron a desarrollar nuevas recetas y alimentos que se adaptan a sus gustos manteniendo la calidad de los alimentos. Muchos se aventuraron a aprovechar el segmento vegetariano. Sirve como ventaja para los distribuidores kosher existentes debido a la naturaleza de sus alimentos limpios.<\/li>\n\n\n\n<li><strong>Alimentos kosher para cubrir la demanda en Medio Oriente:<\/strong> Oriente Medio ha experimentado un r\u00e1pido crecimiento en la comida r\u00e1pida. Se atribuye al aumento de los ingresos por hogar. Ha habido una gran cantidad de aperturas de nuevas cadenas en estos pa\u00edses del Medio Oriente. Debido a las creencias religiosas, la carne kosher ha sido muy deseable para satisfacer la creciente demanda. Los snacks kosher tambi\u00e9n han experimentado un crecimiento, representando 48,41 TP3T del mercado mundial.<\/li>\n\n\n\n<li><strong>Es m\u00e1s f\u00e1cil encontrar alimentos y bebidas kosher:<\/strong> Muchos sitios en l\u00ednea ofrecen ahora una lista de alimentos y bebidas kosher disponibles en el mercado. Hace que sea m\u00e1s f\u00e1cil para un comprador consciente comprobar si la marca que est\u00e1 comprando es kosher. Tambi\u00e9n proporciona informaci\u00f3n detallada sobre los productos.<\/li>\n<\/ul>\n\n\n\n<h2 class=\"wp-block-heading\" id=\"key-countries\">Pa\u00edses clave<\/h2>\n\n\n\n<figure class=\"gb-block-image gb-block-image-f2efc586\"><img loading=\"lazy\" decoding=\"async\" width=\"1456\" height=\"816\" class=\"gb-image gb-image-f2efc586\" src=\"https:\/\/www.sisinternational.com\/wp-content\/uploads\/2025\/10\/Kosher-2.jpg\" alt=\"Investigaci\u00f3n y estrategia de mercado internacional de SIS\" title=\"Kosher (2)\" srcset=\"https:\/\/www.sisinternational.com\/wp-content\/uploads\/2025\/10\/Kosher-2.jpg 1456w, https:\/\/www.sisinternational.com\/wp-content\/uploads\/2025\/10\/Kosher-2-300x168.jpg 300w, https:\/\/www.sisinternational.com\/wp-content\/uploads\/2025\/10\/Kosher-2-1024x574.jpg 1024w, https:\/\/www.sisinternational.com\/wp-content\/uploads\/2025\/10\/Kosher-2-768x430.jpg 768w, https:\/\/www.sisinternational.com\/wp-content\/uploads\/2025\/10\/Kosher-2-18x10.jpg 18w\" sizes=\"auto, (max-width: 1456px) 100vw, 1456px\"><\/figure>\n\n\n\n<p><\/p>\n\n\n\n<p>Kosher food distribution is only possible with the help of each business from production to distribution. There are at least 6,000 Kosher food and beverages for sale to end users. Many European countries serve as key players in producing and distributing Kosher. Some of these countries are the United Kingdom, Germany, <a class=\"wpil_keyword_link\" href=\"https:\/\/www.sisinternational.com\/es\/cobertura\/europa\/investigacion-de-mercado-en-noruega\/\"   title=\"Investigaci\u00f3n de mercado en Noruega\" data-wpil-keyword-link=\"linked\"  data-wpil-monitor-id=\"689\">Norway<\/a>, France, and Moldova.<\/p>\n\n\n\n<p>Israel es un pa\u00eds importante en lo que respecta a la comida kosher. Son los principales productores y consumidores de productos relacionados con el kosher. Esto da como resultado que los productos kosher se apoderen de 80% de los $20 mil millones de la industria alimentaria de Israel.<\/p>\n\n\n\n<p>Los Emiratos \u00c1rabes Unidos iniciaron la afluencia de comida kosher dentro de su territorio cuando los turistas jud\u00edos comenzaron a visitar el pa\u00eds. El acuerdo de paz bilateral entre Israel y Emiratos \u00c1rabes Unidos foment\u00f3 la apertura tur\u00edstica.<\/p>\n\n\n\n<p><\/p>\n\n\n\n<!DOCTYPE html>\n<html lang=\"en\">\n<head>\n    <meta charset=\"UTF-8\">\n    <meta name=\"viewport\" content=\"width=device-width, initial-scale=1.0\">\n    <title>AI Blog Banner<\/title>\n    <style>\n        * {\n            margin: 0;\n            padding: 0;\n            box-sizing: border-box;\n        }\n\n        .banner {\n            position: relative;\n            width: 100%;\n            height: 350px;\n            overflow: hidden;\n            display: flex;\n            align-items: center;\n            justify-content: center;\n            font-family: 'Arial', sans-serif;\n            border-radius: 25px;\n        }\n\n        .animated-background {\n            position: absolute;\n            top: 0;\n            left: 0;\n            width: 100%;\n            height: 100%;\n            background: linear-gradient(45deg, #003f6b, #2d5a7b, #003f6b, #2d5a7b);\n            background-size: 400% 400%;\n            animation: gradientMove 8s ease-in-out infinite;\n        }\n\n        .ai-pattern {\n            position: absolute;\n            top: 0;\n            left: 0;\n            width: 100%;\n            height: 100%;\n            opacity: 0.1;\n            background-image: \n                radial-gradient(circle at 20% 20%, rgba(255,255,255,0.3) 2px, transparent 2px),\n                radial-gradient(circle at 80% 80%, rgba(255,255,255,0.2) 1px, transparent 1px),\n                radial-gradient(circle at 40% 60%, rgba(255,255,255,0.15) 1.5px, transparent 1.5px),\n                radial-gradient(circle at 60% 20%, rgba(255,255,255,0.25) 1px, transparent 1px),\n                radial-gradient(circle at 80% 40%, rgba(255,255,255,0.2) 2px, transparent 2px);\n            background-size: 100px 100px, 150px 150px, 80px 80px, 120px 120px, 90px 90px;\n            animation: patternFloat 12s linear infinite;\n        }\n\n        .neural-network {\n            position: absolute;\n            top: 0;\n            left: 0;\n            width: 100%;\n            height: 100%;\n            opacity: 0.08;\n        }\n\n        .neural-line {\n            position: absolute;\n            height: 1px;\n            background: linear-gradient(90deg, transparent, rgba(255,255,255,0.5), transparent);\n            animation: neuralPulse 6s ease-in-out infinite;\n        }\n\n        .neural-line:nth-child(1) {\n            top: 30%;\n            left: 0;\n            width: 60%;\n            animation-delay: 0s;\n        }\n\n        .neural-line:nth-child(2) {\n            top: 50%;\n            right: 0;\n            width: 70%;\n            animation-delay: 2s;\n        }\n\n        .neural-line:nth-child(3) {\n            top: 70%;\n            left: 20%;\n            width: 50%;\n            animation-delay: 4s;\n        }\n\n        .content {\n            position: relative;\n            z-index: 10;\n            text-align: center;\n            color: white !important;\n            max-width: 800px;\n            padding: 30px;\n        }\n\n        .content * {\n            color: white !important;\n        }\n\n        .cta-text {\n            font-size: 1.9rem;\n            font-weight: 700;\n            margin-bottom: 15px;\n            color: white !important;\n            background: linear-gradient(90deg, rgba(255,255,255,0.6), rgba(255,255,255,1), rgba(230,230,230,1), rgba(255,255,255,1), rgba(240,240,240,0.8), rgba(255,255,255,0.6));\n            background-size: 200% 100%;\n            -webkit-background-clip: text;\n            -webkit-text-fill-color: transparent;\n            background-clip: text;\n            animation: shineEffect 10s ease-in-out infinite;\n            line-height: 1.3;\n        }\n\n        .cta-subheading {\n            font-size: 1rem;\n            font-weight: 400;\n            margin-bottom: 25px;\n            color: white !important;\n            line-height: 1.6;\n            opacity: 0.95;\n        }\n\n        .cta-button {\n            background: linear-gradient(135deg, #8a6b0f, #bd9013, #d4a519);\n            border: 2px solid #8a6b0f;\n            color: white !important;\n            padding: 18px 40px;\n            font-size: 1.2rem;\n            font-weight: 600;\n            border-radius: 50px;\n            cursor: pointer;\n            transition: all 0.3s ease;\n            text-decoration: none;\n            display: inline-block;\n            position: relative;\n            overflow: hidden;\n        }\n\n        .cta-button::before {\n            content: '';\n            position: absolute;\n            top: 0;\n            left: -100%;\n            width: 100%;\n            height: 100%;\n            background: linear-gradient(90deg, \n                transparent 0%, \n                rgba(255, 255, 255, 0.3) 25%,\n                rgba(255, 255, 255, 0.6) 50%,\n                rgba(255, 255, 255, 0.3) 75%,\n                transparent 100%);\n            animation: shine 3s ease-in-out infinite;\n        }\n\n        .cta-button:hover {\n            transform: translateY(-3px);\n            box-shadow: 0 10px 25px rgba(0,0,0,0.2);\n            border-color: #bd9013;\n            background: linear-gradient(135deg, #bd9013, #d4a519, #e6b61f);\n        }\n\n        .floating-elements {\n            position: absolute;\n            top: 0;\n            left: 0;\n            width: 100%;\n            height: 100%;\n            pointer-events: none;\n        }\n\n        .floating-circle {\n            position: absolute;\n            border-radius: 50%;\n            background: rgba(255,255,255,0.1);\n            animation: float 8s ease-in-out infinite;\n        }\n\n        .floating-circle:nth-child(1) {\n            width: 80px;\n            height: 80px;\n            top: 20%;\n            left: 10%;\n            animation-delay: 0s;\n        }\n\n        .floating-circle:nth-child(2) {\n            width: 60px;\n            height: 60px;\n            top: 60%;\n            right: 15%;\n            animation-delay: 3s;\n        }\n\n        .floating-circle:nth-child(3) {\n            width: 40px;\n            height: 40px;\n            top: 80%;\n            left: 80%;\n            animation-delay: 6s;\n        }\n\n        .floating-circle:nth-child(4) {\n            width: 70px;\n            height: 70px;\n            top: 10%;\n            right: 20%;\n            animation-delay: 1.5s;\n        }\n\n        .floating-circle:nth-child(5) {\n            width: 50px;\n            height: 50px;\n            top: 75%;\n            left: 30%;\n            animation-delay: 4.5s;\n        }\n\n        @keyframes gradientMove {\n            0% { background-position: 0% 50%; }\n            25% { background-position: 100% 50%; }\n            50% { background-position: 100% 100%; }\n            75% { background-position: 0% 100%; }\n            100% { background-position: 0% 50%; }\n        }\n\n        @keyframes patternFloat {\n            0% { transform: translateX(0) translateY(0); }\n            33% { transform: translateX(30px) translateY(-20px); }\n            66% { transform: translateX(-20px) translateY(10px); }\n            100% { transform: translateX(0) translateY(0); }\n        }\n\n        @keyframes neuralPulse {\n            0%, 100% { opacity: 0.08; }\n            50% { opacity: 0.2; }\n        }\n\n        @keyframes shineEffect {\n            0% { background-position: 200% 0; }\n            100% { background-position: -200% 0; }\n        }\n\n        @keyframes shine {\n            0% {\n                left: -100%;\n            }\n            20%, 100% {\n                left: 100%;\n            }\n        }\n\n        @keyframes float {\n            0%, 100% { transform: translateY(0px) rotate(0deg); }\n            33% { transform: translateY(-30px) rotate(120deg); }\n            66% { transform: translateY(15px) rotate(240deg); }\n        }\n\n        @media (max-width: 768px) {\n            .banner {\n                height: 320px;\n                padding: 30px 0;\n            }\n            \n            .content {\n                padding: 40px 20px;\n            }\n            \n            .cta-text {\n                font-size: 1.3rem;\n                margin-bottom: 12px;\n            }\n            \n            .cta-subheading {\n                font-size: 0.85rem;\n                margin-bottom: 20px;\n            }\n            \n            .cta-button {\n                padding: 14px 28px;\n                font-size: 0.95rem;\n            }\n        }\n    <\/style>\n<\/head>\n<body>\n    <div class=\"banner\">\n        <div class=\"animated-background\"><\/div>\n        \n        <div class=\"ai-pattern\"><\/div>\n        \n        <div class=\"neural-network\">\n            <div class=\"neural-line\"><\/div>\n            <div class=\"neural-line\"><\/div>\n            <div class=\"neural-line\"><\/div>\n        <\/div>\n        \n        <div class=\"floating-elements\">\n            <div class=\"floating-circle\"><\/div>\n            <div class=\"floating-circle\"><\/div>\n            <div class=\"floating-circle\"><\/div>\n            <div class=\"floating-circle\"><\/div>\n            <div class=\"floating-circle\"><\/div>\n        <\/div>\n        \n        <div class=\"content\">\n            <div class=\"cta-text\">Ready to explore the insights that drive smarter decisions?<\/div>\n            <div class=\"cta-subheading\">Contact our Research experts today.<\/div>\n            <a href=\"mailto:Research@sisinternational.com\" class=\"cta-button\">Contact us now!<\/a>\n        <\/div>\n    <\/div>\n<\/body>\n<\/html>\n\n\n\n<p><\/p>\n\n\n\n<h2 class=\"wp-block-heading\" id=\"challenges-in-kosher-market-research\">Desaf\u00edos en la investigaci\u00f3n de mercado kosher<\/h2>\n\n\n\n<p>Los pa\u00edses europeos han sido m\u00e1s que complacientes en la producci\u00f3n, preparaci\u00f3n y distribuci\u00f3n de productos kosher. Influy\u00f3 en muchos inversores para que siguieran invirtiendo en estas empresas con sus excelentes cr\u00edticas y rendimientos.<\/p>\n\n\n\n<p>Sin embargo, los pa\u00edses europeos pusieron un l\u00edmite a la producci\u00f3n de alimentos kosher. La producci\u00f3n de carne kosher, incluida la halal, est\u00e1 estrictamente prohibida en el continente. El sacrificio ritual inici\u00f3 una discusi\u00f3n en Europa despu\u00e9s de la directiva de 1998 titulada Convenio Europeo para la Protecci\u00f3n de los Animales para el Sacrificio. Se convirti\u00f3 en un problema debido a preocupaciones sobre el bienestar animal que se consideran graves.<\/p>\n\n\n\n<p>Los inversores en carne kosher podr\u00edan enfrentarse a graves consecuencias financieras si no se solucionan de inmediato. Una de las mejores formas de recuperarse es redirigir el suministro de carne kosher a otros condados. Sin embargo, tambi\u00e9n implica costes adicionales de log\u00edstica y distribuci\u00f3n.<\/p>\n\n\n\n<p>Another point for investors to look at with <a href=\"https:\/\/www.sisinternational.com\/es\/pericia\/industrias\/estudio-de-mercado-punto-de-venta\/\" title=\"Investigaci\u00f3n de Mercado de Punto de Venta\"  data-wpil-monitor-id=\"4919\">Investigaci\u00f3n de mercado kosher<\/a> is the increasing competition, especially in the United States. Some companies, like Manischewitz Company and Welch, entered into partnerships to introduce new Kosher product lines. Others, like Cargill Inc., expanded their operation by opening a new farm to produce and distribute Kosher meat and fill the growing demand.<\/p>\n\n\n<h2>Nuestra ubicaci\u00f3n de instalaciones en Nueva York<\/h2>\n<p><!-- \/wp:post-content --> <!-- wp:html --> <iframe loading=\"lazy\" src=\"https:\/\/www.google.com\/maps\/embed?pb=!1m18!1m12!1m3!1d3022.976188376966!2d-73.99130312499956!3d40.740549471389315!2m3!1f0!2f0!3f0!3m2!1i1024!2i768!4f13.1!3m3!1m2!1s0x89c259a15798c731%3A0xd695d09bdd495f25!2s11%20E%2022nd%20St%20FL%202%2C%20New%20York%2C%20NY%2010010%2C%20USA!5e0!3m2!1sen!2spe!4v1726171763526!5m2!1sen!2spe\" width=\"600\" height=\"450\" allowfullscreen=\"allowfullscreen\" data-mce-fragment=\"1\"><\/iframe> <!-- \/wp:html --> <!-- wp:paragraph --><\/p>\n<h3 class=\"wp-block-heading\">11 E 22nd Street, Piso 2, Nueva York, NY 10010 T: +1(212) 505-6805<\/h3>\n<hr \/>\n<h2><span style=\"font-weight: 400;\">Acerca de SIS Internacional<\/span><\/h2>\n<p><a href=\"https:\/\/www.sisinternational.com\/es\/\"><span style=\"font-weight: 400;\">SIS Internacional<\/span><\/a><span style=\"font-weight: 400;\"> ofrece investigaci\u00f3n cuantitativa, cualitativa y estrat\u00e9gica. Proporcionamos datos, herramientas, estrategias, informes y conocimientos para la toma de decisiones. Tambi\u00e9n realizamos entrevistas, encuestas, grupos focales y otros m\u00e9todos y enfoques de investigaci\u00f3n de mercado.<\/span><a href=\"https:\/\/www.sisinternational.com\/es\/sobre-la-investigacion-internacional-de-sis\/contact-sis-international-market-research\/\"><span style=\"font-weight: 400;\"> P\u00f3ngase en contacto con nosotros<\/span><\/a><span style=\"font-weight: 400;\"> para su pr\u00f3ximo proyecto de Investigaci\u00f3n de Mercado.<\/span><\/p>","protected":false},"excerpt":{"rendered":"<p>&quot;Kosher&quot; (de la palabra hebrea &quot;kash\u00e9r&quot; que significa &quot;puro para el consumo&quot;), se refiere a las leyes diet\u00e9ticas jud\u00edas seguidas por la comunidad jud\u00eda.<\/p>","protected":false},"author":1,"featured_media":71321,"parent":22018,"menu_order":297,"comment_status":"closed","ping_status":"closed","template":"","meta":{"footnotes":""},"class_list":["post-42655","page","type-page","status-publish","has-post-thumbnail"],"_links":{"self":[{"href":"https:\/\/www.sisinternational.com\/es\/wp-json\/wp\/v2\/pages\/42655","targetHints":{"allow":["GET"]}}],"collection":[{"href":"https:\/\/www.sisinternational.com\/es\/wp-json\/wp\/v2\/pages"}],"about":[{"href":"https:\/\/www.sisinternational.com\/es\/wp-json\/wp\/v2\/types\/page"}],"author":[{"embeddable":true,"href":"https:\/\/www.sisinternational.com\/es\/wp-json\/wp\/v2\/users\/1"}],"replies":[{"embeddable":true,"href":"https:\/\/www.sisinternational.com\/es\/wp-json\/wp\/v2\/comments?post=42655"}],"version-history":[{"count":7,"href":"https:\/\/www.sisinternational.com\/es\/wp-json\/wp\/v2\/pages\/42655\/revisions"}],"predecessor-version":[{"id":78850,"href":"https:\/\/www.sisinternational.com\/es\/wp-json\/wp\/v2\/pages\/42655\/revisions\/78850"}],"up":[{"embeddable":true,"href":"https:\/\/www.sisinternational.com\/es\/wp-json\/wp\/v2\/pages\/22018"}],"wp:featuredmedia":[{"embeddable":true,"href":"https:\/\/www.sisinternational.com\/es\/wp-json\/wp\/v2\/media\/71321"}],"wp:attachment":[{"href":"https:\/\/www.sisinternational.com\/es\/wp-json\/wp\/v2\/media?parent=42655"}],"curies":[{"name":"wp","href":"https:\/\/api.w.org\/{rel}","templated":true}]}}