{"id":42646,"date":"2023-05-02T15:13:24","date_gmt":"2023-05-02T19:13:24","guid":{"rendered":"https:\/\/www.sisinternational.com\/?page_id=42646"},"modified":"2026-03-12T12:36:37","modified_gmt":"2026-03-12T16:36:37","slug":"investigacion-de-mercado-de-ti-en-salud","status":"publish","type":"page","link":"https:\/\/www.sisinternational.com\/es\/soluciones\/investigacion-de-mercado-biotecnologico-y-farmaceutico-de-atencion-medica\/investigacion-de-mercado-de-ti-en-salud\/","title":{"rendered":"Investigaci\u00f3n de mercado de TI para el cuidado de la salud"},"content":{"rendered":"<h1 class=\"wp-block-heading\">Investigaci\u00f3n de mercado de TI para el cuidado de la salud<\/h1>\n\n\n\n<figure class=\"gb-block-image gb-block-image-a9fa4426\"><img loading=\"lazy\" decoding=\"async\" width=\"1456\" height=\"816\" class=\"gb-image gb-image-a9fa4426\" src=\"https:\/\/www.sisinternational.com\/wp-content\/uploads\/2025\/08\/Healthcare-16.jpg\" alt=\"Investigaci\u00f3n y estrategia de mercado internacional de SIS\" title=\"Healthcare (16)\" srcset=\"https:\/\/www.sisinternational.com\/wp-content\/uploads\/2025\/08\/Healthcare-16.jpg 1456w, https:\/\/www.sisinternational.com\/wp-content\/uploads\/2025\/08\/Healthcare-16-300x168.jpg 300w, https:\/\/www.sisinternational.com\/wp-content\/uploads\/2025\/08\/Healthcare-16-1024x574.jpg 1024w, https:\/\/www.sisinternational.com\/wp-content\/uploads\/2025\/08\/Healthcare-16-768x430.jpg 768w, https:\/\/www.sisinternational.com\/wp-content\/uploads\/2025\/08\/Healthcare-16-18x10.jpg 18w\" sizes=\"auto, (max-width: 1456px) 100vw, 1456px\"><\/figure>\n\n\n\n<p><\/p>\n\n\n\n<p>La TI sanitaria utiliza tecnolog\u00eda, software y otras soluciones para gestionar los datos sanitarios. Mejora la atenci\u00f3n y los resultados del paciente y agiliza las operaciones de atenci\u00f3n m\u00e9dica. Tambi\u00e9n mejora la experiencia de atenci\u00f3n m\u00e9dica para pacientes, proveedores y otras partes interesadas.<\/p>\n\n\n\n<p>Otra gran ventaja de la TI sanitaria es que cubre una amplia gama de aplicaciones y sistemas. Por ejemplo, incluye registros m\u00e9dicos electr\u00f3nicos (EHR) y telemedicina. Tambi\u00e9n implica el intercambio de informaci\u00f3n sanitaria (HIE) y sistemas de im\u00e1genes m\u00e9dicas. Los sistemas de apoyo a la decisi\u00f3n cl\u00ednica (CDSS) tambi\u00e9n se incluyen en la TI sanitaria. Tambi\u00e9n lo hacen los portales de pacientes.<\/p>\n\n\n\n<p>El uso de las TI en Sanidad se ha vuelto imprescindible en los \u00faltimos a\u00f1os. Por un lado, es \u00fatil cuando las organizaciones de atenci\u00f3n m\u00e9dica se esfuerzan por mejorar la atenci\u00f3n al paciente. Tambi\u00e9n ayuda a estas organizaciones a reducir costos y cumplir con los requisitos reglamentarios. Con la ayuda de la tecnolog\u00eda, los proveedores pueden recopilar, almacenar y analizar datos de los pacientes. Conduce a un mejor diagn\u00f3stico, tratamiento y resultados para los pacientes.<\/p>\n\n\n\n<h2 class=\"wp-block-heading\">\u00bfPor qu\u00e9 es importante la TI para el sector sanitario?<\/h2>\n\n\n\n<p>La TI sanitaria es esencial por varias razones. Por un lado, mejora la atenci\u00f3n y los resultados del paciente. Los EHR, CDSS y la telemedicina pueden mejorar a\u00fan m\u00e1s la precisi\u00f3n y puntualidad de los diagn\u00f3sticos. Permiten un tratamiento m\u00e1s r\u00e1pido y eficaz y conducen a mejores resultados para los pacientes. Tambi\u00e9n ayudan a los proveedores de atenci\u00f3n m\u00e9dica a brindar una atenci\u00f3n al paciente mejor y m\u00e1s personalizada.<\/p>\n\n\n\n<p>Los sistemas de TI para el cuidado de la salud permiten una comunicaci\u00f3n y coordinaci\u00f3n fluidas entre los proveedores. Quienes participan en la atenci\u00f3n de un paciente pueden acceder a la misma informaci\u00f3n. Por lo tanto, pueden trabajar juntos para brindar la mejor atenci\u00f3n posible.<\/p>\n\n\n\n<p>Las soluciones de TI para el sector sanitario pueden automatizar muchas tareas administrativas. Por ejemplo, pueden programar citas y gestionar registros de pacientes. Adem\u00e1s, permiten a los proveedores de atenci\u00f3n m\u00e9dica dedicar m\u00e1s tiempo y recursos a la atenci\u00f3n al paciente.<\/p>\n\n\n\n<p>Los sistemas inform\u00e1ticos sanitarios pueden ayudar a reducir el riesgo de errores m\u00e9dicos. Proporcionan informaci\u00f3n precisa y actualizada sobre el historial m\u00e9dico de un paciente. Tambi\u00e9n informan a los proveedores sobre el uso de medicamentos del paciente. De esta manera, los proveedores conocer\u00e1n los factores cr\u00edticos que afectan la atenci\u00f3n de sus pacientes. La mejora de la eficiencia y la reducci\u00f3n del riesgo de errores m\u00e9dicos tienen otro beneficio. Ayudan a las organizaciones de atenci\u00f3n m\u00e9dica a reducir costos y mejorar sus resultados.<\/p>\n\n\n\n<p>Healthcare organizations must follow many regulations, including HIPAA. These regulations mandate the secure handling of patient data. <a href=\"https:\/\/www.sisinternational.com\/es\/seguridad-cibernetica-atencion-medica\/\" title=\"Investigaci\u00f3n de mercado de ciberseguridad en el sector sanitario\"  data-wpil-monitor-id=\"7262\">Healthcare IT solutions ensure the security<\/a> and privacy of patient data. Thus, they can help healthcare organizations meet regulatory requirements.<\/p>\n\n\n\n<h2 class=\"wp-block-heading\">T\u00edtulos de trabajo clave<\/h2>\n\n\n\n<figure class=\"gb-block-image gb-block-image-d33cd57e\"><img loading=\"lazy\" decoding=\"async\" width=\"1456\" height=\"816\" class=\"gb-image gb-image-d33cd57e\" src=\"https:\/\/www.sisinternational.com\/wp-content\/uploads\/2025\/08\/Healthcare-14.jpg\" alt=\"Investigaci\u00f3n y estrategia de mercado internacional de SIS\" title=\"Healthcare (14)\" srcset=\"https:\/\/www.sisinternational.com\/wp-content\/uploads\/2025\/08\/Healthcare-14.jpg 1456w, https:\/\/www.sisinternational.com\/wp-content\/uploads\/2025\/08\/Healthcare-14-300x168.jpg 300w, https:\/\/www.sisinternational.com\/wp-content\/uploads\/2025\/08\/Healthcare-14-1024x574.jpg 1024w, https:\/\/www.sisinternational.com\/wp-content\/uploads\/2025\/08\/Healthcare-14-768x430.jpg 768w, https:\/\/www.sisinternational.com\/wp-content\/uploads\/2025\/08\/Healthcare-14-18x10.jpg 18w\" sizes=\"auto, (max-width: 1456px) 100vw, 1456px\"><\/figure>\n\n\n\n<p><\/p>\n\n\n\n<h3 class=\"wp-block-heading\">El campo de la TI sanitaria tiene muchos t\u00edtulos de trabajo. Estos puestos van desde funciones t\u00e9cnicas hasta puestos de gesti\u00f3n y liderazgo. A continuaci\u00f3n se muestran algunos t\u00edtulos de trabajo clave:<\/h3>\n\n\n\n<ul class=\"wp-block-list\">\n<li><strong>Analista TI de Salud:<\/strong> Responsable de analizar y utilizar datos sanitarios para mejorar procesos y resultados.<\/li>\n\n\n\n<li><strong>Especialista en Inform\u00e1tica Cl\u00ednica:<\/strong>\u00a0Este especialista ayuda a los proveedores de atenci\u00f3n m\u00e9dica a implementar sistemas de informaci\u00f3n cl\u00ednica. Tambi\u00e9n analizan estos sistemas. Ejemplos de estos sistemas son los EHR y los CDSS.<\/li>\n\n\n\n<li><strong>Responsable de Proyectos TI en Salud:<\/strong>\u00a0Supervisa la planificaci\u00f3n, implementaci\u00f3n y evaluaci\u00f3n de proyectos de TI para el cuidado de la salud. Tambi\u00e9n se aseguran de que su personal complete los proyectos a tiempo y dentro del presupuesto.<\/li>\n\n\n\n<li><strong>Director de informaci\u00f3n (CIO):<\/strong> Responsable de la estrategia y operaciones de TI de una organizaci\u00f3n de atenci\u00f3n m\u00e9dica. El CIO tambi\u00e9n supervisa la implementaci\u00f3n de sistemas de TI para el cuidado de la salud.<\/li>\n\n\n\n<li><strong>Consultor TI en Salud:<\/strong> Este consultor brinda asesoramiento y orientaci\u00f3n expertos sobre la estrategia, implementaci\u00f3n y optimizaci\u00f3n de TI para el cuidado de la salud. Informan sus hallazgos a las organizaciones sanitarias.<\/li>\n\n\n\n<li><strong>Formador TI en Salud:<\/strong> Educa a los proveedores y al personal de atenci\u00f3n m\u00e9dica sobre c\u00f3mo utilizar los sistemas de TI de atenci\u00f3n m\u00e9dica.<\/li>\n\n\n\n<li><strong>Especialista en Seguridad Inform\u00e1tica en Salud:<\/strong> Este especialista garantiza la seguridad y privacidad de los datos y sistemas sanitarios. Gestionan protocolos de seguridad y responden a violaciones de seguridad.<\/li>\n\n\n\n<li><strong>Especialista en soporte inform\u00e1tico de salud:<\/strong> Proporciona soporte t\u00e9cnico a proveedores y personal de atenci\u00f3n m\u00e9dica que utilizan sistemas de TI para atenci\u00f3n m\u00e9dica.<\/li>\n\n\n\n<li><strong>Analista de datos cl\u00ednicos:<\/strong> Analiza datos de atenci\u00f3n m\u00e9dica para identificar tendencias y patrones. Pueden utilizar esta informaci\u00f3n para mejorar los procesos y resultados de la atenci\u00f3n m\u00e9dica.<\/li>\n<\/ul>\n\n\n\n<p>Estos son s\u00f3lo algunos ejemplos de los muchos t\u00edtulos de trabajo dentro de TI para el cuidado de la salud. El campo est\u00e1 evolucionando y est\u00e1n surgiendo nuevos roles y t\u00edtulos. Adem\u00e1s, la tecnolog\u00eda contin\u00faa transformando la industria de la salud.<\/p>\n\n\n\n<h2 class=\"wp-block-heading\">\u00bfPor qu\u00e9 las empresas necesitan investigaciones de mercado de TI para el cuidado de la salud?<\/h2>\n\n\n\n<figure class=\"gb-block-image gb-block-image-378e966a\"><img loading=\"lazy\" decoding=\"async\" width=\"1456\" height=\"816\" class=\"gb-image gb-image-378e966a\" src=\"https:\/\/www.sisinternational.com\/wp-content\/uploads\/2025\/08\/Healthcare-4.jpg\" alt=\"Investigaci\u00f3n y estrategia de mercado internacional de SIS\" title=\"Healthcare (4)\" srcset=\"https:\/\/www.sisinternational.com\/wp-content\/uploads\/2025\/08\/Healthcare-4.jpg 1456w, https:\/\/www.sisinternational.com\/wp-content\/uploads\/2025\/08\/Healthcare-4-300x168.jpg 300w, https:\/\/www.sisinternational.com\/wp-content\/uploads\/2025\/08\/Healthcare-4-1024x574.jpg 1024w, https:\/\/www.sisinternational.com\/wp-content\/uploads\/2025\/08\/Healthcare-4-768x430.jpg 768w, https:\/\/www.sisinternational.com\/wp-content\/uploads\/2025\/08\/Healthcare-4-18x10.jpg 18w\" sizes=\"auto, (max-width: 1456px) 100vw, 1456px\"><\/figure>\n\n\n\n<p><\/p>\n\n\n\n<p>Las empresas de la industria de la salud incluyen hospitales, cl\u00ednicas y consultorios privados. Necesitan TI para el cuidado de la salud por varias razones. En primer lugar, estos sistemas mejoran la gesti\u00f3n y el an\u00e1lisis de datos. Pueden ayudar a las organizaciones sanitarias a recopilar y gestionar grandes cantidades de datos. Tambi\u00e9n identifican tendencias y patrones que pueden mejorar la atenci\u00f3n y los resultados del paciente.<\/p>\n\n\n\n<p>Los portales para pacientes y la telemedicina tambi\u00e9n pueden mejorar la experiencia del paciente. \u00bfPor qu\u00e9? Porque brindan opciones de atenci\u00f3n m\u00e1s convenientes y accesibles.<\/p>\n\n\n\n<h2 class=\"wp-block-heading\">Factores claves del \u00e9xito<\/h2>\n\n\n\n<p>Varios factores clave de \u00e9xito son cr\u00edticos para el uso de TI en el sector sanitario. Los dos primeros son el liderazgo y la gobernanza, que son factores esenciales. Garantizan la implementaci\u00f3n y adopci\u00f3n exitosa de las soluciones de TI para el cuidado de la salud. Los l\u00edderes deben centrarse en las iniciativas de TI de atenci\u00f3n m\u00e9dica y establecer metas y objetivos claros. Tambi\u00e9n deben garantizar que los proyectos se alineen con el plan estrat\u00e9gico de la organizaci\u00f3n.<\/p>\n\n\n\n<p>La implementaci\u00f3n exitosa de soluciones de TI para el cuidado de la salud depende de la adopci\u00f3n por parte del usuario. Las organizaciones deben capacitar a sus proveedores y personal de atenci\u00f3n m\u00e9dica. Deben educarlos sobre el uso eficaz y eficiente de los sistemas inform\u00e1ticos sanitarios. Esa es la mejor manera de lograr los resultados deseados.<\/p>\n\n\n\n<p>Las soluciones de TI para el sector sanitario se basan en datos sanitarios precisos y seguros. Estos datos permiten a los trabajadores de la salud brindar una atenci\u00f3n adecuada. Por lo tanto, la calidad y la seguridad de los datos son factores de \u00e9xito esenciales en la implementaci\u00f3n de TI en el sector sanitario. Las organizaciones sanitarias deben garantizar que los datos sean precisos, completos y actualizados. Tambi\u00e9n deben existir protocolos de seguridad. Estos protocolos son esenciales para proteger los datos de los pacientes del acceso no autorizado.<\/p>\n\n\n\n<p>La interoperabilidad es fundamental para las soluciones de TI para el cuidado de la salud. Les permite intercambiar y compartir datos entre proveedores y sistemas de atenci\u00f3n m\u00e9dica. Las organizaciones sanitarias deben garantizar que sus soluciones de TI sean interoperables con otros sistemas. Esa es la mejor manera de mejorar la coordinaci\u00f3n de la atenci\u00f3n y los resultados de los pacientes.<\/p>\n\n\n\n<p>Las soluciones y la tecnolog\u00eda de TI para el cuidado de la salud est\u00e1n evolucionando. Las organizaciones sanitarias deben probar y mejorar sus sistemas de TI. De esa manera, pueden asegurarse de cumplir sus metas y objetivos.<\/p>\n\n\n\n<p>Las soluciones de TI para el cuidado de la salud deben alinearse con las necesidades y expectativas de los pacientes para tener \u00e9xito. Las organizaciones de atenci\u00f3n m\u00e9dica deben considerar los comentarios y preferencias de los pacientes al implementar soluciones de TI. De esa manera, pueden mejorar la experiencia del paciente.<\/p>\n\n\n\n<h2 class=\"wp-block-heading\">Acerca de la investigaci\u00f3n de mercado de TI para el cuidado de la salud<\/h2>\n\n\n\n<figure class=\"gb-block-image gb-block-image-fb99ea0e\"><img loading=\"lazy\" decoding=\"async\" width=\"1456\" height=\"816\" class=\"gb-image gb-image-fb99ea0e\" src=\"https:\/\/www.sisinternational.com\/wp-content\/uploads\/2025\/08\/Healthcare-2.jpg\" alt=\"Investigaci\u00f3n y estrategia de mercado internacional de SIS\" title=\"Healthcare (2)\" srcset=\"https:\/\/www.sisinternational.com\/wp-content\/uploads\/2025\/08\/Healthcare-2.jpg 1456w, https:\/\/www.sisinternational.com\/wp-content\/uploads\/2025\/08\/Healthcare-2-300x168.jpg 300w, https:\/\/www.sisinternational.com\/wp-content\/uploads\/2025\/08\/Healthcare-2-1024x574.jpg 1024w, https:\/\/www.sisinternational.com\/wp-content\/uploads\/2025\/08\/Healthcare-2-768x430.jpg 768w, https:\/\/www.sisinternational.com\/wp-content\/uploads\/2025\/08\/Healthcare-2-18x10.jpg 18w\" sizes=\"auto, (max-width: 1456px) 100vw, 1456px\"><\/figure>\n\n\n\n<p><\/p>\n\n\n\n<p>Strategic Market Research can help you make wise decisions. These are the decisions that drive your company forward. It also stops you from making poor ones that can damage your business. <a class=\"wpil_keyword_link\" href=\"https:\/\/www.sisinternational.com\/es\/top-5-benefits-of-conducting-quantitative-market-research\/\"   title=\"Top 5 Benefits of Conducting Quantitative Market Research\" data-wpil-keyword-link=\"linked\"  data-wpil-monitor-id=\"690\">Investigaci\u00f3n de mercado cuantitativa<\/a> is another powerful tool for any Healthcare IT company. It helps companies to learn more about their market and customers. So is Qualitative Market Research. These tools allow you to gain objective, reliable insights. You can learn from data and understand patterns and trends.<\/p>\n\n\n\n<p>UX Market Research is another tool to help your <a href=\"https:\/\/www.sisinternational.com\/es\/investigacion-de-mercado-biotecnologico-y-farmaceutico-de-atencion-medica\/\" title=\"Investigaci\u00f3n de mercado farmac\u00e9utico y sanitario\"  data-wpil-monitor-id=\"6627\">Sanidad<\/a> IT business. You can use it to gain insights, find problems, establish facts, and reach new conclusions. Competitive Analysis is another, helping you get a picture of the competition. You can emulate their success and recognize and avoid their failure.<\/p>\n\n\n\n<p>Successful new businesses enjoy longevity when owners conduct <a class=\"wpil_keyword_link\" href=\"https:\/\/www.sisinternational.com\/es\/soluciones\/consultoria-estrategica\/investigacion-de-entrada-al-mercado\/\"   title=\"Investigaci\u00f3n de entrada al mercado\" data-wpil-keyword-link=\"linked\"  data-wpil-monitor-id=\"356\">Investigaci\u00f3n de entrada al mercado<\/a>. It helps them understand their target market and identify consumer problems. It also pinpoints realistic competitors. <a href=\"https:\/\/www.sisinternational.com\/es\/pericia\/industrias\/investigacion-de-mercado-de-plasticos\/\" title=\"Investigaci\u00f3n de mercado de pl\u00e1sticos\"  data-wpil-monitor-id=\"3083\">Investigaci\u00f3n de oportunidades de mercado<\/a> enables you to understand the needs and preferences of your customers. It tells you the unmet needs of your target audience. It can give you the pioneer benefit and a competitive edge. <a href=\"https:\/\/www.sisinternational.com\/es\/pericia\/industrias\/investigacion-de-mercado-de-maiz\/\" title=\"Investigaci\u00f3n de mercado de ma\u00edz\"  data-wpil-monitor-id=\"3100\">Investigaci\u00f3n de dimensionamiento del mercado<\/a> tells you if a market is large enough to be worth your investment. You\u2019ll also learn if your product or service will be viable.<\/p>\n\n\n\n<p>SIS International Research provides all these research services and more. We can also organize Focus Groups, Surveys, and Interviews. These tools inform the Go to <a href=\"https:\/\/www.sisinternational.com\/es\/investigacion-de-mercado-sanitario-emea\/\" title=\"Investigaci\u00f3n del mercado sanitario en Europa\"  data-wpil-monitor-id=\"6693\">Market Strategy for your Healthcare<\/a> IT business. Call SIS today to schedule a consultation.<\/p>","protected":false},"excerpt":{"rendered":"<p>La TI sanitaria utiliza tecnolog\u00eda, software y otras soluciones para gestionar datos y al mismo tiempo mejorar la atenci\u00f3n y los resultados del paciente.<\/p>","protected":false},"author":1,"featured_media":62434,"parent":11294,"menu_order":296,"comment_status":"closed","ping_status":"closed","template":"","meta":{"footnotes":""},"class_list":["post-42646","page","type-page","status-publish","has-post-thumbnail"],"_links":{"self":[{"href":"https:\/\/www.sisinternational.com\/es\/wp-json\/wp\/v2\/pages\/42646","targetHints":{"allow":["GET"]}}],"collection":[{"href":"https:\/\/www.sisinternational.com\/es\/wp-json\/wp\/v2\/pages"}],"about":[{"href":"https:\/\/www.sisinternational.com\/es\/wp-json\/wp\/v2\/types\/page"}],"author":[{"embeddable":true,"href":"https:\/\/www.sisinternational.com\/es\/wp-json\/wp\/v2\/users\/1"}],"replies":[{"embeddable":true,"href":"https:\/\/www.sisinternational.com\/es\/wp-json\/wp\/v2\/comments?post=42646"}],"version-history":[{"count":10,"href":"https:\/\/www.sisinternational.com\/es\/wp-json\/wp\/v2\/pages\/42646\/revisions"}],"predecessor-version":[{"id":80910,"href":"https:\/\/www.sisinternational.com\/es\/wp-json\/wp\/v2\/pages\/42646\/revisions\/80910"}],"up":[{"embeddable":true,"href":"https:\/\/www.sisinternational.com\/es\/wp-json\/wp\/v2\/pages\/11294"}],"wp:featuredmedia":[{"embeddable":true,"href":"https:\/\/www.sisinternational.com\/es\/wp-json\/wp\/v2\/media\/62434"}],"wp:attachment":[{"href":"https:\/\/www.sisinternational.com\/es\/wp-json\/wp\/v2\/media?parent=42646"}],"curies":[{"name":"wp","href":"https:\/\/api.w.org\/{rel}","templated":true}]}}