{"id":42644,"date":"2023-05-02T14:32:16","date_gmt":"2023-05-02T18:32:16","guid":{"rendered":"https:\/\/www.sisinternational.com\/?page_id=42644"},"modified":"2026-01-25T19:27:53","modified_gmt":"2026-01-26T00:27:53","slug":"investigacion-de-mercado-de-granos","status":"publish","type":"page","link":"https:\/\/www.sisinternational.com\/es\/pericia\/investigacion-de-mercado-de-granos\/","title":{"rendered":"Investigaci\u00f3n de mercado de cereales"},"content":{"rendered":"<h1 class=\"wp-block-heading\">Investigaci\u00f3n de mercado de cereales<\/h1>\n\n\n\n<figure class=\"gb-block-image gb-block-image-f2e28518\"><img loading=\"lazy\" decoding=\"async\" width=\"1456\" height=\"816\" class=\"gb-image gb-image-f2e28518\" src=\"https:\/\/www.sisinternational.com\/wp-content\/uploads\/2025\/08\/Bean-soybean-1.jpg\" alt=\"Investigaci\u00f3n y estrategia de mercado internacional de SIS\" title=\"Bean soybean (1)\" srcset=\"https:\/\/www.sisinternational.com\/wp-content\/uploads\/2025\/08\/Bean-soybean-1.jpg 1456w, https:\/\/www.sisinternational.com\/wp-content\/uploads\/2025\/08\/Bean-soybean-1-300x168.jpg 300w, https:\/\/www.sisinternational.com\/wp-content\/uploads\/2025\/08\/Bean-soybean-1-1024x574.jpg 1024w, https:\/\/www.sisinternational.com\/wp-content\/uploads\/2025\/08\/Bean-soybean-1-768x430.jpg 768w, https:\/\/www.sisinternational.com\/wp-content\/uploads\/2025\/08\/Bean-soybean-1-18x10.jpg 18w\" sizes=\"auto, (max-width: 1456px) 100vw, 1456px\"><\/figure>\n\n\n\n<p><\/p>\n\n\n\n<p>La investigaci\u00f3n del mercado de cereales implica recopilar y evaluar datos relacionados con la industria de los cereales, incluidos factores como la oferta, la demanda, los precios y las tendencias del mercado. El objetivo de realizar el estudio es obtener una mejor comprensi\u00f3n de la industria basada en los datos y estrategias de la investigaci\u00f3n de mercado de granos. Esta investigaci\u00f3n tiene como objetivo proporcionar informaci\u00f3n valiosa sobre los numerosos factores que influyen en el mercado de cereales, como las fluctuaciones en la demanda de los consumidores, los cambios ambientales, el cumplimiento normativo y las interrupciones en la cadena de suministro.<\/p>\n\n\n\n<h2 class=\"wp-block-heading\">Segmentaci\u00f3n de la industria del mercado de cereales<\/h2>\n\n\n\n<p>Al comprender los diferentes segmentos de la industria del mercado de cereales, las empresas pueden desarrollar estrategias de marketing espec\u00edficas para llegar a grupos de clientes espec\u00edficos y mejorar su desempe\u00f1o general en el mercado.<\/p>\n\n\n\n<h3 class=\"wp-block-heading\">A continuaci\u00f3n se muestran algunas formas comunes de categorizar la industria de cereales:<\/h3>\n\n\n\n<p><strong>Tipos de grano \u2013<\/strong> El mercado de cereales se puede segmentar seg\u00fan el tipo de grano, como grano, trigo, ma\u00edz, cebada y otros. Cada tipo de grano tiene caracter\u00edsticas, usos y demanda de mercado \u00fanicos.<\/p>\n\n\n\n<p><strong>Regi\u00f3n geogr\u00e1fica -<\/strong> El mercado de cereales tambi\u00e9n se puede dividir en subgrupos seg\u00fan el lugar donde se produce, incluidos Asia-Pac\u00edfico, Am\u00e9rica del Norte, Europa y el resto del mundo. Cada regi\u00f3n tiene sus propias variedades de cereales, h\u00e1bitos alimentarios y m\u00e9todos de producci\u00f3n distintivos.<\/p>\n\n\n\n<p><strong>Canal de distribuci\u00f3n -<\/strong> El mercado tambi\u00e9n se puede dividir en funci\u00f3n de c\u00f3mo se venden los productos de cereales, incluidos supermercados, hipermercados, tiendas especializadas y mercados en l\u00ednea.<\/p>\n\n\n\n<p><strong>Aplicaci\u00f3n de uso final \u2013<\/strong> El mercado de cereales tambi\u00e9n se puede segmentar en funci\u00f3n de la aplicaci\u00f3n de uso final, como alimentos, piensos, biocombustibles y aplicaciones industriales. Se utilizan diferentes granos para diferentes aplicaciones y la demanda de cada grano var\u00eda en consecuencia.<\/p>\n\n\n\n<p><strong>Rango de precios -<\/strong> El mercado tambi\u00e9n se puede dividir en segmentos seg\u00fan los productos de arroz premium, de precio medio y de precio bajo disponibles.<\/p>\n\n\n\n<h2 class=\"wp-block-heading\">Productos de la industria del mercado de cereales<\/h2>\n\n\n\n<figure class=\"gb-block-image gb-block-image-fd36fac4\"><img loading=\"lazy\" decoding=\"async\" width=\"1456\" height=\"816\" class=\"gb-image gb-image-fd36fac4\" src=\"https:\/\/www.sisinternational.com\/wp-content\/uploads\/2025\/08\/Bean-soybean-5.jpg\" alt=\"Investigaci\u00f3n y estrategia de mercado internacional de SIS\" title=\"Bean soybean (5)\" srcset=\"https:\/\/www.sisinternational.com\/wp-content\/uploads\/2025\/08\/Bean-soybean-5.jpg 1456w, https:\/\/www.sisinternational.com\/wp-content\/uploads\/2025\/08\/Bean-soybean-5-300x168.jpg 300w, https:\/\/www.sisinternational.com\/wp-content\/uploads\/2025\/08\/Bean-soybean-5-1024x574.jpg 1024w, https:\/\/www.sisinternational.com\/wp-content\/uploads\/2025\/08\/Bean-soybean-5-768x430.jpg 768w, https:\/\/www.sisinternational.com\/wp-content\/uploads\/2025\/08\/Bean-soybean-5-18x10.jpg 18w\" sizes=\"auto, (max-width: 1456px) 100vw, 1456px\"><\/figure>\n\n\n\n<p><\/p>\n\n\n\n<p>La industria de los cereales produce una amplia gama de productos finales que se utilizan para diversos fines. La investigaci\u00f3n de mercado proporciona informaci\u00f3n sobre algunos de los productos finales m\u00e1s comunes en la industria de cereales, que incluyen, entre otros, los siguientes:<\/p>\n\n\n\n<ul class=\"wp-block-list\">\n<li><strong>Trigo -<\/strong> Un grano de cereal que se usa com\u00fanmente para hacer harina, pan, pasta y otros productos horneados.<\/li>\n\n\n\n<li><strong>Maiz) -<\/strong> Cultivo de cereales que se utiliza para el consumo humano, la alimentaci\u00f3n animal y para la producci\u00f3n de biocombustibles y productos industriales.<\/li>\n\n\n\n<li><strong>Arroz -<\/strong> Un cultivo alimentario b\u00e1sico que es una fuente primaria de nutrici\u00f3n para muchas personas en todo el mundo.<\/li>\n\n\n\n<li><strong>Cebada -<\/strong> Un grano de cereal que se utiliza para la alimentaci\u00f3n animal, la alimentaci\u00f3n humana y para producir cerveza y whisky.<\/li>\n\n\n\n<li><strong>Sorgo \u2013<\/strong> Un cultivo de cereales que se utiliza para la alimentaci\u00f3n animal, la alimentaci\u00f3n humana y para producir etanol.<\/li>\n\n\n\n<li><strong>Avena -<\/strong> Grano de cereal que se utiliza para consumo humano, alimentaci\u00f3n animal y para producir avena y otros productos alimenticios.<\/li>\n\n\n\n<li><strong>centeno \u2013<\/strong> Grano de cereal que se utiliza para el consumo humano, la alimentaci\u00f3n animal y para producir pan de centeno y whisky.<\/li>\n<\/ul>\n\n\n\n<p>Estos cereales son productos b\u00e1sicos esenciales en el mercado alimentario mundial y sus valores est\u00e1n influenciados por varios factores, como la oferta y la demanda, las condiciones clim\u00e1ticas y las tendencias econ\u00f3micas globales, por nombrar algunos.<\/p>\n\n\n\n<h2 class=\"wp-block-heading\">Factores que afectan la industria de los cereales<\/h2>\n\n\n\n<h3 class=\"wp-block-heading\">La investigaci\u00f3n de mercado de cereales puede verse afectada por varios factores, como por ejemplo:<\/h3>\n\n\n\n<ul class=\"wp-block-list\">\n<li><strong>Cambios clim\u00e1ticos -<\/strong> La oferta y la demanda de cereales pueden verse gravemente afectadas por los fen\u00f3menos del cambio clim\u00e1tico, incluidas inundaciones, sequ\u00edas y tormentas, que pueden provocar variaciones de precios.<\/li>\n\n\n\n<li><strong>Demanda global -<\/strong> La demanda de productos cereales, incluidos alimentos, piensos y biocombustibles, es un factor cr\u00edtico en la industria de los cereales. Las fluctuaciones de la demanda pueden influir en los precios y los patrones comerciales.<\/li>\n\n\n\n<li><strong>Leyes gubernamentales -<\/strong> La cadena de suministro y los precios del mercado de cereales pueden verse afectados por leyes gubernamentales, como pol\u00edticas comerciales, normas de importaci\u00f3n\/exportaci\u00f3n y directrices de seguridad.<\/li>\n\n\n\n<li><strong>Desarrollos tecnol\u00f3gicos -<\/strong> Los avances tecnol\u00f3gicos en pr\u00e1cticas agr\u00edcolas, maquinaria e ingenier\u00eda gen\u00e9tica pueden mejorar el rendimiento y la eficiencia de los cultivos, lo que repercutir\u00e1 en la oferta y los precios de los cereales.<\/li>\n\n\n\n<li><strong>Precios de la energ\u00eda \u2013<\/strong> Los precios del petr\u00f3leo y otras fuentes de energ\u00eda pueden afectar la demanda de biocombustibles, que a menudo se elaboran a partir de cereales.<\/li>\n\n\n\n<li><strong>Competencia en el mercado -<\/strong> A medida que las empresas compiten por cuota de mercado, el nivel de competencia en el mercado de cereales puede tener un impacto en el costo y la disponibilidad de los productos de cereales.<\/li>\n\n\n\n<li><strong>Factores econ\u00f3micos -<\/strong> Los factores econ\u00f3micos, como la inflaci\u00f3n, las tasas de inter\u00e9s y los tipos de cambio, pueden tener un impacto en los precios y en la demanda general de productos a base de cereales.<\/li>\n<\/ul>\n\n\n\n<p>Las empresas pueden crear estrategias m\u00e1s efectivas para gestionar riesgos, detectar oportunidades y mejorar su desempe\u00f1o general en la industria de granos al comprender los numerosos elementos que tienen un impacto en la investigaci\u00f3n del mercado de granos.<\/p>\n\n\n\n<h2 class=\"wp-block-heading\">M\u00e9todos utilizados en la investigaci\u00f3n del mercado de cereales<\/h2>\n\n\n\n<figure class=\"gb-block-image gb-block-image-fa55ab7c\"><img loading=\"lazy\" decoding=\"async\" width=\"1456\" height=\"816\" class=\"gb-image gb-image-fa55ab7c\" src=\"https:\/\/www.sisinternational.com\/wp-content\/uploads\/2025\/08\/Bean-soybean-3.jpg\" alt=\"Investigaci\u00f3n y estrategia de mercado internacional de SIS\" title=\"Bean soybean (3)\" srcset=\"https:\/\/www.sisinternational.com\/wp-content\/uploads\/2025\/08\/Bean-soybean-3.jpg 1456w, https:\/\/www.sisinternational.com\/wp-content\/uploads\/2025\/08\/Bean-soybean-3-300x168.jpg 300w, https:\/\/www.sisinternational.com\/wp-content\/uploads\/2025\/08\/Bean-soybean-3-1024x574.jpg 1024w, https:\/\/www.sisinternational.com\/wp-content\/uploads\/2025\/08\/Bean-soybean-3-768x430.jpg 768w, https:\/\/www.sisinternational.com\/wp-content\/uploads\/2025\/08\/Bean-soybean-3-18x10.jpg 18w\" sizes=\"auto, (max-width: 1456px) 100vw, 1456px\"><\/figure>\n\n\n\n<p><\/p>\n\n\n\n<h3 class=\"wp-block-heading\">Para la investigaci\u00f3n de mercado de cereales se emplean diversas t\u00e9cnicas, entre ellas:<\/h3>\n\n\n\n<ul class=\"wp-block-list\">\n<li>Las encuestas se utilizan a menudo para recopilar informaci\u00f3n sobre las preferencias de los consumidores, los patrones de compra y las opiniones sobre diversos art\u00edculos relacionados con los cereales. Todas las opciones son encuestas en l\u00ednea, por tel\u00e9fono o en persona.<\/li>\n\n\n\n<li>Los grupos focales se utilizan para obtener detalles m\u00e1s detallados sobre las actitudes, acciones y opiniones de los clientes con respecto a art\u00edculos relacionados con los cereales. Un moderador facilita la discusi\u00f3n mientras un peque\u00f1o grupo de participantes expresa sus opiniones y experiencias.<\/li>\n\n\n\n<li>Para aprender m\u00e1s sobre el mercado de cereales, la investigaci\u00f3n secundaria implica examinar fuentes de datos ya publicadas, incluidos informes gubernamentales, revistas comerciales e informes de investigaci\u00f3n de mercado.<\/li>\n\n\n\n<li>To better understand how people engage with various kinds of grain products, observational research entails watching and documenting consumer behavior in real-world situations like <a href=\"https:\/\/www.sisinternational.com\/es\/mystery-shopping-for-restaurants\/\" title=\"Mystery Shopping for Restaurants\"  data-wpil-monitor-id=\"1320\">restaurants and grocery shops<\/a>.<\/li>\n\n\n\n<li>Los experimentos prueban teor\u00edas sobre el comportamiento del consumidor o las tendencias del mercado cambiando una o m\u00e1s variables. Por ejemplo, un experimento puede examinar el impacto de diversos esquemas de empaque o precios sobre la demanda de cereales por parte de los consumidores.<\/li>\n\n\n\n<li>Utilizando m\u00e9todos estad\u00edsticos y computacionales de vanguardia, el an\u00e1lisis de datos analiza enormes conjuntos de datos para detectar patrones y tendencias en el mercado de cereales.<\/li>\n<\/ul>\n\n\n\n<p>Major players and businesses in the grain industry can better understand customer requirements and preferences, market trends, and other elements that have an impact on the grain sector by employing these techniques. Making wise business decisions and improving product development are all possible with the help of data and strategies in <a href=\"https:\/\/www.sisinternational.com\/es\/pericia\/industrias\/investigacion-de-mercado-de-ferreteria\/\" title=\"Investigaci\u00f3n de mercado de ferreter\u00eda y mejoras para el hogar\"  data-wpil-monitor-id=\"7056\">investigaci\u00f3n de mercado de granos<\/a>.<\/p>\n\n\n\n<h2 class=\"wp-block-heading\">Acerca de la investigaci\u00f3n de mercado de cereales<\/h2>\n\n\n\n<p>The insights provided by grain market research can inform industry discussions and policy decisions. Stakeholders can be advised of the findings of grain market research through reports, presentations, and visual aids. The information and strategies gleaned from <a href=\"https:\/\/www.sisinternational.com\/es\/pericia\/industrias\/director-de-informacion-cio-investigacion-de-mercado\/\" title=\"Director de Informaci\u00f3n (CIO) Investigaci\u00f3n de Mercado\"  data-wpil-monitor-id=\"5677\">investigaci\u00f3n de mercado de granos<\/a> can assist industry leaders in making informed choices. Multiple industries and businesses can improve their production, pricing, and marketing strategies in response to grain market research, resulting in increased profitability and expansion.<\/p>","protected":false},"excerpt":{"rendered":"<p>La investigaci\u00f3n del mercado de cereales implica recopilar y evaluar datos sobre la industria de los cereales, incluida la oferta, la demanda, los precios y las tendencias del mercado.<\/p>","protected":false},"author":1,"featured_media":63768,"parent":14514,"menu_order":295,"comment_status":"closed","ping_status":"closed","template":"","meta":{"footnotes":""},"class_list":["post-42644","page","type-page","status-publish","has-post-thumbnail"],"_links":{"self":[{"href":"https:\/\/www.sisinternational.com\/es\/wp-json\/wp\/v2\/pages\/42644","targetHints":{"allow":["GET"]}}],"collection":[{"href":"https:\/\/www.sisinternational.com\/es\/wp-json\/wp\/v2\/pages"}],"about":[{"href":"https:\/\/www.sisinternational.com\/es\/wp-json\/wp\/v2\/types\/page"}],"author":[{"embeddable":true,"href":"https:\/\/www.sisinternational.com\/es\/wp-json\/wp\/v2\/users\/1"}],"replies":[{"embeddable":true,"href":"https:\/\/www.sisinternational.com\/es\/wp-json\/wp\/v2\/comments?post=42644"}],"version-history":[{"count":5,"href":"https:\/\/www.sisinternational.com\/es\/wp-json\/wp\/v2\/pages\/42644\/revisions"}],"predecessor-version":[{"id":80619,"href":"https:\/\/www.sisinternational.com\/es\/wp-json\/wp\/v2\/pages\/42644\/revisions\/80619"}],"up":[{"embeddable":true,"href":"https:\/\/www.sisinternational.com\/es\/wp-json\/wp\/v2\/pages\/14514"}],"wp:featuredmedia":[{"embeddable":true,"href":"https:\/\/www.sisinternational.com\/es\/wp-json\/wp\/v2\/media\/63768"}],"wp:attachment":[{"href":"https:\/\/www.sisinternational.com\/es\/wp-json\/wp\/v2\/media?parent=42644"}],"curies":[{"name":"wp","href":"https:\/\/api.w.org\/{rel}","templated":true}]}}