{"id":42639,"date":"2023-05-01T19:23:55","date_gmt":"2023-05-01T23:23:55","guid":{"rendered":"https:\/\/www.sisinternational.com\/?page_id=42639"},"modified":"2026-01-25T19:05:49","modified_gmt":"2026-01-26T00:05:49","slug":"investigacion-de-mercado-de-golf","status":"publish","type":"page","link":"https:\/\/www.sisinternational.com\/es\/pericia\/investigacion-de-mercado-de-golf\/","title":{"rendered":"Investigaci\u00f3n de mercado de golf"},"content":{"rendered":"<h1 class=\"wp-block-heading\">Investigaci\u00f3n de mercado de golf<\/h1>\n\n\n\n<figure class=\"gb-block-image gb-block-image-3a68c684\"><img loading=\"lazy\" decoding=\"async\" width=\"1456\" height=\"816\" class=\"gb-image gb-image-3a68c684\" src=\"https:\/\/www.sisinternational.com\/wp-content\/uploads\/2025\/08\/Golf-sport-4.jpg\" alt=\"Investigaci\u00f3n y estrategia de mercado internacional de SIS\" title=\"Golf sport (4)\" srcset=\"https:\/\/www.sisinternational.com\/wp-content\/uploads\/2025\/08\/Golf-sport-4.jpg 1456w, https:\/\/www.sisinternational.com\/wp-content\/uploads\/2025\/08\/Golf-sport-4-300x168.jpg 300w, https:\/\/www.sisinternational.com\/wp-content\/uploads\/2025\/08\/Golf-sport-4-1024x574.jpg 1024w, https:\/\/www.sisinternational.com\/wp-content\/uploads\/2025\/08\/Golf-sport-4-768x430.jpg 768w, https:\/\/www.sisinternational.com\/wp-content\/uploads\/2025\/08\/Golf-sport-4-18x10.jpg 18w\" sizes=\"auto, (max-width: 1456px) 100vw, 1456px\"><\/figure>\n\n\n\n<p><\/p>\n\n\n\n<p>El golf sol\u00eda ser un deporte m\u00e1s exclusivo, pero en los \u00faltimos a\u00f1os se ha producido claramente un desarrollo constante en el tama\u00f1o del mercado de equipos de golf y en el uso de campos de golf de dise\u00f1o. El golf es un deporte que genera muchas oportunidades, no s\u00f3lo econ\u00f3micas sino tambi\u00e9n laborales. Tambi\u00e9n se ha vuelto m\u00e1s popular entre jugadores de diferentes or\u00edgenes econ\u00f3micos.<\/p>\n\n\n\n<h2 class=\"wp-block-heading\">Descripci\u00f3n general de la investigaci\u00f3n de mercado del golf<\/h2>\n\n\n\n<p>In the past years, the golf industry has grown in the billions. Not only more <a href=\"https:\/\/www.sisinternational.com\/es\/pericia\/industrias\/estudio-de-mercado-de-resorts-de-golf\/\" title=\"Investigaci\u00f3n de mercado de complejos tur\u00edsticos de golf\"  data-wpil-monitor-id=\"4647\">golf courses have sprung up in resorts<\/a> and frequently visited regions, but the consumer base has also increased significantly. Golf is a sport that has seen incredibly high numbers of beginners. Notably, women make up a large part of golf beginners, and there has also been a sharp increase in juniors taking up this sport.<\/p>\n\n\n\n<p>El mercado todav\u00eda muestra mucho potencial de crecimiento, ya que millones de personas han manifestado inter\u00e9s en el golf. Definitivamente ha ganado popularidad, incluido el golf fuera de campo.<\/p>\n\n\n\n<p>El golf fuera del campo puede incluir simuladores cubiertos, campos de pr\u00e1cticas independientes, programas escolares y para j\u00f3venes fuera del campo, etc.<\/p>\n\n\n\n<h2 class=\"wp-block-heading\">Tendencias e impulsores clave en la industria del golf<\/h2>\n\n\n\n<figure class=\"gb-block-image gb-block-image-9198c587\"><img loading=\"lazy\" decoding=\"async\" width=\"1456\" height=\"816\" class=\"gb-image gb-image-9198c587\" src=\"https:\/\/www.sisinternational.com\/wp-content\/uploads\/2025\/08\/Golf-sport-1.jpg\" alt=\"Investigaci\u00f3n y estrategia de mercado internacional de SIS\" title=\"Golf sport (1)\" srcset=\"https:\/\/www.sisinternational.com\/wp-content\/uploads\/2025\/08\/Golf-sport-1.jpg 1456w, https:\/\/www.sisinternational.com\/wp-content\/uploads\/2025\/08\/Golf-sport-1-300x168.jpg 300w, https:\/\/www.sisinternational.com\/wp-content\/uploads\/2025\/08\/Golf-sport-1-1024x574.jpg 1024w, https:\/\/www.sisinternational.com\/wp-content\/uploads\/2025\/08\/Golf-sport-1-768x430.jpg 768w, https:\/\/www.sisinternational.com\/wp-content\/uploads\/2025\/08\/Golf-sport-1-18x10.jpg 18w\" sizes=\"auto, (max-width: 1456px) 100vw, 1456px\"><\/figure>\n\n\n\n<p><\/p>\n\n\n\n<p>La creciente demanda de golf impulsa a la industria hacia m\u00e1s oportunidades y crecimiento. Un n\u00famero considerable de jugadores son millennials. Con este cambio en los grupos de edad, habr\u00e1 cambios notables en la industria del golf, por ejemplo en el tipo de comida que se sirve en las casas club (con mayor \u00e9nfasis en la comida saludable) y tambi\u00e9n en la tecnolog\u00eda.<\/p>\n\n\n\n<p>Los dispositivos del sistema de posicionamiento global y el an\u00e1lisis del swing son s\u00f3lo dos ejemplos de la tecnolog\u00eda del golf. Los sensores en el carrito de golf y los sensores de swing (que est\u00e1n conectados a los palos) pueden ayudar a mejorar el juego de un golfista. Adem\u00e1s, las pelotas de golf inteligentes utilizan tecnolog\u00eda para conectarse a una aplicaci\u00f3n de tel\u00e9fono. Que permite al jugador obtener informaci\u00f3n del contacto que realiza con el bal\u00f3n.<\/p>\n\n\n\n<p>Dado el creciente atractivo del golf entre las jugadoras, esto tambi\u00e9n significa un mayor inter\u00e9s en la moda, los accesorios y el equipo de golf.<\/p>\n\n\n\n<p>En otras palabras, estos cambios demogr\u00e1ficos impulsar\u00e1n m\u00e1s proyectos comerciales en la industria del golf, generando oportunidades de empleo, inversi\u00f3n y ventas.<\/p>\n\n\n\n<h2 class=\"wp-block-heading\">Oportunidades en la industria del golf<\/h2>\n\n\n\n<p>La construcci\u00f3n de campos de golf y la mayor demanda de equipos de golf suponen nuevas oportunidades laborales para los locales. Los lugares tur\u00edsticos se benefician enormemente de los campos de golf a\u00f1adidos, ya que s\u00f3lo aportan m\u00e1s inter\u00e9s y valor y atraen a m\u00e1s viajeros que, adem\u00e1s de jugar al golf, tambi\u00e9n visitar\u00e1n las atracciones locales.<\/p>\n\n\n\n<p>Jack Niklaus, Robert Trent Jones y Tom Weiskopf son s\u00f3lo algunos nombres de campos de golf de dise\u00f1o de clase mundial, que atraer\u00e1n tanto a jugadores experimentados como a novatos. Estos campos de golf de renombre pr\u00e1cticamente pueden garantizar un empleo permanente para los empleados locales.<\/p>\n\n\n\n<p>La industria del golf ofrece trabajo a los locales en las siguientes \u00e1reas: tiendas de equipos de golf, caddies, asistencia de carritos, asistente de casa club, valet encargado y mantenimiento de campos (riego de ciertas \u00e1reas, limpieza de escombros, control de plagas, etc.). Algunas oportunidades laborales en la casa club incluyen personal de bar, restaurante y cocina.<\/p>\n\n\n\n<p>Elegir lugares tur\u00edsticos populares para practicar golf seguramente aumentar\u00e1 los visitantes y viajeros a esas \u00e1reas; por ejemplo, campos de golf junto a acantilados o greens ubicados en zonas des\u00e9rticas con vista al mar, por nombrar algunos. Paisajes tan dram\u00e1ticos y vistas espectaculares s\u00f3lo a\u00f1aden m\u00e1s inter\u00e9s a estos campos de golf.<\/p>\n\n\n\n<h2 class=\"wp-block-heading\">Desaf\u00edos<\/h2>\n\n\n\n<figure class=\"gb-block-image gb-block-image-fa42d46b\"><img loading=\"lazy\" decoding=\"async\" width=\"1456\" height=\"816\" class=\"gb-image gb-image-fa42d46b\" src=\"https:\/\/www.sisinternational.com\/wp-content\/uploads\/2025\/08\/Golf-sport-6.jpg\" alt=\"Investigaci\u00f3n y estrategia de mercado internacional de SIS\" title=\"Golf sport (6)\" srcset=\"https:\/\/www.sisinternational.com\/wp-content\/uploads\/2025\/08\/Golf-sport-6.jpg 1456w, https:\/\/www.sisinternational.com\/wp-content\/uploads\/2025\/08\/Golf-sport-6-300x168.jpg 300w, https:\/\/www.sisinternational.com\/wp-content\/uploads\/2025\/08\/Golf-sport-6-1024x574.jpg 1024w, https:\/\/www.sisinternational.com\/wp-content\/uploads\/2025\/08\/Golf-sport-6-768x430.jpg 768w, https:\/\/www.sisinternational.com\/wp-content\/uploads\/2025\/08\/Golf-sport-6-18x10.jpg 18w\" sizes=\"auto, (max-width: 1456px) 100vw, 1456px\"><\/figure>\n\n\n\n<p><\/p>\n\n\n\n<p>Financing golf courses is a challenging endeavor. To solve this issue, the following primary funding sources were proposed in golf <a class=\"wpil_keyword_link\" href=\"https:\/\/www.sisinternational.com\/es\/blog\/\"   title=\"Blog\" data-wpil-keyword-link=\"linked\"  data-wpil-monitor-id=\"691\">Blog<\/a> posts and articles: conventional financing, investment from life insurance companies, small business administration loans, private equity financing, and commercial mortgage-backed security loans.<\/p>\n\n\n\n<p>Las oportunidades de empleo tambi\u00e9n pueden presentar un desaf\u00edo si se consideran los salarios promedio por hora de los trabajadores de mantenimiento de campos de golf y las estrictas horas de trabajo. Por supuesto, esto depende del pa\u00eds donde est\u00e9 o se construir\u00e1 el campo de golf. En general, esto s\u00f3lo puede presentar un inconveniente en pa\u00edses con bajo desempleo.<\/p>\n\n\n\n<p>Otra desventaja del mantenimiento de los campos de golf es la gran cantidad de agua que se utiliza para el riego. Especialmente en zonas secas, esto puede tener consecuencias negativas para el medio ambiente y la poblaci\u00f3n local. Alternativamente, las aguas residuales de las plantas de tratamiento de agua cercanas proporcionan un sustituto bueno y m\u00e1s disponible. Regar los greens con aguas residuales en lugar de agua dulce es una soluci\u00f3n que se aplica hoy en d\u00eda en varios campos de golf des\u00e9rticos. Incluso los campos de golf en entornos m\u00e1s verdes est\u00e1n considerando esta opci\u00f3n. Dado que la generaci\u00f3n m\u00e1s joven de actores es m\u00e1s consciente del cambio clim\u00e1tico, existe una presi\u00f3n cada vez mayor para una gesti\u00f3n del agua respetuosa con el medio ambiente.<\/p>\n\n\n\n<h2 class=\"wp-block-heading\">Cl\u00fasteres de innovaci\u00f3n para analizar la investigaci\u00f3n de mercado del golf<\/h2>\n\n\n\n<p>Los desaf\u00edos pueden allanar el camino para nuevas oportunidades. Despu\u00e9s de la pandemia de covid, los salarios de muchos empleados, incluidos los golfistas, se hundieron. Para evitar la p\u00e9rdida de sus miembros, los clubes de golf redujeron sus cuotas de membres\u00eda, lo que permiti\u00f3 que los miembros existentes siguieran jugando y que se unieran otros nuevos.<\/p>\n\n\n\n<p>Adem\u00e1s, ofrecer a los miembros jugar nueve hoyos en lugar de una ronda completa permite que m\u00e1s personas incluyan un juego de golf en sus horarios. Los periodos m\u00e1s cortos (no s\u00f3lo nueve sino tambi\u00e9n seis hoyos) se est\u00e1n volviendo m\u00e1s tentadores para el p\u00fablico en general. Adaptar los recorridos a esta demanda e incluso dise\u00f1ar campos de golf que satisfagan estas solicitudes sin duda aumentar\u00e1 el atractivo para segmentos de poblaci\u00f3n m\u00e1s amplios.<\/p>\n\n\n\n<p>En cuanto a las preocupaciones medioambientales, los cursos con emisiones de carbono positivas est\u00e1n ganando popularidad. En general, la comunidad golfista quiere mejorar no s\u00f3lo la gesti\u00f3n del agua sino tambi\u00e9n convertirse en un modelo en conservaci\u00f3n y biodiversidad.<\/p>\n\n\n\n<h2 class=\"wp-block-heading\">Perspectiva del futuro<\/h2>\n\n\n\n<figure class=\"gb-block-image gb-block-image-0f5c41b9\"><img loading=\"lazy\" decoding=\"async\" width=\"1456\" height=\"816\" class=\"gb-image gb-image-0f5c41b9\" src=\"https:\/\/www.sisinternational.com\/wp-content\/uploads\/2025\/08\/Golf-sport-5.jpg\" alt=\"Investigaci\u00f3n y estrategia de mercado internacional de SIS\" title=\"Golf sport (5)\" srcset=\"https:\/\/www.sisinternational.com\/wp-content\/uploads\/2025\/08\/Golf-sport-5.jpg 1456w, https:\/\/www.sisinternational.com\/wp-content\/uploads\/2025\/08\/Golf-sport-5-300x168.jpg 300w, https:\/\/www.sisinternational.com\/wp-content\/uploads\/2025\/08\/Golf-sport-5-1024x574.jpg 1024w, https:\/\/www.sisinternational.com\/wp-content\/uploads\/2025\/08\/Golf-sport-5-768x430.jpg 768w, https:\/\/www.sisinternational.com\/wp-content\/uploads\/2025\/08\/Golf-sport-5-18x10.jpg 18w\" sizes=\"auto, (max-width: 1456px) 100vw, 1456px\"><\/figure>\n\n\n\n<p><\/p>\n\n\n\n<p>Regardless of the challenges, golf offers opportunities and has a promising future. Even though the changes in demographics may be a shock to the golfing community (which used to be a middle-aged and older crowd) these changes promote growth and innovation. With the rise in technology, healthier food options, employment opportunities, and the chance to play nine or six holes instead of a full round, the golf <a href=\"https:\/\/www.sisinternational.com\/es\/pericia\/industrias\/investigacion-de-mercado-de-juegos-y-apuestas\/\" title=\"Investigaci\u00f3n de mercado de juegos y apuestas\"  data-wpil-monitor-id=\"5399\">market will prosper and the game<\/a> will become more available and interesting for all.<\/p>\n\n\n\n<p>SIS International ofrece investigaci\u00f3n cuantitativa, cualitativa y estrat\u00e9gica. Proporcionamos datos, herramientas, estrategias, informes y conocimientos para la toma de decisiones. Realizamos entrevistas, encuestas, grupos focales y muchos otros m\u00e9todos y enfoques de investigaci\u00f3n de mercado. Cont\u00e1ctenos para su pr\u00f3ximo proyecto de Investigaci\u00f3n de Mercado.<\/p>","protected":false},"excerpt":{"rendered":"<p>La industria del golf ha crecido significativamente con m\u00e1s campos, complejos tur\u00edsticos y una diversidad de clientes, que ahora valen miles de millones.<\/p>","protected":false},"author":1,"featured_media":63666,"parent":14514,"menu_order":294,"comment_status":"closed","ping_status":"closed","template":"","meta":{"footnotes":""},"class_list":["post-42639","page","type-page","status-publish","has-post-thumbnail"],"_links":{"self":[{"href":"https:\/\/www.sisinternational.com\/es\/wp-json\/wp\/v2\/pages\/42639","targetHints":{"allow":["GET"]}}],"collection":[{"href":"https:\/\/www.sisinternational.com\/es\/wp-json\/wp\/v2\/pages"}],"about":[{"href":"https:\/\/www.sisinternational.com\/es\/wp-json\/wp\/v2\/types\/page"}],"author":[{"embeddable":true,"href":"https:\/\/www.sisinternational.com\/es\/wp-json\/wp\/v2\/users\/1"}],"replies":[{"embeddable":true,"href":"https:\/\/www.sisinternational.com\/es\/wp-json\/wp\/v2\/comments?post=42639"}],"version-history":[{"count":6,"href":"https:\/\/www.sisinternational.com\/es\/wp-json\/wp\/v2\/pages\/42639\/revisions"}],"predecessor-version":[{"id":79180,"href":"https:\/\/www.sisinternational.com\/es\/wp-json\/wp\/v2\/pages\/42639\/revisions\/79180"}],"up":[{"embeddable":true,"href":"https:\/\/www.sisinternational.com\/es\/wp-json\/wp\/v2\/pages\/14514"}],"wp:featuredmedia":[{"embeddable":true,"href":"https:\/\/www.sisinternational.com\/es\/wp-json\/wp\/v2\/media\/63666"}],"wp:attachment":[{"href":"https:\/\/www.sisinternational.com\/es\/wp-json\/wp\/v2\/media?parent=42639"}],"curies":[{"name":"wp","href":"https:\/\/api.w.org\/{rel}","templated":true}]}}