{"id":42636,"date":"2023-05-01T19:13:15","date_gmt":"2023-05-01T23:13:15","guid":{"rendered":"https:\/\/www.sisinternational.com\/?page_id=42636"},"modified":"2026-01-24T21:00:29","modified_gmt":"2026-01-25T02:00:29","slug":"estudio-de-mercado-de-gasolineras","status":"publish","type":"page","link":"https:\/\/www.sisinternational.com\/es\/pericia\/estudio-de-mercado-de-gasolineras\/","title":{"rendered":"Investigaci\u00f3n de mercado de gasolineras"},"content":{"rendered":"<h1 class=\"wp-block-heading\">Investigaci\u00f3n de mercado de gasolineras<\/h1>\n\n\n\n<figure class=\"gb-block-image gb-block-image-90f9f5d8\"><img loading=\"lazy\" decoding=\"async\" width=\"1456\" height=\"816\" class=\"gb-image gb-image-90f9f5d8\" src=\"https:\/\/www.sisinternational.com\/wp-content\/uploads\/2025\/08\/Gas-station-2.jpg\" alt=\"Investigaci\u00f3n y estrategia de mercado internacional de SIS\" title=\"Gas station (2)\" srcset=\"https:\/\/www.sisinternational.com\/wp-content\/uploads\/2025\/08\/Gas-station-2.jpg 1456w, https:\/\/www.sisinternational.com\/wp-content\/uploads\/2025\/08\/Gas-station-2-300x168.jpg 300w, https:\/\/www.sisinternational.com\/wp-content\/uploads\/2025\/08\/Gas-station-2-1024x574.jpg 1024w, https:\/\/www.sisinternational.com\/wp-content\/uploads\/2025\/08\/Gas-station-2-768x430.jpg 768w, https:\/\/www.sisinternational.com\/wp-content\/uploads\/2025\/08\/Gas-station-2-18x10.jpg 18w\" sizes=\"auto, (max-width: 1456px) 100vw, 1456px\"><\/figure>\n\n\n\n<p><\/p>\n\n\n\n<p>Las gasolineras deben poder responder r\u00e1pidamente a las tendencias fluctuantes del mercado o a los cambios en las demandas de los clientes. Por lo tanto, para seguir siendo competitivos en este panorama en constante cambio, los propietarios de gasolineras deben priorizar la inversi\u00f3n en estudios de mercado que proporcionen informaci\u00f3n \u00fatil sobre las necesidades de sus clientes y las tendencias de la industria.<\/p>\n\n\n\n<p>Como resultado, la investigaci\u00f3n de mercado de gasolineras ofrece una mejor comprensi\u00f3n de la importancia de comprender este mercado e identificar oportunidades de crecimiento.<\/p>\n\n\n\n<h2 class=\"wp-block-heading\">Investigaci\u00f3n de mercado de gasolineras: tendencias clave del mercado e influenciadores<\/h2>\n\n\n\n<p>La industria de las gasolineras est\u00e1 influenciada por varias tendencias y factores clave que dan forma al panorama competitivo y al comportamiento del consumidor. Identificar y comprender estas tendencias es esencial para que las empresas tomen decisiones informadas y sigan siendo competitivas.<\/p>\n\n\n\n<h3 class=\"wp-block-heading\">A continuaci\u00f3n se presentan algunas de las principales tendencias del mercado y personas influyentes en la industria de las gasolineras:<\/h3>\n\n\n\n<ul class=\"wp-block-list\">\n<li><strong>Fluctuaciones del precio del combustible:<\/strong> La importancia de los cambios en los precios del combustible, junto con los de los mercados mundiales del petr\u00f3leo, afecta gravemente a las gasolineras. Afecta las decisiones de compra o los niveles de consumo junto con el desempe\u00f1o financiero general.<\/li>\n\n\n\n<li><strong>Avances tecnol\u00f3gicos:<\/strong> The emergence of electric vehicles (EVs), hydrogen, and biofuel alternatives are playing a significant role in determining <a href=\"https:\/\/www.sisinternational.com\/es\/soluciones\/investigacion-de-mercado-de-oleoductos-y-gasoductos\/\" title=\"Investigaci\u00f3n del mercado de oleoductos y gasoductos\"  data-wpil-monitor-id=\"2164\">estudio de mercado de gasolineras<\/a>.<\/li>\n\n\n\n<li><strong>Cambiando las preferencias de los consumidores:<\/strong> Consumer preferences are changing towards eco-friendly fuel alternatives. The key for gasoline retailers in meeting shifting customer requirements lies in conducting regular <a href=\"https:\/\/www.sisinternational.com\/es\/mercado-minorista-asiatico\/\" title=\"Investigaci\u00f3n del mercado minorista asi\u00e1tico\"  data-wpil-monitor-id=\"2683\">estudio de mercado de gasolineras<\/a> to keep up with these trends.<\/li>\n\n\n\n<li><strong>Preocupaciones y regulaciones ambientales:<\/strong> Para cumplir con las exigencias de las nuevas leyes ambientales, el cumplimiento es crucial para los operadores que buscan atraer clientes con mentalidad ecol\u00f3gica.<\/li>\n\n\n\n<li><strong>Flujos de ingresos no relacionados con el combustible:<\/strong> Al ofrecer lavados de autos y otros servicios como tiendas de conveniencia y establecimientos de comida, las gasolineras est\u00e1n tratando de ampliar sus fuentes de ingresos. Si los minoristas de gasolina los identifican y utilizan adecuadamente en busca de mayores retornos de las operaciones de sus negocios, existe un potencial significativo dentro de formas alternativas de ingresos fuera de las ventas tradicionales de combustible.<\/li>\n\n\n\n<li><strong>Cambio hacia la digitalizaci\u00f3n:<\/strong> El uso de aplicaciones m\u00f3viles y la implementaci\u00f3n de programas de fidelizaci\u00f3n combinados con t\u00e1cticas de marketing digital ha crecido dentro del sector minorista de combustible debido a los avances de la tecnolog\u00eda.<\/li>\n<\/ul>\n\n\n\n<h2 class=\"wp-block-heading\">Beneficios potenciales de realizar una investigaci\u00f3n de mercado de gasolineras<\/h2>\n\n\n\n<figure class=\"gb-block-image gb-block-image-04e0ff32\"><img loading=\"lazy\" decoding=\"async\" width=\"1456\" height=\"816\" class=\"gb-image gb-image-04e0ff32\" src=\"https:\/\/www.sisinternational.com\/wp-content\/uploads\/2025\/08\/Gas-station-4.jpg\" alt=\"Investigaci\u00f3n y estrategia de mercado internacional de SIS\" title=\"Gas station (4)\" srcset=\"https:\/\/www.sisinternational.com\/wp-content\/uploads\/2025\/08\/Gas-station-4.jpg 1456w, https:\/\/www.sisinternational.com\/wp-content\/uploads\/2025\/08\/Gas-station-4-300x168.jpg 300w, https:\/\/www.sisinternational.com\/wp-content\/uploads\/2025\/08\/Gas-station-4-1024x574.jpg 1024w, https:\/\/www.sisinternational.com\/wp-content\/uploads\/2025\/08\/Gas-station-4-768x430.jpg 768w, https:\/\/www.sisinternational.com\/wp-content\/uploads\/2025\/08\/Gas-station-4-18x10.jpg 18w\" sizes=\"auto, (max-width: 1456px) 100vw, 1456px\"><\/figure>\n\n\n\n<ul class=\"wp-block-list\">\n<li><a href=\"https:\/\/www.sisinternational.com\/es\/pericia\/industrias\/investigacion-de-mercado-de-petroleo-y-gas\/\" title=\"Investigaci\u00f3n de mercado de petr\u00f3leo y gas\"  data-wpil-monitor-id=\"3085\">Gas station market research<\/a> provides an opportunity for gas station operators to gain insight into the behaviors and requirements of their customers. Through analyzing this data, businesses are able to create effective advertising campaigns aimed at both acquiring new clients and retaining current ones.<\/li>\n\n\n\n<li>Los conocimientos basados en datos de una investigaci\u00f3n de mercado integral permiten a las empresas tomar mejores decisiones con respecto a las estrategias de precios y las ofertas de productos.<\/li>\n\n\n\n<li>Para identificar \u00e1reas de diferenciaci\u00f3n y mejora, las gasolineras deben comprender el panorama competitivo, lo que incluye analizar las fortalezas y debilidades de los competidores. Emplear estos detalles ayuda a crear puntos de venta incomparables.<\/li>\n\n\n\n<li>Al utilizar la investigaci\u00f3n de mercado de gasolineras para analizar factores que incluyen la competencia local y la informaci\u00f3n demogr\u00e1fica, las empresas pueden determinar ubicaciones \u00f3ptimas para nuevas gasolineras o evaluar el \u00e9xito de los sitios actuales.<\/li>\n\n\n\n<li>Las perspectivas de ganancias no basadas en la gasolina, como tiendas de conveniencia e instalaciones de lavado de veh\u00edculos, pueden descubrirse mediante investigaciones de mercado de gasolineras.<\/li>\n\n\n\n<li>El proceso de realizar estudios de marketing exhaustivos puede conducir a identificar posibles v\u00edas de desarrollo, como necesidades de clientes insatisfechas o nuevos mercados. Las empresas pueden aumentar sus cuotas de mercado y lograr un progreso sostenido en el futuro.<\/li>\n\n\n\n<li>Los operadores de gasolineras pueden reducir los peligros y crear t\u00e1cticas para superar los obst\u00e1culos realizando una investigaci\u00f3n exhaustiva del mercado de las gasolineras que identifique los peligros potenciales y los problemas del mercado.<\/li>\n<\/ul>\n\n\n\n<h2 class=\"wp-block-heading\">Desaf\u00edos<\/h2>\n\n\n\n<ul class=\"wp-block-list\">\n<li>Las influencias en la industria de las gasolineras incluyen los precios del combustible y las condiciones econ\u00f3micas junto con los r\u00e1pidos avances tecnol\u00f3gicos.<\/li>\n\n\n\n<li>Tratar con informaci\u00f3n confidencial, como estrategias de precios o detalles de los clientes, hace que la recopilaci\u00f3n de datos precisos y confiables sea un desaf\u00edo.<\/li>\n\n\n\n<li>La conservaci\u00f3n del medio ambiente, los protocolos de seguridad y las pol\u00edticas de confidencialidad requieren un estricto cumplimiento, y los investigadores deben enfrentar el desaf\u00edo de incorporar estas regulaciones garantizando al mismo tiempo su cumplimiento.<\/li>\n\n\n\n<li>Para seguir siendo competitivos en la industria de las gasolineras, las empresas deben adaptar con frecuencia sus estrategias. Mantener una ventaja competitiva requiere rastrear las actividades de la competencia y las estrategias de marketing a pesar de los desaf\u00edos y el compromiso de tiempo involucrados.<\/li>\n\n\n\n<li>Realizar un an\u00e1lisis de mercado detallado requiere una asignaci\u00f3n considerable de activos valiosos, como mano de obra experimentada, tiempo y capital. Las entidades comerciales m\u00e1s peque\u00f1as a menudo carecen de los medios necesarios para realizar una investigaci\u00f3n de mercados intensiva.<\/li>\n\n\n\n<li>Cuantificar algunos elementos de la industria de las gasolineras, como la satisfacci\u00f3n del cliente o la percepci\u00f3n de la marca, puede suponer un desaf\u00edo.<\/li>\n<\/ul>\n\n\n\n<h2 class=\"wp-block-heading\">Perspectiva del futuro<\/h2>\n\n\n\n<figure class=\"gb-block-image gb-block-image-531a479b\"><img loading=\"lazy\" decoding=\"async\" width=\"1456\" height=\"816\" class=\"gb-image gb-image-531a479b\" src=\"https:\/\/www.sisinternational.com\/wp-content\/uploads\/2025\/08\/Gas-station-1.jpg\" alt=\"Investigaci\u00f3n y estrategia de mercado internacional de SIS\" title=\"Gas station (1)\" srcset=\"https:\/\/www.sisinternational.com\/wp-content\/uploads\/2025\/08\/Gas-station-1.jpg 1456w, https:\/\/www.sisinternational.com\/wp-content\/uploads\/2025\/08\/Gas-station-1-300x168.jpg 300w, https:\/\/www.sisinternational.com\/wp-content\/uploads\/2025\/08\/Gas-station-1-1024x574.jpg 1024w, https:\/\/www.sisinternational.com\/wp-content\/uploads\/2025\/08\/Gas-station-1-768x430.jpg 768w, https:\/\/www.sisinternational.com\/wp-content\/uploads\/2025\/08\/Gas-station-1-18x10.jpg 18w\" sizes=\"auto, (max-width: 1456px) 100vw, 1456px\"><\/figure>\n\n\n\n<p><\/p>\n\n\n\n<p>Influenciada por varios factores, como la evoluci\u00f3n de las preferencias de los consumidores y los avances tecnol\u00f3gicos junto con las preocupaciones ambientales, se espera que las perspectivas futuras de la investigaci\u00f3n de mercado de gasolineras experimenten cambios significativos. Para comprender c\u00f3mo evolucionar\u00e1 la investigaci\u00f3n de mercado de gasolineras en el futuro, es importante tener en cuenta estos factores clave:<\/p>\n\n\n\n<ul class=\"wp-block-list\">\n<li>Los combustibles alternativos, como las pilas de combustible de hidr\u00f3geno y los biocombustibles, se est\u00e1n volviendo m\u00e1s populares debido a la creciente preocupaci\u00f3n por el cambio clim\u00e1tico y la contaminaci\u00f3n del aire. Para comprender las actitudes de los consumidores hacia los combustibles alternativos y su adopci\u00f3n, la investigaci\u00f3n de mercado de las gasolineras es fundamental.<\/li>\n\n\n\n<li>La incorporaci\u00f3n de an\u00e1lisis avanzados con la adopci\u00f3n de nuevas tecnolog\u00edas como sistemas de pago digitales y dispositivos IoT seguir\u00e1 transformando las gasolineras para mejorar la experiencia del cliente y aumentar la generaci\u00f3n de ingresos.<\/li>\n\n\n\n<li>Ampliar la oferta de tiendas de conveniencia es cada vez m\u00e1s com\u00fan entre las gasolineras para atraer clientes y generar ingresos adicionales, y la investigaci\u00f3n de mercado de las gasolineras desempe\u00f1a un papel fundamental a la hora de identificar tanto las preferencias de los consumidores como las \u00e1reas potenciales de crecimiento.<\/li>\n\n\n\n<li>En la industria de las gasolineras, donde la competencia se est\u00e1 intensificando, es esencial brindar una excelente experiencia al cliente para retener y atraer clientes.<\/li>\n\n\n\n<li>To reduce their carbon footprint and satisfy the rising need for environmentally friendly goods and services, businesses may emphasize sustainability and environmental impact more in <a href=\"https:\/\/www.sisinternational.com\/es\/biocombustibles-en-la-industria-aerea\/\" title=\"Investigaci\u00f3n de mercado de sostenibilidad de aerol\u00edneas\"  data-wpil-monitor-id=\"2444\">estudio de mercado de gasolineras<\/a> in the future. Moreover, comprehensive market research can provide valuable insights into identifying the best practices as well as understanding consumer preferences and potential growth opportunities within this area.<\/li>\n\n\n\n<li>Incentives for alternative fuel vehicles and government regulations and policies such as emission standards and fuel economy requirements can have a significant impact on the <a href=\"https:\/\/www.sisinternational.com\/es\/comprender-el-regimen-de-comercio-de-derechos-de-emision-de-la-ue-y-un-informe-del-sis\/\" title=\"Investigaci\u00f3n de mercado sobre comercio de derechos de emisi\u00f3n\"  data-wpil-monitor-id=\"1732\">estudio de mercado de gasolineras<\/a>. To understand the implications of these policies and develop strategies for adapting to the changing regulatory landscape, it will be crucial to conduct regular market research.<\/li>\n\n\n\n<li>La evoluci\u00f3n de la industria de las gasolineras puede dar lugar a nuevos modelos de negocio, incluidos servicios de abastecimiento de combustible basados en suscripci\u00f3n o entrega de combustible a pedido, y tambi\u00e9n es posible que las asociaciones estrat\u00e9gicas con minoristas y proveedores de servicios se vuelvan m\u00e1s comunes. Realizar estudios de mercado de gasolineras es fundamental para identificar la viabilidad y el potencial de estos nuevos modelos de negocio.<\/li>\n<\/ul>","protected":false},"excerpt":{"rendered":"<p>La investigaci\u00f3n de mercado de gasolineras ofrece una mejor comprensi\u00f3n de la importancia de comprender el mercado e identificar oportunidades de crecimiento.<\/p>","protected":false},"author":1,"featured_media":63840,"parent":14514,"menu_order":293,"comment_status":"closed","ping_status":"closed","template":"","meta":{"footnotes":""},"class_list":["post-42636","page","type-page","status-publish","has-post-thumbnail"],"_links":{"self":[{"href":"https:\/\/www.sisinternational.com\/es\/wp-json\/wp\/v2\/pages\/42636","targetHints":{"allow":["GET"]}}],"collection":[{"href":"https:\/\/www.sisinternational.com\/es\/wp-json\/wp\/v2\/pages"}],"about":[{"href":"https:\/\/www.sisinternational.com\/es\/wp-json\/wp\/v2\/types\/page"}],"author":[{"embeddable":true,"href":"https:\/\/www.sisinternational.com\/es\/wp-json\/wp\/v2\/users\/1"}],"replies":[{"embeddable":true,"href":"https:\/\/www.sisinternational.com\/es\/wp-json\/wp\/v2\/comments?post=42636"}],"version-history":[{"count":8,"href":"https:\/\/www.sisinternational.com\/es\/wp-json\/wp\/v2\/pages\/42636\/revisions"}],"predecessor-version":[{"id":77383,"href":"https:\/\/www.sisinternational.com\/es\/wp-json\/wp\/v2\/pages\/42636\/revisions\/77383"}],"up":[{"embeddable":true,"href":"https:\/\/www.sisinternational.com\/es\/wp-json\/wp\/v2\/pages\/14514"}],"wp:featuredmedia":[{"embeddable":true,"href":"https:\/\/www.sisinternational.com\/es\/wp-json\/wp\/v2\/media\/63840"}],"wp:attachment":[{"href":"https:\/\/www.sisinternational.com\/es\/wp-json\/wp\/v2\/media?parent=42636"}],"curies":[{"name":"wp","href":"https:\/\/api.w.org\/{rel}","templated":true}]}}