{"id":42627,"date":"2023-05-01T16:54:09","date_gmt":"2023-05-01T20:54:09","guid":{"rendered":"https:\/\/www.sisinternational.com\/?page_id=42627"},"modified":"2026-03-12T13:28:44","modified_gmt":"2026-03-12T17:28:44","slug":"investigacion-de-mercado-de-aditivos-para-bebidas-alimentarias","status":"publish","type":"page","link":"https:\/\/www.sisinternational.com\/es\/soluciones\/investigacion-de-mercado-de-la-industria-de-alimentos-y-bebidas\/investigacion-de-mercado-de-aditivos-para-bebidas-alimentarias\/","title":{"rendered":"Investigaci\u00f3n de mercado de aditivos para alimentos y bebidas"},"content":{"rendered":"<h1 class=\"wp-block-heading\">Investigaci\u00f3n de mercado de aditivos para alimentos y bebidas<\/h1>\n\n\n\n<figure class=\"gb-block-image gb-block-image-7c5645a7\"><img loading=\"lazy\" decoding=\"async\" width=\"1456\" height=\"816\" class=\"gb-image gb-image-7c5645a7\" src=\"https:\/\/www.sisinternational.com\/wp-content\/uploads\/2025\/08\/Ready-to-Drink-RTD-Beverage-5.jpg\" alt=\"Investigaci\u00f3n y estrategia de mercado internacional de SIS\" title=\"Ready to Drink (RTD) Beverage (5)\" srcset=\"https:\/\/www.sisinternational.com\/wp-content\/uploads\/2025\/08\/Ready-to-Drink-RTD-Beverage-5.jpg 1456w, https:\/\/www.sisinternational.com\/wp-content\/uploads\/2025\/08\/Ready-to-Drink-RTD-Beverage-5-300x168.jpg 300w, https:\/\/www.sisinternational.com\/wp-content\/uploads\/2025\/08\/Ready-to-Drink-RTD-Beverage-5-1024x574.jpg 1024w, https:\/\/www.sisinternational.com\/wp-content\/uploads\/2025\/08\/Ready-to-Drink-RTD-Beverage-5-768x430.jpg 768w, https:\/\/www.sisinternational.com\/wp-content\/uploads\/2025\/08\/Ready-to-Drink-RTD-Beverage-5-18x10.jpg 18w\" sizes=\"auto, (max-width: 1456px) 100vw, 1456px\"><\/figure>\n\n\n\n<p><\/p>\n\n\n\n<p>La investigaci\u00f3n de mercado de aditivos para alimentos y bebidas proporciona informaci\u00f3n sobre la industria de los aditivos alimentarios que abarca una amplia gama de sustancias utilizadas para mejorar la calidad, la seguridad y la conveniencia de los alimentos procesados. Los aditivos alimentarios se definen como cualquier sustancia que se a\u00f1ade intencionalmente a los alimentos con fines tecnol\u00f3gicos, funcionales o sensoriales y que no se consume habitualmente como ingrediente alimentario. Antes de que puedan usarse en cualquier producto alimenticio, generalmente se agregan en cantidades m\u00ednimas y est\u00e1n sujetos a aprobaci\u00f3n regulatoria y evaluaciones de seguridad. Sirven para una variedad de prop\u00f3sitos, incluido mejorar el sabor, el color, la textura, el aroma, la estabilidad y la seguridad de los alimentos.<\/p>\n\n\n\n<h2 class=\"wp-block-heading\">Tipos de productos de investigaci\u00f3n de mercado de aditivos para alimentos y bebidas<\/h2>\n\n\n\n<p>La investigaci\u00f3n de mercado proporciona informaci\u00f3n sobre algunos tipos comunes de aditivos para alimentos y bebidas y sus funciones. Existen numerosos tipos de aditivos alimentarios, cada uno con sus funciones espec\u00edficas como se muestra a continuaci\u00f3n:<\/p>\n\n\n\n<ul class=\"wp-block-list\">\n<li><strong>conservantes \u2013<\/strong> Estas sustancias inhiben la proliferaci\u00f3n de microorganismos nocivos en los productos alimenticios, prolongando su vida \u00fatil y garantizando su seguridad.<\/li>\n\n\n\n<li><strong>Antioxidantes \u2013<\/strong> Estos aditivos previenen o retrasan la oxidaci\u00f3n de grasas y aceites en los productos alimenticios, evitando as\u00ed el enranciamiento y aumentando la vida \u00fatil.<\/li>\n\n\n\n<li><strong>Emulsionantes \u2013<\/strong> Estos aditivos alimentarios ayudan a mezclar y estabilizar ingredientes inmiscibles, como aceite y agua, para mejorar la textura, consistencia y apariencia de los productos alimenticios.<\/li>\n\n\n\n<li><strong>Edulcorantes \u2013<\/strong> Dan un sabor dulce a los productos alimenticios, ya sea de forma natural o artificial, sin influir significativamente en los niveles de az\u00facar en sangre ni en las calor\u00edas.<\/li>\n\n\n\n<li><strong>Colorantes \u2013<\/strong> Agentes colorantes que realzan el color de los productos alimenticios, aumentando as\u00ed su atractivo visual y la atracci\u00f3n del consumidor.<\/li>\n\n\n\n<li><strong>Potenciadores del sabor \u2013<\/strong> Aditivos alimentarios que mejoran el sabor y el aroma de los productos alimenticios, aumentando as\u00ed sus cualidades sensoriales y su palatabilidad general.<\/li>\n\n\n\n<li><strong>Estabilizadores \u2013<\/strong> Aditivos que ayudan a mantener la textura, consistencia y estabilidad de los productos alimenticios, evitando la separaci\u00f3n o sedimentaci\u00f3n durante el almacenamiento o procesamiento.<\/li>\n\n\n\n<li><strong>Espesantes \u2013<\/strong>\u00a0Estos aditivos mejoran la textura y estabilidad de los productos alimenticios al aumentar su viscosidad o espesor.<\/li>\n<\/ul>\n\n\n\n<p>Food and beverage additives are essential in modern food processing, as they play a crucial role in improving the stability and sensory properties of food products. Data and <a href=\"https:\/\/www.sisinternational.com\/es\/desarrollo-de-la-ciudad-de-hartford-connecticuts\/\" title=\"Investigaci\u00f3n de mercado en Hartford, Connecticut\"  data-wpil-monitor-id=\"1764\">strategies in Food and Beverage Additive Market<\/a> Research help in understanding the types and functions of food additives is vital for food manufacturers, regulators, and consumers to ensure the safety and quality of food products in the market.<\/p>\n\n\n\n<h2 class=\"wp-block-heading\">Segmentos clave del mercado<\/h2>\n\n\n\n<figure class=\"gb-block-image gb-block-image-306f4189\"><img loading=\"lazy\" decoding=\"async\" width=\"1456\" height=\"816\" class=\"gb-image gb-image-306f4189\" src=\"https:\/\/www.sisinternational.com\/wp-content\/uploads\/2025\/08\/Ready-to-Drink-RTD-Beverage-3.jpg\" alt=\"Investigaci\u00f3n y estrategia de mercado internacional de SIS\" title=\"Ready to Drink (RTD) Beverage (3)\" srcset=\"https:\/\/www.sisinternational.com\/wp-content\/uploads\/2025\/08\/Ready-to-Drink-RTD-Beverage-3.jpg 1456w, https:\/\/www.sisinternational.com\/wp-content\/uploads\/2025\/08\/Ready-to-Drink-RTD-Beverage-3-300x168.jpg 300w, https:\/\/www.sisinternational.com\/wp-content\/uploads\/2025\/08\/Ready-to-Drink-RTD-Beverage-3-1024x574.jpg 1024w, https:\/\/www.sisinternational.com\/wp-content\/uploads\/2025\/08\/Ready-to-Drink-RTD-Beverage-3-768x430.jpg 768w, https:\/\/www.sisinternational.com\/wp-content\/uploads\/2025\/08\/Ready-to-Drink-RTD-Beverage-3-18x10.jpg 18w\" sizes=\"auto, (max-width: 1456px) 100vw, 1456px\"><\/figure>\n\n\n\n<p><\/p>\n\n\n\n<p>En los \u00faltimos a\u00f1os, el mercado mundial de aditivos alimentarios se ha expandido significativamente debido a factores como los cambios en las preferencias de los consumidores, la creciente demanda de alimentos procesados y preparados y las innovaciones en las tecnolog\u00edas de procesamiento de alimentos. El mercado de aditivos para alimentos y bebidas est\u00e1 segmentado en funci\u00f3n de varios factores, incluidos el tipo, la aplicaci\u00f3n, la fuente y la regi\u00f3n.<\/p>\n\n\n\n<p>La informaci\u00f3n recopilada para datos y estrategias en la investigaci\u00f3n de mercado de aditivos para alimentos y bebidas incluye los principales segmentos del mercado de aditivos alimentarios:<\/p>\n\n\n\n<ul class=\"wp-block-list\">\n<li><strong>Segmentaci\u00f3n basada en tipos: <\/strong>Los aditivos alimentarios se pueden clasificar en diferentes tipos seg\u00fan sus funciones, como conservantes, antioxidantes, edulcorantes, potenciadores del sabor, emulsionantes, colorantes, estabilizantes, espesantes y muchos m\u00e1s. Cada tipo de aditivo alimentario tiene un prop\u00f3sito espec\u00edfico en el procesamiento de alimentos y tiene su segmento de mercado \u00fanico. Por ejemplo, la demanda de conservantes y antioxidantes naturales ha ido en aumento debido a la creciente preferencia de los consumidores por los productos alimenticios naturales.<\/li>\n\n\n\n<li><strong>Segmentaci\u00f3n basada en aplicaciones: <\/strong>En la industria de alimentos y bebidas, los aditivos se utilizan en diversos productos alimenticios, incluidos dulces y pasteles azucarados, bebidas, productos l\u00e1cteos, carnes y aves, salsas y aderezos, y refrigerios. La demanda de aditivos alimentarios puede variar sustancialmente seg\u00fan su uso en diversas categor\u00edas de productos alimenticios. En la industria l\u00e1ctea, por ejemplo, se utilizan habitualmente emulsionantes y estabilizantes para mejorar la textura y la estabilidad de productos como los helados, mientras que los conservantes y antioxidantes se utilizan habitualmente para prolongar la vida \u00fatil de las carnes procesadas.<\/li>\n\n\n\n<li><strong>Segmentaci\u00f3n basada en fuentes: <\/strong>Los aditivos alimentarios pueden derivarse de diversas fuentes naturales, sint\u00e9ticas e h\u00edbridas. Los aditivos alimentarios naturales se derivan de fuentes naturales como frutas, verduras, hierbas y condimentos, mientras que los aditivos alimentarios sint\u00e9ticos se producen qu\u00edmicamente en laboratorios. Los or\u00edgenes de los aditivos alimentarios h\u00edbridos son tanto naturales como sint\u00e9ticos. La demanda del mercado de aditivos alimentarios naturales ha aumentado debido a la creciente preferencia de los consumidores por productos alimentarios naturales y de etiqueta limpia.<\/li>\n\n\n\n<li><strong>Segmentaci\u00f3n Regional: <\/strong>Factores regionales como las preferencias de los consumidores, las pr\u00e1cticas diet\u00e9ticas y los requisitos reglamentarios pueden influir en la demanda de aditivos alimentarios. Por ejemplo, el mercado norteamericano de aditivos alimentarios naturales ha experimentado un crecimiento significativo debido a la creciente conciencia sobre la salud y el bienestar, mientras que la regi\u00f3n de Asia y el Pac\u00edfico ha experimentado una r\u00e1pida expansi\u00f3n del mercado debido al creciente consumo de alimentos procesados y los cambios en los estilos de vida.<\/li>\n<\/ul>\n\n\n\n<h2 class=\"wp-block-heading\">Crecimiento de la industria de aditivos para alimentos y bebidas<\/h2>\n\n\n\n<p>Se espera que la industria de aditivos para alimentos y bebidas experimente un crecimiento constante en los pr\u00f3ximos a\u00f1os. El crecimiento de la demanda de alimentos procesados, el cambio en las preferencias de los consumidores por productos naturales y de etiqueta limpia, los avances en las tecnolog\u00edas de procesamiento de alimentos y las regulaciones m\u00e1s estrictas para la seguridad y calidad de los alimentos son algunos de los impulsores clave del crecimiento del mercado. Adem\u00e1s, la creciente conciencia sobre los beneficios de los aditivos alimentarios, como propiedades mejoradas de los alimentos, mayor vida \u00fatil y mayor calidad y seguridad, est\u00e1 impulsando la adopci\u00f3n de aditivos alimentarios en la industria de alimentos y bebidas. El mercado tambi\u00e9n est\u00e1 siendo testigo de un cambio hacia los aditivos alimentarios naturales, a medida que los consumidores se vuelven m\u00e1s conscientes de los ingredientes utilizados en lo que comen.<\/p>\n\n\n\n<h2 class=\"wp-block-heading\">Acerca de la investigaci\u00f3n de mercado de aditivos para alimentos y bebidas<\/h2>\n\n\n\n<figure class=\"gb-block-image gb-block-image-0dae3fb5\"><img loading=\"lazy\" decoding=\"async\" width=\"1456\" height=\"816\" class=\"gb-image gb-image-0dae3fb5\" src=\"https:\/\/www.sisinternational.com\/wp-content\/uploads\/2025\/08\/Ready-to-Drink-RTD-Beverage-1.jpg\" alt=\"Investigaci\u00f3n y estrategia de mercado internacional de SIS\" title=\"Ready to Drink (RTD) Beverage (1)\" srcset=\"https:\/\/www.sisinternational.com\/wp-content\/uploads\/2025\/08\/Ready-to-Drink-RTD-Beverage-1.jpg 1456w, https:\/\/www.sisinternational.com\/wp-content\/uploads\/2025\/08\/Ready-to-Drink-RTD-Beverage-1-300x168.jpg 300w, https:\/\/www.sisinternational.com\/wp-content\/uploads\/2025\/08\/Ready-to-Drink-RTD-Beverage-1-1024x574.jpg 1024w, https:\/\/www.sisinternational.com\/wp-content\/uploads\/2025\/08\/Ready-to-Drink-RTD-Beverage-1-768x430.jpg 768w, https:\/\/www.sisinternational.com\/wp-content\/uploads\/2025\/08\/Ready-to-Drink-RTD-Beverage-1-18x10.jpg 18w\" sizes=\"auto, (max-width: 1456px) 100vw, 1456px\"><\/figure>\n\n\n\n<p><\/p>\n\n\n\n<p><a href=\"https:\/\/www.sisinternational.com\/es\/soluciones\/investigacion-de-mercado-de-la-industria-de-alimentos-y-bebidas\/\" title=\"Estudio de mercado de la industria alimentaria y de bebidas\"  data-wpil-monitor-id=\"3639\">Investigaci\u00f3n de mercado de aditivos para alimentos y bebidas<\/a> provides insights into the future trends in the industry such as the changes in the demand for processed foods, shifting consumer preferences and advances in food processing technologies. In addition, the growing awareness of the benefits of food additives, such as enhanced visual properties, extended shelf life, and increased food safety, is accelerating the adoption of food additives in the food and beverage industry. As individuals become more aware of the ingredients in food products, the market is also experiencing a shift toward natural and clean-label food additives.<\/p>\n\n\n\n<p>Data and <a href=\"https:\/\/www.sisinternational.com\/es\/ser-ecologico-mejora-el-desempeno-en-recesion\/\" title=\"C\u00f3mo reducir costos en su negocio\"  data-wpil-monitor-id=\"7459\">strategies in Food and Beverage Additive Market<\/a> Research can help businesses understand their competitors&#8217; strategies, discover strengths and weaknesses as well as market positioning, enabling them to develop effective competitive strategies.<\/p>\n\n\n\n<p>Adem\u00e1s, los resultados de la investigaci\u00f3n ayudan a las empresas a navegar por panoramas regulatorios complejos, garantizar el cumplimiento de las regulaciones de calidad y seguridad alimentaria y evitar costosos riesgos legales y de reputaci\u00f3n. Por \u00faltimo, la investigaci\u00f3n de mercado de aditivos para alimentos y bebidas proporciona informaci\u00f3n que puede permitir a cualquier actor clave de la industria tomar decisiones informadas, optimizar sus operaciones y mantenerse a la vanguardia en una industria de alimentos y bebidas din\u00e1mica y competitiva.<\/p>","protected":false},"excerpt":{"rendered":"<p>La investigaci\u00f3n de mercado de aditivos para alimentos y bebidas proporciona informaci\u00f3n sobre sustancias que mejoran la calidad, la seguridad y la conveniencia de los alimentos procesados.<\/p>","protected":false},"author":1,"featured_media":64856,"parent":22018,"menu_order":290,"comment_status":"closed","ping_status":"closed","template":"","meta":{"footnotes":""},"class_list":["post-42627","page","type-page","status-publish","has-post-thumbnail"],"_links":{"self":[{"href":"https:\/\/www.sisinternational.com\/es\/wp-json\/wp\/v2\/pages\/42627","targetHints":{"allow":["GET"]}}],"collection":[{"href":"https:\/\/www.sisinternational.com\/es\/wp-json\/wp\/v2\/pages"}],"about":[{"href":"https:\/\/www.sisinternational.com\/es\/wp-json\/wp\/v2\/types\/page"}],"author":[{"embeddable":true,"href":"https:\/\/www.sisinternational.com\/es\/wp-json\/wp\/v2\/users\/1"}],"replies":[{"embeddable":true,"href":"https:\/\/www.sisinternational.com\/es\/wp-json\/wp\/v2\/comments?post=42627"}],"version-history":[{"count":7,"href":"https:\/\/www.sisinternational.com\/es\/wp-json\/wp\/v2\/pages\/42627\/revisions"}],"predecessor-version":[{"id":81091,"href":"https:\/\/www.sisinternational.com\/es\/wp-json\/wp\/v2\/pages\/42627\/revisions\/81091"}],"up":[{"embeddable":true,"href":"https:\/\/www.sisinternational.com\/es\/wp-json\/wp\/v2\/pages\/22018"}],"wp:featuredmedia":[{"embeddable":true,"href":"https:\/\/www.sisinternational.com\/es\/wp-json\/wp\/v2\/media\/64856"}],"wp:attachment":[{"href":"https:\/\/www.sisinternational.com\/es\/wp-json\/wp\/v2\/media?parent=42627"}],"curies":[{"name":"wp","href":"https:\/\/api.w.org\/{rel}","templated":true}]}}