{"id":42625,"date":"2023-05-01T15:52:44","date_gmt":"2023-05-01T19:52:44","guid":{"rendered":"https:\/\/www.sisinternational.com\/?page_id=42625"},"modified":"2026-01-26T19:01:41","modified_gmt":"2026-01-27T00:01:41","slug":"investigacion-de-mercado-de-inclusion-de-equidad-de-diversidad","status":"publish","type":"page","link":"https:\/\/www.sisinternational.com\/es\/pericia\/investigacion-de-mercado-de-inclusion-de-equidad-de-diversidad\/","title":{"rendered":"Investigaci\u00f3n de Mercado de Diversidad, Equidad e Inclusi\u00f3n"},"content":{"rendered":"<h1 class=\"wp-block-heading\">Investigaci\u00f3n de Mercado de Diversidad, Equidad e Inclusi\u00f3n<\/h1>\n\n\n\n<figure class=\"gb-block-image gb-block-image-01da82c1\"><img loading=\"lazy\" decoding=\"async\" width=\"1456\" height=\"816\" class=\"gb-image gb-image-01da82c1\" src=\"https:\/\/www.sisinternational.com\/wp-content\/uploads\/2025\/08\/Inclusion-diversity-4.jpg\" alt=\"Investigaci\u00f3n y estrategia de mercado internacional de SIS\" title=\"Inclusion diversity (4)\" srcset=\"https:\/\/www.sisinternational.com\/wp-content\/uploads\/2025\/08\/Inclusion-diversity-4.jpg 1456w, https:\/\/www.sisinternational.com\/wp-content\/uploads\/2025\/08\/Inclusion-diversity-4-300x168.jpg 300w, https:\/\/www.sisinternational.com\/wp-content\/uploads\/2025\/08\/Inclusion-diversity-4-1024x574.jpg 1024w, https:\/\/www.sisinternational.com\/wp-content\/uploads\/2025\/08\/Inclusion-diversity-4-768x430.jpg 768w, https:\/\/www.sisinternational.com\/wp-content\/uploads\/2025\/08\/Inclusion-diversity-4-18x10.jpg 18w\" sizes=\"auto, (max-width: 1456px) 100vw, 1456px\"><\/figure>\n\n\n\n<p><\/p>\n\n\n\n<p>Para seguir siendo competitivas y proteger su reputaci\u00f3n en el panorama empresarial global en constante evoluci\u00f3n, las organizaciones de hoy deben priorizar la Diversidad, la Equidad y la Inclusi\u00f3n (DEI).<\/p>\n\n\n\n<p>Para lograr sus objetivos DEI de manera efectiva, las organizaciones deben confiar en una investigaci\u00f3n de mercado exhaustiva que identifique \u00e1reas de mejora. Al utilizar esta informaci\u00f3n, pueden crear un mejor ambiente de trabajo que valore la diversidad y cumpla con los requisitos actuales de las empresas modernas.<\/p>\n\n\n\n<h2 class=\"wp-block-heading\">\u00bfQu\u00e9 es la investigaci\u00f3n de mercado DEI?<\/h2>\n\n\n\n<p>La investigaci\u00f3n de mercado de DEI es una herramienta clave para obtener informaci\u00f3n valiosa sobre c\u00f3mo las empresas pueden mejorar la diversidad y la inclusi\u00f3n en sus lugares de trabajo. Es un enfoque organizado para recopilar, analizar e interpretar datos asociados con la equidad de diversidad de una empresa junto con sus pautas de inclusi\u00f3n.<\/p>\n\n\n\n<p>Adem\u00e1s, realizar este tipo de investigaci\u00f3n permite a las empresas evaluar su situaci\u00f3n con respecto a los est\u00e1ndares DEI porque, al identificar las fortalezas y debilidades relacionadas con DEI, las empresas pueden enfocarse en \u00e1reas espec\u00edficas que requieren atenci\u00f3n. Con este conocimiento, pueden mejorar los procesos de toma de decisiones y al mismo tiempo fomentar una cultura laboral inclusiva.<\/p>\n\n\n\n<h2 class=\"wp-block-heading\">La creciente necesidad de investigaci\u00f3n de mercado DEI en el mundo empresarial moderno<\/h2>\n\n\n\n<figure class=\"gb-block-image gb-block-image-a111d754\"><img loading=\"lazy\" decoding=\"async\" width=\"1456\" height=\"816\" class=\"gb-image gb-image-a111d754\" src=\"https:\/\/www.sisinternational.com\/wp-content\/uploads\/2025\/08\/Inclusion-diversity-3.jpg\" alt=\"Investigaci\u00f3n y estrategia de mercado internacional de SIS\" title=\"Inclusion diversity (3)\" srcset=\"https:\/\/www.sisinternational.com\/wp-content\/uploads\/2025\/08\/Inclusion-diversity-3.jpg 1456w, https:\/\/www.sisinternational.com\/wp-content\/uploads\/2025\/08\/Inclusion-diversity-3-300x168.jpg 300w, https:\/\/www.sisinternational.com\/wp-content\/uploads\/2025\/08\/Inclusion-diversity-3-1024x574.jpg 1024w, https:\/\/www.sisinternational.com\/wp-content\/uploads\/2025\/08\/Inclusion-diversity-3-768x430.jpg 768w, https:\/\/www.sisinternational.com\/wp-content\/uploads\/2025\/08\/Inclusion-diversity-3-18x10.jpg 18w\" sizes=\"auto, (max-width: 1456px) 100vw, 1456px\"><\/figure>\n\n\n\n<p><\/p>\n\n\n\n<p>Businesses around the world have made DEI <a href=\"https:\/\/www.sisinternational.com\/es\/pericia\/industrias\/investigacion-de-mercado-over-the-top-media-ott\/\" title=\"Investigaci\u00f3n de mercado de medios over the top (OTT)\"  data-wpil-monitor-id=\"6207\">market research a top<\/a> priority. Diversity within organizations has become increasingly valued thanks largely due to its association with positive outcomes and social responsibility practices caused by evolving population growth and economic interdependence between countries. Some of the key drivers of DEI market research are:<\/p>\n\n\n\n<ul class=\"wp-block-list\">\n<li><strong>Cambios demogr\u00e1ficos:<\/strong> A medida que la fuerza laboral se vuelve m\u00e1s diversa, las organizaciones deben adaptarse. Esto significa dar cabida a una variedad de perspectivas, experiencias y or\u00edgenes. Por lo tanto, para fomentar la diversidad, las empresas deben utilizar la investigaci\u00f3n de mercado de DEI para identificar y abordar las necesidades de sus diversos empleados.<\/li>\n\n\n\n<li><strong>Globalizaci\u00f3n:<\/strong> Marketplace interconnectivity coupled and increased levels of international trade have created more intricate multinational landscapes for corporations. Thus, understanding cultural differences is key for organizations and DEI <a href=\"https:\/\/www.sisinternational.com\/es\/pericia\/industrias\/consultoria-de-comunicaciones-dei\/\" title=\"DEI Consultor\u00eda en Comunicaciones\"  data-wpil-monitor-id=\"7190\">investigaci\u00f3n de mercado<\/a> offers the necessary tools to tailor their strategies and communication styles to reach global audiences.<\/li>\n\n\n\n<li><strong>Mayor conciencia sobre las cuestiones de justicia social:<\/strong> El creciente discurso p\u00fablico sobre cuestiones de justicia social ha incentivado a las empresas a examinar m\u00e1s de cerca sus propias pr\u00e1cticas de DEI. La investigaci\u00f3n de mercado de DEI permite a las organizaciones evaluar el impacto de sus pol\u00edticas en las comunidades marginadas, asegurando que sus pr\u00e1cticas se alineen con sus compromisos con DEI.<\/li>\n\n\n\n<li><strong>Beneficios comprobados de diversas fuerzas laborales:<\/strong> Los grupos con diferentes or\u00edgenes obtienen mejores resultados cuando se trata de abordar problemas de forma creativa. La comprensi\u00f3n de la diversa fuerza laboral de una empresa se mejora mediante la realizaci\u00f3n de investigaciones de mercado de DEI, lo que conduce a aprovechar sus fortalezas para aumentar la productividad y la rentabilidad.<\/li>\n\n\n\n<li><strong>Requisitos legales y reglamentarios:<\/strong> Since various countries have issued regulations that compel businesses to endorse diversity, using DEI <a href=\"https:\/\/www.sisinternational.com\/es\/soluciones\/legal-market-research\/\" title=\"Legal Market Research\"  data-wpil-monitor-id=\"2979\">market research helps companies minimize legal<\/a> risks and ensure compliance with regulations.<\/li>\n\n\n\n<li><strong>Expectativas del consumidor:<\/strong> En el mercado actual con conciencia social, los consumidores exigen cada vez m\u00e1s que las empresas demuestren un compromiso con DEI. Las empresas que invierten en investigaciones de mercado de DEI pueden comprender y responder mejor a estas expectativas, lo que genera una mayor lealtad de los clientes, valor de marca y participaci\u00f3n de mercado.<\/li>\n<\/ul>\n\n\n\n<h2 class=\"wp-block-heading\">Tendencias emergentes<\/h2>\n\n\n\n<ul class=\"wp-block-list\">\n<li><strong>Competencia cultural:<\/strong> Cultural Competence means the ability and expertise in dealing proficiently with individuals hailing from varied social or ethnic groups by acknowledging their uniqueness. To ensure that they are able to respectfully and meaningfully interact with diverse consumer groups during their work researchers must possess cultural competence according to DEI <a href=\"https:\/\/www.sisinternational.com\/es\/cobertura\/investigacion-de-mercado-asia\/investigacion-de-mercado-en-timor\/\" title=\"Investigaci\u00f3n de mercado en Timor\"  data-wpil-monitor-id=\"4743\">market<\/a> research.<\/li>\n\n\n\n<li><strong>\u00c9nfasis en la investigaci\u00f3n cualitativa:<\/strong> En la investigaci\u00f3n de mercado de DEI se presta cada vez m\u00e1s atenci\u00f3n a los m\u00e9todos cualitativos, aunque los enfoques cuantitativos siguen siendo esenciales para comprender las tendencias y patrones de comportamiento del consumidor. Los enfoques de investigaci\u00f3n cualitativa que incluyen discusiones de grupos focales o entrevistas en profundidad pueden brindar una mejor comprensi\u00f3n de las experiencias y preferencias de los diferentes segmentos de consumidores raciales y sociales.<\/li>\n\n\n\n<li><strong>Uso de la tecnolog\u00eda:<\/strong> Las encuestas en l\u00ednea y los grupos focales virtuales junto con las redes sociales se encuentran entre las diferentes formas en que la tecnolog\u00eda puede ayudar a facilitar la investigaci\u00f3n de mercado de DEI.<\/li>\n<\/ul>\n\n\n\n<h2 class=\"wp-block-heading\">Analizando datos<\/h2>\n\n\n\n<ul class=\"wp-block-list\">\n<li><strong>Evaluar el estado actual de DEI dentro de la organizaci\u00f3n o mercado:<\/strong> El an\u00e1lisis de datos proporciona informaci\u00f3n valiosa sobre las iniciativas de diversidad existentes de una empresa. Implica comparar los resultados de la investigaci\u00f3n con los est\u00e1ndares industriales relevantes y los KPI de la empresa.<\/li>\n\n\n\n<li><strong>Identificar \u00e1reas de mejora y oportunidades potenciales:<\/strong> Detectar deficiencias o potencial de crecimiento y mejora en los esfuerzos de DEI de la organizaci\u00f3n a trav\u00e9s de una adecuada investigaci\u00f3n de mercado de DEI.<\/li>\n\n\n\n<li><strong>Analizar la efectividad de las iniciativas DEI existentes:<\/strong> Evaluar si las estrategias y acciones DEI actuales de la organizaci\u00f3n se alinean con los resultados deseados. La investigaci\u00f3n de mercado de DEI puede identificar si estas iniciativas han tenido \u00e9xito en impulsar un cambio positivo o si es necesaria alguna modificaci\u00f3n.<\/li>\n\n\n\n<li><strong>Interpretar los resultados con sensibilidad cultural:<\/strong> Para analizar adecuadamente los datos de la investigaci\u00f3n de mercado de DEI es necesario considerar los matices culturales y el contexto. Para evitar asumir factores culturales e incluir prejuicios en la investigaci\u00f3n, es necesario reflejar con precisi\u00f3n las experiencias de diversos individuos y comunidades con sensibilidad cultural.<\/li>\n<\/ul>\n\n\n\n<h2 class=\"wp-block-heading\">El futuro de la investigaci\u00f3n de mercado sobre diversidad, equidad e inclusi\u00f3n<\/h2>\n\n\n\n<figure class=\"gb-block-image gb-block-image-6232ab5a\"><img loading=\"lazy\" decoding=\"async\" width=\"1456\" height=\"816\" class=\"gb-image gb-image-6232ab5a\" src=\"https:\/\/www.sisinternational.com\/wp-content\/uploads\/2025\/08\/Inclusion-diversity-1.jpg\" alt=\"Investigaci\u00f3n y estrategia de mercado internacional de SIS\" title=\"Inclusion diversity (1)\" srcset=\"https:\/\/www.sisinternational.com\/wp-content\/uploads\/2025\/08\/Inclusion-diversity-1.jpg 1456w, https:\/\/www.sisinternational.com\/wp-content\/uploads\/2025\/08\/Inclusion-diversity-1-300x168.jpg 300w, https:\/\/www.sisinternational.com\/wp-content\/uploads\/2025\/08\/Inclusion-diversity-1-1024x574.jpg 1024w, https:\/\/www.sisinternational.com\/wp-content\/uploads\/2025\/08\/Inclusion-diversity-1-768x430.jpg 768w, https:\/\/www.sisinternational.com\/wp-content\/uploads\/2025\/08\/Inclusion-diversity-1-18x10.jpg 18w\" sizes=\"auto, (max-width: 1456px) 100vw, 1456px\"><\/figure>\n\n\n\n<p><\/p>\n\n\n\n<p>A medida que DEI contin\u00faa ganando prominencia en el mundo empresarial, la investigaci\u00f3n de mercado de DEI desempe\u00f1ar\u00e1 un papel cada vez m\u00e1s vital para ayudar a las organizaciones a comprender y abordar las complejas din\u00e1micas de la diversidad, la equidad y la inclusi\u00f3n. En consecuencia, es probable que el futuro de la investigaci\u00f3n de mercado de DEI est\u00e9 determinado por tendencias emergentes como:<\/p>\n\n\n\n<ul class=\"wp-block-list\">\n<li><strong>Tendencias y desaf\u00edos emergentes:<\/strong> La investigaci\u00f3n de mercado de DEI deber\u00e1 seguir el ritmo del panorama social, econ\u00f3mico y pol\u00edtico en r\u00e1pida evoluci\u00f3n, as\u00ed como del surgimiento de nuevos problemas y desaf\u00edos de justicia social. Los investigadores deben mantenerse informados sobre estos avances y adaptar continuamente sus metodolog\u00edas y enfoques para seguir siendo relevantes y eficaces.<\/li>\n\n\n\n<li><strong>El papel de la tecnolog\u00eda en el avance de la investigaci\u00f3n DEI:<\/strong> Los avances tecnol\u00f3gicos como la inteligencia artificial, el aprendizaje autom\u00e1tico y el an\u00e1lisis de big data est\u00e1n transformando la forma en que las organizaciones recopilan, analizan e interpretan los datos DEI. A medida que estas tecnolog\u00edas sigan evolucionando, la investigaci\u00f3n de mercado de DEI se volver\u00e1 m\u00e1s sofisticada, lo que permitir\u00e1 a las organizaciones obtener conocimientos m\u00e1s profundos y desarrollar estrategias de DEI m\u00e1s espec\u00edficas.<\/li>\n\n\n\n<li><strong>La creciente necesidad de realizar estudios de mercado de DEI en diversas industrias:<\/strong> A medida que m\u00e1s industrias reconozcan la importancia de DEI, habr\u00e1 una mayor demanda de investigaciones de mercado de DEI en varios sectores. Los investigadores deber\u00e1n desarrollar enfoques y metodolog\u00edas personalizados que aborden los desaf\u00edos y oportunidades \u00fanicos dentro de cada industria.<\/li>\n\n\n\n<li><strong>Inclusive <\/strong><a href=\"https:\/\/www.sisinternational.com\/es\/pericia\/industrias\/investigacion-de-mercado-de-plasticos\/\" title=\"Investigaci\u00f3n de mercado de pl\u00e1sticos\"  data-wpil-monitor-id=\"3087\">research methods: DEI market<\/a> research will continue to prioritize intersectionality, recognizing that individuals&#8217; experiences are shaped by the intersection of multiple aspects of their identity. Researchers will need to adopt more inclusive research methods and approaches that capture the complexity of these experiences and ensure that all voices are heard and represented.<\/li>\n\n\n\n<li><strong>Integraci\u00f3n de DEI en todos los aspectos del negocio:<\/strong> A medida que DEI se integre m\u00e1s profundamente en todos los aspectos de las operaciones comerciales, la investigaci\u00f3n de mercado de DEI desempe\u00f1ar\u00e1 un papel cada vez m\u00e1s importante para informar la toma de decisiones y el desarrollo de estrategias en todas las funciones, desde la gesti\u00f3n del talento hasta el marketing y el desarrollo de productos.<\/li>\n<\/ul>","protected":false},"excerpt":{"rendered":"<p>Para seguir siendo competitivas y proteger su reputaci\u00f3n, las organizaciones actuales deben priorizar la investigaci\u00f3n de mercado de diversidad, equidad e inclusi\u00f3n.<\/p>","protected":false},"author":1,"featured_media":64811,"parent":14514,"menu_order":289,"comment_status":"closed","ping_status":"closed","template":"","meta":{"footnotes":""},"class_list":["post-42625","page","type-page","status-publish","has-post-thumbnail"],"_links":{"self":[{"href":"https:\/\/www.sisinternational.com\/es\/wp-json\/wp\/v2\/pages\/42625","targetHints":{"allow":["GET"]}}],"collection":[{"href":"https:\/\/www.sisinternational.com\/es\/wp-json\/wp\/v2\/pages"}],"about":[{"href":"https:\/\/www.sisinternational.com\/es\/wp-json\/wp\/v2\/types\/page"}],"author":[{"embeddable":true,"href":"https:\/\/www.sisinternational.com\/es\/wp-json\/wp\/v2\/users\/1"}],"replies":[{"embeddable":true,"href":"https:\/\/www.sisinternational.com\/es\/wp-json\/wp\/v2\/comments?post=42625"}],"version-history":[{"count":9,"href":"https:\/\/www.sisinternational.com\/es\/wp-json\/wp\/v2\/pages\/42625\/revisions"}],"predecessor-version":[{"id":80753,"href":"https:\/\/www.sisinternational.com\/es\/wp-json\/wp\/v2\/pages\/42625\/revisions\/80753"}],"up":[{"embeddable":true,"href":"https:\/\/www.sisinternational.com\/es\/wp-json\/wp\/v2\/pages\/14514"}],"wp:featuredmedia":[{"embeddable":true,"href":"https:\/\/www.sisinternational.com\/es\/wp-json\/wp\/v2\/media\/64811"}],"wp:attachment":[{"href":"https:\/\/www.sisinternational.com\/es\/wp-json\/wp\/v2\/media?parent=42625"}],"curies":[{"name":"wp","href":"https:\/\/api.w.org\/{rel}","templated":true}]}}