{"id":42620,"date":"2023-05-01T13:12:33","date_gmt":"2023-05-01T17:12:33","guid":{"rendered":"https:\/\/www.sisinternational.com\/?page_id=42620"},"modified":"2026-01-25T19:08:21","modified_gmt":"2026-01-26T00:08:21","slug":"investigacion-de-mercado-de-salsas-para-mojar","status":"publish","type":"page","link":"https:\/\/www.sisinternational.com\/es\/pericia\/investigacion-de-mercado-de-salsas-para-mojar\/","title":{"rendered":"Investigaci\u00f3n de mercado de salsa para mojar"},"content":{"rendered":"<h1 class=\"wp-block-heading\">Investigaci\u00f3n de mercado de salsa para mojar<\/h1>\n\n\n\n<figure class=\"gb-block-image gb-block-image-0fa77bf1\"><img loading=\"lazy\" decoding=\"async\" width=\"1456\" height=\"816\" class=\"gb-image gb-image-0fa77bf1\" src=\"https:\/\/www.sisinternational.com\/wp-content\/uploads\/2025\/10\/Dipping-sauce-1.jpg\" alt=\"Investigaci\u00f3n y estrategia de mercado internacional de SIS\" title=\"Dipping sauce (1)\" srcset=\"https:\/\/www.sisinternational.com\/wp-content\/uploads\/2025\/10\/Dipping-sauce-1.jpg 1456w, https:\/\/www.sisinternational.com\/wp-content\/uploads\/2025\/10\/Dipping-sauce-1-300x168.jpg 300w, https:\/\/www.sisinternational.com\/wp-content\/uploads\/2025\/10\/Dipping-sauce-1-1024x574.jpg 1024w, https:\/\/www.sisinternational.com\/wp-content\/uploads\/2025\/10\/Dipping-sauce-1-768x430.jpg 768w, https:\/\/www.sisinternational.com\/wp-content\/uploads\/2025\/10\/Dipping-sauce-1-18x10.jpg 18w\" sizes=\"auto, (max-width: 1456px) 100vw, 1456px\"><\/figure>\n\n\n\n<p><\/p>\n\n\n\n<h2 class=\"wp-block-heading\">Descripci\u00f3n general de la investigaci\u00f3n de mercado de salsa para mojar<\/h2>\n\n\n\n<p>La investigaci\u00f3n de mercado de Salsa para mojar proporciona informaci\u00f3n y ventajas estrat\u00e9gicas para ayudar a las empresas a prosperar en la competitiva y en constante evoluci\u00f3n de la industria de la salsa. La industria de las salsas para mojar es parte del mercado m\u00e1s amplio de condimentos y salsas, que incluye varios tipos de salsas, aderezos y condimentos que se utilizan para agregar sabor a los alimentos. Las salsas para mojar, en particular, suelen ser salsas espesas o semiespesas que se sirven junto con alimentos para mojar, como bocadillos, aperitivos, bocadillos y platos principales. Las salsas para mojar son famosas en una amplia gama de cocinas y se usan com\u00fanmente en comida r\u00e1pida, cenas informales y cocina casera.<\/p>\n\n\n\n<h2 class=\"wp-block-heading\">Segmentaci\u00f3n de la investigaci\u00f3n de mercado de salsa para mojar<\/h2>\n\n\n\n<h3 class=\"wp-block-heading\">La industria de la salsa para mojar se puede segmentar seg\u00fan varios factores. A continuaci\u00f3n se muestran algunos tipos diferentes de productos que se pueden encontrar en la industria de las salsas para mojar:<\/h3>\n\n\n\n<ul class=\"wp-block-list\">\n<li>Sabores cl\u00e1sicos, como aderezo ranch, ketchup, mayonesa, mostaza y salsa barbacoa.<\/li>\n\n\n\n<li>Sabores especiales, como alioli de ajo, chipotle, agridulce, teriyaki y agridulce.<\/li>\n\n\n\n<li>Sabores \u00e9tnicos, como hummus, tzatziki, salsa de ciruela, salsa de soja y salsa hoisin.<\/li>\n\n\n\n<li>Salsas hechas con l\u00e1cteos: salsas de queso, salsas de yogur, salsas de crema agria, etc.<\/li>\n\n\n\n<li>Salsas veganas\/a base de plantas, como salsa ranch vegana, mayonesa vegana y hummus vegano.<\/li>\n\n\n\n<li>Salsas saludables como bajas en grasas, bajas en sodio, org\u00e1nicas, sin gluten, sin al\u00e9rgenos, etc.<\/li>\n\n\n\n<li>Salsas a base de frutas, como salsas de yogur de frutas, salsas de frutas y chutney de frutas.<\/li>\n\n\n\n<li>Salsas para postres, como salsas de chocolate, caramelo y mantequilla para galletas.<\/li>\n\n\n\n<li>Salsas picantes\/picantes, como salsas hechas con jalape\u00f1os o salsa picante.<\/li>\n\n\n\n<li>Salsas de temporada o de edici\u00f3n limitada, como salsa de ar\u00e1ndanos y salsas de especias de calabaza.<\/li>\n\n\n\n<li>Las salsas fabricadas con la marca de un minorista o restaurante espec\u00edfico y recetas \u00fanicas se conocen como salsas con etiqueta privada o hechas a medida.<\/li>\n<\/ul>\n\n\n\n<p>It&#8217;s important to note that these segments may overlap or vary depending on the specific <a href=\"https:\/\/www.sisinternational.com\/es\/publicaciones\/comportamiento-del-comprador-despues-del-coronavirus-nuevo-consumidor\/\" title=\"Comportamiento del comprador despu\u00e9s del coronavirus \u2013 Investigaci\u00f3n de mercado del consumidor\"  data-wpil-monitor-id=\"9826\">market and consumer<\/a> preferences. Data and strategies in Dipping Sauce Market Research will help significant players understand the various segments in the Dipping Sauce industry. This can help <a href=\"https:\/\/www.sisinternational.com\/es\/soluciones\/investigacion-de-consultoria-estrategica-fintech\/consultoria-de-estrategia-de-investigacion-de-mercado-de-seguros-de-interrupcion-de-negocios\/\" title=\"Investigaci\u00f3n de Mercado y Consultor\u00eda Estrat\u00e9gica de Seguros de Interrupci\u00f3n de Negocios\"  data-wpil-monitor-id=\"9824\">businesses tailor their marketing strategies<\/a>, product development, and packaging options to meet the unique needs and likings of different customer groups.<\/p>\n\n\n\n<h2 class=\"wp-block-heading\">Beneficios de la investigaci\u00f3n de mercado de salsa para mojar<\/h2>\n\n\n\n<figure class=\"gb-block-image gb-block-image-75ff09d3\"><img loading=\"lazy\" decoding=\"async\" width=\"1456\" height=\"816\" class=\"gb-image gb-image-75ff09d3\" src=\"https:\/\/www.sisinternational.com\/wp-content\/uploads\/2025\/10\/Dipping-sauce-2.jpg\" alt=\"Investigaci\u00f3n y estrategia de mercado internacional de SIS\" title=\"Dipping sauce (2)\" srcset=\"https:\/\/www.sisinternational.com\/wp-content\/uploads\/2025\/10\/Dipping-sauce-2.jpg 1456w, https:\/\/www.sisinternational.com\/wp-content\/uploads\/2025\/10\/Dipping-sauce-2-300x168.jpg 300w, https:\/\/www.sisinternational.com\/wp-content\/uploads\/2025\/10\/Dipping-sauce-2-1024x574.jpg 1024w, https:\/\/www.sisinternational.com\/wp-content\/uploads\/2025\/10\/Dipping-sauce-2-768x430.jpg 768w, https:\/\/www.sisinternational.com\/wp-content\/uploads\/2025\/10\/Dipping-sauce-2-18x10.jpg 18w\" sizes=\"auto, (max-width: 1456px) 100vw, 1456px\"><\/figure>\n\n\n\n<p><\/p>\n\n\n\n<p>Dipping Sauce Market Research provides insights that help businesses in the industry gain a competitive edge. Here are the main benefits of gathering data and strategies in <a href=\"https:\/\/www.sisinternational.com\/es\/cobertura\/las-americas\/cobertura-de-estados-unidos\/investigacion-de-mercado-en-maine\/\" title=\"Investigaci\u00f3n de mercado en Maine\"  data-wpil-monitor-id=\"5419\">Investigaci\u00f3n de mercado de salsa para mojar<\/a> for any major player in the industry-<\/p>\n\n\n\n<p><strong>Explorando las preferencias interculturales<\/strong><\/p>\n\n\n\n<p>En todo el mundo, las salsas para mojar son comunes en una amplia variedad de cocinas y culturas. La investigaci\u00f3n de mercado puede arrojar luz sobre las preferencias interculturales de salsas para mojar, como perfiles de sabor, ingredientes preferidos o tendencias de uso. Esto puede ayudar a las empresas de la industria de las salsas para mojar a crear ofertas de salsas para mojar espec\u00edficas a nivel regional o cultural que atraigan una variedad de gustos y preferencias de los consumidores en diversas \u00e1reas.<\/p>\n\n\n\n<p><strong>Identificar oportunidades de mercado<\/strong><\/p>\n\n\n\n<p>En la industria de la salsa para mojar, la investigaci\u00f3n de mercados puede identificar oportunidades de mercado sin explotar. Al analizar las tendencias del mercado, las ofertas de la competencia y los comentarios de los consumidores, puede identificar las brechas del mercado que pueden explotarse para crear productos innovadores de salsa para mojar o campa\u00f1as de marketing. Esto puede ayudar a las empresas a seguir siendo competitivas y captar una mayor cuota de mercado.<\/p>\n\n\n\n<p><strong><a href=\"https:\/\/www.sisinternational.com\/es\/soluciones\/soluciones-de-branding-e-investigacion-de-clientes\/investigacion-de-mercado-de-pruebas-de-productos\/new-product-concept-testing-methods\/\" title=\"New Product Concept Testing Methods\"  data-wpil-monitor-id=\"9820\">Prueba de conceptos de productos<\/a><\/strong><\/p>\n\n\n\n<p>Before launching a new dipping sauce product, it is necessary to evaluate its viability with the target market. Through concept testing, taste tests, and mock trials, data and <a href=\"https:\/\/www.sisinternational.com\/es\/soluciones\/si-crecimiento-global\/consultoria-estrategica-en-mercados-emergentes\/\" title=\"Consultor\u00eda de estrategia de mercados emergentes\"  data-wpil-monitor-id=\"9827\">strategies in Dipping Sauce Market<\/a> can help garner feedback on product concepts, flavors, packaging, and pricing options. This can provide valuable insights into <a href=\"https:\/\/www.sisinternational.com\/es\/73903-2\/\" title=\"Turn Consumer Flavor Preferences Into Winning Products\"  data-wpil-monitor-id=\"9823\">consumer preferences and assist in refining product<\/a> offerings in order to increase the likelihood of market success.<\/p>\n\n\n\n<p><strong>Evaluaci\u00f3n de la percepci\u00f3n de la marca<\/strong><\/p>\n\n\n\n<p>Antes de introducir al mercado un nuevo producto de salsa para mojar, se debe determinar su viabilidad. A trav\u00e9s de pruebas de concepto, pruebas de sabor y pruebas simuladas, los datos y estrategias del mercado de salsa para mojar pueden ayudar a recopilar comentarios sobre conceptos de productos, sabores, envases y alternativas de precios. Esto puede proporcionar informaci\u00f3n valiosa sobre las preferencias de los consumidores y ayudar a perfeccionar la oferta de productos para aumentar la probabilidad de \u00e9xito en el mercado.<\/p>\n\n\n\n<p><strong>Identificaci\u00f3n de tendencias de sabores emergentes<\/strong><\/p>\n\n\n\n<p>Salsa para mojar La investigaci\u00f3n de mercado proporciona informaci\u00f3n que puede ayudar a identificar tendencias de sabor emergentes en la industria. Al mantenerse actualizado sobre las preferencias de los consumidores, las tendencias culinarias y las innovaciones en sabores, la investigaci\u00f3n de mercado puede identificar distintos perfiles de sabores que quiz\u00e1s a\u00fan no est\u00e9n ampliamente disponibles en el mercado. Esto puede brindar a las empresas una ventaja temprana en el desarrollo de sabores de salsas para mojar nuevos e ingeniosos que puedan atraer la atenci\u00f3n de los consumidores y estimular la demanda.<\/p>\n\n\n\n<h2 class=\"wp-block-heading\">Principales empresas<\/h2>\n\n\n\n<p>The Dipping Sauce industry is extremely competitive, with numerous participants operating on a range of scales, from multinational corporations to local or regional brands. On the basis of their market presence, brand recognition, and market share, the following <a href=\"https:\/\/www.sisinternational.com\/es\/la-mejor-empresa-de-analisis-de-la-industria-en-nueva-york\/\" title=\"La mejor empresa de an\u00e1lisis de la industria en Nueva York\"  data-wpil-monitor-id=\"9822\">companies are among the industry&#8217;s top<\/a> leaders:<\/p>\n\n\n\n<ul class=\"wp-block-list\">\n<li>Empresa de Alimentos Cholula<\/li>\n\n\n\n<li>Conagra Brands Inc.<\/li>\n\n\n\n<li>Del Monte Foods, Inc.<\/li>\n\n\n\n<li>Dr. Oetker GmbH<\/li>\n\n\n\n<li>Frito-Lay, Inc. (una subsidiaria de PepsiCo, Inc.)<\/li>\n\n\n\n<li>General Mills Inc.<\/li>\n\n\n\n<li>McCormick &amp; Company, Inc.<\/li>\n\n\n\n<li>Nestl\u00e9 SA<\/li>\n\n\n\n<li>La empresa Clorox<\/li>\n\n\n\n<li>El grupo celestial Hain, Inc.<\/li>\n\n\n\n<li>La empresa Kraft Heinz<\/li>\n\n\n\n<li>Grupo Unilever<\/li>\n\n\n\n<li>Yihai International Holding Ltd.<\/li>\n<\/ul>\n\n\n\n<p>Comprender a los principales actores de la industria de la salsa para mojar es crucial para las empresas porque les permite comprender el panorama competitivo, compararse con los l\u00edderes de la industria e identificar posibles oportunidades de colaboraci\u00f3n o asociaci\u00f3n para seguir siendo competitivos e informados sobre el mercado.<\/p>\n\n\n\n<h2 class=\"wp-block-heading\">Factores de crecimiento<\/h2>\n\n\n\n<figure class=\"gb-block-image gb-block-image-e4b6aff4\"><img loading=\"lazy\" decoding=\"async\" width=\"1456\" height=\"816\" class=\"gb-image gb-image-e4b6aff4\" src=\"https:\/\/www.sisinternational.com\/wp-content\/uploads\/2025\/10\/Dipping-sauce-3.jpg\" alt=\"Investigaci\u00f3n y estrategia de mercado internacional de SIS\" title=\"Dipping sauce (3)\" srcset=\"https:\/\/www.sisinternational.com\/wp-content\/uploads\/2025\/10\/Dipping-sauce-3.jpg 1456w, https:\/\/www.sisinternational.com\/wp-content\/uploads\/2025\/10\/Dipping-sauce-3-300x168.jpg 300w, https:\/\/www.sisinternational.com\/wp-content\/uploads\/2025\/10\/Dipping-sauce-3-1024x574.jpg 1024w, https:\/\/www.sisinternational.com\/wp-content\/uploads\/2025\/10\/Dipping-sauce-3-768x430.jpg 768w, https:\/\/www.sisinternational.com\/wp-content\/uploads\/2025\/10\/Dipping-sauce-3-18x10.jpg 18w\" sizes=\"auto, (max-width: 1456px) 100vw, 1456px\"><\/figure>\n\n\n\n<p><\/p>\n\n\n\n<p>Hay varios factores de crecimiento clave en el mercado de salsas para mojar. Los factores que est\u00e1n impulsando su expansi\u00f3n y creando oportunidades para las empresas en la industria son los siguientes:<\/p>\n\n\n\n<ul class=\"wp-block-list\">\n<li>La demanda por parte de los consumidores de sabores diversos, combinaciones distintivas e ingredientes de alta calidad est\u00e1 aumentando.<\/li>\n\n\n\n<li>Cambiar los patrones alimentarios y las tendencias culinarias, como los snacks y las comidas caseras.<\/li>\n\n\n\n<li>Preferencias crecientes por la cocina \u00e9tnica e internacional.<\/li>\n\n\n\n<li>Consideraciones para la salud y el bienestar, como opciones bajas en grasas, bajas en sodio, bajas en az\u00facar, org\u00e1nicas y de origen vegetal.<\/li>\n\n\n\n<li>Consumo c\u00f3modo y sobre la marcha de refrigerios, comidas para llevar y alimentos listos para comer<\/li>\n\n\n\n<li>Descubrimiento de perfiles de sabor innovadores y distintivos para atraer a consumidores curiosos.<\/li>\n\n\n\n<li>Rising demand in the <a href=\"https:\/\/www.sisinternational.com\/es\/industria-de-servicios-de-alimentos\/\" title=\"Enfoque de la industria de servicios alimentarios 2011\"  data-wpil-monitor-id=\"9821\">food service and hospitality industries<\/a>.<\/li>\n\n\n\n<li>F\u00e1cil acceso al comercio electr\u00f3nico y canales de venta online de una amplia variedad de salsas para mojar.<\/li>\n<\/ul>\n\n\n\n<p>These factors contribute to the expansion of the market for dipping sauces and present opportunities for companies operating in this industry. Understanding these factors and incorporating them into <a href=\"https:\/\/www.sisinternational.com\/es\/soluciones\/investigacion-de-consultoria-estrategica-fintech\/investigacion-de-mercado-de-mercados-de-capitales\/\" title=\"Investigaci\u00f3n de mercado de mercados de capitales\"  data-wpil-monitor-id=\"9825\">marketing strategies can assist businesses in capitalizing<\/a> on the increasing demand for dipping sauces and succeeding in the competitive market.<\/p>\n\n\n\n<h2 class=\"wp-block-heading\">Acerca de la investigaci\u00f3n de mercado de salsa para mojar<\/h2>\n\n\n\n<p>Dipping Sauce market research offers businesses in the Dipping Sauce industry data-driven insights that can guide their decisions. Whether it&#8217;s deciding on new product launches, marketing strategies, pricing, or distribution channels, marketing research can give valuable information to aid in decision-making. Dipping Sauce Market Research provides insights into the information that can reduce the risk of making costly mistakes and increase the chances of success in the market. By utilizing data and strategies in <a href=\"https:\/\/www.sisinternational.com\/es\/pericia\/industrias\/investigacion-de-mercado-sobre-servicios-publicos\/\" title=\"Investigaci\u00f3n de Mercado de Utilidades\"  data-wpil-monitor-id=\"4015\">Investigaci\u00f3n de mercado de salsa para mojar<\/a>, businesses can improve their product offerings, enhance their brand image, and remain ahead of the competition, resulting in increased sales and profits.<\/p>","protected":false},"excerpt":{"rendered":"<p>La investigaci\u00f3n de mercado de Salsa para mojar proporciona informaci\u00f3n y beneficios estrat\u00e9gicos para ayudar a las empresas en la competitiva y en constante evoluci\u00f3n de la industria de la salsa.<\/p>","protected":false},"author":1,"featured_media":71821,"parent":14514,"menu_order":287,"comment_status":"closed","ping_status":"closed","template":"","meta":{"footnotes":""},"class_list":["post-42620","page","type-page","status-publish","has-post-thumbnail"],"_links":{"self":[{"href":"https:\/\/www.sisinternational.com\/es\/wp-json\/wp\/v2\/pages\/42620","targetHints":{"allow":["GET"]}}],"collection":[{"href":"https:\/\/www.sisinternational.com\/es\/wp-json\/wp\/v2\/pages"}],"about":[{"href":"https:\/\/www.sisinternational.com\/es\/wp-json\/wp\/v2\/types\/page"}],"author":[{"embeddable":true,"href":"https:\/\/www.sisinternational.com\/es\/wp-json\/wp\/v2\/users\/1"}],"replies":[{"embeddable":true,"href":"https:\/\/www.sisinternational.com\/es\/wp-json\/wp\/v2\/comments?post=42620"}],"version-history":[{"count":6,"href":"https:\/\/www.sisinternational.com\/es\/wp-json\/wp\/v2\/pages\/42620\/revisions"}],"predecessor-version":[{"id":81632,"href":"https:\/\/www.sisinternational.com\/es\/wp-json\/wp\/v2\/pages\/42620\/revisions\/81632"}],"up":[{"embeddable":true,"href":"https:\/\/www.sisinternational.com\/es\/wp-json\/wp\/v2\/pages\/14514"}],"wp:featuredmedia":[{"embeddable":true,"href":"https:\/\/www.sisinternational.com\/es\/wp-json\/wp\/v2\/media\/71821"}],"wp:attachment":[{"href":"https:\/\/www.sisinternational.com\/es\/wp-json\/wp\/v2\/media?parent=42620"}],"curies":[{"name":"wp","href":"https:\/\/api.w.org\/{rel}","templated":true}]}}