{"id":42618,"date":"2023-04-30T21:51:25","date_gmt":"2023-05-01T01:51:25","guid":{"rendered":"https:\/\/www.sisinternational.com\/?page_id=42618"},"modified":"2026-02-15T14:18:08","modified_gmt":"2026-02-15T19:18:08","slug":"investigacion-de-mercado-de-medios-digitales","status":"publish","type":"page","link":"https:\/\/www.sisinternational.com\/es\/pericia\/investigacion-de-mercado-de-medios-digitales\/","title":{"rendered":"Investigaci\u00f3n de mercado de medios digitales"},"content":{"rendered":"<h1 class=\"wp-block-heading\">Investigaci\u00f3n de mercado de medios digitales<\/h1>\n\n\n\n<figure class=\"gb-block-image gb-block-image-3a730470\"><img loading=\"lazy\" decoding=\"async\" width=\"1456\" height=\"816\" class=\"gb-image gb-image-3a730470\" src=\"https:\/\/www.sisinternational.com\/wp-content\/uploads\/2025\/09\/Predictive-analytics-70.jpg\" alt=\"Investigaci\u00f3n y estrategia de mercado internacional de SIS\" title=\"Predictive analytics (70)\" srcset=\"https:\/\/www.sisinternational.com\/wp-content\/uploads\/2025\/09\/Predictive-analytics-70.jpg 1456w, https:\/\/www.sisinternational.com\/wp-content\/uploads\/2025\/09\/Predictive-analytics-70-300x168.jpg 300w, https:\/\/www.sisinternational.com\/wp-content\/uploads\/2025\/09\/Predictive-analytics-70-1024x574.jpg 1024w, https:\/\/www.sisinternational.com\/wp-content\/uploads\/2025\/09\/Predictive-analytics-70-768x430.jpg 768w, https:\/\/www.sisinternational.com\/wp-content\/uploads\/2025\/09\/Predictive-analytics-70-18x10.jpg 18w\" sizes=\"auto, (max-width: 1456px) 100vw, 1456px\"><\/figure>\n\n\n\n<hr class=\"wp-block-separator has-alpha-channel-opacity is-style-dots\"\/>\n\n\n\n<p>Digital media refers to electronic content that one can send over the Internet. We can also use other computer networks for sending Digital Media Content. It includes various forms of digital communication. Examples are text, audio, images, and video. <a href=\"https:\/\/www.sisinternational.com\/es\/transformacion-digital-en-la-construccion\/\" title=\"Transformaci\u00f3n digital en la construcci\u00f3n\" data-wpil-monitor-id=\"2797\">Digital media has transformed<\/a> the way we consume and share information. It also has changed the way we communicate with others.<\/p>\n\n\n\n<p>Ejemplos de medios digitales incluyen sitios web y plataformas de redes sociales. Comprende archivos digitales de audio y v\u00eddeo, libros electr\u00f3nicos, blogs y podcasts. Las aplicaciones m\u00f3viles son otra forma de medio digital. Tambi\u00e9n lo es la publicidad online. Los medios digitales permiten experiencias interactivas y atractivas. Tambi\u00e9n le permite llegar a grandes audiencias.<\/p>\n\n\n\n<h2 class=\"wp-block-heading\">\u00bfPor qu\u00e9 son importantes los medios digitales?<\/h2>\n\n\n\n<p>Los medios digitales son esenciales por varias razones. La accesibilidad es una de las razones clave. Los medios digitales han hecho que la informaci\u00f3n sea m\u00e1s accesible que nunca. Con unos pocos clics, las personas pueden acceder a informaci\u00f3n sobre cualquier tema desde cualquier parte del mundo.<br>Los medios digitales permiten a las personas consumir contenido seg\u00fan su horario. Por tanto, es una forma conveniente de comunicaci\u00f3n.<\/p>\n\n\n\n<p>Los medios digitales ofrecen otras formas de interactuar con el contenido. Los usuarios tienen de todo, desde videos interactivos hasta discusiones en las redes sociales. Al menos, este compromiso puede construir relaciones m\u00e1s s\u00f3lidas entre las marcas y los consumidores.<\/p>\n\n\n\n<p>Adem\u00e1s, los medios digitales permiten publicidad y mensajes dirigidos. Permitir\u00e1 a las marcas llegar a audiencias espec\u00edficas con contenido relevante.<\/p>\n\n\n\n<p>Otro punto clave es que los medios digitales proporcionan an\u00e1lisis detallados sobre el comportamiento de los usuarios. Adem\u00e1s, permite a las marcas medir la eficacia de sus campa\u00f1as. Una vez medidos, es f\u00e1cil ajustar sus estrategias.<\/p>\n\n\n\n<p>Los medios digitales pueden ser rentables para las empresas. Ofrece m\u00e1s valor que las formas tradicionales de publicidad, como los anuncios de radio o televisi\u00f3n.<\/p>\n\n\n\n<p>Los medios digitales han transformado la forma en que nos comunicamos, consumimos informaci\u00f3n y hacemos negocios. Del mismo modo, ahora es una parte vital de nuestra vida diaria. Contin\u00faa evolucionando y dando forma a la forma en que interactuamos con el mundo.<\/p>\n\n\n\n<h2 class=\"wp-block-heading\">T\u00edtulos de trabajo clave<\/h2>\n\n\n\n<figure class=\"gb-block-image gb-block-image-dc9bc9bf\"><img decoding=\"async\" class=\"gb-image gb-image-dc9bc9bf\" src=\"https:\/\/www.sisinternational.com\/wp-content\/uploads\/2025\/08\/Social-media-3.jpg\" alt=\"Investigaci\u00f3n y estrategia de mercado internacional de SIS\" title=\"Social media (3)\"><\/figure>\n\n\n\n<p><\/p>\n\n\n\n<h3 class=\"wp-block-heading\">Los medios digitales son un campo amplio que abarca muchos t\u00edtulos de trabajo diferentes. Estos son algunos de los t\u00edtulos de trabajo cr\u00edticos dentro de los medios digitales:<\/h3>\n\n\n\n<ul class=\"wp-block-list\">\n<li><strong>Responsable de Marketing Digital:<\/strong> Responsable de desarrollar y ejecutar campa\u00f1as de marketing digital. Estas campa\u00f1as promocionan los productos o servicios de una empresa.<\/li>\n\n\n\n<li><strong>Administrador de redes sociales:<\/strong> Gestiona la presencia de una empresa en las redes sociales. Este gerente tambi\u00e9n desarrolla estrategias para aumentar el compromiso y hacer crecer los seguidores.<\/li>\n\n\n\n<li><strong>Creador\/escritor de contenido:<\/strong> Crea contenido para sitios web y blogs. El creador de contenido tambi\u00e9n escribe para redes sociales y otras plataformas digitales.<\/li>\n\n\n\n<li><strong>Dise\u00f1ador grafico:<\/strong> Dise\u00f1a contenido visual para sitios web, redes sociales y otras plataformas digitales.<\/li>\n\n\n\n<li><strong>Productor de v\u00eddeo:<\/strong> Crea contenido de video para sitios web, redes sociales y otras plataformas digitales.<\/li>\n\n\n\n<li><strong>Desarrollador web:<\/strong> Construye y mantiene sitios web y aplicaciones web.<\/li>\n\n\n\n<li><strong>Especialista en SEO:<\/strong> Optimiza sitios web y contenido digital para mejorar la clasificaci\u00f3n en los motores de b\u00fasqueda.<\/li>\n\n\n\n<li><strong>Gerente de an\u00e1lisis:<\/strong> Analiza datos digitales para medir la efectividad de las campa\u00f1as. El director de an\u00e1lisis tambi\u00e9n identifica oportunidades de mejora.<\/li>\n\n\n\n<li><strong>Dise\u00f1ador UX\/UI:<\/strong> Dise\u00f1a interfaces de usuario y experiencias de usuario para sitios web. Tambi\u00e9n dise\u00f1an para aplicaciones m\u00f3viles y otras plataformas digitales.<\/li>\n\n\n\n<li><strong>Gerente de comercio electr\u00f3nico:<\/strong> Gestiona las ventas y operaciones en l\u00ednea para un sitio web de comercio electr\u00f3nico.<\/li>\n<\/ul>\n\n\n\n<p>Estos son s\u00f3lo algunos de los t\u00edtulos de trabajo cr\u00edticos dentro de los medios digitales. El campo est\u00e1 evolucionando. Por lo tanto, est\u00e1n surgiendo nuevos puestos y roles a medida que avanza la tecnolog\u00eda.<\/p>\n\n\n\n<h2 class=\"wp-block-heading\">\u00bfPor qu\u00e9 las empresas necesitan una investigaci\u00f3n de mercado de medios digitales?<\/h2>\n\n\n\n<p>Las empresas necesitan medios digitales por diversas razones. El alcance es una de las razones clave. Permite a las empresas llegar a una audiencia mucho mayor que los canales de marketing tradicionales. Con la estrategia adecuada, las empresas pueden ponerse en contacto con personas de todo el mundo. Pueden apuntar a datos demogr\u00e1ficos espec\u00edficos con precisi\u00f3n.<\/p>\n\n\n\n<p>Los medios digitales permiten a las empresas interactuar con sus clientes en tiempo real. Este compromiso puede construir relaciones m\u00e1s s\u00f3lidas con los clientes y mejorar la lealtad a la marca.<\/p>\n\n\n\n<p>Los medios digitales pueden ser una forma rentable de llegar a una gran audiencia. Por ejemplo, la publicidad en las redes sociales es mucho m\u00e1s asequible que los canales publicitarios tradicionales.<\/p>\n\n\n\n<p>Los medios digitales proporcionan an\u00e1lisis detallados sobre el comportamiento de los usuarios. Estos an\u00e1lisis pueden ayudar a las empresas a medir la eficacia de sus campa\u00f1as. As\u00ed, pueden ajustar sus estrategias.<\/p>\n\n\n\n<p>En la era digital actual, las empresas deben tener una presencia digital s\u00f3lida. Aquellos que no tienen esa presencia corren el riesgo de quedarse atr\u00e1s de sus competidores. Tener una estrategia s\u00f3lida de medios digitales puede ayudar a las empresas a seguir siendo competitivas. Tambi\u00e9n los mantiene relevantes en su industria.<\/p>\n\n\n\n<p>Los medios digitales permiten a las empresas interactuar con sus clientes. Pueden realizar negocios seg\u00fan los horarios de sus clientes. Estos factores pueden conducir a una mayor satisfacci\u00f3n del cliente.<\/p>\n\n\n\n<p>Los medios digitales son una herramienta poderosa. Puede ayudar a las empresas a llegar a su p\u00fablico objetivo e interactuar con \u00e9l. Tambi\u00e9n les permite medir la eficacia de sus campa\u00f1as de marketing. Por lo tanto, pueden seguir siendo competitivos en el acelerado entorno empresarial actual.<\/p>\n\n\n\n<h2 class=\"wp-block-heading\">Factores claves del \u00e9xito<\/h2>\n\n\n\n<figure class=\"gb-block-image gb-block-image-b6426cf8\"><img loading=\"lazy\" decoding=\"async\" width=\"1456\" height=\"816\" class=\"gb-image gb-image-b6426cf8\" src=\"https:\/\/www.sisinternational.com\/wp-content\/uploads\/2025\/08\/Social-media-5.jpg\" alt=\"Investigaci\u00f3n y estrategia de mercado internacional de SIS\" title=\"Social media (5)\" srcset=\"https:\/\/www.sisinternational.com\/wp-content\/uploads\/2025\/08\/Social-media-5.jpg 1456w, https:\/\/www.sisinternational.com\/wp-content\/uploads\/2025\/08\/Social-media-5-300x168.jpg 300w, https:\/\/www.sisinternational.com\/wp-content\/uploads\/2025\/08\/Social-media-5-1024x574.jpg 1024w, https:\/\/www.sisinternational.com\/wp-content\/uploads\/2025\/08\/Social-media-5-768x430.jpg 768w, https:\/\/www.sisinternational.com\/wp-content\/uploads\/2025\/08\/Social-media-5-18x10.jpg 18w\" sizes=\"auto, (max-width: 1456px) 100vw, 1456px\"><\/figure>\n\n\n\n<p><\/p>\n\n\n\n<p>Hay varios factores cr\u00edticos de \u00e9xito a considerar para una estrategia de medios digitales. Uno de los m\u00e1s importantes son los objetivos claros. Es fundamental entender los objetivos de la estrategia de medios digitales. De hecho, esta comprensi\u00f3n ayudar\u00e1 a guiar el desarrollo del plan de juego. Tambi\u00e9n es una forma de alinearlo con los objetivos de negocio.<\/p>\n\n\n\n<p>Comprender al p\u00fablico objetivo es fundamental para desarrollar una estrategia de medios digitales eficaz. Las empresas necesitan investigar el comportamiento, las preferencias y los intereses de su audiencia. De esa manera, pueden asegurarse de entregar contenido que les resuene.<\/p>\n\n\n\n<p>El contenido de alta calidad es esencial para interactuar con la audiencia. Tambi\u00e9n es vital si est\u00e1s generando seguidores leales. El contenido debe ser relevante, informativo y atractivo. Ser\u00eda \u00fatil adaptarlo al p\u00fablico objetivo.<\/p>\n\n\n\n<p>La coherencia es vital cuando se trata de medios digitales. Debes entregar el contenido con regularidad. Los mensajes deben ser coherentes en todos los canales.<\/p>\n\n\n\n<p>La anal\u00edtica es vital para medir la efectividad de la estrategia de medios digitales. Las empresas deben realizar un seguimiento de m\u00e9tricas como la participaci\u00f3n, el alcance y las tasas de conversi\u00f3n. De esa manera, pueden comprender c\u00f3mo est\u00e1 funcionando el sistema. Tambi\u00e9n pueden identificar \u00e1reas de mejora.<\/p>\n\n\n\n<p>El panorama de los medios digitales est\u00e1 evolucionando. Las empresas deben ser flexibles y adaptables para mantenerse al d\u00eda con los cambios. Tendr\u00e1n que experimentar con nuevos enfoques. Tambi\u00e9n deben ajustar la estrategia seg\u00fan sea necesario.<\/p>\n\n\n\n<p>Las empresas deben integrar los medios digitales en su estrategia comercial. No deber\u00edan verlo como una actividad independiente. Deben alinearlo con los valores y objetivos de la marca. Las empresas tambi\u00e9n deber\u00edan integrarlo con otras actividades de marketing. \u00c9sa es la mejor manera de crear un enfoque cohesivo.<\/p>\n\n\n\n<p>Las empresas deben considerar estos factores cr\u00edticos de \u00e9xito. Pueden utilizarlos para desarrollar una estrategia de medios digitales eficaz y atractiva. Estos factores de \u00e9xito ayudar\u00e1n a obtener resultados.<\/p>\n\n\n\n<h2 class=\"wp-block-heading\">Acerca de la investigaci\u00f3n de mercado de medios digitales<\/h2>\n\n\n\n<p>At SIS International, we conduct two main types of market research. We do Quantitative and Qualitative Market Research. An essential element of <a class=\"wpil_keyword_link\" href=\"https:\/\/www.sisinternational.com\/es\/top-5-benefits-of-conducting-quantitative-market-research\/\" title=\"Top 5 Benefits of Conducting Quantitative Market Research\" data-wpil-keyword-link=\"linked\" data-wpil-monitor-id=\"692\">Investigaci\u00f3n de mercado cuantitativa<\/a> is Surveys. Qualitative Market Research uses tools like Focus Groups and In-depth Interviews.<\/p>\n\n\n\n<p>Market Research allows you to understand your competitors. We make it easy for you by providing Competitive Analysis coupled with <a class=\"wpil_keyword_link\" href=\"https:\/\/www.sisinternational.com\/es\/soluciones\/consultoria-estrategica\/investigacion-de-entrada-al-mercado\/\" title=\"Investigaci\u00f3n de entrada al mercado\" data-wpil-keyword-link=\"linked\" data-wpil-monitor-id=\"362\">Investigaci\u00f3n de entrada al mercado<\/a>. We also offer UX, Strategy, Market Opportunity, and <a href=\"https:\/\/www.sisinternational.com\/es\/pericia\/industrias\/investigacion-de-mercado-avicola\/\" title=\"Investigaci\u00f3n de mercado av\u00edcola\" data-wpil-monitor-id=\"3091\">Investigaci\u00f3n de dimensionamiento del mercado<\/a>. Contact SIS for a consultation today!<\/p>\n\n\n\n<p><\/p>","protected":false},"excerpt":{"rendered":"<p>Los medios digitales han hecho que la informaci\u00f3n sea m\u00e1s accesible que nunca, ya que las personas acceden a informaci\u00f3n sobre cualquier tema desde cualquier parte del mundo.<\/p>","protected":false},"author":1,"featured_media":70286,"parent":14514,"menu_order":286,"comment_status":"closed","ping_status":"closed","template":"","meta":{"footnotes":""},"class_list":["post-42618","page","type-page","status-publish","has-post-thumbnail"],"_links":{"self":[{"href":"https:\/\/www.sisinternational.com\/es\/wp-json\/wp\/v2\/pages\/42618","targetHints":{"allow":["GET"]}}],"collection":[{"href":"https:\/\/www.sisinternational.com\/es\/wp-json\/wp\/v2\/pages"}],"about":[{"href":"https:\/\/www.sisinternational.com\/es\/wp-json\/wp\/v2\/types\/page"}],"author":[{"embeddable":true,"href":"https:\/\/www.sisinternational.com\/es\/wp-json\/wp\/v2\/users\/1"}],"replies":[{"embeddable":true,"href":"https:\/\/www.sisinternational.com\/es\/wp-json\/wp\/v2\/comments?post=42618"}],"version-history":[{"count":7,"href":"https:\/\/www.sisinternational.com\/es\/wp-json\/wp\/v2\/pages\/42618\/revisions"}],"predecessor-version":[{"id":82694,"href":"https:\/\/www.sisinternational.com\/es\/wp-json\/wp\/v2\/pages\/42618\/revisions\/82694"}],"up":[{"embeddable":true,"href":"https:\/\/www.sisinternational.com\/es\/wp-json\/wp\/v2\/pages\/14514"}],"wp:featuredmedia":[{"embeddable":true,"href":"https:\/\/www.sisinternational.com\/es\/wp-json\/wp\/v2\/media\/70286"}],"wp:attachment":[{"href":"https:\/\/www.sisinternational.com\/es\/wp-json\/wp\/v2\/media?parent=42618"}],"curies":[{"name":"wp","href":"https:\/\/api.w.org\/{rel}","templated":true}]}}