{"id":42603,"date":"2023-04-30T17:49:47","date_gmt":"2023-04-30T21:49:47","guid":{"rendered":"https:\/\/www.sisinternational.com\/?page_id=42603"},"modified":"2026-03-12T12:50:29","modified_gmt":"2026-03-12T16:50:29","slug":"investigacion-de-mercado-de-diagnostico-clinico","status":"publish","type":"page","link":"https:\/\/www.sisinternational.com\/es\/soluciones\/investigacion-de-mercado-biotecnologico-y-farmaceutico-de-atencion-medica\/investigacion-de-mercado-de-diagnostico-clinico\/","title":{"rendered":"Investigaci\u00f3n de mercado de diagn\u00f3stico cl\u00ednico"},"content":{"rendered":"<h1 class=\"wp-block-heading\">Investigaci\u00f3n de mercado de diagn\u00f3stico cl\u00ednico<\/h1>\n\n\n\n<figure class=\"gb-block-image gb-block-image-27a6891f\"><img loading=\"lazy\" decoding=\"async\" width=\"1456\" height=\"816\" class=\"gb-image gb-image-27a6891f\" src=\"https:\/\/www.sisinternational.com\/wp-content\/uploads\/2025\/08\/Healthcare-7.jpg\" alt=\"Investigaci\u00f3n y estrategia de mercado internacional de SIS\" title=\"Healthcare (7)\" srcset=\"https:\/\/www.sisinternational.com\/wp-content\/uploads\/2025\/08\/Healthcare-7.jpg 1456w, https:\/\/www.sisinternational.com\/wp-content\/uploads\/2025\/08\/Healthcare-7-300x168.jpg 300w, https:\/\/www.sisinternational.com\/wp-content\/uploads\/2025\/08\/Healthcare-7-1024x574.jpg 1024w, https:\/\/www.sisinternational.com\/wp-content\/uploads\/2025\/08\/Healthcare-7-768x430.jpg 768w, https:\/\/www.sisinternational.com\/wp-content\/uploads\/2025\/08\/Healthcare-7-18x10.jpg 18w\" sizes=\"auto, (max-width: 1456px) 100vw, 1456px\"><\/figure>\n\n\n\n<p><\/p>\n\n\n\n<p>Clinical Diagnostics identifies the presence or absence of a disease or medical condition. Medical professionals do Clinical Diagnostics through various tests and procedures. The diagnostic process involves a series of steps. For example, the process may include medical history, physical examination, and laboratory tests. They may also consist of <a href=\"https:\/\/www.sisinternational.com\/es\/pericia\/industrias\/investigacion-de-mercado-de-diagnostico-por-imagenes\/\" title=\"Investigaci\u00f3n de mercado de im\u00e1genes de diagn\u00f3stico\"  data-wpil-monitor-id=\"6365\">imaging studies and other diagnostic<\/a> procedures. Medical professionals use all these methods to make a definitive diagnosis. Or, they may use them to rule out potential conditions.<\/p>\n\n\n\n<p>Otra funci\u00f3n del Diagn\u00f3stico Cl\u00ednico es identificar y gestionar diversas condiciones de salud. Contraen dolencias comunes (por ejemplo, la gripe). Tambi\u00e9n identifican enfermedades m\u00e1s complejas y cr\u00f3nicas como el c\u00e1ncer y la diabetes. Adem\u00e1s, los dise\u00f1adores de pruebas y procedimientos tienen mucho en juego con sus productos. Se han asegurado de poder proporcionar resultados precisos y confiables. Estos resultados deber\u00edan guiar las decisiones de tratamiento y mejorar los resultados de los pacientes.<\/p>\n\n\n\n<p>Algunos ejemplos de pruebas y procedimientos de diagn\u00f3stico cl\u00ednico incluyen an\u00e1lisis de sangre y orina. Los estudios de im\u00e1genes, como las radiograf\u00edas y las resonancias magn\u00e9ticas, tambi\u00e9n son diagn\u00f3sticos. Tambi\u00e9n lo son las biopsias y las pruebas gen\u00e9ticas. Otro punto clave es que las pruebas y procedimientos espec\u00edficos dependen de la condici\u00f3n sospechada. Tambi\u00e9n se relacionan con los s\u00edntomas y el historial m\u00e9dico del paciente.<\/p>\n\n\n\n<h2 class=\"wp-block-heading\">\u00bfPor qu\u00e9 son importantes los diagn\u00f3sticos cl\u00ednicos?<\/h2>\n\n\n\n<p>El diagn\u00f3stico cl\u00ednico es esencial por varias razones, incluida la detecci\u00f3n temprana y la prevenci\u00f3n. De hecho, el diagn\u00f3stico cl\u00ednico permite la detecci\u00f3n temprana de enfermedades y condiciones m\u00e9dicas. La detecci\u00f3n temprana puede ayudar a prevenir el desarrollo de complicaciones m\u00e1s graves. Adem\u00e1s, el diagn\u00f3stico y el tratamiento tempranos son cruciales para el c\u00e1ncer, las enfermedades cardiovasculares y la diabetes. Puede mejorar los resultados y reducir las tasas de mortalidad.<\/p>\n\n\n\n<p>Los diagn\u00f3sticos cl\u00ednicos proporcionan informaci\u00f3n precisa y confiable sobre la condici\u00f3n de un paciente. Esta informaci\u00f3n es esencial para tomar decisiones de tratamiento informadas. Sin mencionar que sin un diagn\u00f3stico adecuado, los pacientes pueden recibir un tratamiento inadecuado e inadecuado. Peor a\u00fan, el tratamiento puede ser perjudicial o poner en peligro la vida.<\/p>\n\n\n\n<p>Los diagn\u00f3sticos cl\u00ednicos permiten monitorear la respuesta de un paciente al tratamiento a lo largo del tiempo. Los proveedores de atenci\u00f3n m\u00e9dica pueden utilizar esta informaci\u00f3n para ajustar los planes de tratamiento. Con \u00e9l, tambi\u00e9n pueden garantizar que los pacientes reciban la mejor atenci\u00f3n posible.<\/p>\n\n\n\n<p>El diagn\u00f3stico cl\u00ednico desempe\u00f1a un papel fundamental en la investigaci\u00f3n y el desarrollo m\u00e9dicos. Los profesionales m\u00e9dicos los utilizan para probar nuevas terapias y medicamentos. Tambi\u00e9n pueden identificar nuevos biomarcadores y objetivos para el tratamiento de enfermedades.<\/p>\n\n\n\n<p>Para aclarar, el diagn\u00f3stico cl\u00ednico es esencial para mejorar los resultados de los pacientes y avanzar en el conocimiento m\u00e9dico. Permiten el diagn\u00f3stico preciso de diversas enfermedades y afecciones. Tambi\u00e9n permiten un tratamiento eficaz, lo que conduce a mejores resultados de salud del paciente.<\/p>\n\n\n\n<h2 class=\"wp-block-heading\">T\u00edtulos de trabajo clave<\/h2>\n\n\n\n<h3 class=\"wp-block-heading\">El campo del diagn\u00f3stico cl\u00ednico tiene una variedad de t\u00edtulos de trabajo, que incluyen:<\/h3>\n\n\n\n<ol class=\"wp-block-list\">\n<li><strong>Cient\u00edfico de laboratorio m\u00e9dico\/tecn\u00f3logo m\u00e9dico.<\/strong> Los cient\u00edficos\/tecn\u00f3logos m\u00e9dicos de laboratorio m\u00e9dico realizan pruebas y procedimientos de laboratorio en muestras de pacientes. Utilizan equipos y t\u00e9cnicas especializados para analizar muestras de sangre, orina y tejidos. De esa manera, ayudan a diagnosticar y controlar condiciones m\u00e9dicas.<\/li>\n\n\n\n<li><strong>T\u00e9cnico de laboratorio cl\u00ednico.<\/strong> Los t\u00e9cnicos de laboratorio cl\u00ednico trabajan junto con cient\u00edficos y tecn\u00f3logos m\u00e9dicos de laboratorio m\u00e9dico. Realizan pruebas y procedimientos de laboratorio de rutina.<\/li>\n\n\n\n<li><strong>Pat\u00f3logo.<\/strong> Los pat\u00f3logos diagnostican y tratan enfermedades examinando tejidos y fluidos bajo un microscopio.<\/li>\n\n\n\n<li><strong>Director de laboratorio m\u00e9dico.<\/strong> Los directores de laboratorios m\u00e9dicos son responsables de supervisar las operaciones de un laboratorio cl\u00ednico. Garantizan que los procedimientos y pol\u00edticas del laboratorio sigan los est\u00e1ndares regulatorios. Tambi\u00e9n se encargan de la formaci\u00f3n y supervisi\u00f3n del personal.<\/li>\n\n\n\n<li><strong>Genetista molecular.<\/strong> Los genetistas moleculares utilizan t\u00e9cnicas especializadas para analizar el ADN y el ARN. Identifican mutaciones gen\u00e9ticas asociadas con ciertas condiciones m\u00e9dicas.<\/li>\n\n\n\n<li><strong>Citotecn\u00f3logo.<\/strong> Los citotecn\u00f3logos examinan muestras celulares, como las obtenidas de una prueba de Papanicolaou. Detectan anomal\u00edas y posibles signos de c\u00e1ncer.<\/li>\n\n\n\n<li><strong>Histotecn\u00f3logo.<\/strong> Los histotecn\u00f3logos preparan muestras de tejido para que las examine un pat\u00f3logo. Parte de su trabajo consiste en te\u00f1ir y montar muestras en portaobjetos.<\/li>\n<\/ol>\n\n\n\n<p>Estos son solo algunos ejemplos de t\u00edtulos de trabajo de diagn\u00f3stico cl\u00ednico. El puesto de trabajo espec\u00edfico y las responsabilidades depender\u00e1n de varios factores. Por ejemplo, los centros de atenci\u00f3n m\u00e9dica pueden basar sus puestos de trabajo en la educaci\u00f3n y la experiencia. O pueden basarlo en su \u00e1rea de especializaci\u00f3n.<\/p>\n\n\n\n<h2 class=\"wp-block-heading\">\u00bfPor qu\u00e9 las empresas necesitan investigaciones de mercado de Diagn\u00f3stico cl\u00ednico?<\/h2>\n\n\n\n<figure class=\"gb-block-image gb-block-image-bc11085e\"><img loading=\"lazy\" decoding=\"async\" width=\"1456\" height=\"816\" class=\"gb-image gb-image-bc11085e\" src=\"https:\/\/www.sisinternational.com\/wp-content\/uploads\/2025\/08\/Healthcare-18.jpg\" alt=\"Investigaci\u00f3n y estrategia de mercado internacional de SIS\" title=\"Healthcare (18)\" srcset=\"https:\/\/www.sisinternational.com\/wp-content\/uploads\/2025\/08\/Healthcare-18.jpg 1456w, https:\/\/www.sisinternational.com\/wp-content\/uploads\/2025\/08\/Healthcare-18-300x168.jpg 300w, https:\/\/www.sisinternational.com\/wp-content\/uploads\/2025\/08\/Healthcare-18-1024x574.jpg 1024w, https:\/\/www.sisinternational.com\/wp-content\/uploads\/2025\/08\/Healthcare-18-768x430.jpg 768w, https:\/\/www.sisinternational.com\/wp-content\/uploads\/2025\/08\/Healthcare-18-18x10.jpg 18w\" sizes=\"auto, (max-width: 1456px) 100vw, 1456px\"><\/figure>\n\n\n\n<p><\/p>\n\n\n\n<p>Las empresas de la industria de la salud incluyen hospitales, laboratorios de diagn\u00f3stico y empresas de dispositivos m\u00e9dicos. Todos ellos se basan en el diagn\u00f3stico cl\u00ednico. Desempe\u00f1a un papel fundamental en el diagn\u00f3stico y el tratamiento. Adem\u00e1s, el diagn\u00f3stico cl\u00ednico es esencial para diagnosticar afecciones m\u00e9dicas y desarrollar planes de tratamiento eficaces. Las empresas del sector sanitario necesitan pruebas y procedimientos de diagn\u00f3stico fiables. De esa manera, pueden brindar atenci\u00f3n de alta calidad a sus pacientes.<\/p>\n\n\n\n<p>El diagn\u00f3stico cl\u00ednico es crucial para desarrollar nuevos medicamentos, terapias y dispositivos m\u00e9dicos. Las empresas del sector sanitario necesitan realizar ensayos cl\u00ednicos. Tambi\u00e9n necesitan utilizar herramientas de diagn\u00f3stico para probar la seguridad y eficacia de nuevos tratamientos y dispositivos.<\/p>\n\n\n\n<p>Es m\u00e1s, los diagn\u00f3sticos cl\u00ednicos garantizan la calidad y precisi\u00f3n de los productos y servicios sanitarios. Adem\u00e1s, los laboratorios de diagn\u00f3stico, los fabricantes de dispositivos m\u00e9dicos y otras empresas sanitarias dependen de las pruebas de diagn\u00f3stico. As\u00ed es como verifican el rendimiento de sus productos y servicios. De esa manera, pueden garantizar que cumplen con los est\u00e1ndares regulatorios.<\/p>\n\n\n\n<p>Data from <a href=\"https:\/\/www.sisinternational.com\/es\/pericia\/industrias\/investigacion-de-mercado-automotriz\/clinicas-de-coches-estaticas-y-dinamicas\/\" title=\"Market Research Methods for Automotive Research &#8211; Static vs Dynamic Car Clinics\"  data-wpil-monitor-id=\"1566\">Investigaci\u00f3n de mercado de diagn\u00f3stico cl\u00ednico<\/a> can help healthcare businesses provide cost-effective care. At least, they reduce the need for expensive and unnecessary treatments. By the same token, accurate and timely diagnosis can help healthcare providers. It enables them to identify the most appropriate treatment options, to say nothing of reducing healthcare costs.<\/p>\n\n\n\n<p>En resumen, el diagn\u00f3stico cl\u00ednico es esencial para las empresas del sector sanitario. Les permite brindar atenci\u00f3n de alta calidad y realizar investigaci\u00f3n y desarrollo. Tambi\u00e9n garantiza el control de calidad y ofrece una atenci\u00f3n rentable.<\/p>\n\n\n\n<h2 class=\"wp-block-heading\">Factores claves del \u00e9xito<\/h2>\n\n\n\n<p>Algunos factores clave de \u00e9xito para el diagn\u00f3stico cl\u00ednico incluyen la calidad y la precisi\u00f3n. En otras palabras, la precisi\u00f3n y confiabilidad de las pruebas y procedimientos de diagn\u00f3stico son esenciales. Se aseguran de que los pacientes reciban el diagn\u00f3stico correcto junto con el tratamiento. Las empresas de atenci\u00f3n m\u00e9dica que priorizan la calidad junto con la precisi\u00f3n tienen m\u00e1s probabilidades de tener \u00e9xito.<\/p>\n\n\n\n<p>El diagn\u00f3stico cl\u00ednico es un campo en evoluci\u00f3n. Requiere que las empresas se mantengan actualizadas con las \u00faltimas tecnolog\u00edas e innovaciones. Las empresas deber\u00edan invertir en investigaci\u00f3n y desarrollo y adoptar nuevas tecnolog\u00edas. Los que lo hacen tienen m\u00e1s probabilidades de tener \u00e9xito.<\/p>\n\n\n\n<p>Las empresas de atenci\u00f3n m\u00e9dica deben seguir una amplia gama de est\u00e1ndares regulatorios. De esa manera, garantizan la seguridad y eficacia de sus productos y servicios. Las empresas que priorizan el cumplimiento y mantienen altos est\u00e1ndares \u00e9ticos tienen m\u00e1s probabilidades de tener \u00e9xito.<\/p>\n\n\n\n<p>La satisfacci\u00f3n del paciente es esencial para el \u00e9xito de las empresas de atenci\u00f3n m\u00e9dica. La atenci\u00f3n de alta calidad, los diagn\u00f3sticos precisos y el excelente servicio al cliente son cruciales. Estos atributos pueden ayudar a las empresas a mantener clientes leales y atraer nuevos pacientes.<\/p>\n\n\n\n<p>Las empresas de atenci\u00f3n m\u00e9dica dependen de profesionales capacitados y conocedores. Estos profesionales realizan pruebas y procedimientos de diagn\u00f3stico. Las empresas deber\u00edan invertir en la formaci\u00f3n y el desarrollo de sus empleados y atraer a los mejores talentos. Estas empresas tienen m\u00e1s probabilidades de tener \u00e9xito.<\/p>\n\n\n\n<p>El coste de las pruebas y procedimientos diagn\u00f3sticos es fundamental para los pacientes. Tambi\u00e9n afecta a los proveedores de atenci\u00f3n m\u00e9dica. Las empresas deben ofrecer soluciones rentables que ayuden a reducir los costos de atenci\u00f3n m\u00e9dica. Es m\u00e1s probable que estas empresas tengan \u00e9xito en la industria del diagn\u00f3stico cl\u00ednico.<\/p>\n\n\n\n<h2 class=\"wp-block-heading\">Acerca de la investigaci\u00f3n de mercado de diagn\u00f3stico cl\u00ednico<\/h2>\n\n\n\n<p>The Clinical Diagnostics market is competitive and consists of local and global players. It\u2019s essential to conduct Quantitative Market Research as part of your Go to Market Strategy. Quantitative <a href=\"https:\/\/www.sisinternational.com\/es\/pericia\/industrias\/investigacion-de-mercado-avicola\/\" title=\"Investigaci\u00f3n de mercado av\u00edcola\"  data-wpil-monitor-id=\"3098\">Estudios de mercado<\/a>, Market Opportunity Research, and Market Sizing Research are crucial. They can help you understand a market opportunity\u2019s magnitude (or lack thereof).<\/p>\n\n\n\n<p>SIS International provides both Quantitative and Qualitative Market Research. We also offer UX Market Research, Strategy Market Research, and Competitive Analysis. Need Focus Groups, Surveys, and Interviews for your <a class=\"wpil_keyword_link\" href=\"https:\/\/www.sisinternational.com\/es\/soluciones\/consultoria-estrategica\/investigacion-de-entrada-al-mercado\/\"   title=\"Investigaci\u00f3n de entrada al mercado\" data-wpil-keyword-link=\"linked\"  data-wpil-monitor-id=\"693\">Investigaci\u00f3n de entrada al mercado<\/a>? We\u2019ve got you covered! Contact us today for a consultation.<\/p>","protected":false},"excerpt":{"rendered":"<p>El diagn\u00f3stico cl\u00ednico es esencial por varias razones, incluida la detecci\u00f3n temprana de enfermedades y afecciones m\u00e9dicas.<\/p>","protected":false},"author":1,"featured_media":62425,"parent":11294,"menu_order":280,"comment_status":"closed","ping_status":"closed","template":"","meta":{"footnotes":""},"class_list":["post-42603","page","type-page","status-publish","has-post-thumbnail"],"_links":{"self":[{"href":"https:\/\/www.sisinternational.com\/es\/wp-json\/wp\/v2\/pages\/42603","targetHints":{"allow":["GET"]}}],"collection":[{"href":"https:\/\/www.sisinternational.com\/es\/wp-json\/wp\/v2\/pages"}],"about":[{"href":"https:\/\/www.sisinternational.com\/es\/wp-json\/wp\/v2\/types\/page"}],"author":[{"embeddable":true,"href":"https:\/\/www.sisinternational.com\/es\/wp-json\/wp\/v2\/users\/1"}],"replies":[{"embeddable":true,"href":"https:\/\/www.sisinternational.com\/es\/wp-json\/wp\/v2\/comments?post=42603"}],"version-history":[{"count":9,"href":"https:\/\/www.sisinternational.com\/es\/wp-json\/wp\/v2\/pages\/42603\/revisions"}],"predecessor-version":[{"id":79948,"href":"https:\/\/www.sisinternational.com\/es\/wp-json\/wp\/v2\/pages\/42603\/revisions\/79948"}],"up":[{"embeddable":true,"href":"https:\/\/www.sisinternational.com\/es\/wp-json\/wp\/v2\/pages\/11294"}],"wp:featuredmedia":[{"embeddable":true,"href":"https:\/\/www.sisinternational.com\/es\/wp-json\/wp\/v2\/media\/62425"}],"wp:attachment":[{"href":"https:\/\/www.sisinternational.com\/es\/wp-json\/wp\/v2\/media?parent=42603"}],"curies":[{"name":"wp","href":"https:\/\/api.w.org\/{rel}","templated":true}]}}