{"id":42596,"date":"2023-04-30T16:29:15","date_gmt":"2023-04-30T20:29:15","guid":{"rendered":"https:\/\/www.sisinternational.com\/?page_id=42596"},"modified":"2026-01-25T18:15:27","modified_gmt":"2026-01-25T23:15:27","slug":"director-de-informacion-cio-investigacion-de-mercado","status":"publish","type":"page","link":"https:\/\/www.sisinternational.com\/es\/pericia\/director-de-informacion-cio-investigacion-de-mercado\/","title":{"rendered":"Director de Informaci\u00f3n (CIO) Investigaci\u00f3n de Mercado"},"content":{"rendered":"<h1 class=\"wp-block-heading\">Director de Informaci\u00f3n (CIO) Investigaci\u00f3n de Mercado<\/h1>\n\n\n\n<figure class=\"gb-block-image gb-block-image-6fc8a8e4\"><img loading=\"lazy\" decoding=\"async\" width=\"1456\" height=\"816\" class=\"gb-image gb-image-6fc8a8e4\" src=\"https:\/\/www.sisinternational.com\/wp-content\/uploads\/2025\/08\/CEO-CIO-manager-6.jpg\" alt=\"Investigaci\u00f3n y estrategia de mercado internacional de SIS\" title=\"CEO CIO manager (6)\" srcset=\"https:\/\/www.sisinternational.com\/wp-content\/uploads\/2025\/08\/CEO-CIO-manager-6.jpg 1456w, https:\/\/www.sisinternational.com\/wp-content\/uploads\/2025\/08\/CEO-CIO-manager-6-300x168.jpg 300w, https:\/\/www.sisinternational.com\/wp-content\/uploads\/2025\/08\/CEO-CIO-manager-6-1024x574.jpg 1024w, https:\/\/www.sisinternational.com\/wp-content\/uploads\/2025\/08\/CEO-CIO-manager-6-768x430.jpg 768w, https:\/\/www.sisinternational.com\/wp-content\/uploads\/2025\/08\/CEO-CIO-manager-6-18x10.jpg 18w\" sizes=\"auto, (max-width: 1456px) 100vw, 1456px\"><\/figure>\n\n\n\n<p><\/p>\n\n\n\n<p>El panorama empresarial actual se caracteriza por r\u00e1pidos avances tecnol\u00f3gicos y, como resultado, el papel del CIO se ha vuelto cada vez m\u00e1s importante. Los CIO tienen la tarea de impulsar la innovaci\u00f3n y gestionar el panorama digital en constante evoluci\u00f3n, lo que los convierte en actores fundamentales para el \u00e9xito de las organizaciones modernas.<\/p>\n\n\n\n<p>Por lo tanto, las empresas deben estar familiarizadas con el panorama de la investigaci\u00f3n de mercado de los CIO para mantenerse informadas y adelantarse a la curva para tomar las decisiones comerciales correctas.<\/p>\n\n\n\n<h2 class=\"wp-block-heading\">Descripci\u00f3n general de la investigaci\u00f3n de mercado del director de informaci\u00f3n (CIO)<\/h2>\n\n\n\n<p>La realizaci\u00f3n de una investigaci\u00f3n de mercado de CIO implica un proceso met\u00f3dico de recopilaci\u00f3n, an\u00e1lisis e interpretaci\u00f3n de datos e ideas. Esta investigaci\u00f3n se centra en varias facetas del rol del CIO, incluida la demanda de CIO capacitados, las calificaciones y experiencia necesarias, las industrias que emplean a los CIO, las tendencias actuales en remuneraci\u00f3n y los obst\u00e1culos y perspectivas que los CIO encuentran a lo largo de su carrera.<\/p>\n\n\n\n<h3 class=\"wp-block-heading\">Una descripci\u00f3n general de la investigaci\u00f3n de mercado de CIO incluye los siguientes componentes:<\/h3>\n\n\n\n<ul class=\"wp-block-list\">\n<li>An assessment of the <a href=\"https:\/\/www.sisinternational.com\/es\/transportistas-de-bajo-coste-en-la-industria-de-la-aviacion\/\" title=\"Investigaci\u00f3n de mercado de aerol\u00edneas de bajo costo\"  data-wpil-monitor-id=\"9764\">global CIO market<\/a> size, including the number of CIO positions available, the growth rate, the factors driving this growth such as technological advancements, and the increasing reliance on digital solutions.<\/li>\n\n\n\n<li>Un examen de las industrias clave que emplean CIO, como servicios financieros, atenci\u00f3n m\u00e9dica, manufactura, comercio minorista y tecnolog\u00eda, y los desaf\u00edos y oportunidades espec\u00edficos que enfrentan los CIO dentro de cada industria.<\/li>\n\n\n\n<li>Un desglose de la demanda de CIO en diferentes regiones y pa\u00edses considerando factores como el desarrollo econ\u00f3mico regional, la adopci\u00f3n tecnol\u00f3gica y las regulaciones locales.<\/li>\n\n\n\n<li>Un an\u00e1lisis de los paquetes de compensaci\u00f3n ofrecidos a los CIO, incluido el salario base, bonificaciones, opciones sobre acciones y beneficios, y los factores que influyen en estas tendencias.<\/li>\n<\/ul>\n\n\n\n<h2 class=\"wp-block-heading\">Importancia de la investigaci\u00f3n de mercado del Director de Informaci\u00f3n (CIO) en el panorama empresarial actual<\/h2>\n\n\n\n<figure class=\"gb-block-image gb-block-image-121a5e5c\"><img loading=\"lazy\" decoding=\"async\" width=\"1456\" height=\"816\" class=\"gb-image gb-image-121a5e5c\" src=\"https:\/\/www.sisinternational.com\/wp-content\/uploads\/2025\/08\/CEO-CIO-manager-3.jpg\" alt=\"Investigaci\u00f3n y estrategia de mercado internacional de SIS\" title=\"CEO CIO manager (3)\" srcset=\"https:\/\/www.sisinternational.com\/wp-content\/uploads\/2025\/08\/CEO-CIO-manager-3.jpg 1456w, https:\/\/www.sisinternational.com\/wp-content\/uploads\/2025\/08\/CEO-CIO-manager-3-300x168.jpg 300w, https:\/\/www.sisinternational.com\/wp-content\/uploads\/2025\/08\/CEO-CIO-manager-3-1024x574.jpg 1024w, https:\/\/www.sisinternational.com\/wp-content\/uploads\/2025\/08\/CEO-CIO-manager-3-768x430.jpg 768w, https:\/\/www.sisinternational.com\/wp-content\/uploads\/2025\/08\/CEO-CIO-manager-3-18x10.jpg 18w\" sizes=\"auto, (max-width: 1456px) 100vw, 1456px\"><\/figure>\n\n\n\n<ul class=\"wp-block-list\">\n<li><strong>Adquisici\u00f3n y retenci\u00f3n de talento:<\/strong> For organizations to effectively recruit and retain top-tier technology leaders to drive <a href=\"https:\/\/www.sisinternational.com\/es\/sis-lanza-nuevas-soluciones-de-investigacion-digital\/\" title=\"SIS lanza nuevas soluciones de Investigaci\u00f3n Digital\"  data-wpil-monitor-id=\"9765\">innovation and digital<\/a> transformation, it is critical to identify the necessary skills and qualifications required for successful CIOs. By keeping up-to-date with current market trends, businesses can ensure they attract and retain the most qualified candidates for this critical role.<\/li>\n\n\n\n<li><strong>Benchmarking y mejores pr\u00e1cticas:<\/strong> By gaining a comprehensive understanding of the CIO market, businesses can evaluate their technology <a href=\"https:\/\/www.sisinternational.com\/es\/mejores-practicas-en-el-comercio-minorista\/\" title=\"Mejores pr\u00e1cticas en el comercio minorista\"  data-wpil-monitor-id=\"9766\">strategies<\/a> and performance against industry benchmarks and best practices. This analysis allows organizations to pinpoint areas that require improvement, <a href=\"https:\/\/www.sisinternational.com\/es\/desarrollo-de-bases-de-datos-de-informacion-internacionales-mi-articulo-de-1990\/\" title=\"Desarrollo de bases de datos de informaci\u00f3n internacionales: Ruth Stanat en 1990\"  data-wpil-monitor-id=\"2224\">develop more impactful technology strategies<\/a>, and prioritize investments in innovative and digital initiatives.<\/li>\n\n\n\n<li><strong>Anticipating <\/strong><a href=\"https:\/\/www.sisinternational.com\/es\/future-trends-in-qualitative-market-research\/\" title=\"Future Trends in Qualitative Market Research\"  data-wpil-monitor-id=\"9770\">future trends: Conducting CIO market research<\/a> offers valuable insights into the latest trends, challenges, and prospects within the technological realm. By keeping abreast of these new developments, businesses can proactively prepare for and address any potential changes, enabling them to remain flexible and responsive in a constantly evolving corporate landscape.<\/li>\n\n\n\n<li><strong>Mejorar la colaboraci\u00f3n:<\/strong> Al obtener una comprensi\u00f3n m\u00e1s profunda del mercado de CIO y los obst\u00e1culos que enfrentan, las empresas pueden mejorar la colaboraci\u00f3n entre los l\u00edderes tecnol\u00f3gicos, los equipos ejecutivos y otras partes interesadas. Esto fomenta una comprensi\u00f3n m\u00e1s profunda de los requisitos tecnol\u00f3gicos de una organizaci\u00f3n y apoya la creaci\u00f3n de enfoques integrales y multifuncionales.<\/li>\n<\/ul>\n\n\n\n<h2 class=\"wp-block-heading\">Beneficios y oportunidades para las empresas<\/h2>\n\n\n\n<ul class=\"wp-block-list\">\n<li><strong>Comprensi\u00f3n <\/strong><a href=\"https:\/\/www.sisinternational.com\/es\/cuales-son-las-tendencias-en-el-sector-de-los-estudios-de-mercado\/\" title=\"\u00bfCu\u00e1les son algunas tendencias en la industria de la investigaci\u00f3n de mercado?\"  data-wpil-monitor-id=\"9769\">industry trends: CIO market research<\/a> provides businesses with valuable information on the latest technology trends, IT management best practices, and emerging innovations. This knowledge can help businesses make informed decisions when it comes to technology investments, ensuring they stay ahead of the competition.<\/li>\n\n\n\n<li><strong>Identificar brechas de habilidades:<\/strong> Al examinar el estado actual del rol del CIO y las habilidades requeridas, las empresas pueden identificar brechas y planificar el desarrollo de la fuerza laboral. Esto puede incluir invertir en programas de capacitaci\u00f3n y desarrollo o contratar profesionales con la combinaci\u00f3n adecuada de habilidades t\u00e9cnicas y estrat\u00e9gicas.<\/li>\n\n\n\n<li><strong>Mejorar la toma de decisiones:<\/strong> La investigaci\u00f3n de mercado de CIO puede ayudar a las empresas a tomar decisiones basadas en datos al proporcionar informaci\u00f3n sobre los desaf\u00edos y oportunidades que enfrentan los CIO en todas las industrias. Esta informaci\u00f3n se puede utilizar para fundamentar la estrategia empresarial, priorizar iniciativas de TI y asignar recursos de forma m\u00e1s eficaz.<\/li>\n\n\n\n<li><strong>Rendimiento de evaluaci\u00f3n comparativa:<\/strong> A trav\u00e9s de la investigaci\u00f3n de mercado de los CIO, las empresas pueden obtener informaci\u00f3n sobre el desempe\u00f1o de sus departamentos de TI en relaci\u00f3n con sus pares de la industria. Esta evaluaci\u00f3n comparativa puede ayudar a identificar \u00e1reas de mejora e informar los procesos de establecimiento de objetivos.<\/li>\n<\/ul>\n\n\n\n<h2 class=\"wp-block-heading\">Desaf\u00edos<\/h2>\n\n\n\n<ul class=\"wp-block-list\">\n<li><strong>Panorama tecnol\u00f3gico que cambia r\u00e1pidamente:<\/strong> The technology sector is constantly evolving with new developments, tools, and trends. This can make it difficult for researchers to keep up with the latest <a href=\"https:\/\/www.sisinternational.com\/es\/cobertura\/investigacion-de-mercado-asia\/investigacion-de-mercado-en-timor\/\" title=\"Investigaci\u00f3n de mercado en Timor\"  data-wpil-monitor-id=\"4751\">informaci\u00f3n<\/a> and accurately reflect the current state of the CIO market.<\/li>\n\n\n\n<li><strong>La diversa industria necesita:<\/strong> Diferentes industrias tienen requisitos tecnol\u00f3gicos \u00fanicos, lo que puede resultar en diferentes expectativas y responsabilidades para los CIO. Esta diversidad puede dificultar la extracci\u00f3n de conclusiones generales o la identificaci\u00f3n de tendencias universales a partir de la investigaci\u00f3n.<\/li>\n\n\n\n<li><strong>Falta de datos estandarizados:<\/strong> La investigaci\u00f3n de mercado de los CIO a menudo se basa en datos de encuestas o entrevistas para recopilar informaci\u00f3n. Sin embargo, puede haber inconsistencias en la forma en que se recopilan, informan o analizan los datos, lo que puede afectar la precisi\u00f3n y confiabilidad de los hallazgos.<\/li>\n\n\n\n<li><strong>Dificultad para acceder a los participantes:<\/strong> Para realizar una investigaci\u00f3n integral del mercado de CIO, los investigadores deben acceder a una amplia gama de CIO y ejecutivos de TI. Sin embargo, estos profesionales suelen estar ocupados y es posible que no tengan tiempo para participar en encuestas o entrevistas, lo que dificulta la obtenci\u00f3n de muestras representativas.<\/li>\n\n\n\n<li><strong>Preocupaciones de confidencialidad:<\/strong> Los CIO manejan informaci\u00f3n confidencial y pueden dudar en compartir detalles sobre las estrategias, los desaf\u00edos o los \u00e9xitos tecnol\u00f3gicos de su organizaci\u00f3n. Esto puede limitar la profundidad y la calidad de los datos disponibles para la investigaci\u00f3n de mercado.<\/li>\n<\/ul>\n\n\n\n<h2 class=\"wp-block-heading\">Tendencias emergentes en la investigaci\u00f3n de mercado de CIO<\/h2>\n\n\n\n<figure class=\"gb-block-image gb-block-image-0d46633e\"><img loading=\"lazy\" decoding=\"async\" width=\"1456\" height=\"816\" class=\"gb-image gb-image-0d46633e\" src=\"https:\/\/www.sisinternational.com\/wp-content\/uploads\/2025\/08\/CEO-CIO-manager-9.jpg\" alt=\"Investigaci\u00f3n y estrategia de mercado internacional de SIS\" title=\"CEO CIO manager (9)\" srcset=\"https:\/\/www.sisinternational.com\/wp-content\/uploads\/2025\/08\/CEO-CIO-manager-9.jpg 1456w, https:\/\/www.sisinternational.com\/wp-content\/uploads\/2025\/08\/CEO-CIO-manager-9-300x168.jpg 300w, https:\/\/www.sisinternational.com\/wp-content\/uploads\/2025\/08\/CEO-CIO-manager-9-1024x574.jpg 1024w, https:\/\/www.sisinternational.com\/wp-content\/uploads\/2025\/08\/CEO-CIO-manager-9-768x430.jpg 768w, https:\/\/www.sisinternational.com\/wp-content\/uploads\/2025\/08\/CEO-CIO-manager-9-18x10.jpg 18w\" sizes=\"auto, (max-width: 1456px) 100vw, 1456px\"><\/figure>\n\n\n\n<ul class=\"wp-block-list\">\n<li><strong>Transformaci\u00f3n digital:<\/strong> A medida que las organizaciones de todos los sectores adoptan la transformaci\u00f3n digital, los CIO est\u00e1n desempe\u00f1ando un papel crucial a la hora de impulsar este cambio. Son responsables de desarrollar y ejecutar estrategias digitales, garantizar una integraci\u00f3n perfecta de nuevas tecnolog\u00edas y fomentar una cultura de innovaci\u00f3n y mejora continua.<\/li>\n\n\n\n<li><strong>Adopci\u00f3n de la nube:<\/strong> Con la creciente adopci\u00f3n de la computaci\u00f3n en la nube, los CIO deben afrontar las complejidades de migrar y administrar la infraestructura de TI en la nube. Esto requiere experiencia en arquitectura de nube, seguridad y optimizaci\u00f3n de costos, y comprensi\u00f3n de varios modelos y proveedores de servicios de nube.<\/li>\n\n\n\n<li><strong>La seguridad cibern\u00e9tica:<\/strong> A medida que las amenazas cibern\u00e9ticas se vuelven m\u00e1s sofisticadas, los CIO son responsables de implementar estrategias integrales de ciberseguridad para proteger los activos digitales de sus organizaciones. Esto implica mantenerse al tanto de las amenazas y tecnolog\u00edas emergentes, as\u00ed como colaborar con otras partes interesadas para crear una cultura consciente de la seguridad dentro de la organizaci\u00f3n.<\/li>\n\n\n\n<li><strong>Gesti\u00f3n de proveedores y alianzas estrat\u00e9gicas:<\/strong> Los CIO son cada vez m\u00e1s responsables de gestionar las relaciones con proveedores y socios de tecnolog\u00eda, asegurando que los contratos y acuerdos de nivel de servicio se alineen con las necesidades y expectativas de la organizaci\u00f3n. Esto requiere fuertes habilidades de negociaci\u00f3n, as\u00ed como la capacidad de identificar y evaluar socios tecnol\u00f3gicos potenciales.<\/li>\n<\/ul>\n\n\n\n<p><a href=\"https:\/\/www.sisinternational.com\/es\/sis-presenta-una-plataforma-de-analisis-cuantitativo-y-ciencia-de-datos\/\" title=\"SIS presenta plataforma de an\u00e1lisis cuantitativo y ciencia de datos\"  data-wpil-monitor-id=\"9767\">SIS International offers Quantitative<\/a>, Qualitative, and Strategy Research. We provide data, tools, strategies, reports and insights for decision-making. We conduct interviews, surveys, <a href=\"https:\/\/www.sisinternational.com\/es\/soluciones\/investigacion-de-mercado-de-grupo-focal\/\" title=\"Investigaci\u00f3n de mercado con grupos focales\"  data-wpil-monitor-id=\"9768\">focus groups and many other Market Research<\/a> methods and approaches. Contact us for your <a href=\"https:\/\/www.sisinternational.com\/es\/pericia\/industrias\/investigacion-de-mercado-de-tecnologias-de-proxima-generacion\/\" title=\"Investigaci\u00f3n de mercado de tecnolog\u00edas de pr\u00f3xima generaci\u00f3n\"  data-wpil-monitor-id=\"9771\">next Market Research<\/a> proyecto.<\/p>","protected":false},"excerpt":{"rendered":"<p>Los CIO impulsan la innovaci\u00f3n y gestionan el panorama digital en constante evoluci\u00f3n. Son actores cr\u00edticos en el \u00e9xito de las organizaciones modernas.<\/p>","protected":false},"author":1,"featured_media":64028,"parent":14514,"menu_order":277,"comment_status":"closed","ping_status":"closed","template":"","meta":{"footnotes":""},"class_list":["post-42596","page","type-page","status-publish","has-post-thumbnail"],"_links":{"self":[{"href":"https:\/\/www.sisinternational.com\/es\/wp-json\/wp\/v2\/pages\/42596","targetHints":{"allow":["GET"]}}],"collection":[{"href":"https:\/\/www.sisinternational.com\/es\/wp-json\/wp\/v2\/pages"}],"about":[{"href":"https:\/\/www.sisinternational.com\/es\/wp-json\/wp\/v2\/types\/page"}],"author":[{"embeddable":true,"href":"https:\/\/www.sisinternational.com\/es\/wp-json\/wp\/v2\/users\/1"}],"replies":[{"embeddable":true,"href":"https:\/\/www.sisinternational.com\/es\/wp-json\/wp\/v2\/comments?post=42596"}],"version-history":[{"count":6,"href":"https:\/\/www.sisinternational.com\/es\/wp-json\/wp\/v2\/pages\/42596\/revisions"}],"predecessor-version":[{"id":81624,"href":"https:\/\/www.sisinternational.com\/es\/wp-json\/wp\/v2\/pages\/42596\/revisions\/81624"}],"up":[{"embeddable":true,"href":"https:\/\/www.sisinternational.com\/es\/wp-json\/wp\/v2\/pages\/14514"}],"wp:featuredmedia":[{"embeddable":true,"href":"https:\/\/www.sisinternational.com\/es\/wp-json\/wp\/v2\/media\/64028"}],"wp:attachment":[{"href":"https:\/\/www.sisinternational.com\/es\/wp-json\/wp\/v2\/media?parent=42596"}],"curies":[{"name":"wp","href":"https:\/\/api.w.org\/{rel}","templated":true}]}}