{"id":42589,"date":"2023-04-29T22:40:41","date_gmt":"2023-04-30T02:40:41","guid":{"rendered":"https:\/\/www.sisinternational.com\/?page_id=42589"},"modified":"2026-01-27T16:48:50","modified_gmt":"2026-01-27T21:48:50","slug":"investigacion-de-mercado-de-carga","status":"publish","type":"page","link":"https:\/\/www.sisinternational.com\/es\/pericia\/investigacion-de-mercado-de-carga\/","title":{"rendered":"Investigaci\u00f3n de mercado de carga"},"content":{"rendered":"<h1 class=\"wp-block-heading\">Investigaci\u00f3n de mercado de carga<\/h1>\n\n\n\n<figure class=\"gb-block-image gb-block-image-11d69482\"><img loading=\"lazy\" decoding=\"async\" width=\"1456\" height=\"816\" class=\"gb-image gb-image-11d69482\" src=\"https:\/\/www.sisinternational.com\/wp-content\/uploads\/2025\/08\/Dropshipping-2.jpg\" alt=\"Investigaci\u00f3n y estrategia de mercado internacional de SIS\" title=\"Dropshipping (2)\" srcset=\"https:\/\/www.sisinternational.com\/wp-content\/uploads\/2025\/08\/Dropshipping-2.jpg 1456w, https:\/\/www.sisinternational.com\/wp-content\/uploads\/2025\/08\/Dropshipping-2-300x168.jpg 300w, https:\/\/www.sisinternational.com\/wp-content\/uploads\/2025\/08\/Dropshipping-2-1024x574.jpg 1024w, https:\/\/www.sisinternational.com\/wp-content\/uploads\/2025\/08\/Dropshipping-2-768x430.jpg 768w, https:\/\/www.sisinternational.com\/wp-content\/uploads\/2025\/08\/Dropshipping-2-18x10.jpg 18w\" sizes=\"auto, (max-width: 1456px) 100vw, 1456px\"><\/figure>\n\n\n\n<p><\/p>\n\n\n\n<p>El mercado de carga hab\u00eda crecido significativamente a\u00f1o tras a\u00f1o a principios del siglo XXI. La econom\u00eda global es el principal componente del r\u00e1pido crecimiento. Los pa\u00edses realizan transacciones entre s\u00ed para comerciar con diferentes industrias y mercados, como la industria de producci\u00f3n, el mercado laboral y las materias primas. El continuo ciclo de oferta y demanda de un pa\u00eds a otro es posible gracias a modos eficientes de transporte de carga.<\/p>\n\n\n\n<p>Hay diferentes transportistas de carga disponibles, desde transporte a\u00e9reo hasta carga mar\u00edtima, lo que la convierte en una industria de inversi\u00f3n lucrativa. Se espera que el mercado mantenga su crecimiento a medida que la poblaci\u00f3n y la necesidad de necesidades b\u00e1sicas sigan aumentando.<\/p>\n\n\n\n<h2 class=\"wp-block-heading\">Presentamos el mercado de carga<\/h2>\n\n\n\n<p>Cargo, commonly known as freight, describes the goods and produce hauled from one place to another using different modes of transportation, either by air, water, or land. Cargo carriers are different from passenger carriers and don&#8217;t fall under the same market. Businesses engaged in the cargo <a href=\"https:\/\/www.sisinternational.com\/es\/pericia\/industrias\/investigacion-de-mercado-de-logistica-de-terceros\/\" title=\"Investigaci\u00f3n de mercado de log\u00edstica de terceros\"  data-wpil-monitor-id=\"7591\">market offer logistics<\/a> and supply chain solutions.<\/p>\n\n\n\n<p>The market heavily relies on these cargo carriers and all their consequences. Technically, the cargo <a href=\"https:\/\/www.sisinternational.com\/es\/transporte-en-ambulancia\/\" title=\"Investigaci\u00f3n de mercado de transporte de ambulancias\"  data-wpil-monitor-id=\"6971\">market also falls under the transportation<\/a> industry. However, even as a stand-alone market, it contributes trillions of dollars every year. It is even anticipated to grow twice in the next 10 years.<\/p>\n\n\n\n<h2 class=\"wp-block-heading\">Tipos de transportistas de carga<\/h2>\n\n\n\n<p><\/p>\n\n\n\n<p>El mercado de carga se puede dividir en tres componentes principales: transporte de carga, transporte a\u00e9reo y log\u00edstica terrestre. Cada divisi\u00f3n se centra en el modo de transporte de carga involucrado. Analicemos m\u00e1s a fondo cada componente a continuaci\u00f3n:<\/p>\n\n\n\n<p><strong>Mercado de transporte de carga:<\/strong> El modo de transporte implica barcos y\/o cualquier embarcaci\u00f3n. Una de las ventajas del transporte de carga es su capacidad para transportar mercanc\u00edas voluminosas que el transporte terrestre o a\u00e9reo no puede manejar. El mercado del transporte mar\u00edtimo se segmenta adem\u00e1s en diferentes tipos, seg\u00fan el buque utilizado.<\/p>\n\n\n\n<p>Su mayor inconveniente es que es m\u00e1s lento que el otro modo de transporte.<\/p>\n\n\n\n<p><strong>Mercado de transporte a\u00e9reo:<\/strong> Las compa\u00f1\u00edas a\u00e9reas comerciales o ch\u00e1rter son ideales para transportar mercanc\u00edas a nivel internacional con sus env\u00edos de alta velocidad. Esto hace que la compa\u00f1\u00eda a\u00e9rea sea ideal para transportar productos perecederos, como frutas y verduras, y cosas valiosas, como joyas y medicinas.<\/p>\n\n\n\n<p>Al igual que el transporte de carga, el mercado del transporte a\u00e9reo se puede segmentar a\u00fan m\u00e1s. Los segmentos incluyen expreso, transporte de mercanc\u00edas y correo.<\/p>\n\n\n\n<p><strong>Mercado de Transporte Terrestre:<\/strong> El servicio de transportista m\u00e1s com\u00fan del mercado. Atiende desde distribuciones m\u00e1s peque\u00f1as, como entregas de alimentos, hasta pedidos al por mayor, como un remolque para transportar autom\u00f3viles. En consecuencia, los veh\u00edculos incluidos en este servicio de transporte var\u00edan en tama\u00f1o, desde motocicletas hasta camiones.<\/p>\n\n\n\n<p>Sin embargo, este segmento del mercado de carga tambi\u00e9n puede pertenecer f\u00e1cilmente a la industria del transporte por carretera.<\/p>\n\n\n\n<h2 class=\"wp-block-heading\">Importancia de la investigaci\u00f3n del mercado de carga<\/h2>\n\n\n\n<p>The cargo <a href=\"https:\/\/www.sisinternational.com\/es\/pericia\/industrias\/investigacion-de-mercado-de-moteles\/\" title=\"Investigaci\u00f3n de mercado de moteles\"  data-wpil-monitor-id=\"3113\">market requires detailed research<\/a> to understand. The said industry relies heavily on economic growth, international trade, government initiatives, and political influences, all of which can be hard to understand and analyze by a layman.<\/p>\n\n\n\n<p>Con la investigaci\u00f3n de mercado de carga, se simplificar\u00e1n todos los detalles y se presentar\u00e1 toda la informaci\u00f3n disponible. Se centrar\u00e1 en los datos relevantes, segregando los no relacionados.<\/p>\n\n\n\n<p>Al mismo tiempo, el mercado de carga tiene un amplio alcance. Los inversores pueden concentrarse en el segmento espec\u00edfico, adquiriendo informaci\u00f3n sobre el panorama del mercado y c\u00f3mo los consumidores perciben la imagen de marca de las empresas.<\/p>\n\n\n\n<p>Adem\u00e1s, la investigaci\u00f3n del mercado de carga tambi\u00e9n puede brindar informaci\u00f3n sobre el grupo demogr\u00e1fico objetivo de la industria y las estrategias actuales de marketing bajo demanda, determinar la viabilidad del mercado, etc.<\/p>\n\n\n\n<p>En definitiva, gu\u00eda a los inversores a dar un paso de inversi\u00f3n calculador hacia el mercado de carga.<\/p>\n\n\n\n<h2 class=\"wp-block-heading\">Tendencias y oportunidades<\/h2>\n\n\n\n<p>El mercado de carga ha demostrado su capacidad de recuperaci\u00f3n a lo largo de los a\u00f1os. Y con el auge del comercio electr\u00f3nico, que influye en una variedad de industrias, incluido el mercado de carga, se espera que este \u00faltimo mantenga su crecimiento.<\/p>\n\n\n\n<p>Sin embargo, existen otras tendencias y oportunidades que buscar en el mercado de carga. Aqu\u00ed est\u00e1n algunas:<\/p>\n\n\n\n<ul class=\"wp-block-list\">\n<li><strong>Aumento de la industria minorista:<\/strong> El comercio electr\u00f3nico mantiene su progreso positivo incluso con la econom\u00eda en constante cambio. La demanda, especialmente en el \u00e1mbito de la moda, asegura la industria del transporte de carga con un flujo continuo de entrega de un pa\u00eds o ciudad a otro.<\/li>\n\n\n\n<li><strong>Mejoras e Infraestructura:<\/strong> Otro factor cr\u00edtico es el establecimiento de nuevos centros de carga. Este tipo de infraestructuras fueron impulsadas por la creciente demanda de servicios de transporte, especialmente por parte de los proveedores. En consecuencia, afecta el desarrollo de mejores sistemas de navegaci\u00f3n, carga dedicada para atender diferentes mercanc\u00edas, mejores rutas de entrega y otros factores relacionados.<\/li>\n\n\n\n<li><strong>Demanda de entrega m\u00e1s r\u00e1pida de productos farmac\u00e9uticos:<\/strong> Durante la pandemia, la necesidad de entrega inmediata de vacunas, tanques de ox\u00edgeno y otros productos m\u00e9dicos se convirti\u00f3 en una prioridad. Este servicio de entrega sigue siendo de suma importancia. La mayor\u00eda de estos productos requieren que la carga tome medidas adicionales debido a la sensibilidad al tiempo, la temperatura y el valor del medicamento. Un servicio de carga de calidad constante mantiene el valor y la integridad del producto m\u00e9dico.<\/li>\n\n\n\n<li><strong>Comercializaci\u00f3n de Veh\u00edculos Aut\u00f3nomos:<\/strong> Muchos fabricantes de autom\u00f3viles han estado desarrollando sus veh\u00edculos aut\u00f3nomos sin conductor aptos para servicios de almac\u00e9n y log\u00edstica.<\/li>\n<\/ul>\n\n\n\n<h2 class=\"wp-block-heading\">Problemas para el mercado de carga<\/h2>\n\n\n\n<p>La demanda continua de servicios de carga y las expectativas de estrategias m\u00e1s innovadoras tambi\u00e9n significan que el mercado de carga enfrenta desaf\u00edos incesantes, especialmente para varios transportistas.<\/p>\n\n\n\n<p>Es comprensible que, desde el punto de vista de la inversi\u00f3n, estos desaf\u00edos deban tenerse en cuenta para evitar decisiones financieras fatales. Algunos de estos desaf\u00edos son:<\/p>\n\n\n\n<ul class=\"wp-block-list\">\n<li><strong>Precio del pico del petr\u00f3leo:<\/strong> Los precios inflados aumentan los gastos operativos de los transportistas de carga. Para veh\u00edculos, barcos y aviones m\u00e1s grandes, tambi\u00e9n significa costos m\u00e1s elevados, ya que las naves m\u00e1s grandes implican un mayor consumo de petr\u00f3leo.<\/li>\n\n\n\n<li><strong>Manipulaci\u00f3n de la carga:<\/strong> A medida que aumenta el n\u00famero de entregas y env\u00edos, existe una expectativa de eficiencia en el manejo de la carga. Sin embargo, no se espera que todo el personal de almac\u00e9n y transportista se adapte inmediatamente al cambio considerando la repentina afluencia de entregas. Existe la posibilidad de que los paquetes se manejen mal, lo que puede provocar devoluciones y tarifas costosas tanto para los transportistas como para los proveedores.<\/li>\n\n\n\n<li><strong>Predicciones de mal tiempo:<\/strong> El clima afecta las condiciones del tr\u00e1fico, provocando carreteras resbaladizas, aguas turbulentas y vuelos cancelados. Una predicci\u00f3n meteorol\u00f3gica err\u00f3nea perjudica la seguridad del personal de reparto y la integridad de los paquetes.<\/li>\n<\/ul>","protected":false},"excerpt":{"rendered":"<p>El mercado de carga hab\u00eda crecido significativamente a principios del siglo XXI. La econom\u00eda global es el principal componente del r\u00e1pido crecimiento.<\/p>","protected":false},"author":1,"featured_media":64794,"parent":14514,"menu_order":275,"comment_status":"closed","ping_status":"closed","template":"","meta":{"footnotes":""},"class_list":["post-42589","page","type-page","status-publish","has-post-thumbnail"],"_links":{"self":[{"href":"https:\/\/www.sisinternational.com\/es\/wp-json\/wp\/v2\/pages\/42589","targetHints":{"allow":["GET"]}}],"collection":[{"href":"https:\/\/www.sisinternational.com\/es\/wp-json\/wp\/v2\/pages"}],"about":[{"href":"https:\/\/www.sisinternational.com\/es\/wp-json\/wp\/v2\/types\/page"}],"author":[{"embeddable":true,"href":"https:\/\/www.sisinternational.com\/es\/wp-json\/wp\/v2\/users\/1"}],"replies":[{"embeddable":true,"href":"https:\/\/www.sisinternational.com\/es\/wp-json\/wp\/v2\/comments?post=42589"}],"version-history":[{"count":6,"href":"https:\/\/www.sisinternational.com\/es\/wp-json\/wp\/v2\/pages\/42589\/revisions"}],"predecessor-version":[{"id":81214,"href":"https:\/\/www.sisinternational.com\/es\/wp-json\/wp\/v2\/pages\/42589\/revisions\/81214"}],"up":[{"embeddable":true,"href":"https:\/\/www.sisinternational.com\/es\/wp-json\/wp\/v2\/pages\/14514"}],"wp:featuredmedia":[{"embeddable":true,"href":"https:\/\/www.sisinternational.com\/es\/wp-json\/wp\/v2\/media\/64794"}],"wp:attachment":[{"href":"https:\/\/www.sisinternational.com\/es\/wp-json\/wp\/v2\/media?parent=42589"}],"curies":[{"name":"wp","href":"https:\/\/api.w.org\/{rel}","templated":true}]}}