{"id":42586,"date":"2023-04-29T22:25:09","date_gmt":"2023-04-30T02:25:09","guid":{"rendered":"https:\/\/www.sisinternational.com\/?page_id=42586"},"modified":"2026-03-12T13:28:31","modified_gmt":"2026-03-12T17:28:31","slug":"investigacion-de-mercado-de-pasteles","status":"publish","type":"page","link":"https:\/\/www.sisinternational.com\/es\/soluciones\/investigacion-de-mercado-de-la-industria-de-alimentos-y-bebidas\/investigacion-de-mercado-de-pasteles\/","title":{"rendered":"Investigaci\u00f3n de mercado de pasteles"},"content":{"rendered":"<h1 class=\"wp-block-heading\">Investigaci\u00f3n de mercado de pasteles<\/h1>\n\n\n\n<figure class=\"gb-block-image gb-block-image-87a748d3\"><img loading=\"lazy\" decoding=\"async\" width=\"1456\" height=\"816\" class=\"gb-image gb-image-87a748d3\" src=\"https:\/\/www.sisinternational.com\/wp-content\/uploads\/2025\/08\/Cake-4.jpg\" alt=\"Investigaci\u00f3n y estrategia de mercado internacional de SIS\" title=\"Cake (4)\" srcset=\"https:\/\/www.sisinternational.com\/wp-content\/uploads\/2025\/08\/Cake-4.jpg 1456w, https:\/\/www.sisinternational.com\/wp-content\/uploads\/2025\/08\/Cake-4-300x168.jpg 300w, https:\/\/www.sisinternational.com\/wp-content\/uploads\/2025\/08\/Cake-4-1024x574.jpg 1024w, https:\/\/www.sisinternational.com\/wp-content\/uploads\/2025\/08\/Cake-4-768x430.jpg 768w, https:\/\/www.sisinternational.com\/wp-content\/uploads\/2025\/08\/Cake-4-18x10.jpg 18w\" sizes=\"auto, (max-width: 1456px) 100vw, 1456px\"><\/figure>\n\n\n\n<p><\/p>\n\n\n\n<p>La investigaci\u00f3n de mercado de pasteles es un proceso vital que proporciona informaci\u00f3n sobre la descripci\u00f3n general del mercado de pasteles, el segmento del mercado de pasteles, las ofertas de productos del mercado de pasteles y los impulsores del mercado de la industria de pasteles. Comprender los datos y las estrategias en la investigaci\u00f3n de mercado de pasteles es crucial para que los actores de la industria sigan siendo competitivos y satisfagan las necesidades en constante evoluci\u00f3n de los consumidores. Con la creciente demanda de pasteles asequibles y de alta calidad, el mercado de pasteles est\u00e1 preparado para un crecimiento y desarrollo continuo en los pr\u00f3ximos a\u00f1os.<\/p>\n\n\n\n<h2 class=\"wp-block-heading\">Descripci\u00f3n general del mercado de pasteles<\/h2>\n\n\n\n<p>La industria de la pasteler\u00eda es un sector din\u00e1mico y en crecimiento que ofrece una amplia gama de productos a los consumidores. El mercado de la pasteler\u00eda es un mercado altamente competitivo con numerosos actores, desde grandes corporaciones multinacionales hasta peque\u00f1as panader\u00edas locales. El mercado de pasteles est\u00e1 impulsado por la creciente demanda de pasteles asequibles y de alta calidad, que est\u00e9n disponibles en una variedad de sabores y dise\u00f1os.<\/p>\n\n\n\n<h2 class=\"wp-block-heading\">Descripci\u00f3n del producto<\/h2>\n\n\n\n<p>La oferta de productos del mercado de pasteles incluye una amplia gama de pasteles que se adaptan a diferentes gustos y preferencias. La oferta de productos en el mercado de pasteles incluye pasteles premium, pasteles regulares y pasteles econ\u00f3micos. Las tartas premium son productos de alta gama que ofrecen sabores y dise\u00f1os \u00fanicos y sofisticados. Las tartas normales son las m\u00e1s comunes y ampliamente disponibles en el mercado. Los pasteles econ\u00f3micos son productos de bajo costo que est\u00e1n al alcance de una gama m\u00e1s amplia de consumidores. Las ofertas de productos del mercado de pasteles var\u00edan seg\u00fan el segmento del mercado de pasteles y el p\u00fablico objetivo.<\/p>\n\n\n\n<p>Los impulsores del mercado de la industria de la torta son factores que influyen en el crecimiento y desarrollo del mercado de la torta.<\/p>\n\n\n\n<h2 class=\"wp-block-heading\">Segmento de mercado de pasteles<\/h2>\n\n\n\n<p>Segmenting the industry is an essential aspect of cake market research. The cake market is segmented based on the type of cake, the occasion, and the distribution channel. The type of cake includes sponge cakes, cheesecakes, fruit cakes, and others. The occasion includes birthdays, weddings, festivals, and others. The distribution channel includes supermarkets, hypermarkets, online stores, and others. <a href=\"https:\/\/www.sisinternational.com\/es\/estudio-de-caso-de-sis-sobre-informacion-sobre-tiendas-en-todo-el-mundo\/\" title=\"Informaci\u00f3n sobre los compradores en la tienda: estudio de caso de investigaci\u00f3n de mercado\"  data-wpil-monitor-id=\"9733\">Market research provides insights<\/a> into the various market segments that way, industry players can tailor their products and marketing strategies to meet the needs of specific target audiences.<\/p>\n\n\n\n<h2 class=\"wp-block-heading\">Impulsores de la industria<\/h2>\n\n\n\n<figure class=\"gb-block-image gb-block-image-c3b6ba03\"><img loading=\"lazy\" decoding=\"async\" width=\"1456\" height=\"816\" class=\"gb-image gb-image-c3b6ba03\" src=\"https:\/\/www.sisinternational.com\/wp-content\/uploads\/2025\/08\/Cake-1.jpg\" alt=\"Investigaci\u00f3n y estrategia de mercado internacional de SIS\" title=\"Cake (1)\" srcset=\"https:\/\/www.sisinternational.com\/wp-content\/uploads\/2025\/08\/Cake-1.jpg 1456w, https:\/\/www.sisinternational.com\/wp-content\/uploads\/2025\/08\/Cake-1-300x168.jpg 300w, https:\/\/www.sisinternational.com\/wp-content\/uploads\/2025\/08\/Cake-1-1024x574.jpg 1024w, https:\/\/www.sisinternational.com\/wp-content\/uploads\/2025\/08\/Cake-1-768x430.jpg 768w, https:\/\/www.sisinternational.com\/wp-content\/uploads\/2025\/08\/Cake-1-18x10.jpg 18w\" sizes=\"auto, (max-width: 1456px) 100vw, 1456px\"><\/figure>\n\n\n\n<p><\/p>\n\n\n\n<h3 class=\"wp-block-heading\">La investigaci\u00f3n de mercado proporciona informaci\u00f3n sobre los impulsores del mercado de la industria de la pasteler\u00eda que incluyen, entre otros, los siguientes:<\/h3>\n\n\n\n<ul class=\"wp-block-list\">\n<li>Creciente demanda de pasteles. El aumento de la poblaci\u00f3n, la urbanizaci\u00f3n y la creciente conciencia de los pasteles como una forma de capricho est\u00e1n impulsando la demanda de pasteles.<\/li>\n\n\n\n<li>Cambiando las preferencias de los consumidores. Los consumidores exigen opciones de pasteles m\u00e1s saludables, sabores \u00fanicos e innovadores y pasteles personalizados que se adapten a sus gustos y preferencias individuales.<\/li>\n\n\n\n<li>Aumento de la renta disponible. A medida que aumenta el ingreso disponible, los consumidores est\u00e1n m\u00e1s dispuestos a gastar en pasteles premium y productos de alta gama.<\/li>\n\n\n\n<li>Technological advancements. The cake industry is leveraging advanced equipment, software, and <a href=\"https:\/\/www.sisinternational.com\/es\/pericia\/industrias\/consultoria-de-estrategia-de-investigacion-de-mercado-de-identidad-digital\/\" title=\"Investigaci\u00f3n de Mercado de Identidad Digital y Consultor\u00eda Estrat\u00e9gica\"  data-wpil-monitor-id=\"9729\">digital marketing strategies<\/a> to improve the quality of cakes and reach a wider audience.<\/li>\n\n\n\n<li>Cambio hacia la venta online. Existe una tendencia creciente hacia la venta online de pasteles, ya que los consumidores buscan cada vez m\u00e1s la comodidad de comprar desde casa y recibir sus pedidos a trav\u00e9s de servicios de entrega.<\/li>\n\n\n\n<li><a href=\"https:\/\/www.sisinternational.com\/es\/soluciones\/soluciones-de-branding-e-investigacion-de-clientes\/que-es-el-marketing-de-influencers\/\" title=\"\u00bfQu\u00e9 es el marketing de influencers? \u00bfMarketing de medios sociales?\"  data-wpil-monitor-id=\"9731\">Influence of social media<\/a>. Social media channels are playing an increasingly important role in shaping consumer preferences and driving demand for cakes through the sharing of cake-related content, reviews, and recommendations.<\/li>\n\n\n\n<li>Aumento de la competencia. La industria de la pasteler\u00eda se est\u00e1 volviendo altamente competitiva, con nuevas empresas ingresando al mercado y otras establecidas que buscan diferenciarse a trav\u00e9s de productos innovadores, estrategias de marketing y experiencias de los clientes.<\/li>\n<\/ul>\n\n\n\n<h2 class=\"wp-block-heading\">Metodolog\u00edas<\/h2>\n\n\n\n<p>Existe una variedad de metodolog\u00edas de investigaci\u00f3n que se pueden utilizar al realizar una investigaci\u00f3n de mercado sobre pasteles. En estos procedimientos de investigaci\u00f3n se incluyen m\u00e9todos cuantitativos y cualitativos.<\/p>\n\n\n\n<h3 class=\"wp-block-heading\">Aqu\u00ed hay cinco metodolog\u00edas de investigaci\u00f3n relevantes para la industria de la pasteler\u00eda, junto con ejemplos:<\/h3>\n\n\n\n<ol class=\"wp-block-list\">\n<li>Using questionnaires to capture data and strategies in cake market research from a sample of individuals, surveys are a <a href=\"https:\/\/www.sisinternational.com\/es\/quantitative-market-research-methods-and-techniques\/\" title=\"Quantitative Market Research Methods and Techniques\"  data-wpil-monitor-id=\"9724\">quantitative research method<\/a>. In the cake industry, surveys can be used to collect data on consumer preferences, purchasing patterns, and product satisfaction. For instance, a survey can be conducted to determine which variety of cake is the most well-liked among consumers in a particular region.<\/li>\n\n\n\n<li>Data analysis is a quantitative <a href=\"https:\/\/www.sisinternational.com\/es\/b2b-market-research-strategies-and-techniques\/\" title=\"B2B Market Research Strategies and Techniques\"  data-wpil-monitor-id=\"9727\">research strategy that employs statistical techniques<\/a> to analyze numerical data. In the cake industry, data analysis can be used to comprehend sales trends, consumer behavior, and other crucial market metrics. For instance, data analysis can be used to determine the most popular cake flavors among consumers in a particular region.<\/li>\n\n\n\n<li>Interviews are a <a href=\"https:\/\/www.sisinternational.com\/es\/sampling-techniques-in-qualitative-research-the-complete-guide-to-choosing-the-right-method\/\" title=\"Sampling Techniques in Qualitative Research: The Complete Guide to Choosing the Right Method\"  data-wpil-monitor-id=\"9725\">qualitative research method<\/a> involving one-on-one conversations between a researcher and a participant. In the cake industry, interviews can be used to gain a deeper knowledge of consumer behavior, purchasing preferences, and opinions regarding various cake products. For instance, professional cake decorators can be interviewed to gain insight into their perspectives on the latest cake industry trends.<\/li>\n\n\n\n<li>Another qualitative research method that can be used is utilizing focus groups, where a group of people is gathered to discuss their opinions, attitudes, and experiences regarding a specific cake product. <a href=\"https:\/\/www.sisinternational.com\/es\/focus-groups-that-deliver-real-voices-real-insight-real-advantage\/\" title=\"Focus Groups That Deliver Real Voices, Real Insight, Real Advantage\"  data-wpil-monitor-id=\"9736\">Grupos de enfoque<\/a> can be utilized in the cake industry to gain insight into consumer preferences, flavors, and opinions regarding specific cake products. For instance, a focus group can be used to determine why gluten-free pastries are becoming increasingly popular among consumers.<\/li>\n\n\n\n<li>Las observaciones son un m\u00e9todo de investigaci\u00f3n cualitativo que implica la observaci\u00f3n y el registro del comportamiento en su entorno natural. Las observaciones se pueden utilizar en la industria de la pasteler\u00eda para comprender el comportamiento y las preferencias del consumidor en una panader\u00eda o pasteler\u00eda. Las observaciones se pueden utilizar, por ejemplo, para determinar c\u00f3mo interact\u00faan los clientes con diversos productos de pasteler\u00eda en una panader\u00eda o pasteler\u00eda.<\/li>\n<\/ol>\n\n\n\n<p>Al combinar estos m\u00e9todos, los principales actores y l\u00edderes de la industria de la torta pueden obtener datos y estrategias en la investigaci\u00f3n del mercado de la torta que pueden proporcionar informaci\u00f3n valiosa sobre el comportamiento, las preferencias y la din\u00e1mica del mercado de los consumidores.<\/p>\n\n\n\n<h2 class=\"wp-block-heading\">Acerca de la investigaci\u00f3n de mercado de pasteles<\/h2>\n\n\n\n<figure class=\"gb-block-image gb-block-image-fe41981b\"><img loading=\"lazy\" decoding=\"async\" width=\"1456\" height=\"816\" class=\"gb-image gb-image-fe41981b\" src=\"https:\/\/www.sisinternational.com\/wp-content\/uploads\/2025\/08\/Cake-3.jpg\" alt=\"Investigaci\u00f3n y estrategia de mercado internacional de SIS\" title=\"Cake (3)\" srcset=\"https:\/\/www.sisinternational.com\/wp-content\/uploads\/2025\/08\/Cake-3.jpg 1456w, https:\/\/www.sisinternational.com\/wp-content\/uploads\/2025\/08\/Cake-3-300x168.jpg 300w, https:\/\/www.sisinternational.com\/wp-content\/uploads\/2025\/08\/Cake-3-1024x574.jpg 1024w, https:\/\/www.sisinternational.com\/wp-content\/uploads\/2025\/08\/Cake-3-768x430.jpg 768w, https:\/\/www.sisinternational.com\/wp-content\/uploads\/2025\/08\/Cake-3-18x10.jpg 18w\" sizes=\"auto, (max-width: 1456px) 100vw, 1456px\"><\/figure>\n\n\n\n<p><\/p>\n\n\n\n<p>Cake market research can benefit various stakeholders in the cake industry, including cake manufacturers, cake suppliers, cake retailers, and consumers. <a href=\"https:\/\/www.sisinternational.com\/es\/pericia\/industrias\/investigacion-de-mercado-de-fabricacion-de-alimentos-y-bebidas\/\" title=\"Investigaci\u00f3n de mercado de fabricaci\u00f3n de alimentos y bebidas\"  data-wpil-monitor-id=\"9726\">Market research provides insights so manufacturers<\/a> and suppliers can gain better understanding into consumer preferences, trends, and behaviors to develop new products that meet the evolving needs of the market. Retailers can use <a href=\"https:\/\/www.sisinternational.com\/es\/descuentos-en-tiendas-de-super-lujo\/\" title=\"Descuentos en tiendas de lujo\"  data-wpil-monitor-id=\"2104\">market research to improve their marketing strategies<\/a> and product offerings to attract and retain customers. For consumers, market research can help to ensure that they have access to high-quality and affordable cake products that meet their preferences and needs.<\/p>\n\n\n\n<p>Ultimately, the benefits of cake <a href=\"https:\/\/www.sisinternational.com\/es\/non-profit-market-research\/\" title=\"Investigaci\u00f3n de mercado sin fines de lucro\"  data-wpil-monitor-id=\"1011\">market research include increased profitability<\/a>, improved customer satisfaction, and a better understanding of the market dynamics, which can help to inform decision-making and drive growth in the cake industry.<\/p>","protected":false},"excerpt":{"rendered":"<p>Con la creciente demanda de pasteles asequibles y de alta calidad, el mercado de pasteles est\u00e1 preparado para un mayor crecimiento y desarrollo en los pr\u00f3ximos a\u00f1os.<\/p>","protected":false},"author":1,"featured_media":63933,"parent":22018,"menu_order":274,"comment_status":"closed","ping_status":"closed","template":"","meta":{"footnotes":""},"class_list":["post-42586","page","type-page","status-publish","has-post-thumbnail"],"_links":{"self":[{"href":"https:\/\/www.sisinternational.com\/es\/wp-json\/wp\/v2\/pages\/42586","targetHints":{"allow":["GET"]}}],"collection":[{"href":"https:\/\/www.sisinternational.com\/es\/wp-json\/wp\/v2\/pages"}],"about":[{"href":"https:\/\/www.sisinternational.com\/es\/wp-json\/wp\/v2\/types\/page"}],"author":[{"embeddable":true,"href":"https:\/\/www.sisinternational.com\/es\/wp-json\/wp\/v2\/users\/1"}],"replies":[{"embeddable":true,"href":"https:\/\/www.sisinternational.com\/es\/wp-json\/wp\/v2\/comments?post=42586"}],"version-history":[{"count":6,"href":"https:\/\/www.sisinternational.com\/es\/wp-json\/wp\/v2\/pages\/42586\/revisions"}],"predecessor-version":[{"id":81620,"href":"https:\/\/www.sisinternational.com\/es\/wp-json\/wp\/v2\/pages\/42586\/revisions\/81620"}],"up":[{"embeddable":true,"href":"https:\/\/www.sisinternational.com\/es\/wp-json\/wp\/v2\/pages\/22018"}],"wp:featuredmedia":[{"embeddable":true,"href":"https:\/\/www.sisinternational.com\/es\/wp-json\/wp\/v2\/media\/63933"}],"wp:attachment":[{"href":"https:\/\/www.sisinternational.com\/es\/wp-json\/wp\/v2\/media?parent=42586"}],"curies":[{"name":"wp","href":"https:\/\/api.w.org\/{rel}","templated":true}]}}