{"id":42572,"date":"2023-04-28T17:48:35","date_gmt":"2023-04-28T21:48:35","guid":{"rendered":"https:\/\/www.sisinternational.com\/?page_id=42572"},"modified":"2026-01-24T21:02:09","modified_gmt":"2026-01-25T02:02:09","slug":"investigacion-de-mercado-de-biotecnologia","status":"publish","type":"page","link":"https:\/\/www.sisinternational.com\/es\/pericia\/investigacion-de-mercado-de-biotecnologia\/","title":{"rendered":"Investigaci\u00f3n de Mercado de Biotecnolog\u00eda"},"content":{"rendered":"<h1 class=\"wp-block-heading\">Investigaci\u00f3n de Mercado de Biotecnolog\u00eda<\/h1>\n\n\n\n<figure class=\"gb-block-image gb-block-image-e7020e19\"><img loading=\"lazy\" decoding=\"async\" width=\"1456\" height=\"816\" class=\"gb-image gb-image-e7020e19\" src=\"https:\/\/www.sisinternational.com\/wp-content\/uploads\/2025\/08\/Biofurl-2.jpg\" alt=\"Investigaci\u00f3n y estrategia de mercado internacional de SIS\" title=\"Biofurl (2)\" srcset=\"https:\/\/www.sisinternational.com\/wp-content\/uploads\/2025\/08\/Biofurl-2.jpg 1456w, https:\/\/www.sisinternational.com\/wp-content\/uploads\/2025\/08\/Biofurl-2-300x168.jpg 300w, https:\/\/www.sisinternational.com\/wp-content\/uploads\/2025\/08\/Biofurl-2-1024x574.jpg 1024w, https:\/\/www.sisinternational.com\/wp-content\/uploads\/2025\/08\/Biofurl-2-768x430.jpg 768w, https:\/\/www.sisinternational.com\/wp-content\/uploads\/2025\/08\/Biofurl-2-18x10.jpg 18w\" sizes=\"auto, (max-width: 1456px) 100vw, 1456px\"><\/figure>\n\n\n\n<p><\/p>\n\n\n\n<p>La biotecnolog\u00eda es un campo de la ciencia que utiliza organismos vivos o sus partes. La biotecnolog\u00eda desarrolla o cambia productos, procesos o tecnolog\u00edas para aplicaciones espec\u00edficas. Abarca varias disciplinas, incluidas la biolog\u00eda, la gen\u00e9tica, la bioqu\u00edmica, la microbiolog\u00eda y la ingenier\u00eda. Tiene aplicaciones en m\u00faltiples campos, como la agricultura y la medicina. Las ciencias ambientales y la fabricaci\u00f3n industrial tambi\u00e9n utilizan la biotecnolog\u00eda.<\/p>\n\n\n\n<p>Podemos categorizar la Biotecnolog\u00eda en dos \u00e1reas principales: tradicional y moderna. La Biotecnolog\u00eda Tradicional utiliza procesos biol\u00f3gicos naturales, como la fermentaci\u00f3n. Los t\u00e9cnicos lo utilizan para producir alimentos, bebidas y otros productos. Los ejemplos incluyen la producci\u00f3n de queso, yogur y cerveza.<\/p>\n\n\n\n<p>Modern Biotechnology involves the manipulation of living organisms at the molecular level. We use it to develop new products, processes, or technologies, including genetic engineering, where scientists change DNA. Or they may transfer it from one organism to another. The result is for it to produce desired traits or characteristics. Modern Biotechnology has led to <a href=\"https:\/\/www.sisinternational.com\/es\/pericia\/industrias\/investigacion-de-mercado-de-alimentos-y-bebidas-con-organismos-geneticamente-modificados\/\" title=\"Investigaci\u00f3n de mercado de alimentos y bebidas de organismos gen\u00e9ticamente modificados\"  data-wpil-monitor-id=\"9422\">genetically modified organisms<\/a> (GMOs). It also ushered in gene editing technologies like CRISPR-Cas9. Finally, it has led to biopharmaceuticals such as insulin and vaccines.<\/p>\n\n\n\n<p>La biotecnolog\u00eda tiene muchas aplicaciones en diversos campos. En agricultura, los cient\u00edficos lo utilizan para desarrollar cultivos gen\u00e9ticamente modificados. Estos cultivos son resistentes a plagas, enfermedades y condiciones ambientales. Por tanto, la biotecnolog\u00eda conduce a un aumento del rendimiento de los cultivos y a una reducci\u00f3n del uso de pesticidas.<\/p>\n\n\n\n<p>Otro uso de la biotecnolog\u00eda es el desarrollo de nuevos f\u00e1rmacos y terapias para enfermedades en medicina. Por ejemplo, existen terapias gen\u00e9ticas para trastornos gen\u00e9ticos e inmunoterapias contra el c\u00e1ncer. En ciencias ambientales utilizamos la Biotecnolog\u00eda para desarrollar biocombustibles y procesos de biorremediaci\u00f3n. Tambi\u00e9n lo utilizamos para soluciones sostenibles de gesti\u00f3n de residuos. En la fabricaci\u00f3n industrial, otro uso de la biotecnolog\u00eda es la producci\u00f3n de enzimas. Tambi\u00e9n lo utilizamos para materiales de origen biol\u00f3gico y biopl\u00e1sticos.<\/p>\n\n\n\n<h2 class=\"wp-block-heading\">\u00bfPor qu\u00e9 es importante la biotecnolog\u00eda?<\/h2>\n\n\n\n<p>La biotecnolog\u00eda es esencial por varias razones. El primero es para la mejora de la salud humana. La biotecnolog\u00eda ha revolucionado la medicina y la asistencia sanitaria. Al menos, permite el desarrollo de nuevos medicamentos, terapias y tecnolog\u00edas m\u00e9dicas. La biotecnolog\u00eda tambi\u00e9n desempe\u00f1a un papel crucial en el diagn\u00f3stico, la medicina personalizada y la medicina regenerativa. Adem\u00e1s. Ofrece nuevas formas de diagnosticar, tratar y prevenir enfermedades.<\/p>\n\n\n\n<p>La biotecnolog\u00eda puede revolucionar muchos aspectos de nuestras vidas. Ha planteado consideraciones \u00e9ticas, sociales y regulatorias. Adem\u00e1s, tiene el potencial de contribuir a resolver desaf\u00edos globales. Por ejemplo, puede ayudar con la seguridad alimentaria, la erradicaci\u00f3n de enfermedades y la sostenibilidad ambiental. Pero requiere una cuidadosa consideraci\u00f3n de las implicaciones sociales, \u00e9ticas y de seguridad. Los cient\u00edficos pueden dise\u00f1ar cultivos gen\u00e9ticamente modificados para resistir plagas, enfermedades y condiciones ambientales. Mejora el rendimiento agr\u00edcola y reduce la necesidad de pesticidas qu\u00edmicos. La biotecnolog\u00eda tambi\u00e9n se utiliza para desarrollar biocombustibles, biopl\u00e1sticos y otros materiales sostenibles. Del mismo modo, ofrece una alternativa a los combustibles f\u00f3siles y reduce el impacto ambiental.<\/p>\n\n\n\n<p>Biotechnology has applications in various industrial processes, including enzyme production, fermentation, and bio-processing. It can lead to more efficient and sustainable manufacturing practices. Many industries use enzymes produced through biotechnology. These <a href=\"https:\/\/www.sisinternational.com\/es\/soluciones\/investigacion-de-mercado-de-la-industria-de-alimentos-y-bebidas\/\" title=\"Estudio de mercado de la industria alimentaria y de bebidas\"  data-wpil-monitor-id=\"9425\">industries include food and beverage<\/a>, detergents, textiles, and biofuels. They use enzymes to improve processes, reduce waste, and enhance product quality.<\/p>\n\n\n\n<p>La biotecnolog\u00eda proporciona herramientas y t\u00e9cnicas esenciales para la investigaci\u00f3n cient\u00edfica. Los cient\u00edficos ahora tienen acceso a la ingenier\u00eda gen\u00e9tica junto con tecnolog\u00edas de edici\u00f3n de genes como CRISPR-Cas9. Estas y otras herramientas biotecnol\u00f3gicas les permiten manipular y estudiar genes. Tambi\u00e9n pueden utilizar estas herramientas para aprender sobre prote\u00ednas y otras mol\u00e9culas biol\u00f3gicas. Las herramientas conducen a avances en la comprensi\u00f3n de la biolog\u00eda b\u00e1sica, la gen\u00e9tica y los mecanismos de las enfermedades.<\/p>\n\n\n\n<p>La biotecnolog\u00eda es una industria en expansi\u00f3n que fomenta el crecimiento econ\u00f3mico y la innovaci\u00f3n. De hecho, tiene el potencial de crear nuevos empleos y estimular el desarrollo econ\u00f3mico. Tambi\u00e9n puede impulsar avances tecnol\u00f3gicos. Muchas empresas de biotecnolog\u00eda est\u00e1n a la vanguardia de la innovaci\u00f3n. Est\u00e1n desarrollando nuevos productos, procesos y tecnolog\u00edas con aplicaciones comerciales y valor econ\u00f3mico.<\/p>\n\n\n\n<p>Otro punto clave sobre la biotecnolog\u00eda es que tiene el potencial de promover la agricultura sostenible. Lo har\u00e1 reduciendo el uso de fertilizantes y pesticidas qu\u00edmicos. Tambi\u00e9n mejora el rendimiento de los cultivos y conserva los recursos naturales. La biotecnolog\u00eda tambi\u00e9n desempe\u00f1a un papel en la conservaci\u00f3n del medio ambiente mediante la biorremediaci\u00f3n. Este m\u00e9todo utiliza organismos vivos para limpiar los contaminantes del suelo, el agua y el aire. Este m\u00e9todo alternativo funciona mediante el desarrollo de materiales y procesos de base biol\u00f3gica. Estas t\u00e9cnicas son m\u00e1s respetuosas con el medio ambiente que los m\u00e9todos tradicionales.<\/p>\n\n\n\n<h2 class=\"wp-block-heading\">T\u00edtulos de trabajo clave<\/h2>\n\n\n\n<figure class=\"gb-block-image gb-block-image-111c67a4\"><img loading=\"lazy\" decoding=\"async\" width=\"1456\" height=\"816\" class=\"gb-image gb-image-111c67a4\" src=\"https:\/\/www.sisinternational.com\/wp-content\/uploads\/2025\/08\/Biofurl-3.jpg\" alt=\"Investigaci\u00f3n y estrategia de mercado internacional de SIS\" title=\"Biofurl (3)\" srcset=\"https:\/\/www.sisinternational.com\/wp-content\/uploads\/2025\/08\/Biofurl-3.jpg 1456w, https:\/\/www.sisinternational.com\/wp-content\/uploads\/2025\/08\/Biofurl-3-300x168.jpg 300w, https:\/\/www.sisinternational.com\/wp-content\/uploads\/2025\/08\/Biofurl-3-1024x574.jpg 1024w, https:\/\/www.sisinternational.com\/wp-content\/uploads\/2025\/08\/Biofurl-3-768x430.jpg 768w, https:\/\/www.sisinternational.com\/wp-content\/uploads\/2025\/08\/Biofurl-3-18x10.jpg 18w\" sizes=\"auto, (max-width: 1456px) 100vw, 1456px\"><\/figure>\n\n\n\n<p><\/p>\n\n\n\n<p>El campo de la biotecnolog\u00eda tiene varios t\u00edtulos de trabajo. Estos t\u00edtulos abarcan una amplia gama de funciones y responsabilidades. Algunos t\u00edtulos de trabajo esenciales en biotecnolog\u00eda incluyen:<\/p>\n\n\n\n<ul class=\"wp-block-list\">\n<li><strong>Cient\u00edfico Biom\u00e9dico:<\/strong> Conducts <a href=\"https:\/\/www.sisinternational.com\/es\/pericia\/curriculums-de-experiencia\/curriculum-de-experiencia-en-estudios-de-etnografia\/\" title=\"Experiencia en investigaci\u00f3n de mercado en etnograf\u00eda.\"  data-wpil-monitor-id=\"9426\">research and experiments<\/a> on human health and medicine. Job includes developing and testing new drugs, therapies, and medical technologies.<\/li>\n\n\n\n<li><strong>Genetista:<\/strong> Estudia genes y rasgos gen\u00e9ticos y realiza investigaciones gen\u00e9ticas. Puede hacer ingenier\u00eda gen\u00e9tica y trabajar con tecnolog\u00edas de edici\u00f3n de genes.<\/li>\n\n\n\n<li><strong>Biotecn\u00f3logo:<\/strong> Aplica principios y t\u00e9cnicas para desarrollar nuevos productos, procesos o tecnolog\u00edas. Trabaja en agricultura, medicina, ciencias ambientales o fabricaci\u00f3n industrial.<\/li>\n\n\n\n<li><strong>Bioqu\u00edmico:<\/strong> Estudia los procesos qu\u00edmicos y las sustancias que ocurren dentro de los organismos vivos. Puede realizar investigaciones relacionadas con enzimas, prote\u00ednas y otras mol\u00e9culas biol\u00f3gicas.<\/li>\n\n\n\n<li><strong>Microbi\u00f3logo:<\/strong> Estudia microorganismos como bacterias, virus y hongos. Puede realizar investigaciones relacionadas con la fermentaci\u00f3n, la biorremediaci\u00f3n y otros procesos microbiol\u00f3gicos.<\/li>\n\n\n\n<li><strong>Investigador cient\u00edfico:<\/strong> Realiza investigaciones en un \u00e1rea espec\u00edfica de la biotecnolog\u00eda. Por ejemplo, pueden realizar an\u00e1lisis gen\u00e9ticos, desarrollo de f\u00e1rmacos o biotecnolog\u00eda agr\u00edcola. Puede trabajar en la academia, el gobierno o la industria.<\/li>\n\n\n\n<li><strong>Especialista en Bioinform\u00e1tica:<\/strong> Utiliza herramientas y t\u00e9cnicas computacionales para analizar datos biol\u00f3gicos. Por ejemplo, pueden trabajar con secuencias de ADN y estructuras de prote\u00ednas. Tambi\u00e9n pueden analizar datos gen\u00e9ticos, descubrimiento de f\u00e1rmacos y otras aplicaciones bioinform\u00e1ticas.<\/li>\n\n\n\n<li><strong>Ingeniero de Bioprocesos:<\/strong> Dise\u00f1a y optimiza t\u00e9cnicas y equipos para productos biofarmac\u00e9uticos. Un ingeniero de bioprocesos tambi\u00e9n trabaja con enzimas y otros productos biotecnol\u00f3gicos.<\/li>\n\n\n\n<li><strong>Especialista de Asuntos Regulatorios:<\/strong> Garantiza el cumplimiento de los requisitos reglamentarios. El especialista en asuntos regulatorios conoce los lineamientos para el desarrollo, fabricaci\u00f3n y comercializaci\u00f3n de productos biotecnol\u00f3gicos. Puede obtener aprobaciones regulatorias para nuevos medicamentos, terapias u organismos gen\u00e9ticamente modificados.<\/li>\n\n\n\n<li><strong>Gerente de Desarrollo de Negocios:<\/strong> Identifica oportunidades de negocio y desarrolla alianzas. El gerente de desarrollo comercial maneja las relaciones con las partes interesadas en la industria de la biotecnolog\u00eda, incluidos inversores, clientes y colaboradores.<\/li>\n\n\n\n<li><strong>Especialista en Control de Calidad\/Garant\u00eda de Calidad:<\/strong> Garantiza la calidad y seguridad de los productos biotecnol\u00f3gicos. Puede hacerlo mediante pruebas, inspecciones y el cumplimiento de los requisitos reglamentarios.<\/li>\n\n\n\n<li><strong>Asociado de investigaci\u00f3n cl\u00ednica:<\/strong> Realiza ensayos cl\u00ednicos y prueba la seguridad y eficacia de productos biofarmac\u00e9uticos y otros productos m\u00e9dicos. Este asociado puede colaborar con proveedores de atenci\u00f3n m\u00e9dica, pacientes y agencias reguladoras.<\/li>\n<\/ul>\n\n\n\n<h2 class=\"wp-block-heading\">\u00bfPor qu\u00e9 las empresas necesitan la biotecnolog\u00eda?<\/h2>\n\n\n\n<h3 class=\"wp-block-heading\">Las empresas necesitan la biotecnolog\u00eda por varias razones.<\/h3>\n\n\n\n<p>La biotecnolog\u00eda permite a las empresas desarrollar productos, procesos y tecnolog\u00edas innovadores. Estos productos, procesos y tecnolog\u00edas pueden proporcionar una ventaja competitiva en el mercado. Los avances biotecnol\u00f3gicos pueden conducir a la creaci\u00f3n de nuevos medicamentos, terapias y productos agr\u00edcolas. Tambi\u00e9n pueden inspirar a las empresas a fabricar enzimas industriales y otros bioproductos. Estos productos pueden tener propiedades mejoradas, como mayor estabilidad, especificidad y eficiencia. Pueden satisfacer necesidades insatisfechas. Tambi\u00e9n pueden mejorar el rendimiento de diversos procesos y productos industriales. La biotecnolog\u00eda puede diferenciar una empresa de sus competidores.<\/p>\n\n\n\n<p>La biotecnolog\u00eda puede ayudar a las empresas a mejorar el rendimiento y la calidad de sus productos. Por ejemplo, las empresas agr\u00edcolas pueden utilizar tecnolog\u00edas de ingenier\u00eda gen\u00e9tica y edici\u00f3n de genes. Pueden desarrollar cultivos con caracter\u00edsticas mejoradas, como la resistencia a enfermedades. O pueden mejorar el contenido nutricional y la vida \u00fatil de los cultivos.<\/p>\n\n\n\n<p>La biotecnolog\u00eda permite a las empresas desarrollar soluciones sostenibles que no da\u00f1en el medio ambiente. Por ejemplo, pueden utilizar la biotecnolog\u00eda para producir biomateriales y biocombustibles. Tambi\u00e9n pueden fabricar pl\u00e1sticos biodegradables con menor impacto ambiental que los materiales tradicionales. La biotecnolog\u00eda tambi\u00e9n puede reducir el uso de pesticidas y fertilizantes qu\u00edmicos en la agricultura. Puede conducir a pr\u00e1cticas agr\u00edcolas m\u00e1s sostenibles y respetuosas con el medio ambiente.<\/p>\n\n\n\n<p>La biotecnolog\u00eda puede ayudar a las empresas a desarrollar procesos rentables y eficientes. Pueden utilizar estos procesos para el desarrollo de productos, la fabricaci\u00f3n y otras operaciones. El bioprocesamiento, por ejemplo, puede permitir la producci\u00f3n de enzimas y productos biofarmac\u00e9uticos complejos. Esto es posible gracias a procesos de fermentaci\u00f3n escalables y eficientes. La biotecnolog\u00eda tambi\u00e9n puede conducir a procesos simplificados para pruebas y diagn\u00f3sticos gen\u00e9ticos. Estos procesos reducen los costos y aumentan la eficiencia.<\/p>\n\n\n\n<p>Las empresas de biotecnolog\u00eda deben navegar por complejos panoramas regulatorios para garantizar el cumplimiento de diversas regulaciones. El cumplimiento les permite obtener aprobaciones de productos. Los especialistas en asuntos regulatorios son cruciales para ayudar a las empresas a comprender y cumplir los requisitos regulatorios. Las empresas de biotecnolog\u00eda deben poder navegar los procesos regulatorios y obtener las licencias necesarias. Los posiciona mejor para acceder a los mercados, atraer inversores y lograr el \u00e9xito comercial.<\/p>\n\n\n\n<p>Las empresas de biotecnolog\u00eda a menudo necesitan colaboraciones y asociaciones con instituciones de investigaci\u00f3n. Tambi\u00e9n pueden trabajar con centros acad\u00e9micos, proveedores de atenci\u00f3n m\u00e9dica y otras partes interesadas. La colaboraci\u00f3n puede proporcionar acceso a experiencia, recursos y financiaci\u00f3n. Tambi\u00e9n puede facilitar la traducci\u00f3n de los resultados de la investigaci\u00f3n en productos comerciales. Los gerentes de desarrollo empresarial y otros profesionales son esenciales. Pueden ayudar a identificar y establecer colaboraciones y asociaciones estrat\u00e9gicas.<\/p>\n\n\n\n<p>Las empresas de biotecnolog\u00eda necesitan una fuerza laboral capacitada y con conocimientos en diversos campos. Por ejemplo, deber\u00edan conocer biolog\u00eda molecular, gen\u00e9tica, bioqu\u00edmica, bioinform\u00e1tica y asuntos regulatorios. De esa manera, podr\u00e1n desarrollar y comercializar productos y tecnolog\u00edas biotecnol\u00f3gicas. Atraer y retener a los mejores talentos con la experiencia necesaria en biotecnolog\u00eda es crucial. Puede conducir al \u00e9xito de un negocio de biotecnolog\u00eda. Las empresas necesitan una fuerza laboral capacitada, motivada y comprometida con la misi\u00f3n y los objetivos de la empresa. Una fuerza laboral as\u00ed puede impulsar la innovaci\u00f3n, la productividad y el \u00e9xito.<\/p>\n\n\n\n<h2 class=\"wp-block-heading\">Factores claves del \u00e9xito<\/h2>\n\n\n\n<figure class=\"gb-block-image gb-block-image-5b8c80af\"><img loading=\"lazy\" decoding=\"async\" width=\"1456\" height=\"816\" class=\"gb-image gb-image-5b8c80af\" src=\"https:\/\/www.sisinternational.com\/wp-content\/uploads\/2025\/08\/Biofurl-1.jpg\" alt=\"Investigaci\u00f3n y estrategia de mercado internacional de SIS\" title=\"Biofurl (1)\" srcset=\"https:\/\/www.sisinternational.com\/wp-content\/uploads\/2025\/08\/Biofurl-1.jpg 1456w, https:\/\/www.sisinternational.com\/wp-content\/uploads\/2025\/08\/Biofurl-1-300x168.jpg 300w, https:\/\/www.sisinternational.com\/wp-content\/uploads\/2025\/08\/Biofurl-1-1024x574.jpg 1024w, https:\/\/www.sisinternational.com\/wp-content\/uploads\/2025\/08\/Biofurl-1-768x430.jpg 768w, https:\/\/www.sisinternational.com\/wp-content\/uploads\/2025\/08\/Biofurl-1-18x10.jpg 18w\" sizes=\"auto, (max-width: 1456px) 100vw, 1456px\"><\/figure>\n\n\n\n<p><\/p>\n\n\n\n<p>La biotecnolog\u00eda es un campo especializado. Requiere una comprensi\u00f3n profunda de los principios cient\u00edficos y tecnol\u00f3gicos. Un equipo con experiencia en biolog\u00eda molecular, gen\u00e9tica, bioinform\u00e1tica y bioqu\u00edmica es crucial. Estas disciplinas son fundamentales para el \u00e9xito de un negocio de biotecnolog\u00eda. Esta experiencia permite a las empresas desarrollar productos, tecnolog\u00edas y procesos innovadores. De esta manera pueden abordar necesidades no satisfechas, mejorar el desempe\u00f1o y lograr el \u00e9xito en el mercado de la biotecnolog\u00eda.<\/p>\n\n\n\n<p>La innovaci\u00f3n est\u00e1 en el coraz\u00f3n de la biotecnolog\u00eda. Las empresas necesitan invertir en investigaci\u00f3n y desarrollo (I+D). De esa manera, pueden desarrollar nuevos productos, procesos y tecnolog\u00edas. Las capacidades de innovaci\u00f3n e I+D son esenciales. Pueden dar a una empresa de biotecnolog\u00eda una ventaja competitiva en el mercado. Estas capacidades incluyen procesos s\u00f3lidos de generaci\u00f3n, validaci\u00f3n y comercializaci\u00f3n de ideas.<\/p>\n\n\n\n<p>La protecci\u00f3n de la propiedad intelectual (PI) es crucial en el campo de la biotecnolog\u00eda. Ayuda a las empresas a salvaguardar sus invenciones, productos y tecnolog\u00edas. Evita que los competidores los copien o utilicen. Es esencial garantizar patentes, marcas registradas, derechos de autor y otras formas de protecci\u00f3n de la propiedad intelectual. Estas herramientas pueden proporcionar a las empresas derechos exclusivos sobre sus innovaciones. Tambi\u00e9n pueden crear una barrera para los competidores. Por lo tanto, dan a los titulares de patentes\/marcas una ventaja competitiva.<\/p>\n\n\n\n<p>Las empresas de biotecnolog\u00eda necesitan navegar por complejos panoramas regulatorios. Estos paisajes incluyen regulaciones relacionadas con el desarrollo de productos, la fabricaci\u00f3n, la seguridad y el impacto ambiental. Garantizar el cumplimiento de las leyes es fundamental para el \u00e9xito de una empresa de biotecnolog\u00eda. Tambi\u00e9n lo es obtener las aprobaciones necesarias. El incumplimiento normativo puede provocar retrasos, multas y da\u00f1os a la reputaci\u00f3n.<\/p>\n\n\n\n<p>Biotechnology businesses must identify and address real market needs. They must also validate their products or technologies with customers. Understanding customer requirements and <a href=\"https:\/\/www.sisinternational.com\/es\/how-to-conduct-effective-quantitative-market-research\/\" title=\"How to Conduct Effective Quantitative Market Research\"  data-wpil-monitor-id=\"9423\">conducting market research<\/a> are essential. So is obtaining feedback from potential customers. It can help businesses develop products and technologies that meet market demand. It also ensures that these products are viable, giving them a higher chance of success in the market.<\/p>\n\n\n\n<p>Having a well-defined business strategy is essential for success in biotech. This strategy should align with the company\u2019s vision, goals, and market opportunities. It is crucial for success in biotechnology. This includes developing a comprehensive commercialization plan. This plan should cover pricing, distribution, marketing, and sales strategies. Strategic <a href=\"https:\/\/www.sisinternational.com\/es\/publicaciones\/investigacion-de-mercado-empresarial-escalable-7-formas-de-construir-un-negocio-escalable\/\" title=\"Investigaci\u00f3n de mercado empresarial escalable: 7 formas de construir un negocio escalable\"  data-wpil-monitor-id=\"9424\">Market Research can help your business<\/a> in this regard. It allows you to develop a robust business strategy and effective commercialization plan. Thus, you can penetrate the market, generate revenue, and achieve profitability.<\/p>\n\n\n\n<p>Las empresas de biotecnolog\u00eda suelen necesitar importantes recursos financieros. Deben financiar I+D, desarrollo de productos, fabricaci\u00f3n, cumplimiento normativo y esfuerzos de comercializaci\u00f3n. El acceso a una financiaci\u00f3n adecuada es esencial para el \u00e9xito de una empresa de biotecnolog\u00eda. Esta financiaci\u00f3n puede realizarse a trav\u00e9s de recursos internos, capital de riesgo y subvenciones gubernamentales. Tambi\u00e9n puede provenir de otras fuentes.<\/p>\n\n\n\n<p>La biotecnolog\u00eda es un campo en evoluci\u00f3n y las empresas deben ser flexibles. Deben adaptarse a la din\u00e1mica cambiante del mercado, los avances tecnol\u00f3gicos y los requisitos regulatorios. Ser capaz de girar, ajustar estrategias y aprovechar nuevas oportunidades es crucial. Permite el \u00e9xito de una empresa de biotecnolog\u00eda en una industria din\u00e1mica y en constante cambio.<\/p>\n\n\n\n<h2 class=\"wp-block-heading\">Acerca de la investigaci\u00f3n de mercado de biotecnolog\u00eda<\/h2>\n\n\n\n<p>At SIS International, we offer a variety of biotechnology market research reports. These reports provide valuable insights and data on critical segments worldwide. We also offer Quantitative and <a href=\"https:\/\/www.sisinternational.com\/es\/tools-and-resources-for-qualitative-market-research\/\" title=\"Tools and Resources for Qualitative Market Research\"  data-wpil-monitor-id=\"9420\">Qualitative Market research<\/a>, UX, and Strategy Market Research. We do Competitive Analysis, Market Entry, Market Opportunity, and <a href=\"https:\/\/www.sisinternational.com\/es\/pericia\/industrias\/investigacion-de-mercado-de-moteles\/\" title=\"Investigaci\u00f3n de mercado de moteles\"  data-wpil-monitor-id=\"3119\">Investigaci\u00f3n de dimensionamiento del mercado<\/a>. SIS also <a href=\"https:\/\/www.sisinternational.com\/es\/soluciones\/consultoria-estrategica\/habilitacion-de-ventas-investigacion-de-mercado-consultoria-estrategica\/\" title=\"Habilitaci\u00f3n de ventas Investigaci\u00f3n de mercado y consultor\u00eda estrat\u00e9gica\"  data-wpil-monitor-id=\"9421\">enables forming a Go to Market Strategy<\/a>. How? By using information gleaned from Interviews, Surveys, and Focus Groups.<\/p>\n\n\n\n<p><a href=\"https:\/\/www.sisinternational.com\/es\/contacto-sis-investigacion-de-mercado-internacional\/\" title=\"Cont\u00e1ctenos\"  data-wpil-monitor-id=\"9419\">SIS International Research<\/a> is a trusted source of business intelligence. We\u2019ve been doing it for over 40 years. If you need help, our team of knowledgeable research specialists is available.<\/p>","protected":false},"excerpt":{"rendered":"<p>La biotecnolog\u00eda es esencial para la mejora de la salud humana y ha revolucionado la medicina y la asistencia sanitaria.<\/p>","protected":false},"author":1,"featured_media":63777,"parent":14514,"menu_order":270,"comment_status":"closed","ping_status":"closed","template":"","meta":{"footnotes":""},"class_list":["post-42572","page","type-page","status-publish","has-post-thumbnail"],"_links":{"self":[{"href":"https:\/\/www.sisinternational.com\/es\/wp-json\/wp\/v2\/pages\/42572","targetHints":{"allow":["GET"]}}],"collection":[{"href":"https:\/\/www.sisinternational.com\/es\/wp-json\/wp\/v2\/pages"}],"about":[{"href":"https:\/\/www.sisinternational.com\/es\/wp-json\/wp\/v2\/types\/page"}],"author":[{"embeddable":true,"href":"https:\/\/www.sisinternational.com\/es\/wp-json\/wp\/v2\/users\/1"}],"replies":[{"embeddable":true,"href":"https:\/\/www.sisinternational.com\/es\/wp-json\/wp\/v2\/comments?post=42572"}],"version-history":[{"count":5,"href":"https:\/\/www.sisinternational.com\/es\/wp-json\/wp\/v2\/pages\/42572\/revisions"}],"predecessor-version":[{"id":81574,"href":"https:\/\/www.sisinternational.com\/es\/wp-json\/wp\/v2\/pages\/42572\/revisions\/81574"}],"up":[{"embeddable":true,"href":"https:\/\/www.sisinternational.com\/es\/wp-json\/wp\/v2\/pages\/14514"}],"wp:featuredmedia":[{"embeddable":true,"href":"https:\/\/www.sisinternational.com\/es\/wp-json\/wp\/v2\/media\/63777"}],"wp:attachment":[{"href":"https:\/\/www.sisinternational.com\/es\/wp-json\/wp\/v2\/media?parent=42572"}],"curies":[{"name":"wp","href":"https:\/\/api.w.org\/{rel}","templated":true}]}}