{"id":42567,"date":"2023-04-28T16:57:47","date_gmt":"2023-04-28T20:57:47","guid":{"rendered":"https:\/\/www.sisinternational.com\/?page_id=42567"},"modified":"2025-10-17T00:03:32","modified_gmt":"2025-10-17T04:03:32","slug":"investigacion-de-mercado-de-biocombustibles","status":"publish","type":"page","link":"https:\/\/www.sisinternational.com\/es\/pericia\/investigacion-de-mercado-de-biocombustibles\/","title":{"rendered":"Investigaci\u00f3n de mercado de biocombustibles"},"content":{"rendered":"<h1 class=\"wp-block-heading\">Investigaci\u00f3n de mercado de biocombustibles<\/h1>\n\n\n\n<figure class=\"gb-block-image gb-block-image-4dae92a0\"><img loading=\"lazy\" decoding=\"async\" width=\"1456\" height=\"816\" class=\"gb-image gb-image-4dae92a0\" src=\"https:\/\/www.sisinternational.com\/wp-content\/uploads\/2025\/08\/Agriculture-19.jpg\" alt=\"Investigaci\u00f3n y estrategia de mercado internacional de SIS\" title=\"Agriculture (19)\" srcset=\"https:\/\/www.sisinternational.com\/wp-content\/uploads\/2025\/08\/Agriculture-19.jpg 1456w, https:\/\/www.sisinternational.com\/wp-content\/uploads\/2025\/08\/Agriculture-19-300x168.jpg 300w, https:\/\/www.sisinternational.com\/wp-content\/uploads\/2025\/08\/Agriculture-19-1024x574.jpg 1024w, https:\/\/www.sisinternational.com\/wp-content\/uploads\/2025\/08\/Agriculture-19-768x430.jpg 768w, https:\/\/www.sisinternational.com\/wp-content\/uploads\/2025\/08\/Agriculture-19-18x10.jpg 18w\" sizes=\"auto, (max-width: 1456px) 100vw, 1456px\"><\/figure>\n\n\n\n<p><\/p>\n\n\n\n<p>Energy from renewable sources is expected to put less strain on the environment and the already limited supply of fossil fuels. Pure biofuels produce fewer emissions than their fossil-derived equivalents. With the many environmental concerns and climate threats, changing to biofuels looks like the more responsible choice. Before diving into this market, one should address which type of biofuel works best, based on a company\u2019s needs and goals. The pros outweigh the cons, and to tackle the cons and integrate positive changes, it is best to prepare with <a href=\"https:\/\/www.sisinternational.com\/es\/acciones-gubernamentales-sobre-biocombustibles\/\" title=\"Investigaci\u00f3n de mercado de biocombustibles\"  data-wpil-monitor-id=\"1721\">Biofuels market research<\/a>.<\/p>\n\n\n\n<h2 class=\"wp-block-heading\">Descripci\u00f3n general de la investigaci\u00f3n de mercado de biocombustibles<\/h2>\n\n\n\n<p>En las \u00faltimas d\u00e9cadas, las empresas han avanzado en una direcci\u00f3n m\u00e1s sostenible, principalmente en la fabricaci\u00f3n de productos, pero tambi\u00e9n para reducir sus emisiones anuales.<\/p>\n\n\n\n<p>Los consumidores son cada vez m\u00e1s conscientes de los efectos de los combustibles f\u00f3siles, y no s\u00f3lo eso, sino que tambi\u00e9n est\u00e1n informados sobre qu\u00e9 empresas contribuyen m\u00e1s \u2013o menos\u2013 al da\u00f1o medioambiental. El n\u00famero de consumidores \u00e9ticamente responsables ha aumentado y ya no se puede ignorar.<\/p>\n\n\n\n<p>En general, una empresa respetuosa con el medio ambiente atraer\u00e1 m\u00e1s clientes. Es m\u00e1s probable que la gente gaste en productos producidos con biocombustibles. De esta forma, tanto la empresa como el cliente reducen su huella de carbono.<\/p>\n\n\n\n<h2 class=\"wp-block-heading\">Tendencias e impulsores clave en la industria de los biocombustibles<\/h2>\n\n\n\n<p>Biodiesel has become an attractive replacement for fossil fuels. Being biodegradable, non-toxic renewable, and eco-friendly (they burn cleaner than fossil fuels), the raw materials for this alternative are more affordable. Nonetheless, its synthesis is rather costly and may not necessarily <a href=\"https:\/\/www.sisinternational.com\/es\/investigacion-de-mercado-de-generacion-de-leads-b2b\/\" title=\"Investigaci\u00f3n de mercado de generaci\u00f3n de leads B2B\"  data-wpil-monitor-id=\"9357\">lead to an immediately lucrative market<\/a>. Despite the high costs, though, Europe still is the largest producer of biodiesel. Regardless, one can expect biodiesel (made from plant-based oil seeds) to increase. Especially airlines are interested in using biofuels.<\/p>\n\n\n\n<p>Plant and refinery industries will grow as the need for them rises. These <a href=\"https:\/\/www.sisinternational.com\/es\/venezuela-oil-mining-industry-potential-strategic-forecast-2026-2036\/\" title=\"Venezuela Oil &amp; Mining Industry Potential: Strategic Forecast 2026-2036\"  data-wpil-monitor-id=\"9360\">industries strip the oil<\/a> from plants for reuse. Especially in the regions where canola and sunflower are grown, one can expect those facilities to pop up.<\/p>\n\n\n\n<p>Adem\u00e1s del biodi\u00e9sel, tambi\u00e9n se producen grandes cantidades de etanol. El ma\u00edz, pero tambi\u00e9n la ca\u00f1a de az\u00facar, son materias primas populares para fabricar este combustible. Hay opiniones encontradas sobre el etanol, que se utiliza principalmente como componente de la gasolina. Una ventaja importante es que el etanol tiene un octanaje m\u00e1s alto que la gasolina, lo que mejora la calidad del combustible y garantiza una buena capacidad de conducci\u00f3n.<\/p>\n\n\n\n<p>El butanol es similar al etanol, pero tiene una mayor densidad energ\u00e9tica y una menor presi\u00f3n de vapor, lo que lo convierte en un mejor candidato para los biocombustibles que el etanol.<\/p>\n\n\n\n<p>El metanol es menos costoso de producir que el etanol y tambi\u00e9n es un candidato popular para los biocombustibles. Desafortunadamente, no s\u00f3lo es m\u00e1s t\u00f3xico, sino que tambi\u00e9n tiene una densidad energ\u00e9tica menor que la gasolina.<\/p>\n\n\n\n<p>El biog\u00e1s es otra fuente renovable respetuosa con el medio ambiente que se obtiene de la descomposici\u00f3n de materia org\u00e1nica, como desechos, esti\u00e9rcol, restos de comida, material vegetal y aguas residuales.<\/p>\n\n\n\n<h2 class=\"wp-block-heading\">Oportunidades<\/h2>\n\n\n\n<p>El auge de los biocombustibles alternativos y el estudio de los procesos de los combustibles sin duda dar\u00e1 lugar a muchas oportunidades profesionales interesantes, y el crecimiento de las industrias de plantas y refiner\u00edas aumentar\u00e1 el empleo.<\/p>\n\n\n\n<h3 class=\"wp-block-heading\">Algunas de las carreras en esta industria son las siguientes:<\/h3>\n\n\n\n<p><strong>Investigaci\u00f3n cient\u00edfica<\/strong><\/p>\n\n\n\n<ul class=\"wp-block-list\">\n<li>Bioqu\u00edmicos, biof\u00edsicos, microbi\u00f3logos, qu\u00edmicos y t\u00e9cnicos de laboratorio,<\/li>\n<\/ul>\n\n\n\n<p><strong>Ingenier\u00eda<\/strong><\/p>\n\n\n\n<ul class=\"wp-block-list\">\n<li>Ingenieros civiles, ambientales, industriales, mec\u00e1nicos y el\u00e9ctricos.<\/li>\n<\/ul>\n\n\n\n<p><strong>Agricultura<\/strong><\/p>\n\n\n\n<p><strong>Plantas de procesamiento y refiner\u00edas<\/strong><\/p>\n\n\n\n<p><strong>Construcci\u00f3n<\/strong><\/p>\n\n\n\n<p><strong>Ventas<\/strong><\/p>\n\n\n\n<p>Muchos de los sectores mencionados anteriormente ofrecen vacantes en diferentes \u00e1reas, como administraci\u00f3n, operadores de equipos, trabajadores, productores, agentes de compras, representantes de ventas mayoristas, etc.<\/p>\n\n\n\n<h2 class=\"wp-block-heading\">Desaf\u00edos<\/h2>\n\n\n\n<p>Aunque existen varias ventajas, los biocombustibles pueden resultar caros. El coste de la mano de obra es elevado y, desgraciadamente, tambi\u00e9n requieren mucho espacio de almacenamiento.<\/p>\n\n\n\n<p>Ir\u00f3nicamente, el cultivo de biocombustibles ocupa una cantidad considerable de tierra y, adem\u00e1s, puede provocar cambios negativos en el uso de la tierra. El cultivo de plantas como combustible requiere la tala de \u00e1rboles para utilizar el espacio liberado para tierras de cultivo. Sin embargo, la tala de bosques y tambi\u00e9n de pastizales puede liberar m\u00e1s carbono, lo que es contraproducente para el prop\u00f3sito original de la creaci\u00f3n de estas tierras de cultivo.<\/p>\n\n\n\n<p>Los biocombustibles tambi\u00e9n requieren un mayor consumo de agua. En las regiones secas, esto puede tener consecuencias perjudiciales, no s\u00f3lo para la naturaleza sino tambi\u00e9n para los habitantes humanos.<\/p>\n\n\n\n<p>Por estas razones, los biocombustibles a\u00fan no son totalmente sostenibles y todav\u00eda pueden ser un tema controvertido para algunos.<\/p>\n\n\n\n<h2 class=\"wp-block-heading\">Cl\u00fasteres de innovaci\u00f3n analizar\u00e1n la investigaci\u00f3n de mercado de biocombustibles<\/h2>\n\n\n\n<p>Como hemos mencionado antes, la gasolina contiene un biocombustible, aunque hay que decir que esta versi\u00f3n actualizada funciona mejor en los coches m\u00e1s nuevos. Los concesionarios de autom\u00f3viles y los mec\u00e1nicos est\u00e1n menos entusiasmados con agregar este combustible a veh\u00edculos m\u00e1s antiguos, que pueden no ser compatibles con \u00e9l.<\/p>\n\n\n\n<p>En general, la mayor\u00eda de los biocombustibles se utilizan para el transporte, pero tambi\u00e9n pueden utilizarse para calefacci\u00f3n y electricidad. Otros usos comunes son: cargar productos electr\u00f3nicos, limpiar derrames de aceite y grasa, lubricar, cocinar, quitar pintura y adhesivos y reducir la necesidad (y los costos) de petr\u00f3leo importado.<\/p>\n\n\n\n<ul class=\"wp-block-list\">\n<li>Carga de aparatos electr\u00f3nicos: las pilas de combustible fabricadas con aceite de cocina y az\u00facar se pueden utilizar para recargar tel\u00e9fonos m\u00f3viles, ordenadores port\u00e1tiles y aparatos electr\u00f3nicos en general.<\/li>\n\n\n\n<li>Limpieza de derrames de aceite y grasas. Se trata de un uso interesante y muy beneficioso para evitar desastres medioambientales. Dado que no es t\u00f3xico, el biocombustible puede funcionar como agente limpiador de derrames de petr\u00f3leo.<\/li>\n\n\n\n<li>El biocombustible funciona en estufas, por lo que es fant\u00e1stico para cocinar.<\/li>\n\n\n\n<li>Lubricaci\u00f3n: mantiene el motor del coche en funcionamiento y en buen estado.<\/li>\n\n\n\n<li>Los productos habituales para quitar pintura y adhesivos son muy t\u00f3xicos y es recomendable sustituirlos por biocombustibles. Son igual de efectivos.<\/li>\n\n\n\n<li>Es bien sabido que la importaci\u00f3n de petr\u00f3leo es cara y que el mundo se est\u00e1 quedando sin \u00e9l. No hace falta decir que la industria petrolera tambi\u00e9n ha tenido numerosos impactos desastrosos en el medio ambiente. Por lo tanto, los biocombustibles son la mejor alternativa y la m\u00e1s lucrativa, considerando la creciente demanda de combustible.<\/li>\n<\/ul>\n\n\n\n<h2 class=\"wp-block-heading\">Perspectivas futuras de la investigaci\u00f3n de mercado de biocombustibles<\/h2>\n\n\n\n<p>Despite a drop in the biofuels market during the covid pandemic \u2013 figures are expected to increase in the <a href=\"https:\/\/www.sisinternational.com\/es\/pericia\/industrias\/investigacion-de-mercado-automotriz\/el-futuro-de-los-vehiculos-electricos-en-estados-unidos\/\" title=\"The Future of Electric Vehicles in the USA &#8211; The Next 5 Years\"  data-wpil-monitor-id=\"9358\">next coming years<\/a>. Even though biofuels need improvement \u2013 for example, the reduction of land use for production \u2013 they provide a welcome and environmentally-friendly alternative. Most <a href=\"https:\/\/www.sisinternational.com\/es\/73903-2\/\" title=\"Turn Consumer Flavor Preferences Into Winning Products\"  data-wpil-monitor-id=\"9361\">consumers care about the environment and prefer<\/a> to spend money on responsibly-sourced goods. Combining these demands with the trend (and need) to use biofuels and the many new career and employment <a href=\"https:\/\/www.sisinternational.com\/es\/oportunidades-de-la-banca-islamica-y-obstaculos-para-la-industria-financiera-estadounidense\/\" title=\"Banca isl\u00e1mica: oportunidades y obst\u00e1culos para la industria financiera estadounidense\"  data-wpil-monitor-id=\"9362\">opportunities this industry<\/a> provides, is a win-win for everyone.<\/p>\n\n\n\n<p><a href=\"https:\/\/www.sisinternational.com\/es\/sis-application-of-quantitative-data-analytics-to-sensory-testing\/\" title=\"SIS Application of Quantitative Data Analytics to Sensory Testing\"  data-wpil-monitor-id=\"9359\">SIS International offers Quantitative<\/a>, Qualitative, and Strategy Research. We provide data, tools, strategies, reports, and insights for decision-making. We conduct interviews, surveys, focus groups, and many other Biofuels Market Research methods and approaches. Contact us for your next Biofuels Market Research project.<\/p>","protected":false},"excerpt":{"rendered":"<p>Los biocombustibles alternativos y el estudio de los procesos de los combustibles crear\u00e1n carreras interesantes. Lo mejor es prepararse con una investigaci\u00f3n de mercado de biocombustibles.<\/p>","protected":false},"author":1,"featured_media":63143,"parent":14514,"menu_order":269,"comment_status":"closed","ping_status":"closed","template":"","meta":{"footnotes":""},"class_list":["post-42567","page","type-page","status-publish","has-post-thumbnail"],"_links":{"self":[{"href":"https:\/\/www.sisinternational.com\/es\/wp-json\/wp\/v2\/pages\/42567","targetHints":{"allow":["GET"]}}],"collection":[{"href":"https:\/\/www.sisinternational.com\/es\/wp-json\/wp\/v2\/pages"}],"about":[{"href":"https:\/\/www.sisinternational.com\/es\/wp-json\/wp\/v2\/types\/page"}],"author":[{"embeddable":true,"href":"https:\/\/www.sisinternational.com\/es\/wp-json\/wp\/v2\/users\/1"}],"replies":[{"embeddable":true,"href":"https:\/\/www.sisinternational.com\/es\/wp-json\/wp\/v2\/comments?post=42567"}],"version-history":[{"count":5,"href":"https:\/\/www.sisinternational.com\/es\/wp-json\/wp\/v2\/pages\/42567\/revisions"}],"predecessor-version":[{"id":81564,"href":"https:\/\/www.sisinternational.com\/es\/wp-json\/wp\/v2\/pages\/42567\/revisions\/81564"}],"up":[{"embeddable":true,"href":"https:\/\/www.sisinternational.com\/es\/wp-json\/wp\/v2\/pages\/14514"}],"wp:featuredmedia":[{"embeddable":true,"href":"https:\/\/www.sisinternational.com\/es\/wp-json\/wp\/v2\/media\/63143"}],"wp:attachment":[{"href":"https:\/\/www.sisinternational.com\/es\/wp-json\/wp\/v2\/media?parent=42567"}],"curies":[{"name":"wp","href":"https:\/\/api.w.org\/{rel}","templated":true}]}}