{"id":42565,"date":"2023-04-28T16:12:25","date_gmt":"2023-04-28T20:12:25","guid":{"rendered":"https:\/\/www.sisinternational.com\/?page_id=42565"},"modified":"2026-03-24T18:21:50","modified_gmt":"2026-03-24T22:21:50","slug":"investigacion-de-mercado-de-baterias","status":"publish","type":"page","link":"https:\/\/www.sisinternational.com\/es\/pericia\/investigacion-de-mercado-de-baterias\/","title":{"rendered":"Investigaci\u00f3n de mercado de bater\u00edas"},"content":{"rendered":"<h1 class=\"wp-block-heading\">Investigaci\u00f3n de mercado de bater\u00edas<\/h1>\n\n\n\n<figure class=\"gb-block-image gb-block-image-9a0aeed0\"><img loading=\"lazy\" decoding=\"async\" width=\"1456\" height=\"816\" class=\"gb-image gb-image-9a0aeed0\" src=\"https:\/\/www.sisinternational.com\/wp-content\/uploads\/2025\/08\/Battery-3.jpg\" alt=\"Investigaci\u00f3n y estrategia de mercado internacional de SIS\" title=\"Battery (3)\" srcset=\"https:\/\/www.sisinternational.com\/wp-content\/uploads\/2025\/08\/Battery-3.jpg 1456w, https:\/\/www.sisinternational.com\/wp-content\/uploads\/2025\/08\/Battery-3-300x168.jpg 300w, https:\/\/www.sisinternational.com\/wp-content\/uploads\/2025\/08\/Battery-3-1024x574.jpg 1024w, https:\/\/www.sisinternational.com\/wp-content\/uploads\/2025\/08\/Battery-3-768x430.jpg 768w, https:\/\/www.sisinternational.com\/wp-content\/uploads\/2025\/08\/Battery-3-18x10.jpg 18w\" sizes=\"auto, (max-width: 1456px) 100vw, 1456px\"><\/figure>\n\n\n\n<p><\/p>\n\n\n\n<p>En el mundo moderno impulsado por la tecnolog\u00eda, las bater\u00edas desempe\u00f1an un papel crucial en la alimentaci\u00f3n de numerosos dispositivos y aplicaciones. Desde alimentar tel\u00e9fonos m\u00f3viles y veh\u00edculos el\u00e9ctricos (EV) hasta almacenar electricidad verde generada por paneles solares, las bater\u00edas desempe\u00f1an un papel vital en diversos aspectos de la vida cotidiana moderna.<\/p>\n\n\n\n<p>The rapid increase in demand for batteries that meet efficiency standards while being eco-friendly has caused exponential growth within this industry. Therefore, to navigate this constantly evolving landscape, conducting <a href=\"https:\/\/www.sisinternational.com\/es\/pericia\/investigacion-de-mercado-de-baterias-lfp\/\" title=\"Investigaci\u00f3n de mercado de bater\u00edas LFP\"  data-wpil-monitor-id=\"11425\">investigaci\u00f3n de mercado de bater\u00edas<\/a> is essential. This helps stakeholders like manufacturers or investors to identify new opportunities by keeping an eye on emerging trends and technologies.<\/p>\n\n\n\n<h2 class=\"wp-block-heading\">Investigaci\u00f3n de mercado de bater\u00edas: impulsores y restricciones del mercado<\/h2>\n\n\n\n<p>Comprender los impulsores y las limitaciones del mercado de bater\u00edas es esencial para que las partes interesadas aprovechen las oportunidades potenciales y mitiguen los riesgos. La investigaci\u00f3n en profundidad del mercado de bater\u00edas arroja luz sobre estos factores, que pueden afectar significativamente el crecimiento del mercado y dar forma al futuro de la industria.<\/p>\n\n\n\n<h3 class=\"wp-block-heading\">Indicadores de mercado:<\/h3>\n\n\n\n<ul class=\"wp-block-list\">\n<li><strong>Creciente demanda de veh\u00edculos el\u00e9ctricos (EV):<\/strong> A medida que el transporte limpio y sostenible se vuelve cada vez m\u00e1s importante en todo el mundo, la demanda de veh\u00edculos el\u00e9ctricos ha aumentado significativamente. Las bater\u00edas desempe\u00f1an un papel crucial cuando se trata de operar veh\u00edculos el\u00e9ctricos, lo que resulta en una mayor necesidad de bater\u00edas.<\/li>\n\n\n\n<li><strong>Increasing need for <a href=\"https:\/\/www.sisinternational.com\/es\/lo-que-el-viento-se-llevo-la-crisis-financiera-y-la-energia-eolica\/\" title=\"\u00bfLo que el viento se llev\u00f3? La crisis financiera y la energ\u00eda e\u00f3lica\"  data-wpil-monitor-id=\"7488\">energ\u00eda<\/a> storage solutions:<\/strong> Con la aparici\u00f3n de fuentes de energ\u00eda renovables como la solar y la e\u00f3lica, surge la necesidad de contar con medios eficientes para almacenar esa energ\u00eda. Las bater\u00edas son fundamentales para proporcionar soluciones de almacenamiento confiables dentro de los complejos sistemas el\u00e9ctricos actuales, lo que las convierte en un componente indispensable.<\/li>\n\n\n\n<li><strong>Adopci\u00f3n de fuentes de energ\u00eda renovables:<\/strong> Para disminuir tanto su dependencia de recursos no renovables como el petr\u00f3leo o el carb\u00f3n como sus emisiones de carbono, muchos gobiernos de todo el mundo han comenzado a utilizar energ\u00eda renovable y bater\u00edas como alternativa.<\/li>\n\n\n\n<li><strong>Regulaciones y pol\u00edticas gubernamentales estrictas:<\/strong> La implementaci\u00f3n de regulaciones y pol\u00edticas orientadas a disminuir las emisiones y promover el uso de tecnolog\u00edas ecol\u00f3gicas es una tendencia global. Estas pol\u00edticas han fomentado la adopci\u00f3n de veh\u00edculos el\u00e9ctricos y sistemas de energ\u00eda renovable, lo que ha dado como resultado un impulso para el mercado de bater\u00edas.<\/li>\n\n\n\n<li><strong>Restricciones del mercado:<\/strong> Fluctuaciones de los precios de las materias primas: para fabricar bater\u00edas, las empresas necesitan una variedad de materias primas que incluyan litio, cobalto, n\u00edquel y m\u00e1s. La volatilidad de los precios de los materiales tiene una influencia importante tanto en los gastos de producci\u00f3n de bater\u00edas como en la expansi\u00f3n de la industria en general.<\/li>\n\n\n\n<li><strong>Preocupaciones ambientales y desaf\u00edos del reciclaje:<\/strong> Debido a que contienen productos qu\u00edmicos peligrosos en su interior, deshacerse de las bater\u00edas viejas es un problema importante para nuestro medio ambiente. Tiene riesgos potenciales como la contaminaci\u00f3n de \u00e1reas terrestres o cuerpos de agua. Los procedimientos de reciclaje de bater\u00edas suelen ser complicados y costosos.<\/li>\n\n\n\n<li><strong>Interrupciones en la cadena de suministro:<\/strong> El mercado de las bater\u00edas depende de una intrincada cadena de suministro global para obtener materias primas y componentes. Las tensiones geopol\u00edticas, los desastres naturales y otros factores pueden alterar esta cadena de suministro, lo que podr\u00eda provocar retrasos y mayores costos para los fabricantes de bater\u00edas.<\/li>\n\n\n\n<li><strong>Preocupaciones de seguridad y posibles retiros del mercado:<\/strong> Cuando las bater\u00edas fallan, pueden provocar riesgos de seguridad como incendios o explosiones.<\/li>\n<\/ul>\n\n\n\n<h2 class=\"wp-block-heading\">Desaf\u00edos y riesgos en la investigaci\u00f3n de mercado de bater\u00edas<\/h2>\n\n\n\n<ul class=\"wp-block-list\">\n<li><strong>R\u00e1pidos avances tecnol\u00f3gicos:<\/strong> Frequent advancement characterized by innovative technology is changing the battery sector. Keeping up-to-date with such advances while also precisely predicting how they might influence <a href=\"https:\/\/www.sisinternational.com\/es\/pericia\/industrias\/investigacion-de-mercado-de-moteles\/\" title=\"Investigaci\u00f3n de mercado de moteles\"  data-wpil-monitor-id=\"3123\">markets poses challenges for researchers<\/a>.<\/li>\n\n\n\n<li><strong>Disputas sobre propiedad intelectual y patentes:<\/strong> Los derechos de propiedad intelectual y las disputas sobre patentes surgen con frecuencia dentro de la competitiva industria de las bater\u00edas.<\/li>\n\n\n\n<li><strong>Cambios regulatorios y de pol\u00edticas:<\/strong> Una influencia notable en el mercado de las bater\u00edas proviene de las leyes y regulaciones gubernamentales. Hacer un seguimiento de esos cambios junto con sus posibles resultados es cada vez m\u00e1s dif\u00edcil y crea incertidumbres adicionales en torno a la investigaci\u00f3n.<\/li>\n\n\n\n<li><strong>Factores geopol\u00edticos:<\/strong> Las interrupciones en la cadena de suministro resultantes de tensiones geopol\u00edticas o disputas comerciales pueden provocar fluctuaciones en los precios de las materias primas, lo que podr\u00eda influir en el mercado de bater\u00edas. Para los investigadores, comprender e incorporar estos complejos factores geopol\u00edticos puede ser una tarea formidable.<\/li>\n\n\n\n<li><strong>Preocupaciones medioambientales y de sostenibilidad:<\/strong> Las cuestiones medioambientales, incluido el reciclaje y la eliminaci\u00f3n, plantean problemas importantes para el sector de las bater\u00edas. En consecuencia, es importante que los investigadores eval\u00faen cu\u00e1n sostenibles son las diferentes tecnolog\u00edas\/pr\u00e1cticas a lo largo del tiempo.<\/li>\n<\/ul>\n\n\n\n<h2 class=\"wp-block-heading\">Tendencias futuras y oportunidades de mercado en la investigaci\u00f3n de mercado de bater\u00edas.<\/h2>\n\n\n\n<ul class=\"wp-block-list\">\n<li><strong>Integraci\u00f3n de IoT e IA en sistemas de gesti\u00f3n de bater\u00edas:<\/strong> La expectativa es que los sistemas de gesti\u00f3n de bater\u00edas experimenten cambios revolucionarios debido a la creciente popularidad tanto del IoT como de la IA. El uso de monitoreo en tiempo real y an\u00e1lisis predictivos es una forma de mejorar la optimizaci\u00f3n del rendimiento de la bater\u00eda, as\u00ed como extender su vida \u00fatil y al mismo tiempo garantizar la seguridad. Con la investigaci\u00f3n de mercado de bater\u00edas, es posible identificar aquellas empresas y tecnolog\u00edas que encabezan este esfuerzo de integraci\u00f3n.<\/li>\n\n\n\n<li><strong>Ampliaci\u00f3n del reciclaje de bater\u00edas y aplicaciones de segunda vida:<\/strong> Los m\u00e9todos eficaces de reciclaje de bater\u00edas se est\u00e1n volviendo m\u00e1s cruciales a medida que aumenta el n\u00famero de bater\u00edas agotadas. La investigaci\u00f3n de mercado de bater\u00edas puede identificar oportunidades para desarrollar nuevas tecnolog\u00edas de reciclaje y explorar el potencial de aplicaciones de segunda vida, como la utilizaci\u00f3n de bater\u00edas de veh\u00edculos el\u00e9ctricos reutilizadas para el almacenamiento de energ\u00eda estacionario.<\/li>\n\n\n\n<li><strong>Desarrollo de infraestructura de carga r\u00e1pida:<\/strong> Widespread integration and utilization of EVs depend on having reliable access to quick charging stations The identification of opportunities for expanding charging networks and developing advanced technology that reduces charge time and minimizes strain on the power grid is possible through <a href=\"https:\/\/www.sisinternational.com\/es\/pericia\/industrias\/investigacion-de-mercado-de-energia-nuclear\/\" title=\"Investigaci\u00f3n de mercado de energ\u00eda nuclear\"  data-wpil-monitor-id=\"3312\">investigaci\u00f3n de mercado de bater\u00edas<\/a>.<\/li>\n\n\n\n<li><strong>Investigaci\u00f3n en qu\u00edmica avanzada de bater\u00edas:<\/strong> La mejora de la seguridad combinada con una mayor densidad de energ\u00eda y menores costos est\u00e1n impulsando la investigaci\u00f3n en curso sobre tecnolog\u00edas de bater\u00edas alternativas, incluidas bater\u00edas de estado s\u00f3lido y otras basadas en la qu\u00edmica de iones de sodio o aluminio. Los \u00faltimos avances en estos campos pueden ser identificados por las partes interesadas que realizan estudios de mercado de bater\u00edas y descubren as\u00ed posibles oportunidades de inversi\u00f3n.<\/li>\n\n\n\n<li><strong>Soluciones de bater\u00edas personalizadas para aplicaciones espec\u00edficas:<\/strong> Con la creciente diversidad y especializaci\u00f3n de los dispositivos que funcionan con bater\u00edas, surge una creciente demanda de soluciones energ\u00e9ticas personalizadas que satisfagan necesidades particulares como las que requieren los drones o los equipos m\u00e9dicos. La realizaci\u00f3n de una investigaci\u00f3n de mercado de bater\u00edas puede revelar posibilidades en la creaci\u00f3n y fabricaci\u00f3n de estas bater\u00edas en particular.<\/li>\n\n\n\n<li><strong>Soluciones de almacenamiento de energ\u00eda para microrredes y aplicaciones fuera de la red:<\/strong> Se pone m\u00e1s \u00e9nfasis en los m\u00e9todos descentralizados para generar electricidad. Las bater\u00edas son cada vez m\u00e1s importantes para facilitar el crecimiento tanto de las redes de microrredes como de los sistemas de energ\u00eda renovable independientes. La identificaci\u00f3n de oportunidades de crecimiento dentro de estos mercados emergentes puede facilitarse mediante la realizaci\u00f3n de una investigaci\u00f3n de mercado de bater\u00edas.<\/li>\n\n\n\n<li><strong>Colaboraci\u00f3n entre fabricantes de bater\u00edas y industrias de usuarios finales:<\/strong> A medida que la competencia en el sector de las bater\u00edas se fortalezca, es probable que aumenten las colaboraciones entre los fabricantes de bater\u00edas y sus clientes que pertenecen a diversos campos, como los autom\u00f3viles o los dispositivos electr\u00f3nicos. La realizaci\u00f3n de an\u00e1lisis exhaustivos sobre las bater\u00edas ofrece a las empresas informaci\u00f3n sobre proyectos cooperativos prometedores con otras entidades destinadas a promover el ingenio y reforzar sus puntos de apoyo dentro de industrias espec\u00edficas.<\/li>\n<\/ul>","protected":false},"excerpt":{"rendered":"<p>La demanda de bater\u00edas que cumplan con los est\u00e1ndares de eficiencia y al mismo tiempo sean ecol\u00f3gicas ha provocado un crecimiento exponencial dentro de esta industria.<\/p>","protected":false},"author":1,"featured_media":63899,"parent":14514,"menu_order":268,"comment_status":"closed","ping_status":"closed","template":"","meta":{"footnotes":""},"class_list":["post-42565","page","type-page","status-publish","has-post-thumbnail"],"_links":{"self":[{"href":"https:\/\/www.sisinternational.com\/es\/wp-json\/wp\/v2\/pages\/42565","targetHints":{"allow":["GET"]}}],"collection":[{"href":"https:\/\/www.sisinternational.com\/es\/wp-json\/wp\/v2\/pages"}],"about":[{"href":"https:\/\/www.sisinternational.com\/es\/wp-json\/wp\/v2\/types\/page"}],"author":[{"embeddable":true,"href":"https:\/\/www.sisinternational.com\/es\/wp-json\/wp\/v2\/users\/1"}],"replies":[{"embeddable":true,"href":"https:\/\/www.sisinternational.com\/es\/wp-json\/wp\/v2\/comments?post=42565"}],"version-history":[{"count":7,"href":"https:\/\/www.sisinternational.com\/es\/wp-json\/wp\/v2\/pages\/42565\/revisions"}],"predecessor-version":[{"id":85012,"href":"https:\/\/www.sisinternational.com\/es\/wp-json\/wp\/v2\/pages\/42565\/revisions\/85012"}],"up":[{"embeddable":true,"href":"https:\/\/www.sisinternational.com\/es\/wp-json\/wp\/v2\/pages\/14514"}],"wp:featuredmedia":[{"embeddable":true,"href":"https:\/\/www.sisinternational.com\/es\/wp-json\/wp\/v2\/media\/63899"}],"wp:attachment":[{"href":"https:\/\/www.sisinternational.com\/es\/wp-json\/wp\/v2\/media?parent=42565"}],"curies":[{"name":"wp","href":"https:\/\/api.w.org\/{rel}","templated":true}]}}