{"id":42561,"date":"2023-04-28T15:44:45","date_gmt":"2023-04-28T19:44:45","guid":{"rendered":"https:\/\/www.sisinternational.com\/?page_id=42561"},"modified":"2026-01-27T16:48:51","modified_gmt":"2026-01-27T21:48:51","slug":"investigacion-de-mercado-etnografica-de-asia","status":"publish","type":"page","link":"https:\/\/www.sisinternational.com\/es\/cobertura\/investigacion-de-mercado-asia\/investigacion-de-mercado-etnografica-de-asia\/","title":{"rendered":"Investigaci\u00f3n de mercado etnogr\u00e1fico de Asia"},"content":{"rendered":"<h1 class=\"wp-block-heading\">Investigaci\u00f3n de mercado etnogr\u00e1fico de Asia<\/h1>\n\n\n\n<figure class=\"gb-block-image gb-block-image-f55cd3ef\"><img loading=\"lazy\" decoding=\"async\" width=\"1456\" height=\"816\" class=\"gb-image gb-image-f55cd3ef\" src=\"https:\/\/www.sisinternational.com\/wp-content\/uploads\/2025\/09\/Asia-33.jpg\" alt=\"Investigaci\u00f3n y estrategia de mercado internacional de SIS\" title=\"Asia (33)\" srcset=\"https:\/\/www.sisinternational.com\/wp-content\/uploads\/2025\/09\/Asia-33.jpg 1456w, https:\/\/www.sisinternational.com\/wp-content\/uploads\/2025\/09\/Asia-33-300x168.jpg 300w, https:\/\/www.sisinternational.com\/wp-content\/uploads\/2025\/09\/Asia-33-1024x574.jpg 1024w, https:\/\/www.sisinternational.com\/wp-content\/uploads\/2025\/09\/Asia-33-768x430.jpg 768w, https:\/\/www.sisinternational.com\/wp-content\/uploads\/2025\/09\/Asia-33-18x10.jpg 18w\" sizes=\"auto, (max-width: 1456px) 100vw, 1456px\"><\/figure>\n\n\n\n<div><\/div>\n\n\n\n<div>&nbsp;<\/div>\n\n\n\n<div><hr><\/div>\n\n\n\n<div>The ability to comprehend the sociocultural and economic traits of Asian markets has become indispensable for companies seeking success in them. Therefore, the importance of having targeted and localized marketing strategies has increased significantly with the multiple cultural variations and traditions in Asia\u2014and Asia ethnography market research focuses on understanding the unique cultural landscape of the targeted market.<\/div>\n\n\n\n<h2 class=\"wp-block-heading\">El papel de la investigaci\u00f3n de mercado etnogr\u00e1fica de Asia en el panorama empresarial actual<\/h2>\n\n\n\n<p>Ayuda a las empresas a expandir constantemente sus operaciones a trav\u00e9s de fronteras ingresando a nuevos mercados. Esta expansi\u00f3n requiere que las empresas adapten sus servicios en funci\u00f3n de las preferencias regionales y al mismo tiempo gestionen las complejidades de las variaciones interculturales.<\/p>\n\n\n\n<p>To address these challenges and ensure business success in this fiercely competitive landscape, it is necessary to conduct Asia <a class=\"wpil_keyword_link\" href=\"https:\/\/www.sisinternational.com\/es\/soluciones\/soluciones-de-investigacion-cualitativa-cuantitativa\/etnografia\/\"   title=\"Investigaci\u00f3n de mercado etnogr\u00e1fica\" data-wpil-keyword-link=\"linked\"  data-wpil-monitor-id=\"370\">ethnography market research<\/a> to remain competitive amidst rising competition from other firms that are also expanding their reach across Asia.<\/p>\n\n\n\n<p>Adem\u00e1s, <a href=\"https:\/\/www.sisinternational.com\/es\/como-elaborar-investigaciones-para-la-cultura-japonesa\/\" title=\"C\u00f3mo elaborar investigaciones para Jap\u00f3n; \u00a1La cultura importa!\"  data-wpil-monitor-id=\"4407\">Asia ethnography market research<\/a> is key to understanding cultural variations and their target audiences better as well as the particular obstacles they encounter in every market. Employing ethnographic research methods allows companies to acquire important knowledge about consumer attitudes and behavior in specific cultural settings.<\/p>\n\n\n\n<h2 class=\"wp-block-heading\">Key Countries and Regions for Asia Ethnography Market Research Landscape<\/h2>\n\n\n\n<ul class=\"wp-block-list\">\n<li><strong>Porcelana:<\/strong> China es la segunda econom\u00eda m\u00e1s fuerte del mundo y hay infinitas oportunidades esperando a las empresas. Navegar por este intrincado pa\u00eds con una cultura y un entorno regulatorio distintos requiere que las empresas realicen una investigaci\u00f3n etnogr\u00e1fica exhaustiva.<\/li>\n\n\n\n<li><strong>India:<\/strong> As more people join the country&#8217;s burgeoning middle-class each, this creates vast opportunities for firms looking to explore this market \u2013 and <a href=\"https:\/\/www.sisinternational.com\/es\/la-voz-de-los-consumidores-indios\/\" title=\"La voz de los consumidores indios\"  data-wpil-monitor-id=\"2423\">Asia ethnography market research<\/a> is a major tool for understanding consumer behavior in this heterogeneous market.<\/li>\n\n\n\n<li><strong>Jap\u00f3n:<\/strong> Debido a que contamos con una sociedad modernizada establecida basada en avances de alta tecnolog\u00eda mezclados con valores tradicionales, numerosas empresas est\u00e1n buscando una entrada exitosa al mercado japon\u00e9s.<\/li>\n\n\n\n<li><strong>El sudeste de Asia:<\/strong> The presence of Indonesia, Malaysia, the Philippines, Singapore, Thailand, and Vietnam makes Southeast Asia a culturally diverse and rapidly growing region. To comprehend distinctive customer behavior patterns across several nations or areas companies must conduct important Asia <a href=\"https:\/\/www.sisinternational.com\/es\/pericia\/curriculums-de-experiencia\/curriculum-de-experiencia-en-estudios-de-etnografia\/\" title=\"Experiencia en investigaci\u00f3n de mercado en etnograf\u00eda.\"  data-wpil-monitor-id=\"6351\">ethnography market research<\/a>.<\/li>\n<\/ul>\n\n\n\n<h2 class=\"wp-block-heading\">Pr\u00e1cticas etnogr\u00e1ficas exitosas de Investigaci\u00f3n de Mercados<\/h2>\n\n\n\n<p>Para garantizar resultados exitosos en este tipo de investigaci\u00f3n, es fundamental colaborar estrechamente con los investigadores locales. Asociarse con investigadores locales que poseen conocimiento de primera mano del idioma, la cultura y la comunidad puede ayudar a superar las barreras del idioma y la comunicaci\u00f3n, as\u00ed como los malentendidos culturales. Puede facilitar el acceso a comunidades y entornos a los que de otro modo ser\u00eda dif\u00edcil llegar.<\/p>\n\n\n\n<p>Adem\u00e1s, aceptar la incertidumbre y la naturaleza iterativa de la investigaci\u00f3n etnogr\u00e1fica puede conducir a una comprensi\u00f3n m\u00e1s rica y matizada del p\u00fablico y del mercado objetivo. Esto se logra demostrando respeto por las costumbres, creencias y pr\u00e1cticas locales, lo cual es crucial para establecer confianza y simpat\u00eda con los participantes y las comunidades.<\/p>\n\n\n\n<p>Tambi\u00e9n es crucial emplear una combinaci\u00f3n de m\u00e9todos de investigaci\u00f3n que mejor se adapten al contexto cultural espec\u00edfico y los objetivos de la investigaci\u00f3n pueden mejorar la calidad y profundidad de los datos recopilados.<\/p>\n\n\n\n<h2 class=\"wp-block-heading\">Beneficios<\/h2>\n\n\n\n<p>By studying people and cultures within Asian societies at a deep level through <a href=\"https:\/\/www.sisinternational.com\/es\/mercado-minorista-asiatico\/\" title=\"Investigaci\u00f3n del mercado minorista asi\u00e1tico\"  data-wpil-monitor-id=\"2686\">Asia ethnography market research<\/a>, businesses aim to understand their behaviors and beliefs which can provide valuable insights to enter or expand in the Asian market.<\/p>\n\n\n\n<ul class=\"wp-block-list\">\n<li>Al realizar investigaciones etnogr\u00e1ficas en Asia, los investigadores pueden obtener una comprensi\u00f3n profunda de los complejos matices y valores culturales que existen en varias sociedades asi\u00e1ticas, lo que hace que sea crucial para el \u00e9xito de las empresas en la regi\u00f3n.<\/li>\n\n\n\n<li>The use of Asia <a href=\"https:\/\/www.sisinternational.com\/es\/soluciones\/soluciones-de-branding-e-investigacion-de-clientes\/investigacion-de-video-etnografia\/\" title=\"Investigaci\u00f3n en videoetnograf\u00eda\"  data-wpil-monitor-id=\"6792\">ethnography market research<\/a> helps to expose the underlying motivations and drivers behind consumer behavior that cannot be identified through quantitative research methods.<\/li>\n\n\n\n<li>It uncovers unmet needs and gaps in the market. <a href=\"https:\/\/www.sisinternational.com\/es\/oportunidades-de-mercado-en-el-sudeste-asiatico\/\" title=\"Investigaci\u00f3n de oportunidades de mercado en el sudeste asi\u00e1tico\"  data-wpil-monitor-id=\"2463\">Asia ethnography market research<\/a> can benefit businesses looking to capitalize on these opportunities and understand consumer pain points and desires.<\/li>\n\n\n\n<li>Establecer empat\u00eda a trav\u00e9s de la investigaci\u00f3n etnogr\u00e1fica permite a las empresas construir conexiones m\u00e1s s\u00f3lidas con sus consumidores objetivo y fomentar la confianza mientras dise\u00f1an productos y servicios m\u00e1s centrados en el usuario y crean mensajes de marketing que realmente resuenan en la audiencia.<\/li>\n\n\n\n<li><a href=\"https:\/\/www.sisinternational.com\/es\/investigacion-de-mercado-en-ciudades-de-segundo-nivel-de-china\/\" title=\"Investigaci\u00f3n de mercado en las ciudades de segundo nivel de China\"  data-wpil-monitor-id=\"7611\">Asia ethnography market research<\/a> can provide businesses with rich and qualitative data that can inform their strategic decision-making when entering or expanding into the region. Making use of this data helps companies improve their decision-making processes for product development along with marketing and customer service strategies.<\/li>\n\n\n\n<li>Gaining insight into competitor strategies and consumer perceptions of their products and services is possible through <a href=\"https:\/\/www.sisinternational.com\/es\/etiquetado-de-productos-nutricionales-asia\/\" title=\"Etiquetado y productos nutricionales en Asia Investigaci\u00f3n de mercado\"  data-wpil-monitor-id=\"2478\">Asia ethnography market research<\/a> which offers businesses the opportunity to distinguish themselves from other companies and obtain a competitive advantage.<\/li>\n<\/ul>\n\n\n\n<h2 class=\"wp-block-heading\">Desaf\u00edos<\/h2>\n\n\n\n<p>Despite the numerous benefits of ethnographic <a href=\"https:\/\/www.sisinternational.com\/es\/pericia\/industrias\/investigacion-de-mercado-de-moteles\/\" title=\"Investigaci\u00f3n de mercado de moteles\"  data-wpil-monitor-id=\"3127\">research in the Asian market<\/a>, researchers face several challenges in conducting such studies such as:<\/p>\n\n\n\n<ul class=\"wp-block-list\">\n<li><strong>Barreras del lenguaje y la comunicaci\u00f3n:<\/strong> La diversidad de idiomas que se hablan en Asia puede plantear desaf\u00edos importantes para los investigadores que intentan conocer mejor las comunidades locales. Por lo tanto, garantizar traducciones e interpretaciones precisas es crucial para mantener la integridad de los hallazgos de la investigaci\u00f3n.<\/li>\n\n\n\n<li><strong>Diferencias y sensibilidades culturales:<\/strong> La vasta diversidad cultural en Asia requiere una comprensi\u00f3n profunda de las costumbres, creencias y pr\u00e1cticas locales para evitar ofender involuntariamente a los participantes.<\/li>\n\n\n\n<li><strong>Consideraciones \u00e9ticas:<\/strong> Garantizar el consentimiento informado, la confidencialidad y el anonimato de los participantes es fundamental para realizar una investigaci\u00f3n \u00e9tica.<\/li>\n\n\n\n<li><a href=\"https:\/\/www.sisinternational.com\/es\/pericia\/industrias\/investigacion-de-mercado-de-logistica-de-terceros\/\" title=\"Investigaci\u00f3n de mercado de log\u00edstica de terceros\"  data-wpil-monitor-id=\"7594\">Logistical challenges: Conducting ethnographic research<\/a> in Asia may involve traveling to remote locations and navigating unfamiliar environments, which can be time-consuming and resource-intensive.<\/li>\n<\/ul>\n\n\n\n<h2 class=\"wp-block-heading\">Perspectivas futuras de la investigaci\u00f3n de mercado etnogr\u00e1fica en Asia<\/h2>\n\n\n\n<p>Se espera que las tecnolog\u00edas emergentes, incluidas la realidad virtual y la inteligencia artificial, tengan un gran impacto en la investigaci\u00f3n del mercado etnogr\u00e1fico de Asia. Dar\u00e1 como resultado una recopilaci\u00f3n y an\u00e1lisis de datos m\u00e1s eficientes durante los estudios etnogr\u00e1ficos.<\/p>\n\n\n\n<p>Combining multiple research methodologies like quantitative and qualitative approaches along with digital methods is likely to be seen in the future of <a href=\"https:\/\/www.sisinternational.com\/es\/pericia\/industrias\/investigacion-de-mercado-de-fertilizantes-potasicos\/\" title=\"Investigaci\u00f3n de mercado de fertilizantes pot\u00e1sicos\"  data-wpil-monitor-id=\"3132\">Asia ethnography<\/a> market research as it leads to a more comprehensive understanding of consumer behavior and preferences.<\/p>\n\n\n\n<p>Se puede esperar un mayor enfoque en los mercados emergentes dentro de la regi\u00f3n de Asia y el Pac\u00edfico a medida que los pa\u00edses de la regi\u00f3n contin\u00faen experimentando crecimiento econ\u00f3mico.<\/p>\n\n\n\n<h2 class=\"wp-block-heading\">Acerca de SIS Internacional<\/h2>\n\n\n\n<p><a href=\"https:\/\/www.linkedin.com\/company\/sisinternationalresearch\/\" target=\"_blank\" rel=\"noopener\"><span style=\"font-weight: 400;\">SIS Internacional<\/span><\/a> offers Quantitative, Qualitative, and Strategy Research. We provide data, tools, strategies, reports and insights for decision-making. We conduct interviews, surveys, focus groups and many other Market Research methods and approaches. Contact us for your next Market Research project<\/p>","protected":false},"excerpt":{"rendered":"<p>La investigaci\u00f3n de mercado etnogr\u00e1fica de Asia se centra en comprender el paisaje cultural \u00fanico del mercado objetivo.<\/p>","protected":false},"author":1,"featured_media":65765,"parent":14508,"menu_order":86,"comment_status":"closed","ping_status":"closed","template":"","meta":{"footnotes":""},"class_list":["post-42561","page","type-page","status-publish","has-post-thumbnail"],"_links":{"self":[{"href":"https:\/\/www.sisinternational.com\/es\/wp-json\/wp\/v2\/pages\/42561","targetHints":{"allow":["GET"]}}],"collection":[{"href":"https:\/\/www.sisinternational.com\/es\/wp-json\/wp\/v2\/pages"}],"about":[{"href":"https:\/\/www.sisinternational.com\/es\/wp-json\/wp\/v2\/types\/page"}],"author":[{"embeddable":true,"href":"https:\/\/www.sisinternational.com\/es\/wp-json\/wp\/v2\/users\/1"}],"replies":[{"embeddable":true,"href":"https:\/\/www.sisinternational.com\/es\/wp-json\/wp\/v2\/comments?post=42561"}],"version-history":[{"count":17,"href":"https:\/\/www.sisinternational.com\/es\/wp-json\/wp\/v2\/pages\/42561\/revisions"}],"predecessor-version":[{"id":81234,"href":"https:\/\/www.sisinternational.com\/es\/wp-json\/wp\/v2\/pages\/42561\/revisions\/81234"}],"up":[{"embeddable":true,"href":"https:\/\/www.sisinternational.com\/es\/wp-json\/wp\/v2\/pages\/14508"}],"wp:featuredmedia":[{"embeddable":true,"href":"https:\/\/www.sisinternational.com\/es\/wp-json\/wp\/v2\/media\/65765"}],"wp:attachment":[{"href":"https:\/\/www.sisinternational.com\/es\/wp-json\/wp\/v2\/media?parent=42561"}],"curies":[{"name":"wp","href":"https:\/\/api.w.org\/{rel}","templated":true}]}}