{"id":42412,"date":"2023-04-16T15:12:17","date_gmt":"2023-04-16T19:12:17","guid":{"rendered":"https:\/\/www.sisinternational.com\/?page_id=42412"},"modified":"2026-03-12T12:49:45","modified_gmt":"2026-03-12T16:49:45","slug":"investigacion-de-mercado-de-robots-quirurgicos","status":"publish","type":"page","link":"https:\/\/www.sisinternational.com\/es\/soluciones\/investigacion-de-mercado-biotecnologico-y-farmaceutico-de-atencion-medica\/investigacion-de-mercado-de-robots-quirurgicos\/","title":{"rendered":"Investigaci\u00f3n de mercado de robots quir\u00fargicos"},"content":{"rendered":"<h1 class=\"wp-block-heading\">Investigaci\u00f3n de mercado de robots quir\u00fargicos<\/h1>\n\n\n\n<figure class=\"gb-block-image gb-block-image-acb65840\"><img loading=\"lazy\" decoding=\"async\" width=\"1456\" height=\"816\" class=\"gb-image gb-image-acb65840\" src=\"https:\/\/www.sisinternational.com\/wp-content\/uploads\/2025\/08\/Surgical-robot-3.jpg\" alt=\"Investigaci\u00f3n y estrategia de mercado internacional de SIS\" title=\"Surgical robot (3)\" srcset=\"https:\/\/www.sisinternational.com\/wp-content\/uploads\/2025\/08\/Surgical-robot-3.jpg 1456w, https:\/\/www.sisinternational.com\/wp-content\/uploads\/2025\/08\/Surgical-robot-3-300x168.jpg 300w, https:\/\/www.sisinternational.com\/wp-content\/uploads\/2025\/08\/Surgical-robot-3-1024x574.jpg 1024w, https:\/\/www.sisinternational.com\/wp-content\/uploads\/2025\/08\/Surgical-robot-3-768x430.jpg 768w, https:\/\/www.sisinternational.com\/wp-content\/uploads\/2025\/08\/Surgical-robot-3-18x10.jpg 18w\" sizes=\"auto, (max-width: 1456px) 100vw, 1456px\"><\/figure>\n\n\n\n<p><\/p>\n\n\n\n<p>El campo de la rob\u00f3tica ha experimentado enormes avances en los \u00faltimos a\u00f1os, llevando innovaci\u00f3n a m\u00faltiples industrias y aumentando la productividad. En particular, la rob\u00f3tica ha tenido un impacto significativo en la atenci\u00f3n sanitaria mediante el desarrollo y la implementaci\u00f3n de robots quir\u00fargicos.<\/p>\n\n\n\n<p>Por esta raz\u00f3n, la investigaci\u00f3n del mercado de robots quir\u00fargicos desempe\u00f1a un papel crucial para comprender las tendencias actuales, las tecnolog\u00edas emergentes y el potencial futuro de esta industria en r\u00e1pida evoluci\u00f3n, y un an\u00e1lisis exhaustivo del mercado de robots quir\u00fargicos se vuelve esencial para que las empresas tomen decisiones informadas y se mantengan a la vanguardia. de la competencia.<\/p>\n\n\n\n<h2 class=\"wp-block-heading\">La importancia de la investigaci\u00f3n de mercado de robots quir\u00fargicos en el panorama empresarial actual<\/h2>\n\n\n\n<p>As the healthcare industry continues to evolve, the demand for more advanced and efficient surgical solutions has grown, paving the way for the rapid development and adoption of surgical robots. That\u2019s why surgical <a href=\"https:\/\/www.sisinternational.com\/es\/pericia\/industrias\/investigacion-de-mercado-de-robotica\/\" title=\"Investigaci\u00f3n de mercado de rob\u00f3tica\"  data-wpil-monitor-id=\"5950\">robot market research<\/a> is relevant for several stakeholders such as manufacturers, healthcare providers, investors, and policymakers; to understand and capitalize on the opportunities surgical robots present.<\/p>\n\n\n\n<p>La investigaci\u00f3n de mercado de robots quir\u00fargicos es especialmente importante para competir en un mercado liderado por empresas como Intuitive Surgical, Stryker Corporation, Medtronic, Smith &amp; Nephew y Zimmer Biomet. Estas empresas tienen una fuerte presencia en el mercado, amplias carteras de productos e importantes inversiones en investigaci\u00f3n y desarrollo.<\/p>\n\n\n\n<p>In any case, some key reasons why surgical robot <a href=\"https:\/\/www.sisinternational.com\/es\/pericia\/industrias\/investigacion-de-mercado-de-restaurantes-informales-y-rapidos\/\" title=\"Investigaci\u00f3n de mercado de restaurantes informales r\u00e1pidos\"  data-wpil-monitor-id=\"5939\">market research is growing so fast<\/a> are the following:<\/p>\n\n\n\n<ul class=\"wp-block-list\">\n<li><strong>Identificaci\u00f3n de tendencias del mercado:<\/strong> Obtener informaci\u00f3n detallada sobre las \u00faltimas tendencias y avances tecnol\u00f3gicos en la industria de los robots quir\u00fargicos es esencial para que las empresas mantengan una ventaja competitiva. La investigaci\u00f3n de mercado de robots quir\u00fargicos tiene como objetivo identificar estas tendencias, permitiendo a las empresas desarrollar productos y soluciones innovadores que satisfagan las necesidades cambiantes de los proveedores de atenci\u00f3n m\u00e9dica.<\/li>\n\n\n\n<li><strong>Comprender la din\u00e1mica del mercado:<\/strong> La industria de los robots quir\u00fargicos est\u00e1 controlada por factores como las regulaciones gubernamentales y la prevalencia de enfermedades cr\u00f3nicas, y la investigaci\u00f3n del mercado de robots quir\u00fargicos proporciona informaci\u00f3n valiosa sobre estos factores, ayudando a las empresas globales a tomar decisiones bien informadas.<\/li>\n\n\n\n<li><strong>Evaluaci\u00f3n del potencial de mercado:<\/strong> La investigaci\u00f3n de mercado de robots quir\u00fargicos ayuda a las empresas a obtener una imagen del tama\u00f1o del mercado, el potencial de crecimiento y la demanda futura de soluciones quir\u00fargicas rob\u00f3ticas. Estos datos son fundamentales para las empresas que buscan ampliar su presencia en el mercado e invertir en esta industria.<\/li>\n\n\n\n<li><strong>An\u00e1lisis competitivo:<\/strong> Ayuda a las empresas a comprender las fortalezas y debilidades de sus competidores con un an\u00e1lisis en profundidad de los actores clave del mercado, sus ofertas de productos y sus estrategias de mercado.<\/li>\n\n\n\n<li><strong>Identificando oportunidades de crecimiento:<\/strong> La investigaci\u00f3n de mercado de robots quir\u00fargicos ayuda a las empresas a identificar mercados sin explotar, segmentos de nicho y aplicaciones emergentes que pueden ofrecer importantes oportunidades de crecimiento.<\/li>\n<\/ul>\n\n\n\n<h2 class=\"wp-block-heading\">Investigaci\u00f3n de mercado de robots quir\u00fargicos: tendencias e impulsores<\/h2>\n\n\n\n<figure class=\"gb-block-image gb-block-image-04ced8d8\"><img loading=\"lazy\" decoding=\"async\" width=\"1456\" height=\"816\" class=\"gb-image gb-image-04ced8d8\" src=\"https:\/\/www.sisinternational.com\/wp-content\/uploads\/2025\/08\/Surgical-robot-5.jpg\" alt=\"Investigaci\u00f3n y estrategia de mercado internacional de SIS\" title=\"Surgical robot (5)\" srcset=\"https:\/\/www.sisinternational.com\/wp-content\/uploads\/2025\/08\/Surgical-robot-5.jpg 1456w, https:\/\/www.sisinternational.com\/wp-content\/uploads\/2025\/08\/Surgical-robot-5-300x168.jpg 300w, https:\/\/www.sisinternational.com\/wp-content\/uploads\/2025\/08\/Surgical-robot-5-1024x574.jpg 1024w, https:\/\/www.sisinternational.com\/wp-content\/uploads\/2025\/08\/Surgical-robot-5-768x430.jpg 768w, https:\/\/www.sisinternational.com\/wp-content\/uploads\/2025\/08\/Surgical-robot-5-18x10.jpg 18w\" sizes=\"auto, (max-width: 1456px) 100vw, 1456px\"><\/figure>\n\n\n\n<ul class=\"wp-block-list\">\n<li>Las continuas innovaciones en tecnolog\u00edas rob\u00f3ticas est\u00e1n impulsando el mercado de los robots quir\u00fargicos. Desarrollos como la visualizaci\u00f3n 3D, la inteligencia artificial (IA) y el aprendizaje autom\u00e1tico (ML) est\u00e1n revolucionando los procedimientos quir\u00fargicos al proporcionar orientaci\u00f3n en tiempo real y apoyo a la toma de decisiones.<\/li>\n\n\n\n<li>Existe una preferencia cada vez mayor por las cirug\u00edas m\u00ednimamente invasivas y los robots quir\u00fargicos son muy adecuados para estas tareas. Ofrecen mayor precisi\u00f3n y control, lo que los convierte en una opci\u00f3n atractiva para los cirujanos que realizan procedimientos complejos.<\/li>\n\n\n\n<li>La creciente prevalencia de enfermedades cr\u00f3nicas como el c\u00e1ncer y la obesidad ha provocado una creciente demanda de intervenciones quir\u00fargicas. La investigaci\u00f3n de mercado de robots quir\u00fargicos podr\u00eda ser una alternativa para soluciones quir\u00fargicas eficientes y precisas.<\/li>\n\n\n\n<li>Los gobiernos y los proveedores de atenci\u00f3n m\u00e9dica privados est\u00e1n invirtiendo en infraestructura de atenci\u00f3n m\u00e9dica avanzada para mejorar la calidad de la atenci\u00f3n al paciente, y la investigaci\u00f3n del mercado de robots quir\u00fargicos ayuda a impulsar la adopci\u00f3n de tecnolog\u00edas de vanguardia.<\/li>\n\n\n\n<li>Las empresas del mercado de robots quir\u00fargicos participan cada vez m\u00e1s en asociaciones y colaboraciones para aprovechar la experiencia, los recursos y la presencia en el mercado de cada uno. Estas colaboraciones suelen centrarse en el desarrollo de nuevas tecnolog\u00edas, la expansi\u00f3n de la oferta de productos o la entrada a nuevos mercados.<\/li>\n<\/ul>\n\n\n\n<h2 class=\"wp-block-heading\">Desaf\u00edos del mercado<\/h2>\n\n\n\n<ul class=\"wp-block-list\">\n<li><strong>Altos costos de los robots quir\u00fargicos:<\/strong> La inversi\u00f3n inicial necesaria para comprar un sistema de robot quir\u00fargico es costosa para muchos centros de atenci\u00f3n sanitaria, especialmente en las econom\u00edas emergentes.<\/li>\n\n\n\n<li><strong>Conciencia limitada en los mercados emergentes:<\/strong> A pesar de la creciente demanda de soluciones quir\u00fargicas avanzadas, todav\u00eda existe un conocimiento y una adopci\u00f3n limitados de los robots quir\u00fargicos en muchos mercados emergentes.<\/li>\n\n\n\n<li><strong>Preocupaciones regulatorias:<\/strong> El mercado de robots quir\u00fargicos est\u00e1 sujeto a estrictos requisitos regulatorios y escrutinio, ya que la seguridad del paciente y los resultados quir\u00fargicos son de suma importancia. El proceso de aprobaci\u00f3n de nuevos sistemas y tecnolog\u00edas rob\u00f3ticos puede ser largo y complejo, lo que podr\u00eda retrasar la entrada al mercado e impactar el crecimiento general de la industria.<\/li>\n\n\n\n<li><strong>Preocupaciones de ciberseguridad:<\/strong> A medida que los robots quir\u00fargicos se conectan e integran cada vez m\u00e1s en los sistemas sanitarios, surgen preocupaciones relacionadas con la ciberseguridad y la privacidad de los datos.<\/li>\n<\/ul>\n\n\n\n<h2 class=\"wp-block-heading\">Oportunidades en la investigaci\u00f3n de mercado de robots quir\u00fargicos<\/h2>\n\n\n\n<figure class=\"gb-block-image gb-block-image-4284349a\"><img loading=\"lazy\" decoding=\"async\" width=\"1456\" height=\"816\" class=\"gb-image gb-image-4284349a\" src=\"https:\/\/www.sisinternational.com\/wp-content\/uploads\/2025\/08\/Surgical-robot-4.jpg\" alt=\"Investigaci\u00f3n y estrategia de mercado internacional de SIS\" title=\"Surgical robot (4)\" srcset=\"https:\/\/www.sisinternational.com\/wp-content\/uploads\/2025\/08\/Surgical-robot-4.jpg 1456w, https:\/\/www.sisinternational.com\/wp-content\/uploads\/2025\/08\/Surgical-robot-4-300x168.jpg 300w, https:\/\/www.sisinternational.com\/wp-content\/uploads\/2025\/08\/Surgical-robot-4-1024x574.jpg 1024w, https:\/\/www.sisinternational.com\/wp-content\/uploads\/2025\/08\/Surgical-robot-4-768x430.jpg 768w, https:\/\/www.sisinternational.com\/wp-content\/uploads\/2025\/08\/Surgical-robot-4-18x10.jpg 18w\" sizes=\"auto, (max-width: 1456px) 100vw, 1456px\"><\/figure>\n\n\n\n<p><\/p>\n\n\n\n<p>Se espera que el mercado de robots quir\u00fargicos tenga un crecimiento significativo, impulsado por los avances tecnol\u00f3gicos, la creciente demanda de cirug\u00edas m\u00ednimamente invasivas y el creciente envejecimiento de la poblaci\u00f3n. Por lo tanto, la investigaci\u00f3n de mercado de robots quir\u00fargicos desempe\u00f1ar\u00e1 un papel vital en las siguientes \u00e1reas:<\/p>\n\n\n\n<ul class=\"wp-block-list\">\n<li><strong>Expansi\u00f3n en mercados emergentes:<\/strong> The surgical robot market is expected to experience considerable growth in emerging markets such as Asia-Pacific, Latin America, and <a href=\"https:\/\/www.sisinternational.com\/es\/investigacion-de-mercado-sanitario-emea\/\" title=\"Investigaci\u00f3n del mercado sanitario en Europa\"  data-wpil-monitor-id=\"7040\">Africa since healthcare<\/a> infrastructure in these regions continues to improve. Companies can capitalize on this opportunity by expanding their presence in these markets and tailoring their offerings to meet local needs.<\/li>\n\n\n\n<li><strong>Mayor integraci\u00f3n de AI y ML:<\/strong> La incorporaci\u00f3n de IA y ML a los sistemas de robots quir\u00fargicos tiene el potencial de revolucionar la industria. Estas tecnolog\u00edas pueden mejorar las capacidades de los robots quir\u00fargicos al proporcionar orientaci\u00f3n en tiempo real, an\u00e1lisis predictivo y apoyo a la toma de decisiones, mejorando los resultados quir\u00fargicos y la atenci\u00f3n al paciente.<\/li>\n\n\n\n<li><strong>Desarrollo de robots quir\u00fargicos rentables:<\/strong> Los altos costos asociados con los robots quir\u00fargicos son una barrera para su adopci\u00f3n generalizada. Las empresas que puedan desarrollar sistemas rob\u00f3ticos m\u00e1s asequibles y rentables manteniendo al mismo tiempo la calidad y el rendimiento estar\u00e1n bien posicionadas para capturar una mayor participaci\u00f3n del mercado e impulsar una mayor adopci\u00f3n.<\/li>\n\n\n\n<li><strong>Avances en cirug\u00eda remota:<\/strong> Con la creciente adopci\u00f3n de la telemedicina y la creciente necesidad de soluciones quir\u00fargicas remotas, existe un importante potencial de crecimiento en el desarrollo de robots quir\u00fargicos capaces de realizar procedimientos remotos.<\/li>\n\n\n\n<li><strong>Exploraci\u00f3n de nuevas aplicaciones:<\/strong> A medida que las tecnolog\u00edas de robots quir\u00fargicos contin\u00faan avanzando, nuevas aplicaciones y especialidades m\u00e9dicas pueden beneficiarse de la adopci\u00f3n de soluciones rob\u00f3ticas. Las empresas pueden explorar estas \u00e1reas emergentes, identificar necesidades no satisfechas y desarrollar robots quir\u00fargicos especializados para atender procedimientos o poblaciones de pacientes espec\u00edficos, ampliando as\u00ed su alcance en el mercado y su oferta de productos.<\/li>\n<\/ul>\n\n\n\n<p>SIS International ofrece investigaci\u00f3n cuantitativa, cualitativa y estrat\u00e9gica. Proporcionamos datos, herramientas, estrategias, informes y insights para la toma de decisiones. Realizamos entrevistas, encuestas, grupos focales y muchos otros m\u00e9todos y enfoques de investigaci\u00f3n de mercado. Cont\u00e1ctenos para su pr\u00f3ximo proyecto de Investigaci\u00f3n de Mercado.<\/p>","protected":false},"excerpt":{"rendered":"<p>La rob\u00f3tica ha tenido un impacto significativo en la atenci\u00f3n m\u00e9dica mediante el desarrollo y la implementaci\u00f3n de robots quir\u00fargicos.<\/p>","protected":false},"author":1,"featured_media":64588,"parent":11294,"menu_order":267,"comment_status":"closed","ping_status":"closed","template":"","meta":{"footnotes":""},"class_list":["post-42412","page","type-page","status-publish","has-post-thumbnail"],"_links":{"self":[{"href":"https:\/\/www.sisinternational.com\/es\/wp-json\/wp\/v2\/pages\/42412","targetHints":{"allow":["GET"]}}],"collection":[{"href":"https:\/\/www.sisinternational.com\/es\/wp-json\/wp\/v2\/pages"}],"about":[{"href":"https:\/\/www.sisinternational.com\/es\/wp-json\/wp\/v2\/types\/page"}],"author":[{"embeddable":true,"href":"https:\/\/www.sisinternational.com\/es\/wp-json\/wp\/v2\/users\/1"}],"replies":[{"embeddable":true,"href":"https:\/\/www.sisinternational.com\/es\/wp-json\/wp\/v2\/comments?post=42412"}],"version-history":[{"count":6,"href":"https:\/\/www.sisinternational.com\/es\/wp-json\/wp\/v2\/pages\/42412\/revisions"}],"predecessor-version":[{"id":80604,"href":"https:\/\/www.sisinternational.com\/es\/wp-json\/wp\/v2\/pages\/42412\/revisions\/80604"}],"up":[{"embeddable":true,"href":"https:\/\/www.sisinternational.com\/es\/wp-json\/wp\/v2\/pages\/11294"}],"wp:featuredmedia":[{"embeddable":true,"href":"https:\/\/www.sisinternational.com\/es\/wp-json\/wp\/v2\/media\/64588"}],"wp:attachment":[{"href":"https:\/\/www.sisinternational.com\/es\/wp-json\/wp\/v2\/media?parent=42412"}],"curies":[{"name":"wp","href":"https:\/\/api.w.org\/{rel}","templated":true}]}}