{"id":42395,"date":"2023-04-15T22:23:22","date_gmt":"2023-04-16T02:23:22","guid":{"rendered":"https:\/\/www.sisinternational.com\/?page_id=42395"},"modified":"2026-01-26T18:57:29","modified_gmt":"2026-01-26T23:57:29","slug":"investigacion-de-mercado-de-acetileno","status":"publish","type":"page","link":"https:\/\/www.sisinternational.com\/es\/pericia\/investigacion-de-mercado-de-acetileno\/","title":{"rendered":"Investigaci\u00f3n de mercado de acetileno"},"content":{"rendered":"<h1 class=\"wp-block-heading\">Investigaci\u00f3n de mercado de acetileno<\/h1>\n\n\n\n<figure class=\"gb-block-image gb-block-image-2ef62fc4\"><img loading=\"lazy\" decoding=\"async\" width=\"1456\" height=\"816\" class=\"gb-image gb-image-2ef62fc4\" src=\"https:\/\/www.sisinternational.com\/wp-content\/uploads\/2025\/08\/Gas-station-5.jpg\" alt=\"Investigaci\u00f3n y estrategia de mercado internacional de SIS\" title=\"Gas station (5)\" srcset=\"https:\/\/www.sisinternational.com\/wp-content\/uploads\/2025\/08\/Gas-station-5.jpg 1456w, https:\/\/www.sisinternational.com\/wp-content\/uploads\/2025\/08\/Gas-station-5-300x168.jpg 300w, https:\/\/www.sisinternational.com\/wp-content\/uploads\/2025\/08\/Gas-station-5-1024x574.jpg 1024w, https:\/\/www.sisinternational.com\/wp-content\/uploads\/2025\/08\/Gas-station-5-768x430.jpg 768w, https:\/\/www.sisinternational.com\/wp-content\/uploads\/2025\/08\/Gas-station-5-18x10.jpg 18w\" sizes=\"auto, (max-width: 1456px) 100vw, 1456px\"><\/figure>\n\n\n\n<p><\/p>\n\n\n\n<hr class=\"wp-block-separator has-alpha-channel-opacity is-style-dots\"\/>\n\n\n\n<p>La investigaci\u00f3n de mercado del acetileno es fundamental para comprender la din\u00e1mica, las tendencias y las oportunidades dentro de la industria del acetileno. Con una demanda creciente de acetileno en diversos sectores, resulta esencial que las empresas globales se mantengan informadas sobre el panorama del mercado para tomar decisiones precisas y mantener una ventaja competitiva.<\/p>\n\n\n\n<p><\/p>\n\n\n\n<div class=\"wp-block-columns has-global-color-9-color has-text-color has-background has-link-color wp-elements-31137b5d70226fdbefc7af23f9fea7d4 is-layout-flex wp-container-core-columns-is-layout-9d6595d7 wp-block-columns-is-layout-flex\" style=\"background-color:#f7f9fa6e\">\n<div class=\"wp-block-column is-layout-flow wp-block-column-is-layout-flow\" style=\"flex-basis:18%\"><\/div>\n\n\n\n<div class=\"wp-block-column is-vertically-aligned-center is-layout-flow wp-block-column-is-layout-flow\" style=\"flex-basis:71.28%\">\n<div class=\"wp-block-rank-math-toc-block aligncenter has-global-color-9-color has-text-color has-link-color wp-elements-5c6f3b626e3961d2176482bf737a4bf5\" style=\"font-size:16px\" id=\"rank-math-toc\"><h2><br><strong>t<\/strong>able of Contents<\/h2><nav><ul><li class=\"\"><a href=\"#importance-of-acetylene-market-research-for-industry-stakeholders\">Importancia de la investigaci\u00f3n de mercado del acetileno para las partes interesadas de la industria<\/a><\/li><li class=\"\"><a href=\"#benefits-of-acetylene-market-research-for-companies\">Beneficios de la investigaci\u00f3n de mercado del acetileno para las empresas<\/a><\/li><li class=\"\"><a href=\"#current-market-trends\">Tendencias actuales del mercado<\/a><\/li><li class=\"\"><a href=\"#opportunities-for-acetylene-market-research\">Oportunidades para la investigaci\u00f3n de mercado del acetileno<\/a><\/li><li class=\"\"><a href=\"#challenges-of-acetylene-market-research\">Desaf\u00edos de la investigaci\u00f3n de mercado del acetileno<\/a><\/li><li class=\"\"><a href=\"#future-outlook\">Perspectiva del futuro<\/a><\/li><\/ul><\/nav><\/div>\n<\/div>\n<\/div>\n\n\n\n<p><\/p>\n\n\n\n<h2 class=\"wp-block-heading\" id=\"importance-of-acetylene-market-research-for-industry-stakeholders\">Importancia de la investigaci\u00f3n de mercado del acetileno para las partes interesadas de la industria<\/h2>\n\n\n\n<p>La investigaci\u00f3n de mercado de Acetileno proporciona informaci\u00f3n crucial que ayuda a las empresas a elaborar planes estrat\u00e9gicos, identificar oportunidades de crecimiento y comprender las complejidades del mercado. Proporciona a las partes interesadas de la industria informaci\u00f3n valiosa sobre las tendencias de crecimiento, el panorama competitivo y el entorno regulatorio.<\/p>\n\n\n\n<p>Additionally, stakeholders can identify potential growth opportunities across sectors such as emerging industries, new applications, and untapped markets. Acetylene market research also delivers insights into the industry&#8217;s latest trends, innovations, and competitive strategies. <\/p>\n\n\n\n<p>Ultimately, acetylene market research helps businesses understand customer needs, preferences, and expectations, enabling them to tailor their products, services, and marketing efforts to serve their target audience better.<\/p>\n\n\n\n<h2 class=\"wp-block-heading\" id=\"benefits-of-acetylene-market-research-for-companies\">Beneficios de la investigaci\u00f3n de mercado del acetileno para las empresas<\/h2>\n\n\n\n<ul class=\"wp-block-list\">\n<li><strong>Identificando oportunidades de crecimiento:<\/strong> Acetylene market research enables companies to identify potential growth opportunities in various sectors such as emerging industries, new applications, and untapped markets. <\/li>\n\n\n\n<li><strong>Understanding customer needs:<\/strong> Acetylene market research helps companies understand customer preferences and expectations, enabling them to tailor their products, services, and marketing efforts to meet those needs.<\/li>\n\n\n\n<li><strong>Staying ahead of the competition: <\/strong>Acetylene market research provides insights into the latest trends, innovations, and competitive strategies. <\/li>\n\n\n\n<li><strong>Mejorar la toma de decisiones:<\/strong> It equips companies with valuable information on market size, growth trends, the competitive landscape, and the regulatory environment to keep key stakeholders informed.<\/li>\n\n\n\n<li><strong>Streamlining operations:<\/strong> By analyzing the acetylene market&#8217;s supply chain, production processes, and distribution channels, companies can identify areas for improvement and optimization. This can lead to increased efficiency, cost savings, and better resource allocation.<\/li>\n<\/ul>\n\n\n\n<h2 class=\"wp-block-heading\" id=\"current-market-trends\">Tendencias actuales del mercado<\/h2>\n\n\n\n<figure class=\"gb-block-image gb-block-image-ee52543b\"><img loading=\"lazy\" decoding=\"async\" width=\"1456\" height=\"816\" class=\"gb-image gb-image-ee52543b\" src=\"https:\/\/www.sisinternational.com\/wp-content\/uploads\/2025\/08\/Butane-2.jpg\" alt=\"Investigaci\u00f3n y estrategia de mercado internacional de SIS\" title=\"Butane (2)\" srcset=\"https:\/\/www.sisinternational.com\/wp-content\/uploads\/2025\/08\/Butane-2.jpg 1456w, https:\/\/www.sisinternational.com\/wp-content\/uploads\/2025\/08\/Butane-2-300x168.jpg 300w, https:\/\/www.sisinternational.com\/wp-content\/uploads\/2025\/08\/Butane-2-1024x574.jpg 1024w, https:\/\/www.sisinternational.com\/wp-content\/uploads\/2025\/08\/Butane-2-768x430.jpg 768w, https:\/\/www.sisinternational.com\/wp-content\/uploads\/2025\/08\/Butane-2-18x10.jpg 18w\" sizes=\"auto, (max-width: 1456px) 100vw, 1456px\"><\/figure>\n\n\n\n<p><\/p>\n\n\n\n<p>La investigaci\u00f3n de mercado de acetileno es fundamental para identificar las tendencias actuales del mercado que dan forma al crecimiento y la evoluci\u00f3n de la industria. Hoy en d\u00eda, algunas tendencias clave del mercado actual reveladas a trav\u00e9s de la investigaci\u00f3n de mercado del acetileno son las siguientes:<\/p>\n\n\n\n<ul class=\"wp-block-list\">\n<li>Acetylene market research highlights the growing demand for acetylene across emerging industries, including advanced materials and biotechnology. <\/li>\n\n\n\n<li>With growing concerns about the environmental impact of industrial processes, the acetylene industry is adopting more sustainable solutions. <\/li>\n\n\n\n<li>Acetylene market <a href=\"https:\/\/www.sisinternational.com\/es\/pericia\/industrias\/estudio-de-mercado-de-seguridad-vial\/\" title=\"Investigaci\u00f3n de mercado de seguridad vial\"  data-wpil-monitor-id=\"7164\">investigaci\u00f3n<\/a> highlights the impact of government policies and regulations on the industry such as safety standards, environmental regulations, and import\/export restrictions. These policies influence market dynamics and can create both opportunities and challenges for industry stakeholders.<\/li>\n<\/ul>\n\n\n\n<h2 class=\"wp-block-heading\" id=\"opportunities-for-acetylene-market-research\">Oportunidades para la investigaci\u00f3n de mercado del acetileno<\/h2>\n\n\n\n<figure class=\"gb-block-image gb-block-image-90dcd979\"><img loading=\"lazy\" decoding=\"async\" width=\"1456\" height=\"816\" class=\"gb-image gb-image-90dcd979\" src=\"https:\/\/www.sisinternational.com\/wp-content\/uploads\/2025\/08\/Butane-1.jpg\" alt=\"Investigaci\u00f3n y estrategia de mercado internacional de SIS\" title=\"Butane (1)\" srcset=\"https:\/\/www.sisinternational.com\/wp-content\/uploads\/2025\/08\/Butane-1.jpg 1456w, https:\/\/www.sisinternational.com\/wp-content\/uploads\/2025\/08\/Butane-1-300x168.jpg 300w, https:\/\/www.sisinternational.com\/wp-content\/uploads\/2025\/08\/Butane-1-1024x574.jpg 1024w, https:\/\/www.sisinternational.com\/wp-content\/uploads\/2025\/08\/Butane-1-768x430.jpg 768w, https:\/\/www.sisinternational.com\/wp-content\/uploads\/2025\/08\/Butane-1-18x10.jpg 18w\" sizes=\"auto, (max-width: 1456px) 100vw, 1456px\"><\/figure>\n\n\n\n<p><\/p>\n\n\n\n<ul class=\"wp-block-list\">\n<li>Acetylene can be used to produce advanced materials such as carbon nanotubes, graphene, and other carbon-based structures. Market research identifies the opportunities and challenges associated with these applications and guides the development of new products and technologies.<\/li>\n\n\n\n<li>Los pa\u00edses en desarrollo ofrecen importantes oportunidades para el mercado del acetileno. La investigaci\u00f3n de mercado puede ayudar a identificar los principales impulsores del crecimiento, la din\u00e1mica del mercado local y las posibles barreras de entrada en estas regiones.<\/li>\n\n\n\n<li>In mature markets, demand for acetylene may be driven by innovations in end-use industries and the development of new applications. Market research can help uncover growth opportunities and guide strategic decisions for stakeholders in these regions.<\/li>\n<\/ul>\n\n\n\n<h2 class=\"wp-block-heading\" id=\"challenges-of-acetylene-market-research\">Desaf\u00edos de la investigaci\u00f3n de mercado del acetileno<\/h2>\n\n\n\n<ul class=\"wp-block-list\">\n<li>The acetylene market is fragmented, with numerous small- and medium-sized enterprises operating alongside larger corporations. Collecting accurate, comprehensive data on these players and their operations can be challenging, requiring researchers to use diverse sources and employ innovative data collection techniques.<\/li>\n\n\n\n<li>Acetylene manufacturers may hesitate to share sensitive information about production processes, capacities, and costs, making it difficult for researchers to obtain accurate, up-to-date data on market trends and developments.<\/li>\n\n\n\n<li>El mercado del acetileno est\u00e1 sujeto a regulaciones ambientales y de seguridad estrictas y que cambian con frecuencia, lo que puede afectar significativamente la din\u00e1mica del mercado. Los investigadores de mercado deben mantenerse al tanto de estas regulaciones y evaluar su impacto potencial en la industria.<\/li>\n\n\n\n<li>El mercado del acetileno se caracteriza por una intensa competencia tanto por parte de actores establecidos como de nuevos participantes. Los investigadores de mercado deben evaluar el panorama competitivo y proporcionar informaci\u00f3n sobre estrategias, cuotas de mercado y amenazas potenciales de los competidores emergentes.<\/li>\n\n\n\n<li>Alternative materials and technologies can pose a threat to the acetylene market, especially in end-use industries where more sustainable or cost-effective solutions can replace acetylene. Market researchers must identify these substitution threats and assess their potential impact on market dynamics.<\/li>\n<\/ul>\n\n\n\n<p><\/p>\n\n\n\n<!DOCTYPE html>\n<html lang=\"en\">\n<head>\n    <meta charset=\"UTF-8\">\n    <meta name=\"viewport\" content=\"width=device-width, initial-scale=1.0\">\n    <title>AI Blog Banner<\/title>\n    <style>\n        * {\n            margin: 0;\n            padding: 0;\n            box-sizing: border-box;\n        }\n\n        .banner {\n            position: relative;\n            width: 100%;\n            height: 350px;\n            overflow: hidden;\n            display: flex;\n            align-items: center;\n            justify-content: center;\n            font-family: 'Arial', sans-serif;\n            border-radius: 25px;\n        }\n\n        .animated-background {\n            position: absolute;\n            top: 0;\n            left: 0;\n            width: 100%;\n            height: 100%;\n            background: linear-gradient(45deg, #003f6b, #2d5a7b, #003f6b, #2d5a7b);\n            background-size: 400% 400%;\n            animation: gradientMove 8s ease-in-out infinite;\n        }\n\n        .ai-pattern {\n            position: absolute;\n            top: 0;\n            left: 0;\n            width: 100%;\n            height: 100%;\n            opacity: 0.1;\n            background-image: \n                radial-gradient(circle at 20% 20%, rgba(255,255,255,0.3) 2px, transparent 2px),\n                radial-gradient(circle at 80% 80%, rgba(255,255,255,0.2) 1px, transparent 1px),\n                radial-gradient(circle at 40% 60%, rgba(255,255,255,0.15) 1.5px, transparent 1.5px),\n                radial-gradient(circle at 60% 20%, rgba(255,255,255,0.25) 1px, transparent 1px),\n                radial-gradient(circle at 80% 40%, rgba(255,255,255,0.2) 2px, transparent 2px);\n            background-size: 100px 100px, 150px 150px, 80px 80px, 120px 120px, 90px 90px;\n            animation: patternFloat 12s linear infinite;\n        }\n\n        .neural-network {\n            position: absolute;\n            top: 0;\n            left: 0;\n            width: 100%;\n            height: 100%;\n            opacity: 0.08;\n        }\n\n        .neural-line {\n            position: absolute;\n            height: 1px;\n            background: linear-gradient(90deg, transparent, rgba(255,255,255,0.5), transparent);\n            animation: neuralPulse 6s ease-in-out infinite;\n        }\n\n        .neural-line:nth-child(1) {\n            top: 30%;\n            left: 0;\n            width: 60%;\n            animation-delay: 0s;\n        }\n\n        .neural-line:nth-child(2) {\n            top: 50%;\n            right: 0;\n            width: 70%;\n            animation-delay: 2s;\n        }\n\n        .neural-line:nth-child(3) {\n            top: 70%;\n            left: 20%;\n            width: 50%;\n            animation-delay: 4s;\n        }\n\n        .content {\n            position: relative;\n            z-index: 10;\n            text-align: center;\n            color: white !important;\n            max-width: 800px;\n            padding: 30px;\n        }\n\n        .content * {\n            color: white !important;\n        }\n\n        .cta-text {\n            font-size: 1.9rem;\n            font-weight: 700;\n            margin-bottom: 15px;\n            color: white !important;\n            background: linear-gradient(90deg, rgba(255,255,255,0.6), rgba(255,255,255,1), rgba(230,230,230,1), rgba(255,255,255,1), rgba(240,240,240,0.8), rgba(255,255,255,0.6));\n            background-size: 200% 100%;\n            -webkit-background-clip: text;\n            -webkit-text-fill-color: transparent;\n            background-clip: text;\n            animation: shineEffect 10s ease-in-out infinite;\n            line-height: 1.3;\n        }\n\n        .cta-subheading {\n            font-size: 1rem;\n            font-weight: 400;\n            margin-bottom: 25px;\n            color: white !important;\n            line-height: 1.6;\n            opacity: 0.95;\n        }\n\n        .cta-button {\n            background: linear-gradient(135deg, #8a6b0f, #bd9013, #d4a519);\n            border: 2px solid #8a6b0f;\n            color: white !important;\n            padding: 18px 40px;\n            font-size: 1.2rem;\n            font-weight: 600;\n            border-radius: 50px;\n            cursor: pointer;\n            transition: all 0.3s ease;\n            text-decoration: none;\n            display: inline-block;\n            position: relative;\n            overflow: hidden;\n        }\n\n        .cta-button::before {\n            content: '';\n            position: absolute;\n            top: 0;\n            left: -100%;\n            width: 100%;\n            height: 100%;\n            background: linear-gradient(90deg, \n                transparent 0%, \n                rgba(255, 255, 255, 0.3) 25%,\n                rgba(255, 255, 255, 0.6) 50%,\n                rgba(255, 255, 255, 0.3) 75%,\n                transparent 100%);\n            animation: shine 3s ease-in-out infinite;\n        }\n\n        .cta-button:hover {\n            transform: translateY(-3px);\n            box-shadow: 0 10px 25px rgba(0,0,0,0.2);\n            border-color: #bd9013;\n            background: linear-gradient(135deg, #bd9013, #d4a519, #e6b61f);\n        }\n\n        .floating-elements {\n            position: absolute;\n            top: 0;\n            left: 0;\n            width: 100%;\n            height: 100%;\n            pointer-events: none;\n        }\n\n        .floating-circle {\n            position: absolute;\n            border-radius: 50%;\n            background: rgba(255,255,255,0.1);\n            animation: float 8s ease-in-out infinite;\n        }\n\n        .floating-circle:nth-child(1) {\n            width: 80px;\n            height: 80px;\n            top: 20%;\n            left: 10%;\n            animation-delay: 0s;\n        }\n\n        .floating-circle:nth-child(2) {\n            width: 60px;\n            height: 60px;\n            top: 60%;\n            right: 15%;\n            animation-delay: 3s;\n        }\n\n        .floating-circle:nth-child(3) {\n            width: 40px;\n            height: 40px;\n            top: 80%;\n            left: 80%;\n            animation-delay: 6s;\n        }\n\n        .floating-circle:nth-child(4) {\n            width: 70px;\n            height: 70px;\n            top: 10%;\n            right: 20%;\n            animation-delay: 1.5s;\n        }\n\n        .floating-circle:nth-child(5) {\n            width: 50px;\n            height: 50px;\n            top: 75%;\n            left: 30%;\n            animation-delay: 4.5s;\n        }\n\n        @keyframes gradientMove {\n            0% { background-position: 0% 50%; }\n            25% { background-position: 100% 50%; }\n            50% { background-position: 100% 100%; }\n            75% { background-position: 0% 100%; }\n            100% { background-position: 0% 50%; }\n        }\n\n        @keyframes patternFloat {\n            0% { transform: translateX(0) translateY(0); }\n            33% { transform: translateX(30px) translateY(-20px); }\n            66% { transform: translateX(-20px) translateY(10px); }\n            100% { transform: translateX(0) translateY(0); }\n        }\n\n        @keyframes neuralPulse {\n            0%, 100% { opacity: 0.08; }\n            50% { opacity: 0.2; }\n        }\n\n        @keyframes shineEffect {\n            0% { background-position: 200% 0; }\n            100% { background-position: -200% 0; }\n        }\n\n        @keyframes shine {\n            0% {\n                left: -100%;\n            }\n            20%, 100% {\n                left: 100%;\n            }\n        }\n\n        @keyframes float {\n            0%, 100% { transform: translateY(0px) rotate(0deg); }\n            33% { transform: translateY(-30px) rotate(120deg); }\n            66% { transform: translateY(15px) rotate(240deg); }\n        }\n\n        @media (max-width: 768px) {\n            .banner {\n                height: 320px;\n                padding: 30px 0;\n            }\n            \n            .content {\n                padding: 40px 20px;\n            }\n            \n            .cta-text {\n                font-size: 1.3rem;\n                margin-bottom: 12px;\n            }\n            \n            .cta-subheading {\n                font-size: 0.85rem;\n                margin-bottom: 20px;\n            }\n            \n            .cta-button {\n                padding: 14px 28px;\n                font-size: 0.95rem;\n            }\n        }\n    <\/style>\n<\/head>\n<body>\n    <div class=\"banner\">\n        <div class=\"animated-background\"><\/div>\n        \n        <div class=\"ai-pattern\"><\/div>\n        \n        <div class=\"neural-network\">\n            <div class=\"neural-line\"><\/div>\n            <div class=\"neural-line\"><\/div>\n            <div class=\"neural-line\"><\/div>\n        <\/div>\n        \n        <div class=\"floating-elements\">\n            <div class=\"floating-circle\"><\/div>\n            <div class=\"floating-circle\"><\/div>\n            <div class=\"floating-circle\"><\/div>\n            <div class=\"floating-circle\"><\/div>\n            <div class=\"floating-circle\"><\/div>\n        <\/div>\n        \n        <div class=\"content\">\n            <div class=\"cta-text\">Ready to explore the insights that drive smarter decisions?<\/div>\n            <div class=\"cta-subheading\">Contact our Research experts today.<\/div>\n            <a href=\"mailto:Research@sisinternational.com\" class=\"cta-button\">Contact us now!<\/a>\n        <\/div>\n    <\/div>\n<\/body>\n<\/html>\n\n\n\n<p><\/p>\n\n\n\n<h2 class=\"wp-block-heading\" id=\"future-outlook\">Perspectiva del futuro<\/h2>\n\n\n\n<ul class=\"wp-block-list\">\n<li><strong>Emerging applications: <\/strong>Acetylene&#8217;s diverse applications, including its use in advanced materials, renewable energy, and specialty chemicals, are expected to drive growth in the coming years. Market research will need to continuously identify and assess these emerging applications, as well as their potential impact on the overall market.<\/li>\n\n\n\n<li><strong>Innovation in end-use industries: <\/strong>Advances in end-use industries such as automotive, aerospace, and electronics, could lead to increased demand for acetylene and its derivatives. Market research will be vital in identifying these growth opportunities and understanding the factors driving demand.<\/li>\n\n\n\n<li><strong>Sustainable production methods:<\/strong> The development and adoption of innovative, sustainable technologies for acetylene production such as biomass gasification and solar-driven processes are expected to shape the future of the industry. Market research will need to monitor the progress of these technologies and assess their potential impact on market dynamics.<\/li>\n\n\n\n<li><strong>Panorama competitivo: <\/strong>The acetylene market is expected to remain highly competitive with both established players and new entrants vying for market share. Market research will need to continually analyze the competitive landscape and provide insights into strategies, potential threats from emerging competitors, and opportunities for differentiation.<\/li>\n<\/ul>\n\n\n\n<p>SIS International ofrece investigaci\u00f3n cuantitativa, cualitativa y estrat\u00e9gica. Proporcionamos datos, herramientas, estrategias, informes y insights para la toma de decisiones. Realizamos entrevistas, encuestas, grupos focales y muchos otros m\u00e9todos y enfoques de investigaci\u00f3n de mercado. Cont\u00e1ctenos para su pr\u00f3ximo proyecto de Investigaci\u00f3n de Mercado.<\/p>\n\n\n<h2>Nuestra ubicaci\u00f3n de instalaciones en Nueva York<\/h2>\n<p><!-- \/wp:post-content --> <!-- wp:html --> <iframe loading=\"lazy\" src=\"https:\/\/www.google.com\/maps\/embed?pb=!1m18!1m12!1m3!1d3022.976188376966!2d-73.99130312499956!3d40.740549471389315!2m3!1f0!2f0!3f0!3m2!1i1024!2i768!4f13.1!3m3!1m2!1s0x89c259a15798c731%3A0xd695d09bdd495f25!2s11%20E%2022nd%20St%20FL%202%2C%20New%20York%2C%20NY%2010010%2C%20USA!5e0!3m2!1sen!2spe!4v1726171763526!5m2!1sen!2spe\" width=\"600\" height=\"450\" allowfullscreen=\"allowfullscreen\" data-mce-fragment=\"1\"><\/iframe> <!-- \/wp:html --> <!-- wp:paragraph --><\/p>\n<h3 class=\"wp-block-heading\">11 E 22nd Street, Piso 2, Nueva York, NY 10010 T: +1(212) 505-6805<\/h3>\n<hr \/>\n<h2><span style=\"font-weight: 400;\">Acerca de SIS Internacional<\/span><\/h2>\n<p><a href=\"https:\/\/www.sisinternational.com\/es\/\"><span style=\"font-weight: 400;\">SIS Internacional<\/span><\/a><span style=\"font-weight: 400;\"> ofrece investigaci\u00f3n cuantitativa, cualitativa y estrat\u00e9gica. Proporcionamos datos, herramientas, estrategias, informes y conocimientos para la toma de decisiones. Tambi\u00e9n realizamos entrevistas, encuestas, grupos focales y otros m\u00e9todos y enfoques de investigaci\u00f3n de mercado.<\/span><a href=\"https:\/\/www.sisinternational.com\/es\/sobre-la-investigacion-internacional-de-sis\/contact-sis-international-market-research\/\"><span style=\"font-weight: 400;\"> P\u00f3ngase en contacto con nosotros<\/span><\/a><span style=\"font-weight: 400;\"> para su pr\u00f3ximo proyecto de Investigaci\u00f3n de Mercado.<\/span><\/p>\n<p><!-- wp:heading --><\/p>\n<h2 id=\"about-sis-international\" class=\"wp-block-heading\">\u00a0<\/h2>\n<p><!-- \/wp:heading --><\/p>","protected":false},"excerpt":{"rendered":"<p>La investigaci\u00f3n de mercado del acetileno es fundamental para comprender la din\u00e1mica, las tendencias y las oportunidades dentro de la industria del acetileno.<\/p>","protected":false},"author":1,"featured_media":63842,"parent":14514,"menu_order":262,"comment_status":"closed","ping_status":"closed","template":"","meta":{"footnotes":""},"class_list":["post-42395","page","type-page","status-publish","has-post-thumbnail"],"_links":{"self":[{"href":"https:\/\/www.sisinternational.com\/es\/wp-json\/wp\/v2\/pages\/42395","targetHints":{"allow":["GET"]}}],"collection":[{"href":"https:\/\/www.sisinternational.com\/es\/wp-json\/wp\/v2\/pages"}],"about":[{"href":"https:\/\/www.sisinternational.com\/es\/wp-json\/wp\/v2\/types\/page"}],"author":[{"embeddable":true,"href":"https:\/\/www.sisinternational.com\/es\/wp-json\/wp\/v2\/users\/1"}],"replies":[{"embeddable":true,"href":"https:\/\/www.sisinternational.com\/es\/wp-json\/wp\/v2\/comments?post=42395"}],"version-history":[{"count":11,"href":"https:\/\/www.sisinternational.com\/es\/wp-json\/wp\/v2\/pages\/42395\/revisions"}],"predecessor-version":[{"id":80728,"href":"https:\/\/www.sisinternational.com\/es\/wp-json\/wp\/v2\/pages\/42395\/revisions\/80728"}],"up":[{"embeddable":true,"href":"https:\/\/www.sisinternational.com\/es\/wp-json\/wp\/v2\/pages\/14514"}],"wp:featuredmedia":[{"embeddable":true,"href":"https:\/\/www.sisinternational.com\/es\/wp-json\/wp\/v2\/media\/63842"}],"wp:attachment":[{"href":"https:\/\/www.sisinternational.com\/es\/wp-json\/wp\/v2\/media?parent=42395"}],"curies":[{"name":"wp","href":"https:\/\/api.w.org\/{rel}","templated":true}]}}