{"id":42388,"date":"2023-04-14T23:09:16","date_gmt":"2023-04-15T03:09:16","guid":{"rendered":"https:\/\/www.sisinternational.com\/?page_id=42388"},"modified":"2026-01-26T16:47:56","modified_gmt":"2026-01-26T21:47:56","slug":"investigacion-de-mercado-de-filtracion-de-purificacion-de-agua","status":"publish","type":"page","link":"https:\/\/www.sisinternational.com\/es\/pericia\/investigacion-de-mercado-de-filtracion-de-purificacion-de-agua\/","title":{"rendered":"Investigaci\u00f3n de mercado de purificaci\u00f3n y filtraci\u00f3n de agua"},"content":{"rendered":"<h1 class=\"wp-block-heading\">Investigaci\u00f3n de mercado de purificaci\u00f3n y filtraci\u00f3n de agua<\/h1>\n\n\n\n<figure class=\"gb-block-image gb-block-image-358ce2d3\"><img loading=\"lazy\" decoding=\"async\" width=\"1456\" height=\"816\" class=\"gb-image gb-image-358ce2d3\" src=\"https:\/\/www.sisinternational.com\/wp-content\/uploads\/2025\/08\/Water-21.jpg\" alt=\"Investigaci\u00f3n y estrategia de mercado internacional de SIS\" title=\"Water (21)\" srcset=\"https:\/\/www.sisinternational.com\/wp-content\/uploads\/2025\/08\/Water-21.jpg 1456w, https:\/\/www.sisinternational.com\/wp-content\/uploads\/2025\/08\/Water-21-300x168.jpg 300w, https:\/\/www.sisinternational.com\/wp-content\/uploads\/2025\/08\/Water-21-1024x574.jpg 1024w, https:\/\/www.sisinternational.com\/wp-content\/uploads\/2025\/08\/Water-21-768x430.jpg 768w, https:\/\/www.sisinternational.com\/wp-content\/uploads\/2025\/08\/Water-21-18x10.jpg 18w\" sizes=\"auto, (max-width: 1456px) 100vw, 1456px\"><\/figure>\n\n\n\n<p><\/p>\n\n\n\n<p>La investigaci\u00f3n de mercado de filtraci\u00f3n y purificaci\u00f3n de agua es vital ya que involucra productos que proporcionan procesos que garantizan que las personas tengan acceso a agua limpia y segura para el consumo. La creciente demanda de agua potable ha llevado al desarrollo de diversas tecnolog\u00edas para el tratamiento del agua.<\/p>\n\n\n\n<p>La filtraci\u00f3n y purificaci\u00f3n del agua son fundamentales para garantizar la salud p\u00fablica al prevenir la propagaci\u00f3n de enfermedades transmitidas por el agua. El agua contaminada es una de las principales causas de enfermedades y muertes en muchas partes del mundo, particularmente en los pa\u00edses en desarrollo donde el acceso al agua potable es limitado.<\/p>\n\n\n\n<p>The water filtration and purification industry are an essential sector that plays a critical role in ensuring that the world&#8217;s water supply is safe and clean for human consumption. With the increasing concern over drinking water quality, the demand for <a href=\"https:\/\/www.sisinternational.com\/es\/pericia\/industrias\/investigacion-de-mercado-de-tecnologia-del-agua\/\" title=\"Investigaci\u00f3n de mercado de tecnolog\u00eda del agua\"  data-wpil-monitor-id=\"4678\">water filtration and purification<\/a> systems has been steadily increasing and market research provides insights vital to the growth of the industry.<\/p>\n\n\n\n<h2 class=\"wp-block-heading\">Impulsores del mercado en la investigaci\u00f3n de mercado de purificaci\u00f3n y filtraci\u00f3n de agua<\/h2>\n\n\n\n<p>Uno de los impulsores importantes de la industria de la filtraci\u00f3n y purificaci\u00f3n de agua es la creciente conciencia de los riesgos para la salud asociados con el agua potable contaminada. A medida que m\u00e1s personas toman conciencia de los peligros de consumir agua con altos niveles de contaminantes, es m\u00e1s probable que inviertan en sistemas de filtraci\u00f3n y purificaci\u00f3n de agua para garantizar que su agua sea segura.<\/p>\n\n\n\n<p>La industria tambi\u00e9n est\u00e1 siendo impulsada por requisitos regulatorios que exigen la calidad del agua potable en varias regiones del mundo. Los gobiernos y los organismos reguladores est\u00e1n imponiendo regulaciones cada vez m\u00e1s estrictas sobre la calidad del agua, lo que ha llevado a una mayor demanda de sistemas de filtraci\u00f3n y purificaci\u00f3n de agua.<\/p>\n\n\n\n<p>Las innovaciones en tecnolog\u00edas de filtraci\u00f3n y purificaci\u00f3n de agua tambi\u00e9n est\u00e1n contribuyendo a los cambios y al crecimiento de la industria. Se est\u00e1n descubriendo nuevas tecnolog\u00edas para mejorar la eficiencia y eficacia de los sistemas de tratamiento de agua, haci\u00e9ndolos m\u00e1s asequibles y accesibles para una gama m\u00e1s amplia de consumidores.<\/p>\n\n\n\n<h2 class=\"wp-block-heading\">Vista del producto<\/h2>\n\n\n\n<figure class=\"gb-block-image gb-block-image-d55f5f83\"><img loading=\"lazy\" decoding=\"async\" width=\"1456\" height=\"816\" class=\"gb-image gb-image-d55f5f83\" src=\"https:\/\/www.sisinternational.com\/wp-content\/uploads\/2025\/08\/Water-25.jpg\" alt=\"Investigaci\u00f3n y estrategia de mercado internacional de SIS\" title=\"Water (25)\" srcset=\"https:\/\/www.sisinternational.com\/wp-content\/uploads\/2025\/08\/Water-25.jpg 1456w, https:\/\/www.sisinternational.com\/wp-content\/uploads\/2025\/08\/Water-25-300x168.jpg 300w, https:\/\/www.sisinternational.com\/wp-content\/uploads\/2025\/08\/Water-25-1024x574.jpg 1024w, https:\/\/www.sisinternational.com\/wp-content\/uploads\/2025\/08\/Water-25-768x430.jpg 768w, https:\/\/www.sisinternational.com\/wp-content\/uploads\/2025\/08\/Water-25-18x10.jpg 18w\" sizes=\"auto, (max-width: 1456px) 100vw, 1456px\"><\/figure>\n\n\n\n<p><\/p>\n\n\n\n<p>The water purification and water filtration industry offer a variety of products that are designed to remove contaminants and impurities from water. <a href=\"https:\/\/www.sisinternational.com\/es\/pericia\/industrias\/investigacion-de-mercado-de-agua-embotellada\/\" title=\"Investigaci\u00f3n de mercado de agua embotellada\"  data-wpil-monitor-id=\"4960\">Investigaci\u00f3n de mercado de purificaci\u00f3n y filtraci\u00f3n de agua<\/a> provides insights into the use of these products and their impact to the industry overall. Here are some of the products commonly sold in the industry:<\/p>\n\n\n\n<ul class=\"wp-block-list\">\n<li>Los filtros de agua son uno de los productos m\u00e1s comunes en la industria de la filtraci\u00f3n de agua. Est\u00e1n dise\u00f1ados para eliminar las impurezas del agua del grifo y proporcionar agua potable limpia y segura. Los filtros de agua vienen en varias formas, incluidos filtros de jarra, montados en grifos, de encimera y debajo del fregadero.<\/li>\n\n\n\n<li>Los sistemas de \u00f3smosis inversa son otro producto popular que se vende en la industria de la purificaci\u00f3n del agua. Estos sistemas utilizan una membrana semipermeable para erradicar los contaminantes, incluidas sales, minerales y otras impurezas del agua. Los sistemas de \u00f3smosis inversa se utilizan habitualmente para purificar el agua en hogares, oficinas y otros edificios.<\/li>\n\n\n\n<li>Los ablandadores de agua est\u00e1n dise\u00f1ados para eliminar los minerales duros del agua, como el calcio y el magnesio. El agua dura puede causar varios problemas, como obstruir tuber\u00edas y electrodom\u00e9sticos y afectar el sabor y el olor del agua. Los ablandadores de agua se utilizan com\u00fanmente en hogares, oficinas y otros edificios.<\/li>\n\n\n\n<li>Los sistemas de desinfecci\u00f3n ultravioleta (UV) utilizan luz ultravioleta para acabar con las bacterias, virus y otros microorganismos en el agua. Estos sistemas se utilizan com\u00fanmente en plantas de tratamiento de agua municipales, hospitales y otros entornos donde la pureza del agua es fundamental.<\/li>\n\n\n\n<li>Los sistemas de destilaci\u00f3n est\u00e1n configurados para eliminar los contaminantes del agua hirvi\u00e9ndolos y luego condensando el vapor. Estos sistemas se utilizan con frecuencia en laboratorios y otros entornos que requieren agua de alta pureza.<\/li>\n<\/ul>\n\n\n\n<h2 class=\"wp-block-heading\">Industrias que dependen de la purificaci\u00f3n y filtraci\u00f3n de agua<\/h2>\n\n\n\n<p>La filtraci\u00f3n y purificaci\u00f3n de agua son cruciales en varias industrias, por eso los datos y las estrategias en la investigaci\u00f3n de mercado de Purificaci\u00f3n y filtraci\u00f3n de agua son valiosos. A continuaci\u00f3n se detallan las principales industrias que dependen de la purificaci\u00f3n y filtraci\u00f3n de agua:<\/p>\n\n\n\n<ul class=\"wp-block-list\">\n<li><strong>Las industrias de alimentos y bebidas.<\/strong> Dependen mucho del agua para los procesos de producci\u00f3n y la calidad del agua utilizada puede afectar la calidad y seguridad del producto. Los sistemas de filtraci\u00f3n y purificaci\u00f3n son fundamentales para garantizar que el agua utilizada est\u00e9 libre de impurezas, microorganismos y otros contaminantes.<\/li>\n\n\n\n<li><strong>En la industria de la salud<\/strong>, la calidad del agua es fundamental para la atenci\u00f3n de los pacientes, incluso en instalaciones m\u00e9dicas, laboratorios y fabricaci\u00f3n de productos farmac\u00e9uticos. La purificaci\u00f3n y filtraci\u00f3n del agua son necesarias para garantizar que el agua utilizada sea segura para el consumo humano y los procedimientos m\u00e9dicos.<\/li>\n\n\n\n<li><strong>Tratamiento de aguas municipales<\/strong> Depende en gran medida de la filtraci\u00f3n y purificaci\u00f3n del agua, ya que es responsable del suministro de agua potable a comunidades enteras. El proceso de tratamiento implica eliminar los contaminantes de las fuentes de agua cruda para hacerlas seguras para el consumo.<\/li>\n\n\n\n<li><strong>Tratamiento de aguas residuales<\/strong> es otra aplicaci\u00f3n esencial de la filtraci\u00f3n y purificaci\u00f3n de agua. El proceso implica eliminar contaminantes y contaminantes de las aguas residuales antes de que se liberen nuevamente al medio ambiente. Esto ayuda a prevenir la contaminaci\u00f3n de las fuentes naturales de agua y garantizar la sostenibilidad ambiental.<\/li>\n\n\n\n<li><strong>En la industria electr\u00f3nica<\/strong>, los sistemas de filtraci\u00f3n y purificaci\u00f3n de agua son fundamentales para garantizar la calidad y pureza del agua utilizada en los procesos de fabricaci\u00f3n. Esto ayuda a prevenir la contaminaci\u00f3n de los componentes electr\u00f3nicos y a mantener la calidad del producto.<\/li>\n<\/ul>\n\n\n\n<h2 class=\"wp-block-heading\">Por qu\u00e9 las empresas deber\u00edan realizar investigaciones de mercado de purificaci\u00f3n y filtraci\u00f3n de agua<\/h2>\n\n\n\n<figure class=\"gb-block-image gb-block-image-4478ea7b\"><img loading=\"lazy\" decoding=\"async\" width=\"1456\" height=\"816\" class=\"gb-image gb-image-4478ea7b\" src=\"https:\/\/www.sisinternational.com\/wp-content\/uploads\/2025\/08\/Water-27.jpg\" alt=\"Investigaci\u00f3n y estrategia de mercado internacional de SIS\" title=\"Water (27)\" srcset=\"https:\/\/www.sisinternational.com\/wp-content\/uploads\/2025\/08\/Water-27.jpg 1456w, https:\/\/www.sisinternational.com\/wp-content\/uploads\/2025\/08\/Water-27-300x168.jpg 300w, https:\/\/www.sisinternational.com\/wp-content\/uploads\/2025\/08\/Water-27-1024x574.jpg 1024w, https:\/\/www.sisinternational.com\/wp-content\/uploads\/2025\/08\/Water-27-768x430.jpg 768w, https:\/\/www.sisinternational.com\/wp-content\/uploads\/2025\/08\/Water-27-18x10.jpg 18w\" sizes=\"auto, (max-width: 1456px) 100vw, 1456px\"><\/figure>\n\n\n\n<p><\/p>\n\n\n\n<p>Businesses and companies operating in the water purification and water filtration industry should conduct market research that way they can gain a deeper understanding of their customers, competition, and the overall market landscape. Here are the <a href=\"https:\/\/www.sisinternational.com\/es\/pericia\/industrias\/investigacion-de-mercado-over-the-top-media-ott\/\" title=\"Investigaci\u00f3n de mercado de medios over the top (OTT)\"  data-wpil-monitor-id=\"6209\">top reasons why market research<\/a> is crucial for businesses in this industry:<\/p>\n\n\n\n<ul class=\"wp-block-list\">\n<li><strong>Identificar las necesidades del cliente:<\/strong> La investigaci\u00f3n de mercado puede ayudar a las empresas a identificar las necesidades espec\u00edficas de sus clientes. Al recopilar datos sobre las preferencias, comportamientos y niveles de satisfacci\u00f3n de los clientes, las empresas pueden desarrollar productos y servicios que satisfagan las necesidades de sus clientes de manera m\u00e1s efectiva.<\/li>\n\n\n\n<li><strong>Investigaci\u00f3n de mercado de Purificaci\u00f3n y filtraci\u00f3n de agua:<\/strong> Permite a las empresas seguir siendo competitivas y relevantes al identificar las tendencias del mercado y los cambios en las preferencias de los clientes. Los datos y estrategias de la investigaci\u00f3n de mercado de Purificaci\u00f3n y filtraci\u00f3n de agua se pueden utilizar para adaptarse a las condiciones cambiantes del mercado y descubrir nuevos productos.<\/li>\n\n\n\n<li><strong>Optimizar las Estrategias de Marketing como investigaci\u00f3n de mercado:<\/strong> Esto proporciona informaci\u00f3n sobre la demograf\u00eda, las preferencias y el comportamiento de compra de los clientes. La informaci\u00f3n recopilada se puede utilizar para desarrollar campa\u00f1as de marketing que atraigan al p\u00fablico objetivo y aumenten la rentabilidad.<\/li>\n\n\n\n<li><strong>Mejorar el desarrollo de productos:<\/strong> La investigaci\u00f3n de mercado proporciona informaci\u00f3n sobre las necesidades y preferencias de los clientes, que puede utilizarse para mejorar el desarrollo de productos y, por tanto, mejorar las relaciones con los clientes.<\/li>\n<\/ul>\n\n\n\n<p>El futuro de la industria de la purificaci\u00f3n y filtraci\u00f3n de agua parece prometedor, con avances en la tecnolog\u00eda y preocupaciones crecientes sobre la escasez y la contaminaci\u00f3n del agua. Invertir en investigaci\u00f3n de mercado de purificaci\u00f3n y filtraci\u00f3n de agua puede ayudar a las empresas a prosperar y tener \u00e9xito en esta industria din\u00e1mica y esencial.<\/p>","protected":false},"excerpt":{"rendered":"<p>La filtraci\u00f3n y purificaci\u00f3n del agua son fundamentales para garantizar la salud p\u00fablica al prevenir la propagaci\u00f3n de enfermedades transmitidas por el agua.<\/p>","protected":false},"author":1,"featured_media":63544,"parent":14514,"menu_order":260,"comment_status":"closed","ping_status":"closed","template":"","meta":{"footnotes":""},"class_list":["post-42388","page","type-page","status-publish","has-post-thumbnail"],"_links":{"self":[{"href":"https:\/\/www.sisinternational.com\/es\/wp-json\/wp\/v2\/pages\/42388","targetHints":{"allow":["GET"]}}],"collection":[{"href":"https:\/\/www.sisinternational.com\/es\/wp-json\/wp\/v2\/pages"}],"about":[{"href":"https:\/\/www.sisinternational.com\/es\/wp-json\/wp\/v2\/types\/page"}],"author":[{"embeddable":true,"href":"https:\/\/www.sisinternational.com\/es\/wp-json\/wp\/v2\/users\/1"}],"replies":[{"embeddable":true,"href":"https:\/\/www.sisinternational.com\/es\/wp-json\/wp\/v2\/comments?post=42388"}],"version-history":[{"count":6,"href":"https:\/\/www.sisinternational.com\/es\/wp-json\/wp\/v2\/pages\/42388\/revisions"}],"predecessor-version":[{"id":79796,"href":"https:\/\/www.sisinternational.com\/es\/wp-json\/wp\/v2\/pages\/42388\/revisions\/79796"}],"up":[{"embeddable":true,"href":"https:\/\/www.sisinternational.com\/es\/wp-json\/wp\/v2\/pages\/14514"}],"wp:featuredmedia":[{"embeddable":true,"href":"https:\/\/www.sisinternational.com\/es\/wp-json\/wp\/v2\/media\/63544"}],"wp:attachment":[{"href":"https:\/\/www.sisinternational.com\/es\/wp-json\/wp\/v2\/media?parent=42388"}],"curies":[{"name":"wp","href":"https:\/\/api.w.org\/{rel}","templated":true}]}}