{"id":42386,"date":"2023-04-14T16:14:40","date_gmt":"2023-04-14T20:14:40","guid":{"rendered":"https:\/\/www.sisinternational.com\/?page_id=42386"},"modified":"2026-01-24T21:08:38","modified_gmt":"2026-01-25T02:08:38","slug":"estudio-de-mercado-sobre-tratamiento-de-lodos-de-agua","status":"publish","type":"page","link":"https:\/\/www.sisinternational.com\/es\/pericia\/estudio-de-mercado-sobre-tratamiento-de-lodos-de-agua\/","title":{"rendered":"Investigaci\u00f3n de mercado de tratamiento de agua y lodos"},"content":{"rendered":"<h1 class=\"wp-block-heading\">Investigaci\u00f3n de mercado de tratamiento de agua y lodos<\/h1>\n\n\n\n<figure class=\"gb-block-image gb-block-image-6c5f11c5\"><img loading=\"lazy\" decoding=\"async\" width=\"1456\" height=\"816\" class=\"gb-image gb-image-6c5f11c5\" src=\"https:\/\/www.sisinternational.com\/wp-content\/uploads\/2025\/08\/Water-28.jpg\" alt=\"Investigaci\u00f3n y estrategia de mercado internacional de SIS\" title=\"Water (28)\" srcset=\"https:\/\/www.sisinternational.com\/wp-content\/uploads\/2025\/08\/Water-28.jpg 1456w, https:\/\/www.sisinternational.com\/wp-content\/uploads\/2025\/08\/Water-28-300x168.jpg 300w, https:\/\/www.sisinternational.com\/wp-content\/uploads\/2025\/08\/Water-28-1024x574.jpg 1024w, https:\/\/www.sisinternational.com\/wp-content\/uploads\/2025\/08\/Water-28-768x430.jpg 768w, https:\/\/www.sisinternational.com\/wp-content\/uploads\/2025\/08\/Water-28-18x10.jpg 18w\" sizes=\"auto, (max-width: 1456px) 100vw, 1456px\"><\/figure>\n\n\n\n<p><\/p>\n\n\n\n<p>El tratamiento de agua y lodos elimina los contaminantes de las aguas residuales y los lodos. Este proceso lo hace seguro para su descarga o reutilizaci\u00f3n.<\/p>\n\n\n\n<p>Generamos aguas residuales provenientes de actividades dom\u00e9sticas, industriales y agr\u00edcolas. Contiene una variedad de contaminantes, incluidos compuestos org\u00e1nicos e inorg\u00e1nicos. Tambi\u00e9n tiene s\u00f3lidos en suspensi\u00f3n, pat\u00f3genos y metales pesados. El lodo es el residuo semis\u00f3lido que queda tras el proceso de tratamiento de aguas residuales.<\/p>\n\n\n\n<p>El tratamiento de aguas y lodos implica diversos procesos f\u00edsicos, qu\u00edmicos y biol\u00f3gicos. Estos procesos eliminan los contaminantes de las aguas residuales y los lodos. Algunos m\u00e9todos de tratamiento est\u00e1ndar incluyen sedimentaci\u00f3n, filtraci\u00f3n, tratamiento natural, tratamiento qu\u00edmico y desinfecci\u00f3n. El m\u00e9todo de tratamiento espec\u00edfico utilizado depende de factores como:<\/p>\n\n\n\n<ol class=\"wp-block-list\">\n<li>La naturaleza y concentraci\u00f3n de los contaminantes en las aguas residuales y lodos.<\/li>\n\n\n\n<li>El nivel de tratamiento deseado.<\/li>\n<\/ol>\n\n\n\n<p>Otro punto clave es que el tratamiento de aguas y lodos tiene como objetivo proteger la salud p\u00fablica y el medio ambiente. Reduce los contaminantes en las aguas residuales y los lodos a niveles seguros. Luego podremos descargar el agua tratada. O podemos reutilizarlo para diversos fines, como riego o procesos industriales. Los lodos tratados los podemos utilizar como fertilizante o eliminarlos de forma segura.<\/p>\n\n\n\n<h2 class=\"wp-block-heading\">\u00bfPor qu\u00e9 es importante el tratamiento de agua y lodos?<\/h2>\n\n\n\n<p>El tratamiento de aguas y lodos es fundamental por varios motivos. Las aguas residuales y los lodos pueden contener contaminantes nocivos como bacterias, virus y productos qu\u00edmicos. Adem\u00e1s, si no se tratan, estos contaminantes pueden contaminar las fuentes de agua. La contaminaci\u00f3n conduce a la propagaci\u00f3n de enfermedades y dolencias.<\/p>\n\n\n\n<p>Las aguas residuales y los lodos no tratados tambi\u00e9n pueden da\u00f1ar el medio ambiente. Por ejemplo, da\u00f1a la vida acu\u00e1tica y contamina las fuentes de agua. Un tratamiento adecuado de las aguas residuales y los lodos ayuda a reducir estos impactos. Por tanto, protege el medio ambiente.<\/p>\n\n\n\n<p>El agua es un recurso limitado y un tratamiento adecuado de las aguas residuales puede ayudar a conservarla. Por eso debemos reutilizarlo para riego y procesos industriales. Tambi\u00e9n podemos tratar los lodos y utilizarlos como fertilizante. De esa forma, reducimos la necesidad de fertilizantes sint\u00e9ticos. Tambi\u00e9n conservamos los recursos naturales.<\/p>\n\n\n\n<p>Muchos pa\u00edses cuentan con regulaciones que exigen el tratamiento de aguas residuales y lodos. La gente de esos pa\u00edses debe tratar las aguas residuales y los lodos antes de descargarlos o reutilizarlos. De hecho, el cumplimiento de estas normas es fundamental para evitar multas y sanciones legales.<\/p>\n\n\n\n<h2 class=\"wp-block-heading\">T\u00edtulos de trabajo clave<\/h2>\n\n\n\n<figure class=\"gb-block-image gb-block-image-388f2c45\"><img loading=\"lazy\" decoding=\"async\" width=\"1456\" height=\"816\" class=\"gb-image gb-image-388f2c45\" src=\"https:\/\/www.sisinternational.com\/wp-content\/uploads\/2025\/08\/Water-19.jpg\" alt=\"Investigaci\u00f3n y estrategia de mercado internacional de SIS\" title=\"Water (19)\" srcset=\"https:\/\/www.sisinternational.com\/wp-content\/uploads\/2025\/08\/Water-19.jpg 1456w, https:\/\/www.sisinternational.com\/wp-content\/uploads\/2025\/08\/Water-19-300x168.jpg 300w, https:\/\/www.sisinternational.com\/wp-content\/uploads\/2025\/08\/Water-19-1024x574.jpg 1024w, https:\/\/www.sisinternational.com\/wp-content\/uploads\/2025\/08\/Water-19-768x430.jpg 768w, https:\/\/www.sisinternational.com\/wp-content\/uploads\/2025\/08\/Water-19-18x10.jpg 18w\" sizes=\"auto, (max-width: 1456px) 100vw, 1456px\"><\/figure>\n\n\n\n<p><\/p>\n\n\n\n<h3 class=\"wp-block-heading\">A continuaci\u00f3n se muestran algunos t\u00edtulos de trabajo clave relacionados con el tratamiento de agua y lodos:<\/h3>\n\n\n\n<ul class=\"wp-block-list\">\n<li><strong>Operador de Planta de Tratamiento de Agua\/Aguas Residuales:<\/strong> Opera y mantiene equipos utilizados para tratar y purificar agua y aguas residuales.<\/li>\n\n\n\n<li><strong>Ingeniero ambiental:<\/strong> Dise\u00f1a y desarrolla procesos y sistemas para el tratamiento de aguas residuales y lodos. Este ingeniero tambi\u00e9n vela por el cumplimiento de la normativa medioambiental.<\/li>\n\n\n\n<li><a href=\"https:\/\/www.sisinternational.com\/es\/soluciones\/prueba-de-sabor\/sparkling-water-taste-testing\/\" title=\"Sparkling Water Taste Testing\"  data-wpil-monitor-id=\"9853\">Water Quality Analyst\/Chemist: Tests<\/a> and analyzes water as well as wastewater samples. In that way, they can determine the samples\u2019 chemical and biological composition. They can also ensure that the water meets regulatory requirements.<\/li>\n\n\n\n<li><strong>Operador de Planta de Tratamiento de Lodos:<\/strong> Opera y mantiene equipos utilizados para tratar y procesar lodos. Este equipo incluye sistemas de deshidrataci\u00f3n, secado e incineraci\u00f3n.<\/li>\n\n\n\n<li><strong>Especialista en Seguridad y Salud Ambiental:<\/strong> Este especialista vela por el cumplimiento de las normas medioambientales, de salud y de seguridad. Tambi\u00e9n verifican que la planta siga las pol\u00edticas relacionadas con los procesos e instalaciones de tratamiento.<\/li>\n\n\n\n<li><strong>Water <\/strong><a href=\"https:\/\/www.sisinternational.com\/es\/soluciones\/investigacion-de-mercado-de-ia-y-consultoria-estrategica\/recursos-humanos-gestion-del-talento-automatizacion-inteligencia-artificial-consultoria\/\" title=\"Recursos Humanos y Gesti\u00f3n del Talento Automatizaci\u00f3n y Consultor\u00eda en IA\"  data-wpil-monitor-id=\"9846\">Resource Specialist: This specialist manages<\/a> and coordinates the use of water resources. These resources include water treatment, storage, distribution, and conservation.<\/li>\n\n\n\n<li><a href=\"https:\/\/www.sisinternational.com\/es\/pericia\/industrias\/investigacion-de-mercado-de-diseno-industrial\/\" title=\"Investigaci\u00f3n de Mercado de Dise\u00f1o Industrial\"  data-wpil-monitor-id=\"9845\">Industrial Wastewater Treatment Specialist: Designs<\/a> and operates treatment systems for industrial wastewater. This type of wastewater may contain specialized pollutants and need technical treatment processes.<\/li>\n\n\n\n<li><strong>Ingeniero de Procesos:<\/strong> Designs and optimizes water and sludge treatment processes and puts them in place. This engineer also conducts process analysis to improve efficiency and <a href=\"https:\/\/www.sisinternational.com\/es\/how-to-conduct-effective-desk-research\/\" title=\"How to Conduct Effective Desk Research\"  data-wpil-monitor-id=\"9854\">effectiveness<\/a>.<\/li>\n<\/ul>\n\n\n\n<h2 class=\"wp-block-heading\">\u00bfPor qu\u00e9 las empresas necesitan tratamiento de agua y lodos?<\/h2>\n\n\n\n<ul class=\"wp-block-list\">\n<li>Las empresas necesitan tratamiento de agua y lodos por diversas razones. Muchas industrias deben seguir regulaciones ambientales sobre la descarga de aguas residuales y lodos. Es necesario un tratamiento adecuado para garantizar el cumplimiento y evitar sanciones legales.<\/li>\n\n\n\n<li>Las empresas ambientalmente responsables deben promover pr\u00e1cticas sustentables. Siguiendo estas pr\u00e1cticas, pueden mejorar su imagen y reputaci\u00f3n p\u00fablicas.<\/li>\n\n\n\n<li>El tratamiento de aguas residuales y lodos puede reducir el volumen de residuos generados. Tambi\u00e9n puede reducir los costos de eliminaci\u00f3n asociados. Adem\u00e1s, podemos reutilizar el agua tratada para diversos fines. La reutilizaci\u00f3n reduce la necesidad de comprar agua nueva, lo que reduce los costos.<\/li>\n\n\n\n<li>El tratamiento adecuado de las aguas residuales y los lodos puede conservar los recursos naturales. Por ejemplo, ahorra agua y energ\u00eda. Lo hace reduciendo la necesidad de nuevos recursos y promoviendo la sostenibilidad.<\/li>\n\n\n\n<li>Las aguas residuales y los lodos pueden contener contaminantes nocivos. Estos contaminantes pueden representar riesgos para la salud y la seguridad de los empleados y del p\u00fablico. Un tratamiento adecuado ayuda a reducir estos riesgos y proteger la salud p\u00fablica.<\/li>\n\n\n\n<li>Muchas industrias necesitan agua de alta calidad para sus productos y procesos. Un tratamiento adecuado del agua garantiza que cumpla con los est\u00e1ndares de calidad requeridos. El tratamiento conduce a una mejor calidad del producto.<\/li>\n<\/ul>\n\n\n\n<h2 class=\"wp-block-heading\">Factores claves del \u00e9xito<\/h2>\n\n\n\n<ul class=\"wp-block-list\">\n<li>Los factores cr\u00edticos de \u00e9xito para el tratamiento de agua y lodos incluyen procesos de tratamiento eficaces. Los procesos de tratamiento utilizados deben eliminar los contaminantes del agua y los lodos. El agua y los lodos tratados deben cumplir los requisitos reglamentarios. As\u00ed sabremos que son seguros para su descarga o reutilizaci\u00f3n.<\/li>\n\n\n\n<li>Una fuerza laboral calificada es otro factor cr\u00edtico de \u00e9xito. Esta fuerza laboral es necesaria para operar y mantener los sistemas de tratamiento. Debe garantizar que estos sistemas sean pr\u00e1cticos y eficientes. Es necesario un mantenimiento regular para reducir el tiempo de inactividad y el riesgo de fallas.<\/li>\n\n\n\n<li>Otro factor cr\u00edtico de \u00e9xito es el cumplimiento de las regulaciones y est\u00e1ndares ambientales. Es necesario para el \u00e9xito de cualquier programa de tratamiento de agua y lodos. El incumplimiento puede dar lugar a sanciones legales y da\u00f1os a la reputaci\u00f3n.<\/li>\n\n\n\n<li>El monitoreo y an\u00e1lisis continuos de muestras de agua y lodos son esenciales. Garantiza que los procesos de tratamiento sean eficaces. Tambi\u00e9n confirma que el agua y los lodos tratados cumplen con los est\u00e1ndares de calidad.<\/li>\n\n\n\n<li>The ability to <a href=\"https:\/\/www.sisinternational.com\/es\/soluciones\/innovacion-tecnologica\/\" title=\"SIS Technology &amp; Innovation Solutions\"  data-wpil-monitor-id=\"9848\">innovate and adapt to new technologies<\/a> and processes is also essential. It leads to further improvement. It also fosters the ability to meet changing regulatory requirements.<\/li>\n\n\n\n<li>Es fundamental tener relaciones s\u00f3lidas con las partes interesadas, incluidos los reguladores, los clientes y los proveedores. Garantiza que el programa de tratamiento de agua y lodos sea exitoso y sostenible.<\/li>\n<\/ul>\n\n\n\n<h2 class=\"wp-block-heading\">Acerca de la investigaci\u00f3n de mercado de tratamiento de agua y lodos<\/h2>\n\n\n\n<figure class=\"gb-block-image gb-block-image-c7c592b4\"><img loading=\"lazy\" decoding=\"async\" width=\"1456\" height=\"816\" class=\"gb-image gb-image-c7c592b4\" src=\"https:\/\/www.sisinternational.com\/wp-content\/uploads\/2025\/08\/Water-18.jpg\" alt=\"Investigaci\u00f3n y estrategia de mercado internacional de SIS\" title=\"Water (18)\" srcset=\"https:\/\/www.sisinternational.com\/wp-content\/uploads\/2025\/08\/Water-18.jpg 1456w, https:\/\/www.sisinternational.com\/wp-content\/uploads\/2025\/08\/Water-18-300x168.jpg 300w, https:\/\/www.sisinternational.com\/wp-content\/uploads\/2025\/08\/Water-18-1024x574.jpg 1024w, https:\/\/www.sisinternational.com\/wp-content\/uploads\/2025\/08\/Water-18-768x430.jpg 768w, https:\/\/www.sisinternational.com\/wp-content\/uploads\/2025\/08\/Water-18-18x10.jpg 18w\" sizes=\"auto, (max-width: 1456px) 100vw, 1456px\"><\/figure>\n\n\n\n<p><\/p>\n\n\n\n<p>It\u2019s not enough to do water and sludge treatment in a vacuum. You must also understand the market in which you will operate. That\u2019s where Quantitative and Qualitative Market Research comes in. Using techniques such as UX Market Research is critical. It lets you pinpoint the customer most likely to buy in and remain loyal to your brand. Strategy Research, Competitive Analysis, and <a href=\"https:\/\/www.sisinternational.com\/es\/pericia\/industrias\/investigacion-de-mercado-de-fertilizantes-potasicos\/\" title=\"Investigaci\u00f3n de mercado de fertilizantes pot\u00e1sicos\"  data-wpil-monitor-id=\"3136\">Investigaci\u00f3n de entrada al mercado<\/a> are equally important. So are <a href=\"https:\/\/www.sisinternational.com\/es\/pericia\/industrias\/investigacion-de-mercado-de-carne-basada-en-celulas-de-carne-cultivadas\/\" title=\"Investigaci\u00f3n de mercado de carne cultivada (carne a base de c\u00e9lulas)\"  data-wpil-monitor-id=\"3164\">Investigaci\u00f3n de oportunidades de mercado<\/a> and Market Sizing Research.<\/p>\n\n\n\n<p><a href=\"https:\/\/www.sisinternational.com\/es\/contacto-sis-investigacion-de-mercado-internacional\/\" title=\"Cont\u00e1ctenos\"  data-wpil-monitor-id=\"9844\">Contact our team at SIS International Research<\/a> if you need help with your Go to Market Strategy. We can organize Focus Groups, Interviews, and Surveys. We work with you to strengthen your <a href=\"https:\/\/www.sisinternational.com\/es\/soluciones\/prueba-de-sabor\/servicios-de-prueba-de-productos-en-nueva-york\/\" title=\"Servicios de prueba de productos en Nueva York\"  data-wpil-monitor-id=\"9850\">products and services<\/a>. SIS has four decades of experience designing Market Research projects. Moreover, we get actionable results that increase ROI, making us the best people to help you, too!<\/p>","protected":false},"excerpt":{"rendered":"<p>Las aguas residuales y los lodos pueden contener contaminantes nocivos como bacterias, virus y productos qu\u00edmicos. La contaminaci\u00f3n conduce a enfermedades y dolencias.<\/p>","protected":false},"author":1,"featured_media":63551,"parent":14514,"menu_order":259,"comment_status":"closed","ping_status":"closed","template":"","meta":{"footnotes":""},"class_list":["post-42386","page","type-page","status-publish","has-post-thumbnail"],"_links":{"self":[{"href":"https:\/\/www.sisinternational.com\/es\/wp-json\/wp\/v2\/pages\/42386","targetHints":{"allow":["GET"]}}],"collection":[{"href":"https:\/\/www.sisinternational.com\/es\/wp-json\/wp\/v2\/pages"}],"about":[{"href":"https:\/\/www.sisinternational.com\/es\/wp-json\/wp\/v2\/types\/page"}],"author":[{"embeddable":true,"href":"https:\/\/www.sisinternational.com\/es\/wp-json\/wp\/v2\/users\/1"}],"replies":[{"embeddable":true,"href":"https:\/\/www.sisinternational.com\/es\/wp-json\/wp\/v2\/comments?post=42386"}],"version-history":[{"count":7,"href":"https:\/\/www.sisinternational.com\/es\/wp-json\/wp\/v2\/pages\/42386\/revisions"}],"predecessor-version":[{"id":81635,"href":"https:\/\/www.sisinternational.com\/es\/wp-json\/wp\/v2\/pages\/42386\/revisions\/81635"}],"up":[{"embeddable":true,"href":"https:\/\/www.sisinternational.com\/es\/wp-json\/wp\/v2\/pages\/14514"}],"wp:featuredmedia":[{"embeddable":true,"href":"https:\/\/www.sisinternational.com\/es\/wp-json\/wp\/v2\/media\/63551"}],"wp:attachment":[{"href":"https:\/\/www.sisinternational.com\/es\/wp-json\/wp\/v2\/media?parent=42386"}],"curies":[{"name":"wp","href":"https:\/\/api.w.org\/{rel}","templated":true}]}}