{"id":42373,"date":"2023-04-14T13:56:41","date_gmt":"2023-04-14T17:56:41","guid":{"rendered":"https:\/\/www.sisinternational.com\/?page_id=42373"},"modified":"2026-01-26T16:54:14","modified_gmt":"2026-01-26T21:54:14","slug":"servicio-selecto-estudio-de-mercado-hotelero","status":"publish","type":"page","link":"https:\/\/www.sisinternational.com\/es\/pericia\/servicio-selecto-estudio-de-mercado-hotelero\/","title":{"rendered":"Servicio Selecto Investigaci\u00f3n de Mercado Hotelero"},"content":{"rendered":"<h1 class=\"wp-block-heading\">Servicio Selecto Investigaci\u00f3n de Mercado Hotelero<\/h1>\n\n\n\n<figure class=\"gb-block-image gb-block-image-a964e7b0\"><img loading=\"lazy\" decoding=\"async\" width=\"1456\" height=\"816\" class=\"gb-image gb-image-a964e7b0\" src=\"https:\/\/www.sisinternational.com\/wp-content\/uploads\/2025\/08\/hotel-13.jpg\" alt=\"Investigaci\u00f3n y estrategia de mercado internacional de SIS\" title=\"hotel (13)\" srcset=\"https:\/\/www.sisinternational.com\/wp-content\/uploads\/2025\/08\/hotel-13.jpg 1456w, https:\/\/www.sisinternational.com\/wp-content\/uploads\/2025\/08\/hotel-13-300x168.jpg 300w, https:\/\/www.sisinternational.com\/wp-content\/uploads\/2025\/08\/hotel-13-1024x574.jpg 1024w, https:\/\/www.sisinternational.com\/wp-content\/uploads\/2025\/08\/hotel-13-768x430.jpg 768w, https:\/\/www.sisinternational.com\/wp-content\/uploads\/2025\/08\/hotel-13-18x10.jpg 18w\" sizes=\"auto, (max-width: 1456px) 100vw, 1456px\"><\/figure>\n\n\n\n<p><\/p>\n\n\n\n<p>En una industria hotelera que cambia r\u00e1pidamente, es esencial mantenerse al d\u00eda con las tendencias y expectativas de los viajeros, y los hoteles con servicios selectos son la opci\u00f3n favorita para los turistas con presupuesto limitado que buscan alojamiento de la m\u00e1s alta calidad sin derrochar en lujos. Proporcionan alojamiento con un servicio \u00f3ptimo a precios razonables y omiten los costosos extras.<\/p>\n\n\n\n<p>Por lo tanto, la investigaci\u00f3n de mercado de hoteles de servicios selectos tiene como objetivo proporcionar un an\u00e1lisis exhaustivo del sector de hoteles de servicios selectos, que est\u00e1 ganando popularidad debido a su oferta equilibrada de comodidades y servicios esenciales a precios asequibles.<\/p>\n\n\n\n<h2 class=\"wp-block-heading\">\u00bfQu\u00e9 es la investigaci\u00f3n de mercado de hoteles de servicio selecto?<\/h2>\n\n\n\n<p>The in-depth select service <a class=\"wpil_keyword_link\" href=\"https:\/\/www.sisinternational.com\/es\/pericia\/industrias\/investigacion-de-mercado-hotelero\/\"   title=\"Investigaci\u00f3n de mercado hotelero\" data-wpil-keyword-link=\"linked\"  data-wpil-monitor-id=\"695\">investigaci\u00f3n de mercado hotelero<\/a> involves the meticulous collection, examination, and understanding of relevant data and information related to the industry. The primary objective of this <a href=\"https:\/\/www.sisinternational.com\/es\/pericia\/industrias\/investigacion-de-mercado-de-fertilizantes-potasicos\/\" title=\"Investigaci\u00f3n de mercado de fertilizantes pot\u00e1sicos\"  data-wpil-monitor-id=\"3139\">research is to discern the prevailing market<\/a> trends, customer biases, competitive landscape, viable prospects, and challenges potentially affecting the performance and expansion of select service hotels.<\/p>\n\n\n\n<p>With select service <a href=\"https:\/\/www.sisinternational.com\/es\/soluciones\/consultoria-de-hosteleria-y-turismo-en-viajes\/estudio-de-mercado-de-cadena-hotelera\/\" title=\"Investigaci\u00f3n de Mercado de Cadena Hotelera\"  data-wpil-monitor-id=\"3004\">investigaci\u00f3n de mercado hotelero<\/a>, stakeholders can strengthen their business strategies by leveraging the results of these hotels&#8217; research.<\/p>\n\n\n\n<h2 class=\"wp-block-heading\">Importancia de la investigaci\u00f3n de mercado de hoteles de servicio selecto<\/h2>\n\n\n\n<ul class=\"wp-block-list\">\n<li>By utilizing select service <a href=\"https:\/\/www.sisinternational.com\/es\/pericia\/industrias\/estudio-de-mercado-de-mobiliario-hotelero\/\" title=\"Investigaci\u00f3n de mercado de muebles para hoteles\"  data-wpil-monitor-id=\"3828\">investigaci\u00f3n de mercado hotelero<\/a>, hoteliers can gain insight into the exact requirements and expectations of different customer segments to create personalized offerings that meet their needs. This not only increases guest satisfaction but also enhances service delivery.<\/li>\n\n\n\n<li>Al monitorear las \u00faltimas tendencias en el sector hotelero de servicios selectos, como los avances tecnol\u00f3gicos y las iniciativas ecol\u00f3gicas, los hoteleros pueden obtener una ventaja competitiva y al mismo tiempo satisfacer las necesidades cambiantes de los viajeros.<\/li>\n\n\n\n<li>Comprehensive select <a href=\"https:\/\/www.sisinternational.com\/es\/pericia\/industrias\/investigacion-de-mercado-de-servicios-de-comunicacion\/\" title=\"Investigaci\u00f3n de mercado de servicios de comunicaci\u00f3n\"  data-wpil-monitor-id=\"5695\">service hotel market research<\/a> offers valuable insights into the competitive landscape, unveiling the strengths and weaknesses of prominent players in the industry. These findings enable hoteliers to devise unique and effective strategies that set them apart from their competitors.<\/li>\n\n\n\n<li>Select service <a href=\"https:\/\/www.sisinternational.com\/es\/pericia\/industrias\/encuesta-hotelera-investigacion-de-mercado\/\" title=\"Investigaci\u00f3n de mercado de encuestas hoteleras\"  data-wpil-monitor-id=\"6264\">investigaci\u00f3n de mercado hotelero<\/a> helps discover potential chances for development such as rising markets and new niches, in addition to challenges that could influence the industry like financial changes.<br>Con la investigaci\u00f3n de mercado de hoteles de servicios selectos, los hoteleros e inversores pueden tomar decisiones basadas en datos para impulsar el crecimiento en la industria de hoteles de servicios selectos.<\/li>\n\n\n\n<li>Al monitorear su desempe\u00f1o frente a los est\u00e1ndares de la industria y analizar la competencia, los hoteles de servicios seleccionados pueden identificar \u00e1reas de mejora para consolidar una mejor posici\u00f3n en el mercado. De esta manera, podr\u00e1n realizar cambios que ampliar\u00e1n su posici\u00f3n como l\u00edderes hoteleros.<\/li>\n<\/ul>\n\n\n\n<h2 class=\"wp-block-heading\">Tendencias actuales en la investigaci\u00f3n de mercado de hoteles de servicios selectos<\/h2>\n\n\n\n<figure class=\"gb-block-image gb-block-image-69a99df0\"><img loading=\"lazy\" decoding=\"async\" width=\"1456\" height=\"816\" class=\"gb-image gb-image-69a99df0\" src=\"https:\/\/www.sisinternational.com\/wp-content\/uploads\/2025\/08\/hotel-14.jpg\" alt=\"Investigaci\u00f3n y estrategia de mercado internacional de SIS\" title=\"hotel (14)\" srcset=\"https:\/\/www.sisinternational.com\/wp-content\/uploads\/2025\/08\/hotel-14.jpg 1456w, https:\/\/www.sisinternational.com\/wp-content\/uploads\/2025\/08\/hotel-14-300x168.jpg 300w, https:\/\/www.sisinternational.com\/wp-content\/uploads\/2025\/08\/hotel-14-1024x574.jpg 1024w, https:\/\/www.sisinternational.com\/wp-content\/uploads\/2025\/08\/hotel-14-768x430.jpg 768w, https:\/\/www.sisinternational.com\/wp-content\/uploads\/2025\/08\/hotel-14-18x10.jpg 18w\" sizes=\"auto, (max-width: 1456px) 100vw, 1456px\"><\/figure>\n\n\n\n<p><\/p>\n\n\n\n<p>Al descubrir las tendencias m\u00e1s recientes y emergentes en hoteles de servicios selectos, la investigaci\u00f3n revela una serie de factores que est\u00e1n dando forma a la din\u00e1mica actual de la industria, as\u00ed como su direcci\u00f3n futura. Algunos ejemplos clave incluyen:<\/p>\n\n\n\n<ul class=\"wp-block-list\">\n<li><strong>Personalizaci\u00f3n:<\/strong> En esta era de personalizaci\u00f3n, los viajeros ya no se conforman con servicios gen\u00e9ricos. Los hoteles de servicios selectos han evolucionado para satisfacer estas necesidades con ofertas altamente personalizadas que garantizan la satisfacci\u00f3n de los hu\u00e9spedes.<\/li>\n\n\n\n<li><strong>Integraci\u00f3n tecnol\u00f3gica:<\/strong> La industria hotelera est\u00e1 experimentando una gran revoluci\u00f3n para mejorar la experiencia de los hu\u00e9spedes. Las funciones de habitaciones inteligentes, las soluciones de pago sin contacto y los sistemas m\u00f3viles de check-in\/check-out son solo algunas de las formas en que este sector ha mejorado las operaciones y, al mismo tiempo, brinda a los hu\u00e9spedes una experiencia superior como nunca antes.<\/li>\n\n\n\n<li><strong>Sostenibilidad:<\/strong> Con el aumento de la conciencia ambiental, los hoteles de servicios selectos est\u00e1n utilizando pr\u00e1cticas sustentables para atraer a viajeros ecol\u00f3gicos y mejorar a\u00fan m\u00e1s su imagen de marca. Esto incluye la minimizaci\u00f3n de residuos, la conservaci\u00f3n de energ\u00eda y la utilizaci\u00f3n de productos respetuosos con el medio ambiente.<\/li>\n\n\n\n<li><strong>Salud y Bienestar:<\/strong> La creciente relevancia de la salud y el bienestar entre los viajeros ha impulsado a hoteles selectos a incorporar servicios que prioricen el bienestar como centros de fitness y zonas chill out para aliviar el estr\u00e9s.<\/li>\n\n\n\n<li><strong>Espacios coworking y h\u00edbridos:<\/strong> Adoptando la tendencia del trabajo remoto, los hoteles de servicios selectos han creado espacios de coworking de usos m\u00faltiples para brindar espacios de trabajo m\u00e1s flexibles tanto a los viajeros de negocios como de placer.<\/li>\n\n\n\n<li><strong>Alianzas y asociaciones estrat\u00e9gicas:<\/strong> Para satisfacer a\u00fan m\u00e1s las necesidades de los clientes, hoteles de servicios selectos est\u00e1n formando activamente asociaciones ventajosas con aerol\u00edneas, empresas de alquiler de autom\u00f3viles y operadores tur\u00edsticos locales.<\/li>\n<\/ul>\n\n\n\n<h2 class=\"wp-block-heading\">Oportunidades y desaf\u00edos de la investigaci\u00f3n de mercado de hoteles de servicios selectos<\/h2>\n\n\n\n<p>La investigaci\u00f3n de mercado de hoteles de servicios selectos presenta oportunidades y desaf\u00edos para hoteleros, inversores y partes interesadas de la industria. Algunas de las oportunidades y desaf\u00edos m\u00e1s importantes son las siguientes:<\/p>\n\n\n\n<h3 class=\"wp-block-heading\">Oportunidades<\/h3>\n\n\n\n<ul class=\"wp-block-list\">\n<li><strong>Mercados emergentes:<\/strong> Explorar los mercados emergentes podr\u00eda ofrecer a los hoteles de servicios un extraordinario potencial de crecimiento y una mayor base de clientes.<\/li>\n\n\n\n<li><strong>Avances tecnol\u00f3gicos:<\/strong> Al incorporar tecnolog\u00edas de vanguardia, los hoteles de servicios selectos pueden llevar la experiencia de sus hu\u00e9spedes al siguiente nivel mientras optimizan las operaciones y se mantienen por delante de la competencia.<\/li>\n\n\n\n<li><strong>Nichos de mercado:<\/strong> Al dirigirse y adaptarse a mercados que atraen a los n\u00f3madas de negocios, ecol\u00f3gicos u otros segmentos distintos de viajeros, los hoteles de servicios selectos pueden crear un punto de venta \u00fanico en su tipo y atraer clientes devotos.<\/li>\n\n\n\n<li><strong>Asociaciones estrat\u00e9gicas:<\/strong> Al asociarse con empresas de industrias relacionadas, los hoteles de servicios selectos pueden brindar servicios ampliados a sus clientes, acceder a mercados inexplorados y obtener una ventaja competitiva. Las alianzas estrat\u00e9gicas son una forma eficaz para que estas empresas se destaquen entre la multitud.<\/li>\n\n\n\n<li><strong>Adaptarse a las preferencias cambiantes:<\/strong> Al mantenerse a la vanguardia en t\u00e9rminos de demandas y tendencias de los clientes, los hoteles con servicios selectos pueden desarrollar constantemente sus servicios y comodidades para satisfacer las necesidades de sus hu\u00e9spedes.<\/li>\n<\/ul>\n\n\n\n<h3 class=\"wp-block-heading\">Desaf\u00edos<\/h3>\n\n\n\n<ul class=\"wp-block-list\">\n<li><strong>Fluctuaciones econ\u00f3micas:<\/strong> La industria hotelera de servicios selectos es especialmente vulnerable a las fluctuaciones econ\u00f3micas, que podr\u00edan afectar significativamente el gasto de los consumidores y la demanda de alojamiento. Por lo tanto, los hoteles deben estar preparados para responder r\u00e1pidamente cuando las condiciones del mercado cambien inesperadamente.<\/li>\n\n\n\n<li><strong>Competencia:<\/strong> Para seguir teniendo \u00e9xito, los hoteles de servicios selectos deben diferenciarse de los segmentos de alojamiento tradicionales y de las alternativas modernas, como los alquileres vacacionales y las principales plataformas de econom\u00eda colaborativa. Desarrollar sus ofertas para satisfacer las tendencias del mercado es esencial para seguir siendo relevantes en el mercado.<\/li>\n\n\n\n<li><strong>Desaf\u00edos de dotaci\u00f3n de personal:<\/strong> A los hoteles con servicios selectos les puede resultar dif\u00edcil atraer y retener personal talentoso. Afortunadamente, este problema se puede aliviar ofreciendo planes salariales competitivos, ventajas para los empleados y creando una atm\u00f3sfera de trabajo optimista.<\/li>\n\n\n\n<li><strong>Cumplimiento normativo:<\/strong> Los hoteles de servicio deben equilibrar cuidadosamente una variedad de regulaciones y est\u00e1ndares de la industria para garantizar el cumplimiento, evitando multas elevadas o da\u00f1os graves a la reputaci\u00f3n.<\/li>\n<\/ul>\n\n\n\n<h2 class=\"wp-block-heading\">Perspectivas futuras de la investigaci\u00f3n de mercado de hoteles de servicios selectos<\/h2>\n\n\n\n<figure class=\"gb-block-image gb-block-image-75110c95\"><img loading=\"lazy\" decoding=\"async\" width=\"1456\" height=\"816\" class=\"gb-image gb-image-75110c95\" src=\"https:\/\/www.sisinternational.com\/wp-content\/uploads\/2025\/08\/hotel-12.jpg\" alt=\"Investigaci\u00f3n y estrategia de mercado internacional de SIS\" title=\"hotel (12)\" srcset=\"https:\/\/www.sisinternational.com\/wp-content\/uploads\/2025\/08\/hotel-12.jpg 1456w, https:\/\/www.sisinternational.com\/wp-content\/uploads\/2025\/08\/hotel-12-300x168.jpg 300w, https:\/\/www.sisinternational.com\/wp-content\/uploads\/2025\/08\/hotel-12-1024x574.jpg 1024w, https:\/\/www.sisinternational.com\/wp-content\/uploads\/2025\/08\/hotel-12-768x430.jpg 768w, https:\/\/www.sisinternational.com\/wp-content\/uploads\/2025\/08\/hotel-12-18x10.jpg 18w\" sizes=\"auto, (max-width: 1456px) 100vw, 1456px\"><\/figure>\n\n\n\n<p><\/p>\n\n\n\n<p>Se espera que el futuro de la investigaci\u00f3n de mercado de hoteles de servicios selectos est\u00e9 determinado por varias tendencias y factores que dirigir\u00e1n su crecimiento. Algunos elementos importantes que probablemente dar\u00e1n forma a este sector incluyen:<\/p>\n\n\n\n<ul class=\"wp-block-list\">\n<li><strong>Enfoque continuo en la personalizaci\u00f3n:<\/strong> A medida que las expectativas de los viajeros evolucionan y cambian, los hoteles con servicios selectos deben priorizar la personalizaci\u00f3n al mayor grado posible. Deben utilizar tecnolog\u00eda y conocimientos basados en datos para crear experiencias personalizadas que satisfagan las necesidades individuales de cada hu\u00e9sped.<\/li>\n\n\n\n<li><strong>Adopci\u00f3n de tecnolog\u00eda avanzada:<\/strong> A medida que avanza la ola de tecnolog\u00eda moderna, los hoteles de servicios selectos probablemente se beneficiar\u00e1n de esta afluencia con su propia integraci\u00f3n de IA, IoT y aprendizaje autom\u00e1tico. Estas tecnolog\u00edas pueden revolucionar las experiencias de los hu\u00e9spedes, optimizar la eficiencia operativa y proporcionar informaci\u00f3n valiosa para una mejor toma de decisiones a trav\u00e9s de an\u00e1lisis predictivos.<\/li>\n\n\n\n<li><strong>Auge de la econom\u00eda colaborativa:<\/strong> A medida que la econom\u00eda colaborativa, como Airbnb, contin\u00faa dando forma a las tendencias hoteleras, los hoteles de servicios selectos deben evolucionar ofreciendo propuestas de valor \u00fanicas y distingui\u00e9ndose de otras opciones de alojamiento.<\/li>\n\n\n\n<li><strong>\u00c9nfasis en sostenibilidad y responsabilidad social:<\/strong> La creciente preocupaci\u00f3n por el medio ambiente y la responsabilidad social impulsar\u00e1 a hoteles de servicios selectos a adoptar pr\u00e1cticas m\u00e1s sostenibles y participar en iniciativas de responsabilidad social corporativa para atraer a viajeros con conciencia ambiental y social.<\/li>\n\n\n\n<li><strong>Creciente demanda de viajes experienciales:<\/strong> A medida que m\u00e1s y m\u00e1s turistas buscan experiencias exclusivas y genuinas mientras viajan, los hoteles de servicio selecto deben aprovechar esta tendencia ofreciendo excursiones locales inmersivas que muestren el patrimonio y las vistas del destino.<\/li>\n<\/ul>\n\n\n\n<p>SIS International ofrece investigaci\u00f3n cuantitativa, cualitativa y estrat\u00e9gica. Proporcionamos datos, herramientas, estrategias, informes y conocimientos para la toma de decisiones. Realizamos entrevistas, encuestas, grupos focales y muchos otros m\u00e9todos y enfoques de investigaci\u00f3n de mercado. Cont\u00e1ctenos para su pr\u00f3ximo proyecto de Investigaci\u00f3n de Mercado.<\/p>","protected":false},"excerpt":{"rendered":"<p>Los hoteles con servicios selectos son la opci\u00f3n favorita de los turistas con presupuesto limitado que buscan alojamiento de alta calidad sin derrochar en lujos.<\/p>","protected":false},"author":1,"featured_media":63513,"parent":14514,"menu_order":255,"comment_status":"closed","ping_status":"closed","template":"","meta":{"footnotes":""},"class_list":["post-42373","page","type-page","status-publish","has-post-thumbnail"],"_links":{"self":[{"href":"https:\/\/www.sisinternational.com\/es\/wp-json\/wp\/v2\/pages\/42373","targetHints":{"allow":["GET"]}}],"collection":[{"href":"https:\/\/www.sisinternational.com\/es\/wp-json\/wp\/v2\/pages"}],"about":[{"href":"https:\/\/www.sisinternational.com\/es\/wp-json\/wp\/v2\/types\/page"}],"author":[{"embeddable":true,"href":"https:\/\/www.sisinternational.com\/es\/wp-json\/wp\/v2\/users\/1"}],"replies":[{"embeddable":true,"href":"https:\/\/www.sisinternational.com\/es\/wp-json\/wp\/v2\/comments?post=42373"}],"version-history":[{"count":9,"href":"https:\/\/www.sisinternational.com\/es\/wp-json\/wp\/v2\/pages\/42373\/revisions"}],"predecessor-version":[{"id":79848,"href":"https:\/\/www.sisinternational.com\/es\/wp-json\/wp\/v2\/pages\/42373\/revisions\/79848"}],"up":[{"embeddable":true,"href":"https:\/\/www.sisinternational.com\/es\/wp-json\/wp\/v2\/pages\/14514"}],"wp:featuredmedia":[{"embeddable":true,"href":"https:\/\/www.sisinternational.com\/es\/wp-json\/wp\/v2\/media\/63513"}],"wp:attachment":[{"href":"https:\/\/www.sisinternational.com\/es\/wp-json\/wp\/v2\/media?parent=42373"}],"curies":[{"name":"wp","href":"https:\/\/api.w.org\/{rel}","templated":true}]}}