{"id":42365,"date":"2023-04-13T19:43:52","date_gmt":"2023-04-13T23:43:52","guid":{"rendered":"https:\/\/www.sisinternational.com\/?page_id=42365"},"modified":"2026-01-24T21:07:05","modified_gmt":"2026-01-25T02:07:05","slug":"investigacion-de-mercado-de-carne-de-cerdo","status":"publish","type":"page","link":"https:\/\/www.sisinternational.com\/es\/pericia\/investigacion-de-mercado-de-carne-de-cerdo\/","title":{"rendered":"Investigaci\u00f3n de mercado de carne de cerdo"},"content":{"rendered":"<h1 class=\"wp-block-heading\">Investigaci\u00f3n de mercado de carne de cerdo<\/h1>\n\n\n\n<figure class=\"gb-block-image gb-block-image-4a8ae1bc\"><img loading=\"lazy\" decoding=\"async\" width=\"1456\" height=\"816\" class=\"gb-image gb-image-4a8ae1bc\" src=\"https:\/\/www.sisinternational.com\/wp-content\/uploads\/2025\/08\/Pork-2.jpg\" alt=\"Investigaci\u00f3n y estrategia de mercado internacional de SIS\" title=\"Pork (2)\" srcset=\"https:\/\/www.sisinternational.com\/wp-content\/uploads\/2025\/08\/Pork-2.jpg 1456w, https:\/\/www.sisinternational.com\/wp-content\/uploads\/2025\/08\/Pork-2-300x168.jpg 300w, https:\/\/www.sisinternational.com\/wp-content\/uploads\/2025\/08\/Pork-2-1024x574.jpg 1024w, https:\/\/www.sisinternational.com\/wp-content\/uploads\/2025\/08\/Pork-2-768x430.jpg 768w, https:\/\/www.sisinternational.com\/wp-content\/uploads\/2025\/08\/Pork-2-18x10.jpg 18w\" sizes=\"auto, (max-width: 1456px) 100vw, 1456px\"><\/figure>\n\n\n\n<p><\/p>\n\n\n\n<p>La investigaci\u00f3n de mercado de la carne de cerdo es el proceso de recopilaci\u00f3n y an\u00e1lisis de datos sobre la industria porcina, los diversos sectores comerciales involucrados y su grupo de consumidores. La investigaci\u00f3n de mercado de la industria proporciona informaci\u00f3n sobre las necesidades, preferencias y comportamientos del mercado objetivo de la industria para ayudar a personas y empresas espec\u00edficas. Uno de los objetivos principales es recopilar datos y estrategias en la investigaci\u00f3n del mercado de carne de cerdo que las empresas puedan utilizar para adquirir informaci\u00f3n valiosa que les ayude en el proceso de toma de decisiones que les conducir\u00e1 a un enorme \u00e9xito en sus respectivos mercados.<\/p>\n\n\n\n<h2 class=\"wp-block-heading\">Entendiendo la industria porcina<\/h2>\n\n\n\n<p>La carne de cerdo es una carne de consumo com\u00fan que se deriva de los cerdos. Es una carne vers\u00e1til utilizada en una amplia gama de aplicaciones culinarias y terminada en muchas culturas de todo el mundo. La carne de cerdo es una buena fuente de prote\u00ednas, adem\u00e1s de vitaminas y minerales. Sin embargo, hay que tener en cuenta que tambi\u00e9n tiene un alto contenido de grasas y colesterol, lo que puede tener consecuencias para la salud si se consume en exceso.<\/p>\n\n\n\n<h3 class=\"wp-block-heading\">La industria porcina abarca una gama de productos, que incluyen, entre otros, los siguientes:<\/h3>\n\n\n\n<ul class=\"wp-block-list\">\n<li><strong>Carne de cerdo:<\/strong>\u00a0Este es el producto principal de la industria porcina y se refiere a la carne que se obtiene de la canal del cerdo. La carne de cerdo se consume com\u00fanmente como productos c\u00e1rnicos frescos o procesados, como salchichas, tocino, jam\u00f3n y chuletas de cerdo.<\/li>\n\n\n\n<li><strong>Subproductos del cerdo:<\/strong>\u00a0Varios subproductos se derivan de los cad\u00e1veres de cerdo, incluidos \u00f3rganos como el h\u00edgado, el coraz\u00f3n, los ri\u00f1ones y los pulmones, as\u00ed como huesos y grasa. Estos subproductos se utilizan en una variedad de productos, incluidos alimentos para mascotas, fertilizantes, cosm\u00e9ticos y productos farmac\u00e9uticos.<\/li>\n\n\n\n<li><strong>Productos alimenticios a base de cerdo: <\/strong>Se elabora una variedad de productos alimenticios utilizando carne de cerdo como ingrediente principal, como carne de cerdo enlatada, pat\u00e9 de cerdo y cecina de cerdo.<\/li>\n\n\n\n<li><strong>Productos de piel de cerdo:<\/strong>\u00a0La piel de cerdo se utiliza para fabricar art\u00edculos de cuero, como zapatos, bolsos y chaquetas, y art\u00edculos que no son de cuero, como balones de f\u00fatbol y otros equipos deportivos.<\/li>\n\n\n\n<li><strong>Productos a base de sangre:<\/strong>\u00a0La sangre se utiliza para fabricar diversos productos, como morcilla y morcilla.<\/li>\n<\/ul>\n\n\n\n<h2 class=\"wp-block-heading\">Metodolog\u00eda de investigaci\u00f3n<\/h2>\n\n\n\n<figure class=\"gb-block-image gb-block-image-29593815\"><img loading=\"lazy\" decoding=\"async\" width=\"1456\" height=\"816\" class=\"gb-image gb-image-29593815\" src=\"https:\/\/www.sisinternational.com\/wp-content\/uploads\/2025\/08\/Pork-5.jpg\" alt=\"Investigaci\u00f3n y estrategia de mercado internacional de SIS\" title=\"Pork (5)\" srcset=\"https:\/\/www.sisinternational.com\/wp-content\/uploads\/2025\/08\/Pork-5.jpg 1456w, https:\/\/www.sisinternational.com\/wp-content\/uploads\/2025\/08\/Pork-5-300x168.jpg 300w, https:\/\/www.sisinternational.com\/wp-content\/uploads\/2025\/08\/Pork-5-1024x574.jpg 1024w, https:\/\/www.sisinternational.com\/wp-content\/uploads\/2025\/08\/Pork-5-768x430.jpg 768w, https:\/\/www.sisinternational.com\/wp-content\/uploads\/2025\/08\/Pork-5-18x10.jpg 18w\" sizes=\"auto, (max-width: 1456px) 100vw, 1456px\"><\/figure>\n\n\n\n<p><\/p>\n\n\n\n<p>La investigaci\u00f3n de mercado de carne de cerdo se puede implementar mediante diferentes m\u00e9todos, incluidas encuestas, grupos focales, entrevistas y estudios observacionales. Los datos y las estrategias de Pork Market Research se pueden utilizar para comprender la demograf\u00eda de los clientes, los h\u00e1bitos de compra, las preferencias de productos y la satisfacci\u00f3n general con un producto o servicio en particular.<\/p>\n\n\n\n<p>En <a href=\"https:\/\/www.sisinternational.com\/es\/how-to-conduct-effective-quantitative-market-research\/\" title=\"How to Conduct Effective Quantitative Market Research\"  data-wpil-monitor-id=\"8358\">conducting adequate market research<\/a>, one requires a thorough understanding of the various research methodologies available. Below, we will explore the most commonly used <a href=\"https:\/\/www.sisinternational.com\/es\/pericia\/industrias\/investigacion-de-mercado-semiotica\/\" title=\"Investigaci\u00f3n de mercado de semi\u00f3tica\"  data-wpil-monitor-id=\"3144\">research methodologies in pork market<\/a> research.<\/p>\n\n\n\n<p><strong>Encuestas:<\/strong>&nbsp;Las encuestas se pueden realizar en persona, en l\u00ednea o por tel\u00e9fono, y se pueden administrar mediante preguntas abiertas o cerradas. Las encuestas son \u00fatiles para recopilar datos cuantitativos sobre las preferencias, actitudes y comportamientos de los clientes.<\/p>\n\n\n\n<p><strong>Focus groups:&nbsp;This is another type of <a href=\"https:\/\/www.sisinternational.com\/es\/sampling-techniques-in-qualitative-research-the-complete-guide-to-choosing-the-right-method\/\" title=\"Sampling Techniques in Qualitative Research: The Complete Guide to Choosing the Right Method\"  data-wpil-monitor-id=\"8355\">qualitative research method<\/a> that involves bringing together a small group of people to discuss a particular topic, such as their preferences when selecting pork products.<\/p>\n\n\n\n<p><strong>Entrevistas:<\/strong>&nbsp;Otro tipo de m\u00e9todo de investigaci\u00f3n cualitativa que implica hacer preguntas abiertas a participantes individuales realizadas en persona o por tel\u00e9fono. Esto es \u00fatil para recopilar datos cualitativos en profundidad sobre las actitudes y opiniones de los clientes.<\/p>\n\n\n\n<p><strong>Investigaci\u00f3n observacional:<\/strong>&nbsp;Esto implica observar y registrar el comportamiento del cliente en entornos del mundo real. Esto se puede hacer mediante observaci\u00f3n directa o mediante el uso de tecnolog\u00eda como c\u00e1maras o software de seguimiento.<\/p>\n\n\n\n<p><strong>Investigaci\u00f3n experimental:<\/strong>&nbsp;This is done by manipulating one or more variables and observing the effect on customer behavior. This type of research is useful for testing hypotheses about the impact of specific product features or <a href=\"https:\/\/www.sisinternational.com\/es\/el-papel-del-desarrollo-de-procesos-y-sistemas-en-el-exito-organizacional\/\" title=\"Investigaci\u00f3n de Mercado de Dise\u00f1o Organizacional\"  data-wpil-monitor-id=\"8352\">estrategias de marketing<\/a> on customer behavior.<\/p>\n\n\n\n<h2 class=\"wp-block-heading\">Conductores en la industria<\/h2>\n\n\n\n<p>La industria porcina es un componente importante de la industria ganadera mundial y contribuye a las econom\u00edas de muchos pa\u00edses del mundo. Hay varios impulsores del mercado que impactan la industria porcina, entre ellos:<\/p>\n\n\n\n<ul class=\"wp-block-list\">\n<li>Consumer demand for pork. The increasing global population and the rising disposable income of consumers in emerging economies have led to an increase in demand for pork products. In addition, changing <a href=\"https:\/\/www.sisinternational.com\/es\/73903-2\/\" title=\"Turn Consumer Flavor Preferences Into Winning Products\"  data-wpil-monitor-id=\"8359\">preferencias del consumidor<\/a> for leaner and healthier meat products have also impacted the pork industry.<\/li>\n\n\n\n<li>El costo del alimento es un factor cr\u00edtico que impacta la rentabilidad de la industria porcina. Las fluctuaciones en el precio de los piensos, como el ma\u00edz y la soja, pueden tener un impacto significativo en el coste de producci\u00f3n de carne de cerdo.<\/li>\n\n\n\n<li>Global trade in the pork industry is affected by international trade policies and agreements. Countries that are major pork producers and exporters, such as the United States, China, and the European Union, often have an impact on the <a href=\"https:\/\/www.sisinternational.com\/es\/transportistas-de-bajo-coste-en-la-industria-de-la-aviacion\/\" title=\"Investigaci\u00f3n de mercado de aerol\u00edneas de bajo costo\"  data-wpil-monitor-id=\"8353\">global pork market<\/a>.<\/li>\n\n\n\n<li>Disease outbreaks, such as African swine fever and porcine epidemic diarrhea virus, can significantly impact the pork industry. These outbreaks can lead to <a href=\"https:\/\/www.sisinternational.com\/es\/soluciones\/consultoria-estrategica\/investigacion-de-mercado-de-la-cadena-de-suministro\/\" title=\"Investigaci\u00f3n de mercado de la cadena de suministro\"  data-wpil-monitor-id=\"8357\">supply chain disruptions and market<\/a> volatility, which can influence pork prices and trade.<\/li>\n\n\n\n<li>Las regulaciones econ\u00f3micas sobre bienestar animal, seguridad alimentaria y sostenibilidad ambiental pueden tener un impacto en la industria porcina. Las diversas normas pueden afectar positiva y negativamente a la industria porcina. Si bien estas regulaciones pueden aumentar los costos de producci\u00f3n y limitar el acceso a los mercados, tambi\u00e9n pueden impulsar la innovaci\u00f3n y conducir a pr\u00e1cticas de producci\u00f3n m\u00e1s sostenibles.<\/li>\n<\/ul>\n\n\n\n<h2 class=\"wp-block-heading\">Beneficios de la investigaci\u00f3n de mercado de la carne de cerdo<\/h2>\n\n\n\n<figure class=\"gb-block-image gb-block-image-f249e690\"><img loading=\"lazy\" decoding=\"async\" width=\"1456\" height=\"816\" class=\"gb-image gb-image-f249e690\" src=\"https:\/\/www.sisinternational.com\/wp-content\/uploads\/2025\/08\/Pork-7.jpg\" alt=\"Investigaci\u00f3n y estrategia de mercado internacional de SIS\" title=\"Pork (7)\" srcset=\"https:\/\/www.sisinternational.com\/wp-content\/uploads\/2025\/08\/Pork-7.jpg 1456w, https:\/\/www.sisinternational.com\/wp-content\/uploads\/2025\/08\/Pork-7-300x168.jpg 300w, https:\/\/www.sisinternational.com\/wp-content\/uploads\/2025\/08\/Pork-7-1024x574.jpg 1024w, https:\/\/www.sisinternational.com\/wp-content\/uploads\/2025\/08\/Pork-7-768x430.jpg 768w, https:\/\/www.sisinternational.com\/wp-content\/uploads\/2025\/08\/Pork-7-18x10.jpg 18w\" sizes=\"auto, (max-width: 1456px) 100vw, 1456px\"><\/figure>\n\n\n\n<p><\/p>\n\n\n\n<p>onducting pork market research provides insights into several benefits to pork producers, processors, and retailers. With collected data and strategies in Pork Market Research, one can discover and understand consumer preferences, attitudes, and behaviors that can help businesses with the following:<\/p>\n\n\n\n<ul class=\"wp-block-list\">\n<li>Tome decisiones informadas sobre el desarrollo de productos.<\/li>\n\n\n\n<li>Crear estrategias de marketing basadas en objetivos espec\u00edficos.<\/li>\n\n\n\n<li>Proponer precios competitivos para la industria.<\/li>\n\n\n\n<li>Comprender los diversos impulsores del mercado de la carne de cerdo, como la demanda de los consumidores y otros factores.<\/li>\n\n\n\n<li>Risk <a href=\"https:\/\/www.sisinternational.com\/es\/pericia\/industrias\/investigacion-de-mercado-de-gestion-de-residuos\/\" title=\"Investigaci\u00f3n de mercado de gesti\u00f3n de residuos\"  data-wpil-monitor-id=\"8354\">management market research<\/a> provides insights that can help pork businesses identify potential risks in the market, such as supply chain disruptions and changes in consumer preferences.<\/li>\n<\/ul>\n\n\n\n<p>Pork Market Research is a crucial tool for businesses of all sizes, as it helps them to identify opportunities and challenges within their market. By understanding the worth of various data and strategies in Pork Market Research, businesses can develop more effective strategies, strengthen products, and increase value for customer satisfaction. <a href=\"https:\/\/www.sisinternational.com\/es\/pericia\/curriculums-de-experiencia\/curriculum-de-experiencia-en-la-industria-automotriz\/\" title=\"Empresa de investigaci\u00f3n de mercado de la industria automotriz\"  data-wpil-monitor-id=\"8356\">Market research can also help companies<\/a> to identify potential areas for growth as well as potential opportunities that can pose threats to the business. Through effective pork market research, industry businesses can gain a competitive advantage and position themselves for long-term success in the global pork market.<\/p>","protected":false},"excerpt":{"rendered":"<p>La carne de cerdo es una carne de consumo com\u00fan que se deriva de los cerdos. Es una carne vers\u00e1til utilizada en diversas aplicaciones culinarias en muchas culturas.<\/p>","protected":false},"author":1,"featured_media":64437,"parent":14514,"menu_order":253,"comment_status":"closed","ping_status":"closed","template":"","meta":{"footnotes":""},"class_list":["post-42365","page","type-page","status-publish","has-post-thumbnail"],"_links":{"self":[{"href":"https:\/\/www.sisinternational.com\/es\/wp-json\/wp\/v2\/pages\/42365","targetHints":{"allow":["GET"]}}],"collection":[{"href":"https:\/\/www.sisinternational.com\/es\/wp-json\/wp\/v2\/pages"}],"about":[{"href":"https:\/\/www.sisinternational.com\/es\/wp-json\/wp\/v2\/types\/page"}],"author":[{"embeddable":true,"href":"https:\/\/www.sisinternational.com\/es\/wp-json\/wp\/v2\/users\/1"}],"replies":[{"embeddable":true,"href":"https:\/\/www.sisinternational.com\/es\/wp-json\/wp\/v2\/comments?post=42365"}],"version-history":[{"count":5,"href":"https:\/\/www.sisinternational.com\/es\/wp-json\/wp\/v2\/pages\/42365\/revisions"}],"predecessor-version":[{"id":81400,"href":"https:\/\/www.sisinternational.com\/es\/wp-json\/wp\/v2\/pages\/42365\/revisions\/81400"}],"up":[{"embeddable":true,"href":"https:\/\/www.sisinternational.com\/es\/wp-json\/wp\/v2\/pages\/14514"}],"wp:featuredmedia":[{"embeddable":true,"href":"https:\/\/www.sisinternational.com\/es\/wp-json\/wp\/v2\/media\/64437"}],"wp:attachment":[{"href":"https:\/\/www.sisinternational.com\/es\/wp-json\/wp\/v2\/media?parent=42365"}],"curies":[{"name":"wp","href":"https:\/\/api.w.org\/{rel}","templated":true}]}}