{"id":42358,"date":"2023-04-13T18:33:59","date_gmt":"2023-04-13T22:33:59","guid":{"rendered":"https:\/\/www.sisinternational.com\/?page_id=42358"},"modified":"2026-03-11T19:52:18","modified_gmt":"2026-03-11T23:52:18","slug":"mercado-de-cosmeticos-para-el-cuidado-personal","status":"publish","type":"page","link":"https:\/\/www.sisinternational.com\/es\/soluciones\/mercado-de-cosmeticos-para-el-cuidado-personal\/","title":{"rendered":"Personal Care Market Research"},"content":{"rendered":"<h1 class=\"wp-block-heading\">Personal Care Market Research<\/h1>\n\n\n\n<figure class=\"gb-block-image gb-block-image-e34fa9cc\"><img loading=\"lazy\" decoding=\"async\" width=\"1456\" height=\"816\" class=\"gb-image gb-image-e34fa9cc\" src=\"https:\/\/www.sisinternational.com\/wp-content\/uploads\/2025\/08\/Personal-care-8.jpg\" alt=\"Investigaci\u00f3n y estrategia de mercado internacional de SIS\" title=\"Personal care (8)\" srcset=\"https:\/\/www.sisinternational.com\/wp-content\/uploads\/2025\/08\/Personal-care-8.jpg 1456w, https:\/\/www.sisinternational.com\/wp-content\/uploads\/2025\/08\/Personal-care-8-300x168.jpg 300w, https:\/\/www.sisinternational.com\/wp-content\/uploads\/2025\/08\/Personal-care-8-1024x574.jpg 1024w, https:\/\/www.sisinternational.com\/wp-content\/uploads\/2025\/08\/Personal-care-8-768x430.jpg 768w, https:\/\/www.sisinternational.com\/wp-content\/uploads\/2025\/08\/Personal-care-8-18x10.jpg 18w\" sizes=\"auto, (max-width: 1456px) 100vw, 1456px\"><\/figure>\n\n\n\n<p><\/p>\n\n\n\n<p>Many brands and companies vie for consumer attention and loyalty. Trends and shifts in consumer preferences also influence the industry. So, your strategy should too.  <\/p>\n\n\n\n<h2 class=\"wp-block-heading\">\u00bfPor qu\u00e9 es importante la investigaci\u00f3n de mercado de Cosm\u00e9ticos y cuidado personal?<\/h2>\n\n\n\n<p>La industria del cuidado personal y la cosm\u00e9tica es una importante fuente de empleo. Por ejemplo, proporciona empleo a diversos trabajadores, incluidos qu\u00edmicos e investigadores. Su fuerza laboral tambi\u00e9n incluye especialistas en marketing, vendedores y trabajadores de fabricaci\u00f3n.<\/p>\n\n\n\n<p>La industria tambi\u00e9n es un importante contribuyente a la econom\u00eda global. Por ejemplo, genera importantes ingresos e impuestos para los gobiernos. Tambi\u00e9n apoya a sectores relacionados como el embalaje, la log\u00edstica y la publicidad.<\/p>\n\n\n\n<h2 class=\"wp-block-heading\">T\u00edtulos de trabajo clave<\/h2>\n\n\n\n<h3 class=\"wp-block-heading\">Hay una variedad de t\u00edtulos de trabajo dentro de la industria de cosm\u00e9ticos y cuidado personal. Algunos t\u00edtulos de trabajo est\u00e1ndar incluyen:<\/h3>\n\n\n\n<ul class=\"wp-block-list\">\n<li><strong>Qu\u00edmico o Cient\u00edfico Cosm\u00e9tico:<\/strong>&nbsp;Desarrollar y probar nuevas formulaciones para productos de cuidado personal y cosm\u00e9tica.<\/li>\n\n\n\n<li><strong>Gerente de Desarrollo de Producto:<\/strong>&nbsp;Supervisar el desarrollo y lanzamiento de nuevos productos de cosm\u00e9tica y cuidado personal.<\/li>\n\n\n\n<li><strong>Gerente de Mercadeo:<\/strong>&nbsp;Desarrollar y poner en marcha estrategias de marketing para promocionar productos a los consumidores.<\/li>\n\n\n\n<li><strong>Representante de ventas:<\/strong>&nbsp;Establezca relaciones con minoristas y otros clientes para vender productos.<\/li>\n\n\n\n<li><strong>Gerente de marca:<\/strong>&nbsp;Desarrollar y gestionar la imagen de una marca y el portafolio de productos.<\/li>\n\n\n\n<li><strong>Especialista en Control de Calidad:<\/strong>&nbsp;Asegurar que los productos de cuidado personal y cosm\u00e9ticos cumplan con los est\u00e1ndares y regulaciones de calidad.<\/li>\n\n\n\n<li><strong>Ingeniero de embalaje:<\/strong> Desarrollar y probar envases para productos de cuidado personal y cosm\u00e9tica.<\/li>\n\n\n\n<li><strong>Gerente de compras:<\/strong> Coordinar el movimiento de productos desde la fabricaci\u00f3n hasta los puntos de venta.<br><strong>Especialista de Asuntos Regulatorios:<\/strong>&nbsp;Aseg\u00farese de que los productos cosm\u00e9ticos y de cuidado personal cumplan con las leyes y regulaciones pertinentes.<\/li>\n\n\n\n<li><strong>Cient\u00edfico de Investigaci\u00f3n y Desarrollo:<\/strong>\u00a0Investigaci\u00f3n para desarrollar nuevos ingredientes para productos o mejorar los existentes.<\/li>\n<\/ul>\n\n\n\n<h2 class=\"wp-block-heading\">\u00bfPor qu\u00e9 las empresas necesitan cosm\u00e9ticos y cuidado personal?<\/h2>\n\n\n\n<figure class=\"gb-block-image gb-block-image-adab417e\"><img loading=\"lazy\" decoding=\"async\" width=\"1456\" height=\"816\" class=\"gb-image gb-image-adab417e\" src=\"https:\/\/www.sisinternational.com\/wp-content\/uploads\/2025\/09\/Cosmetics-in-mexico-3.jpg\" alt=\"Investigaci\u00f3n y estrategia de mercado internacional de SIS\" title=\"Cosmetics in mexico (3)\" srcset=\"https:\/\/www.sisinternational.com\/wp-content\/uploads\/2025\/09\/Cosmetics-in-mexico-3.jpg 1456w, https:\/\/www.sisinternational.com\/wp-content\/uploads\/2025\/09\/Cosmetics-in-mexico-3-300x168.jpg 300w, https:\/\/www.sisinternational.com\/wp-content\/uploads\/2025\/09\/Cosmetics-in-mexico-3-1024x574.jpg 1024w, https:\/\/www.sisinternational.com\/wp-content\/uploads\/2025\/09\/Cosmetics-in-mexico-3-768x430.jpg 768w, https:\/\/www.sisinternational.com\/wp-content\/uploads\/2025\/09\/Cosmetics-in-mexico-3-18x10.jpg 18w\" sizes=\"auto, (max-width: 1456px) 100vw, 1456px\"><\/figure>\n\n\n\n<p><\/p>\n\n\n\n<p>Businesses need personal care and cosmetics products for several reasons. These products are in high demand. Companies that offer them can meet the needs and wants of their customers. Customers expect to find personal care and cosmetics products almost everywhere. <\/p>\n\n\n\n<p>Agregar estos productos a las ofertas de una empresa puede diversificar a\u00fan m\u00e1s su l\u00ednea de productos. Tambi\u00e9n puede atraer nuevos clientes, lo que puede ayudar a las empresas a ampliar su base de clientes y aumentar los ingresos. Adem\u00e1s, ofrecerlos puede ayudar a crear lealtad a la marca entre los clientes. Crea oportunidades para disfrutar y confiar a\u00fan m\u00e1s en los productos de una empresa, lo que puede generar compras repetidas y publicidad boca a boca positiva.<\/p>\n\n\n\n<p>Trends and fads often influence personal care and cosmetics products. It is a dynamic market. Businesses can capitalize on current trends and stay ahead of the curve. In that way, they can gain a competitive edge.<\/p>\n\n\n\n<h2 class=\"wp-block-heading\">Factores clave de \u00e9xito en la investigaci\u00f3n de mercado de cosm\u00e9ticos y cuidado personal<\/h2>\n\n\n\n<ul class=\"wp-block-list\">\n<li>Several critical success factors exist for businesses operating in this market. Personal care and cosmetics products must be high-quality and safe for use. Moreover, companies must ensure that their products meet or exceed industry standards. <\/li>\n\n\n\n<li>The personal <a href=\"https:\/\/www.sisinternational.com\/es\/pericia\/industrias\/investigacion-de-mercado-de-cuidado-de-mascotas\/\" title=\"Investigaci\u00f3n de mercado de cuidado de mascotas\" data-wpil-monitor-id=\"6320\">care and cosmetics market<\/a> is evolving. In addition, it\u2019s an excellent opportunity for businesses that can innovate. If they develop new and unique products, they can gain a competitive advantage.<\/li>\n\n\n\n<li>La creaci\u00f3n de marca y el marketing eficaces tambi\u00e9n son esenciales para el \u00e9xito en este mercado. Las empresas deben crear identidades de marca convincentes junto con campa\u00f1as de marketing espectaculares. Estas campa\u00f1as deben resonar en los consumidores y diferenciarlos de la competencia.<\/li>\n\n\n\n<li>Personal care and cosmetics products must be available to consumers. You can make that possible through effective distribution channels. Businesses must have a strong distribution network. <\/li>\n\n\n\n<li>Brindar un servicio al cliente excepcional es esencial para las empresas que operan en este mercado. Un servicio excelente incluye brindar a los clientes informaci\u00f3n sobre el producto y abordar sus inquietudes. Tambi\u00e9n implica ofrecer devoluciones y cambios cuando sea necesario.<\/li>\n\n\n\n<li>The impact of personal care and cosmetics products on the environment is of interest to some customers. Businesses prioritizing sustainability and environmental responsibility can gain a competitive advantage. <\/li>\n<\/ul>\n\n\n\n<h2 class=\"wp-block-heading\">Acerca de la investigaci\u00f3n de mercado de cosm\u00e9ticos y cuidado personal<\/h2>\n\n\n\n<figure class=\"gb-block-image gb-block-image-f7b601da\"><img loading=\"lazy\" decoding=\"async\" width=\"1456\" height=\"816\" class=\"gb-image gb-image-f7b601da\" src=\"https:\/\/www.sisinternational.com\/wp-content\/uploads\/2025\/08\/Skincare-6-5.jpg\" alt=\"Investigaci\u00f3n y estrategia de mercado internacional de SIS\" title=\"Skincare 6 (5)\" srcset=\"https:\/\/www.sisinternational.com\/wp-content\/uploads\/2025\/08\/Skincare-6-5.jpg 1456w, https:\/\/www.sisinternational.com\/wp-content\/uploads\/2025\/08\/Skincare-6-5-300x168.jpg 300w, https:\/\/www.sisinternational.com\/wp-content\/uploads\/2025\/08\/Skincare-6-5-1024x574.jpg 1024w, https:\/\/www.sisinternational.com\/wp-content\/uploads\/2025\/08\/Skincare-6-5-768x430.jpg 768w, https:\/\/www.sisinternational.com\/wp-content\/uploads\/2025\/08\/Skincare-6-5-18x10.jpg 18w\" sizes=\"auto, (max-width: 1456px) 100vw, 1456px\"><\/figure>\n\n\n\n<p><\/p>\n\n\n\n<p>Businesses should always appreciate the importance of Qualitative and <a class=\"wpil_keyword_link\" href=\"https:\/\/www.sisinternational.com\/es\/best-practices-for-quantitative-market-research\/\" title=\"Mejores pr\u00e1cticas para la investigaci\u00f3n de mercado cuantitativa\" data-wpil-keyword-link=\"linked\" data-wpil-monitor-id=\"372\">Investigaci\u00f3n de mercado cuantitativa<\/a>. Successful new businesses enjoy longevity because of regular UX Market Research. It helps them to understand their target market and identify consumer problems. They can also do a Competitive Analysis to pinpoint realistic competitors.<\/p>\n\n\n\n<p>Your company must also do Strategic Market Research to stay abreast of developments. For example, they\u2019ll learn about new technologies, products, services, trends, and business practices. Are you entering a new market? Then take advantage of Market Entry Research and <a class=\"wpil_keyword_link\" href=\"https:\/\/www.sisinternational.com\/es\/soluciones\/consultoria-estrategica\/investigacion-de-oportunidades-de-mercado\/\" title=\"Investigaci\u00f3n de oportunidades de mercado\" data-wpil-keyword-link=\"linked\" data-wpil-monitor-id=\"696\">Investigaci\u00f3n de oportunidades de mercado<\/a>. <a href=\"https:\/\/www.sisinternational.com\/es\/pericia\/industrias\/investigacion-de-mercado-semiotica\/\" title=\"Investigaci\u00f3n de mercado de semi\u00f3tica\" data-wpil-monitor-id=\"3146\">Investigaci\u00f3n de dimensionamiento del mercado<\/a> is another must-have.<\/p>\n\n\n\n<p>SIS International Research ofrece todos estos tipos de investigaci\u00f3n y m\u00e1s. Tambi\u00e9n podemos organizar Focus Groups, Encuestas y Entrevistas. Le informaremos su estrategia de comercializaci\u00f3n. Comun\u00edquese con SIS hoy para una consulta.<\/p>\n\n\n\n<p><\/p>","protected":false},"excerpt":{"rendered":"<p>El mercado de la cosm\u00e9tica y el cuidado personal es una industria enorme. La mayor\u00eda de los productos mejoran o mantienen la apariencia y la higiene personal.<\/p>","protected":false},"author":1,"featured_media":62481,"parent":14457,"menu_order":22,"comment_status":"closed","ping_status":"closed","template":"","meta":{"footnotes":""},"class_list":["post-42358","page","type-page","status-publish","has-post-thumbnail"],"_links":{"self":[{"href":"https:\/\/www.sisinternational.com\/es\/wp-json\/wp\/v2\/pages\/42358","targetHints":{"allow":["GET"]}}],"collection":[{"href":"https:\/\/www.sisinternational.com\/es\/wp-json\/wp\/v2\/pages"}],"about":[{"href":"https:\/\/www.sisinternational.com\/es\/wp-json\/wp\/v2\/types\/page"}],"author":[{"embeddable":true,"href":"https:\/\/www.sisinternational.com\/es\/wp-json\/wp\/v2\/users\/1"}],"replies":[{"embeddable":true,"href":"https:\/\/www.sisinternational.com\/es\/wp-json\/wp\/v2\/comments?post=42358"}],"version-history":[{"count":10,"href":"https:\/\/www.sisinternational.com\/es\/wp-json\/wp\/v2\/pages\/42358\/revisions"}],"predecessor-version":[{"id":84374,"href":"https:\/\/www.sisinternational.com\/es\/wp-json\/wp\/v2\/pages\/42358\/revisions\/84374"}],"up":[{"embeddable":true,"href":"https:\/\/www.sisinternational.com\/es\/wp-json\/wp\/v2\/pages\/14457"}],"wp:featuredmedia":[{"embeddable":true,"href":"https:\/\/www.sisinternational.com\/es\/wp-json\/wp\/v2\/media\/62481"}],"wp:attachment":[{"href":"https:\/\/www.sisinternational.com\/es\/wp-json\/wp\/v2\/media?parent=42358"}],"curies":[{"name":"wp","href":"https:\/\/api.w.org\/{rel}","templated":true}]}}