{"id":42341,"date":"2023-04-12T22:17:58","date_gmt":"2023-04-13T02:17:58","guid":{"rendered":"https:\/\/www.sisinternational.com\/?page_id=42341"},"modified":"2026-01-25T18:17:40","modified_gmt":"2026-01-25T23:17:40","slug":"estudio-de-mercado-de-gas-licuado-de-petroleo","status":"publish","type":"page","link":"https:\/\/www.sisinternational.com\/es\/pericia\/estudio-de-mercado-de-gas-licuado-de-petroleo\/","title":{"rendered":"Investigaci\u00f3n de mercado de gas licuado de petr\u00f3leo"},"content":{"rendered":"<h1 class=\"wp-block-heading\">Investigaci\u00f3n de mercado de gas licuado de petr\u00f3leo<\/h1>\n\n\n\n<figure class=\"gb-block-image gb-block-image-b59d8d51\"><img loading=\"lazy\" decoding=\"async\" width=\"1456\" height=\"816\" class=\"gb-image gb-image-b59d8d51\" src=\"https:\/\/www.sisinternational.com\/wp-content\/uploads\/2025\/08\/Crude-petroleum-5.jpg\" alt=\"Investigaci\u00f3n y estrategia de mercado internacional de SIS\" title=\"Crude petroleum (5)\" srcset=\"https:\/\/www.sisinternational.com\/wp-content\/uploads\/2025\/08\/Crude-petroleum-5.jpg 1456w, https:\/\/www.sisinternational.com\/wp-content\/uploads\/2025\/08\/Crude-petroleum-5-300x168.jpg 300w, https:\/\/www.sisinternational.com\/wp-content\/uploads\/2025\/08\/Crude-petroleum-5-1024x574.jpg 1024w, https:\/\/www.sisinternational.com\/wp-content\/uploads\/2025\/08\/Crude-petroleum-5-768x430.jpg 768w, https:\/\/www.sisinternational.com\/wp-content\/uploads\/2025\/08\/Crude-petroleum-5-18x10.jpg 18w\" sizes=\"auto, (max-width: 1456px) 100vw, 1456px\"><\/figure>\n\n\n\n<p><\/p>\n\n\n\n<hr class=\"wp-block-separator has-alpha-channel-opacity is-style-dots\"\/>\n\n\n\n<div class=\"wp-block-columns has-global-color-9-color has-text-color has-background has-link-color wp-elements-531f16c42315c1590175bf5fb50e6fa3 is-layout-flex wp-container-core-columns-is-layout-9d6595d7 wp-block-columns-is-layout-flex\" style=\"background-color:#f7f9fa6e\">\n<div class=\"wp-block-column is-layout-flow wp-block-column-is-layout-flow\" style=\"flex-basis:18%\"><\/div>\n\n\n\n<div class=\"wp-block-column is-vertically-aligned-center is-layout-flow wp-block-column-is-layout-flow\" style=\"flex-basis:71.28%\">\n<div class=\"wp-block-rank-math-toc-block aligncenter has-global-color-9-color has-text-color has-link-color wp-elements-0f25fc0a67ec809c868d4df515d64045\" style=\"font-size:16px\" id=\"rank-math-toc\"><h2><br><strong>t<\/strong>able of Contents<\/h2><nav><ul><li class=\"\"><a href=\"#what-is-liquefied-petroleum-gas-lp-gas\">\u00bfQu\u00e9 es el Gas Licuado de Petr\u00f3leo (Gas LP)?<\/a><\/li><li class=\"\"><a href=\"#trends-and-opportunities\">Tendencias y oportunidades<\/a><\/li><li class=\"\"><a href=\"#challenges-in-the-liquefied-petroleum-gas-market\">Desaf\u00edos en el mercado del gas licuado de petr\u00f3leo<\/a><\/li><\/ul><\/nav><\/div>\n<\/div>\n<\/div>\n\n\n\n<p><\/p>\n\n\n\n<p>El mercado del gas licuado de petr\u00f3leo (Gas LP) pertenece a una de las industrias m\u00e1s importantes, la industria petrolera. La industria petrolera acumula billones de d\u00f3lares anualmente, y el mercado del gas licuado de petr\u00f3leo aporta cientos de miles de millones.<\/p>\n\n\n\n<p>Incluso con la introducci\u00f3n de opciones alternativas, se prev\u00e9 que la demanda de gas licuado de petr\u00f3leo crecer\u00e1 debido a las iniciativas gubernamentales, el control de emisiones y el crecimiento demogr\u00e1fico. Las perspectivas positivas del mercado lo convierten en un veh\u00edculo de inversi\u00f3n lucrativo.<\/p>\n\n\n\n<p>However, with its growing popularity, the Liquefied <a href=\"https:\/\/www.sisinternational.com\/es\/pericia\/industrias\/investigacion-del-mercado-petrolero\/\" title=\"Investigaci\u00f3n del mercado petrolero\"  data-wpil-monitor-id=\"6474\">Petroleum Gas market<\/a> suffers its own fair share of missteps and issues. <a href=\"https:\/\/www.sisinternational.com\/es\/pericia\/industrias\/investigacion-de-mercado-de-petroleo-y-gas\/\" title=\"Investigaci\u00f3n de mercado de petr\u00f3leo y gas\"  data-wpil-monitor-id=\"3093\">Market analysis and research<\/a> are a few of the best ways to mitigate potential problems when investing in the industry.<\/p>\n\n\n\n<h2 class=\"wp-block-heading\" id=\"what-is-liquefied-petroleum-gas-lp-gas\">\u00bfQu\u00e9 es el Gas Licuado de Petr\u00f3leo (Gas LP)?<\/h2>\n\n\n\n<figure class=\"gb-block-image gb-block-image-e6ce59a4\"><img loading=\"lazy\" decoding=\"async\" width=\"1456\" height=\"816\" class=\"gb-image gb-image-e6ce59a4\" src=\"https:\/\/www.sisinternational.com\/wp-content\/uploads\/2025\/08\/Crude-petroleum-4.jpg\" alt=\"Investigaci\u00f3n y estrategia de mercado internacional de SIS\" title=\"Crude petroleum (4)\" srcset=\"https:\/\/www.sisinternational.com\/wp-content\/uploads\/2025\/08\/Crude-petroleum-4.jpg 1456w, https:\/\/www.sisinternational.com\/wp-content\/uploads\/2025\/08\/Crude-petroleum-4-300x168.jpg 300w, https:\/\/www.sisinternational.com\/wp-content\/uploads\/2025\/08\/Crude-petroleum-4-1024x574.jpg 1024w, https:\/\/www.sisinternational.com\/wp-content\/uploads\/2025\/08\/Crude-petroleum-4-768x430.jpg 768w, https:\/\/www.sisinternational.com\/wp-content\/uploads\/2025\/08\/Crude-petroleum-4-18x10.jpg 18w\" sizes=\"auto, (max-width: 1456px) 100vw, 1456px\"><\/figure>\n\n\n\n<p><\/p>\n\n\n\n<p>El Gas Licuado de Petr\u00f3leo, m\u00e1s conocido como GLP, es un gas combustible elaborado a partir de una mezcla de cinco gases de hidrocarburos inflamables. El refinado de gas de petr\u00f3leo o gas natural produce GLP como producto del proceso.<\/p>\n\n\n\n<p>Aunque se obtiene a partir de petr\u00f3leo crudo y gas natural, el gas licuado de petr\u00f3leo se convirti\u00f3 en una opci\u00f3n atractiva, ecol\u00f3gica y con bajas emisiones de carbono. Se quema limpiamente, no emite carbono negro y descarga poco azufre y di\u00f3xido de carbono.<\/p>\n\n\n\n<p>El Gas Licuado de Petr\u00f3leo tiene grados en lugar de tipos, que pertenecen a las diferentes mezclas de gases de hidrocarburos. En los Estados Unidos, existen dos grados de GLP: HD-5 y propano comercial. Los ajustes realizados en la mezcla de GLP dependen del clima y la ubicaci\u00f3n del lugar donde se destina a la venta.<\/p>\n\n\n\n<p>Gan\u00f3 popularidad a principios del siglo XX con el uso de electrodom\u00e9sticos y veh\u00edculos. Actualmente, diversas industrias, como la agricultura, la hosteler\u00eda y la construcci\u00f3n, dependen del gas licuado de petr\u00f3leo para alimentar sus maquinarias y equipos.<\/p>\n\n\n\n<p>Se han introducido alternativas al GLP, incluido el gas natural canalizado. Pero todav\u00eda es incapaz de atender a la creciente poblaci\u00f3n, especialmente en una zona urbanizada.<\/p>\n\n\n\n<h2 class=\"wp-block-heading\" id=\"trends-and-opportunities\">Tendencias y oportunidades<\/h2>\n\n\n\n<p>El gas licuado de petr\u00f3leo ha sido un alimento b\u00e1sico para los hogares y las industrias, lo que lo convirti\u00f3 en uno de los mejores mercados para invertir. Con su crecimiento continuo debido a la creciente demanda, se abren muchas oportunidades para los inversores interesados. Sin embargo, para tomar la decisi\u00f3n financiera correcta y evitar errores de juicio, se espera que los inversores se informen sobre las \u00faltimas tendencias que dirigen el mercado.<\/p>\n\n\n\n<ul class=\"wp-block-list\">\n<li><strong>Expandi\u00e9ndose como materia prima en la industria qu\u00edmica:<\/strong> El GLP se ha utilizado como portador de energ\u00eda, alimentando diferentes m\u00e1quinas y electrodom\u00e9sticos. Parece que no tardar\u00e1 en convertirse en una materia prima potencial para la s\u00edntesis de olefinas.<\/li>\n\n\n\n<li><strong>Aumento de la producci\u00f3n global de l\u00edquidos de gas natural:<\/strong> Se observa un aumento en la producci\u00f3n de l\u00edquidos de gas natural con un crecimiento anual estimado de 3,2% durante la \u00faltima d\u00e9cada. En consecuencia, este aumento influye en el crecimiento de la oferta de GLP.<\/li>\n\n\n\n<li><strong>No m\u00e1s refiner\u00edas de petr\u00f3leo para GLP producido a partir de gas natural:<\/strong> Una instalaci\u00f3n de separaci\u00f3n de gas ahora puede realizar la extracci\u00f3n de gas natural para formar GLP. La producci\u00f3n de separaci\u00f3n de gas es menos costosa que las refiner\u00edas de petr\u00f3leo crudo.<\/li>\n\n\n\n<li><strong>Transporte m\u00e1s sencillo de Gas Licuado de Petr\u00f3leo producido con gas natural:<\/strong> El GLP producido a partir de gas natural se puede distribuir a trav\u00e9s de gasoductos y camiones cisterna.<\/li>\n\n\n\n<li><strong>Norteam\u00e9rica lidera la producci\u00f3n de GLP producido a partir de gas natural:<\/strong> Am\u00e9rica del Norte contin\u00faa liderando el mercado de gas licuado de petr\u00f3leo extra\u00eddo de gas natural a medida que crece su producci\u00f3n de l\u00edquidos de gas natural.<\/li>\n\n\n\n<li><strong>La seguridad del suministro de GLP en Europa:<\/strong> Europa es autosuficiente en t\u00e9rminos de gas licuado de petr\u00f3leo, ya que alberga m\u00faltiples refiner\u00edas de petr\u00f3leo y gas natural. La distribuci\u00f3n del GLP tambi\u00e9n est\u00e1 asegurada con diferentes m\u00e9todos de transporte disponibles, desde el ferrocarril hasta el agua.<\/li>\n<\/ul>\n\n\n\n<p><strong>Benefits of Liquefied Petroleum <a href=\"https:\/\/www.sisinternational.com\/es\/soluciones\/investigacion-de-mercado-de-oleoductos-y-gasoductos\/\" title=\"Investigaci\u00f3n del mercado de oleoductos y gasoductos\"  data-wpil-monitor-id=\"2148\">Gas Market Research<\/a><\/strong><\/p>\n\n\n\n<p>El mercado de Gas licuado de petr\u00f3leo cubre una cadena global, lo que dificulta su evaluaci\u00f3n sin la investigaci\u00f3n y el an\u00e1lisis adecuados. Disponer de una investigaci\u00f3n de mercado dedicada al GLP proporcionar\u00e1 un desglose de todo lo que un inversor debe saber. Tambi\u00e9n aborda factores que rodean el mercado, especialmente las empresas y productores involucrados.<\/p>\n\n\n\n<ul class=\"wp-block-list\">\n<li>An\u00e1lisis del mercado del GLP: un mercado espec\u00edfico, como el del GLP, puede resultar dif\u00edcil de analizar sin una comprensi\u00f3n adecuada del mercado en s\u00ed. Una investigaci\u00f3n coherente puede proporcionar todo el an\u00e1lisis necesario para comprender c\u00f3mo opera el mercado del GLP y hacia d\u00f3nde se dirige.<\/li>\n\n\n\n<li>Comprensi\u00f3n m\u00e1s sencilla del mercado y su producto: la mayor\u00eda de los inversores no comprender\u00e1n las \u00faltimas tendencias ni la informaci\u00f3n disponible para el p\u00fablico. Las discusiones sobre el producto en s\u00ed pueden resultar desafiantes para las personas, ya que pueden involucrar estudios y discusiones cient\u00edficas. La investigaci\u00f3n de mercado lo facilitar\u00e1 al resaltar informaci\u00f3n relevante que puede influir en ellos para tomar decisiones de inversi\u00f3n acertadas.<\/li>\n\n\n\n<li>Saves time: Research, analysis, and preparation can take up to a week or months to perform. Investors can opt to save their time and <a href=\"https:\/\/www.sisinternational.com\/es\/acciones-gubernamentales-sobre-biocombustibles\/\" title=\"Investigaci\u00f3n de mercado de biocombustibles\"  data-wpil-monitor-id=\"1738\">energy by relying on market research<\/a> performed by a professional. These <a href=\"https:\/\/www.sisinternational.com\/es\/pericia\/industrias\/investigacion-de-mercado-metaverso\/\" title=\"Investigaci\u00f3n de mercado del metaverso\"  data-wpil-monitor-id=\"4770\">researchers<\/a> have a better grasp of the market and tactics in making it relevant to the interest of the investor.<\/li>\n<\/ul>\n\n\n\n<h2 class=\"wp-block-heading\" id=\"challenges-in-the-liquefied-petroleum-gas-market\">Desaf\u00edos en el mercado del gas licuado de petr\u00f3leo<\/h2>\n\n\n\n<figure class=\"gb-block-image gb-block-image-7c4303bc\"><img loading=\"lazy\" decoding=\"async\" width=\"1456\" height=\"816\" class=\"gb-image gb-image-7c4303bc\" src=\"https:\/\/www.sisinternational.com\/wp-content\/uploads\/2025\/08\/Oit-petroleum-petrochemical-4.jpg\" alt=\"Investigaci\u00f3n y estrategia de mercado internacional de SIS\" title=\"Oit petroleum petrochemical (4)\" srcset=\"https:\/\/www.sisinternational.com\/wp-content\/uploads\/2025\/08\/Oit-petroleum-petrochemical-4.jpg 1456w, https:\/\/www.sisinternational.com\/wp-content\/uploads\/2025\/08\/Oit-petroleum-petrochemical-4-300x168.jpg 300w, https:\/\/www.sisinternational.com\/wp-content\/uploads\/2025\/08\/Oit-petroleum-petrochemical-4-1024x574.jpg 1024w, https:\/\/www.sisinternational.com\/wp-content\/uploads\/2025\/08\/Oit-petroleum-petrochemical-4-768x430.jpg 768w, https:\/\/www.sisinternational.com\/wp-content\/uploads\/2025\/08\/Oit-petroleum-petrochemical-4-18x10.jpg 18w\" sizes=\"auto, (max-width: 1456px) 100vw, 1456px\"><\/figure>\n\n\n\n<p><\/p>\n\n\n\n<p>El mercado del gas licuado de petr\u00f3leo se encuentra bajo una de las industrias m\u00e1s grandes del mundo, lo que significa que tiene una buena cantidad de problemas y controversias. Desde cuestiones relacionadas con el medio ambiente hasta la inflaci\u00f3n de precios, esta es una lista de desaf\u00edos que enfrenta el mercado.<\/p>\n\n\n\n<ul class=\"wp-block-list\">\n<li><strong>Preocupaciones por la escasez:<\/strong> El GLP sirve como portador de energ\u00eda para diferentes electrodom\u00e9sticos, desde la cocina hasta la calefacci\u00f3n. Con la creciente demanda, los productores ahora tienen el desaf\u00edo de mantenerse al d\u00eda.<\/li>\n\n\n\n<li>Precios inflados: Los aumentos de precios siguen a la escasez de oferta. Una raz\u00f3n cl\u00e1sica del bajo suministro es que hay unos pocos pa\u00edses que acaparan la mayor parte del suministro de GLP, lo que genera un desequilibrio.<\/li>\n\n\n\n<li><strong>Cuestiones ambientales:<\/strong> Aunque es uno de los tipos de gas m\u00e1s limpios, el GLP tambi\u00e9n se produce procesando petr\u00f3leo crudo. El petr\u00f3leo crudo es un combustible f\u00f3sil natural y se puede encontrar bajo tierra. Para extraer, las empresas deben perforar el suelo, lo que genera impactos ambientales adversos. Algunos de los problemas relacionados con esto son la alteraci\u00f3n de la vida silvestre, el da\u00f1o a la tierra y la generaci\u00f3n de contaminaci\u00f3n. Estas razones se convirtieron en la fuerza impulsora detr\u00e1s de la preferencia por el GLP extra\u00eddo con gas natural. Se determina que es m\u00e1s limpio y menos da\u00f1ino para el medio ambiente.<\/li>\n\n\n\n<li><strong>Preocupaciones de seguridad:<\/strong> Muchos productores est\u00e1n encontrando formas de distribuir GLP m\u00e1s r\u00e1pido y al mismo tiempo rentable. Una de las formas es utilizar una tuber\u00eda subterr\u00e1nea. Sin embargo, ya hay denuncias de explosiones atribuidas a la mala gesti\u00f3n de las tuber\u00edas, que provocaron el incendio.<\/li>\n<\/ul>\n\n\n\n<p><\/p>\n\n\n\n<!DOCTYPE html>\n<html lang=\"en\">\n<head>\n    <meta charset=\"UTF-8\">\n    <meta name=\"viewport\" content=\"width=device-width, initial-scale=1.0\">\n    <title>AI Blog Banner<\/title>\n    <style>\n        * {\n            margin: 0;\n            padding: 0;\n            box-sizing: border-box;\n        }\n\n        .banner {\n            position: relative;\n            width: 100%;\n            height: 350px;\n            overflow: hidden;\n            display: flex;\n            align-items: center;\n            justify-content: center;\n            font-family: 'Arial', sans-serif;\n            border-radius: 25px;\n        }\n\n        .animated-background {\n            position: absolute;\n            top: 0;\n            left: 0;\n            width: 100%;\n            height: 100%;\n            background: linear-gradient(45deg, #003f6b, #2d5a7b, #003f6b, #2d5a7b);\n            background-size: 400% 400%;\n            animation: gradientMove 8s ease-in-out infinite;\n        }\n\n        .ai-pattern {\n            position: absolute;\n            top: 0;\n            left: 0;\n            width: 100%;\n            height: 100%;\n            opacity: 0.1;\n            background-image: \n                radial-gradient(circle at 20% 20%, rgba(255,255,255,0.3) 2px, transparent 2px),\n                radial-gradient(circle at 80% 80%, rgba(255,255,255,0.2) 1px, transparent 1px),\n                radial-gradient(circle at 40% 60%, rgba(255,255,255,0.15) 1.5px, transparent 1.5px),\n                radial-gradient(circle at 60% 20%, rgba(255,255,255,0.25) 1px, transparent 1px),\n                radial-gradient(circle at 80% 40%, rgba(255,255,255,0.2) 2px, transparent 2px);\n            background-size: 100px 100px, 150px 150px, 80px 80px, 120px 120px, 90px 90px;\n            animation: patternFloat 12s linear infinite;\n        }\n\n        .neural-network {\n            position: absolute;\n            top: 0;\n            left: 0;\n            width: 100%;\n            height: 100%;\n            opacity: 0.08;\n        }\n\n        .neural-line {\n            position: absolute;\n            height: 1px;\n            background: linear-gradient(90deg, transparent, rgba(255,255,255,0.5), transparent);\n            animation: neuralPulse 6s ease-in-out infinite;\n        }\n\n        .neural-line:nth-child(1) {\n            top: 30%;\n            left: 0;\n            width: 60%;\n            animation-delay: 0s;\n        }\n\n        .neural-line:nth-child(2) {\n            top: 50%;\n            right: 0;\n            width: 70%;\n            animation-delay: 2s;\n        }\n\n        .neural-line:nth-child(3) {\n            top: 70%;\n            left: 20%;\n            width: 50%;\n            animation-delay: 4s;\n        }\n\n        .content {\n            position: relative;\n            z-index: 10;\n            text-align: center;\n            color: white !important;\n            max-width: 800px;\n            padding: 30px;\n        }\n\n        .content * {\n            color: white !important;\n        }\n\n        .cta-text {\n            font-size: 1.9rem;\n            font-weight: 700;\n            margin-bottom: 15px;\n            color: white !important;\n            background: linear-gradient(90deg, rgba(255,255,255,0.6), rgba(255,255,255,1), rgba(230,230,230,1), rgba(255,255,255,1), rgba(240,240,240,0.8), rgba(255,255,255,0.6));\n            background-size: 200% 100%;\n            -webkit-background-clip: text;\n            -webkit-text-fill-color: transparent;\n            background-clip: text;\n            animation: shineEffect 10s ease-in-out infinite;\n            line-height: 1.3;\n        }\n\n        .cta-subheading {\n            font-size: 1rem;\n            font-weight: 400;\n            margin-bottom: 25px;\n            color: white !important;\n            line-height: 1.6;\n            opacity: 0.95;\n        }\n\n        .cta-button {\n            background: linear-gradient(135deg, #8a6b0f, #bd9013, #d4a519);\n            border: 2px solid #8a6b0f;\n            color: white !important;\n            padding: 18px 40px;\n            font-size: 1.2rem;\n            font-weight: 600;\n            border-radius: 50px;\n            cursor: pointer;\n            transition: all 0.3s ease;\n            text-decoration: none;\n            display: inline-block;\n            position: relative;\n            overflow: hidden;\n        }\n\n        .cta-button::before {\n            content: '';\n            position: absolute;\n            top: 0;\n            left: -100%;\n            width: 100%;\n            height: 100%;\n            background: linear-gradient(90deg, \n                transparent 0%, \n                rgba(255, 255, 255, 0.3) 25%,\n                rgba(255, 255, 255, 0.6) 50%,\n                rgba(255, 255, 255, 0.3) 75%,\n                transparent 100%);\n            animation: shine 3s ease-in-out infinite;\n        }\n\n        .cta-button:hover {\n            transform: translateY(-3px);\n            box-shadow: 0 10px 25px rgba(0,0,0,0.2);\n            border-color: #bd9013;\n            background: linear-gradient(135deg, #bd9013, #d4a519, #e6b61f);\n        }\n\n        .floating-elements {\n            position: absolute;\n            top: 0;\n            left: 0;\n            width: 100%;\n            height: 100%;\n            pointer-events: none;\n        }\n\n        .floating-circle {\n            position: absolute;\n            border-radius: 50%;\n            background: rgba(255,255,255,0.1);\n            animation: float 8s ease-in-out infinite;\n        }\n\n        .floating-circle:nth-child(1) {\n            width: 80px;\n            height: 80px;\n            top: 20%;\n            left: 10%;\n            animation-delay: 0s;\n        }\n\n        .floating-circle:nth-child(2) {\n            width: 60px;\n            height: 60px;\n            top: 60%;\n            right: 15%;\n            animation-delay: 3s;\n        }\n\n        .floating-circle:nth-child(3) {\n            width: 40px;\n            height: 40px;\n            top: 80%;\n            left: 80%;\n            animation-delay: 6s;\n        }\n\n        .floating-circle:nth-child(4) {\n            width: 70px;\n            height: 70px;\n            top: 10%;\n            right: 20%;\n            animation-delay: 1.5s;\n        }\n\n        .floating-circle:nth-child(5) {\n            width: 50px;\n            height: 50px;\n            top: 75%;\n            left: 30%;\n            animation-delay: 4.5s;\n        }\n\n        @keyframes gradientMove {\n            0% { background-position: 0% 50%; }\n            25% { background-position: 100% 50%; }\n            50% { background-position: 100% 100%; }\n            75% { background-position: 0% 100%; }\n            100% { background-position: 0% 50%; }\n        }\n\n        @keyframes patternFloat {\n            0% { transform: translateX(0) translateY(0); }\n            33% { transform: translateX(30px) translateY(-20px); }\n            66% { transform: translateX(-20px) translateY(10px); }\n            100% { transform: translateX(0) translateY(0); }\n        }\n\n        @keyframes neuralPulse {\n            0%, 100% { opacity: 0.08; }\n            50% { opacity: 0.2; }\n        }\n\n        @keyframes shineEffect {\n            0% { background-position: 200% 0; }\n            100% { background-position: -200% 0; }\n        }\n\n        @keyframes shine {\n            0% {\n                left: -100%;\n            }\n            20%, 100% {\n                left: 100%;\n            }\n        }\n\n        @keyframes float {\n            0%, 100% { transform: translateY(0px) rotate(0deg); }\n            33% { transform: translateY(-30px) rotate(120deg); }\n            66% { transform: translateY(15px) rotate(240deg); }\n        }\n\n        @media (max-width: 768px) {\n            .banner {\n                height: 320px;\n                padding: 30px 0;\n            }\n            \n            .content {\n                padding: 40px 20px;\n            }\n            \n            .cta-text {\n                font-size: 1.3rem;\n                margin-bottom: 12px;\n            }\n            \n            .cta-subheading {\n                font-size: 0.85rem;\n                margin-bottom: 20px;\n            }\n            \n            .cta-button {\n                padding: 14px 28px;\n                font-size: 0.95rem;\n            }\n        }\n    <\/style>\n<\/head>\n<body>\n    <div class=\"banner\">\n        <div class=\"animated-background\"><\/div>\n        \n        <div class=\"ai-pattern\"><\/div>\n        \n        <div class=\"neural-network\">\n            <div class=\"neural-line\"><\/div>\n            <div class=\"neural-line\"><\/div>\n            <div class=\"neural-line\"><\/div>\n        <\/div>\n        \n        <div class=\"floating-elements\">\n            <div class=\"floating-circle\"><\/div>\n            <div class=\"floating-circle\"><\/div>\n            <div class=\"floating-circle\"><\/div>\n            <div class=\"floating-circle\"><\/div>\n            <div class=\"floating-circle\"><\/div>\n        <\/div>\n        \n        <div class=\"content\">\n            <div class=\"cta-text\">Ready to explore the insights that drive smarter decisions?<\/div>\n            <div class=\"cta-subheading\">Contact our Research experts today.<\/div>\n            <a href=\"mailto:Research@sisinternational.com\" class=\"cta-button\">Contact us now!<\/a>\n        <\/div>\n    <\/div>\n<\/body>\n<\/html>\n\n\n<h2>Nuestra ubicaci\u00f3n de instalaciones en Nueva York<\/h2>\n<p><!-- \/wp:post-content --> <!-- wp:html --> <iframe loading=\"lazy\" src=\"https:\/\/www.google.com\/maps\/embed?pb=!1m18!1m12!1m3!1d3022.976188376966!2d-73.99130312499956!3d40.740549471389315!2m3!1f0!2f0!3f0!3m2!1i1024!2i768!4f13.1!3m3!1m2!1s0x89c259a15798c731%3A0xd695d09bdd495f25!2s11%20E%2022nd%20St%20FL%202%2C%20New%20York%2C%20NY%2010010%2C%20USA!5e0!3m2!1sen!2spe!4v1726171763526!5m2!1sen!2spe\" width=\"600\" height=\"450\" allowfullscreen=\"allowfullscreen\" data-mce-fragment=\"1\"><\/iframe> <!-- \/wp:html --> <!-- wp:paragraph --><\/p>\n<h3 class=\"wp-block-heading\">11 E 22nd Street, Piso 2, Nueva York, NY 10010 T: +1(212) 505-6805<\/h3>\n<hr \/>\n<h2><span style=\"font-weight: 400;\">Acerca de SIS Internacional<\/span><\/h2>\n<p><a href=\"https:\/\/www.sisinternational.com\/es\/\"><span style=\"font-weight: 400;\">SIS Internacional<\/span><\/a><span style=\"font-weight: 400;\"> ofrece investigaci\u00f3n cuantitativa, cualitativa y estrat\u00e9gica. Proporcionamos datos, herramientas, estrategias, informes y conocimientos para la toma de decisiones. Tambi\u00e9n realizamos entrevistas, encuestas, grupos focales y otros m\u00e9todos y enfoques de investigaci\u00f3n de mercado.<\/span><a href=\"https:\/\/www.sisinternational.com\/es\/sobre-la-investigacion-internacional-de-sis\/contact-sis-international-market-research\/\"><span style=\"font-weight: 400;\"> P\u00f3ngase en contacto con nosotros<\/span><\/a><span style=\"font-weight: 400;\"> para su pr\u00f3ximo proyecto de Investigaci\u00f3n de Mercado.<\/span><\/p>\n<p><!-- wp:heading --><\/p><!-- \/wp:heading -->","protected":false},"excerpt":{"rendered":"<p>Se prev\u00e9 que la demanda de gas licuado de petr\u00f3leo crecer\u00e1 debido a las iniciativas gubernamentales, el control de emisiones y el crecimiento demogr\u00e1fico.<\/p>","protected":false},"author":1,"featured_media":64278,"parent":14514,"menu_order":246,"comment_status":"closed","ping_status":"closed","template":"","meta":{"footnotes":""},"class_list":["post-42341","page","type-page","status-publish","has-post-thumbnail"],"_links":{"self":[{"href":"https:\/\/www.sisinternational.com\/es\/wp-json\/wp\/v2\/pages\/42341","targetHints":{"allow":["GET"]}}],"collection":[{"href":"https:\/\/www.sisinternational.com\/es\/wp-json\/wp\/v2\/pages"}],"about":[{"href":"https:\/\/www.sisinternational.com\/es\/wp-json\/wp\/v2\/types\/page"}],"author":[{"embeddable":true,"href":"https:\/\/www.sisinternational.com\/es\/wp-json\/wp\/v2\/users\/1"}],"replies":[{"embeddable":true,"href":"https:\/\/www.sisinternational.com\/es\/wp-json\/wp\/v2\/comments?post=42341"}],"version-history":[{"count":11,"href":"https:\/\/www.sisinternational.com\/es\/wp-json\/wp\/v2\/pages\/42341\/revisions"}],"predecessor-version":[{"id":80057,"href":"https:\/\/www.sisinternational.com\/es\/wp-json\/wp\/v2\/pages\/42341\/revisions\/80057"}],"up":[{"embeddable":true,"href":"https:\/\/www.sisinternational.com\/es\/wp-json\/wp\/v2\/pages\/14514"}],"wp:featuredmedia":[{"embeddable":true,"href":"https:\/\/www.sisinternational.com\/es\/wp-json\/wp\/v2\/media\/64278"}],"wp:attachment":[{"href":"https:\/\/www.sisinternational.com\/es\/wp-json\/wp\/v2\/media?parent=42341"}],"curies":[{"name":"wp","href":"https:\/\/api.w.org\/{rel}","templated":true}]}}