{"id":42337,"date":"2023-04-12T20:35:49","date_gmt":"2023-04-13T00:35:49","guid":{"rendered":"https:\/\/www.sisinternational.com\/?page_id=42337"},"modified":"2026-01-24T21:08:43","modified_gmt":"2026-01-25T02:08:43","slug":"investigacion-de-mercado-de-queroseno","status":"publish","type":"page","link":"https:\/\/www.sisinternational.com\/es\/pericia\/investigacion-de-mercado-de-queroseno\/","title":{"rendered":"Investigaci\u00f3n de mercado de queroseno"},"content":{"rendered":"<h1 class=\"wp-block-heading\">Investigaci\u00f3n de mercado de queroseno<\/h1>\n\n\n\n<figure class=\"gb-block-image gb-block-image-aecb47ef\"><img loading=\"lazy\" decoding=\"async\" width=\"1456\" height=\"816\" class=\"gb-image gb-image-aecb47ef\" src=\"https:\/\/www.sisinternational.com\/wp-content\/uploads\/2025\/08\/Oil-1.jpg\" alt=\"Investigaci\u00f3n y estrategia de mercado internacional de SIS\" title=\"Oil (1)\" srcset=\"https:\/\/www.sisinternational.com\/wp-content\/uploads\/2025\/08\/Oil-1.jpg 1456w, https:\/\/www.sisinternational.com\/wp-content\/uploads\/2025\/08\/Oil-1-300x168.jpg 300w, https:\/\/www.sisinternational.com\/wp-content\/uploads\/2025\/08\/Oil-1-1024x574.jpg 1024w, https:\/\/www.sisinternational.com\/wp-content\/uploads\/2025\/08\/Oil-1-768x430.jpg 768w, https:\/\/www.sisinternational.com\/wp-content\/uploads\/2025\/08\/Oil-1-18x10.jpg 18w\" sizes=\"auto, (max-width: 1456px) 100vw, 1456px\"><\/figure>\n\n\n\n<p><\/p>\n\n\n\n<hr class=\"wp-block-separator has-alpha-channel-opacity is-style-dots\"\/>\n\n\n\n<p>El queroseno ha encontrado un uso generalizado en diversas industrias, como la aviaci\u00f3n, la calefacci\u00f3n y la agricultura. A medida que la demanda mundial de energ\u00eda sigue aumentando, el mercado del queroseno est\u00e1 preparado para presenciar un crecimiento sustancial en el futuro previsible.<\/p>\n\n\n\n<p>Por lo tanto, para obtener una ventaja competitiva y aprovechar las perspectivas emergentes, los actores e inversores de la industria conf\u00edan cada vez m\u00e1s en la investigaci\u00f3n del mercado de queroseno para mejorar sus decisiones estrat\u00e9gicas.<\/p>\n\n\n\n<p><\/p>\n\n\n\n<div class=\"wp-block-columns has-global-color-9-color has-text-color has-background has-link-color wp-elements-882d8664f678db2bb428317065c99108 is-layout-flex wp-container-core-columns-is-layout-9d6595d7 wp-block-columns-is-layout-flex\" style=\"background-color:#f7f9fa6e\">\n<div class=\"wp-block-column is-layout-flow wp-block-column-is-layout-flow\" style=\"flex-basis:18%\"><\/div>\n\n\n\n<div class=\"wp-block-column is-vertically-aligned-center is-layout-flow wp-block-column-is-layout-flow\" style=\"flex-basis:71.28%\">\n<div class=\"wp-block-rank-math-toc-block aligncenter has-global-color-9-color has-text-color has-link-color wp-elements-c845c5733136c05186b6e3b59bd6bdff\" style=\"font-size:16px\" id=\"rank-math-toc\"><h2><br><strong>t<\/strong>able of Contents<\/h2><nav><ul><li class=\"\"><a href=\"#what-is-kerosene-market-research\">\u00bfQu\u00e9 es la investigaci\u00f3n de mercado de queroseno?<\/a><\/li><li class=\"\"><a href=\"#importance-of-kerosene-market-research\">Importancia de la investigaci\u00f3n de mercado del queroseno<\/a><\/li><li class=\"\"><a href=\"#benefits-of-kerosene-market-research\">Beneficios de la investigaci\u00f3n de mercado de queroseno<\/a><\/li><li class=\"\"><a href=\"#limitations\">Limitaciones<\/a><\/li><li class=\"\"><a href=\"#future-trends\">Futuras tendencias<\/a><\/li><\/ul><\/nav><\/div>\n<\/div>\n<\/div>\n\n\n\n<p><\/p>\n\n\n\n<h2 class=\"wp-block-heading\" id=\"what-is-kerosene-market-research\">\u00bfQu\u00e9 es la investigaci\u00f3n de mercado de queroseno?<\/h2>\n\n\n\n<p>La investigaci\u00f3n de mercado de queroseno consiste en la recopilaci\u00f3n, an\u00e1lisis e interpretaci\u00f3n eficiente de datos e informaci\u00f3n en profundidad sobre la producci\u00f3n, el consumo, la distribuci\u00f3n y la demanda de queroseno. El principal objetivo de este tipo de estudios es brindar informaci\u00f3n valiosa y recomendaciones a empresas e inversionistas que deseen ingresar o expandirse en el mercado del queroseno.<\/p>\n\n\n\n<p>Una comprensi\u00f3n profunda de las tendencias del mercado, el reconocimiento de las perspectivas de crecimiento potencial, la evaluaci\u00f3n del panorama competitivo y la formulaci\u00f3n de estrategias efectivas de marketing y ventas son componentes integrales de una investigaci\u00f3n de mercado exitosa en la industria del queroseno. Estos procesos se centran en la evaluaci\u00f3n de indicadores clave como el tama\u00f1o del mercado y las tendencias de crecimiento, el an\u00e1lisis de la oferta y la demanda, la segmentaci\u00f3n del mercado por aplicaciones y regiones, y la evaluaci\u00f3n del panorama competitivo y las perspectivas futuras, entre otros.<\/p>\n\n\n\n<h2 class=\"wp-block-heading\" id=\"importance-of-kerosene-market-research\">Importancia de la investigaci\u00f3n de mercado del queroseno<\/h2>\n\n\n\n<ul class=\"wp-block-list\">\n<li>In-depth <a href=\"https:\/\/www.sisinternational.com\/es\/pericia\/industrias\/investigacion-de-mercado-de-carne-basada-en-celulas-de-carne-cultivadas\/\" title=\"Investigaci\u00f3n de mercado de carne cultivada (carne a base de c\u00e9lulas)\"  data-wpil-monitor-id=\"3184\">research into the kerosene market<\/a> can equip businesses and investors with the necessary insights to recognize potential expansion opportunities, including new applications, unexplored markets, and evolving consumer demands.<\/li>\n\n\n\n<li>Al realizar una investigaci\u00f3n de mercado de queroseno, las empresas pueden obtener una comprensi\u00f3n profunda de las \u00faltimas tendencias del mercado, incluidos los cambios en la demanda, los precios y las pol\u00edticas regulatorias.<br>Con la ayuda de una investigaci\u00f3n de mercado exhaustiva, las partes interesadas pueden determinar la participaci\u00f3n de mercado de actores destacados, evaluar sus fortalezas y debilidades y discernir sus estrategias. Con esta informaci\u00f3n, las empresas pueden desarrollar estrategias innovadoras de marketing y ventas que les permitan competir eficazmente en el mercado.<\/li>\n\n\n\n<li>Realizar una investigaci\u00f3n de mercado de queroseno ayuda a desarrollar estrategias que realmente resuenan en los clientes objetivo. Al utilizar los datos y los conocimientos proporcionados por esta investigaci\u00f3n, las empresas pueden adaptar sus esfuerzos de marketing y ventas a las necesidades y preferencias espec\u00edficas de su p\u00fablico objetivo, impulsando en \u00faltima instancia el crecimiento y la rentabilidad.<\/li>\n\n\n\n<li>Esta investigaci\u00f3n proporciona a empresas e inversores datos y conocimientos cruciales para facilitar la toma de decisiones informadas sobre inversiones, fusiones y adquisiciones, y otras iniciativas estrat\u00e9gicas. Este enfoque permite a las empresas mitigar los riesgos potenciales y al mismo tiempo optimizar sus retornos, mejorando as\u00ed su ventaja competitiva en el mercado din\u00e1mico.<\/li>\n<\/ul>\n\n\n\n<h2 class=\"wp-block-heading\" id=\"benefits-of-kerosene-market-research\">Beneficios de la investigaci\u00f3n de mercado de queroseno<\/h2>\n\n\n\n<figure class=\"gb-block-image gb-block-image-941c3dd2\"><img loading=\"lazy\" decoding=\"async\" width=\"1456\" height=\"816\" class=\"gb-image gb-image-941c3dd2\" src=\"https:\/\/www.sisinternational.com\/wp-content\/uploads\/2025\/08\/Gas-station-5.jpg\" alt=\"Investigaci\u00f3n y estrategia de mercado internacional de SIS\" title=\"Gas station (5)\" srcset=\"https:\/\/www.sisinternational.com\/wp-content\/uploads\/2025\/08\/Gas-station-5.jpg 1456w, https:\/\/www.sisinternational.com\/wp-content\/uploads\/2025\/08\/Gas-station-5-300x168.jpg 300w, https:\/\/www.sisinternational.com\/wp-content\/uploads\/2025\/08\/Gas-station-5-1024x574.jpg 1024w, https:\/\/www.sisinternational.com\/wp-content\/uploads\/2025\/08\/Gas-station-5-768x430.jpg 768w, https:\/\/www.sisinternational.com\/wp-content\/uploads\/2025\/08\/Gas-station-5-18x10.jpg 18w\" sizes=\"auto, (max-width: 1456px) 100vw, 1456px\"><\/figure>\n\n\n\n<p><\/p>\n\n\n\n<p>Realizar una investigaci\u00f3n de mercado de queroseno presenta una multitud de ventajas para las empresas y las partes interesadas, que abarcan, entre otras:<\/p>\n\n\n\n<ul class=\"wp-block-list\">\n<li><strong>Toma de decisiones efectiva:<\/strong> Al aprovechar los datos de mercado m\u00e1s recientes y los conocimientos proporcionados por la investigaci\u00f3n del mercado de queroseno, las partes interesadas pueden tomar decisiones informadas que minimicen los riesgos y optimicen el rendimiento de sus inversiones. Esta toma de decisiones informada es esencial para mantener una ventaja competitiva en la industria y es un sello distintivo de empresas e inversores exitosos.<\/li>\n\n\n\n<li><strong>Identificaci\u00f3n de \u00e1reas novedosas y potenciales de crecimiento:<\/strong> Esta valiosa informaci\u00f3n presenta a las empresas oportunidades para mejorar su alcance en el mercado, aumentar sus flujos de ingresos y mantener su ventaja competitiva.<\/li>\n\n\n\n<li><strong>Obtenga una comprensi\u00f3n m\u00e1s matizada de las tendencias predominantes del mercado:<\/strong> Con la investigaci\u00f3n de mercado de queroseno, las organizaciones pueden comprender mejor los cambios en la demanda, la din\u00e1mica de precios y los marcos regulatorios. Esta valiosa inteligencia permite a las empresas y a los inversores ajustar proactivamente sus estrategias y mantenerse \u00e1giles frente a la din\u00e1mica cambiante del mercado, mejorando su competitividad y reforzando sus resultados.<\/li>\n\n\n\n<li><strong>Desarrollar estrategias efectivas de marketing y ventas para competir en la industria:<\/strong> Al realizar un an\u00e1lisis competitivo exhaustivo, las empresas pueden obtener informaci\u00f3n valiosa sobre la participaci\u00f3n de mercado, las fortalezas, debilidades y estrategias de los actores clave. Esta informaci\u00f3n les permite perfeccionar su enfoque operativo y elevar su ventaja competitiva en el mercado.<\/li>\n\n\n\n<li><strong>Obtenga informaci\u00f3n valiosa sobre las preferencias, los comportamientos de compra y la din\u00e1mica de toma de decisiones de sus clientes:<\/strong> Con este conocimiento, las empresas pueden adaptar sus t\u00e9cnicas de marketing y ventas para satisfacer las necesidades y preferencias espec\u00edficas de su p\u00fablico objetivo, maximizando as\u00ed su potencial comercial.<\/li>\n\n\n\n<li><strong>Comprender el panorama regulatorio:<\/strong> Una investigaci\u00f3n exhaustiva del mercado de queroseno puede ofrecer informaci\u00f3n valiosa sobre las obligaciones regulatorias y legales relacionadas con la producci\u00f3n, distribuci\u00f3n y uso de queroseno.<\/li>\n<\/ul>\n\n\n\n<h2 class=\"wp-block-heading\" id=\"limitations\">Limitaciones<\/h2>\n\n\n\n<ul class=\"wp-block-list\">\n<li>El alcance de la investigaci\u00f3n de mercado del queroseno puede verse limitado por la escasa disponibilidad de datos, particularmente en regiones con mercados menos maduros. Esto puede dar lugar a datos incompletos o inexactos, lo que dificulta sacar conclusiones fiables.<\/li>\n\n\n\n<li>El uso de datos hist\u00f3ricos es una pr\u00e1ctica com\u00fanmente empleada en la investigaci\u00f3n de mercado de queroseno para pronosticar tendencias futuras. Sin embargo, en mercados que evolucionan r\u00e1pidamente, los datos hist\u00f3ricos no siempre sirven para predecir de manera confiable las tendencias futuras.<\/li>\n\n\n\n<li>La tarea de pronosticar la demanda de queroseno plantea desaf\u00edos inevitables debido a su susceptibilidad a m\u00faltiples variables como las fluctuaciones econ\u00f3micas y la inestabilidad geopol\u00edtica. Factores como las alteraciones de las pol\u00edticas gubernamentales, los desastres naturales y las circunstancias econ\u00f3micas globales pueden plantear desaf\u00edos importantes a la hora de predecir con precisi\u00f3n las tendencias del mercado y tomar decisiones informadas.<\/li>\n<\/ul>\n\n\n\n<p><\/p>\n\n\n\n<!DOCTYPE html>\n<html lang=\"en\">\n<head>\n    <meta charset=\"UTF-8\">\n    <meta name=\"viewport\" content=\"width=device-width, initial-scale=1.0\">\n    <title>AI Blog Banner<\/title>\n    <style>\n        * {\n            margin: 0;\n            padding: 0;\n            box-sizing: border-box;\n        }\n\n        .banner {\n            position: relative;\n            width: 100%;\n            height: 350px;\n            overflow: hidden;\n            display: flex;\n            align-items: center;\n            justify-content: center;\n            font-family: 'Arial', sans-serif;\n            border-radius: 25px;\n        }\n\n        .animated-background {\n            position: absolute;\n            top: 0;\n            left: 0;\n            width: 100%;\n            height: 100%;\n            background: linear-gradient(45deg, #003f6b, #2d5a7b, #003f6b, #2d5a7b);\n            background-size: 400% 400%;\n            animation: gradientMove 8s ease-in-out infinite;\n        }\n\n        .ai-pattern {\n            position: absolute;\n            top: 0;\n            left: 0;\n            width: 100%;\n            height: 100%;\n            opacity: 0.1;\n            background-image: \n                radial-gradient(circle at 20% 20%, rgba(255,255,255,0.3) 2px, transparent 2px),\n                radial-gradient(circle at 80% 80%, rgba(255,255,255,0.2) 1px, transparent 1px),\n                radial-gradient(circle at 40% 60%, rgba(255,255,255,0.15) 1.5px, transparent 1.5px),\n                radial-gradient(circle at 60% 20%, rgba(255,255,255,0.25) 1px, transparent 1px),\n                radial-gradient(circle at 80% 40%, rgba(255,255,255,0.2) 2px, transparent 2px);\n            background-size: 100px 100px, 150px 150px, 80px 80px, 120px 120px, 90px 90px;\n            animation: patternFloat 12s linear infinite;\n        }\n\n        .neural-network {\n            position: absolute;\n            top: 0;\n            left: 0;\n            width: 100%;\n            height: 100%;\n            opacity: 0.08;\n        }\n\n        .neural-line {\n            position: absolute;\n            height: 1px;\n            background: linear-gradient(90deg, transparent, rgba(255,255,255,0.5), transparent);\n            animation: neuralPulse 6s ease-in-out infinite;\n        }\n\n        .neural-line:nth-child(1) {\n            top: 30%;\n            left: 0;\n            width: 60%;\n            animation-delay: 0s;\n        }\n\n        .neural-line:nth-child(2) {\n            top: 50%;\n            right: 0;\n            width: 70%;\n            animation-delay: 2s;\n        }\n\n        .neural-line:nth-child(3) {\n            top: 70%;\n            left: 20%;\n            width: 50%;\n            animation-delay: 4s;\n        }\n\n        .content {\n            position: relative;\n            z-index: 10;\n            text-align: center;\n            color: white !important;\n            max-width: 800px;\n            padding: 30px;\n        }\n\n        .content * {\n            color: white !important;\n        }\n\n        .cta-text {\n            font-size: 1.9rem;\n            font-weight: 700;\n            margin-bottom: 15px;\n            color: white !important;\n            background: linear-gradient(90deg, rgba(255,255,255,0.6), rgba(255,255,255,1), rgba(230,230,230,1), rgba(255,255,255,1), rgba(240,240,240,0.8), rgba(255,255,255,0.6));\n            background-size: 200% 100%;\n            -webkit-background-clip: text;\n            -webkit-text-fill-color: transparent;\n            background-clip: text;\n            animation: shineEffect 10s ease-in-out infinite;\n            line-height: 1.3;\n        }\n\n        .cta-subheading {\n            font-size: 1rem;\n            font-weight: 400;\n            margin-bottom: 25px;\n            color: white !important;\n            line-height: 1.6;\n            opacity: 0.95;\n        }\n\n        .cta-button {\n            background: linear-gradient(135deg, #8a6b0f, #bd9013, #d4a519);\n            border: 2px solid #8a6b0f;\n            color: white !important;\n            padding: 18px 40px;\n            font-size: 1.2rem;\n            font-weight: 600;\n            border-radius: 50px;\n            cursor: pointer;\n            transition: all 0.3s ease;\n            text-decoration: none;\n            display: inline-block;\n            position: relative;\n            overflow: hidden;\n        }\n\n        .cta-button::before {\n            content: '';\n            position: absolute;\n            top: 0;\n            left: -100%;\n            width: 100%;\n            height: 100%;\n            background: linear-gradient(90deg, \n                transparent 0%, \n                rgba(255, 255, 255, 0.3) 25%,\n                rgba(255, 255, 255, 0.6) 50%,\n                rgba(255, 255, 255, 0.3) 75%,\n                transparent 100%);\n            animation: shine 3s ease-in-out infinite;\n        }\n\n        .cta-button:hover {\n            transform: translateY(-3px);\n            box-shadow: 0 10px 25px rgba(0,0,0,0.2);\n            border-color: #bd9013;\n            background: linear-gradient(135deg, #bd9013, #d4a519, #e6b61f);\n        }\n\n        .floating-elements {\n            position: absolute;\n            top: 0;\n            left: 0;\n            width: 100%;\n            height: 100%;\n            pointer-events: none;\n        }\n\n        .floating-circle {\n            position: absolute;\n            border-radius: 50%;\n            background: rgba(255,255,255,0.1);\n            animation: float 8s ease-in-out infinite;\n        }\n\n        .floating-circle:nth-child(1) {\n            width: 80px;\n            height: 80px;\n            top: 20%;\n            left: 10%;\n            animation-delay: 0s;\n        }\n\n        .floating-circle:nth-child(2) {\n            width: 60px;\n            height: 60px;\n            top: 60%;\n            right: 15%;\n            animation-delay: 3s;\n        }\n\n        .floating-circle:nth-child(3) {\n            width: 40px;\n            height: 40px;\n            top: 80%;\n            left: 80%;\n            animation-delay: 6s;\n        }\n\n        .floating-circle:nth-child(4) {\n            width: 70px;\n            height: 70px;\n            top: 10%;\n            right: 20%;\n            animation-delay: 1.5s;\n        }\n\n        .floating-circle:nth-child(5) {\n            width: 50px;\n            height: 50px;\n            top: 75%;\n            left: 30%;\n            animation-delay: 4.5s;\n        }\n\n        @keyframes gradientMove {\n            0% { background-position: 0% 50%; }\n            25% { background-position: 100% 50%; }\n            50% { background-position: 100% 100%; }\n            75% { background-position: 0% 100%; }\n            100% { background-position: 0% 50%; }\n        }\n\n        @keyframes patternFloat {\n            0% { transform: translateX(0) translateY(0); }\n            33% { transform: translateX(30px) translateY(-20px); }\n            66% { transform: translateX(-20px) translateY(10px); }\n            100% { transform: translateX(0) translateY(0); }\n        }\n\n        @keyframes neuralPulse {\n            0%, 100% { opacity: 0.08; }\n            50% { opacity: 0.2; }\n        }\n\n        @keyframes shineEffect {\n            0% { background-position: 200% 0; }\n            100% { background-position: -200% 0; }\n        }\n\n        @keyframes shine {\n            0% {\n                left: -100%;\n            }\n            20%, 100% {\n                left: 100%;\n            }\n        }\n\n        @keyframes float {\n            0%, 100% { transform: translateY(0px) rotate(0deg); }\n            33% { transform: translateY(-30px) rotate(120deg); }\n            66% { transform: translateY(15px) rotate(240deg); }\n        }\n\n        @media (max-width: 768px) {\n            .banner {\n                height: 320px;\n                padding: 30px 0;\n            }\n            \n            .content {\n                padding: 40px 20px;\n            }\n            \n            .cta-text {\n                font-size: 1.3rem;\n                margin-bottom: 12px;\n            }\n            \n            .cta-subheading {\n                font-size: 0.85rem;\n                margin-bottom: 20px;\n            }\n            \n            .cta-button {\n                padding: 14px 28px;\n                font-size: 0.95rem;\n            }\n        }\n    <\/style>\n<\/head>\n<body>\n    <div class=\"banner\">\n        <div class=\"animated-background\"><\/div>\n        \n        <div class=\"ai-pattern\"><\/div>\n        \n        <div class=\"neural-network\">\n            <div class=\"neural-line\"><\/div>\n            <div class=\"neural-line\"><\/div>\n            <div class=\"neural-line\"><\/div>\n        <\/div>\n        \n        <div class=\"floating-elements\">\n            <div class=\"floating-circle\"><\/div>\n            <div class=\"floating-circle\"><\/div>\n            <div class=\"floating-circle\"><\/div>\n            <div class=\"floating-circle\"><\/div>\n            <div class=\"floating-circle\"><\/div>\n        <\/div>\n        \n        <div class=\"content\">\n            <div class=\"cta-text\">Ready to explore the insights that drive smarter decisions?<\/div>\n            <div class=\"cta-subheading\">Contact our Research experts today.<\/div>\n            <a href=\"mailto:Research@sisinternational.com\" class=\"cta-button\">Contact us now!<\/a>\n        <\/div>\n    <\/div>\n<\/body>\n<\/html>\n\n\n\n<p><\/p>\n\n\n\n<h2 class=\"wp-block-heading\" id=\"future-trends\">Futuras tendencias<\/h2>\n\n\n\n<ul class=\"wp-block-list\">\n<li>Los r\u00e1pidos avances en la tecnolog\u00eda de producci\u00f3n de queroseno est\u00e1n a punto de marcar el comienzo de una nueva era de mayor eficiencia operativa y rentabilidad. Se espera que estos avances conduzcan al desarrollo de procesos racionalizados de producci\u00f3n de queroseno, lo que inevitablemente dar\u00e1 como resultado una reducci\u00f3n significativa de los precios y un aumento sin precedentes de la disponibilidad.<\/li>\n\n\n\n<li>Las econom\u00edas en auge de Asia-Pac\u00edfico y \u00c1frica est\u00e1n impulsando un aumento en la demanda de viajes a\u00e9reos y, por lo tanto, de queroseno. Se espera que el mercado de queroseno siga creciendo en los mercados emergentes, impulsado por estos factores y la trayectoria ascendente del crecimiento econ\u00f3mico en estas regiones.<\/li>\n\n\n\n<li>El mercado del queroseno se ver\u00e1 significativamente afectado por las pr\u00f3ximas modificaciones regulatorias. Se anticipa que las regulaciones gubernamentales asumir\u00e1n un papel fundamental en el impulso de estos cambios, particularmente con respecto a la evoluci\u00f3n de las regulaciones ambientales y las posibles modificaciones a los impuestos al consumo de queroseno.<\/li>\n\n\n\n<li>La tendencia actual en el mercado del queroseno indica un cambio hacia la digitalizaci\u00f3n, en la que se espera que las tecnolog\u00edas digitales asuman un papel m\u00e1s importante. Centr\u00e1ndose en la toma de decisiones informadas, las empresas y los inversores est\u00e1n aprovechando herramientas digitales avanzadas, como el an\u00e1lisis de datos, para analizar las tendencias del mercado y obtener informaci\u00f3n valiosa. Este cambio hacia la digitalizaci\u00f3n en el mercado del queroseno subraya la creciente importancia de aprovechar los avances tecnol\u00f3gicos para mantenerse por delante de la competencia e impulsar el crecimiento empresarial.<\/li>\n<\/ul>\n\n\n\n<p>SIS International ofrece investigaci\u00f3n cuantitativa, cualitativa y estrat\u00e9gica. Proporcionamos datos, herramientas, estrategias, informes y insights para la toma de decisiones. Realizamos entrevistas, encuestas, grupos focales y muchos otros m\u00e9todos y enfoques de investigaci\u00f3n de mercado. Cont\u00e1ctenos para su pr\u00f3ximo proyecto de Investigaci\u00f3n de Mercado.<\/p>\n\n\n<h2>Nuestra ubicaci\u00f3n de instalaciones en Nueva York<\/h2>\n<p><!-- \/wp:post-content --> <!-- wp:html --> <iframe loading=\"lazy\" src=\"https:\/\/www.google.com\/maps\/embed?pb=!1m18!1m12!1m3!1d3022.976188376966!2d-73.99130312499956!3d40.740549471389315!2m3!1f0!2f0!3f0!3m2!1i1024!2i768!4f13.1!3m3!1m2!1s0x89c259a15798c731%3A0xd695d09bdd495f25!2s11%20E%2022nd%20St%20FL%202%2C%20New%20York%2C%20NY%2010010%2C%20USA!5e0!3m2!1sen!2spe!4v1726171763526!5m2!1sen!2spe\" width=\"600\" height=\"450\" allowfullscreen=\"allowfullscreen\" data-mce-fragment=\"1\"><\/iframe> <!-- \/wp:html --> <!-- wp:paragraph --><\/p>\n<h3 class=\"wp-block-heading\">11 E 22nd Street, Piso 2, Nueva York, NY 10010 T: +1(212) 505-6805<\/h3>\n<hr \/>\n<h2><span style=\"font-weight: 400;\">Acerca de SIS Internacional<\/span><\/h2>\n<p><a href=\"https:\/\/www.sisinternational.com\/es\/\"><span style=\"font-weight: 400;\">SIS Internacional<\/span><\/a><span style=\"font-weight: 400;\"> ofrece investigaci\u00f3n cuantitativa, cualitativa y estrat\u00e9gica. Proporcionamos datos, herramientas, estrategias, informes y conocimientos para la toma de decisiones. Tambi\u00e9n realizamos entrevistas, encuestas, grupos focales y otros m\u00e9todos y enfoques de investigaci\u00f3n de mercado.<\/span><a href=\"https:\/\/www.sisinternational.com\/es\/sobre-la-investigacion-internacional-de-sis\/contact-sis-international-market-research\/\"><span style=\"font-weight: 400;\"> P\u00f3ngase en contacto con nosotros<\/span><\/a><span style=\"font-weight: 400;\"> para su pr\u00f3ximo proyecto de Investigaci\u00f3n de Mercado.<\/span><\/p>","protected":false},"excerpt":{"rendered":"<p>A medida que la demanda mundial de energ\u00eda sigue aumentando, el mercado del queroseno est\u00e1 preparado para presenciar un crecimiento sustancial en el futuro previsible.<\/p>","protected":false},"author":1,"featured_media":63379,"parent":14514,"menu_order":245,"comment_status":"closed","ping_status":"closed","template":"","meta":{"footnotes":""},"class_list":["post-42337","page","type-page","status-publish","has-post-thumbnail"],"_links":{"self":[{"href":"https:\/\/www.sisinternational.com\/es\/wp-json\/wp\/v2\/pages\/42337","targetHints":{"allow":["GET"]}}],"collection":[{"href":"https:\/\/www.sisinternational.com\/es\/wp-json\/wp\/v2\/pages"}],"about":[{"href":"https:\/\/www.sisinternational.com\/es\/wp-json\/wp\/v2\/types\/page"}],"author":[{"embeddable":true,"href":"https:\/\/www.sisinternational.com\/es\/wp-json\/wp\/v2\/users\/1"}],"replies":[{"embeddable":true,"href":"https:\/\/www.sisinternational.com\/es\/wp-json\/wp\/v2\/comments?post=42337"}],"version-history":[{"count":9,"href":"https:\/\/www.sisinternational.com\/es\/wp-json\/wp\/v2\/pages\/42337\/revisions"}],"predecessor-version":[{"id":77473,"href":"https:\/\/www.sisinternational.com\/es\/wp-json\/wp\/v2\/pages\/42337\/revisions\/77473"}],"up":[{"embeddable":true,"href":"https:\/\/www.sisinternational.com\/es\/wp-json\/wp\/v2\/pages\/14514"}],"wp:featuredmedia":[{"embeddable":true,"href":"https:\/\/www.sisinternational.com\/es\/wp-json\/wp\/v2\/media\/63379"}],"wp:attachment":[{"href":"https:\/\/www.sisinternational.com\/es\/wp-json\/wp\/v2\/media?parent=42337"}],"curies":[{"name":"wp","href":"https:\/\/api.w.org\/{rel}","templated":true}]}}