{"id":42328,"date":"2023-04-12T17:26:15","date_gmt":"2023-04-12T21:26:15","guid":{"rendered":"https:\/\/www.sisinternational.com\/?page_id=42328"},"modified":"2026-03-12T13:27:35","modified_gmt":"2026-03-12T17:27:35","slug":"investigacion-de-mercado-de-bebidas-y-alimentos-saludables","status":"publish","type":"page","link":"https:\/\/www.sisinternational.com\/es\/soluciones\/investigacion-de-mercado-de-la-industria-de-alimentos-y-bebidas\/investigacion-de-mercado-de-bebidas-y-alimentos-saludables\/","title":{"rendered":"Investigaci\u00f3n de mercado de alimentos y bebidas saludables"},"content":{"rendered":"<h1 class=\"wp-block-heading\">Investigaci\u00f3n de mercado de alimentos y bebidas saludables<\/h1>\n\n\n\n<figure class=\"gb-block-image gb-block-image-b77c985c\"><img loading=\"lazy\" decoding=\"async\" width=\"1456\" height=\"816\" class=\"gb-image gb-image-b77c985c\" src=\"https:\/\/www.sisinternational.com\/wp-content\/uploads\/2025\/08\/Mexican-food-lunch-11.jpg\" alt=\"Investigaci\u00f3n y estrategia de mercado internacional de SIS\" title=\"Mexican food lunch (11)\" srcset=\"https:\/\/www.sisinternational.com\/wp-content\/uploads\/2025\/08\/Mexican-food-lunch-11.jpg 1456w, https:\/\/www.sisinternational.com\/wp-content\/uploads\/2025\/08\/Mexican-food-lunch-11-300x168.jpg 300w, https:\/\/www.sisinternational.com\/wp-content\/uploads\/2025\/08\/Mexican-food-lunch-11-1024x574.jpg 1024w, https:\/\/www.sisinternational.com\/wp-content\/uploads\/2025\/08\/Mexican-food-lunch-11-768x430.jpg 768w, https:\/\/www.sisinternational.com\/wp-content\/uploads\/2025\/08\/Mexican-food-lunch-11-18x10.jpg 18w\" sizes=\"auto, (max-width: 1456px) 100vw, 1456px\"><\/figure>\n\n\n\n<p><\/p>\n\n\n\n<p>La investigaci\u00f3n de mercado de alimentos y bebidas saludables se puede entender mejor si se comprende la ciencia de los alimentos saludables. La comida saludable es m\u00e1s que una simple palabra de moda o una tendencia: ahora se est\u00e1 convirtiendo en un estilo de vida. A medida que uno aprende m\u00e1s sobre la nutrici\u00f3n y su impacto en nuestra salud, muchos descubren lo importante que es tomar decisiones informadas sobre qu\u00e9 comer.<\/p>\n\n\n\n<h2 class=\"wp-block-heading\">A continuaci\u00f3n se presentan algunos factores clave que conforman la ciencia de la alimentaci\u00f3n saludable.<\/h2>\n\n\n\n<ul class=\"wp-block-list\">\n<li><strong>Macronutrientes:<\/strong> las prote\u00ednas, los carbohidratos y las grasas que constituyen la mayor parte de nuestra dieta. Estos nutrientes proporcionan la energ\u00eda que necesitamos para funcionar, pero no todas las fuentes son iguales. Por ejemplo, las fuentes de prote\u00ednas de origen vegetal suelen tener menos grasas saturadas y un alto contenido de fibra que las fuentes de origen animal, lo que las convierte en una opci\u00f3n m\u00e1s saludable en general.<\/li>\n\n\n\n<li><strong>Micronutrientes:<\/strong> las vitaminas y minerales que nuestro cuerpo necesita en menores cantidades. Estos nutrientes son esenciales para todo, desde la salud \u00f3sea hasta la funci\u00f3n inmunol\u00f3gica, y obtener una cantidad suficiente es fundamental para mantener una buena salud. Las frutas y verduras son excelentes fuentes de micronutrientes, lo que las convierte en una parte esencial de una dieta saludable.<\/li>\n\n\n\n<li><strong>Densidad de nutrientes:<\/strong> esto se refiere a cu\u00e1ntos nutrientes contiene un alimento en relaci\u00f3n con su contenido cal\u00f3rico. Por ejemplo, una taza de espinacas contiene muchos m\u00e1s nutrientes que una taza de refresco, aunque puedan tener cantidades similares de calor\u00edas. Al elegir alimentos ricos en nutrientes, podemos obtener m\u00e1s nutrientes de nuestra dieta sin sobrecargarnos de calor\u00edas.<\/li>\n\n\n\n<li><strong>Equilibrio y moderaci\u00f3n:<\/strong> Si bien es importante elegir alimentos saludables, tambi\u00e9n es importante evitar ser demasiado restrictivos o privarnos de los alimentos que disfrutamos. Una dieta saludable es aquella que proporciona todos los nutrientes que necesitamos y al mismo tiempo nos permite disfrutar de nuestras delicias favoritas con moderaci\u00f3n.<\/li>\n<\/ul>\n\n\n\n<h2 class=\"wp-block-heading\">Productos alimenticios saludables<\/h2>\n\n\n\n<p>Healthy food and <a class=\"wpil_keyword_link\" href=\"https:\/\/www.sisinternational.com\/es\/pericia\/industrias\/investigacion-de-mercado-de-bebidas\/\"   title=\"Investigaci\u00f3n de mercado de bebidas\" data-wpil-keyword-link=\"linked\"  data-wpil-monitor-id=\"699\">investigaci\u00f3n de mercado de bebidas<\/a> covers a wide-range of products including the following:<\/p>\n\n\n\n<ul class=\"wp-block-list\">\n<li><strong>Frutas y vegetales:<\/strong> Los productos frescos y congelados, as\u00ed como las frutas y verduras enlatadas y secas, forman parte de la industria de alimentos saludables.<\/li>\n\n\n\n<li><strong>Cereales integrales:<\/strong> Esto incluye productos como pan integral, arroz integral, quinua y avena.<\/li>\n\n\n\n<li><strong>Prote\u00ednas magras:<\/strong> Alimentos como el pollo, el pescado, el tofu y los frijoles son buenas fuentes de prote\u00ednas con bajo contenido de grasas saturadas.<\/li>\n\n\n\n<li><strong>Nueces y semillas:<\/strong> Estos proporcionan grasas, prote\u00ednas y fibra saludables y se pueden comer solos o agregarlos a platos como ensaladas y avena.<\/li>\n\n\n\n<li><strong>Alternativas l\u00e1cteas:<\/strong> La leche vegetal, el yogur y el queso elaborados a partir de fuentes como soja, almendras o coco son populares en la industria de alimentos saludables.<\/li>\n\n\n\n<li><strong>Alternativas a la carne de origen vegetal:<\/strong> Productos como hamburguesas vegetarianas, salchichas sin carne y tofu se est\u00e1n volviendo m\u00e1s comunes a medida que la gente busca formas de reducir su consumo de carne.<\/li>\n\n\n\n<li><strong>Superalimentos:<\/strong> Estos son alimentos ricos en nutrientes como la col rizada, los ar\u00e1ndanos y el salm\u00f3n que se cree que brindan una variedad de beneficios para la salud.<\/li>\n\n\n\n<li><strong>Meriendas saludables:<\/strong> Opciones como fruta fresca, palitos de verduras con hummus y palomitas de ma\u00edz infladas son populares en la industria de alimentos saludables.<\/li>\n\n\n\n<li><strong>Alimentos org\u00e1nicos y naturales:<\/strong> Estos productos se cultivan sin el uso de fertilizantes sint\u00e9ticos y, a menudo, se consideran m\u00e1s saludables y respetuosos con el medio ambiente.<\/li>\n<\/ul>\n\n\n\n<h2 class=\"wp-block-heading\">Beneficios de realizar una investigaci\u00f3n de mercado de alimentos y bebidas saludables<\/h2>\n\n\n\n<figure class=\"gb-block-image gb-block-image-386cfe7e\"><img loading=\"lazy\" decoding=\"async\" width=\"1456\" height=\"816\" class=\"gb-image gb-image-386cfe7e\" src=\"https:\/\/www.sisinternational.com\/wp-content\/uploads\/2025\/08\/Organic-food-4.jpg\" alt=\"Investigaci\u00f3n y estrategia de mercado internacional de SIS\" title=\"Organic food (4)\" srcset=\"https:\/\/www.sisinternational.com\/wp-content\/uploads\/2025\/08\/Organic-food-4.jpg 1456w, https:\/\/www.sisinternational.com\/wp-content\/uploads\/2025\/08\/Organic-food-4-300x168.jpg 300w, https:\/\/www.sisinternational.com\/wp-content\/uploads\/2025\/08\/Organic-food-4-1024x574.jpg 1024w, https:\/\/www.sisinternational.com\/wp-content\/uploads\/2025\/08\/Organic-food-4-768x430.jpg 768w, https:\/\/www.sisinternational.com\/wp-content\/uploads\/2025\/08\/Organic-food-4-18x10.jpg 18w\" sizes=\"auto, (max-width: 1456px) 100vw, 1456px\"><\/figure>\n\n\n\n<p><\/p>\n\n\n\n<p>Healthy food and <a href=\"https:\/\/www.sisinternational.com\/es\/soluciones\/investigacion-de-mercado-de-la-industria-de-alimentos-y-bebidas\/\" title=\"Estudio de mercado de la industria alimentaria y de bebidas\"  data-wpil-monitor-id=\"3648\">investigaci\u00f3n de mercado de bebidas<\/a> is a powerful tool for businesses that want to thrive in the industry. By conducting regular market research businesses or major key players in the industry can gain the following benefits:<\/p>\n\n\n\n<ol class=\"wp-block-list\">\n<li>Healthy <a href=\"https:\/\/www.sisinternational.com\/es\/pericia\/industrias\/cena-comida-bebida-investigacion-de-mercado\/\" title=\"Investigaci\u00f3n de mercado de alimentos y bebidas para la cena\"  data-wpil-monitor-id=\"7168\">food and beverage market research<\/a> provides insights that are vital for businesses looking to gain a competitive advantage and achieve long-term success.<\/li>\n\n\n\n<li>La investigaci\u00f3n de mercado de alimentos y bebidas saludables puede ayudar a las empresas a mantenerse actualizadas con los cambios en su industria. Esta informaci\u00f3n se puede utilizar para identificar nuevas oportunidades y mantenerse por delante de la competencia.<\/li>\n\n\n\n<li>Los datos y las estrategias de la investigaci\u00f3n de mercado de alimentos y bebidas saludables pueden ayudar a las empresas a identificar y segmentar sus mercados objetivo en funci\u00f3n de factores como la demograf\u00eda y el comportamiento para que puedan adaptar sus esfuerzos de marketing y ventas para lograr el m\u00e1ximo impacto.<\/li>\n\n\n\n<li>La investigaci\u00f3n de mercado puede ayudar a las empresas a identificar socios y colaboradores potenciales, as\u00ed como a incluir la identificaci\u00f3n de productos o servicios complementarios que puedan ayudar a ampliar el alcance del mercado y aumentar los ingresos.<\/li>\n\n\n\n<li>La investigaci\u00f3n de mercado proporciona informaci\u00f3n sobre el conocimiento de la marca e identifica oportunidades para aumentar la visibilidad de la marca y aprovechar las redes sociales u otras iniciativas que impulsen el reconocimiento de la marca.<\/li>\n<\/ol>\n\n\n\n<h2 class=\"wp-block-heading\">Impulsores de la investigaci\u00f3n de mercado de alimentos y bebidas saludables<\/h2>\n\n\n\n<h3 class=\"wp-block-heading\">El mercado de alimentos saludables se ve afectado por una variedad de factores, que incluyen:<\/h3>\n\n\n\n<ul class=\"wp-block-list\">\n<li><strong>Tendencias de salud y bienestar: <\/strong>A medida que las personas se interesan m\u00e1s por la salud y el bienestar, existe una demanda creciente de opciones alimentarias m\u00e1s saludables. Los consumidores buscan alimentos con bajo contenido de az\u00facar, sal y grasas no saludables, y buscan alimentos integrales, dietas basadas en plantas y productos naturales u org\u00e1nicos.<\/li>\n\n\n\n<li><strong>Pol\u00edticas y regulaciones: <\/strong>Los organismos reguladores de todo el mundo est\u00e1n introduciendo regulaciones para promover una alimentaci\u00f3n m\u00e1s saludable, como requisitos de etiquetado nutricional, impuestos a las bebidas azucaradas y restricciones a la comercializaci\u00f3n de alimentos no saludables para los ni\u00f1os.<\/li>\n\n\n\n<li><strong>Preocupaciones ambientales: <\/strong>A medida que m\u00e1s personas toman conciencia del impacto de la producci\u00f3n de alimentos en el medio ambiente, existe una demanda creciente de opciones alimentarias sostenibles y \u00e9ticas. Esto incluye alimentos que se producen utilizando pr\u00e1cticas respetuosas con el medio ambiente, as\u00ed como aquellos que se producen de manera que promuevan el bienestar animal.<\/li>\n\n\n\n<li><strong>Innovaci\u00f3n y Tecnolog\u00eda: <\/strong>Las nuevas tecnolog\u00edas est\u00e1n cambiando la forma en que se producen, procesan y distribuyen los alimentos. Esto incluye el desarrollo de alternativas c\u00e1rnicas de origen vegetal, agricultura vertical y nuevos modelos de entrega de alimentos.<\/li>\n<\/ul>\n\n\n\n<h2 class=\"wp-block-heading\">Principales m\u00e9todos utilizados en la investigaci\u00f3n de mercado de alimentos y bebidas saludables<\/h2>\n\n\n\n<figure class=\"gb-block-image gb-block-image-08a05182\"><img loading=\"lazy\" decoding=\"async\" width=\"1456\" height=\"816\" class=\"gb-image gb-image-08a05182\" src=\"https:\/\/www.sisinternational.com\/wp-content\/uploads\/2025\/08\/japanese-food-suchi-8.jpg\" alt=\"Investigaci\u00f3n y estrategia de mercado internacional de SIS\" title=\"japanese food suchi (8)\" srcset=\"https:\/\/www.sisinternational.com\/wp-content\/uploads\/2025\/08\/japanese-food-suchi-8.jpg 1456w, https:\/\/www.sisinternational.com\/wp-content\/uploads\/2025\/08\/japanese-food-suchi-8-300x168.jpg 300w, https:\/\/www.sisinternational.com\/wp-content\/uploads\/2025\/08\/japanese-food-suchi-8-1024x574.jpg 1024w, https:\/\/www.sisinternational.com\/wp-content\/uploads\/2025\/08\/japanese-food-suchi-8-768x430.jpg 768w, https:\/\/www.sisinternational.com\/wp-content\/uploads\/2025\/08\/japanese-food-suchi-8-18x10.jpg 18w\" sizes=\"auto, (max-width: 1456px) 100vw, 1456px\"><\/figure>\n\n\n\n<p><\/p>\n\n\n\n<p>Existen varios m\u00e9todos com\u00fanmente utilizados en la investigaci\u00f3n de mercado de alimentos y bebidas saludables para obtener datos y estrategias en la investigaci\u00f3n de mercado de alimentos y bebidas saludables. Estos m\u00e9todos incluyen:<\/p>\n\n\n\n<ul class=\"wp-block-list\">\n<li>Las encuestas son uno de los m\u00e9todos m\u00e1s comunes utilizados en la investigaci\u00f3n de mercados. Pueden administrarse en l\u00ednea, en persona o por tel\u00e9fono, y pueden usarse para recopilar datos sobre una amplia gama de temas, como preferencias, actitudes y comportamientos de los consumidores.<\/li>\n\n\n\n<li>Las entrevistas se pueden realizar cara a cara o por tel\u00e9fono y, a menudo, se utilizan para recopilar informaci\u00f3n detallada sobre las preferencias, comportamientos y motivaciones de los consumidores. Las entrevistas tambi\u00e9n se pueden realizar a trav\u00e9s de grupos focales y, a menudo, se utilizan para recopilar informaci\u00f3n cualitativa sobre las opiniones, actitudes y comportamientos de los consumidores.<\/li>\n\n\n\n<li>Los an\u00e1lisis en l\u00ednea implican el seguimiento del comportamiento del consumidor en sitios web, plataformas de redes sociales y otros canales en l\u00ednea. Esto se puede utilizar para recopilar datos sobre las preferencias, comportamientos y tendencias de los consumidores.<\/li>\n\n\n\n<li>El an\u00e1lisis de datos de ventas implica analizar datos de ventas para obtener informaci\u00f3n sobre las preferencias y comportamientos de los consumidores. Esto puede incluir analizar tendencias de ventas, identificar productos populares y comprender los patrones de compra de los consumidores.<\/li>\n<\/ul>\n\n\n\n<h2 class=\"wp-block-heading\">Acerca de la investigaci\u00f3n de mercado de alimentos y bebidas saludables<\/h2>\n\n\n\n<p>Realizar una investigaci\u00f3n de mercado de alimentos y bebidas saludables puede ayudar a las empresas a comprender mejor a sus clientes objetivo, sus necesidades y preferencias. Los principales actores de la industria pueden tomar decisiones informadas sobre el desarrollo de productos, los precios y las estrategias de marketing. Todo esto puede, en \u00faltima instancia, conducir a una mayor probabilidad de \u00e9xito en el mercado de alimentos saludables y ayudar a las empresas a evitar errores costosos.<\/p>","protected":false},"excerpt":{"rendered":"<p>La investigaci\u00f3n de mercado de alimentos y bebidas saludables proporciona informaci\u00f3n empresarial vital porque cada vez m\u00e1s personas est\u00e1n interesadas en la salud y el bienestar.<\/p>","protected":false},"author":1,"featured_media":63963,"parent":22018,"menu_order":241,"comment_status":"closed","ping_status":"closed","template":"","meta":{"footnotes":""},"class_list":["post-42328","page","type-page","status-publish","has-post-thumbnail"],"_links":{"self":[{"href":"https:\/\/www.sisinternational.com\/es\/wp-json\/wp\/v2\/pages\/42328","targetHints":{"allow":["GET"]}}],"collection":[{"href":"https:\/\/www.sisinternational.com\/es\/wp-json\/wp\/v2\/pages"}],"about":[{"href":"https:\/\/www.sisinternational.com\/es\/wp-json\/wp\/v2\/types\/page"}],"author":[{"embeddable":true,"href":"https:\/\/www.sisinternational.com\/es\/wp-json\/wp\/v2\/users\/1"}],"replies":[{"embeddable":true,"href":"https:\/\/www.sisinternational.com\/es\/wp-json\/wp\/v2\/comments?post=42328"}],"version-history":[{"count":8,"href":"https:\/\/www.sisinternational.com\/es\/wp-json\/wp\/v2\/pages\/42328\/revisions"}],"predecessor-version":[{"id":80731,"href":"https:\/\/www.sisinternational.com\/es\/wp-json\/wp\/v2\/pages\/42328\/revisions\/80731"}],"up":[{"embeddable":true,"href":"https:\/\/www.sisinternational.com\/es\/wp-json\/wp\/v2\/pages\/22018"}],"wp:featuredmedia":[{"embeddable":true,"href":"https:\/\/www.sisinternational.com\/es\/wp-json\/wp\/v2\/media\/63963"}],"wp:attachment":[{"href":"https:\/\/www.sisinternational.com\/es\/wp-json\/wp\/v2\/media?parent=42328"}],"curies":[{"name":"wp","href":"https:\/\/api.w.org\/{rel}","templated":true}]}}