{"id":42325,"date":"2023-04-12T15:56:56","date_gmt":"2023-04-12T19:56:56","guid":{"rendered":"https:\/\/www.sisinternational.com\/?page_id=42325"},"modified":"2026-03-12T13:27:11","modified_gmt":"2026-03-12T17:27:11","slug":"investigacion-de-mercado-halal","status":"publish","type":"page","link":"https:\/\/www.sisinternational.com\/es\/soluciones\/investigacion-de-mercado-de-la-industria-de-alimentos-y-bebidas\/investigacion-de-mercado-halal\/","title":{"rendered":"Investigaci\u00f3n de mercado halal"},"content":{"rendered":"<h1 class=\"wp-block-heading\">Investigaci\u00f3n de mercado halal<\/h1>\n\n\n\n<figure class=\"gb-block-image gb-block-image-ba45e760\"><img loading=\"lazy\" decoding=\"async\" width=\"1456\" height=\"816\" class=\"gb-image gb-image-ba45e760\" src=\"https:\/\/www.sisinternational.com\/wp-content\/uploads\/2025\/08\/Halal-muslim-arab-19.jpg\" alt=\"Investigaci\u00f3n y estrategia de mercado internacional de SIS\" title=\"Halal muslim arab (19)\" srcset=\"https:\/\/www.sisinternational.com\/wp-content\/uploads\/2025\/08\/Halal-muslim-arab-19.jpg 1456w, https:\/\/www.sisinternational.com\/wp-content\/uploads\/2025\/08\/Halal-muslim-arab-19-300x168.jpg 300w, https:\/\/www.sisinternational.com\/wp-content\/uploads\/2025\/08\/Halal-muslim-arab-19-1024x574.jpg 1024w, https:\/\/www.sisinternational.com\/wp-content\/uploads\/2025\/08\/Halal-muslim-arab-19-768x430.jpg 768w, https:\/\/www.sisinternational.com\/wp-content\/uploads\/2025\/08\/Halal-muslim-arab-19-18x10.jpg 18w\" sizes=\"auto, (max-width: 1456px) 100vw, 1456px\"><\/figure>\n\n\n\n<p><\/p>\n\n\n\n<h2 class=\"wp-block-heading p1\">El Islam es la segunda religi\u00f3n m\u00e1s grande del mundo, despu\u00e9s del cristianismo.<\/h2>\n\n\n\n<p class=\"p1\">Aproximadamente hay 1.900 millones de seguidores repartidos por todo el mundo. En consecuencia, con tanta gente, se prev\u00e9 influir en la demanda de productos consumibles y no consumibles.<\/p>\n\n\n\n<p class=\"p1\">Al igual que el kosher, los musulmanes siguen estrictas leyes diet\u00e9ticas del Islam. Se prefieren los alimentos y bebidas halal y los devotos tienen prohibido o prohibido consumir Haram. Halal es un t\u00e9rmino com\u00fanmente asociado con alimentos y bebidas permitidos seg\u00fan la ley isl\u00e1mica. Sin embargo, el concepto de halal se extiende m\u00e1s all\u00e1 de los alimentos para incluir productos y servicios que se adhieren a los principios isl\u00e1micos, como ropa, cosm\u00e9ticos, productos farmac\u00e9uticos y servicios financieros.<\/p>\n\n\n\n<p class=\"p1\">El mercado mundial halal ha crecido r\u00e1pidamente en los \u00faltimos a\u00f1os, impulsado por la creciente demanda de la poblaci\u00f3n musulmana y la mayor conciencia entre los no musulmanes sobre los beneficios \u00e9ticos y para la salud de los productos halal.<\/p>\n\n\n\n<p class=\"p1\">El mercado se ha vuelto cada vez m\u00e1s competitivo y muchas marcas y empresas importantes compiten por acceder al lucrativo mercado halal. Aqu\u00ed es donde se realiza una investigaci\u00f3n de mercado, exploraremos las tendencias, oportunidades y desaf\u00edos en el mercado halal y brindaremos informaci\u00f3n sobre el comportamiento del consumidor y las preferencias de las poblaciones musulmanas y no musulmanas hacia los productos y servicios halal.<\/p>\n\n\n\n<h2 class=\"wp-block-heading p4\">\u00bfQu\u00e9 es Halal?<\/h2>\n\n\n\n<figure class=\"gb-block-image gb-block-image-d89e4a03\"><img loading=\"lazy\" decoding=\"async\" width=\"1456\" height=\"816\" class=\"gb-image gb-image-d89e4a03\" src=\"https:\/\/www.sisinternational.com\/wp-content\/uploads\/2025\/08\/Halal-muslim-arab-4.jpg\" alt=\"Investigaci\u00f3n y estrategia de mercado internacional de SIS\" title=\"Halal muslim arab (4)\" srcset=\"https:\/\/www.sisinternational.com\/wp-content\/uploads\/2025\/08\/Halal-muslim-arab-4.jpg 1456w, https:\/\/www.sisinternational.com\/wp-content\/uploads\/2025\/08\/Halal-muslim-arab-4-300x168.jpg 300w, https:\/\/www.sisinternational.com\/wp-content\/uploads\/2025\/08\/Halal-muslim-arab-4-1024x574.jpg 1024w, https:\/\/www.sisinternational.com\/wp-content\/uploads\/2025\/08\/Halal-muslim-arab-4-768x430.jpg 768w, https:\/\/www.sisinternational.com\/wp-content\/uploads\/2025\/08\/Halal-muslim-arab-4-18x10.jpg 18w\" sizes=\"auto, (max-width: 1456px) 100vw, 1456px\"><\/figure>\n\n\n\n<p><\/p>\n\n\n\n<p class=\"p1\">Halal es un t\u00e9rmino \u00e1rabe que se refiere a todo lo que est\u00e1 permitido o es legal seg\u00fan la ley isl\u00e1mica. En la tradici\u00f3n isl\u00e1mica, existen ciertas pautas y restricciones que rigen lo que los musulmanes pueden comer, beber, vestir y hacer. Por ejemplo, los musulmanes tienen prohibido consumir carne de cerdo, alcohol y carne de animales que no hayan sido sacrificados de una manera espec\u00edfica.<\/p>\n\n\n\n<p class=\"p1\">El t\u00e9rmino halal tambi\u00e9n se extiende m\u00e1s all\u00e1 de las simples restricciones diet\u00e9ticas y abarca todos los aspectos de la vida, incluidas las transacciones financieras y el comportamiento \u00e9tico. Para que algo se considere halal, debe cumplir con estas pautas y restricciones, que se derivan del Cor\u00e1n y la Sunnah (las ense\u00f1anzas y pr\u00e1cticas del Profeta Mahoma).<\/p>\n\n\n\n<h2 class=\"wp-block-heading p4\">\u00bfQu\u00e9 es la certificaci\u00f3n Halal?<\/h2>\n\n\n\n<p class=\"p1\">La certificaci\u00f3n Halal es un proceso mediante el cual se eval\u00faa y certifica que un producto, servicio o instalaci\u00f3n cumple con los requisitos \u00e9ticos y diet\u00e9ticos isl\u00e1micos. Esta certificaci\u00f3n suele ser emitida por una autoridad de certificaci\u00f3n halal, que garantiza que el producto o servicio se ha producido de acuerdo con los principios isl\u00e1micos.<\/p>\n\n\n\n<h2 class=\"wp-block-heading p4\">\u00bfPor qu\u00e9 es importante realizar una investigaci\u00f3n de mercado Halal?<\/h2>\n\n\n\n<p class=\"p1\">Hay varias razones por las que es importante realizar una investigaci\u00f3n de mercado halal:<\/p>\n\n\n\n<ul class=\"wp-block-list ul1\">\n<li><b>Mercado creciente:<\/b> El mercado halal mundial est\u00e1 creciendo r\u00e1pidamente, con un valor estimado de m\u00e1s de $2 billones. Esto representa una importante oportunidad para que las empresas aprovechen un mercado nuevo y en expansi\u00f3n.<\/li>\n\n\n\n<li><b>Cambios demogr\u00e1ficos:<\/b> La poblaci\u00f3n musulmana es el grupo demogr\u00e1fico de m\u00e1s r\u00e1pido crecimiento a nivel mundial, con un aumento proyectado de 1.900 millones a 2.200 millones en 10 a\u00f1os. Esto presenta un enorme mercado potencial para productos y servicios halal.<\/li>\n\n\n\n<li><b>Aumentar la conciencia sobre alternativas \u00e9ticas y saludables:<\/b> La conciencia sobre los productos halal est\u00e1 aumentando entre los no musulmanes, que buscan alternativas \u00e9ticas y saludables. Esta tendencia est\u00e1 creando nuevas oportunidades para que las empresas ampl\u00eden su base de clientes.<\/li>\n\n\n\n<li><b>Sensibilidad cultural:<\/b> La investigaci\u00f3n de mercado halal es importante para que las empresas comprendan las sensibilidades y necesidades culturales de los consumidores musulmanes. Esto incluye comprender sus restricciones diet\u00e9ticas, creencias religiosas y preferencias culturales.<\/li>\n\n\n\n<li><b>Ventaja competitiva: <\/b>La realizaci\u00f3n de investigaciones de mercado halal puede proporcionar a las empresas una ventaja competitiva al identificar tendencias emergentes y preferencias de los consumidores, permiti\u00e9ndoles desarrollar nuevos productos y servicios que satisfagan las necesidades de este mercado en crecimiento.<\/li>\n<\/ul>\n\n\n\n<p class=\"p1\">En general, realizar una investigaci\u00f3n de mercado halal es esencial para que las empresas sigan siendo relevantes y competitivas en el mercado global actual. Proporciona informaci\u00f3n sobre las necesidades y preferencias \u00fanicas de los consumidores musulmanes y ayuda a las empresas a desarrollar estrategias para satisfacer sus necesidades cambiantes.<\/p>\n\n\n\n<h2 class=\"wp-block-heading p4\">Tendencias y oportunidades en el mercado Halal<\/h2>\n\n\n\n<figure class=\"gb-block-image gb-block-image-454bba28\"><img loading=\"lazy\" decoding=\"async\" width=\"1456\" height=\"816\" class=\"gb-image gb-image-454bba28\" src=\"https:\/\/www.sisinternational.com\/wp-content\/uploads\/2025\/08\/Halal-muslim-arab-7.jpg\" alt=\"Investigaci\u00f3n y estrategia de mercado internacional de SIS\" title=\"Halal muslim arab (7)\" srcset=\"https:\/\/www.sisinternational.com\/wp-content\/uploads\/2025\/08\/Halal-muslim-arab-7.jpg 1456w, https:\/\/www.sisinternational.com\/wp-content\/uploads\/2025\/08\/Halal-muslim-arab-7-300x168.jpg 300w, https:\/\/www.sisinternational.com\/wp-content\/uploads\/2025\/08\/Halal-muslim-arab-7-1024x574.jpg 1024w, https:\/\/www.sisinternational.com\/wp-content\/uploads\/2025\/08\/Halal-muslim-arab-7-768x430.jpg 768w, https:\/\/www.sisinternational.com\/wp-content\/uploads\/2025\/08\/Halal-muslim-arab-7-18x10.jpg 18w\" sizes=\"auto, (max-width: 1456px) 100vw, 1456px\"><\/figure>\n\n\n\n<p><\/p>\n\n\n\n<p class=\"p1\">El mercado halal ha experimentado un crecimiento significativo en los \u00faltimos a\u00f1os, impulsado por varias tendencias y oportunidades. Estas son algunas de las tendencias y oportunidades clave en el mercado halal:<\/p>\n\n\n\n<ul class=\"wp-block-list ul1\">\n<li><b>Creciente poblaci\u00f3n musulmana: <\/b>A medida que la poblaci\u00f3n musulmana sigue creciendo, existe una demanda cada vez mayor de productos y servicios halal. Esto presenta una importante oportunidad para que las empresas aprovechen este mercado.<\/li>\n\n\n\n<li><b>Tecnolog\u00eda e Innovaci\u00f3n:<\/b> Los avances tecnol\u00f3gicos est\u00e1n permitiendo a las empresas desarrollar nuevos productos y servicios halal que satisfagan las necesidades cambiantes de los consumidores musulmanes. Por ejemplo, las plataformas de comercio electr\u00f3nico y las aplicaciones m\u00f3viles halal son cada vez m\u00e1s populares.<\/li>\n\n\n\n<li><b>Ampliaci\u00f3n de la Certificaci\u00f3n Halal:<\/b> El mercado mundial de la certificaci\u00f3n halal se est\u00e1 expandiendo y cada vez m\u00e1s pa\u00edses e industrias adoptan la certificaci\u00f3n halal. Esto brinda oportunidades para que las empresas ampl\u00eden su alcance en el mercado obteniendo la certificaci\u00f3n halal para sus productos y servicios.<\/li>\n\n\n\n<li><b>Industria del turismo halal<\/b>: La industria del turismo halal est\u00e1 creciendo y los viajeros musulmanes buscan destinos y experiencias amigables con el halal. Esto presenta oportunidades para las empresas en los sectores de hoteler\u00eda, turismo y viajes.<\/li>\n\n\n\n<li><b>Creciente demanda de alternativas a la carne:<\/b> La mayor\u00eda de los productos c\u00e1rnicos congelados son de cerdo o a base de carne de cerdo, raz\u00f3n por la cual las empresas y marcas comenzaron a ofrecer alternativas a la carne. Entre otros productos alimenticios, la carne y las alternativas a la carne reciben el mayor crecimiento constante, incluso con una breve ca\u00edda en 2021, y se espera que se mantenga en la pr\u00f3xima d\u00e9cada.<\/li>\n<\/ul>\n\n\n\n<h2 class=\"wp-block-heading p4\">Desaf\u00edos al invertir en el mercado halal<\/h2>\n\n\n\n<p class=\"p1\">Si bien el mercado halal presenta importantes oportunidades, tambi\u00e9n existen varios desaf\u00edos que las empresas pueden enfrentar al invertir en este mercado:<\/p>\n\n\n\n<ul class=\"wp-block-list ul1\">\n<li><b>Certificaci\u00f3n Halal y falta de estandarizaci\u00f3n:<\/b> Obtener la certificaci\u00f3n halal para productos y servicios puede ser un proceso complejo y costoso, especialmente para las peque\u00f1as y medianas empresas. Esto puede actuar como una barrera de entrada para las empresas que buscan acceder al mercado halal. Actualmente no existe un est\u00e1ndar universal para la certificaci\u00f3n halal, lo que puede generar confusi\u00f3n entre consumidores y empresas. Esto tambi\u00e9n puede dificultar que las empresas se expandan a nuevos mercados, ya que es posible que necesiten obtener m\u00faltiples certificaciones para cumplir con los requisitos locales.<\/li>\n\n\n\n<li><b>Conocimiento limitado de los productos Halal:<\/b> A pesar de la creciente conciencia sobre los productos halal, todav\u00eda hay una falta de comprensi\u00f3n entre los consumidores no musulmanes sobre el mercado halal. Esto puede limitar la base de clientes potenciales de las empresas que se especializan en productos y servicios halal.<\/li>\n\n\n\n<li><b>Distribuci\u00f3n y Log\u00edstica:<\/b> Distribution and logistics can be a challenge for businesses operating in the <a href=\"https:\/\/www.sisinternational.com\/es\/pericia\/industrias\/investigacion-de-mercado-de-logistica-de-terceros\/\" title=\"Investigaci\u00f3n de mercado de log\u00edstica de terceros\"  data-wpil-monitor-id=\"7597\">halal<\/a> market, particularly for those operating in multiple markets. Ensuring that products are transported and stored in accordance with halal requirements can add complexity and cost to the supply chain.<\/li>\n\n\n\n<li><b>Sensibilidad cultural:<\/b> Los productos y servicios halal est\u00e1n estrechamente vinculados a creencias culturales y religiosas, y es importante que las empresas comprendan y respeten estas creencias. No hacerlo puede generar percepciones negativas entre los consumidores y da\u00f1ar la reputaci\u00f3n de la marca. Otro problema es que la mayor\u00eda de los pa\u00edses europeos proh\u00edben el tradicional sacrificio musulm\u00e1n de animales, restringiendo el acceso a la carne Halal.<\/li>\n<\/ul>\n\n\n\n<h2 class=\"wp-block-heading\">\u00bfQu\u00e9 es la investigaci\u00f3n de mercado halal?<\/h2>\n\n\n\n<figure class=\"gb-block-image gb-block-image-4b96c2f7\"><img loading=\"lazy\" decoding=\"async\" width=\"1456\" height=\"816\" class=\"gb-image gb-image-4b96c2f7\" src=\"https:\/\/www.sisinternational.com\/wp-content\/uploads\/2025\/08\/Halal-muslim-arab-14.jpg\" alt=\"Investigaci\u00f3n y estrategia de mercado internacional de SIS\" title=\"Halal muslim arab (14)\" srcset=\"https:\/\/www.sisinternational.com\/wp-content\/uploads\/2025\/08\/Halal-muslim-arab-14.jpg 1456w, https:\/\/www.sisinternational.com\/wp-content\/uploads\/2025\/08\/Halal-muslim-arab-14-300x168.jpg 300w, https:\/\/www.sisinternational.com\/wp-content\/uploads\/2025\/08\/Halal-muslim-arab-14-1024x574.jpg 1024w, https:\/\/www.sisinternational.com\/wp-content\/uploads\/2025\/08\/Halal-muslim-arab-14-768x430.jpg 768w, https:\/\/www.sisinternational.com\/wp-content\/uploads\/2025\/08\/Halal-muslim-arab-14-18x10.jpg 18w\" sizes=\"auto, (max-width: 1456px) 100vw, 1456px\"><\/figure>\n\n\n\n<p><\/p>\n\n\n\n<p>Halal market research is a type of market research that focuses specifically on the Halal industry, which includes products and services that comply with Islamic law. The <a href=\"https:\/\/www.sisinternational.com\/es\/soluciones\/investigacion-de-mercado-de-ia-y-consultoria-estrategica\/investigacion-de-mercado-de-deteccion-de-objetos-ai\/\" title=\"Investigaci\u00f3n de mercado de IA de detecci\u00f3n de objetos\"  data-wpil-monitor-id=\"7311\">objective of Halal market research<\/a> is to understand the needs, preferences, and behaviors of Muslim consumers, as well as the trends and factors that impact the Halal industry.<\/p>\n\n\n\n<p>La investigaci\u00f3n de mercado halal puede cubrir una amplia gama de temas, incluido el comportamiento del consumidor, las tendencias del mercado, el desarrollo de productos, los canales de distribuci\u00f3n y<a href=\"https:\/\/www.sisinternational.com\/es\/soluciones\/estrategias-de-ventas-hermana\/\"> estrategias de marketing<\/a>. La investigaci\u00f3n se puede realizar utilizando una variedad de m\u00e9todos, como encuestas, grupos focales, entrevistas, an\u00e1lisis en l\u00ednea y de ventas, as\u00ed como estudios observacionales.<\/p>\n\n\n\n<h2 class=\"wp-block-heading\">Alcance de la investigaci\u00f3n de mercado halal<\/h2>\n\n\n\n<h3 class=\"wp-block-heading\">Algunas de las \u00e1reas clave incluyen, entre otras, las siguientes:<\/h3>\n\n\n\n<ul class=\"wp-block-list\">\n<li><strong>Mercado de alimentos y bebidas halal:<\/strong> Esto implica investigar las preferencias de los consumidores por alimentos y bebidas con certificaci\u00f3n Halal, as\u00ed como las tendencias e innovaciones en la industria.<\/li>\n\n\n\n<li><strong>halal <\/strong><a href=\"https:\/\/www.sisinternational.com\/es\/pericia\/industrias\/investigacion-de-mercado-de-productos-farmaceuticos\/\" title=\"Investigaci\u00f3n de mercado farmac\u00e9utico\"  data-wpil-monitor-id=\"3470\">pharmaceutical and healthcare market: This involves researching<\/a> consumer preferences for Halal-certified pharmaceuticals and healthcare products, as well as trends and innovations in the industry.<\/li>\n\n\n\n<li><strong>Mercado de cosm\u00e9tica y cuidado personal halal:<\/strong> Esto implica investigar las preferencias de los consumidores por los cosm\u00e9ticos y productos de cuidado personal con certificaci\u00f3n Halal, as\u00ed como las tendencias e innovaciones en la industria.<\/li>\n<\/ul>\n\n\n\n<p>Halal market research is important for businesses that want to succeed in the Halal industry. By understanding the needs and preferences of Muslim consumers, businesses can develop products and services that meet their expectations and build trust and loyalty among this important consumer group. This research can also help businesses identify new breakthroughs for growth and modernization in the <a href=\"https:\/\/www.sisinternational.com\/es\/pericia\/industrias\/investigacion-de-mercado-metaverso\/\" title=\"Investigaci\u00f3n de mercado del metaverso\"  data-wpil-monitor-id=\"4778\">halal<\/a> market, and develop effective marketing strategies to reach and engage Muslim consumers.<\/p>\n\n\n\n<h2 class=\"wp-block-heading\">Lista de Productos incluidos en el Mercado de Alimentos y Bebidas Halal<\/h2>\n\n\n\n<p>El mercado de alimentos y bebidas Halal incluye una amplia gama de productos que se preparan y producen de acuerdo con las leyes diet\u00e9ticas isl\u00e1micas.<\/p>\n\n\n\n<h3 class=\"wp-block-heading\">A continuaci\u00f3n se muestran algunos ejemplos de productos incluidos en el mercado de alimentos y bebidas Halal:<\/h3>\n\n\n\n<ul class=\"wp-block-list\">\n<li>Los productos c\u00e1rnicos y av\u00edcolas proceden de animales criados y sacrificados seg\u00fan la ley isl\u00e1mica. Esto incluye carne de res, cordero, cabra, pollo y pavo.<\/li>\n\n\n\n<li>Los productos del mar halal incluyen pescado, camarones y otros mariscos capturados o cultivados utilizando m\u00e9todos Halal.<\/li>\n\n\n\n<li>Los productos l\u00e1cteos incluyen leche, queso y yogur producidos a partir de animales criados y sacrificados seg\u00fan la ley isl\u00e1mica.<\/li>\n\n\n\n<li>Los granos y cereales halal incluyen arroz, trigo, avena y otros granos que no se procesan con ingredientes haram (prohibidos).<\/li>\n\n\n\n<li>Las frutas y verduras incluyen todo tipo de frutas y verduras frescas y congeladas que no se procesan con ingredientes haram.<\/li>\n\n\n\n<li>Las bebidas incluyen agua, jugos, refrescos y otras bebidas no alcoh\u00f3licas que no contienen ingredientes haram.<\/li>\n\n\n\n<li>Los bocadillos y dulces incluyen nueces, papas fritas, galletas y otros bocadillos que no contienen ingredientes haram, as\u00ed como dulces como caramelos, chocolates y postres elaborados con ingredientes Halal.<\/li>\n\n\n\n<li>Las papillas y f\u00f3rmulas para beb\u00e9s Halal son productos elaborados con ingredientes Halal y adecuados para beb\u00e9s y ni\u00f1os peque\u00f1os.<\/li>\n\n\n\n<li>Los alimentos preparados y congelados incluyen comidas listas para comer, cenas congeladas y otros alimentos envasados elaborados con ingredientes Halal.<\/li>\n\n\n\n<li>Las especias y condimentos halal incluyen todo tipo de hierbas, especias, salsas y condimentos elaborados con ingredientes halal y no contienen ingredientes haram.<\/li>\n<\/ul>\n\n\n\n<p>El mercado de alimentos y bebidas Halal est\u00e1 en constante evoluci\u00f3n y se desarrollan nuevos productos e innovaciones para satisfacer las necesidades de los consumidores musulmanes de todo el mundo.<\/p>\n\n\n\n<h2 class=\"wp-block-heading\">Tendencias y factores que afectan la investigaci\u00f3n de mercado halal<\/h2>\n\n\n\n<figure class=\"gb-block-image gb-block-image-8fb34cc1\"><img loading=\"lazy\" decoding=\"async\" width=\"1456\" height=\"816\" class=\"gb-image gb-image-8fb34cc1\" src=\"https:\/\/www.sisinternational.com\/wp-content\/uploads\/2025\/08\/Halal-muslim-arab-8.jpg\" alt=\"Investigaci\u00f3n y estrategia de mercado internacional de SIS\" title=\"Halal muslim arab (8)\" srcset=\"https:\/\/www.sisinternational.com\/wp-content\/uploads\/2025\/08\/Halal-muslim-arab-8.jpg 1456w, https:\/\/www.sisinternational.com\/wp-content\/uploads\/2025\/08\/Halal-muslim-arab-8-300x168.jpg 300w, https:\/\/www.sisinternational.com\/wp-content\/uploads\/2025\/08\/Halal-muslim-arab-8-1024x574.jpg 1024w, https:\/\/www.sisinternational.com\/wp-content\/uploads\/2025\/08\/Halal-muslim-arab-8-768x430.jpg 768w, https:\/\/www.sisinternational.com\/wp-content\/uploads\/2025\/08\/Halal-muslim-arab-8-18x10.jpg 18w\" sizes=\"auto, (max-width: 1456px) 100vw, 1456px\"><\/figure>\n\n\n\n<p><\/p>\n\n\n\n<p>La industria del mercado Halal est\u00e1 influenciada por diversas tendencias y factores que impactan su crecimiento y desarrollo. Estas son algunas de las tendencias y factores que afectan la industria del mercado Halal:<\/p>\n\n\n\n<ul class=\"wp-block-list\">\n<li>La creciente poblaci\u00f3n musulmana en todo el mundo est\u00e1 impulsando la demanda de productos y servicios Halal.<\/li>\n\n\n\n<li>Los datos y las estrategias muestran que los consumidores buscan cada vez m\u00e1s productos saludables y naturales, y los productos Halal a menudo se consideran una opci\u00f3n m\u00e1s saludable debido a su cumplimiento de las leyes diet\u00e9ticas isl\u00e1micas.<\/li>\n\n\n\n<li>El crecimiento de las plataformas de comercio electr\u00f3nico est\u00e1 facilitando que los consumidores accedan a productos y servicios Halal desde cualquier parte del mundo.<\/li>\n\n\n\n<li>El desarrollo de est\u00e1ndares globales de certificaci\u00f3n Halal est\u00e1 aumentando la confianza de los consumidores en los productos y servicios Halal y facilitando que las empresas se expandan a nuevos mercados.<\/li>\n\n\n\n<li>Los productos halal a menudo se consideran m\u00e1s \u00e9ticos y sostenibles, ya que se producen utilizando m\u00e9todos humanos que se alinean con los valores isl\u00e1micos.<\/li>\n\n\n\n<li>Las empresas est\u00e1n desarrollando nuevos productos y servicios Halal para satisfacer las necesidades y preferencias cambiantes de los consumidores musulmanes, incluidos cosm\u00e9ticos, productos farmac\u00e9uticos y servicios tur\u00edsticos con certificaci\u00f3n Halal.<\/li>\n\n\n\n<li>Muchos gobiernos est\u00e1n invirtiendo en la industria Halal para apoyar el crecimiento econ\u00f3mico y promover a sus pa\u00edses como destinos amigables con Halal.<\/li>\n\n\n\n<li>Una mayor concienciaci\u00f3n y educaci\u00f3n sobre los productos y servicios Halal est\u00e1 aumentando la demanda de los consumidores e impulsando el crecimiento de la industria.<\/li>\n\n\n\n<li>El crecimiento del turismo halal est\u00e1 creando nuevas oportunidades para que las empresas atiendan a los viajeros musulmanes, incluidos hoteles, restaurantes y operadores tur\u00edsticos halal.<\/li>\n<\/ul>\n\n\n\n<h2 class=\"wp-block-heading\">Investigaci\u00f3n de mercado halal para empresas<\/h2>\n\n\n\n<h3 class=\"wp-block-heading\">Beneficios para las empresas al realizar investigaciones:<\/h3>\n\n\n\n<ul class=\"wp-block-list\">\n<li>Los datos y las estrategias de Halal Market Research pueden ayudar a mejorar el servicio al cliente, la calidad del producto u otras \u00e1reas que impactan la experiencia del cliente.<\/li>\n\n\n\n<li>La investigaci\u00f3n de mercado Halal proporciona informaci\u00f3n que puede identificar socios y colaboradores potenciales que pueden ayudar a las empresas a alcanzar sus objetivos de crecimiento y \u00e9xito.<\/li>\n\n\n\n<li>Data and <a href=\"https:\/\/www.sisinternational.com\/es\/ser-ecologico-mejora-el-desempeno-en-recesion\/\" title=\"C\u00f3mo reducir costos en su negocio\"  data-wpil-monitor-id=\"7465\">strategies in Halal Market Research<\/a> can help businesses discover areas where they can improve operational efficiency and help streamline production processes.<\/li>\n\n\n\n<li>La investigaci\u00f3n de mercado halal puede ayudar a las empresas a mantenerse por delante de la competencia y mantener una ventaja competitiva.<\/li>\n\n\n\n<li>La investigaci\u00f3n de mercado proporciona informaci\u00f3n que puede minimizar el riesgo, como la identificaci\u00f3n de posibles desaf\u00edos y obst\u00e1culos que podr\u00edan afectar su crecimiento y \u00e9xito.<\/li>\n<\/ul>\n\n\n\n<h2 class=\"wp-block-heading\">Acerca de la investigaci\u00f3n de mercado halal<\/h2>\n\n\n\n<p>Cualquier empresa o actor importante de dicha industria debe realizar una investigaci\u00f3n de mercado Halal para aprovechar la creciente demanda de productos y servicios Halal. Halal no es s\u00f3lo un requisito religioso, sino que se ha convertido en una opci\u00f3n de estilo de vida para millones de consumidores en todo el mundo y abarca una amplia gama de productos y servicios m\u00e1s all\u00e1 de alimentos y bebidas.<\/p>\n\n\n\n<p>Con los datos y estrategias de Halal Market Research, las empresas pueden identificar las necesidades y preferencias de este mercado objetivo y adaptar sus productos y servicios en consecuencia. Esto puede ayudar a las empresas a descubrir segmentos de mercado nuevos y rentables, as\u00ed como a demostrar su compromiso de satisfacer las necesidades de diversos consumidores. Por lo tanto, las empresas de la industria Halal deben invertir tiempo y recursos para adquirir datos y estrategias que las mantengan fuertes en el panorama competitivo.<\/p>\n\n\n\n<p><\/p>","protected":false},"excerpt":{"rendered":"<p>La investigaci\u00f3n de mercado halal es necesaria para comprender las necesidades, preferencias y comportamientos de los consumidores musulmanes y las tendencias y factores de impacto.<\/p>","protected":false},"author":1,"featured_media":63687,"parent":22018,"menu_order":240,"comment_status":"closed","ping_status":"closed","template":"","meta":{"footnotes":""},"class_list":["post-42325","page","type-page","status-publish","has-post-thumbnail"],"_links":{"self":[{"href":"https:\/\/www.sisinternational.com\/es\/wp-json\/wp\/v2\/pages\/42325","targetHints":{"allow":["GET"]}}],"collection":[{"href":"https:\/\/www.sisinternational.com\/es\/wp-json\/wp\/v2\/pages"}],"about":[{"href":"https:\/\/www.sisinternational.com\/es\/wp-json\/wp\/v2\/types\/page"}],"author":[{"embeddable":true,"href":"https:\/\/www.sisinternational.com\/es\/wp-json\/wp\/v2\/users\/1"}],"replies":[{"embeddable":true,"href":"https:\/\/www.sisinternational.com\/es\/wp-json\/wp\/v2\/comments?post=42325"}],"version-history":[{"count":9,"href":"https:\/\/www.sisinternational.com\/es\/wp-json\/wp\/v2\/pages\/42325\/revisions"}],"predecessor-version":[{"id":81220,"href":"https:\/\/www.sisinternational.com\/es\/wp-json\/wp\/v2\/pages\/42325\/revisions\/81220"}],"up":[{"embeddable":true,"href":"https:\/\/www.sisinternational.com\/es\/wp-json\/wp\/v2\/pages\/22018"}],"wp:featuredmedia":[{"embeddable":true,"href":"https:\/\/www.sisinternational.com\/es\/wp-json\/wp\/v2\/media\/63687"}],"wp:attachment":[{"href":"https:\/\/www.sisinternational.com\/es\/wp-json\/wp\/v2\/media?parent=42325"}],"curies":[{"name":"wp","href":"https:\/\/api.w.org\/{rel}","templated":true}]}}