{"id":42322,"date":"2023-04-12T15:09:31","date_gmt":"2023-04-12T19:09:31","guid":{"rendered":"https:\/\/www.sisinternational.com\/?page_id=42322"},"modified":"2026-01-24T21:12:18","modified_gmt":"2026-01-25T02:12:18","slug":"energia-consultoria-de-estrategia-de-energia-investigacion-de-mercado","status":"publish","type":"page","link":"https:\/\/www.sisinternational.com\/es\/pericia\/energia-consultoria-de-estrategia-de-energia-investigacion-de-mercado\/","title":{"rendered":"Consultor\u00eda de estrategia energ\u00e9tica y energ\u00e9tica Investigaci\u00f3n de mercado"},"content":{"rendered":"<h1 class=\"wp-block-heading\">Consultor\u00eda de estrategia energ\u00e9tica y energ\u00e9tica Investigaci\u00f3n de mercado<\/h1>\n\n\n\n<figure class=\"gb-block-image gb-block-image-f8ee6e2a\"><img loading=\"lazy\" decoding=\"async\" width=\"1456\" height=\"816\" class=\"gb-image gb-image-f8ee6e2a\" src=\"https:\/\/www.sisinternational.com\/wp-content\/uploads\/2025\/09\/Asia-Energy-3.jpg\" alt=\"Investigaci\u00f3n y estrategia de mercado internacional de SIS\" title=\"Asia Energy (3)\" srcset=\"https:\/\/www.sisinternational.com\/wp-content\/uploads\/2025\/09\/Asia-Energy-3.jpg 1456w, https:\/\/www.sisinternational.com\/wp-content\/uploads\/2025\/09\/Asia-Energy-3-300x168.jpg 300w, https:\/\/www.sisinternational.com\/wp-content\/uploads\/2025\/09\/Asia-Energy-3-1024x574.jpg 1024w, https:\/\/www.sisinternational.com\/wp-content\/uploads\/2025\/09\/Asia-Energy-3-768x430.jpg 768w, https:\/\/www.sisinternational.com\/wp-content\/uploads\/2025\/09\/Asia-Energy-3-18x10.jpg 18w\" sizes=\"auto, (max-width: 1456px) 100vw, 1456px\"><\/figure>\n\n\n\n<p><\/p>\n\n\n\n<p>Energy &amp; Power Strategy Consulting es un campo especializado de consultor\u00eda. Brinda orientaci\u00f3n estrat\u00e9gica y experiencia a clientes en los sectores de energ\u00eda y potencia. Estos clientes incluyen productores de energ\u00eda, servicios p\u00fablicos y empresas de energ\u00eda renovable.<\/p>\n\n\n\n<p><a href=\"https:\/\/www.sisinternational.com\/es\/sistemas-de-automatizacion-de-procesos-en-los-ee-uu\/\" title=\"Consultor\u00eda de estrategia de automatizaci\u00f3n\"  data-wpil-monitor-id=\"2698\">Energy and power strategy<\/a> consultants are different from other consultants. They help clients make informed decisions about their energy and power needs. These consultants also educate them about sustainability, regulatory compliance, risk management, and cost optimization. They may also help clients with market research, business planning, and investment analysis.<\/p>\n\n\n\n<h3 class=\"wp-block-heading\">A continuaci\u00f3n se presentan algunas \u00e1reas espec\u00edficas de enfoque para la consultor\u00eda de estrategia energ\u00e9tica y energ\u00e9tica:<\/h3>\n\n\n\n<ul class=\"wp-block-list\">\n<li>eficiencia energ\u00e9tica renovable<\/li>\n\n\n\n<li>captura y almacenamiento de carbono<\/li>\n\n\n\n<li>almacen de energia<\/li>\n\n\n\n<li>el desarrollo de nuevas tecnolog\u00edas energ\u00e9ticas<\/li>\n<\/ul>\n\n\n\n<p>Consultants in this field may work for specialized consulting firms. Or they may be part of larger <a class=\"wpil_keyword_link\" href=\"https:\/\/www.sisinternational.com\/es\/soluciones\/consultoria-estrategica\/empresas-de-consultoria-de-gestion\/\"   title=\"Firma de consultor\u00eda de gesti\u00f3n global\" data-wpil-keyword-link=\"linked\"  data-wpil-monitor-id=\"376\">empresas de consultor\u00eda de gesti\u00f3n<\/a>. Some large firms offer energy and power strategy as one of their practice areas.<\/p>\n\n\n\n<h2 class=\"wp-block-heading\">\u00bfPor qu\u00e9 es importante la consultor\u00eda estrat\u00e9gica en energ\u00eda y energ\u00eda?<\/h2>\n\n\n\n<p>La consultor\u00eda de estrategia energ\u00e9tica y energ\u00e9tica es esencial por varias razones. En primer lugar, satisface la creciente demanda de energ\u00eda. Esta demanda contin\u00faa creciendo a medida que aumentan las poblaciones y se desarrollan las econom\u00edas. Los consultores de estrategia de energ\u00eda y energ\u00eda ayudan a los clientes a encontrar formas innovadoras de satisfacer esta demanda. Tambi\u00e9n ayudan a los clientes a trabajar hacia soluciones m\u00e1s sostenibles.<\/p>\n\n\n\n<p>La atenci\u00f3n mundial se centra ahora en el cambio clim\u00e1tico y la reducci\u00f3n de las emisiones de carbono. Muchas empresas quieren pasar a fuentes de energ\u00eda renovables. Los consultores de estrategia energ\u00e9tica y energ\u00e9tica pueden ayudar a los clientes a navegar por las opciones de energ\u00eda renovable. Tambi\u00e9n pueden ayudar a los clientes a desarrollar estrategias para integrar estas opciones en sus operaciones.<\/p>\n\n\n\n<p>Los gobiernos regulan la energ\u00eda y la industria el\u00e9ctrica. Est\u00e1 sujeto a diversos riesgos. Por ejemplo, puede pasar por la volatilidad de los precios, las tensiones geopol\u00edticas y los desastres naturales. Los consultores de estrategia energ\u00e9tica y energ\u00e9tica pueden ayudar a los clientes a gestionar estos riesgos. Proporcionan inteligencia de mercado y estrategias de gesti\u00f3n de riesgos.<br>Los consultores de estrategia energ\u00e9tica y energ\u00e9tica pueden ayudar a los clientes a optimizar su uso de energ\u00eda. Tambi\u00e9n les ayudan a aumentar la eficiencia. El resultado es un ahorro de costes y una reducci\u00f3n de las emisiones de carbono.<\/p>\n\n\n\n<p>La industria de la energ\u00eda y la energ\u00eda est\u00e1 evolucionando. Constantemente surgen nuevas tecnolog\u00edas y soluciones. Los consultores de energ\u00eda y potencia pueden ayudar a los clientes a mantenerse al tanto de estos desarrollos. Tambi\u00e9n pueden ayudar a los clientes a identificar oportunidades de innovaci\u00f3n y crecimiento. Por ejemplo, pueden desarrollar nuevos productos o servicios utilizando fuentes de energ\u00eda renovables.<\/p>\n\n\n\n<h2 class=\"wp-block-heading\">T\u00edtulos de trabajo clave<\/h2>\n\n\n\n<figure class=\"gb-block-image gb-block-image-2cec471d\"><img loading=\"lazy\" decoding=\"async\" width=\"1456\" height=\"816\" class=\"gb-image gb-image-2cec471d\" src=\"https:\/\/www.sisinternational.com\/wp-content\/uploads\/2025\/09\/Asia-Energy-6.jpg\" alt=\"Investigaci\u00f3n y estrategia de mercado internacional de SIS\" title=\"Asia Energy (6)\" srcset=\"https:\/\/www.sisinternational.com\/wp-content\/uploads\/2025\/09\/Asia-Energy-6.jpg 1456w, https:\/\/www.sisinternational.com\/wp-content\/uploads\/2025\/09\/Asia-Energy-6-300x168.jpg 300w, https:\/\/www.sisinternational.com\/wp-content\/uploads\/2025\/09\/Asia-Energy-6-1024x574.jpg 1024w, https:\/\/www.sisinternational.com\/wp-content\/uploads\/2025\/09\/Asia-Energy-6-768x430.jpg 768w, https:\/\/www.sisinternational.com\/wp-content\/uploads\/2025\/09\/Asia-Energy-6-18x10.jpg 18w\" sizes=\"auto, (max-width: 1456px) 100vw, 1456px\"><\/figure>\n\n\n\n<p><\/p>\n\n\n\n<h3 class=\"wp-block-heading\">Algunos t\u00edtulos de trabajo esenciales en consultor\u00eda de estrategia energ\u00e9tica y energ\u00e9tica incluyen:<\/h3>\n\n\n\n<p><strong>Consultor Energ\u00e9tico:<\/strong> Proporciona asesoramiento y experiencia en gesti\u00f3n energ\u00e9tica y eficiencia energ\u00e9tica. Tambi\u00e9n brindan orientaci\u00f3n sobre soluciones de energ\u00eda renovable. Estos consultores pueden trabajar con clientes para desarrollar pol\u00edticas energ\u00e9ticas. Tambi\u00e9n identifican oportunidades de ahorro de costos y recomiendan soluciones energ\u00e9ticas sostenibles.<\/p>\n\n\n\n<p><strong>Consultor de energ\u00eda:<\/strong> Desarrolla y gestiona instalaciones de generaci\u00f3n de energ\u00eda, sistemas de transmisi\u00f3n y distribuci\u00f3n. Esta consultora tambi\u00e9n es responsable del desarrollo y gesti\u00f3n de soluciones de almacenamiento de energ\u00eda. Pueden ayudar a los clientes a identificar nuevas fuentes de energ\u00eda y optimizar sus sistemas existentes. Tambi\u00e9n gestionan el riesgo energ\u00e9tico.<\/p>\n\n\n\n<p><strong>Consultor de Energ\u00edas Renovables:<\/strong> Se especializa en el desarrollo e implementaci\u00f3n de soluciones de energ\u00eda renovable. Por ejemplo, desarrollan soluciones de energ\u00eda solar, e\u00f3lica, hidr\u00e1ulica y geot\u00e9rmica. Pueden trabajar con clientes para evaluar la viabilidad de proyectos de energ\u00eda renovable. Tambi\u00e9n brindan asesoramiento sobre requisitos regulatorios e identifican opciones de financiamiento.<\/p>\n\n\n\n<p><strong>Analista de Energ\u00eda:<\/strong> Recopila y analiza datos sobre mercados, tendencias y tecnolog\u00edas energ\u00e9ticas. Pueden utilizar estos datos para proporcionar informaci\u00f3n y recomendaciones a los clientes. Por ejemplo, pueden utilizarlo para identificar oportunidades de inversi\u00f3n. O pueden evaluar el impacto de los cambios de pol\u00edticas y pronosticar la demanda de energ\u00eda.<\/p>\n\n\n\n<p><strong>Consultor de Sostenibilidad:<\/strong> Ayuda a los clientes a reducir el impacto ambiental de la energ\u00eda y la potencia. Pueden ayudar. clientes para desarrollar estrategias de sostenibilidad y evaluar la huella de carbono. Tambi\u00e9n les ayudan a instalar pr\u00e1cticas sostenibles en todas sus operaciones.<\/p>\n\n\n\n<p><strong>Gerente de Riesgos Energ\u00e9ticos:<\/strong> Se especializa en identificar y gestionar riesgos de operaciones de energ\u00eda y potencia. Pueden trabajar con clientes para desarrollar estrategias de gesti\u00f3n de riesgos. Tambi\u00e9n eval\u00faan la volatilidad del mercado e identifican oportunidades de cobertura.<\/p>\n\n\n\n<p>Estos t\u00edtulos de trabajo son s\u00f3lo algunos ejemplos. Hay muchos otros puestos disponibles en consultor\u00eda estrat\u00e9gica de energ\u00eda y energ\u00eda. Otros t\u00edtulos de trabajo incluyen gerente de proyectos, gerente de desarrollo comercial y especialista en asuntos regulatorios.<\/p>\n\n\n\n<h2 class=\"wp-block-heading\">\u00bfPor qu\u00e9 las empresas necesitan consultor\u00eda en energ\u00eda y estrategia energ\u00e9tica?<\/h2>\n\n\n\n<figure class=\"gb-block-image gb-block-image-69e97f91\"><img loading=\"lazy\" decoding=\"async\" width=\"1456\" height=\"816\" class=\"gb-image gb-image-69e97f91\" src=\"https:\/\/www.sisinternational.com\/wp-content\/uploads\/2025\/09\/Asia-Energy-1.jpg\" alt=\"Investigaci\u00f3n y estrategia de mercado internacional de SIS\" title=\"Asia Energy (1)\" srcset=\"https:\/\/www.sisinternational.com\/wp-content\/uploads\/2025\/09\/Asia-Energy-1.jpg 1456w, https:\/\/www.sisinternational.com\/wp-content\/uploads\/2025\/09\/Asia-Energy-1-300x168.jpg 300w, https:\/\/www.sisinternational.com\/wp-content\/uploads\/2025\/09\/Asia-Energy-1-1024x574.jpg 1024w, https:\/\/www.sisinternational.com\/wp-content\/uploads\/2025\/09\/Asia-Energy-1-768x430.jpg 768w, https:\/\/www.sisinternational.com\/wp-content\/uploads\/2025\/09\/Asia-Energy-1-18x10.jpg 18w\" sizes=\"auto, (max-width: 1456px) 100vw, 1456px\"><\/figure>\n\n\n\n<p><\/p>\n\n\n\n<p>Las empresas necesitan consultor\u00eda en energ\u00eda y estrategia energ\u00e9tica por varias razones. El primero es el ahorro de costes. Los costos de energ\u00eda y electricidad pueden ser significativos para muchas empresas. Esto es especialmente cierto para quienes trabajan en industrias que consumen mucha energ\u00eda. Los consultores de estrategia energ\u00e9tica y energ\u00e9tica pueden ayudar a las empresas a identificar oportunidades de ahorro de costos. Por ejemplo, pueden implementar medidas de eficiencia energ\u00e9tica. O pueden explorar opciones de energ\u00eda renovable y estrategias optimizadas de adquisici\u00f3n de energ\u00eda.<\/p>\n\n\n\n<p>La industria de la energ\u00eda y la energ\u00eda tiene varios riesgos. Por ejemplo, es propenso a la volatilidad de precios, interrupciones en la cadena de suministro y cambios regulatorios. Los consultores de estrategia energ\u00e9tica y energ\u00e9tica pueden ayudar a las empresas a gestionar estos riesgos. Pueden proporcionar inteligencia de mercado, evaluaciones de riesgos y estrategias de gesti\u00f3n de riesgos.<br>Existe una presi\u00f3n cada vez mayor sobre las empresas para que adopten pr\u00e1cticas sostenibles y ambientalmente responsables. Por ejemplo, deben reducir las emisiones de carbono y hacer la transici\u00f3n a fuentes de energ\u00eda renovables. Estos consultores pueden ayudar a las empresas a desarrollar e implementar estrategias de energ\u00eda sostenible. Estas estrategias deben alinearse con sus objetivos ambientales.<\/p>\n\n\n\n<p>Como se mencion\u00f3 anteriormente, los gobiernos regulan la energ\u00eda y la industria el\u00e9ctrica. Tiene muchas regulaciones locales, estatales y federales. Estas regulaciones rigen todo, desde la adquisici\u00f3n de energ\u00eda hasta los est\u00e1ndares de emisiones. Los consultores de estrategia energ\u00e9tica y energ\u00e9tica pueden ayudar a las empresas a navegar por este complejo panorama regulatorio. Tambi\u00e9n pueden ayudar a garantizar el cumplimiento de las regulaciones pertinentes.<\/p>\n\n\n\n<h2 class=\"wp-block-heading\">Factores claves del \u00e9xito<\/h2>\n\n\n\n<p>Los factores cr\u00edticos de \u00e9xito en la consultor\u00eda de estrategia energ\u00e9tica y energ\u00e9tica incluyen la experiencia. Los consultores de estrategia de energ\u00eda y energ\u00eda deben conocer la industria de la energ\u00eda y la energ\u00eda. Este conocimiento comprende tendencias, tecnolog\u00edas y regulaciones. Tambi\u00e9n deben tener experiencia en energ\u00edas renovables y eficiencia energ\u00e9tica. La gesti\u00f3n de riesgos energ\u00e9ticos es otro campo en el que deben tener experiencia.<\/p>\n\n\n\n<p>Los consultores de estrategia energ\u00e9tica y energ\u00e9tica deben poder analizar datos complejos. Por ejemplo, deber\u00edan saber leer las tendencias del mercado energ\u00e9tico y los cambios regulatorios. Tambi\u00e9n deber\u00edan conocer las m\u00e9tricas financieras. Luego deben utilizar este an\u00e1lisis para proporcionar informaci\u00f3n y recomendaciones a los clientes.<\/p>\n\n\n\n<p>These <a href=\"https:\/\/www.sisinternational.com\/es\/pericia\/industrias\/consultoria-de-comunicaciones-dei\/\" title=\"DEI Consultor\u00eda en Comunicaciones\"  data-wpil-monitor-id=\"7186\">consultants must be able to communicate<\/a> their findings and recommendations to clients. Thus, they must know how to speak and write well.<\/p>\n\n\n\n<p>Los consultores deben colaborar con los clientes y otras partes interesadas, como los organismos reguladores. Tienen que desarrollar y poner en pr\u00e1ctica estrategias efectivas de energ\u00eda y poder. Los consultores de estrategia energ\u00e9tica y energ\u00e9tica deben comprender las operaciones comerciales y las m\u00e9tricas financieras. Deben desarrollar estrategias que se alineen con los objetivos comerciales de sus clientes.<\/p>\n\n\n\n<p>Los consultores deben mantenerse actualizados sobre las \u00faltimas tecnolog\u00edas y tendencias en energ\u00eda y potencia. Tambi\u00e9n deben desarrollar soluciones que aborden las necesidades y desaf\u00edos \u00fanicos de sus clientes.<\/p>\n\n\n\n<h2 class=\"wp-block-heading\">Acerca de la investigaci\u00f3n de mercado de consultor\u00eda de estrategia energ\u00e9tica y energ\u00e9tica<\/h2>\n\n\n\n<figure class=\"gb-block-image gb-block-image-176d0b7f\"><img loading=\"lazy\" decoding=\"async\" width=\"1456\" height=\"816\" class=\"gb-image gb-image-176d0b7f\" src=\"https:\/\/www.sisinternational.com\/wp-content\/uploads\/2025\/09\/Asia-Energy-7.jpg\" alt=\"Investigaci\u00f3n y estrategia de mercado internacional de SIS\" title=\"Asia Energy (7)\" srcset=\"https:\/\/www.sisinternational.com\/wp-content\/uploads\/2025\/09\/Asia-Energy-7.jpg 1456w, https:\/\/www.sisinternational.com\/wp-content\/uploads\/2025\/09\/Asia-Energy-7-300x168.jpg 300w, https:\/\/www.sisinternational.com\/wp-content\/uploads\/2025\/09\/Asia-Energy-7-1024x574.jpg 1024w, https:\/\/www.sisinternational.com\/wp-content\/uploads\/2025\/09\/Asia-Energy-7-768x430.jpg 768w, https:\/\/www.sisinternational.com\/wp-content\/uploads\/2025\/09\/Asia-Energy-7-18x10.jpg 18w\" sizes=\"auto, (max-width: 1456px) 100vw, 1456px\"><\/figure>\n\n\n\n<p><\/p>\n\n\n\n<p>SIS Internacional <a href=\"https:\/\/www.sisinternational.com\/es\/agentic-ai-in-market-research\/\" title=\"Agentic AI in Market Research\"  data-wpil-monitor-id=\"491\">Research provides Energy &amp; Power Strategy Consulting<\/a> Market Research. <a class=\"wpil_keyword_link\" href=\"https:\/\/www.sisinternational.com\/es\/best-practices-for-quantitative-market-research\/\"   title=\"Mejores pr\u00e1cticas para la investigaci\u00f3n de mercado cuantitativa\" data-wpil-keyword-link=\"linked\"  data-wpil-monitor-id=\"700\">Investigaci\u00f3n de mercado cuantitativa<\/a> can help shed light on your business or market. Thus, it\u2019s valuable to power companies of any size. We also offer <a href=\"https:\/\/www.sisinternational.com\/es\/pericia\/industrias\/investigacion-de-mercado-de-generacion-de-energia\/\" title=\"Investigaci\u00f3n de mercado de generaci\u00f3n de energ\u00eda\"  data-wpil-monitor-id=\"3068\">Investigaci\u00f3n de dimensionamiento del mercado<\/a>, which helps with forecasting and market validation.<\/p>\n\n\n\n<p><a class=\"wpil_keyword_link\" href=\"https:\/\/www.sisinternational.com\/es\/future-trends-in-qualitative-market-research\/\"   title=\"Future Trends in Qualitative Market Research\" data-wpil-keyword-link=\"linked\"  data-wpil-monitor-id=\"701\">Investigaci\u00f3n de Mercado Cualitativa<\/a> is another service provided by SIS. This research provides insights into customer preferences, needs, and behaviors. It helps businesses drive growth and make better decisions. We can also help with UX Market Research, leading to improved customer satisfaction. UX Market research also improves engagement. It enables a better bottom line for your business.<\/p>\n\n\n\n<p>La investigaci\u00f3n estrat\u00e9gica de mercados es otra herramienta valiosa. Las empresas pueden utilizarlo para medir c\u00f3mo sus esfuerzos afectan a su p\u00fablico objetivo. Tambi\u00e9n hay an\u00e1lisis competitivo. Esta herramienta tiene como objetivo comprender las ventajas y desventajas de sus competidores. Tambi\u00e9n le informa sobre sus estrategias de desarrollo y caracter\u00edsticas de marketing. A partir de este conocimiento, podemos crear una estrategia de negocio (o editar una existente).<\/p>\n\n\n\n<p>Successful entry into a new <a href=\"https:\/\/www.sisinternational.com\/es\/pericia\/industrias\/investigacion-de-mercado-de-resina\/\" title=\"Investigaci\u00f3n de mercado de resina\"  data-wpil-monitor-id=\"3199\">market needs careful research<\/a> and consideration. Let SIS conduct <a href=\"https:\/\/www.sisinternational.com\/es\/pericia\/industrias\/investigacion-de-mercado-de-web-scraping\/\" title=\"Investigaci\u00f3n de mercado de raspado web\"  data-wpil-monitor-id=\"3220\">Investigaci\u00f3n de entrada al mercado<\/a> before you leap into a new market. Build a market entry strategy first. <a class=\"wpil_keyword_link\" href=\"https:\/\/www.sisinternational.com\/es\/soluciones\/consultoria-estrategica\/investigacion-de-oportunidades-de-mercado\/\"   title=\"Investigaci\u00f3n de oportunidades de mercado\" data-wpil-keyword-link=\"linked\"  data-wpil-monitor-id=\"702\">Investigaci\u00f3n de oportunidades de mercado<\/a> is another strategy used by energy &amp; power companies.<\/p>\n\n\n\n<p>Tambi\u00e9n podemos organizar Focus Groups, Encuestas y Entrevistas. Estas herramientas le ayudan a informar su estrategia de comercializaci\u00f3n. \u00a1Contactanos hoy para una consulta!<\/p>","protected":false},"excerpt":{"rendered":"<p>Energy &amp; Power Strategy Consulting es un campo especializado que brinda orientaci\u00f3n estrat\u00e9gica y experiencia a clientes en los sectores de energ\u00eda y potencia.<\/p>","protected":false},"author":1,"featured_media":65531,"parent":14514,"menu_order":239,"comment_status":"closed","ping_status":"closed","template":"","meta":{"footnotes":""},"class_list":["post-42322","page","type-page","status-publish","has-post-thumbnail"],"_links":{"self":[{"href":"https:\/\/www.sisinternational.com\/es\/wp-json\/wp\/v2\/pages\/42322","targetHints":{"allow":["GET"]}}],"collection":[{"href":"https:\/\/www.sisinternational.com\/es\/wp-json\/wp\/v2\/pages"}],"about":[{"href":"https:\/\/www.sisinternational.com\/es\/wp-json\/wp\/v2\/types\/page"}],"author":[{"embeddable":true,"href":"https:\/\/www.sisinternational.com\/es\/wp-json\/wp\/v2\/users\/1"}],"replies":[{"embeddable":true,"href":"https:\/\/www.sisinternational.com\/es\/wp-json\/wp\/v2\/comments?post=42322"}],"version-history":[{"count":11,"href":"https:\/\/www.sisinternational.com\/es\/wp-json\/wp\/v2\/pages\/42322\/revisions"}],"predecessor-version":[{"id":80749,"href":"https:\/\/www.sisinternational.com\/es\/wp-json\/wp\/v2\/pages\/42322\/revisions\/80749"}],"up":[{"embeddable":true,"href":"https:\/\/www.sisinternational.com\/es\/wp-json\/wp\/v2\/pages\/14514"}],"wp:featuredmedia":[{"embeddable":true,"href":"https:\/\/www.sisinternational.com\/es\/wp-json\/wp\/v2\/media\/65531"}],"wp:attachment":[{"href":"https:\/\/www.sisinternational.com\/es\/wp-json\/wp\/v2\/media?parent=42322"}],"curies":[{"name":"wp","href":"https:\/\/api.w.org\/{rel}","templated":true}]}}