{"id":42316,"date":"2023-04-12T13:37:27","date_gmt":"2023-04-12T17:37:27","guid":{"rendered":"https:\/\/www.sisinternational.com\/?page_id=42316"},"modified":"2026-01-26T19:01:43","modified_gmt":"2026-01-27T00:01:43","slug":"estudio-de-mercado-de-ascensores","status":"publish","type":"page","link":"https:\/\/www.sisinternational.com\/es\/pericia\/estudio-de-mercado-de-ascensores\/","title":{"rendered":"Investigaci\u00f3n de mercado de ascensores"},"content":{"rendered":"<h1 class=\"wp-block-heading\">Investigaci\u00f3n de mercado de ascensores<\/h1>\n\n\n\n<figure class=\"gb-block-image gb-block-image-e78ffaa2\"><img loading=\"lazy\" decoding=\"async\" width=\"1456\" height=\"816\" class=\"gb-image gb-image-e78ffaa2\" src=\"https:\/\/www.sisinternational.com\/wp-content\/uploads\/2025\/08\/Elevator-2.jpg\" alt=\"Investigaci\u00f3n y estrategia de mercado internacional de SIS\" title=\"Elevator (2)\" srcset=\"https:\/\/www.sisinternational.com\/wp-content\/uploads\/2025\/08\/Elevator-2.jpg 1456w, https:\/\/www.sisinternational.com\/wp-content\/uploads\/2025\/08\/Elevator-2-300x168.jpg 300w, https:\/\/www.sisinternational.com\/wp-content\/uploads\/2025\/08\/Elevator-2-1024x574.jpg 1024w, https:\/\/www.sisinternational.com\/wp-content\/uploads\/2025\/08\/Elevator-2-768x430.jpg 768w, https:\/\/www.sisinternational.com\/wp-content\/uploads\/2025\/08\/Elevator-2-18x10.jpg 18w\" sizes=\"auto, (max-width: 1456px) 100vw, 1456px\"><\/figure>\n\n\n\n<p><\/p>\n\n\n\n<p>La industria de los ascensores ha experimentado un crecimiento significativo \u00faltimamente y, para mantenerse al d\u00eda con este incre\u00edble aumento y seguir siendo competitivos, la investigaci\u00f3n de mercado es crucial para las empresas que operan en este sector.<\/p>\n\n\n\n<p>Con una investigaci\u00f3n exhaustiva del mercado de ascensores, las empresas pueden descubrir informaci\u00f3n valiosa sobre los clientes y reconocer nuevas tendencias o tecnolog\u00edas que les ayudar\u00e1n a mantenerse por delante de la competencia y prosperar en esta industria competitiva.<\/p>\n\n\n\n<h2 class=\"wp-block-heading\">\u00bfQu\u00e9 es la investigaci\u00f3n de mercado de ascensores?<\/h2>\n\n\n\n<p>Elevator market research helps companies to make informed decisions about their product offerings, services, and marketing plans. This type of analysis involves gathering and analyzing data related to trends in the field, the size of its industry players, <a href=\"https:\/\/www.sisinternational.com\/es\/pericia\/industrias\/investigacion-de-mercado-de-la-industria-de-viajes-compartidos\/\" title=\"Investigaci\u00f3n de mercado de viajes compartidos\"  data-wpil-monitor-id=\"8231\">share within it compared to other markets<\/a>, anticipating challenges that may come up, and other factors affecting growth opportunities.<\/p>\n\n\n\n<p>This type of analysis enables businesses to make smarter decisions about their investment <a href=\"https:\/\/www.sisinternational.com\/es\/soluciones\/consultoria-estrategica\/consultoria-de-ejecucion-de-desarrollo-de-estrategia\/\" title=\"Consultor\u00eda en Desarrollo y Ejecuci\u00f3n de Estrategias\"  data-wpil-monitor-id=\"8242\">strategies and product developments<\/a> for greater ROI. By taking advantage of the intelligence gathered through elevator market research, businesses can obtain a competitive edge in their field and put them on track to success over time.<\/p>\n\n\n\n<p>Adem\u00e1s, la industria de los ascensores es un sector en constante expansi\u00f3n con una amplia gama de productos, como ascensores de pasajeros y de carga, escaleras mec\u00e1nicas y pasillos m\u00f3viles. Con la creciente urbanizaci\u00f3n en todo el mundo y la necesidad de una mayor movilidad en los edificios, la demanda en este campo ha aumentado. Gracias a los recientes avances tecnol\u00f3gicos, los ascensores actuales son m\u00e1s fiables que nunca. No s\u00f3lo garantizan la seguridad sino que tambi\u00e9n ofrecen operaciones m\u00e1s inteligentes.<\/p>\n\n\n\n<h2 class=\"wp-block-heading\">Tendencias e impulsores clave del mercado<\/h2>\n\n\n\n<figure class=\"gb-block-image gb-block-image-cd32988a\"><img loading=\"lazy\" decoding=\"async\" width=\"1456\" height=\"816\" class=\"gb-image gb-image-cd32988a\" src=\"https:\/\/www.sisinternational.com\/wp-content\/uploads\/2025\/08\/Elevator-1.jpg\" alt=\"Investigaci\u00f3n y estrategia de mercado internacional de SIS\" title=\"Elevator (1)\" srcset=\"https:\/\/www.sisinternational.com\/wp-content\/uploads\/2025\/08\/Elevator-1.jpg 1456w, https:\/\/www.sisinternational.com\/wp-content\/uploads\/2025\/08\/Elevator-1-300x168.jpg 300w, https:\/\/www.sisinternational.com\/wp-content\/uploads\/2025\/08\/Elevator-1-1024x574.jpg 1024w, https:\/\/www.sisinternational.com\/wp-content\/uploads\/2025\/08\/Elevator-1-768x430.jpg 768w, https:\/\/www.sisinternational.com\/wp-content\/uploads\/2025\/08\/Elevator-1-18x10.jpg 18w\" sizes=\"auto, (max-width: 1456px) 100vw, 1456px\"><\/figure>\n\n\n\n<p><\/p>\n\n\n\n<p>The elevator <a href=\"https:\/\/www.sisinternational.com\/es\/soluciones\/investigacion-de-mercado-de-crecimiento-corporativo-internacional\/\" title=\"Estudio del mercado internacional del crecimiento empresarial\"  data-wpil-monitor-id=\"8247\">market has been witnessing significant growth<\/a> over the past few years. There are several key market trends and drivers that are contributing to this growth, including:<\/p>\n\n\n\n<ul class=\"wp-block-list\">\n<li><strong>Urbanizaci\u00f3n creciente:<\/strong> Con el auge de la vida urbana, los edificios de gran altura son cada vez m\u00e1s frecuentes. Esto provoc\u00f3 un fuerte aumento de las solicitudes de ascensores para facilitar el transporte.<\/li>\n\n\n\n<li><a href=\"https:\/\/www.sisinternational.com\/es\/soluciones\/investigacion-de-mercado-de-ia-y-consultoria-estrategica\/tecnologia-industria-automatizacion-inteligencia-artificial-consultoria\/\" title=\"Consultor\u00eda en Inteligencia Artificial y Automatizaci\u00f3n de la Industria Tecnol\u00f3gica\"  data-wpil-monitor-id=\"8244\">Technological advancements: The elevator industry<\/a> is in a perpetual state of evolution, introducing breakthrough technologies such as smart elevators, destination control systems, and machine-room-less elevators. Such advancements are designed to amplify safety, maximize efficiency and improve the overall user experience when using an elevator.<\/li>\n\n\n\n<li><strong>Demanda creciente de los mercados emergentes:<\/strong> Urbanization in countries such as China, India, and Brazil is driving the increasing demand for elevators, intensifying the growth of the elevator market. This rapid urban development has had a profound impact on these emerging <a href=\"https:\/\/www.sisinternational.com\/es\/soluciones\/consultoria-estrategica\/investigacion-de-oportunidades-de-mercado\/\" title=\"Investigaci\u00f3n de oportunidades de mercado\"  data-wpil-monitor-id=\"8233\">markets by creating an array of opportunities<\/a> to leverage this expanding industry.<\/li>\n\n\n\n<li><strong>Aumento de la adopci\u00f3n de ascensores energ\u00e9ticamente eficientes:<\/strong> Existe una necesidad cada vez mayor de ascensores energ\u00e9ticamente eficientes que utilicen tecnolog\u00eda de vanguardia, como accionamientos regenerativos, iluminaci\u00f3n LED y sistemas de gesti\u00f3n de energ\u00eda para ayudar a conservar los recursos.<\/li>\n\n\n\n<li><strong>Regulaciones gubernamentales y est\u00e1ndares de seguridad:<\/strong> Los gobiernos de todo el mundo est\u00e1n exigiendo normas de seguridad m\u00e1s estrictas, y esto es especialmente cierto en los pa\u00edses de Am\u00e9rica del Norte y Europa. Para mantenerse al d\u00eda con estos cambios, los fabricantes de ascensores deben desarrollar modelos confiables que cumplan con estos altos est\u00e1ndares de seguridad. En otras palabras, tienen que producir ascensores que prioricen su seguridad por encima de todo.<\/li>\n\n\n\n<li><strong>Ascensores inteligentes:<\/strong> El Internet de las Cosas (IoT) est\u00e1 revolucionando la industria. Estos dispositivos inteligentes aprovechan sensores de alta calidad y algoritmos de aprendizaje autom\u00e1tico de vanguardia para optimizar el uso de los ascensores, disminuir los tiempos de espera y conservar energ\u00eda con una eficiencia sin precedentes.<\/li>\n\n\n\n<li><strong>Ascensores verdes:<\/strong> Con la creciente prevalencia de los problemas medioambientales, se est\u00e1n desarrollando sistemas de ascensores m\u00e1s sostenibles. La atenci\u00f3n se centra principalmente en motores energ\u00e9ticamente eficientes y en la reducci\u00f3n del uso de materiales peligrosos, as\u00ed como en sistemas para generar energ\u00eda a partir de las operaciones de elevaci\u00f3n.<\/li>\n\n\n\n<li><strong>Digitalizaci\u00f3n:<\/strong> Los avances digitales est\u00e1n cambiando la faz de la industria de los ascensores, poniendo el foco en los sistemas conectados, la computaci\u00f3n en la nube y el an\u00e1lisis de big data.<\/li>\n<\/ul>\n\n\n\n<h2 class=\"wp-block-heading\">Oportunidades<\/h2>\n\n\n\n<ul class=\"wp-block-list\">\n<li>Conducting elevator market <a href=\"https:\/\/www.sisinternational.com\/es\/pericia\/industrias\/estudio-de-mercado-de-cableado-estructurado\/\" title=\"Investigaci\u00f3n de mercado de cableado estructurado\"  data-wpil-monitor-id=\"7196\">investigaci\u00f3n<\/a> helps organizations identify which countries are most likely to possess an ever-expanding demand for these vital structures. Knowing this information allows businesses to expand into previously untapped regions with a ready customer base.<\/li>\n\n\n\n<li>By keeping abreast of the latest advancements and trends, businesses can incorporate innovative features into their products for a modern edge in today&#8217;s market. <a href=\"https:\/\/www.sisinternational.com\/es\/pericia\/curriculums-de-experiencia\/investigacion-de-marca\/\" title=\"Empresa de investigaci\u00f3n de marca\"  data-wpil-monitor-id=\"8236\">Researching these improvements can assist companies<\/a> to stay up-to-date with all that technology has to offer.<\/li>\n\n\n\n<li>As the demand for sustainable, energy-efficient elevators grows, <a href=\"https:\/\/www.sisinternational.com\/es\/soluciones\/voz-del-cliente\/\" title=\"Investigaci\u00f3n de la voz del cliente\"  data-wpil-monitor-id=\"8239\">research can provide invaluable insights into customer<\/a> requirements and keep businesses updated with these trends. Companies should use this valuable information to design and create green elevators that meet these needs and exceed expectations.<\/li>\n\n\n\n<li>By delving into what customers need, companies can uncover immense growth opportunities in elevator maintenance services. Through research, businesses can create innovative <a href=\"https:\/\/www.sisinternational.com\/es\/soluciones\/investigacion-de-consultoria-estrategica-fintech\/consultoria-de-adquisicion-de-clientes-de-servicios-financieros\/\" title=\"Consultor\u00eda de adquisici\u00f3n de clientes de servicios financieros\"  data-wpil-monitor-id=\"8251\">service offerings that respond to customer<\/a> requirements.<\/li>\n\n\n\n<li>La utilizaci\u00f3n de tecnolog\u00edas modernas en ascensores est\u00e1 creciendo r\u00e1pidamente y funciones como paneles de control sin contacto y sensores biom\u00e9tricos son cada vez m\u00e1s accesibles. Para satisfacer las expectativas de los clientes y desarrollar nuevos productos interesantes con innovaciones de vanguardia, la investigaci\u00f3n del mercado de ascensores puede proporcionar informaci\u00f3n sobre las caracter\u00edsticas que m\u00e1s les interesan a los clientes.<\/li>\n<\/ul>\n\n\n\n<h2 class=\"wp-block-heading\">Desaf\u00edos<\/h2>\n\n\n\n<ul class=\"wp-block-list\">\n<li>La investigaci\u00f3n de mercado de ascensores puede resultar costosa, especialmente si implica encuestas o an\u00e1lisis de datos extensos. Este costo puede convertirse en un obst\u00e1culo importante para las nuevas empresas que intentan comprender esta industria.<\/li>\n\n\n\n<li>Desafortunadamente, es posible que algunas empresas de ascensores no est\u00e9n dispuestas a proporcionar datos o que solo ofrezcan una descripci\u00f3n parcial del mercado.<\/li>\n\n\n\n<li>La tecnolog\u00eda evoluciona a un ritmo vertiginoso y el sector de los ascensores no es una excepci\u00f3n. Para seguir siendo competitivo en este panorama en constante cambio, es esencial estar al tanto de las \u00faltimas tendencias y avances.<\/li>\n\n\n\n<li>El mercado de los ascensores es un entorno ferozmente competitivo. con distintos grandes actores y peque\u00f1as empresas emergentes que compiten por la supremac\u00eda.<\/li>\n<\/ul>\n\n\n\n<h2 class=\"wp-block-heading\">Perspectivas futuras de la investigaci\u00f3n de mercado de ascensores<\/h2>\n\n\n\n<figure class=\"gb-block-image gb-block-image-7d4348b2\"><img loading=\"lazy\" decoding=\"async\" width=\"1456\" height=\"816\" class=\"gb-image gb-image-7d4348b2\" src=\"https:\/\/www.sisinternational.com\/wp-content\/uploads\/2025\/08\/Elevator-3.jpg\" alt=\"Investigaci\u00f3n y estrategia de mercado internacional de SIS\" title=\"Elevator (3)\" srcset=\"https:\/\/www.sisinternational.com\/wp-content\/uploads\/2025\/08\/Elevator-3.jpg 1456w, https:\/\/www.sisinternational.com\/wp-content\/uploads\/2025\/08\/Elevator-3-300x168.jpg 300w, https:\/\/www.sisinternational.com\/wp-content\/uploads\/2025\/08\/Elevator-3-1024x574.jpg 1024w, https:\/\/www.sisinternational.com\/wp-content\/uploads\/2025\/08\/Elevator-3-768x430.jpg 768w, https:\/\/www.sisinternational.com\/wp-content\/uploads\/2025\/08\/Elevator-3-18x10.jpg 18w\" sizes=\"auto, (max-width: 1456px) 100vw, 1456px\"><\/figure>\n\n\n\n<p><\/p>\n\n\n\n<p>Se espera que el mercado de ascensores mantenga su trayectoria de crecimiento debido a varios factores influyentes. A medida que m\u00e1s personas se muden a las \u00e1reas urbanas, la demanda de ascensores seguir\u00e1 aumentando con la mejora de la infraestructura de transporte en las ciudades.<\/p>\n\n\n\n<p>Adem\u00e1s, es probable que los avances tecnol\u00f3gicos, como los ascensores energ\u00e9ticamente eficientes, las funciones inteligentes o los materiales avanzados, impulsen a\u00fan m\u00e1s el impulso de la industria.<\/p>\n\n\n\n<p>A medida que las econom\u00edas emergentes como China e India contin\u00faen expandiendo sus proyectos de construcci\u00f3n, habr\u00e1 un marcado aumento en la demanda de ascensores (y en la investigaci\u00f3n de mercado de ascensores), y se anticipa un \u00e9nfasis cada vez mayor en el respeto al medio ambiente y la sostenibilidad entre aquellos dentro de la industria de los ascensores. convertirse en una de sus principales tendencias en el futuro.<\/p>\n\n\n\n<p>SIS International ofrece investigaci\u00f3n cuantitativa, cualitativa y estrat\u00e9gica. Proporcionamos datos, herramientas, estrategias, informes y conocimientos para la toma de decisiones. Realizamos entrevistas, encuestas, grupos focales y muchos otros m\u00e9todos y enfoques de investigaci\u00f3n de mercado. Cont\u00e1ctenos para su pr\u00f3ximo proyecto de Investigaci\u00f3n de Mercado.<\/p>","protected":false},"excerpt":{"rendered":"<p>La investigaci\u00f3n integral del mercado de ascensores de SIS ofrece informaci\u00f3n valiosa sobre los clientes e identifica nuevas tendencias y tecnolog\u00edas para ayudar a las empresas.<\/p>","protected":false},"author":1,"featured_media":64801,"parent":14514,"menu_order":238,"comment_status":"closed","ping_status":"closed","template":"","meta":{"footnotes":""},"class_list":["post-42316","page","type-page","status-publish","has-post-thumbnail"],"_links":{"self":[{"href":"https:\/\/www.sisinternational.com\/es\/wp-json\/wp\/v2\/pages\/42316","targetHints":{"allow":["GET"]}}],"collection":[{"href":"https:\/\/www.sisinternational.com\/es\/wp-json\/wp\/v2\/pages"}],"about":[{"href":"https:\/\/www.sisinternational.com\/es\/wp-json\/wp\/v2\/types\/page"}],"author":[{"embeddable":true,"href":"https:\/\/www.sisinternational.com\/es\/wp-json\/wp\/v2\/users\/1"}],"replies":[{"embeddable":true,"href":"https:\/\/www.sisinternational.com\/es\/wp-json\/wp\/v2\/comments?post=42316"}],"version-history":[{"count":5,"href":"https:\/\/www.sisinternational.com\/es\/wp-json\/wp\/v2\/pages\/42316\/revisions"}],"predecessor-version":[{"id":81385,"href":"https:\/\/www.sisinternational.com\/es\/wp-json\/wp\/v2\/pages\/42316\/revisions\/81385"}],"up":[{"embeddable":true,"href":"https:\/\/www.sisinternational.com\/es\/wp-json\/wp\/v2\/pages\/14514"}],"wp:featuredmedia":[{"embeddable":true,"href":"https:\/\/www.sisinternational.com\/es\/wp-json\/wp\/v2\/media\/64801"}],"wp:attachment":[{"href":"https:\/\/www.sisinternational.com\/es\/wp-json\/wp\/v2\/media?parent=42316"}],"curies":[{"name":"wp","href":"https:\/\/api.w.org\/{rel}","templated":true}]}}