{"id":42304,"date":"2023-04-11T21:06:00","date_gmt":"2023-04-12T01:06:00","guid":{"rendered":"https:\/\/www.sisinternational.com\/?page_id=42304"},"modified":"2026-01-26T18:50:41","modified_gmt":"2026-01-26T23:50:41","slug":"investigacion-de-mercado-del-algodon","status":"publish","type":"page","link":"https:\/\/www.sisinternational.com\/es\/pericia\/investigacion-de-mercado-del-algodon\/","title":{"rendered":"Investigaci\u00f3n de mercado del algod\u00f3n"},"content":{"rendered":"<h1 class=\"wp-block-heading\">Investigaci\u00f3n de mercado del algod\u00f3n<\/h1>\n\n\n\n<figure class=\"gb-block-image gb-block-image-d6b03065\"><img loading=\"lazy\" decoding=\"async\" width=\"1456\" height=\"816\" class=\"gb-image gb-image-d6b03065\" src=\"https:\/\/www.sisinternational.com\/wp-content\/uploads\/2025\/08\/Cotton-3.jpg\" alt=\"Investigaci\u00f3n y estrategia de mercado internacional de SIS\" title=\"Cotton (3)\" srcset=\"https:\/\/www.sisinternational.com\/wp-content\/uploads\/2025\/08\/Cotton-3.jpg 1456w, https:\/\/www.sisinternational.com\/wp-content\/uploads\/2025\/08\/Cotton-3-300x168.jpg 300w, https:\/\/www.sisinternational.com\/wp-content\/uploads\/2025\/08\/Cotton-3-1024x574.jpg 1024w, https:\/\/www.sisinternational.com\/wp-content\/uploads\/2025\/08\/Cotton-3-768x430.jpg 768w, https:\/\/www.sisinternational.com\/wp-content\/uploads\/2025\/08\/Cotton-3-18x10.jpg 18w\" sizes=\"auto, (max-width: 1456px) 100vw, 1456px\"><\/figure>\n\n\n\n<p><\/p>\n\n\n\n<p>El algod\u00f3n es una de las fibras naturales m\u00e1s omnipresentes del planeta y se espera que su demanda crezca en los pr\u00f3ximos a\u00f1os. Adem\u00e1s, se utiliza en una amplia gama de industrias, como la textil, la producci\u00f3n de prendas de vestir, la fabricaci\u00f3n de papel y los suministros m\u00e9dicos. Por esta raz\u00f3n, es esencial realizar una investigaci\u00f3n del mercado del algod\u00f3n para reconocer las tendencias relevantes dentro de esta industria, los catalizadores clave para el crecimiento o el declive y las oportunidades futuras para capitalizar este crecimiento.<\/p>\n\n\n\n<h2 class=\"wp-block-heading\">\u00bfQu\u00e9 es la investigaci\u00f3n de mercado del algod\u00f3n?<\/h2>\n\n\n\n<p>La investigaci\u00f3n del mercado del algod\u00f3n implica recopilar datos de todos los sectores, como agricultores, procesadores, fabricantes y minoristas, a trav\u00e9s de entrevistas, encuestas y grupos focales.<\/p>\n\n\n\n<p>Es \u00fatil obtener una comprensi\u00f3n integral de las condiciones del mercado del algod\u00f3n, lo que permite a las empresas tomar decisiones estrat\u00e9gicas en lo que respecta a inversiones, producci\u00f3n, comercializaci\u00f3n y otros aspectos de las operaciones comerciales.<\/p>\n\n\n\n<h2 class=\"wp-block-heading\">Importancia de la investigaci\u00f3n del mercado del algod\u00f3n<\/h2>\n\n\n\n<p>Actualmente, el mercado mundial del algod\u00f3n es una industria sofisticada y altamente competitiva, donde la oferta y la demanda est\u00e1n fuertemente influenciadas por varios factores, como el clima, las regulaciones gubernamentales, los acuerdos comerciales globales y los gustos cambiantes de los clientes, entre otros.<\/p>\n\n\n\n<p>A pesar del panorama en constante cambio de la industria, el avance tecnol\u00f3gico y las pr\u00e1cticas sostenibles est\u00e1n impulsando la innovaci\u00f3n a un ritmo r\u00e1pido, lo que permite a las organizaciones crecer mientras se adaptan a las condiciones modernas del mercado.<\/p>\n\n\n\n<p>En consecuencia, conocer el mercado del algod\u00f3n por dentro y por fuera es fundamental para las empresas que participan en este espacio. En particular, brinda a las empresas los siguientes beneficios:<\/p>\n\n\n\n<ul class=\"wp-block-list\">\n<li>Understanding market trends: Keeping <a href=\"https:\/\/www.sisinternational.com\/es\/pericia\/industrias\/investigacion-de-mercado-de-seguimiento-de-tendencias\/\" title=\"Investigaci\u00f3n de mercado de seguimiento de tendencias\"  data-wpil-monitor-id=\"9883\">track of the evolving cotton market<\/a> is crucial for companies to remain competitive. It enables businesses to stay abreast of current trends, including fluctuations in consumer choices, shifts in global supply-and-demand dynamics, and advancements in technology \u2013 and cotton market research can help a business successfully adjust its strategies accordingly.<\/li>\n\n\n\n<li>Identificaci\u00f3n de nuevas oportunidades: las empresas pueden utilizar la investigaci\u00f3n del mercado del algod\u00f3n para descubrir v\u00edas potenciales de expansi\u00f3n y oportunidades de crecimiento, como mercados sin explotar o nuevas implementaciones de fibras de algod\u00f3n.<\/li>\n\n\n\n<li>Mitigar el riesgo: las empresas pueden aprovechar la investigaci\u00f3n del mercado del algod\u00f3n para prever riesgos potenciales. Esto puede incluir modificaciones en las regulaciones gubernamentales o variaciones en los precios y el suministro. Con esta informaci\u00f3n, est\u00e1n mejor posicionados para tomar buenas decisiones que reducir\u00e1n el impacto de estas amenazas.<\/li>\n\n\n\n<li>Improving marketing strategies: Cotton market research can be instrumental in gaining an understanding of customer trends and bias, which allows <a href=\"https:\/\/www.sisinternational.com\/es\/publicaciones\/investigacion-de-mercado-empresarial-escalable-7-formas-de-construir-un-negocio-escalable\/\" title=\"Investigaci\u00f3n de mercado empresarial escalable: 7 formas de construir un negocio escalable\"  data-wpil-monitor-id=\"9891\">businesses to hone their marketing<\/a> plans and messages for maximum impact.<\/li>\n<\/ul>\n\n\n\n<h2 class=\"wp-block-heading\">Tendencias e impulsores clave del mercado<\/h2>\n\n\n\n<figure class=\"gb-block-image gb-block-image-1ae4cb66\"><img loading=\"lazy\" decoding=\"async\" width=\"1456\" height=\"816\" class=\"gb-image gb-image-1ae4cb66\" src=\"https:\/\/www.sisinternational.com\/wp-content\/uploads\/2025\/08\/Cotton-1.jpg\" alt=\"Investigaci\u00f3n y estrategia de mercado internacional de SIS\" title=\"Cotton (1)\" srcset=\"https:\/\/www.sisinternational.com\/wp-content\/uploads\/2025\/08\/Cotton-1.jpg 1456w, https:\/\/www.sisinternational.com\/wp-content\/uploads\/2025\/08\/Cotton-1-300x168.jpg 300w, https:\/\/www.sisinternational.com\/wp-content\/uploads\/2025\/08\/Cotton-1-1024x574.jpg 1024w, https:\/\/www.sisinternational.com\/wp-content\/uploads\/2025\/08\/Cotton-1-768x430.jpg 768w, https:\/\/www.sisinternational.com\/wp-content\/uploads\/2025\/08\/Cotton-1-18x10.jpg 18w\" sizes=\"auto, (max-width: 1456px) 100vw, 1456px\"><\/figure>\n\n\n\n<ul class=\"wp-block-list\">\n<li>Cotton is an in-demand commodity worldwide. Emerging economies such as India and China are quickly increasing their demand for cotton-based products, with even established <a href=\"https:\/\/www.sisinternational.com\/es\/cobertura\/europa\/investigacion-de-mercado-jersey-europa\/\" title=\"Investigaci\u00f3n de mercado en Jersey, Europa\"  data-wpil-monitor-id=\"7078\">markets like the US and Europe<\/a> fueling further growth of this market trend.<\/li>\n\n\n\n<li>Los recientes avances tecnol\u00f3gicos est\u00e1n revolucionando la producci\u00f3n de algod\u00f3n. El resultado de estos avances es un aumento espectacular de los rendimientos y cultivos de calidad superior que conducen a ahorros de costos para todos los actores de la cadena de valor del algod\u00f3n.<\/li>\n\n\n\n<li>Existe una demanda creciente de art\u00edculos de algod\u00f3n sostenibles. Esto ha desencadenado pr\u00e1cticas de fabricaci\u00f3n ecol\u00f3gicas, como el algod\u00f3n org\u00e1nico y de comercio justo, adem\u00e1s de una mayor transparencia en toda la cadena de suministro.<\/li>\n\n\n\n<li>El mercado del algod\u00f3n es propenso a sufrir fluctuaciones dram\u00e1ticas debido a la inestabilidad de la oferta y la demanda, adem\u00e1s de las transformaciones macroecon\u00f3micas. Como resultado, esto presenta dificultades para los productores y comerciantes, as\u00ed como oportunidades para quienes conocen las estrategias de gesti\u00f3n de riesgos.<\/li>\n<\/ul>\n\n\n\n<h2 class=\"wp-block-heading\">Oportunidades y tendencias de la investigaci\u00f3n del mercado del algod\u00f3n.<\/h2>\n\n\n\n<ul class=\"wp-block-list\">\n<li>Con una investigaci\u00f3n exhaustiva del mercado del algod\u00f3n, las empresas pueden identificar las demandas y preferencias de los clientes que dar\u00e1n forma a la creaci\u00f3n de productos innovadores a base de algod\u00f3n. Permite a las partes interesadas de la industria, como productores, fabricantes y minoristas, obtener datos valiosos y tomar decisiones estrat\u00e9gicas bien informadas.<\/li>\n\n\n\n<li>By undertaking cotton market research, companies can gain access to <a href=\"https:\/\/www.sisinternational.com\/es\/how-to-conduct-in-depth-interviews-for-market-insights\/\" title=\"C\u00f3mo realizar entrevistas exhaustivas para obtener informaci\u00f3n sobre el mercado\"  data-wpil-monitor-id=\"9885\">insights about new markets<\/a> and potential applications for cotton, which could lead to immense expansion opportunities.<\/li>\n\n\n\n<li>Al realizar una investigaci\u00f3n exhaustiva del mercado del algod\u00f3n, las empresas pueden sacar a la luz pr\u00e1cticas m\u00e1s sostenibles y soluciones innovadoras que ayudar\u00e1n a reducir la huella ecol\u00f3gica de la producci\u00f3n de algod\u00f3n.<\/li>\n\n\n\n<li>La utilizaci\u00f3n de tecnolog\u00edas novedosas como la agricultura de precisi\u00f3n, los drones y la inteligencia artificial se ha adoptado ampliamente en el cultivo de algod\u00f3n para aumentar la productividad, disminuir los costos y disminuir el da\u00f1o ambiental.<\/li>\n\n\n\n<li>Climate change has created a difficult situation for cotton farmers around the world with its irregular rainfalls, extreme weather events, and higher temperatures. Research is actively being conducted to develop drought-resistant <a href=\"https:\/\/www.sisinternational.com\/es\/pericia\/industrias\/investigacion-de-mercado-de-agua-embotellada\/\" title=\"Investigaci\u00f3n de mercado de agua embotellada\"  data-wpil-monitor-id=\"4970\">cotton<\/a> varieties that can better tolerate these conditions as well as increase water efficiency during farming.<\/li>\n<\/ul>\n\n\n\n<h2 class=\"wp-block-heading\">Desaf\u00edos<\/h2>\n\n\n\n<ul class=\"wp-block-list\">\n<li>El mercado del algod\u00f3n es muy impredecible y los precios var\u00edan seg\u00fan diferentes aspectos, como las condiciones clim\u00e1ticas, la demanda mundial y las regulaciones gubernamentales. Esto hace que sea casi imposible pronosticar con precisi\u00f3n el futuro o tomar decisiones acertadas a largo plazo.<\/li>\n\n\n\n<li>La sostenibilidad es una prioridad cada vez mayor para la industria algodonera, pero adoptar procedimientos m\u00e1s sostenibles y monitorear su progreso puede resultar bastante costoso.<\/li>\n\n\n\n<li>El aumento de las fibras sint\u00e9ticas puede provocar una fuerte ca\u00edda en la demanda de productos de algod\u00f3n debido a su menor costo de producci\u00f3n y facilidad de uso. Esto ejerce una enorme presi\u00f3n sobre el precio de mercado de los productos de algod\u00f3n.<\/li>\n\n\n\n<li>A medida que cambian las demandas de los consumidores, la investigaci\u00f3n del mercado del algod\u00f3n debe adaptarse en consecuencia para garantizar la precisi\u00f3n y aplicabilidad. Es imperativo que estemos al tanto de las preferencias siempre cambiantes de los clientes para seguir siendo competitivos.<\/li>\n<\/ul>\n\n\n\n<h2 class=\"wp-block-heading\">Perspectivas futuras de la investigaci\u00f3n del mercado del algod\u00f3n<\/h2>\n\n\n\n<figure class=\"gb-block-image gb-block-image-7d257258\"><img loading=\"lazy\" decoding=\"async\" width=\"1456\" height=\"816\" class=\"gb-image gb-image-7d257258\" src=\"https:\/\/www.sisinternational.com\/wp-content\/uploads\/2025\/08\/Cotton-4.jpg\" alt=\"Investigaci\u00f3n y estrategia de mercado internacional de SIS\" title=\"Cotton (4)\" srcset=\"https:\/\/www.sisinternational.com\/wp-content\/uploads\/2025\/08\/Cotton-4.jpg 1456w, https:\/\/www.sisinternational.com\/wp-content\/uploads\/2025\/08\/Cotton-4-300x168.jpg 300w, https:\/\/www.sisinternational.com\/wp-content\/uploads\/2025\/08\/Cotton-4-1024x574.jpg 1024w, https:\/\/www.sisinternational.com\/wp-content\/uploads\/2025\/08\/Cotton-4-768x430.jpg 768w, https:\/\/www.sisinternational.com\/wp-content\/uploads\/2025\/08\/Cotton-4-18x10.jpg 18w\" sizes=\"auto, (max-width: 1456px) 100vw, 1456px\"><\/figure>\n\n\n\n<p><\/p>\n\n\n\n<p>The cotton industry has prospects for a bright future full of opportunities, but it is vital to understand the likelihood of difficulties. As sales of sustainable and organic cotton become increasingly popular with consumers, the <a href=\"https:\/\/www.sisinternational.com\/es\/pericia\/industrias\/investigacion-de-mercado-del-cambio-climatico\/\" title=\"Investigaci\u00f3n de mercado del cambio clim\u00e1tico\"  data-wpil-monitor-id=\"9889\">market must adjust to meet these changing<\/a> needs. Furthermore, advances in technology and production techniques are likely to be key factors in the advancement of this sector.<\/p>\n\n\n\n<p>La incorporaci\u00f3n de nuevas tecnolog\u00edas como la agricultura de precisi\u00f3n, el an\u00e1lisis de datos y el blockchain tambi\u00e9n se est\u00e1n convirtiendo en componentes fundamentales que asegurar\u00e1n la transparencia y la trazabilidad en toda la cadena de suministro. Por lo tanto, es fundamental vigilar de cerca las condiciones del mercado en constante evoluci\u00f3n.<\/p>\n\n\n\n<p>Despite the success of the cotton industry, looming challenges remain on the horizon. Climate change could cause a strain on water sources, pest control, and weather conditions \u2013 all major factors for any cotton producer. Additionally, unstable <a href=\"https:\/\/www.sisinternational.com\/es\/soluciones\/investigacion-de-consultoria-estrategica-fintech\/investigacion-de-mercado-de-comercio-algoritmico\/\" title=\"Investigaci\u00f3n de mercado de comercio algor\u00edtmico\"  data-wpil-monitor-id=\"9887\">trade policies and market<\/a> disruptions could result in price fluctuations that would significantly affect buyers and sellers alike.<\/p>\n\n\n\n<p><a href=\"https:\/\/www.sisinternational.com\/es\/sis-presenta-una-plataforma-de-analisis-cuantitativo-y-ciencia-de-datos\/\" title=\"SIS presenta plataforma de an\u00e1lisis cuantitativo y ciencia de datos\"  data-wpil-monitor-id=\"9877\">SIS International offers Quantitative<\/a>, Qualitative, and Strategy Research. We provide data, tools, strategies, reports and insights for decision-making. We conduct interviews, surveys, <a href=\"https:\/\/www.sisinternational.com\/es\/soluciones\/investigacion-de-mercado-de-grupo-focal\/\" title=\"Investigaci\u00f3n de mercado con grupos focales\"  data-wpil-monitor-id=\"9879\">focus groups and many other Market Research<\/a> methods and approaches. Contact us for your <a href=\"https:\/\/www.sisinternational.com\/es\/pericia\/industrias\/investigacion-de-mercado-de-tecnologias-de-proxima-generacion\/\" title=\"Investigaci\u00f3n de mercado de tecnolog\u00edas de pr\u00f3xima generaci\u00f3n\"  data-wpil-monitor-id=\"9881\">next Market Research<\/a> proyecto.<\/p>","protected":false},"excerpt":{"rendered":"<p>La investigaci\u00f3n del mercado del algod\u00f3n recopila datos de agricultores, procesadores, fabricantes y minoristas a trav\u00e9s de entrevistas, encuestas y grupos focales.<\/p>","protected":false},"author":1,"featured_media":64271,"parent":14514,"menu_order":236,"comment_status":"closed","ping_status":"closed","template":"","meta":{"footnotes":""},"class_list":["post-42304","page","type-page","status-publish","has-post-thumbnail"],"_links":{"self":[{"href":"https:\/\/www.sisinternational.com\/es\/wp-json\/wp\/v2\/pages\/42304","targetHints":{"allow":["GET"]}}],"collection":[{"href":"https:\/\/www.sisinternational.com\/es\/wp-json\/wp\/v2\/pages"}],"about":[{"href":"https:\/\/www.sisinternational.com\/es\/wp-json\/wp\/v2\/types\/page"}],"author":[{"embeddable":true,"href":"https:\/\/www.sisinternational.com\/es\/wp-json\/wp\/v2\/users\/1"}],"replies":[{"embeddable":true,"href":"https:\/\/www.sisinternational.com\/es\/wp-json\/wp\/v2\/comments?post=42304"}],"version-history":[{"count":6,"href":"https:\/\/www.sisinternational.com\/es\/wp-json\/wp\/v2\/pages\/42304\/revisions"}],"predecessor-version":[{"id":81641,"href":"https:\/\/www.sisinternational.com\/es\/wp-json\/wp\/v2\/pages\/42304\/revisions\/81641"}],"up":[{"embeddable":true,"href":"https:\/\/www.sisinternational.com\/es\/wp-json\/wp\/v2\/pages\/14514"}],"wp:featuredmedia":[{"embeddable":true,"href":"https:\/\/www.sisinternational.com\/es\/wp-json\/wp\/v2\/media\/64271"}],"wp:attachment":[{"href":"https:\/\/www.sisinternational.com\/es\/wp-json\/wp\/v2\/media?parent=42304"}],"curies":[{"name":"wp","href":"https:\/\/api.w.org\/{rel}","templated":true}]}}