{"id":42297,"date":"2023-04-11T18:06:04","date_gmt":"2023-04-11T22:06:04","guid":{"rendered":"https:\/\/www.sisinternational.com\/?page_id=42297"},"modified":"2026-01-25T19:05:38","modified_gmt":"2026-01-26T00:05:38","slug":"cosmeticos-en-mexico-investigacion-de-mercado","status":"publish","type":"page","link":"https:\/\/www.sisinternational.com\/es\/cobertura\/latin-america\/investigacion-de-mercado-de-america-latina\/cosmeticos-en-mexico-investigacion-de-mercado\/","title":{"rendered":"Investigaci\u00f3n de Mercado de Cosm\u00e9ticos en M\u00e9xico"},"content":{"rendered":"<h1 class=\"wp-block-heading p1\">Investigaci\u00f3n de Mercado de Cosm\u00e9ticos en M\u00e9xico<\/h1>\n\n\n<div class=\"wp-block-image\">\n<figure class=\"aligncenter size-large is-resized\"><img loading=\"lazy\" decoding=\"async\" width=\"1024\" height=\"574\" src=\"https:\/\/www.sisinternational.com\/wp-content\/uploads\/2025\/09\/Cosmetics-in-mexico-3-1024x574.jpg\" alt=\"Investigaci\u00f3n y estrategia de mercado internacional de SIS\" class=\"wp-image-66238\" style=\"width:1350px\" srcset=\"https:\/\/www.sisinternational.com\/wp-content\/uploads\/2025\/09\/Cosmetics-in-mexico-3-1024x574.jpg 1024w, https:\/\/www.sisinternational.com\/wp-content\/uploads\/2025\/09\/Cosmetics-in-mexico-3-300x168.jpg 300w, https:\/\/www.sisinternational.com\/wp-content\/uploads\/2025\/09\/Cosmetics-in-mexico-3-768x430.jpg 768w, https:\/\/www.sisinternational.com\/wp-content\/uploads\/2025\/09\/Cosmetics-in-mexico-3-18x10.jpg 18w, https:\/\/www.sisinternational.com\/wp-content\/uploads\/2025\/09\/Cosmetics-in-mexico-3.jpg 1456w\" sizes=\"auto, (max-width: 1024px) 100vw, 1024px\" \/><\/figure>\n<\/div>\n\n\n<p><\/p>\n\n\n\n<p class=\"p2\">El mercado de los cosm\u00e9ticos ha experimentado varios cambios en las \u00faltimas d\u00e9cadas basados en las demandas de los consumidores, las preocupaciones medioambientales, la \u00e9tica y la rentabilidad. Dado que los consumidores est\u00e1n m\u00e1s informados sobre el cuidado de la piel y los cosm\u00e9ticos en general y la creciente conciencia del impacto en el medio ambiente y los animales, las empresas tienen que idear productos y estrategias de marketing innovadores para ingresar a este mercado altamente competitivo. En consecuencia, la investigaci\u00f3n de mercado de cosm\u00e9ticos en M\u00e9xico se ha vuelto indispensable para cualquier negocio que pretenda seguir un camino exitoso en esta industria.<\/p>\n\n\n\n<h2 class=\"wp-block-heading p2\">Descripci\u00f3n general de la investigaci\u00f3n de mercado de cosm\u00e9ticos en M\u00e9xico<\/h2>\n\n\n\n<p class=\"p2\">El mundo est\u00e1 cambiando y la mayor\u00eda de las empresas avanzan en una direcci\u00f3n m\u00e1s sostenible. Tambi\u00e9n lo es la industria cosm\u00e9tica. En 2021, el Senado de M\u00e9xico vot\u00f3 un\u00e1nimemente para prohibir la experimentaci\u00f3n con animales para cosm\u00e9ticos, lo que no solo fue una decisi\u00f3n hist\u00f3rica, sino que M\u00e9xico tambi\u00e9n se convirti\u00f3 en el primer pa\u00eds de Am\u00e9rica del Norte en hacerlo.<\/p>\n\n\n\n<p class=\"p2\">Cosmetics play a key role in Mexico\u2019s business world, and thus, conducting market <a href=\"https:\/\/www.sisinternational.com\/es\/pericia\/industrias\/investigacion-de-persona-extrema\/\" title=\"Investigaci\u00f3n de personas extremas\"  data-wpil-monitor-id=\"3367\">research is of extreme<\/a> importance for companies looking to build or expand their presence in the cosmetics industry. The country still attracts investors who have established manufacturing and distribution plants there and who use Mexico as their distribution center for Latin America.<\/p>\n\n\n\n<p class=\"p2\">M\u00e1s importante a\u00fan, la clase media mexicana ha crecido considerablemente en los \u00faltimos a\u00f1os. Tambi\u00e9n lo ha hecho su presupuesto de gasto, y no podemos olvidar el aumento del nivel de Ingreso Bruto, que provoca un efecto significativo en los patrones y tendencias del consumo.<\/p>\n\n\n\n<h2 class=\"wp-block-heading p2\">Tendencias e impulsores clave en la industria cosm\u00e9tica<\/h2>\n\n\n\n<p class=\"p2\">Los cosm\u00e9ticos y el cuidado personal representan un subsector esencial de los bienes de consumo en M\u00e9xico. El pa\u00eds est\u00e1 clasificado entre los diez primeros del mundo en cosm\u00e9tica y productos de cuidado personal. Adem\u00e1s, es uno de los mercados de productos de belleza m\u00e1s grandes de Am\u00e9rica Latina.<\/p>\n\n\n\n<p class=\"p2\">M\u00e9xico tambi\u00e9n importa una gran cantidad de productos de belleza de Corea del Sur, pero Estados Unidos sigue siendo el principal importador del pa\u00eds.<\/p>\n\n\n\n<h2 class=\"wp-block-heading p2\">Oportunidades en la industria cosm\u00e9tica<\/h2>\n\n\n\n<p class=\"p2\"><a href=\"https:\/\/www.sisinternational.com\/es\/investigacion-de-mercado-tijuana-mexico\/\" title=\"Investigaci\u00f3n de Mercado en Tijuana, M\u00e9xico\"  data-wpil-monitor-id=\"2539\">Mexico\u2019s cosmetics market<\/a> is expected to grow. Moreover, the increasing demand for organic, non-animal-tested, and cruelty-free products makes the Mexican cosmetics market much more attractive to consumers.<\/p>\n\n\n\n<p class=\"p2\">No s\u00f3lo las mujeres sino tambi\u00e9n los hombres realizan una gran cantidad de compras de cosm\u00e9ticos y productos para el cuidado de la piel y el cabello. Una creciente conciencia de la belleza y una mayor variedad de marcas impulsan a los clientes masculinos a realizar m\u00e1s compras online y en tiendas especializadas, supermercados, farmacias, etc.<\/p>\n\n\n\n<p class=\"p2\">Dentro de M\u00e9xico, las diversas empresas de belleza y cuidado son altamente competitivas, lo que impulsa muchas estrategias comerciales diferentes para atraer y mantener clientela; por ejemplo, innovaciones de productos, expansi\u00f3n, fusiones, asociaciones y adquisiciones. Construir una presencia en l\u00ednea con un sitio web personal u ofrecer productos en las principales plataformas minoristas en l\u00ednea como Amazon tambi\u00e9n juega un papel esencial.<\/p>\n\n\n\n<p class=\"p2\">En cuanto a la distribuci\u00f3n, la venta directa tiene la mayor cuota de mercado, seguida de cerca por los supermercados. En lo que respecta a los anuncios, la publicidad agresiva y el patrocinio de espect\u00e1culos son los m\u00e9todos m\u00e1s comunes.<\/p>\n\n\n\n<h2 class=\"wp-block-heading p2\">Desaf\u00edos de la Cosm\u00e9tica en M\u00e9xico<\/h2>\n\n\n\n<p class=\"p2\">Although Mexico\u2019s free trade agreements with most countries are essentially a good thing, they can present a challenge. Thanks to the free trade agreements, consumers can buy cosmetics and skin care products from Europe, North America, and Asia, and as a result, they have a large selection to choose from. This leads to intense competition for any company that is looking at exports to Mexico. The list of companies such as Procter &amp; Gamble, Unilever, Colgate-Palmolive, Est\u00e9e Lauder, Betterware de Mexico, L\u2019OREAL, and more may provide a testing environment for a new enterprise. Consequently, it requires <a href=\"https:\/\/www.sisinternational.com\/es\/pericia\/industrias\/estudio-de-mercado-de-maquinaria-pesada\/\" title=\"Investigaci\u00f3n de mercado de maquinaria pesada\"  data-wpil-monitor-id=\"5393\">heavy investment in marketing<\/a>, online as well as offline. That being said, there is still ample opportunity for international players to enter this market.<\/p>\n\n\n\n<p class=\"p2\">En general, los consumidores mexicanos gastan mucho dinero en productos de belleza. Al tener una amplia variedad de opciones disponibles y muchos de los productos se producen localmente, los compradores tienen acceso a precios m\u00e1s bajos, lo que a menudo puede dejar productos importados m\u00e1s caros en los estantes. Los compradores suelen buscar los productos con el mejor precio. Aun as\u00ed, gran parte del consumidor mexicano tambi\u00e9n est\u00e1 dispuesto a invertir en grandes marcas internacionales y\/o tendencias actuales. A pesar de la tendencia a buscar productos econ\u00f3micos, todav\u00eda existe una gran demanda de marcas premium y de lujo, principalmente entre la clase media alta.<\/p>\n\n\n\n<h2 class=\"wp-block-heading p2\">Cl\u00fasteres de innovaci\u00f3n analizar\u00e1n la cosm\u00e9tica en M\u00e9xico<\/h2>\n\n\n\n<p class=\"p2\">La industria cosm\u00e9tica est\u00e1 creciendo en M\u00e9xico y, a pesar de la fuerte competencia, una gran demanda de cosm\u00e9ticos y productos de belleza genera m\u00e1s oportunidades.<\/p>\n\n\n\n<p class=\"p2\">El cuidado de la piel y la cosm\u00e9tica masculina son un nicho prometedor, ya que el inter\u00e9s de los hombres por verse bien cuidados y j\u00f3venes ha aumentado considerablemente. En este mercado se buscan productos esenciales como b\u00e1lsamo labial, loci\u00f3n para manos, crema para ojos, t\u00f3nico, limpiador, protector solar y otros.<\/p>\n\n\n\n<p class=\"p2\">En los \u00faltimos a\u00f1os han surgido por todas partes barber\u00edas y tiendas especializadas que atienden las necesidades de la piel y el cabello de los hombres y ofrecen una variedad de productos.<\/p>\n\n\n\n<p class=\"p2\">Adem\u00e1s, una mayor conciencia sobre la exposici\u00f3n solar tambi\u00e9n ha llevado a m\u00e1s compras de productos SPF. Hoy en d\u00eda, los consumidores prestan m\u00e1s atenci\u00f3n a los cosm\u00e9ticos que protegen la piel. Por lo tanto, se espera que los protectores solares y los cosm\u00e9ticos con bloqueador solar aumenten su popularidad en los pr\u00f3ximos a\u00f1os.<\/p>\n\n\n\n<p class=\"p2\">Adem\u00e1s, los cosm\u00e9ticos de color (incluidos los esmaltes de u\u00f1as y los productos para u\u00f1as en general) est\u00e1n muy de moda y representan una buena oportunidad de inversi\u00f3n. Incluso con una amplia competencia, se puede llegar a los consumidores con tendencias atractivas y precios competitivos. Los consumidores tambi\u00e9n tienden a descubrir nuevas marcas (mexicanas e internacionales) a trav\u00e9s de videotutoriales y blogs.<\/p>\n\n\n\n<p class=\"p2\">Por \u00faltimo, no se puede subestimar la importancia de los productos org\u00e1nicos y naturales. Debido a una mayor comprensi\u00f3n de sus beneficios para la salud, esos productos tienen mucha demanda. Adem\u00e1s, el mercado vegano tambi\u00e9n est\u00e1 creciendo exponencialmente ya que cada vez m\u00e1s consumidores est\u00e1n tomando conciencia de la crueldad y los derechos de los animales y quieren realizar compras \u00e9ticamente responsables. La demanda de productos que no sean testados en animales y que ni siquiera contengan ingredientes animales est\u00e1 aumentando significativamente.<\/p>\n\n\n\n<h2 class=\"wp-block-heading p3\">Perspectivas Futuras de los Cosm\u00e9ticos en M\u00e9xico<\/h2>\n\n\n\n<p class=\"p2\">El valor del mercado de cosm\u00e9ticos se ha mantenido estable durante los \u00faltimos a\u00f1os y se espera que crezca. Los consumidores mexicanos gastan una cantidad sustancial cada a\u00f1o en cosm\u00e9ticos, y se espera que la creciente demanda de productos naturales, org\u00e1nicos, no probados en animales, libres de crueldad y envases ecol\u00f3gicos impulse a\u00fan m\u00e1s la industria. A pesar del mercado altamente competitivo, brinda una oportunidad de inversi\u00f3n, nuevos lanzamientos y expansi\u00f3n.<\/p>\n\n\n\n<p class=\"p2\">SIS International ofrece investigaci\u00f3n cuantitativa, cualitativa y estrat\u00e9gica. Proporcionamos datos, herramientas, estrategias, informes y conocimientos para la toma de decisiones. Realizamos entrevistas, encuestas, grupos focales y otros m\u00e9todos y enfoques de investigaci\u00f3n de mercado. Cont\u00e1ctenos para su pr\u00f3ximo proyecto de Investigaci\u00f3n de Mercado.<span class=\"Apple-converted-space\">&nbsp;<\/span><\/p>","protected":false},"excerpt":{"rendered":"<p>Los cosm\u00e9ticos juegan un papel clave en el mundo empresarial de M\u00e9xico; por lo tanto, realizar una investigaci\u00f3n de mercado es extremadamente importante.<\/p>","protected":false},"author":1,"featured_media":66238,"parent":14351,"menu_order":28,"comment_status":"closed","ping_status":"closed","template":"","meta":{"footnotes":""},"class_list":["post-42297","page","type-page","status-publish","has-post-thumbnail"],"_links":{"self":[{"href":"https:\/\/www.sisinternational.com\/es\/wp-json\/wp\/v2\/pages\/42297","targetHints":{"allow":["GET"]}}],"collection":[{"href":"https:\/\/www.sisinternational.com\/es\/wp-json\/wp\/v2\/pages"}],"about":[{"href":"https:\/\/www.sisinternational.com\/es\/wp-json\/wp\/v2\/types\/page"}],"author":[{"embeddable":true,"href":"https:\/\/www.sisinternational.com\/es\/wp-json\/wp\/v2\/users\/1"}],"replies":[{"embeddable":true,"href":"https:\/\/www.sisinternational.com\/es\/wp-json\/wp\/v2\/comments?post=42297"}],"version-history":[{"count":6,"href":"https:\/\/www.sisinternational.com\/es\/wp-json\/wp\/v2\/pages\/42297\/revisions"}],"predecessor-version":[{"id":79177,"href":"https:\/\/www.sisinternational.com\/es\/wp-json\/wp\/v2\/pages\/42297\/revisions\/79177"}],"up":[{"embeddable":true,"href":"https:\/\/www.sisinternational.com\/es\/wp-json\/wp\/v2\/pages\/14351"}],"wp:featuredmedia":[{"embeddable":true,"href":"https:\/\/www.sisinternational.com\/es\/wp-json\/wp\/v2\/media\/66238"}],"wp:attachment":[{"href":"https:\/\/www.sisinternational.com\/es\/wp-json\/wp\/v2\/media?parent=42297"}],"curies":[{"name":"wp","href":"https:\/\/api.w.org\/{rel}","templated":true}]}}