{"id":42293,"date":"2023-04-11T17:18:02","date_gmt":"2023-04-11T21:18:02","guid":{"rendered":"https:\/\/www.sisinternational.com\/?page_id=42293"},"modified":"2026-03-12T13:26:58","modified_gmt":"2026-03-12T17:26:58","slug":"investigacion-de-mercado-de-maiz","status":"publish","type":"page","link":"https:\/\/www.sisinternational.com\/es\/soluciones\/investigacion-de-mercado-de-la-industria-de-alimentos-y-bebidas\/investigacion-de-mercado-de-maiz\/","title":{"rendered":"Investigaci\u00f3n de mercado de ma\u00edz"},"content":{"rendered":"<h1 class=\"wp-block-heading\">Investigaci\u00f3n de mercado de ma\u00edz<\/h1>\n\n\n\n<figure class=\"gb-block-image gb-block-image-eb595c56\"><img loading=\"lazy\" decoding=\"async\" width=\"1456\" height=\"816\" class=\"gb-image gb-image-eb595c56\" src=\"https:\/\/www.sisinternational.com\/wp-content\/uploads\/2025\/08\/Corn-1.jpg\" alt=\"Investigaci\u00f3n y estrategia de mercado internacional de SIS\" title=\"Corn (1)\" srcset=\"https:\/\/www.sisinternational.com\/wp-content\/uploads\/2025\/08\/Corn-1.jpg 1456w, https:\/\/www.sisinternational.com\/wp-content\/uploads\/2025\/08\/Corn-1-300x168.jpg 300w, https:\/\/www.sisinternational.com\/wp-content\/uploads\/2025\/08\/Corn-1-1024x574.jpg 1024w, https:\/\/www.sisinternational.com\/wp-content\/uploads\/2025\/08\/Corn-1-768x430.jpg 768w, https:\/\/www.sisinternational.com\/wp-content\/uploads\/2025\/08\/Corn-1-18x10.jpg 18w\" sizes=\"auto, (max-width: 1456px) 100vw, 1456px\"><\/figure>\n\n\n\n<p><\/p>\n\n\n\n<p class=\"p1\">La investigaci\u00f3n de mercado de ma\u00edz es la recopilaci\u00f3n, el an\u00e1lisis y la interpretaci\u00f3n met\u00f3dica de datos e informaci\u00f3n relacionados con la producci\u00f3n, el consumo y la distribuci\u00f3n de ma\u00edz y productos a base de ma\u00edz. La investigaci\u00f3n del mercado del ma\u00edz proporciona informaci\u00f3n sobre las tendencias del mercado, el comportamiento del consumidor y los factores competitivos que influyen en la industria del ma\u00edz.<\/p>\n\n\n\n<p class=\"p1\">La investigaci\u00f3n sobre el mercado del ma\u00edz se puede realizar en una variedad de etapas de producci\u00f3n y distribuci\u00f3n, desde el cultivo de ma\u00edz en granjas hasta la venta de productos a base de ma\u00edz en las tiendas de comestibles. Tambi\u00e9n lo pueden realizar cultivadores, procesadores, distribuidores y minoristas, entre otras partes interesadas de la industria.<\/p>\n\n\n\n<p>Dado que el ma\u00edz es un cultivo muy buscado, la industria agr\u00edcola mundial depende en gran medida de \u00e9l. Sin embargo, a medida que la competencia se vuelve a\u00fan m\u00e1s intensa en el mercado del ma\u00edz debido a los cambios en los gustos y demandas de los clientes, las empresas dentro de este espacio deben ir un paso por delante y tener un conocimiento profundo de estas tendencias.<\/p>\n\n\n\n<p>Por lo tanto, la investigaci\u00f3n del mercado del ma\u00edz es una herramienta fundamental para ayudar a las empresas a tomar decisiones estrat\u00e9gicas, identificar nuevas oportunidades y maximizar el potencial de crecimiento. Al recopilar y analizar datos sobre la industria del ma\u00edz (como el comportamiento del consumidor, la actividad de la competencia y las tendencias del mercado), las empresas pueden obtener informaci\u00f3n valiosa para informar sus estrategias, mejorar sus ofertas de servicios y acelerar el crecimiento de los ingresos.<\/p>\n\n\n\n<h2 class=\"wp-block-heading p1\">Descripci\u00f3n general del producto de investigaci\u00f3n de mercado de ma\u00edz<\/h2>\n\n\n\n<h3 class=\"wp-block-heading p2\">El ma\u00edz es un cultivo vers\u00e1til con numerosos usos, que incluyen alimento para animales, etanol y productos culinarios e industriales. Las tres categor\u00edas m\u00e1s importantes de productos de ma\u00edz son:<\/h3>\n\n\n\n<p class=\"p2\"><strong>Alimentaci\u00f3n animal<\/strong><\/p>\n\n\n\n<p class=\"p2\">El ma\u00edz es el ingrediente principal de la alimentaci\u00f3n animal. El crecimiento de la poblaci\u00f3n, los niveles de ingresos y los cambios en la dieta afectan la demanda de piensos para animales. En los pa\u00edses en desarrollo donde la demanda de carne y productos l\u00e1cteos est\u00e1 aumentando, se prev\u00e9 que la demanda de piensos aumentar\u00e1 sustancialmente.<\/p>\n\n\n\n<p class=\"p2\"><strong>Biocombustible<\/strong><\/p>\n\n\n\n<p class=\"p2\">El ma\u00edz tambi\u00e9n es una fuente importante de etanol, un biocombustible que se combina con gasolina para reducir las emisiones de carbono. Los mandatos e incentivos gubernamentales, as\u00ed como las preocupaciones sobre el cambio clim\u00e1tico y la seguridad energ\u00e9tica, impulsan la demanda de etanol.<span class=\"Apple-converted-space\">&nbsp;<\/span><\/p>\n\n\n\n<p class=\"p2\"><strong>Productos alimenticios<\/strong><\/p>\n\n\n\n<p class=\"p2\">Corn is utilized in a vast array of food products, including breakfast cereals, nibble foods, sweeteners, and cooking oil. Population growth, urbanization, and shifting dietary preferences all affect the demand for corn-based food products. Data and strategies in corn market <a href=\"https:\/\/www.sisinternational.com\/es\/investigacion-de-mercado-en-el-medio-oriente\/\" title=\"Investigaci\u00f3n de mercado en Medio Oriente\"  data-wpil-monitor-id=\"7326\">investigaci\u00f3n<\/a> show that in developing countries with an expanding middle class, the demand for processed and convenience foods is anticipated to increase.<\/p>\n\n\n\n<h2 class=\"wp-block-heading\">Descripci\u00f3n general del mercado y la importancia de la investigaci\u00f3n del mercado del ma\u00edz<\/h2>\n\n\n\n<p>El ma\u00edz es un producto b\u00e1sico mundial no s\u00f3lo por su uso en la producci\u00f3n de alimentos, sino tambi\u00e9n para piensos, biocombustibles y aplicaciones industriales, y la demanda de todas las formas de este producto vers\u00e1til es cada vez mayor. Sin embargo, el precio del ma\u00edz es vulnerable a los cambios frecuentes. cambio, influenciado por una variedad de fuerzas externas, desde patrones clim\u00e1ticos y rendimientos de cultivos hasta din\u00e1micas de oferta y demanda y pol\u00edticas gubernamentales. Estas fluctuaciones en el mercado pueden tener importantes implicaciones para diversas industrias, desde la producci\u00f3n de alimentos y la ganader\u00eda hasta la fabricaci\u00f3n de etanol.<\/p>\n\n\n\n<p>Con la investigaci\u00f3n del mercado del ma\u00edz, las empresas se mantienen actualizadas y pueden descubrir las \u00faltimas tendencias y adaptarse a las necesidades cambiantes de los consumidores. Por ejemplo, dicho an\u00e1lisis puede revelar que los clientes buscan cada vez m\u00e1s productos org\u00e1nicos y sin OGM (organismos gen\u00e9ticamente modificados).<\/p>\n\n\n\n<h2 class=\"wp-block-heading\">Oportunidades para la expansi\u00f3n del mercado del ma\u00edz<\/h2>\n\n\n\n<figure class=\"gb-block-image gb-block-image-dcb6181d\"><img loading=\"lazy\" decoding=\"async\" width=\"1456\" height=\"816\" class=\"gb-image gb-image-dcb6181d\" src=\"https:\/\/www.sisinternational.com\/wp-content\/uploads\/2025\/08\/Corn-4.jpg\" alt=\"Investigaci\u00f3n y estrategia de mercado internacional de SIS\" title=\"Corn (4)\" srcset=\"https:\/\/www.sisinternational.com\/wp-content\/uploads\/2025\/08\/Corn-4.jpg 1456w, https:\/\/www.sisinternational.com\/wp-content\/uploads\/2025\/08\/Corn-4-300x168.jpg 300w, https:\/\/www.sisinternational.com\/wp-content\/uploads\/2025\/08\/Corn-4-1024x574.jpg 1024w, https:\/\/www.sisinternational.com\/wp-content\/uploads\/2025\/08\/Corn-4-768x430.jpg 768w, https:\/\/www.sisinternational.com\/wp-content\/uploads\/2025\/08\/Corn-4-18x10.jpg 18w\" sizes=\"auto, (max-width: 1456px) 100vw, 1456px\"><\/figure>\n\n\n\n<p><\/p>\n\n\n\n<p>Aprovechar las oportunidades en el mercado mundial del ma\u00edz puede ser una inversi\u00f3n lucrativa para las partes interesadas. Al aprovechar estas oportunidades, las empresas no s\u00f3lo seguir\u00e1n siendo competitivas y satisfar\u00e1n la demanda de sus productos, sino que tambi\u00e9n ampliar\u00e1n su alcance para ganar m\u00e1s participaci\u00f3n de mercado. Tambi\u00e9n ofrece algunas oportunidades m\u00e1s como:<\/p>\n\n\n\n<ul class=\"wp-block-list\">\n<li><strong>Desarrollo de productos de ma\u00edz con valor agregado:<\/strong> Las empresas tienen la oportunidad de abrir nuevos mercados y ampliar sus flujos de ingresos mediante la creaci\u00f3n de productos de ma\u00edz con valor agregado. Pueden ser tan simples como deliciosos snacks o ingredientes m\u00e1s complejos para la industria de alimentos y bebidas, como la harina sin gluten. Al aprovechar la investigaci\u00f3n del mercado del ma\u00edz y desarrollar art\u00edculos innovadores que satisfagan las tendencias y preferencias de los consumidores, las empresas pueden aprovechar esta oportunidad \u00fanica de crecimiento.<\/li>\n\n\n\n<li><strong>Expansi\u00f3n en mercados emergentes:<\/strong> Businesses can expand their markets significantly by targeting emerging regions, especially in Asia-Pacific, Africa, and South America with the help of <a href=\"https:\/\/www.sisinternational.com\/es\/cobertura\/las-americas\/cobertura-de-estados-unidos\/investigacion-de-mercado-en-dakota-del-sur\/\" title=\"Investigaci\u00f3n de mercado en Dakota del Sur\"  data-wpil-monitor-id=\"5474\">investigaci\u00f3n de mercado de ma\u00edz<\/a>. This presents an awesome opportunity for business owners to focus on these areas as the demand for corn products increases, allowing them to grow their global presence while expanding their market share even further.<\/li>\n\n\n\n<li><strong>Colaboraci\u00f3n con agricultores y cooperativas locales:<\/strong> Al unir fuerzas con agricultores y cooperativas locales, las empresas abren sus puertas a un mundo de posibilidades. A trav\u00e9s de una estrecha colaboraci\u00f3n con la comunidad agr\u00edcola, las organizaciones pueden garantizar un acceso estable al suministro de ma\u00edz, as\u00ed como mejores procesos de manejo de cultivos para una producci\u00f3n sostenible. Adem\u00e1s, estas asociaciones pueden ayudar a las empresas a cumplir con las leyes regionales, acceder a mercados m\u00e1s nuevos con mayor facilidad y desarrollar relaciones duraderas dentro de las comunidades circundantes en las que est\u00e1n establecidas.<\/li>\n\n\n\n<li><strong>Research and development in <a href=\"https:\/\/www.sisinternational.com\/es\/pericia\/industrias\/investigacion-de-mercado-metaverso\/\" title=\"Investigaci\u00f3n de mercado del metaverso\"  data-wpil-monitor-id=\"4782\">corn<\/a> breeding and crop management:<\/strong> Invertir en iniciativas de I+D relacionadas con el mejoramiento y el manejo de cultivos de ma\u00edz puede generar muchas recompensas, como la ampliaci\u00f3n del mercado. Adem\u00e1s, la investigaci\u00f3n sobre m\u00e9todos agr\u00edcolas avanzados, como la agricultura de precisi\u00f3n o la biotecnolog\u00eda, puede dar como resultado pr\u00e1cticas agr\u00edcolas m\u00e1s efectivas que conduzcan a mejores cifras de cosecha.<\/li>\n<\/ul>\n\n\n\n<h2 class=\"wp-block-heading\">Desaf\u00edos del mercado<\/h2>\n\n\n\n<p>A medida que el mercado del ma\u00edz contin\u00faa expandi\u00e9ndose, brindando innumerables oportunidades para las partes interesadas, quedan algunos desaf\u00edos que enfrentar. Por lo tanto, es esencial que las empresas reconozcan y comprendan estos obst\u00e1culos para desarrollar estrategias efectivas que les ayuden a navegar las complejidades del floreciente mercado del ma\u00edz.<\/p>\n\n\n\n<ul class=\"wp-block-list\">\n<li><strong>Precios fluctuantes del ma\u00edz:<\/strong> Los actores del mercado del ma\u00edz se enfrentan continuamente a un desaf\u00edo de enormes proporciones: la incertidumbre de los precios del ma\u00edz. Esta variabilidad se debe principalmente a factores como la oferta y la demanda globales, las condiciones clim\u00e1ticas y las tensiones geopol\u00edticas. Es dif\u00edcil predecir ganancias potenciales o idear t\u00e1cticas comerciales cuando se enfrentan estas vol\u00e1tiles oscilaciones de precios.<\/li>\n\n\n\n<li><strong>El cambio clim\u00e1tico y su impacto en la producci\u00f3n de ma\u00edz:<\/strong> El cambio clim\u00e1tico tiene el potencial de reducir dr\u00e1sticamente las cosechas de ma\u00edz y, en consecuencia, tener un efecto grave en los rendimientos globales. Los estudios indican que incluso cambios menores en los patrones clim\u00e1ticos pueden provocar una disminuci\u00f3n de la producci\u00f3n de ma\u00edz debido a eventos extremos como inundaciones, sequ\u00edas y olas de calor.<\/li>\n\n\n\n<li><strong>Regulaciones estrictas sobre OGM y uso de pesticidas:<\/strong> A medida que m\u00e1s y m\u00e1s personas toman conciencia de los peligros que los OGM, los pesticidas sint\u00e9ticos y otras sustancias representan para el medio ambiente y la salud humana, ha sido necesario establecer regulaciones. Desafortunadamente para las empresas involucradas en el mercado del ma\u00edz, cumplir con estas reglas puede ser una tarea desalentadora. No s\u00f3lo necesitan cambiar sus t\u00e9cnicas de producci\u00f3n, sino tambi\u00e9n invertir en variedades de ma\u00edz no transg\u00e9nicas o utilizar estrategias alternativas de manejo de plagas. Sin embargo, la investigaci\u00f3n del mercado del ma\u00edz puede ayudar a las empresas a comprender las regulaciones m\u00e1s recientes de la industria.<\/li>\n<\/ul>\n\n\n\n<h2 class=\"wp-block-heading p1\">M\u00e9todos de investigaci\u00f3n del mercado del ma\u00edz<\/h2>\n\n\n\n<figure class=\"gb-block-image gb-block-image-988ea680\"><img loading=\"lazy\" decoding=\"async\" width=\"1456\" height=\"816\" class=\"gb-image gb-image-988ea680\" src=\"https:\/\/www.sisinternational.com\/wp-content\/uploads\/2025\/08\/Corn-3.jpg\" alt=\"Investigaci\u00f3n y estrategia de mercado internacional de SIS\" title=\"Corn (3)\" srcset=\"https:\/\/www.sisinternational.com\/wp-content\/uploads\/2025\/08\/Corn-3.jpg 1456w, https:\/\/www.sisinternational.com\/wp-content\/uploads\/2025\/08\/Corn-3-300x168.jpg 300w, https:\/\/www.sisinternational.com\/wp-content\/uploads\/2025\/08\/Corn-3-1024x574.jpg 1024w, https:\/\/www.sisinternational.com\/wp-content\/uploads\/2025\/08\/Corn-3-768x430.jpg 768w, https:\/\/www.sisinternational.com\/wp-content\/uploads\/2025\/08\/Corn-3-18x10.jpg 18w\" sizes=\"auto, (max-width: 1456px) 100vw, 1456px\"><\/figure>\n\n\n\n<p><\/p>\n\n\n\n<p class=\"p2\">It&#8217;s crucial to employ the right research techniques when performing the study in order to collect precise data and strategies in <a href=\"https:\/\/www.sisinternational.com\/es\/pericia\/industrias\/q-investigacion-de-mercado-comercial\/\" title=\"Investigaci\u00f3n de mercado de Q-Commerce\"  data-wpil-monitor-id=\"4824\">corn<\/a> market research.<span class=\"Apple-converted-space\">&nbsp; <\/span>Las siguientes son algunas de las principales t\u00e9cnicas de investigaci\u00f3n:<\/p>\n\n\n\n<p class=\"p2\">Cuantitativo <a href=\"https:\/\/www.sisinternational.com\/es\/pericia\/industrias\/investigacion-de-mercado-de-resina\/\" title=\"Investigaci\u00f3n de mercado de resina\"  data-wpil-monitor-id=\"3203\">research methods in corn market<\/a> research involve the use of numerical data to measure and analyze different aspects of the industry. Here are some of the most common quantitative <a href=\"https:\/\/www.sisinternational.com\/es\/pericia\/industrias\/investigacion-de-mercado-de-web-scraping\/\" title=\"Investigaci\u00f3n de mercado de raspado web\"  data-wpil-monitor-id=\"3224\">research methods used in corn market<\/a> research, along with specific examples:<\/p>\n\n\n\n<ul class=\"wp-block-list ul1\">\n<li>Las encuestas implican plantear preguntas particulares a una muestra considerable de la poblaci\u00f3n. Por ejemplo, se podr\u00eda utilizar una encuesta para comprender la demanda de diversos productos a base de ma\u00edz o para identificar las variables que afectan las decisiones de compra de los consumidores.<\/li>\n\n\n\n<li>Los experimentos se utilizan con frecuencia para evaluar la eficacia de nuevos productos de ma\u00edz, procesos de fabricaci\u00f3n o planes de marketing. Por ejemplo, se podr\u00eda realizar una prueba para ver en qu\u00e9 medida una nueva t\u00e9cnica de protecci\u00f3n de cultivos afecta los rendimientos del ma\u00edz.<\/li>\n\n\n\n<li>Un enfoque eficaz para analizar datos cuantitativos en la investigaci\u00f3n del mercado del ma\u00edz es el an\u00e1lisis estad\u00edstico. Para encontrar patrones y tendencias, se deben utilizar enfoques estad\u00edsticos para analizar conjuntos de datos masivos. Por ejemplo, el an\u00e1lisis estad\u00edstico podr\u00eda usarse para identificar las variables que afectan el precio del ma\u00edz o proyectar la demanda futura de productos de ma\u00edz.<\/li>\n\n\n\n<li>A <a href=\"https:\/\/www.sisinternational.com\/es\/universidad-taylor\/\" title=\"Estudio de investigaci\u00f3n de mercado del plan de estudios universitario\"  data-wpil-monitor-id=\"6268\">case study<\/a> is an in-depth analysis of a particular condition or pattern in the grain market. For instance, it could be carried out to examine how government policies have affected the corn sector in a particular area or to comprehend the dynamics of the corn industry&#8217;s supply chain.<\/li>\n\n\n\n<li>La identificaci\u00f3n de la asociaci\u00f3n entre dos o m\u00e1s factores del mercado del ma\u00edz es el objetivo del an\u00e1lisis de correlaci\u00f3n. Por ejemplo, el an\u00e1lisis de correlaci\u00f3n podr\u00eda usarse para comprender la conexi\u00f3n entre los patrones clim\u00e1ticos y los rendimientos del ma\u00edz o para identificar las variables que afectan los precios de los productos de ma\u00edz.<\/li>\n<\/ul>\n\n\n\n<p class=\"p2\">Cualitativo <a href=\"https:\/\/www.sisinternational.com\/es\/cobertura\/las-americas\/investigacion-de-mercado-en-el-caribe\/investigacion-de-mercado-montserrat\/\" title=\"Investigaci\u00f3n de Mercado en Montserrat\"  data-wpil-monitor-id=\"3246\">research methods in corn market<\/a> research involve the collection and analysis of non-numerical data, such as opinions, attitudes, and beliefs. Here are some of the most common qualitative <a href=\"https:\/\/www.sisinternational.com\/es\/cobertura\/las-americas\/investigacion-de-mercado-de-america-latina\/investigacion-de-mercado-rio-de-janeiro\/\" title=\"Investigaci\u00f3n de mercado en R\u00edo de Janeiro\"  data-wpil-monitor-id=\"3273\">research methods used in corn market<\/a> research, along with specific examples:<\/p>\n\n\n\n<ul class=\"wp-block-list ul1\">\n<li>Observaci\u00f3n sistem\u00e1tica y documentaci\u00f3n de acciones e interacciones dentro de la industria del ma\u00edz. Por ejemplo, se podr\u00edan realizar observaciones para comprender la producci\u00f3n de ma\u00edz o detectar ineficiencias en la cadena de suministro.<\/li>\n\n\n\n<li>A <a href=\"https:\/\/www.sisinternational.com\/es\/mejorar-la-penetracion-en-el-mercado-a-traves-de-un-plan-de-marketing-integral\/\" title=\"Mejorar la penetraci\u00f3n del mercado a trav\u00e9s de un plan de marketing integral\"  data-wpil-monitor-id=\"6543\">case study<\/a> is an in-depth examination of a particular circumstance or pattern in the grain market. For instance, a case study could be carried out to examine how government policies have affected the corn sector in a particular area or to comprehend the dynamics of the corn industry&#8217;s supply chain.<\/li>\n\n\n\n<li>En las entrevistas, se interroga en profundidad a una muestra m\u00e1s peque\u00f1a de personas con conocimientos de la industria del ma\u00edz, como agricultores, procesadores o distribuidores. Se podr\u00edan realizar entrevistas, por ejemplo, para conocer las dificultades que enfrentan los agricultores de ma\u00edz o para detectar mercados potenciales para nuevos productos de ma\u00edz.<\/li>\n\n\n\n<li>El an\u00e1lisis de contenido implica el examen met\u00f3dico de datos escritos o visuales, como publicaciones en redes sociales o anuncios. Por ejemplo, el an\u00e1lisis de contenido podr\u00eda usarse para examinar los comentarios de los clientes sobre productos a base de ma\u00edz o para comprender el significado de los esfuerzos de marketing de productos de ma\u00edz.<\/li>\n<\/ul>\n\n\n\n<h2 class=\"wp-block-heading\">Perspectivas y proyecciones futuras<\/h2>\n\n\n\n<p>El futuro del mercado mundial del ma\u00edz parece brillante, con tendencias actuales y oportunidades potenciales que presentan numerosas posibilidades para los actores conocedores del mercado. Al avanzar en los conocimientos emergentes en este sector, los l\u00edderes empresariales pueden posicionarse mejor para aprovechar las oportunidades rentables en la industria.<\/p>\n\n\n\n<ul class=\"wp-block-list\">\n<li><strong>Impacto de las tendencias actuales en el mercado del ma\u00edz:<\/strong> The global corn market is likely to experience immense progress due to the increasing public interest in <a href=\"https:\/\/www.sisinternational.com\/es\/agricultura-sostenible-2\/\" title=\"Investigaci\u00f3n de mercado de agricultura sostenible\"  data-wpil-monitor-id=\"2434\">Agricultura sostenible<\/a> practices, non-GMO products, and cutting-edge agricultural technologies. All of these advancements will lead to higher crop yields, more opportunities for growth within the industry, and greater innovation.<\/li>\n\n\n\n<li><strong>Posibles amenazas y oportunidades:<\/strong> Corn market research reveals that businesses facing potential threats like climate change, corn pricing fluctuations, and regulatory difficulties can be daunting. But they also bring possibilities for innovators to conduct research and development as well as utilize fresh technologies and practices that could bolster the sustainability of the <a href=\"https:\/\/www.sisinternational.com\/es\/pericia\/industrias\/investigacion-de-mercado-de-vacio\/\" title=\"Investigaci\u00f3n de mercado de vac\u00edo\"  data-wpil-monitor-id=\"4855\">corn<\/a> market.<\/li>\n\n\n\n<li><strong>Crecimiento previsto del mercado y variaciones regionales:<\/strong> Se proyecta que el mercado mundial del ma\u00edz experimentar\u00e1 un crecimiento basado en una variedad de factores, como el crecimiento de la poblaci\u00f3n, la creciente necesidad de ma\u00edz en m\u00faltiples industrias y las iniciativas gubernamentales que promueven su producci\u00f3n. Sin embargo, no se deben pasar por alto las diferencias regionales; Los mercados emergentes como Asia-Pac\u00edfico, \u00c1frica y Am\u00e9rica del Sur tienen un inmenso potencial debido al aumento de las poblaciones de clase media con m\u00e1s ingresos disponibles.<\/li>\n<\/ul>\n\n\n\n<h2 class=\"wp-block-heading p1\">Acerca de la investigaci\u00f3n de mercado del ma\u00edz<\/h2>\n\n\n\n<p class=\"p2\">La investigaci\u00f3n de mercado proporciona informaci\u00f3n a los principales actores de la industria para que puedan comprender mejor las tendencias del mercado, el comportamiento de los clientes y la din\u00e1mica competitiva que afecta el negocio del ma\u00edz. Una investigaci\u00f3n de mercado constante puede ayudar a las partes interesadas a tomar decisiones acertadas con respecto a las estrategias de producci\u00f3n, precios, marketing y distribuci\u00f3n que pueden mejorar su competitividad en el mercado. Adem\u00e1s, los datos y las estrategias de la investigaci\u00f3n del mercado del ma\u00edz pueden ayudar a detectar oportunidades de innovaci\u00f3n y expansi\u00f3n, como nuevas mercanc\u00edas o dise\u00f1os de envases que puedan adaptarse a los gustos cambiantes de los consumidores o t\u00e9cnicas de producci\u00f3n de vanguardia que puedan aumentar la productividad y la sostenibilidad. La investigaci\u00f3n del mercado del ma\u00edz es una herramienta esencial para que las partes interesadas de la industria se mantengan actualizadas sobre las tendencias del mercado y las nuevas oportunidades para la innovaci\u00f3n y la expansi\u00f3n.<\/p>\n\n\n\n<p>SIS International ofrece investigaci\u00f3n cuantitativa, cualitativa y estrat\u00e9gica. Proporcionamos datos, herramientas, estrategias, informes y insights para la toma de decisiones. Realizamos entrevistas, encuestas, grupos focales y muchos otros m\u00e9todos y enfoques de investigaci\u00f3n de mercado. Cont\u00e1ctenos para su pr\u00f3ximo proyecto de Investigaci\u00f3n de Mercado.<\/p>\n\n\n\n<p><\/p>","protected":false},"excerpt":{"rendered":"<p>El ma\u00edz es un producto b\u00e1sico mundial no s\u00f3lo por su uso en la producci\u00f3n de alimentos sino tambi\u00e9n para piensos, biocombustibles y aplicaciones industriales.<\/p>","protected":false},"author":1,"featured_media":64259,"parent":22018,"menu_order":235,"comment_status":"closed","ping_status":"closed","template":"","meta":{"footnotes":""},"class_list":["post-42293","page","type-page","status-publish","has-post-thumbnail"],"_links":{"self":[{"href":"https:\/\/www.sisinternational.com\/es\/wp-json\/wp\/v2\/pages\/42293","targetHints":{"allow":["GET"]}}],"collection":[{"href":"https:\/\/www.sisinternational.com\/es\/wp-json\/wp\/v2\/pages"}],"about":[{"href":"https:\/\/www.sisinternational.com\/es\/wp-json\/wp\/v2\/types\/page"}],"author":[{"embeddable":true,"href":"https:\/\/www.sisinternational.com\/es\/wp-json\/wp\/v2\/users\/1"}],"replies":[{"embeddable":true,"href":"https:\/\/www.sisinternational.com\/es\/wp-json\/wp\/v2\/comments?post=42293"}],"version-history":[{"count":16,"href":"https:\/\/www.sisinternational.com\/es\/wp-json\/wp\/v2\/pages\/42293\/revisions"}],"predecessor-version":[{"id":80973,"href":"https:\/\/www.sisinternational.com\/es\/wp-json\/wp\/v2\/pages\/42293\/revisions\/80973"}],"up":[{"embeddable":true,"href":"https:\/\/www.sisinternational.com\/es\/wp-json\/wp\/v2\/pages\/22018"}],"wp:featuredmedia":[{"embeddable":true,"href":"https:\/\/www.sisinternational.com\/es\/wp-json\/wp\/v2\/media\/64259"}],"wp:attachment":[{"href":"https:\/\/www.sisinternational.com\/es\/wp-json\/wp\/v2\/media?parent=42293"}],"curies":[{"name":"wp","href":"https:\/\/api.w.org\/{rel}","templated":true}]}}