{"id":42283,"date":"2023-04-11T16:21:46","date_gmt":"2023-04-11T20:21:46","guid":{"rendered":"https:\/\/www.sisinternational.com\/?page_id=42283"},"modified":"2026-01-27T16:48:52","modified_gmt":"2026-01-27T21:48:52","slug":"investigacion-de-mercado-de-butano","status":"publish","type":"page","link":"https:\/\/www.sisinternational.com\/es\/pericia\/investigacion-de-mercado-de-butano\/","title":{"rendered":"Investigaci\u00f3n de mercado de butano"},"content":{"rendered":"<h1 class=\"wp-block-heading\">Investigaci\u00f3n de mercado de butano<\/h1>\n\n\n\n<figure class=\"gb-block-image gb-block-image-40b83240\"><img loading=\"lazy\" decoding=\"async\" width=\"1456\" height=\"816\" class=\"gb-image gb-image-40b83240\" src=\"https:\/\/www.sisinternational.com\/wp-content\/uploads\/2025\/08\/Butane-4.jpg\" alt=\"Investigaci\u00f3n y estrategia de mercado internacional de SIS\" title=\"Butane (4)\" srcset=\"https:\/\/www.sisinternational.com\/wp-content\/uploads\/2025\/08\/Butane-4.jpg 1456w, https:\/\/www.sisinternational.com\/wp-content\/uploads\/2025\/08\/Butane-4-300x168.jpg 300w, https:\/\/www.sisinternational.com\/wp-content\/uploads\/2025\/08\/Butane-4-1024x574.jpg 1024w, https:\/\/www.sisinternational.com\/wp-content\/uploads\/2025\/08\/Butane-4-768x430.jpg 768w, https:\/\/www.sisinternational.com\/wp-content\/uploads\/2025\/08\/Butane-4-18x10.jpg 18w\" sizes=\"auto, (max-width: 1456px) 100vw, 1456px\"><\/figure>\n\n\n\n<p><\/p>\n\n\n\n<p>El mercado del butano es una parte vital de la estructura energ\u00e9tica global, y la demanda de butano ha ido creciendo exponencialmente en todo el mundo debido a un n\u00famero cada vez mayor de clientes de diferentes sectores. Como resultado, hoy en d\u00eda, la investigaci\u00f3n del mercado del butano es esencial para mantenerse al tanto de las tendencias actuales y obtener informaci\u00f3n valiosa sobre esta industria, incluidos sus desaf\u00edos, oportunidades, perspectivas futuras, nuevas tecnolog\u00edas, entre muchos otros factores.<\/p>\n\n\n\n<h2 class=\"wp-block-heading\">Importancia de realizar una investigaci\u00f3n de mercado del butano<\/h2>\n\n\n\n<p>La investigaci\u00f3n de mercado del butano es crucial para una toma de decisiones eficaz. Proporciona la informaci\u00f3n necesaria sobre las tendencias, dificultades y perspectivas actuales que las organizaciones pueden utilizar para crear o perfeccionar sus estrategias comerciales. Con estos datos, las empresas pueden impulsar su proceso de toma de decisiones y avanzar con confianza y direcci\u00f3n.<\/p>\n\n\n\n<p>Adem\u00e1s, la investigaci\u00f3n de mercado de butano ayuda a las empresas a descubrir a sus competidores clave y comprender el tama\u00f1o de la cuota de mercado. Al obtener esta informaci\u00f3n sobre el panorama competitivo, las empresas pueden tener \u00e9xito en un entorno altamente competitivo con actores clave como ExxonMobil, British Petroleum, Royal Dutch Shell y Chevron, entre otros.<\/p>\n\n\n\n<p>De manera similar, la realizaci\u00f3n de estudios de mercado permite a las empresas comprender las preferencias de los clientes, las caracter\u00edsticas de los productos y los precios. Permite a los participantes del mercado personalizar sus ofertas de manera m\u00e1s efectiva, lo que conduce no s\u00f3lo a una mayor satisfacci\u00f3n sino tambi\u00e9n a una mayor retenci\u00f3n de clientes a largo plazo.<\/p>\n\n\n\n<h2 class=\"wp-block-heading\">Tendencias y factores clave<\/h2>\n\n\n\n<figure class=\"gb-block-image gb-block-image-6131841b\"><img loading=\"lazy\" decoding=\"async\" width=\"1456\" height=\"816\" class=\"gb-image gb-image-6131841b\" src=\"https:\/\/www.sisinternational.com\/wp-content\/uploads\/2025\/08\/Butane-2.jpg\" alt=\"Investigaci\u00f3n y estrategia de mercado internacional de SIS\" title=\"Butane (2)\" srcset=\"https:\/\/www.sisinternational.com\/wp-content\/uploads\/2025\/08\/Butane-2.jpg 1456w, https:\/\/www.sisinternational.com\/wp-content\/uploads\/2025\/08\/Butane-2-300x168.jpg 300w, https:\/\/www.sisinternational.com\/wp-content\/uploads\/2025\/08\/Butane-2-1024x574.jpg 1024w, https:\/\/www.sisinternational.com\/wp-content\/uploads\/2025\/08\/Butane-2-768x430.jpg 768w, https:\/\/www.sisinternational.com\/wp-content\/uploads\/2025\/08\/Butane-2-18x10.jpg 18w\" sizes=\"auto, (max-width: 1456px) 100vw, 1456px\"><\/figure>\n\n\n\n<p><\/p>\n\n\n\n<h3 class=\"wp-block-heading\">Varias tendencias e impulsores clave est\u00e1n dando forma al mercado del butano hoy en d\u00eda, entre ellos:<\/h3>\n\n\n\n<ul class=\"wp-block-list\">\n<li>Est\u00e1 impulsado por la creciente demanda de gas licuado de petr\u00f3leo (GLP) en las econom\u00edas emergentes, principalmente en la regi\u00f3n de Asia Pac\u00edfico y \u00c1frica. El GLP tiene m\u00faltiples aplicaciones, como calefacci\u00f3n, cocina y transporte, lo que lo convierte en un producto b\u00e1sico crucial hoy en d\u00eda para m\u00faltiples pa\u00edses.<\/li>\n\n\n\n<li>The petrochemical industry&#8217;s growth is largely due to the surging demand for Butane-derived chemicals such as Ethylene, Propylene, and Butadiene. These products are vital in industries like automotive and construction, hence fueling the expansion of the <a href=\"https:\/\/www.sisinternational.com\/es\/pericia\/industrias\/estudio-de-mercado-del-transporte-de-combustible\/\" title=\"Investigaci\u00f3n de mercado de transporte de combustible\"  data-wpil-monitor-id=\"3362\">investigaci\u00f3n de mercado de butano<\/a> even further.<\/li>\n\n\n\n<li>La transici\u00f3n a una fuente de energ\u00eda m\u00e1s ecol\u00f3gica y sostenible es inevitable. Por lo tanto, el mercado del butano enfrenta la competencia de fuentes renovables como la solar y la e\u00f3lica, y los gobiernos globales est\u00e1n promulgando regulaciones m\u00e1s estrictas que favorecen las fuentes de energ\u00eda m\u00e1s limpias. Es probable que esto tenga consecuencias de gran alcance en el mercado del butano, particularmente en lo que respecta a la demanda de GLP y petroqu\u00edmicos.<\/li>\n\n\n\n<li>Booming economies across Asia Pacific, Africa, and the <a href=\"https:\/\/www.sisinternational.com\/es\/investigacion-de-mercado-en-el-medio-oriente\/\" title=\"Investigaci\u00f3n de mercado en Medio Oriente\"  data-wpil-monitor-id=\"2923\">Oriente Medio<\/a> are showing more interest in Butane market research as their markets grow. With companies investing heavily in new production sites and distribution networks, these locations are projected to be a key driving force behind the global growth of the Butane market in upcoming years.<\/li>\n\n\n\n<li>La tecnolog\u00eda est\u00e1 surgiendo como un \u00e1rea cr\u00edtica de exploraci\u00f3n para la investigaci\u00f3n del mercado del butano, particularmente en las \u00e1reas de producci\u00f3n, almacenamiento y transporte. Las empresas est\u00e1n buscando activamente formas de aprovechar nuevas tecnolog\u00edas que puedan aumentar los niveles de eficiencia al mismo tiempo que reducen los costos y mejoran los est\u00e1ndares de seguridad relacionados con el manejo de este hidrocarburo.<\/li>\n<\/ul>\n\n\n\n<h2 class=\"wp-block-heading\">Oportunidades de la investigaci\u00f3n de mercado del butano<\/h2>\n\n\n\n<ul class=\"wp-block-list\">\n<li>A trav\u00e9s de una investigaci\u00f3n integral del mercado del butano, las empresas pueden descubrir y capitalizar oportunidades de crecimiento rentables, como descubrir nuevos mercados o l\u00edneas de productos para diversificar su cartera.<\/li>\n\n\n\n<li>Con la ayuda de la investigaci\u00f3n de mercado, las empresas pueden obtener informaci\u00f3n valiosa sobre su panorama competitivo. Esta informaci\u00f3n detallada ayuda a las organizaciones a desarrollar estrategias personalizadas, como planes de precios y t\u00e1cticas promocionales, que las diferenciar\u00e1n de sus competidores.<\/li>\n\n\n\n<li>A trav\u00e9s de la investigaci\u00f3n de mercado del butano, las empresas pueden acceder a informaci\u00f3n valiosa sobre los clientes, desde las caracter\u00edsticas del producto hasta los precios y el empaque. Esto no s\u00f3lo permite a las empresas personalizar sus ofertas para satisfacer las demandas de los clientes, sino que tambi\u00e9n ayuda a generar un mayor nivel de satisfacci\u00f3n y un mayor crecimiento de las ventas.<\/li>\n\n\n\n<li>Ayuda a las empresas a identificar y comprender tendencias, problemas y oportunidades para tomar mejores decisiones sobre su estrategia para minimizar el riesgo cuando se trata de invertir en mercados, productos o tecnolog\u00edas que pueden no generar un retorno de la inversi\u00f3n (ROI).<\/li>\n\n\n\n<li>Las empresas pueden establecerse como expertos de la industria en el mercado del butano interactuando con los clientes y realizando investigaciones de mercado.<\/li>\n<\/ul>\n\n\n\n<h2 class=\"wp-block-heading\">Retos del mercado del butano<\/h2>\n\n\n\n<figure class=\"gb-block-image gb-block-image-e3d1eb3e\"><img loading=\"lazy\" decoding=\"async\" width=\"1456\" height=\"816\" class=\"gb-image gb-image-e3d1eb3e\" src=\"https:\/\/www.sisinternational.com\/wp-content\/uploads\/2025\/08\/Butane-3.jpg\" alt=\"Investigaci\u00f3n y estrategia de mercado internacional de SIS\" title=\"Butane (3)\" srcset=\"https:\/\/www.sisinternational.com\/wp-content\/uploads\/2025\/08\/Butane-3.jpg 1456w, https:\/\/www.sisinternational.com\/wp-content\/uploads\/2025\/08\/Butane-3-300x168.jpg 300w, https:\/\/www.sisinternational.com\/wp-content\/uploads\/2025\/08\/Butane-3-1024x574.jpg 1024w, https:\/\/www.sisinternational.com\/wp-content\/uploads\/2025\/08\/Butane-3-768x430.jpg 768w, https:\/\/www.sisinternational.com\/wp-content\/uploads\/2025\/08\/Butane-3-18x10.jpg 18w\" sizes=\"auto, (max-width: 1456px) 100vw, 1456px\"><\/figure>\n\n\n\n<ul class=\"wp-block-list\">\n<li>El comercio de butano tiene una red de suministro compleja, lo que dificulta obtener datos precisos sobre la producci\u00f3n, la circulaci\u00f3n y los costos. Esto puede generar disparidades en los datos del mercado, complicando el proceso de llegar a conclusiones fundamentadas con fines comerciales.<\/li>\n\n\n\n<li>El sector del butano est\u00e1 influenciado por una amplia gama de regulaciones y pol\u00edticas, que pueden diferir de un mercado a otro. Esto a menudo dificulta que las empresas consultoras naveguen por este complejo entorno legal. En consecuencia, las empresas que trabajan en esta industria deben identificar formas de negociar con \u00e9xito estas barreras regulatorias para seguir siendo competitivas.<\/li>\n\n\n\n<li>Con los precios siempre cambiantes del butano y sus derivados, puede resultar dif\u00edcil para las empresas determinar la demanda futura y tomar decisiones estrat\u00e9gicas. La volatilidad tambi\u00e9n puede crear incertidumbre en su planificaci\u00f3n de mercado.<\/li>\n\n\n\n<li>El avance tecnol\u00f3gico es una constante en el mercado del butano, especialmente en el caso del GLP y la petroqu\u00edmica. Lidiar con estos cambios puede resultar desalentador para las peque\u00f1as empresas, que pueden carecer de recursos para invertir en herramientas de vanguardia.<\/li>\n<\/ul>\n\n\n\n<h2 class=\"wp-block-heading\">Perspectiva del futuro<\/h2>\n\n\n\n<h3 class=\"wp-block-heading\">Se espera que el mercado del butano crezca en los pr\u00f3ximos a\u00f1os, impulsado por diversos factores, entre ellos los siguientes:<\/h3>\n\n\n\n<figure class=\"gb-block-image gb-block-image-c41dc4b9\"><img loading=\"lazy\" decoding=\"async\" width=\"1456\" height=\"816\" class=\"gb-image gb-image-c41dc4b9\" src=\"https:\/\/www.sisinternational.com\/wp-content\/uploads\/2025\/08\/Butane-1.jpg\" alt=\"Investigaci\u00f3n y estrategia de mercado internacional de SIS\" title=\"Butane (1)\" srcset=\"https:\/\/www.sisinternational.com\/wp-content\/uploads\/2025\/08\/Butane-1.jpg 1456w, https:\/\/www.sisinternational.com\/wp-content\/uploads\/2025\/08\/Butane-1-300x168.jpg 300w, https:\/\/www.sisinternational.com\/wp-content\/uploads\/2025\/08\/Butane-1-1024x574.jpg 1024w, https:\/\/www.sisinternational.com\/wp-content\/uploads\/2025\/08\/Butane-1-768x430.jpg 768w, https:\/\/www.sisinternational.com\/wp-content\/uploads\/2025\/08\/Butane-1-18x10.jpg 18w\" sizes=\"auto, (max-width: 1456px) 100vw, 1456px\"><\/figure>\n\n\n\n<ul class=\"wp-block-list\">\n<li>As the need for petrochemicals expands, the demand for butane market research will rise accordingly to meet this growing requirement. Petrochemicals have a variety of applications that span from plastics and <a class=\"wpil_keyword_link\" href=\"https:\/\/www.sisinternational.com\/es\/pericia\/industrias\/estudio-de-mercado-de-pinturas-revestimientos-y-tintas-de-impresion\/\"   title=\"Investigaci\u00f3n de mercado de pinturas, revestimientos y tintas de impresi\u00f3n\" data-wpil-keyword-link=\"linked\"  data-wpil-monitor-id=\"377\">paints<\/a> to textiles and beyond. Therefore, an increased demand for butane is expected as its necessity increases within the petrochemical industry.<\/li>\n\n\n\n<li>A medida que la poblaci\u00f3n mundial crece, particularmente en los pa\u00edses en desarrollo, se prev\u00e9 que aumente la demanda de GLP. Esta creciente necesidad provocar\u00e1 un aumento significativo en la investigaci\u00f3n de mercado del butano, ya que el butano es uno de los componentes principales del GLP.<\/li>\n\n\n\n<li>To foster a more sustainable butane market, companies are actively exploring the latest technologies and processes to lessen emissions and enhance sustainability. This shift towards greater sustainability is projected to continue and impact the <a href=\"https:\/\/www.sisinternational.com\/es\/biocombustibles-en-la-industria-aerea\/\" title=\"Investigaci\u00f3n de mercado de sostenibilidad de aerol\u00edneas\"  data-wpil-monitor-id=\"6848\">investigaci\u00f3n de mercado de butano<\/a> in forthcoming years.<\/li>\n\n\n\n<li>The butane market <a href=\"https:\/\/www.sisinternational.com\/es\/mercado-de-fmcg-en-vietnam\/\" title=\"Mercado de bienes de consumo en Vietnam\"  data-wpil-monitor-id=\"7595\">investigaci\u00f3n<\/a> is projected to skyrocket in emerging markets, particularly those situated in the Asia Pacific, Africa, and Middle East regions. Thus, companies are investing heavily in new production facilities as well as broadening their distribution channels.<\/li>\n<\/ul>\n\n\n\n<p>SIS International ofrece investigaci\u00f3n cuantitativa, cualitativa y estrat\u00e9gica. Proporcionamos datos, herramientas, estrategias, informes y insights para la toma de decisiones. Realizamos entrevistas, encuestas, grupos focales y muchos otros m\u00e9todos y enfoques de investigaci\u00f3n de mercado. Cont\u00e1ctenos para su pr\u00f3ximo proyecto de Investigaci\u00f3n de Mercado.<\/p>\n\n\n\n<p><\/p>","protected":false},"excerpt":{"rendered":"<p>El mercado del butano es una parte vital de la estructura energ\u00e9tica global y la demanda de butano ha crecido exponencialmente en todo el mundo.<\/p>","protected":false},"author":1,"featured_media":63925,"parent":14514,"menu_order":234,"comment_status":"closed","ping_status":"closed","template":"","meta":{"footnotes":""},"class_list":["post-42283","page","type-page","status-publish","has-post-thumbnail"],"_links":{"self":[{"href":"https:\/\/www.sisinternational.com\/es\/wp-json\/wp\/v2\/pages\/42283","targetHints":{"allow":["GET"]}}],"collection":[{"href":"https:\/\/www.sisinternational.com\/es\/wp-json\/wp\/v2\/pages"}],"about":[{"href":"https:\/\/www.sisinternational.com\/es\/wp-json\/wp\/v2\/types\/page"}],"author":[{"embeddable":true,"href":"https:\/\/www.sisinternational.com\/es\/wp-json\/wp\/v2\/users\/1"}],"replies":[{"embeddable":true,"href":"https:\/\/www.sisinternational.com\/es\/wp-json\/wp\/v2\/comments?post=42283"}],"version-history":[{"count":8,"href":"https:\/\/www.sisinternational.com\/es\/wp-json\/wp\/v2\/pages\/42283\/revisions"}],"predecessor-version":[{"id":81218,"href":"https:\/\/www.sisinternational.com\/es\/wp-json\/wp\/v2\/pages\/42283\/revisions\/81218"}],"up":[{"embeddable":true,"href":"https:\/\/www.sisinternational.com\/es\/wp-json\/wp\/v2\/pages\/14514"}],"wp:featuredmedia":[{"embeddable":true,"href":"https:\/\/www.sisinternational.com\/es\/wp-json\/wp\/v2\/media\/63925"}],"wp:attachment":[{"href":"https:\/\/www.sisinternational.com\/es\/wp-json\/wp\/v2\/media?parent=42283"}],"curies":[{"name":"wp","href":"https:\/\/api.w.org\/{rel}","templated":true}]}}