{"id":42278,"date":"2023-04-11T15:40:39","date_gmt":"2023-04-11T19:40:39","guid":{"rendered":"https:\/\/www.sisinternational.com\/?page_id=42278"},"modified":"2026-01-26T19:01:45","modified_gmt":"2026-01-27T00:01:45","slug":"investigacion-de-mercado-de-hoteles-boutique","status":"publish","type":"page","link":"https:\/\/www.sisinternational.com\/es\/pericia\/investigacion-de-mercado-de-hoteles-boutique\/","title":{"rendered":"Investigaci\u00f3n de mercado de hoteles boutique"},"content":{"rendered":"<h1 class=\"wp-block-heading\">Investigaci\u00f3n de mercado de hoteles boutique<\/h1>\n\n\n\n<figure class=\"gb-block-image gb-block-image-53ee1902\"><img loading=\"lazy\" decoding=\"async\" width=\"1456\" height=\"816\" class=\"gb-image gb-image-53ee1902\" src=\"https:\/\/www.sisinternational.com\/wp-content\/uploads\/2025\/08\/hotel-14.jpg\" alt=\"Investigaci\u00f3n y estrategia de mercado internacional de SIS\" title=\"hotel (14)\" srcset=\"https:\/\/www.sisinternational.com\/wp-content\/uploads\/2025\/08\/hotel-14.jpg 1456w, https:\/\/www.sisinternational.com\/wp-content\/uploads\/2025\/08\/hotel-14-300x168.jpg 300w, https:\/\/www.sisinternational.com\/wp-content\/uploads\/2025\/08\/hotel-14-1024x574.jpg 1024w, https:\/\/www.sisinternational.com\/wp-content\/uploads\/2025\/08\/hotel-14-768x430.jpg 768w, https:\/\/www.sisinternational.com\/wp-content\/uploads\/2025\/08\/hotel-14-18x10.jpg 18w\" sizes=\"auto, (max-width: 1456px) 100vw, 1456px\"><\/figure>\n\n\n\n<p><\/p>\n\n\n\n<p>Destacar en el sector de los hoteles boutique es m\u00e1s importante que nunca, ya que los gustos de los viajeros son cada vez m\u00e1s espec\u00edficos y la competencia aumenta. Por lo tanto, los hoteles boutique deben esforzarse por brindar una experiencia personalizada que tenga en cuenta las tendencias modernas y al mismo tiempo mantenga su atm\u00f3sfera elegante y sus comodidades de alta gama.<\/p>\n\n\n\n<p>The key to success lies not only in understanding what customers are searching for but also in being able to anticipate these needs before they arise. With boutique <a href=\"https:\/\/www.sisinternational.com\/es\/soluciones\/consultoria-de-hosteleria-y-turismo-en-viajes\/estudio-de-mercado-de-cadena-hotelera\/\" title=\"Investigaci\u00f3n de Mercado de Cadena Hotelera\"  data-wpil-monitor-id=\"3008\">investigaci\u00f3n de mercado hotelero<\/a>, hotels can maintain a competitive edge and thrive in this competitive industry.<\/p>\n\n\n\n<h2 class=\"wp-block-heading\">\u00bfQu\u00e9 es la investigaci\u00f3n de mercado de hoteles boutique?<\/h2>\n\n\n\n<p>Boutique <a href=\"https:\/\/www.sisinternational.com\/es\/pericia\/industrias\/estudio-de-mercado-de-mobiliario-hotelero\/\" title=\"Investigaci\u00f3n de mercado de muebles para hoteles\"  data-wpil-monitor-id=\"3834\">investigaci\u00f3n de mercado hotelero<\/a> helps businesses gain a competitive edge by uncovering valuable information about the industry such as consumer preferences, competition analysis, and emerging trends. This data is used to inform strategic decisions that fuel revenue growth, improve service offerings, and ultimately position businesses for success in this ever-evolving sector.<\/p>\n\n\n\n<p>Por <a href=\"https:\/\/www.sisinternational.com\/es\/pericia\/industrias\/investigacion-de-mercado-de-resina\/\" title=\"Investigaci\u00f3n de mercado de resina\"  data-wpil-monitor-id=\"3207\">researching the boutique hotel market<\/a>, companies can gain critical insights into customer demographics, tastes, and needs. Additionally, current trends in technology advancements, shifting consumer habits, and local economic conditions are gathered to identify potential areas of growth and development as well as ways to inform pricing schemes for maximum profitability.<\/p>\n\n\n\n<h2 class=\"wp-block-heading\">Importancia de la investigaci\u00f3n de mercado de hoteles boutique<\/h2>\n\n\n\n<p>Boutique <a href=\"https:\/\/www.sisinternational.com\/es\/pericia\/industrias\/investigacion-de-mercado-de-remodelacion-hotelera\/\" title=\"Investigaci\u00f3n de mercado de reurbanizaci\u00f3n hotelera\"  data-wpil-monitor-id=\"5703\">investigaci\u00f3n de mercado hotelero<\/a> equips entrepreneurs with a wealth of information about customer behavior and expectations. By collecting data on guest demographics, industry segmentation, as well as customer satisfaction surveys, boutique hotels gain invaluable knowledge which leads to improvement opportunities and improved decision-making in terms of pricing strategies and service offers.<\/p>\n\n\n\n<p>Furthermore, boutique <a href=\"https:\/\/www.sisinternational.com\/es\/pericia\/industrias\/encuesta-hotelera-investigacion-de-mercado\/\" title=\"Investigaci\u00f3n de mercado de encuestas hoteleras\"  data-wpil-monitor-id=\"7203\">investigaci\u00f3n de mercado hotelero<\/a> unveils the competitive environment, allowing hotel owners and investors to comprehend their standing in the industry and determine methods to make themselves stand out from other competitors in a business landscape dominated by players such as Ace Hotels, Kimpton Hotels, Morgans Hotel Group, and The Hoxton.<\/p>\n\n\n\n<p>Finalmente, la investigaci\u00f3n de mercado de hoteles boutique ayuda a desarrollar nuevos servicios, apuntar a segmentos exactos de clientes y adoptar tecnolog\u00edas de vanguardia para mejorar la experiencia de los hu\u00e9spedes.<\/p>\n\n\n\n<h2 class=\"wp-block-heading\">Tendencias de la industria hotelera boutique<\/h2>\n\n\n\n<p>A medida que los viajeros buscan experiencias m\u00e1s memorables y personalizadas, la industria de los hoteles boutique se est\u00e1 expandiendo r\u00e1pidamente. Los hoteles boutique son famosos por su atm\u00f3sfera elegante, dise\u00f1os distintivos, servicio amable y comodidades de lujo, todo lo cual ha sido cuidadosamente dise\u00f1ado para crear una estad\u00eda inolvidable.<\/p>\n\n\n\n<p>Por lo tanto, para seguir siendo competitivos, la investigaci\u00f3n de mercado de hoteles boutique se adapta constantemente para satisfacer los deseos actuales de los consumidores, responder a las condiciones cambiantes del mercado y aprovechar las tecnolog\u00edas avanzadas. Estas son algunas de estas \u00faltimas tendencias disruptivas:<\/p>\n\n\n\n<ul class=\"wp-block-list\">\n<li><strong>Personalizaci\u00f3n y personalizaci\u00f3n:<\/strong> Con el objetivo de ofrecer experiencias extraordinarias y personalizadas adaptadas a las necesidades y preferencias de los hu\u00e9spedes individuales, la industria de los hoteles boutique ha evolucionado enormemente. Desde registros personales y habitaciones personalizables hasta viajes locales seleccionados, estos hoteles est\u00e1n totalmente comprometidos a garantizar que sus visitantes cuenten con servicios \u00fanicos en todo momento.<\/li>\n\n\n\n<li><strong>Inmersi\u00f3n local y experiencias aut\u00e9nticas:<\/strong> Los hu\u00e9spedes que prefieren hoteles boutique buscan encuentros extraordinarios y aut\u00e9nticos que les permitan sumergirse en la cultura local. Como resultado, esta industria tiende a brindar a los visitantes experiencias personalizadas, como degustar delicias y bebidas regionales, realizar recorridos culturales o visitar exposiciones de arte.<\/li>\n\n\n\n<li><strong>Salud y Bienestar:<\/strong> A medida que las personas se vuelven cada vez m\u00e1s conscientes de su salud y bienestar, la industria de los hoteles boutique ha respondido de la misma manera, ofreciendo una variedad cada vez mayor de opciones de viajes de bienestar. Desde clases de yoga hasta selecciones de comidas saludables, estos servicios se est\u00e1n volviendo m\u00e1s populares entre los viajeros que priorizan un estilo de vida equilibrado mientras est\u00e1n fuera de casa.<\/li>\n<\/ul>\n\n\n\n<h2 class=\"wp-block-heading\">Investigaci\u00f3n de mercado de hoteles boutique: oportunidades y desaf\u00edos<\/h2>\n\n\n\n<p>Para quienes trabajan en el sector de hoteles boutique, la investigaci\u00f3n de mercado ofrece una serie de oportunidades y obst\u00e1culos. Algunas de estas principales oportunidades y desaf\u00edos que surgen al analizar la industria de hoteles boutique son las siguientes:<\/p>\n\n\n\n<h3 class=\"wp-block-heading\">Oportunidades<\/h3>\n\n\n\n<ul class=\"wp-block-list\">\n<li><strong>Identificaci\u00f3n del p\u00fablico objetivo:<\/strong> La investigaci\u00f3n de mercado de hoteles boutique es esencial para determinar el p\u00fablico objetivo y ajustar los servicios y ofertas de acuerdo con las necesidades de los clientes.<\/li>\n\n\n\n<li><strong>Mejorando la experiencia del hu\u00e9sped:<\/strong> La investigaci\u00f3n de mercado de hoteles boutique tambi\u00e9n ofrece a los hoteles la oportunidad de reconocer \u00e1reas en las que necesitan mejoras para ofrecer una experiencia extraordinaria, incluida la calidad del servicio, las comodidades, los servicios personalizados y m\u00e1s.<\/li>\n\n\n\n<li><strong>Developing effective <\/strong><a href=\"https:\/\/www.sisinternational.com\/es\/desarrollo-de-la-ciudad-de-hartford-connecticuts\/\" title=\"Investigaci\u00f3n de mercado en Hartford, Connecticut\"  data-wpil-monitor-id=\"1770\">marketing strategies: Boutique hotels<\/a> can capitalize on market research to craft tailored marketing campaigns that will truly speak to their target audience.<\/li>\n\n\n\n<li><strong>Expansi\u00f3n a nuevos mercados:<\/strong> Delving into boutique hotel market research can reveal opportunities for hotels to develop fresh services, <a href=\"https:\/\/www.sisinternational.com\/es\/soluciones\/grupos-de-enfoque\/focus-groups-in-the-uk\/\" title=\"Focus Groups in the uk\"  data-wpil-monitor-id=\"1376\">focus on particular demographic groups<\/a>, and even expand into new areas.<\/li>\n<\/ul>\n\n\n\n<h3 class=\"wp-block-heading\">Desaf\u00edos<\/h3>\n\n\n\n<ul class=\"wp-block-list\">\n<li><strong>Competencia de alojamientos alternativos y nuevos entrantes:<\/strong> A medida que m\u00e1s y m\u00e1s plataformas de viviendas compartidas, alquileres vacacionales y nuevos participantes ingresan al mercado, los hoteles boutique se ven en apuros para enfrentar un panorama competitivo en constante crecimiento.<\/li>\n\n\n\n<li><strong>Volatilidad econ\u00f3mica e incertidumbres del mercado:<\/strong> Las condiciones econ\u00f3micas cambiantes y la volatilidad del mercado pueden reducir significativamente la demanda y los ingresos de la industria de los hoteles boutique.<\/li>\n\n\n\n<li><strong>Mantener la diferenciaci\u00f3n y reputaci\u00f3n de la marca:<\/strong> Con el aumento de los hoteles boutique, destacar entre la competencia y mantener una reputaci\u00f3n de alto nivel puede resultar dif\u00edcil. Por lo tanto, los hoteles boutique deben mantenerse actualizados y mantener una propuesta de valor bien definida y una marca que resuene con su p\u00fablico objetivo.<\/li>\n<\/ul>\n\n\n\n<h2 class=\"wp-block-heading\">Perspectivas y predicciones futuras para la industria hotelera boutique.<\/h2>\n\n\n\n<p>Impulsada por la investigaci\u00f3n de mercado de los hoteles boutique y la evoluci\u00f3n de las preferencias de los consumidores, la industria de los hoteles boutique est\u00e1 preparada para experimentar un crecimiento notable en los pr\u00f3ximos a\u00f1os. He aqu\u00ed un vistazo a lo que las empresas pueden esperar de este floreciente sector:<\/p>\n\n\n\n<ul class=\"wp-block-list\">\n<li><strong>Crecimiento continuo:<\/strong> La industria de los hoteles boutique est\u00e1 preparada para un crecimiento continuo, particularmente en Asia-Pac\u00edfico y Medio Oriente. Gracias al aumento de los ingresos disponibles, un mayor apetito por las experiencias de viaje y una predilecci\u00f3n por estancias vacacionales \u00fanicas y hechas a medida, es probable que este sector experimente un auge en el futuro cercano.<\/li>\n\n\n\n<li><strong>Integraci\u00f3n de la sostenibilidad:<\/strong> Los consumidores son cada vez m\u00e1s conscientes de la sostenibilidad, lo que implica que los hoteles boutique deben seguir adoptando pr\u00e1cticas sostenibles como el uso de materiales ecol\u00f3gicos y la reducci\u00f3n del consumo de energ\u00eda.<\/li>\n\n\n\n<li><strong>Experiencias personalizadas:<\/strong> Los hu\u00e9spedes de hoteles boutique buscan experiencias exclusivas y personalizadas que se adapten a sus necesidades exactas. Se espera que la industria de los hoteles boutique aproveche los datos y la tecnolog\u00eda para brindar servicios y ofertas a\u00fan m\u00e1s personalizados.<\/li>\n\n\n\n<li><strong>Aumento de los viajes experienciales:<\/strong> Se prev\u00e9 que el \u00e9xito de los viajes experienciales persista, con hoteles boutique que ofrecen encuentros locales exclusivos, exploraciones culturales y actividades poco comunes.<\/li>\n<\/ul>\n\n\n\n<p>SIS International ofrece investigaci\u00f3n cuantitativa, cualitativa y estrat\u00e9gica. Proporcionamos datos, herramientas, estrategias, informes y insights para la toma de decisiones. Realizamos entrevistas, encuestas, grupos focales y muchos otros m\u00e9todos y enfoques de investigaci\u00f3n de mercado. Cont\u00e1ctenos para su pr\u00f3ximo proyecto de Investigaci\u00f3n de Mercado.<\/p>","protected":false},"excerpt":{"rendered":"<p>La investigaci\u00f3n de mercado de hoteles boutique ayuda a las empresas a obtener una ventaja al analizar las preferencias de los consumidores, el an\u00e1lisis de la competencia y las tendencias emergentes.<\/p>","protected":false},"author":1,"featured_media":63514,"parent":14514,"menu_order":233,"comment_status":"closed","ping_status":"closed","template":"","meta":{"footnotes":""},"class_list":["post-42278","page","type-page","status-publish","has-post-thumbnail"],"_links":{"self":[{"href":"https:\/\/www.sisinternational.com\/es\/wp-json\/wp\/v2\/pages\/42278","targetHints":{"allow":["GET"]}}],"collection":[{"href":"https:\/\/www.sisinternational.com\/es\/wp-json\/wp\/v2\/pages"}],"about":[{"href":"https:\/\/www.sisinternational.com\/es\/wp-json\/wp\/v2\/types\/page"}],"author":[{"embeddable":true,"href":"https:\/\/www.sisinternational.com\/es\/wp-json\/wp\/v2\/users\/1"}],"replies":[{"embeddable":true,"href":"https:\/\/www.sisinternational.com\/es\/wp-json\/wp\/v2\/comments?post=42278"}],"version-history":[{"count":10,"href":"https:\/\/www.sisinternational.com\/es\/wp-json\/wp\/v2\/pages\/42278\/revisions"}],"predecessor-version":[{"id":80766,"href":"https:\/\/www.sisinternational.com\/es\/wp-json\/wp\/v2\/pages\/42278\/revisions\/80766"}],"up":[{"embeddable":true,"href":"https:\/\/www.sisinternational.com\/es\/wp-json\/wp\/v2\/pages\/14514"}],"wp:featuredmedia":[{"embeddable":true,"href":"https:\/\/www.sisinternational.com\/es\/wp-json\/wp\/v2\/media\/63514"}],"wp:attachment":[{"href":"https:\/\/www.sisinternational.com\/es\/wp-json\/wp\/v2\/media?parent=42278"}],"curies":[{"name":"wp","href":"https:\/\/api.w.org\/{rel}","templated":true}]}}